{"id":30943,"date":"2024-01-09T06:26:11","date_gmt":"2024-01-09T06:26:11","guid":{"rendered":"https:\/\/rollingringdrives.com\/?post_type=product&#038;p=30943"},"modified":"2025-07-07T06:11:16","modified_gmt":"2025-07-07T06:11:16","slug":"add-heavy-drum-take-up-machine","status":"publish","type":"product","link":"https:\/\/rollingringdrives.com\/es\/producto\/agregar-maquina-de-recogida-de-tambores-pesados\/","title":{"rendered":"Agregar m\u00e1quina de recogida de tambores pesados"},"content":{"rendered":"<h3><strong>Descripci\u00f3n<\/strong><\/h3>\n<p><strong>La m\u00e1quina de recogida de tambores pesados<\/strong> est\u00e1 dise\u00f1ado para enrollar f\u00e1cilmente varias bobinas con orificios interiores. La m\u00e1quina est\u00e1 construida con acero cuadrado, lo que la hace resistente y duradera. Se incluye el gabinete de distribuci\u00f3n de energ\u00eda, que consta de una fuente de alimentaci\u00f3n y un convertidor de frecuencia. La m\u00e1quina tiene cuatro ojos de tornillo de expansi\u00f3n fijos en la parte inferior y un dispositivo antideslizante en la parte superior que puede soportar hasta 150 kg. Los accionamientos de precisi\u00f3n del anillo rodante garantizan la precisi\u00f3n del proceso de bobinado, lo que lo convierte en el complemento perfecto para cualquier l\u00ednea de producci\u00f3n.<\/p>\n<div id=\"footable_parent_30945\"\n         class=\"footable_parent ninja_table_wrapper loading_ninja_table wp_table_data_press_parent semantic_ui\">\n                <table data-ninja_table_instance=\"ninja_table_instance_0\" data-footable_id=\"30945\" data-filter-delay=\"1000\" aria-label=\"\u52a0\u91cd\u578b\u6536\u7ebf\u673a.csv\"            id=\"footable_30945\"\n           data-unique_identifier=\"ninja_table_unique_id_1083966303_30945\"\n           class=\"foo-table ninja_footable foo_table_30945 ninja_table_unique_id_1083966303_30945 ui table  nt_type_legacy_table selectable striped vertical_centered  footable-paging-right ninja_table_pro\">\n                <colgroup>\n                            <col class=\"ninja_column_0\">\n                            <col class=\"ninja_column_1\">\n                    <\/colgroup>\n        <thead>\n<tr class=\"footable-header\">\n                                        <th scope=\"col\"  class=\"ninja_column_0 ninja_clmn_nm_parameter\">Par\u00e1metro<\/th><th scope=\"col\"  class=\"ninja_column_1 ninja_clmn_nm_value\">Valor<\/th><\/tr>\n<\/thead>\n<tbody>\n\n        <tr data-row_id=\"1682\" class=\"ninja_table_row_0 nt_row_id_1682\">\n            <td>m\u00e9todo de disposici\u00f3n de cables<\/td><td>accionamiento de anillo rodante<\/td>        <\/tr>\n            <tr data-row_id=\"1683\" class=\"ninja_table_row_1 nt_row_id_1683\">\n            <td>fuerza de motor<\/td><td>Motor ordinario de 2,2 KW<\/td>        <\/tr>\n            <tr data-row_id=\"1684\" class=\"ninja_table_row_2 nt_row_id_1684\">\n            <td>velocidad del motor<\/td><td>400P\/minuto<\/td>        <\/tr>\n            <tr data-row_id=\"1685\" class=\"ninja_table_row_3 nt_row_id_1685\">\n            <td>funci\u00f3n de ajuste de velocidad<\/td><td>convertidor de frecuencia<\/td>        <\/tr>\n            <tr data-row_id=\"1686\" class=\"ninja_table_row_4 nt_row_id_1686\">\n            <td>carrete de cable de carga<\/td><td>150 kilos<\/td>        <\/tr>\n    <\/tbody><!--ninja_tobody_rendering_done-->\n    <\/table>\n    \n    \n    \n<\/div>\n\n<h2 id=\"2-eael-table-of-content\" class=\"xsj_heading_hash xsj_heading xsj_heading_h2 eael-heading-content\" data-source-line=\"2\" data-source-line-display=\"true\"><span class=\"xsj_heading_content\">Aplicaciones:<\/span><\/h2>\n<p class=\"xsj_paragraph xsj_paragraph_level_0\" data-source-line=\"4\" data-source-line-display=\"true\"><strong>La m\u00e1quina de recogida de tambores pesados<\/strong> Se puede utilizar en diversas industrias, como la el\u00e9ctrica, textil y automotriz. Es ideal para bobinar diferentes bobinas con orificios interiores, lo que lo convierte en el complemento perfecto para cualquier l\u00ednea de producci\u00f3n.<\/p>","protected":false},"excerpt":{"rendered":"<h2 id=\"1-eael-table-of-content\" class=\"xsj_heading_hash xsj_heading xsj_heading_h2 eael-heading-content\" data-source-line=\"2\" data-source-line-display=\"true\"><span class=\"xsj_heading_content\">Caracter\u00edsticas:<\/span><\/h2>\n<ol class=\"markdown_ol\" data-source-line=\"4\">\n<li data-source-line=\"5\">Velocidad ajustable con opciones de personalizaci\u00f3n.<\/li>\n<li data-source-line=\"6\">Cuatro ojos de tornillo de expansi\u00f3n fijos en la parte inferior.<\/li>\n<li data-source-line=\"7\">Dispositivo antideslizante en la parte superior que puede soportar hasta 150 kg.<\/li>\n<li data-source-line=\"8\">Accionamientos de anillo rodante de precisi\u00f3n para un bobinado preciso.<\/li>\n<\/ol>\n<p><strong>Opcional:<\/strong><\/p>\n<p>1.contador de metros: calcula el n\u00famero de metros<\/p>\n<p>2.embrague de polvo magn\u00e9tico: la velocidad del cable permanece constante<\/p>\n<p>&nbsp;<\/p>","protected":false},"featured_media":30947,"template":"","meta":{"site-sidebar-layout":"default","site-content-layout":"default","ast-global-header-display":"","ast-banner-title-visibility":"","ast-main-header-display":"","ast-hfb-above-header-display":"","ast-hfb-below-header-display":"","ast-hfb-mobile-header-display":"","site-post-title":"","ast-breadcrumbs-content":"","ast-featured-img":"","footer-sml-layout":"","theme-transparent-header-meta":"default","adv-header-id-meta":"","stick-header-meta":"","header-above-stick-meta":"","header-main-stick-meta":"","header-below-stick-meta":""},"product_brand":[],"product_cat":[51,150],"product_tag":[],"class_list":{"0":"post-30943","1":"product","2":"type-product","3":"status-publish","4":"has-post-thumbnail","6":"product_cat-wire-take-up-machine","7":"product_cat-shaft-type-wire-take-up-machine","8":"desktop-align-left","9":"tablet-align-left","10":"mobile-align-left","12":"first","13":"instock","14":"shipping-taxable","15":"product-type-simple"},"yoast_head":"<!-- This site is optimized with the Yoast SEO Premium plugin v20.12 (Yoast SEO v26.0) - https:\/\/yoast.com\/wordpress\/plugins\/seo\/ -->\n<title>Add Heavy Drum Take up Machine - QiPang<\/title>\n<meta name=\"robots\" content=\"index, follow, max-snippet:-1, max-image-preview:large, max-video-preview:-1\" \/>\n<link rel=\"canonical\" href=\"https:\/\/rollingringdrives.com\/es\/producto\/agregar-maquina-de-recogida-de-tambores-pesados\/\" \/>\n<meta property=\"og:locale\" content=\"es_MX\" \/>\n<meta property=\"og:type\" content=\"article\" \/>\n<meta property=\"og:title\" content=\"Add Heavy Drum Take up Machine\" \/>\n<meta property=\"og:description\" content=\"Features:   Adjustable speed with customization options.  Four fixed expansion screw eyes at the bottom.  Anti-slip device at the top that can bear up to 150 kg.  Precision rolling ring drives for accurate winding.  Optional:  1.counter meter: calculate the number of meters  2.magnetic powder clutch: cable speed remains constant  &nbsp;\" \/>\n<meta property=\"og:url\" content=\"https:\/\/rollingringdrives.com\/es\/producto\/agregar-maquina-de-recogida-de-tambores-pesados\/\" \/>\n<meta property=\"og:site_name\" content=\"QiPang\" \/>\n<meta property=\"article:modified_time\" content=\"2025-07-07T06:11:16+00:00\" \/>\n<meta property=\"og:image\" content=\"https:\/\/rollingringdrives.com\/wp-content\/uploads\/2024\/01\/3\uff0c500\u52a0\u91cd_\u526f\u672c.jpg\" \/>\n\t<meta property=\"og:image:width\" content=\"600\" \/>\n\t<meta property=\"og:image:height\" content=\"600\" \/>\n\t<meta property=\"og:image:type\" content=\"image\/jpeg\" \/>\n<meta name=\"twitter:card\" content=\"summary_large_image\" \/>\n<meta name=\"twitter:label1\" content=\"Tiempo de lectura\" \/>\n\t<meta name=\"twitter:data1\" content=\"1 minuto\" \/>\n<script type=\"application\/ld+json\" class=\"yoast-schema-graph\">{\"@context\":\"https:\/\/schema.org\",\"@graph\":[{\"@type\":\"WebPage\",\"@id\":\"https:\/\/rollingringdrives.com\/product\/add-heavy-drum-take-up-machine\/\",\"url\":\"https:\/\/rollingringdrives.com\/product\/add-heavy-drum-take-up-machine\/\",\"name\":\"Add Heavy Drum Take up Machine - QiPang\",\"isPartOf\":{\"@id\":\"https:\/\/rollingringdrives.com\/#website\"},\"primaryImageOfPage\":{\"@id\":\"https:\/\/rollingringdrives.com\/product\/add-heavy-drum-take-up-machine\/#primaryimage\"},\"image\":{\"@id\":\"https:\/\/rollingringdrives.com\/product\/add-heavy-drum-take-up-machine\/#primaryimage\"},\"thumbnailUrl\":\"https:\/\/rollingringdrives.com\/wp-content\/uploads\/2024\/01\/3\uff0c500\u52a0\u91cd_\u526f\u672c.jpg\",\"datePublished\":\"2024-01-09T06:26:11+00:00\",\"dateModified\":\"2025-07-07T06:11:16+00:00\",\"breadcrumb\":{\"@id\":\"https:\/\/rollingringdrives.com\/product\/add-heavy-drum-take-up-machine\/#breadcrumb\"},\"inLanguage\":\"es\",\"potentialAction\":[{\"@type\":\"ReadAction\",\"target\":[\"https:\/\/rollingringdrives.com\/product\/add-heavy-drum-take-up-machine\/\"]}]},{\"@type\":\"ImageObject\",\"inLanguage\":\"es\",\"@id\":\"https:\/\/rollingringdrives.com\/product\/add-heavy-drum-take-up-machine\/#primaryimage\",\"url\":\"https:\/\/rollingringdrives.com\/wp-content\/uploads\/2024\/01\/3\uff0c500\u52a0\u91cd_\u526f\u672c.jpg\",\"contentUrl\":\"https:\/\/rollingringdrives.com\/wp-content\/uploads\/2024\/01\/3\uff0c500\u52a0\u91cd_\u526f\u672c.jpg\",\"width\":600,\"height\":600,\"caption\":\"Reel take up Machine\"},{\"@type\":\"BreadcrumbList\",\"@id\":\"https:\/\/rollingringdrives.com\/product\/add-heavy-drum-take-up-machine\/#breadcrumb\",\"itemListElement\":[{\"@type\":\"ListItem\",\"position\":1,\"name\":\"Home\",\"item\":\"https:\/\/rollingringdrives.com\/\"},{\"@type\":\"ListItem\",\"position\":2,\"name\":\"Machines\",\"item\":\"https:\/\/rollingringdrives.com\/machines\/\"},{\"@type\":\"ListItem\",\"position\":3,\"name\":\"Add Heavy Drum Take up Machine\"}]},{\"@type\":\"WebSite\",\"@id\":\"https:\/\/rollingringdrives.com\/#website\",\"url\":\"https:\/\/rollingringdrives.com\/\",\"name\":\"QiPang\",\"description\":\"QiPang Blog\",\"publisher\":{\"@id\":\"https:\/\/rollingringdrives.com\/#organization\"},\"potentialAction\":[{\"@type\":\"SearchAction\",\"target\":{\"@type\":\"EntryPoint\",\"urlTemplate\":\"https:\/\/rollingringdrives.com\/?s={search_term_string}\"},\"query-input\":{\"@type\":\"PropertyValueSpecification\",\"valueRequired\":true,\"valueName\":\"search_term_string\"}}],\"inLanguage\":\"es\"},{\"@type\":\"Organization\",\"@id\":\"https:\/\/rollingringdrives.com\/#organization\",\"name\":\"QiPang\",\"url\":\"https:\/\/rollingringdrives.com\/\",\"logo\":{\"@type\":\"ImageObject\",\"inLanguage\":\"es\",\"@id\":\"https:\/\/rollingringdrives.com\/#\/schema\/logo\/image\/\",\"url\":\"https:\/\/rollingringdrives.com\/wp-content\/uploads\/2023\/05\/cropped-\u672a\u547d\u540d\u7684\u8bbe\u8ba1.png\",\"contentUrl\":\"https:\/\/rollingringdrives.com\/wp-content\/uploads\/2023\/05\/cropped-\u672a\u547d\u540d\u7684\u8bbe\u8ba1.png\",\"width\":300,\"height\":191,\"caption\":\"QiPang\"},\"image\":{\"@id\":\"https:\/\/rollingringdrives.com\/#\/schema\/logo\/image\/\"}}]}<\/script>\n<!-- \/ Yoast SEO Premium plugin. -->","yoast_head_json":{"title":"Agregar m\u00e1quina de recogida de tambores pesados - QiPang","robots":{"index":"index","follow":"follow","max-snippet":"max-snippet:-1","max-image-preview":"max-image-preview:large","max-video-preview":"max-video-preview:-1"},"canonical":"https:\/\/rollingringdrives.com\/es\/producto\/agregar-maquina-de-recogida-de-tambores-pesados\/","og_locale":"es_MX","og_type":"article","og_title":"Add Heavy Drum Take up Machine","og_description":"Features:   Adjustable speed with customization options.  Four fixed expansion screw eyes at the bottom.  Anti-slip device at the top that can bear up to 150 kg.  Precision rolling ring drives for accurate winding.  Optional:  1.counter meter: calculate the number of meters  2.magnetic powder clutch: cable speed remains constant  &nbsp;","og_url":"https:\/\/rollingringdrives.com\/es\/producto\/agregar-maquina-de-recogida-de-tambores-pesados\/","og_site_name":"QiPang","article_modified_time":"2025-07-07T06:11:16+00:00","og_image":[{"width":600,"height":600,"url":"https:\/\/rollingringdrives.com\/wp-content\/uploads\/2024\/01\/3\uff0c500\u52a0\u91cd_\u526f\u672c.jpg","type":"image\/jpeg"}],"twitter_card":"summary_large_image","twitter_misc":{"Tiempo de lectura":"1 minuto"},"schema":{"@context":"https:\/\/schema.org","@graph":[{"@type":"WebPage","@id":"https:\/\/rollingringdrives.com\/product\/add-heavy-drum-take-up-machine\/","url":"https:\/\/rollingringdrives.com\/product\/add-heavy-drum-take-up-machine\/","name":"Agregar m\u00e1quina de recogida de tambores pesados - QiPang","isPartOf":{"@id":"https:\/\/rollingringdrives.com\/#website"},"primaryImageOfPage":{"@id":"https:\/\/rollingringdrives.com\/product\/add-heavy-drum-take-up-machine\/#primaryimage"},"image":{"@id":"https:\/\/rollingringdrives.com\/product\/add-heavy-drum-take-up-machine\/#primaryimage"},"thumbnailUrl":"https:\/\/rollingringdrives.com\/wp-content\/uploads\/2024\/01\/3\uff0c500\u52a0\u91cd_\u526f\u672c.jpg","datePublished":"2024-01-09T06:26:11+00:00","dateModified":"2025-07-07T06:11:16+00:00","breadcrumb":{"@id":"https:\/\/rollingringdrives.com\/product\/add-heavy-drum-take-up-machine\/#breadcrumb"},"inLanguage":"es","potentialAction":[{"@type":"ReadAction","target":["https:\/\/rollingringdrives.com\/product\/add-heavy-drum-take-up-machine\/"]}]},{"@type":"ImageObject","inLanguage":"es","@id":"https:\/\/rollingringdrives.com\/product\/add-heavy-drum-take-up-machine\/#primaryimage","url":"https:\/\/rollingringdrives.com\/wp-content\/uploads\/2024\/01\/3\uff0c500\u52a0\u91cd_\u526f\u672c.jpg","contentUrl":"https:\/\/rollingringdrives.com\/wp-content\/uploads\/2024\/01\/3\uff0c500\u52a0\u91cd_\u526f\u672c.jpg","width":600,"height":600,"caption":"Reel take up Machine"},{"@type":"BreadcrumbList","@id":"https:\/\/rollingringdrives.com\/product\/add-heavy-drum-take-up-machine\/#breadcrumb","itemListElement":[{"@type":"ListItem","position":1,"name":"Home","item":"https:\/\/rollingringdrives.com\/"},{"@type":"ListItem","position":2,"name":"Machines","item":"https:\/\/rollingringdrives.com\/machines\/"},{"@type":"ListItem","position":3,"name":"Add Heavy Drum Take up Machine"}]},{"@type":"WebSite","@id":"https:\/\/rollingringdrives.com\/#website","url":"https:\/\/rollingringdrives.com\/","name":"Qi Pang","description":"Blog QiPang","publisher":{"@id":"https:\/\/rollingringdrives.com\/#organization"},"potentialAction":[{"@type":"SearchAction","target":{"@type":"EntryPoint","urlTemplate":"https:\/\/rollingringdrives.com\/?s={search_term_string}"},"query-input":{"@type":"PropertyValueSpecification","valueRequired":true,"valueName":"search_term_string"}}],"inLanguage":"es"},{"@type":"Organization","@id":"https:\/\/rollingringdrives.com\/#organization","name":"Qi Pang","url":"https:\/\/rollingringdrives.com\/","logo":{"@type":"ImageObject","inLanguage":"es","@id":"https:\/\/rollingringdrives.com\/#\/schema\/logo\/image\/","url":"https:\/\/rollingringdrives.com\/wp-content\/uploads\/2023\/05\/cropped-\u672a\u547d\u540d\u7684\u8bbe\u8ba1.png","contentUrl":"https:\/\/rollingringdrives.com\/wp-content\/uploads\/2023\/05\/cropped-\u672a\u547d\u540d\u7684\u8bbe\u8ba1.png","width":300,"height":191,"caption":"QiPang"},"image":{"@id":"https:\/\/rollingringdrives.com\/#\/schema\/logo\/image\/"}}]}},"_links":{"self":[{"href":"https:\/\/rollingringdrives.com\/es\/wp-json\/wp\/v2\/product\/30943","targetHints":{"allow":["GET"]}}],"collection":[{"href":"https:\/\/rollingringdrives.com\/es\/wp-json\/wp\/v2\/product"}],"about":[{"href":"https:\/\/rollingringdrives.com\/es\/wp-json\/wp\/v2\/types\/product"}],"version-history":[{"count":0,"href":"https:\/\/rollingringdrives.com\/es\/wp-json\/wp\/v2\/product\/30943\/revisions"}],"wp:featuredmedia":[{"embeddable":true,"href":"https:\/\/rollingringdrives.com\/es\/wp-json\/wp\/v2\/media\/30947"}],"wp:attachment":[{"href":"https:\/\/rollingringdrives.com\/es\/wp-json\/wp\/v2\/media?parent=30943"}],"wp:term":[{"taxonomy":"product_brand","embeddable":true,"href":"https:\/\/rollingringdrives.com\/es\/wp-json\/wp\/v2\/product_brand?post=30943"},{"taxonomy":"product_cat","embeddable":true,"href":"https:\/\/rollingringdrives.com\/es\/wp-json\/wp\/v2\/product_cat?post=30943"},{"taxonomy":"product_tag","embeddable":true,"href":"https:\/\/rollingringdrives.com\/es\/wp-json\/wp\/v2\/product_tag?post=30943"}],"curies":[{"name":"wp","href":"https:\/\/api.w.org\/{rel}","templated":true}]}}