{"id":31002,"date":"2024-01-11T06:27:54","date_gmt":"2024-01-11T06:27:54","guid":{"rendered":"https:\/\/rollingringdrives.com\/?post_type=product&#038;p=31002"},"modified":"2025-07-07T06:04:37","modified_gmt":"2025-07-07T06:04:37","slug":"qp500-drums-cable-winding-machine","status":"publish","type":"product","link":"https:\/\/rollingringdrives.com\/es\/producto\/maquina-bobinadora-de-cable-de-tambores-qp500\/","title":{"rendered":"M\u00e1quina bobinadora de cables para tambores QP500"},"content":{"rendered":"<p>La m\u00e1quina bobinadora de cables para tambores QP500 es un equipo vers\u00e1til dise\u00f1ado para bobinar bobinas de menos de 500 mm. Viene con un marco de base cuadrado de acero que soporta el vital ancho interior de 330 mm. La m\u00e1quina tiene un motor de 370 Watts y un dispositivo de sujeci\u00f3n manual con 1 par de tapas. La fuente de alimentaci\u00f3n y el convertidor de frecuencia est\u00e1n alojados en el gabinete de distribuci\u00f3n de energ\u00eda, lo que facilita el control de la velocidad de la m\u00e1quina, que se puede ajustar entre 10 y 1400 rpm. Los cuatro ojos de tornillo de expansi\u00f3n fijos en la parte inferior mantienen la m\u00e1quina estable y el dispositivo antideslizante en la parte superior garantiza que el proceso de bobinado sea suave y seguro.<\/p>\n<div id=\"footable_parent_26390\"\n         class=\"footable_parent ninja_table_wrapper loading_ninja_table wp_table_data_press_parent semantic_ui\">\n                <table data-ninja_table_instance=\"ninja_table_instance_0\" data-footable_id=\"26390\" data-filter-delay=\"1000\" aria-label=\"8\u65b0\u5efa2 XL2dSX \u5de5\u4f5c\u8868 (2).csv\"            id=\"footable_26390\"\n           data-unique_identifier=\"ninja_table_unique_id_1633032861_26390\"\n           class=\"foo-table ninja_footable foo_table_26390 ninja_table_unique_id_1633032861_26390 ui table  nt_type_legacy_table selectable striped vertical_centered  footable-paging-right ninja_table_search_disabled ninja_table_pro\">\n                <colgroup>\n                            <col class=\"ninja_column_0\">\n                            <col class=\"ninja_column_1\">\n                    <\/colgroup>\n        <thead>\n<tr class=\"footable-header\">\n                                        <th scope=\"col\"  class=\"ninja_column_0 ninja_clmn_nm_parameter\">Par\u00e1metro<\/th><th scope=\"col\"  class=\"ninja_column_1 ninja_clmn_nm_value\">Valor<\/th><\/tr>\n<\/thead>\n<tbody>\n\n        <tr data-row_id=\"422\" class=\"ninja_table_row_0 nt_row_id_422\">\n            <td>Configuraci\u00f3n est\u00e1ndar<\/td><td><\/td>        <\/tr>\n            <tr data-row_id=\"423\" class=\"ninja_table_row_1 nt_row_id_423\">\n            <td>Bastidor de base<\/td><td>Acero cuadrado, vital para bobinas de menos de 500 mm, ancho interior de 330 mm<\/td>        <\/tr>\n            <tr data-row_id=\"424\" class=\"ninja_table_row_2 nt_row_id_424\">\n            <td>Motor<\/td><td>Un motor, 370 Watts<\/td>        <\/tr>\n            <tr data-row_id=\"425\" class=\"ninja_table_row_3 nt_row_id_425\">\n            <td>Dispositivo de sujeci\u00f3n manual<\/td><td>1 par de blusas<\/td>        <\/tr>\n            <tr data-row_id=\"426\" class=\"ninja_table_row_4 nt_row_id_426\">\n            <td>Gabinete de distribuci\u00f3n de energ\u00eda<\/td><td>Incluye fuente de alimentaci\u00f3n y convertidor de frecuencia.<\/td>        <\/tr>\n            <tr data-row_id=\"427\" class=\"ninja_table_row_5 nt_row_id_427\">\n            <td>Velocidad ajustable<\/td><td>10-1400 rpm<\/td>        <\/tr>\n            <tr data-row_id=\"428\" class=\"ninja_table_row_6 nt_row_id_428\">\n            <td>Ojos de tornillo de expansi\u00f3n fija<\/td><td>4 piezas en la parte inferior<\/td>        <\/tr>\n            <tr data-row_id=\"429\" class=\"ninja_table_row_7 nt_row_id_429\">\n            <td>Dispositivo antideslizante<\/td><td>S\u00ed<\/td>        <\/tr>\n            <tr data-row_id=\"430\" class=\"ninja_table_row_8 nt_row_id_430\">\n            <td>Accionamientos de anillos rodantes de precisi\u00f3n<\/td><td>S\u00ed<\/td>        <\/tr>\n            <tr data-row_id=\"431\" class=\"ninja_table_row_9 nt_row_id_431\">\n            <td>Fuerza<\/td><td>220V (otros disponibles)<\/td>        <\/tr>\n            <tr data-row_id=\"432\" class=\"ninja_table_row_10 nt_row_id_432\">\n            <td>Configuraci\u00f3n seleccionable<\/td><td><\/td>        <\/tr>\n            <tr data-row_id=\"433\" class=\"ninja_table_row_11 nt_row_id_433\">\n            <td>Metro<\/td><td>Opci\u00f3n: establezca el n\u00famero de medidores para detener y alarma<\/td>        <\/tr>\n            <tr data-row_id=\"434\" class=\"ninja_table_row_12 nt_row_id_434\">\n            <td>reductor<\/td><td>Opci\u00f3n: Recomendado para instalaci\u00f3n por debajo de 800 rpm<\/td>        <\/tr>\n            <tr data-row_id=\"435\" class=\"ninja_table_row_13 nt_row_id_435\">\n            <td>Cubierta protectora<\/td><td>Opci\u00f3n: Proporciona seguridad adicional<\/td>        <\/tr>\n            <tr data-row_id=\"436\" class=\"ninja_table_row_14 nt_row_id_436\">\n            <td>Dispositivo de tensi\u00f3n de polvo magn\u00e9tico<\/td><td>Opci\u00f3n: Para igualar la l\u00ednea de producci\u00f3n para una velocidad constante y evitar la tensi\u00f3n del cable<\/td>        <\/tr>\n    <\/tbody><!--ninja_tobody_rendering_done-->\n    <\/table>\n    \n    \n    \n<\/div>\n\n<h2 id=\"2-eael-table-of-content\" class=\"xsj_heading_hash xsj_heading xsj_heading_h2 eael-heading-content\" data-source-line=\"2\" data-source-line-display=\"true\"><span class=\"xsj_heading_content\">Aplicaciones:<\/span><\/h2>\n<p class=\"xsj_paragraph xsj_paragraph_level_0\" data-source-line=\"4\" data-source-line-display=\"true\">La m\u00e1quina de bobinado horizontal 500 es ideal para bobinar bobinas de menos de 500 mm. Es beneficioso en varias industrias, como la industria electr\u00f3nica, el\u00e9ctrica y automotriz, donde se requiere el bobinado de bobinas m\u00e1s peque\u00f1as. Esta m\u00e1quina tambi\u00e9n se puede utilizar en la industria del pl\u00e1stico y el caucho para enrollar pel\u00edculas y l\u00e1minas.<\/p>\n<h2 id=\"3-eael-table-of-content\" class=\"xsj_heading_hash xsj_heading xsj_heading_h2 eael-heading-content\" data-source-line=\"6\" data-source-line-display=\"true\"><span class=\"xsj_heading_content\">Preguntas frecuentes:<\/span><\/h2>\n<div class=\"xiaoshujiang_element xsj_anchor\"><a class=\"blank_anchor_name\" name=\"120what20is20the20maximum20size20of20the20bobbin20that20this20machine20can20wind_3\"><\/a><a id=\"120what20is20the20maximum20size20of20the20bobbin20that20this20machine20can20wind_3\" class=\"blank_anchor_id\"><\/a><a class=\"blank_anchor_name\" name=\"1-what-is-the-maximum-size-of-the-bobbin-that-this-machine-can-wind\"><\/a><a id=\"1-what-is-the-maximum-size-of-the-bobbin-that-this-machine-can-wind\" class=\"blank_anchor_id\"><\/a><\/div>\n<h4 id=\"4-eael-table-of-content\" class=\"xsj_heading_hash xsj_heading xsj_heading_h4 eael-heading-content\" data-source-line=\"8\" data-source-line-display=\"true\"><span class=\"xsj_heading_content\">1. \u00bfCu\u00e1l es el tama\u00f1o m\u00e1ximo de bobina que puede devanar esta m\u00e1quina?<\/span><\/h4>\n<p class=\"xsj_paragraph xsj_paragraph_level_0\" data-source-line=\"10\" data-source-line-display=\"true\">Respuesta: La m\u00e1quina est\u00e1 dise\u00f1ada para bobinar bobinas de menos de 500 mm.<\/p>\n<div class=\"xiaoshujiang_element xsj_anchor\"><a class=\"blank_anchor_name\" name=\"220can20i20adjust20the20speed20of20the20machine_4\"><\/a><a id=\"220can20i20adjust20the20speed20of20the20machine_4\" class=\"blank_anchor_id\"><\/a><a class=\"blank_anchor_name\" name=\"2-can-i-adjust-the-speed-of-the-machine\"><\/a><a id=\"2-can-i-adjust-the-speed-of-the-machine\" class=\"blank_anchor_id\"><\/a><\/div>\n<h4 id=\"5-eael-table-of-content\" class=\"xsj_heading_hash xsj_heading xsj_heading_h4 eael-heading-content\" data-source-line=\"12\" data-source-line-display=\"true\"><span class=\"xsj_heading_content\">2. \u00bfPuedo ajustar la velocidad de la m\u00e1quina?<\/span><\/h4>\n<p class=\"xsj_paragraph xsj_paragraph_level_0\" data-source-line=\"14\" data-source-line-display=\"true\">Respuesta: S\u00ed, la velocidad de la m\u00e1quina es ajustable entre 10 y 1400 rpm.<\/p>\n<div class=\"xiaoshujiang_element xsj_anchor\"><a class=\"blank_anchor_name\" name=\"320is20it20easy20to20control20the20speed20of20the20machine_5\"><\/a><a id=\"320is20it20easy20to20control20the20speed20of20the20machine_5\" class=\"blank_anchor_id\"><\/a><a class=\"blank_anchor_name\" name=\"3-is-it-easy-to-control-the-speed-of-the-machine\"><\/a><a id=\"3-is-it-easy-to-control-the-speed-of-the-machine\" class=\"blank_anchor_id\"><\/a><\/div>\n<h4 id=\"6-eael-table-of-content\" class=\"xsj_heading_hash xsj_heading xsj_heading_h4 eael-heading-content\" data-source-line=\"16\" data-source-line-display=\"true\"><span class=\"xsj_heading_content\">3. \u00bfEs f\u00e1cil controlar la velocidad de la m\u00e1quina?<\/span><\/h4>\n<p class=\"xsj_paragraph xsj_paragraph_level_0\" data-source-line=\"18\" data-source-line-display=\"true\">Respuesta: S\u00ed, el gabinete de distribuci\u00f3n de energ\u00eda que alberga la fuente de alimentaci\u00f3n y el convertidor de frecuencia facilita el control de la velocidad de la m\u00e1quina.<\/p>\n<div class=\"xiaoshujiang_element xsj_anchor\"><a class=\"blank_anchor_name\" name=\"420is20the20machine20stable20while20in20use_6\"><\/a><a id=\"420is20the20machine20stable20while20in20use_6\" class=\"blank_anchor_id\"><\/a><a class=\"blank_anchor_name\" name=\"4-is-the-machine-stable-while-in-use\"><\/a><a id=\"4-is-the-machine-stable-while-in-use\" class=\"blank_anchor_id\"><\/a><\/div>\n<h4 id=\"7-eael-table-of-content\" class=\"xsj_heading_hash xsj_heading xsj_heading_h4 eael-heading-content\" data-source-line=\"20\" data-source-line-display=\"true\"><span class=\"xsj_heading_content\">4. \u00bfEs estable la m\u00e1quina mientras est\u00e1 en uso?<\/span><\/h4>\n<p class=\"xsj_paragraph xsj_paragraph_level_0\" data-source-line=\"22\" data-source-line-display=\"true\">Respuesta: Los cuatro ojos de tornillo de expansi\u00f3n fijos de la parte inferior mantienen estable la m\u00e1quina.<\/p>\n<div class=\"xiaoshujiang_element xsj_anchor\"><a class=\"blank_anchor_name\" name=\"520how20safe20is20the20machine20to20use_7\"><\/a><a id=\"520how20safe20is20the20machine20to20use_7\" class=\"blank_anchor_id\"><\/a><a class=\"blank_anchor_name\" name=\"5-how-safe-is-the-machine-to-use\"><\/a><a id=\"5-how-safe-is-the-machine-to-use\" class=\"blank_anchor_id\"><\/a><\/div>\n<h4 id=\"8-eael-table-of-content\" class=\"xsj_heading_hash xsj_heading xsj_heading_h4 eael-heading-content\" data-source-line=\"24\" data-source-line-display=\"true\"><span class=\"xsj_heading_content\">5. \u00bfQu\u00e9 tan seguro es usar la m\u00e1quina?<\/span><\/h4>\n<p class=\"xsj_paragraph xsj_paragraph_level_0\" data-source-line=\"26\" data-source-line-display=\"true\">Respuesta: El dispositivo antideslizante en la parte superior garantiza un proceso de bobinado suave y seguro. Adem\u00e1s, para mayor seguridad, se puede instalar una cubierta protectora.<\/p>","protected":false},"excerpt":{"rendered":"<h2 id=\"1-eael-table-of-content\" class=\"xsj_heading_hash xsj_heading xsj_heading_h2 eael-heading-content\" data-source-line=\"2\" data-source-line-display=\"true\"><span class=\"xsj_heading_content\">Caracter\u00edsticas:<\/span><\/h2>\n<ol class=\"markdown_ol\" data-source-line=\"3\">\n<li data-source-line=\"3\">Marco base de acero cuadrado que soporta el ancho interior vital de 330 mm.<\/li>\n<li data-source-line=\"4\">Un motor de 370 Watts para un bobinado eficiente.<\/li>\n<li data-source-line=\"5\">Dispositivo de sujeci\u00f3n manual que tiene 1 par de tapas.<\/li>\n<li data-source-line=\"6\">Gabinete de distribuci\u00f3n de energ\u00eda que alberga la fuente de alimentaci\u00f3n y el convertidor de frecuencia para un f\u00e1cil control de la velocidad.<\/li>\n<li data-source-line=\"7\">Velocidad ajustable entre 10-1400 rpm.<\/li>\n<li data-source-line=\"8\">Cuatro ojos de tornillo de expansi\u00f3n fijos mantienen la m\u00e1quina estable mientras est\u00e1 en uso.<\/li>\n<li data-source-line=\"9\">El dispositivo antideslizante en la parte superior garantiza un enrollado suave y seguro.<\/li>\n<\/ol>","protected":false},"featured_media":31880,"template":"","meta":{"site-sidebar-layout":"default","site-content-layout":"default","ast-global-header-display":"","ast-banner-title-visibility":"","ast-main-header-display":"","ast-hfb-above-header-display":"","ast-hfb-below-header-display":"","ast-hfb-mobile-header-display":"","site-post-title":"","ast-breadcrumbs-content":"","ast-featured-img":"","footer-sml-layout":"","theme-transparent-header-meta":"default","adv-header-id-meta":"","stick-header-meta":"","header-above-stick-meta":"","header-main-stick-meta":"","header-below-stick-meta":""},"product_brand":[],"product_cat":[51,150],"product_tag":[],"class_list":{"0":"post-31002","1":"product","2":"type-product","3":"status-publish","4":"has-post-thumbnail","6":"product_cat-wire-take-up-machine","7":"product_cat-shaft-type-wire-take-up-machine","8":"desktop-align-left","9":"tablet-align-left","10":"mobile-align-left","12":"first","13":"instock","14":"shipping-taxable","15":"product-type-simple"},"yoast_head":"<!-- This site is optimized with the Yoast SEO Premium plugin v20.12 (Yoast SEO v26.0) - https:\/\/yoast.com\/wordpress\/plugins\/seo\/ -->\n<title>QP500 Drums Cable Winding Machine - QiPang<\/title>\n<meta name=\"robots\" content=\"index, follow, max-snippet:-1, max-image-preview:large, max-video-preview:-1\" \/>\n<link rel=\"canonical\" href=\"https:\/\/rollingringdrives.com\/es\/producto\/maquina-bobinadora-de-cable-de-tambores-qp500\/\" \/>\n<meta property=\"og:locale\" content=\"es_MX\" \/>\n<meta property=\"og:type\" content=\"article\" \/>\n<meta property=\"og:title\" content=\"QP500 Drums Cable Winding Machine\" \/>\n<meta property=\"og:description\" content=\"Features:   Square steel base frame that supports the vital inner width of 330mm.  One motor of 370 Watts for efficient winding.  Manual clamping device that has 1 pair of tops.  Power distribution cabinet that houses the power supply and frequency converter for easy speed control.  Adjustable speed between 10-1400 rpm.  Four fixed expansion screw eyes keep the machine stable while in use.  Anti-slip device at the top ensures smooth and safe winding.\" \/>\n<meta property=\"og:url\" content=\"https:\/\/rollingringdrives.com\/es\/producto\/maquina-bobinadora-de-cable-de-tambores-qp500\/\" \/>\n<meta property=\"og:site_name\" content=\"QiPang\" \/>\n<meta property=\"article:modified_time\" content=\"2025-07-07T06:04:37+00:00\" \/>\n<meta property=\"og:image\" content=\"https:\/\/rollingringdrives.com\/wp-content\/uploads\/2024\/01\/\u4e3b\u56fe5.jpg\" \/>\n\t<meta property=\"og:image:width\" content=\"600\" \/>\n\t<meta property=\"og:image:height\" content=\"600\" \/>\n\t<meta property=\"og:image:type\" content=\"image\/jpeg\" \/>\n<meta name=\"twitter:card\" content=\"summary_large_image\" \/>\n<meta name=\"twitter:label1\" content=\"Tiempo de lectura\" \/>\n\t<meta name=\"twitter:data1\" content=\"2 minutos\" \/>\n<script type=\"application\/ld+json\" class=\"yoast-schema-graph\">{\"@context\":\"https:\/\/schema.org\",\"@graph\":[{\"@type\":\"WebPage\",\"@id\":\"https:\/\/rollingringdrives.com\/product\/qp500-drums-cable-winding-machine\/\",\"url\":\"https:\/\/rollingringdrives.com\/product\/qp500-drums-cable-winding-machine\/\",\"name\":\"QP500 Drums Cable Winding Machine - QiPang\",\"isPartOf\":{\"@id\":\"https:\/\/rollingringdrives.com\/#website\"},\"primaryImageOfPage\":{\"@id\":\"https:\/\/rollingringdrives.com\/product\/qp500-drums-cable-winding-machine\/#primaryimage\"},\"image\":{\"@id\":\"https:\/\/rollingringdrives.com\/product\/qp500-drums-cable-winding-machine\/#primaryimage\"},\"thumbnailUrl\":\"https:\/\/rollingringdrives.com\/wp-content\/uploads\/2024\/01\/\u4e3b\u56fe5.jpg\",\"datePublished\":\"2024-01-11T06:27:54+00:00\",\"dateModified\":\"2025-07-07T06:04:37+00:00\",\"breadcrumb\":{\"@id\":\"https:\/\/rollingringdrives.com\/product\/qp500-drums-cable-winding-machine\/#breadcrumb\"},\"inLanguage\":\"es\",\"potentialAction\":[{\"@type\":\"ReadAction\",\"target\":[\"https:\/\/rollingringdrives.com\/product\/qp500-drums-cable-winding-machine\/\"]}]},{\"@type\":\"ImageObject\",\"inLanguage\":\"es\",\"@id\":\"https:\/\/rollingringdrives.com\/product\/qp500-drums-cable-winding-machine\/#primaryimage\",\"url\":\"https:\/\/rollingringdrives.com\/wp-content\/uploads\/2024\/01\/\u4e3b\u56fe5.jpg\",\"contentUrl\":\"https:\/\/rollingringdrives.com\/wp-content\/uploads\/2024\/01\/\u4e3b\u56fe5.jpg\",\"width\":600,\"height\":600,\"caption\":\"Wire reel machine\"},{\"@type\":\"BreadcrumbList\",\"@id\":\"https:\/\/rollingringdrives.com\/product\/qp500-drums-cable-winding-machine\/#breadcrumb\",\"itemListElement\":[{\"@type\":\"ListItem\",\"position\":1,\"name\":\"Home\",\"item\":\"https:\/\/rollingringdrives.com\/\"},{\"@type\":\"ListItem\",\"position\":2,\"name\":\"Machines\",\"item\":\"https:\/\/rollingringdrives.com\/machines\/\"},{\"@type\":\"ListItem\",\"position\":3,\"name\":\"QP500 Drums Cable Winding Machine\"}]},{\"@type\":\"WebSite\",\"@id\":\"https:\/\/rollingringdrives.com\/#website\",\"url\":\"https:\/\/rollingringdrives.com\/\",\"name\":\"QiPang\",\"description\":\"QiPang Blog\",\"publisher\":{\"@id\":\"https:\/\/rollingringdrives.com\/#organization\"},\"potentialAction\":[{\"@type\":\"SearchAction\",\"target\":{\"@type\":\"EntryPoint\",\"urlTemplate\":\"https:\/\/rollingringdrives.com\/?s={search_term_string}\"},\"query-input\":{\"@type\":\"PropertyValueSpecification\",\"valueRequired\":true,\"valueName\":\"search_term_string\"}}],\"inLanguage\":\"es\"},{\"@type\":\"Organization\",\"@id\":\"https:\/\/rollingringdrives.com\/#organization\",\"name\":\"QiPang\",\"url\":\"https:\/\/rollingringdrives.com\/\",\"logo\":{\"@type\":\"ImageObject\",\"inLanguage\":\"es\",\"@id\":\"https:\/\/rollingringdrives.com\/#\/schema\/logo\/image\/\",\"url\":\"https:\/\/rollingringdrives.com\/wp-content\/uploads\/2023\/05\/cropped-\u672a\u547d\u540d\u7684\u8bbe\u8ba1.png\",\"contentUrl\":\"https:\/\/rollingringdrives.com\/wp-content\/uploads\/2023\/05\/cropped-\u672a\u547d\u540d\u7684\u8bbe\u8ba1.png\",\"width\":300,\"height\":191,\"caption\":\"QiPang\"},\"image\":{\"@id\":\"https:\/\/rollingringdrives.com\/#\/schema\/logo\/image\/\"}}]}<\/script>\n<!-- \/ Yoast SEO Premium plugin. -->","yoast_head_json":{"title":"M\u00e1quina bobinadora de cable de tambor QP500 - QiPang","robots":{"index":"index","follow":"follow","max-snippet":"max-snippet:-1","max-image-preview":"max-image-preview:large","max-video-preview":"max-video-preview:-1"},"canonical":"https:\/\/rollingringdrives.com\/es\/producto\/maquina-bobinadora-de-cable-de-tambores-qp500\/","og_locale":"es_MX","og_type":"article","og_title":"QP500 Drums Cable Winding Machine","og_description":"Features:   Square steel base frame that supports the vital inner width of 330mm.  One motor of 370 Watts for efficient winding.  Manual clamping device that has 1 pair of tops.  Power distribution cabinet that houses the power supply and frequency converter for easy speed control.  Adjustable speed between 10-1400 rpm.  Four fixed expansion screw eyes keep the machine stable while in use.  Anti-slip device at the top ensures smooth and safe winding.","og_url":"https:\/\/rollingringdrives.com\/es\/producto\/maquina-bobinadora-de-cable-de-tambores-qp500\/","og_site_name":"QiPang","article_modified_time":"2025-07-07T06:04:37+00:00","og_image":[{"width":600,"height":600,"url":"https:\/\/rollingringdrives.com\/wp-content\/uploads\/2024\/01\/\u4e3b\u56fe5.jpg","type":"image\/jpeg"}],"twitter_card":"summary_large_image","twitter_misc":{"Tiempo de lectura":"2 minutos"},"schema":{"@context":"https:\/\/schema.org","@graph":[{"@type":"WebPage","@id":"https:\/\/rollingringdrives.com\/product\/qp500-drums-cable-winding-machine\/","url":"https:\/\/rollingringdrives.com\/product\/qp500-drums-cable-winding-machine\/","name":"M\u00e1quina bobinadora de cable de tambor QP500 - QiPang","isPartOf":{"@id":"https:\/\/rollingringdrives.com\/#website"},"primaryImageOfPage":{"@id":"https:\/\/rollingringdrives.com\/product\/qp500-drums-cable-winding-machine\/#primaryimage"},"image":{"@id":"https:\/\/rollingringdrives.com\/product\/qp500-drums-cable-winding-machine\/#primaryimage"},"thumbnailUrl":"https:\/\/rollingringdrives.com\/wp-content\/uploads\/2024\/01\/\u4e3b\u56fe5.jpg","datePublished":"2024-01-11T06:27:54+00:00","dateModified":"2025-07-07T06:04:37+00:00","breadcrumb":{"@id":"https:\/\/rollingringdrives.com\/product\/qp500-drums-cable-winding-machine\/#breadcrumb"},"inLanguage":"es","potentialAction":[{"@type":"ReadAction","target":["https:\/\/rollingringdrives.com\/product\/qp500-drums-cable-winding-machine\/"]}]},{"@type":"ImageObject","inLanguage":"es","@id":"https:\/\/rollingringdrives.com\/product\/qp500-drums-cable-winding-machine\/#primaryimage","url":"https:\/\/rollingringdrives.com\/wp-content\/uploads\/2024\/01\/\u4e3b\u56fe5.jpg","contentUrl":"https:\/\/rollingringdrives.com\/wp-content\/uploads\/2024\/01\/\u4e3b\u56fe5.jpg","width":600,"height":600,"caption":"Wire reel machine"},{"@type":"BreadcrumbList","@id":"https:\/\/rollingringdrives.com\/product\/qp500-drums-cable-winding-machine\/#breadcrumb","itemListElement":[{"@type":"ListItem","position":1,"name":"Home","item":"https:\/\/rollingringdrives.com\/"},{"@type":"ListItem","position":2,"name":"Machines","item":"https:\/\/rollingringdrives.com\/machines\/"},{"@type":"ListItem","position":3,"name":"QP500 Drums Cable Winding Machine"}]},{"@type":"WebSite","@id":"https:\/\/rollingringdrives.com\/#website","url":"https:\/\/rollingringdrives.com\/","name":"Qi Pang","description":"Blog QiPang","publisher":{"@id":"https:\/\/rollingringdrives.com\/#organization"},"potentialAction":[{"@type":"SearchAction","target":{"@type":"EntryPoint","urlTemplate":"https:\/\/rollingringdrives.com\/?s={search_term_string}"},"query-input":{"@type":"PropertyValueSpecification","valueRequired":true,"valueName":"search_term_string"}}],"inLanguage":"es"},{"@type":"Organization","@id":"https:\/\/rollingringdrives.com\/#organization","name":"Qi Pang","url":"https:\/\/rollingringdrives.com\/","logo":{"@type":"ImageObject","inLanguage":"es","@id":"https:\/\/rollingringdrives.com\/#\/schema\/logo\/image\/","url":"https:\/\/rollingringdrives.com\/wp-content\/uploads\/2023\/05\/cropped-\u672a\u547d\u540d\u7684\u8bbe\u8ba1.png","contentUrl":"https:\/\/rollingringdrives.com\/wp-content\/uploads\/2023\/05\/cropped-\u672a\u547d\u540d\u7684\u8bbe\u8ba1.png","width":300,"height":191,"caption":"QiPang"},"image":{"@id":"https:\/\/rollingringdrives.com\/#\/schema\/logo\/image\/"}}]}},"_links":{"self":[{"href":"https:\/\/rollingringdrives.com\/es\/wp-json\/wp\/v2\/product\/31002","targetHints":{"allow":["GET"]}}],"collection":[{"href":"https:\/\/rollingringdrives.com\/es\/wp-json\/wp\/v2\/product"}],"about":[{"href":"https:\/\/rollingringdrives.com\/es\/wp-json\/wp\/v2\/types\/product"}],"version-history":[{"count":0,"href":"https:\/\/rollingringdrives.com\/es\/wp-json\/wp\/v2\/product\/31002\/revisions"}],"wp:featuredmedia":[{"embeddable":true,"href":"https:\/\/rollingringdrives.com\/es\/wp-json\/wp\/v2\/media\/31880"}],"wp:attachment":[{"href":"https:\/\/rollingringdrives.com\/es\/wp-json\/wp\/v2\/media?parent=31002"}],"wp:term":[{"taxonomy":"product_brand","embeddable":true,"href":"https:\/\/rollingringdrives.com\/es\/wp-json\/wp\/v2\/product_brand?post=31002"},{"taxonomy":"product_cat","embeddable":true,"href":"https:\/\/rollingringdrives.com\/es\/wp-json\/wp\/v2\/product_cat?post=31002"},{"taxonomy":"product_tag","embeddable":true,"href":"https:\/\/rollingringdrives.com\/es\/wp-json\/wp\/v2\/product_tag?post=31002"}],"curies":[{"name":"wp","href":"https:\/\/api.w.org\/{rel}","templated":true}]}}