{"id":31014,"date":"2024-01-12T03:16:40","date_gmt":"2024-01-12T03:16:40","guid":{"rendered":"https:\/\/rollingringdrives.com\/?post_type=product&#038;p=31014"},"modified":"2025-07-07T08:17:39","modified_gmt":"2025-07-07T08:17:39","slug":"qp1250-2500-drum-unwinder-machine","status":"publish","type":"product","link":"https:\/\/rollingringdrives.com\/es\/producto\/maquina-desenrolladora-de-tambor-qp1250-2500\/","title":{"rendered":"\u00a0M\u00e1quina desenrolladora de tambores QP1250-2500"},"content":{"rendered":"<p class=\"xsj_paragraph xsj_paragraph_level_0\" data-source-line=\"0\" data-source-line-display=\"true\">El\u00a0<strong class=\"markdown_strong_asterisk\">M\u00e1quina desenrolladora de tambores QP1250-2500<\/strong>\u00a0es un bastidor desenrollador de tensi\u00f3n pasiva dise\u00f1ado para acomodar carretes con un rango de di\u00e1metro entre \u03a61250 y \u03a62500 mm y un di\u00e1metro de cable de \u03a63 a \u03a6100 mm. Con una capacidad de carga de hasta 12T, esta m\u00e1quina desenrolladora utiliza una tensi\u00f3n de calibre de fricci\u00f3n mec\u00e1nica o un freno de polvo magn\u00e9tico para controlar la presi\u00f3n, lo que garantiza un paso de di\u00e1metro de alambre limpio y hermoso. La m\u00e1quina tiene una estructura de eje final y dispositivos de doble protecci\u00f3n para aparatos mec\u00e1nicos y el\u00e9ctricos.<\/p>\n<p data-source-line=\"0\" data-source-line-display=\"true\"><div id=\"footable_parent_26371\"\n         class=\"footable_parent ninja_table_wrapper loading_ninja_table wp_table_data_press_parent semantic_ui\">\n                <table data-ninja_table_instance=\"ninja_table_instance_0\" data-footable_id=\"26371\" data-filter-delay=\"1000\" aria-label=\"6\u65b0\u5efa2 XL2dSX \u5de5\u4f5c\u8868 (2).csv\"            id=\"footable_26371\"\n           data-unique_identifier=\"ninja_table_unique_id_313318433_26371\"\n           class=\"foo-table ninja_footable foo_table_26371 ninja_table_unique_id_313318433_26371 ui table  nt_type_legacy_table selectable striped vertical_centered  footable-paging-right ninja_table_search_disabled ninja_table_pro\">\n                <colgroup>\n                            <col class=\"ninja_column_0\">\n                            <col class=\"ninja_column_1\">\n                    <\/colgroup>\n        <thead>\n<tr class=\"footable-header\">\n                                        <th scope=\"col\"  class=\"ninja_column_0 ninja_clmn_nm_parameter\">Par\u00e1metro<\/th><th scope=\"col\"  class=\"ninja_column_1 ninja_clmn_nm_value\">Valor<\/th><\/tr>\n<\/thead>\n<tbody>\n\n        <tr data-row_id=\"401\" class=\"ninja_table_row_0 nt_row_id_401\">\n            <td>Formulario de rack de pago<\/td><td>tensi\u00f3n pasiva<\/td>        <\/tr>\n            <tr data-row_id=\"402\" class=\"ninja_table_row_1 nt_row_id_402\">\n            <td>Carretes aplicables<\/td><td>PN1250\u2014PN2500 (GB4004-84, DIN46391, 46395)<\/td>        <\/tr>\n            <tr data-row_id=\"403\" class=\"ninja_table_row_2 nt_row_id_403\">\n            <td>Rango de di\u00e1metro del carrete<\/td><td>\u03a61250\uff5e\u03a62500mm<\/td>        <\/tr>\n            <tr data-row_id=\"404\" class=\"ninja_table_row_3 nt_row_id_404\">\n            <td>Ancho de bobina aplicable<\/td><td>950~1900mm<\/td>        <\/tr>\n            <tr data-row_id=\"405\" class=\"ninja_table_row_4 nt_row_id_405\">\n            <td>Di\u00e1metro de cable aplicable<\/td><td>\u03a63--\u03a6100mm (m\u00e1x.)<\/td>        <\/tr>\n            <tr data-row_id=\"406\" class=\"ninja_table_row_5 nt_row_id_406\">\n            <td>motor de elevaci\u00f3n<\/td><td>Motor de CA de 1,5 kw + reductor cicloide (2 juegos)<\/td>        <\/tr>\n            <tr data-row_id=\"407\" class=\"ninja_table_row_6 nt_row_id_407\">\n            <td>Motor de descarga de clips<\/td><td>Motor de CA de 1,1 kw + reductor de molinete cicloidal (2 juegos)<\/td>        <\/tr>\n            <tr data-row_id=\"408\" class=\"ninja_table_row_7 nt_row_id_408\">\n            <td>Tensi\u00f3n de pago<\/td><td>Tensi\u00f3n de pinza de fricci\u00f3n mec\u00e1nica o freno de polvo magn\u00e9tico para controlar la tensi\u00f3n; la tensi\u00f3n es ajustable.<\/td>        <\/tr>\n            <tr data-row_id=\"409\" class=\"ninja_table_row_8 nt_row_id_409\">\n            <td>Capacidad de carga<\/td><td>12T (m\u00e1x.)<\/td>        <\/tr>\n    <\/tbody><!--ninja_tobody_rendering_done-->\n    <\/table>\n    \n    \n    \n<\/div>\n<\/p>\n<div class=\"xiaoshujiang_element xsj_anchor\"><a class=\"blank_anchor_name\" name=\"applications_1\"><\/a><a id=\"applications_1\" class=\"blank_anchor_id\"><\/a><a class=\"blank_anchor_name\" name=\"applications\"><\/a><a id=\"applications\" class=\"blank_anchor_id\"><\/a><\/div>\n<h2 id=\"applications_1\" class=\"xsj_heading_hash xsj_heading xsj_heading_h2\" data-source-line=\"2\" data-source-line-display=\"true\"><span class=\"xsj_heading_content\">Aplicaciones:<\/span><\/h2>\n<p class=\"xsj_paragraph xsj_paragraph_level_0\" data-source-line=\"3\" data-source-line-display=\"true\">La m\u00e1quina desenrolladora de tambor QP1250-2500 es ideal para l\u00edneas de producci\u00f3n de alambres y cables, ya que proporciona un control de tensi\u00f3n de desenrollado r\u00e1pido y preciso. Adecuado para su uso en diversas industrias, incluidas las de telecomunicaciones, automotriz, aeroespacial, construcci\u00f3n y m\u00e1s.<\/p>\n<div class=\"xiaoshujiang_element xsj_anchor\"><\/div>\n<h2 id=\"frequently20asked20questions_2\" class=\"xsj_heading_hash xsj_heading xsj_heading_h2\" data-source-line=\"5\" data-source-line-display=\"true\"><span class=\"xsj_heading_content\">Preguntas frecuentes sobre la m\u00e1quina desenrolladora de tambores QP1250-2500:<\/span><\/h2>\n<div class=\"xiaoshujiang_element xsj_anchor\"><a class=\"blank_anchor_name\" name=\"120what20is20the20maximum20load20capacity20of20the20qp1250-250020end20shaft20type20payoff20machine_3\"><\/a><a id=\"120what20is20the20maximum20load20capacity20of20the20qp1250-250020end20shaft20type20payoff20machine_3\" class=\"blank_anchor_id\"><\/a><a class=\"blank_anchor_name\" name=\"1-what-is-the-maximum-load-capacity-of-the-qp1250-2500-end-shaft-type-payoff-machine\"><\/a><a id=\"1-what-is-the-maximum-load-capacity-of-the-qp1250-2500-end-shaft-type-payoff-machine\" class=\"blank_anchor_id\"><\/a><\/div>\n<h4 id=\"120what20is20the20maximum20load20capacity20of20the20qp1250-250020end20shaft20type20payoff20machine_3\" class=\"xsj_heading_hash xsj_heading xsj_heading_h4\" data-source-line=\"7\" data-source-line-display=\"true\"><span class=\"xsj_heading_content\">1. \u00bfCu\u00e1l es la capacidad de carga m\u00e1xima de la m\u00e1quina desenrolladora de tambores QP1250-2500?<\/span><\/h4>\n<p class=\"xsj_paragraph xsj_paragraph_level_0\" data-source-line=\"9\" data-source-line-display=\"true\">R: La m\u00e1quina tiene una capacidad de carga m\u00e1xima de hasta 12T.<\/p>\n<div class=\"xiaoshujiang_element xsj_anchor\"><a class=\"blank_anchor_name\" name=\"220what20reel20diameter20range20can20the20machine20accommodate_4\"><\/a><a id=\"220what20reel20diameter20range20can20the20machine20accommodate_4\" class=\"blank_anchor_id\"><\/a><a class=\"blank_anchor_name\" name=\"2-what-reel-diameter-range-can-the-machine-accommodate\"><\/a><a id=\"2-what-reel-diameter-range-can-the-machine-accommodate\" class=\"blank_anchor_id\"><\/a><\/div>\n<h4 id=\"220what20reel20diameter20range20can20the20machine20accommodate_4\" class=\"xsj_heading_hash xsj_heading xsj_heading_h4\" data-source-line=\"11\" data-source-line-display=\"true\"><span class=\"xsj_heading_content\">2. \u00bfQu\u00e9 rango de di\u00e1metro de carrete puede acomodar la m\u00e1quina?<\/span><\/h4>\n<p class=\"xsj_paragraph xsj_paragraph_level_0\" data-source-line=\"13\" data-source-line-display=\"true\">R: La m\u00e1quina puede manejar carretes con un rango de di\u00e1metro entre \u03a61250 y \u03a62500mm.<\/p>\n<div class=\"xiaoshujiang_element xsj_anchor\"><a class=\"blank_anchor_name\" name=\"320what20cable20diameter20range20is20compatible20with20the20machine_5\"><\/a><a id=\"320what20cable20diameter20range20is20compatible20with20the20machine_5\" class=\"blank_anchor_id\"><\/a><a class=\"blank_anchor_name\" name=\"3-what-cable-diameter-range-is-compatible-with-the-machine\"><\/a><a id=\"3-what-cable-diameter-range-is-compatible-with-the-machine\" class=\"blank_anchor_id\"><\/a><\/div>\n<h4 id=\"320what20cable20diameter20range20is20compatible20with20the20machine_5\" class=\"xsj_heading_hash xsj_heading xsj_heading_h4\" data-source-line=\"15\" data-source-line-display=\"true\"><span class=\"xsj_heading_content\">3. \u00bfQu\u00e9 rango de di\u00e1metro de cable es compatible con la m\u00e1quina?<\/span><\/h4>\n<p class=\"xsj_paragraph xsj_paragraph_level_0\" data-source-line=\"17\" data-source-line-display=\"true\">R: La m\u00e1quina es compatible con cables con un rango de di\u00e1metro de \u03a63 a \u03a6100 mm.<\/p>\n<div class=\"xiaoshujiang_element xsj_anchor\"><a class=\"blank_anchor_name\" name=\"420how20does20the20machine20control20tension_6\"><\/a><a id=\"420how20does20the20machine20control20tension_6\" class=\"blank_anchor_id\"><\/a><a class=\"blank_anchor_name\" name=\"4-how-does-the-machine-control-tension\"><\/a><a id=\"4-how-does-the-machine-control-tension\" class=\"blank_anchor_id\"><\/a><\/div>\n<h4 id=\"420how20does20the20machine20control20tension_6\" class=\"xsj_heading_hash xsj_heading xsj_heading_h4\" data-source-line=\"19\" data-source-line-display=\"true\"><span class=\"xsj_heading_content\">4. \u00bfC\u00f3mo controla la m\u00e1quina la tensi\u00f3n?<\/span><\/h4>\n<p class=\"xsj_paragraph xsj_paragraph_level_0\" data-source-line=\"21\" data-source-line-display=\"true\">R: La m\u00e1quina utiliza una tensi\u00f3n de calibre de fricci\u00f3n mec\u00e1nica o un freno de polvo magn\u00e9tico para controlar la presi\u00f3n, lo que garantiza un paso de di\u00e1metro de alambre limpio y hermoso.<\/p>\n<div class=\"xiaoshujiang_element xsj_anchor\"><a class=\"blank_anchor_name\" name=\"520can20the20machine20be20used20in20different20industries_7\"><\/a><a id=\"520can20the20machine20be20used20in20different20industries_7\" class=\"blank_anchor_id\"><\/a><a class=\"blank_anchor_name\" name=\"5-can-the-machine-be-used-in-different-industries\"><\/a><a id=\"5-can-the-machine-be-used-in-different-industries\" class=\"blank_anchor_id\"><\/a><\/div>\n<h4 id=\"520can20the20machine20be20used20in20different20industries_7\" class=\"xsj_heading_hash xsj_heading xsj_heading_h4\" data-source-line=\"23\" data-source-line-display=\"true\"><span class=\"xsj_heading_content\">5. \u00bfSe puede utilizar la m\u00e1quina en diferentes industrias?<\/span><\/h4>\n<p class=\"xsj_paragraph xsj_paragraph_level_0\" data-source-line=\"25\" data-source-line-display=\"true\">R: S\u00ed, la m\u00e1quina desenrolladora de tambores QP1250-2500 se adapta a diversas industrias, incluidas las de telecomunicaciones, automotriz, aeroespacial y de construcci\u00f3n.<\/p>","protected":false},"excerpt":{"rendered":"<h2 id=\"features_1\" class=\"xsj_heading_hash xsj_heading xsj_heading_h2\" data-source-line=\"2\" data-source-line-display=\"true\"><span class=\"xsj_heading_content\">Caracter\u00edsticas:<\/span><\/h2>\n<ol class=\"markdown_ol\" data-source-line=\"4\">\n<li data-source-line=\"4\">La m\u00e1quina desenrolladora de tambores QP1250-2500 se crea mediante doblado y soldadura.<\/li>\n<li data-source-line=\"5\">Los motores sujetan las dos partes superiores del carrete tensor para impulsar la tuerca del tornillo, siguiendo la velocidad de recogida.<\/li>\n<li data-source-line=\"6\">Siemens S7-200PLC unifica el armario de control con conexiones de canales y se\u00f1ales.<\/li>\n<li data-source-line=\"7\">La m\u00e1quina de velocidad impulsa las tuercas roscadas para subir\/bajar de forma independiente o simult\u00e1nea para lograr eficiencia y flexibilidad.<\/li>\n<\/ol>","protected":false},"featured_media":31093,"template":"","meta":{"site-sidebar-layout":"default","site-content-layout":"default","ast-global-header-display":"","ast-banner-title-visibility":"","ast-main-header-display":"","ast-hfb-above-header-display":"","ast-hfb-below-header-display":"","ast-hfb-mobile-header-display":"","site-post-title":"","ast-breadcrumbs-content":"","ast-featured-img":"","footer-sml-layout":"","theme-transparent-header-meta":"default","adv-header-id-meta":"","stick-header-meta":"","header-above-stick-meta":"","header-main-stick-meta":"","header-below-stick-meta":""},"product_brand":[],"product_cat":[48,132],"product_tag":[],"class_list":{"0":"post-31014","1":"product","2":"type-product","3":"status-publish","4":"has-post-thumbnail","6":"product_cat-wire-payoff-machine","7":"product_cat-shaftless-passive-pay-off-machine","8":"desktop-align-left","9":"tablet-align-left","10":"mobile-align-left","12":"first","13":"instock","14":"shipping-taxable","15":"product-type-simple"},"yoast_head":"<!-- This site is optimized with the Yoast SEO Premium plugin v20.12 (Yoast SEO v26.0) - https:\/\/yoast.com\/wordpress\/plugins\/seo\/ -->\n<title>\u00a0QP1250-2500 Drum Unwinder Machine - QiPang<\/title>\n<meta name=\"robots\" content=\"index, follow, max-snippet:-1, max-image-preview:large, max-video-preview:-1\" \/>\n<link rel=\"canonical\" href=\"https:\/\/rollingringdrives.com\/es\/producto\/maquina-desenrolladora-de-tambor-qp1250-2500\/\" \/>\n<meta property=\"og:locale\" content=\"es_MX\" \/>\n<meta property=\"og:type\" content=\"article\" \/>\n<meta property=\"og:title\" content=\"\u00a0QP1250-2500 Drum Unwinder Machine\" \/>\n<meta property=\"og:description\" content=\"Features:   QP1250-2500 drum unwinder machine is created with bending and welding.  Motors clamp the two tops of tensioning reel to drive the screw nut, following take-up speed.  Siemens S7-200PLC unifies the control cabinet with channel and signal connections.  The speed machine drives screw nuts to rise\/fall independently or simultaneously for efficiency and flexibility.\" \/>\n<meta property=\"og:url\" content=\"https:\/\/rollingringdrives.com\/es\/producto\/maquina-desenrolladora-de-tambor-qp1250-2500\/\" \/>\n<meta property=\"og:site_name\" content=\"QiPang\" \/>\n<meta property=\"article:modified_time\" content=\"2025-07-07T08:17:39+00:00\" \/>\n<meta property=\"og:image\" content=\"https:\/\/rollingringdrives.com\/wp-content\/uploads\/2024\/01\/wire-winding-machine_\u526f\u672c.jpg\" \/>\n\t<meta property=\"og:image:width\" content=\"600\" \/>\n\t<meta property=\"og:image:height\" content=\"600\" \/>\n\t<meta property=\"og:image:type\" content=\"image\/jpeg\" \/>\n<meta name=\"twitter:card\" content=\"summary_large_image\" \/>\n<meta name=\"twitter:label1\" content=\"Tiempo de lectura\" \/>\n\t<meta name=\"twitter:data1\" content=\"2 minutos\" \/>\n<script type=\"application\/ld+json\" class=\"yoast-schema-graph\">{\"@context\":\"https:\/\/schema.org\",\"@graph\":[{\"@type\":\"WebPage\",\"@id\":\"https:\/\/rollingringdrives.com\/product\/qp1250-2500-drum-unwinder-machine\/\",\"url\":\"https:\/\/rollingringdrives.com\/product\/qp1250-2500-drum-unwinder-machine\/\",\"name\":\"\u00a0QP1250-2500 Drum Unwinder Machine - QiPang\",\"isPartOf\":{\"@id\":\"https:\/\/rollingringdrives.com\/#website\"},\"primaryImageOfPage\":{\"@id\":\"https:\/\/rollingringdrives.com\/product\/qp1250-2500-drum-unwinder-machine\/#primaryimage\"},\"image\":{\"@id\":\"https:\/\/rollingringdrives.com\/product\/qp1250-2500-drum-unwinder-machine\/#primaryimage\"},\"thumbnailUrl\":\"https:\/\/rollingringdrives.com\/wp-content\/uploads\/2024\/01\/wire-winding-machine_\u526f\u672c.jpg\",\"datePublished\":\"2024-01-12T03:16:40+00:00\",\"dateModified\":\"2025-07-07T08:17:39+00:00\",\"breadcrumb\":{\"@id\":\"https:\/\/rollingringdrives.com\/product\/qp1250-2500-drum-unwinder-machine\/#breadcrumb\"},\"inLanguage\":\"es\",\"potentialAction\":[{\"@type\":\"ReadAction\",\"target\":[\"https:\/\/rollingringdrives.com\/product\/qp1250-2500-drum-unwinder-machine\/\"]}]},{\"@type\":\"ImageObject\",\"inLanguage\":\"es\",\"@id\":\"https:\/\/rollingringdrives.com\/product\/qp1250-2500-drum-unwinder-machine\/#primaryimage\",\"url\":\"https:\/\/rollingringdrives.com\/wp-content\/uploads\/2024\/01\/wire-winding-machine_\u526f\u672c.jpg\",\"contentUrl\":\"https:\/\/rollingringdrives.com\/wp-content\/uploads\/2024\/01\/wire-winding-machine_\u526f\u672c.jpg\",\"width\":600,\"height\":600,\"caption\":\"\u00a0QP1250-2500 Drum Unwinder Machine\"},{\"@type\":\"BreadcrumbList\",\"@id\":\"https:\/\/rollingringdrives.com\/product\/qp1250-2500-drum-unwinder-machine\/#breadcrumb\",\"itemListElement\":[{\"@type\":\"ListItem\",\"position\":1,\"name\":\"Home\",\"item\":\"https:\/\/rollingringdrives.com\/\"},{\"@type\":\"ListItem\",\"position\":2,\"name\":\"Machines\",\"item\":\"https:\/\/rollingringdrives.com\/machines\/\"},{\"@type\":\"ListItem\",\"position\":3,\"name\":\"\u00a0QP1250-2500 Drum Unwinder Machine\"}]},{\"@type\":\"WebSite\",\"@id\":\"https:\/\/rollingringdrives.com\/#website\",\"url\":\"https:\/\/rollingringdrives.com\/\",\"name\":\"QiPang\",\"description\":\"QiPang Blog\",\"publisher\":{\"@id\":\"https:\/\/rollingringdrives.com\/#organization\"},\"potentialAction\":[{\"@type\":\"SearchAction\",\"target\":{\"@type\":\"EntryPoint\",\"urlTemplate\":\"https:\/\/rollingringdrives.com\/?s={search_term_string}\"},\"query-input\":{\"@type\":\"PropertyValueSpecification\",\"valueRequired\":true,\"valueName\":\"search_term_string\"}}],\"inLanguage\":\"es\"},{\"@type\":\"Organization\",\"@id\":\"https:\/\/rollingringdrives.com\/#organization\",\"name\":\"QiPang\",\"url\":\"https:\/\/rollingringdrives.com\/\",\"logo\":{\"@type\":\"ImageObject\",\"inLanguage\":\"es\",\"@id\":\"https:\/\/rollingringdrives.com\/#\/schema\/logo\/image\/\",\"url\":\"https:\/\/rollingringdrives.com\/wp-content\/uploads\/2023\/05\/cropped-\u672a\u547d\u540d\u7684\u8bbe\u8ba1.png\",\"contentUrl\":\"https:\/\/rollingringdrives.com\/wp-content\/uploads\/2023\/05\/cropped-\u672a\u547d\u540d\u7684\u8bbe\u8ba1.png\",\"width\":300,\"height\":191,\"caption\":\"QiPang\"},\"image\":{\"@id\":\"https:\/\/rollingringdrives.com\/#\/schema\/logo\/image\/\"}}]}<\/script>\n<!-- \/ Yoast SEO Premium plugin. -->","yoast_head_json":{"title":"\u00a0M\u00e1quina desenrolladora de tambores QP1250-2500 - QiPang","robots":{"index":"index","follow":"follow","max-snippet":"max-snippet:-1","max-image-preview":"max-image-preview:large","max-video-preview":"max-video-preview:-1"},"canonical":"https:\/\/rollingringdrives.com\/es\/producto\/maquina-desenrolladora-de-tambor-qp1250-2500\/","og_locale":"es_MX","og_type":"article","og_title":"\u00a0QP1250-2500 Drum Unwinder Machine","og_description":"Features:   QP1250-2500 drum unwinder machine is created with bending and welding.  Motors clamp the two tops of tensioning reel to drive the screw nut, following take-up speed.  Siemens S7-200PLC unifies the control cabinet with channel and signal connections.  The speed machine drives screw nuts to rise\/fall independently or simultaneously for efficiency and flexibility.","og_url":"https:\/\/rollingringdrives.com\/es\/producto\/maquina-desenrolladora-de-tambor-qp1250-2500\/","og_site_name":"QiPang","article_modified_time":"2025-07-07T08:17:39+00:00","og_image":[{"width":600,"height":600,"url":"https:\/\/rollingringdrives.com\/wp-content\/uploads\/2024\/01\/wire-winding-machine_\u526f\u672c.jpg","type":"image\/jpeg"}],"twitter_card":"summary_large_image","twitter_misc":{"Tiempo de lectura":"2 minutos"},"schema":{"@context":"https:\/\/schema.org","@graph":[{"@type":"WebPage","@id":"https:\/\/rollingringdrives.com\/product\/qp1250-2500-drum-unwinder-machine\/","url":"https:\/\/rollingringdrives.com\/product\/qp1250-2500-drum-unwinder-machine\/","name":"\u00a0M\u00e1quina desenrolladora de tambores QP1250-2500 - QiPang","isPartOf":{"@id":"https:\/\/rollingringdrives.com\/#website"},"primaryImageOfPage":{"@id":"https:\/\/rollingringdrives.com\/product\/qp1250-2500-drum-unwinder-machine\/#primaryimage"},"image":{"@id":"https:\/\/rollingringdrives.com\/product\/qp1250-2500-drum-unwinder-machine\/#primaryimage"},"thumbnailUrl":"https:\/\/rollingringdrives.com\/wp-content\/uploads\/2024\/01\/wire-winding-machine_\u526f\u672c.jpg","datePublished":"2024-01-12T03:16:40+00:00","dateModified":"2025-07-07T08:17:39+00:00","breadcrumb":{"@id":"https:\/\/rollingringdrives.com\/product\/qp1250-2500-drum-unwinder-machine\/#breadcrumb"},"inLanguage":"es","potentialAction":[{"@type":"ReadAction","target":["https:\/\/rollingringdrives.com\/product\/qp1250-2500-drum-unwinder-machine\/"]}]},{"@type":"ImageObject","inLanguage":"es","@id":"https:\/\/rollingringdrives.com\/product\/qp1250-2500-drum-unwinder-machine\/#primaryimage","url":"https:\/\/rollingringdrives.com\/wp-content\/uploads\/2024\/01\/wire-winding-machine_\u526f\u672c.jpg","contentUrl":"https:\/\/rollingringdrives.com\/wp-content\/uploads\/2024\/01\/wire-winding-machine_\u526f\u672c.jpg","width":600,"height":600,"caption":"\u00a0QP1250-2500 Drum Unwinder Machine"},{"@type":"BreadcrumbList","@id":"https:\/\/rollingringdrives.com\/product\/qp1250-2500-drum-unwinder-machine\/#breadcrumb","itemListElement":[{"@type":"ListItem","position":1,"name":"Home","item":"https:\/\/rollingringdrives.com\/"},{"@type":"ListItem","position":2,"name":"Machines","item":"https:\/\/rollingringdrives.com\/machines\/"},{"@type":"ListItem","position":3,"name":"\u00a0QP1250-2500 Drum Unwinder Machine"}]},{"@type":"WebSite","@id":"https:\/\/rollingringdrives.com\/#website","url":"https:\/\/rollingringdrives.com\/","name":"Qi Pang","description":"Blog QiPang","publisher":{"@id":"https:\/\/rollingringdrives.com\/#organization"},"potentialAction":[{"@type":"SearchAction","target":{"@type":"EntryPoint","urlTemplate":"https:\/\/rollingringdrives.com\/?s={search_term_string}"},"query-input":{"@type":"PropertyValueSpecification","valueRequired":true,"valueName":"search_term_string"}}],"inLanguage":"es"},{"@type":"Organization","@id":"https:\/\/rollingringdrives.com\/#organization","name":"Qi Pang","url":"https:\/\/rollingringdrives.com\/","logo":{"@type":"ImageObject","inLanguage":"es","@id":"https:\/\/rollingringdrives.com\/#\/schema\/logo\/image\/","url":"https:\/\/rollingringdrives.com\/wp-content\/uploads\/2023\/05\/cropped-\u672a\u547d\u540d\u7684\u8bbe\u8ba1.png","contentUrl":"https:\/\/rollingringdrives.com\/wp-content\/uploads\/2023\/05\/cropped-\u672a\u547d\u540d\u7684\u8bbe\u8ba1.png","width":300,"height":191,"caption":"QiPang"},"image":{"@id":"https:\/\/rollingringdrives.com\/#\/schema\/logo\/image\/"}}]}},"_links":{"self":[{"href":"https:\/\/rollingringdrives.com\/es\/wp-json\/wp\/v2\/product\/31014","targetHints":{"allow":["GET"]}}],"collection":[{"href":"https:\/\/rollingringdrives.com\/es\/wp-json\/wp\/v2\/product"}],"about":[{"href":"https:\/\/rollingringdrives.com\/es\/wp-json\/wp\/v2\/types\/product"}],"version-history":[{"count":0,"href":"https:\/\/rollingringdrives.com\/es\/wp-json\/wp\/v2\/product\/31014\/revisions"}],"wp:featuredmedia":[{"embeddable":true,"href":"https:\/\/rollingringdrives.com\/es\/wp-json\/wp\/v2\/media\/31093"}],"wp:attachment":[{"href":"https:\/\/rollingringdrives.com\/es\/wp-json\/wp\/v2\/media?parent=31014"}],"wp:term":[{"taxonomy":"product_brand","embeddable":true,"href":"https:\/\/rollingringdrives.com\/es\/wp-json\/wp\/v2\/product_brand?post=31014"},{"taxonomy":"product_cat","embeddable":true,"href":"https:\/\/rollingringdrives.com\/es\/wp-json\/wp\/v2\/product_cat?post=31014"},{"taxonomy":"product_tag","embeddable":true,"href":"https:\/\/rollingringdrives.com\/es\/wp-json\/wp\/v2\/product_tag?post=31014"}],"curies":[{"name":"wp","href":"https:\/\/api.w.org\/{rel}","templated":true}]}}