{"id":31036,"date":"2024-01-12T06:24:50","date_gmt":"2024-01-12T06:24:50","guid":{"rendered":"https:\/\/rollingringdrives.com\/?post_type=product&#038;p=31036"},"modified":"2025-11-01T03:06:28","modified_gmt":"2025-11-01T03:06:28","slug":"hand-control-wire-rope-length-meter-counter","status":"publish","type":"product","link":"https:\/\/rollingringdrives.com\/es\/producto\/contador-de-metros-de-longitud-de-cable-de-control-manual\/","title":{"rendered":"1-200mm Contador de longitud mec\u00e1nico para bobinadora de alambre"},"content":{"rendered":"<p>El producto est\u00e1 estructurado horizontal y horizontalmente, donde las ruedas del medidor izquierda y derecha pasan a trav\u00e9s del riel gu\u00eda m\u00f3vil y el resorte se ajusta autom\u00e1ticamente para adaptarse al tama\u00f1o del cable. La combinaci\u00f3n de rieles de gu\u00eda de movimiento est\u00e1ndar y resortes ajustables alivia los problemas de deslizamiento y temblor de la rueda contadora de metros.<\/p>\n<h2>Par\u00e1metros del contador de longitud mec\u00e1nico<\/h2>\n<div id=\"footable_parent_32629\"\n         class=\"footable_parent ninja_table_wrapper loading_ninja_table wp_table_data_press_parent semantic_ui\">\n                <table data-ninja_table_instance=\"ninja_table_instance_0\" data-footable_id=\"32629\" data-filter-delay=\"1000\" aria-label=\"contador mecanico longitud metro.csv\"            id=\"footable_32629\"\n           data-unique_identifier=\"ninja_table_unique_id_556926969_32629\"\n           class=\"foo-table ninja_footable foo_table_32629 ninja_table_unique_id_556926969_32629 ui table  nt_type_legacy_table selectable striped vertical_centered  footable-paging-right ninja_table_pro\">\n                <colgroup>\n                            <col class=\"ninja_column_0\">\n                            <col class=\"ninja_column_1\">\n                            <col class=\"ninja_column_2\">\n                            <col class=\"ninja_column_3\">\n                    <\/colgroup>\n        <thead>\n<tr class=\"footable-header\">\n                                                                        <th scope=\"col\"  class=\"ninja_column_0 ninja_clmn_nm_model\">Modelo<\/th><th scope=\"col\"  class=\"ninja_column_1 ninja_clmn_nm_qp8mmmechanicallengthcountermeter\">Contador mec\u00e1nico de longitudes QP80MM<\/th><th scope=\"col\"  class=\"ninja_column_2 ninja_clmn_nm_qp14mmmechanicallengthcountermeter\">Contador mec\u00e1nico de longitudes QP140MM<\/th><th scope=\"col\"  class=\"ninja_column_3 ninja_clmn_nm_qp2mmmechanicallengthcountermeter\">Contador mec\u00e1nico de longitudes QP200mm<\/th><\/tr>\n<\/thead>\n<tbody>\n\n        <tr data-row_id=\"1887\" class=\"ninja_table_row_0 nt_row_id_1887\">\n            <td>di\u00e1metro del alambre<\/td><td>1-80MM<\/td><td>1-140MM<\/td><td>150-200MM<\/td>        <\/tr>\n            <tr data-row_id=\"1888\" class=\"ninja_table_row_1 nt_row_id_1888\">\n            <td>Par\u00e1metros de la rueda contadora<\/td><td>159,15 MILLONES<\/td><td>159,15 MILLONES<\/td><td>159,15 MILLONES<\/td>        <\/tr>\n            <tr data-row_id=\"1889\" class=\"ninja_table_row_2 nt_row_id_1889\">\n            <td>Precisi\u00f3n del contador<\/td><td>1\u2030<\/td><td>1\u2030<\/td><td>1\u2030<\/td>        <\/tr>\n            <tr data-row_id=\"1890\" class=\"ninja_table_row_3 nt_row_id_1890\">\n            <td>altura del centro<\/td><td>900-1100MM<\/td><td>900-1100MM<\/td><td>900-1100MM<\/td>        <\/tr>\n            <tr data-row_id=\"1891\" class=\"ninja_table_row_4 nt_row_id_1891\">\n            <td>Estructura mec\u00e1nica<\/td><td>Mesa deslizante neum\u00e1tica<\/td><td>Mesa deslizante neum\u00e1tica<\/td><td>Mesa deslizante neum\u00e1tica<\/td>        <\/tr>\n            <tr data-row_id=\"1892\" class=\"ninja_table_row_5 nt_row_id_1892\">\n            <td>direcci\u00f3n<\/td><td>Por defecto es bidireccional, se puede personalizar para que sea unidireccional<\/td><td>Por defecto es bidireccional, se puede personalizar para que sea unidireccional<\/td><td>Por defecto es bidireccional, se puede personalizar para que sea unidireccional<\/td>        <\/tr>\n            <tr data-row_id=\"1893\" class=\"ninja_table_row_6 nt_row_id_1893\">\n            <td>velocidad<\/td><td>200-300 metros\/min<\/td><td>200-300 metros\/min<\/td><td>200-300 metros\/min<\/td>        <\/tr>\n    <\/tbody><!--ninja_tobody_rendering_done-->\n    <\/table>\n    \n    \n    \n<\/div>\n\n<h2>El papel espec\u00edfico de la mesa deslizante neum\u00e1tica en el contador de alambre<\/h2>\n<p>En un contador mec\u00e1nico de longitudes, la mesa deslizante neum\u00e1tica desempe\u00f1a un papel crucial, cumpliendo principalmente las siguientes funciones:<\/p>\n<p><strong>Fuerza de sujeci\u00f3n constante<\/strong>: El cilindro proporciona una presi\u00f3n estable y ajustable, presionando firmemente la rueda de medici\u00f3n (o rodillo de presi\u00f3n) contra la superficie del cable a trav\u00e9s de la corredera. Esta es la base mec\u00e1nica para evitar el deslizamiento entre la rueda de medici\u00f3n y el cable, un requisito previo para una alta precisi\u00f3n.<\/p>\n<p><strong>Permitir la elevaci\u00f3n y el descenso r\u00e1pidos:<\/strong><br \/>\nPreparaci\u00f3n del enhebrado: Antes de medir, el cable debe colocarse entre la rueda de medici\u00f3n y el rodillo de presi\u00f3n. En este punto, el cilindro acciona la corredera para que se levante r\u00e1pidamente, dejando un amplio espacio libre para su funcionamiento.<br \/>\nInicio\/fin de la medici\u00f3n: Tras enhebrar el cable, el cilindro acciona la corredera para que descienda y comience la medici\u00f3n. Una vez finalizada la medici\u00f3n, puede elevarse de nuevo para facilitar la retirada del cable.<br \/>\nAcomodaci\u00f3n de cables de diferentes di\u00e1metros: La estructura de ra\u00edles gu\u00eda del carro permite que el rodillo de presi\u00f3n se mueva hacia arriba y hacia abajo dentro de un rango determinado. Combinado con el empuje constante del cilindro, se adapta autom\u00e1ticamente a cables de distintos grosores y mantiene una presi\u00f3n uniforme.<\/p>\n<h2 id=\"faqs_3\" class=\"xsj_heading_hash xsj_heading xsj_heading_h2\" data-source-line=\"11\" data-source-line-display=\"true\"><span class=\"xsj_heading_content\">Preguntas frecuentes:<\/span><\/h2>\n<div class=\"xiaoshujiang_element xsj_anchor\"><a class=\"blank_anchor_name\" name=\"120what20is20the20measuring20accuracy20error20of20the20mechanical20counter20meter20with20electronic20digital20display_4\"><\/a><a id=\"120what20is20the20measuring20accuracy20error20of20the20mechanical20counter20meter20with20electronic20digital20display_4\" class=\"blank_anchor_id\"><\/a><a class=\"blank_anchor_name\" name=\"1-what-is-the-measuring-accuracy-error-of-the-mechanical-counter-meter-with-electronic-digital-display\"><\/a><a id=\"1-what-is-the-measuring-accuracy-error-of-the-mechanical-counter-meter-with-electronic-digital-display\" class=\"blank_anchor_id\"><\/a><\/div>\n<h4 id=\"120what20is20the20measuring20accuracy20error20of20the20mechanical20counter20meter20with20electronic20digital20display_4\" class=\"xsj_heading_hash xsj_heading xsj_heading_h4\" data-source-line=\"13\" data-source-line-display=\"true\"><span class=\"xsj_heading_content\">1. \u00bfCu\u00e1l es el error de precisi\u00f3n de medici\u00f3n del contador de longitud mec\u00e1nico con pantalla digital electr\u00f3nica?<\/span><\/h4>\n<p class=\"xsj_paragraph xsj_paragraph_level_0\" data-source-line=\"15\" data-source-line-display=\"true\">Respuesta: La tasa de error de precisi\u00f3n de medici\u00f3n del producto es \u2264 2\u2030.<\/p>\n<div class=\"xiaoshujiang_element xsj_anchor\"><a class=\"blank_anchor_name\" name=\"220what20is20the20speed20range20of20the20product_5\"><\/a><a id=\"220what20is20the20speed20range20of20the20product_5\" class=\"blank_anchor_id\"><\/a><a class=\"blank_anchor_name\" name=\"2-what-is-the-speed-range-of-the-product\"><\/a><a id=\"2-what-is-the-speed-range-of-the-product\" class=\"blank_anchor_id\"><\/a><\/div>\n<h4 id=\"220what20is20the20speed20range20of20the20product_5\" class=\"xsj_heading_hash xsj_heading xsj_heading_h4\" data-source-line=\"17\" data-source-line-display=\"true\"><span class=\"xsj_heading_content\">2. \u00bfCu\u00e1l es el rango de velocidad del contador de longitud mec\u00e1nico?<\/span><\/h4>\n<p class=\"xsj_paragraph xsj_paragraph_level_0\" data-source-line=\"19\" data-source-line-display=\"true\">Respuesta: El producto est\u00e1 dise\u00f1ado para un rango de velocidad de 0-100\/min.<\/p>\n<div class=\"xiaoshujiang_element xsj_anchor\"><a class=\"blank_anchor_name\" name=\"320what20is20the20measuring20product20diameter20range20of20the20mechanical20counter20meter20with20electronic20digital20display_6\"><\/a><a id=\"320what20is20the20measuring20product20diameter20range20of20the20mechanical20counter20meter20with20electronic20digital20display_6\" class=\"blank_anchor_id\"><\/a><a class=\"blank_anchor_name\" name=\"3-what-is-the-measuring-product-diameter-range-of-the-mechanical-counter-meter-with-electronic-digital-display\"><\/a><a id=\"3-what-is-the-measuring-product-diameter-range-of-the-mechanical-counter-meter-with-electronic-digital-display\" class=\"blank_anchor_id\"><\/a><\/div>\n<h4 id=\"320what20is20the20measuring20product20diameter20range20of20the20mechanical20counter20meter20with20electronic20digital20display_6\" class=\"xsj_heading_hash xsj_heading xsj_heading_h4\" data-source-line=\"21\" data-source-line-display=\"true\"><span class=\"xsj_heading_content\">3. \u00bfCu\u00e1l es el rango de medici\u00f3n del di\u00e1metro del producto del contador mec\u00e1nico con pantalla digital electr\u00f3nica?<\/span><\/h4>\n<p class=\"xsj_paragraph xsj_paragraph_level_0\" data-source-line=\"23\" data-source-line-display=\"true\">Respuesta: El producto es adecuado para medir di\u00e1metros de productos que van desde \u03c61-80mm\/1-140mm\/150-200mm.<\/p>\n<div class=\"xiaoshujiang_element xsj_anchor\"><a class=\"blank_anchor_name\" name=\"420can20the20product20accurately20count20meters_7\"><\/a><a id=\"420can20the20product20accurately20count20meters_7\" class=\"blank_anchor_id\"><\/a><a class=\"blank_anchor_name\" name=\"4-can-the-product-accurately-count-meters\"><\/a><a id=\"4-can-the-product-accurately-count-meters\" class=\"blank_anchor_id\"><\/a><\/div>\n<h4 id=\"420can20the20product20accurately20count20meters_7\" class=\"xsj_heading_hash xsj_heading xsj_heading_h4\" data-source-line=\"25\" data-source-line-display=\"true\"><span class=\"xsj_heading_content\">4. \u00bfPuede el producto medir con precisi\u00f3n el contador de cable de alambre de tubo?<\/span><\/h4>\n<p class=\"xsj_paragraph xsj_paragraph_level_0\" data-source-line=\"27\" data-source-line-display=\"true\">Respuesta: S\u00ed, el producto puede contar metros con precisi\u00f3n y tiene una pantalla digital mec\u00e1nica y electr\u00f3nica dual para una mayor precisi\u00f3n.<\/p>\n<div class=\"xiaoshujiang_element xsj_anchor\"><a class=\"blank_anchor_name\" name=\"520what20is20the20structure20of20the20mechanical20counter20meter20with20electronic20digital20display_8\"><\/a><a id=\"520what20is20the20structure20of20the20mechanical20counter20meter20with20electronic20digital20display_8\" class=\"blank_anchor_id\"><\/a><a class=\"blank_anchor_name\" name=\"5-what-is-the-structure-of-the-mechanical-counter-meter-with-electronic-digital-display\"><\/a><a id=\"5-what-is-the-structure-of-the-mechanical-counter-meter-with-electronic-digital-display\" class=\"blank_anchor_id\"><\/a><\/div>\n<h4 id=\"520what20is20the20structure20of20the20mechanical20counter20meter20with20electronic20digital20display_8\" class=\"xsj_heading_hash xsj_heading xsj_heading_h4\" data-source-line=\"29\" data-source-line-display=\"true\"><span class=\"xsj_heading_content\">5. 5. \u00bfCu\u00e1l es la estructura del contador de longitud con rueda y pantalla digital electr\u00f3nica?<\/span><\/h4>\n<p class=\"xsj_paragraph xsj_paragraph_level_0\" data-source-line=\"31\" data-source-line-display=\"true\">Respuesta: El producto tiene una estructura horizontal y horizontal, donde las ruedas del medidor izquierdo y derecho pasan a trav\u00e9s del riel de gu\u00eda m\u00f3vil, y el resorte se ajusta autom\u00e1ticamente para adaptarse al tama\u00f1o del cable.<\/p>","protected":false},"excerpt":{"rendered":"<h2 id=\"features_1\" class=\"xsj_heading_hash xsj_heading xsj_heading_h2\" data-source-line=\"2\" data-source-line-display=\"true\"><span class=\"xsj_heading_content\">Caracter\u00edsticas:<\/span><\/h2>\n<ol class=\"markdown_ol\" data-source-line=\"4\">\n<li data-source-line=\"4\">Respuesta r\u00e1pida: Los componentes neum\u00e1ticos funcionan con rapidez, por lo que son adecuados para aplicaciones que requieren elevar y presionar con frecuencia.<\/li>\n<li data-source-line=\"4\">Fuerza ajustable: Mediante el ajuste de la presi\u00f3n de aire, la fuerza de sujeci\u00f3n puede variar f\u00e1cilmente para adaptarse a las necesidades de medici\u00f3n de diferentes materiales (como cables de fibra \u00f3ptica lisos o cables el\u00e9ctricos rugosos).<\/li>\n<li data-source-line=\"4\">Construcci\u00f3n robusta y duradera: Los cilindros neum\u00e1ticos y las correderas industriales son componentes industriales muy maduros y fiables que pueden soportar entornos de producci\u00f3n dif\u00edciles.<\/li>\n<li data-source-line=\"4\">Rentabilidad: En la mayor\u00eda de las aplicaciones industriales, las soluciones neum\u00e1ticas tienen unos costes iniciales y de mantenimiento relativamente bajos.<\/li>\n<\/ol>","protected":false},"featured_media":32630,"template":"","meta":{"site-sidebar-layout":"default","site-content-layout":"default","ast-global-header-display":"","ast-banner-title-visibility":"","ast-main-header-display":"","ast-hfb-above-header-display":"","ast-hfb-below-header-display":"","ast-hfb-mobile-header-display":"","site-post-title":"","ast-breadcrumbs-content":"","ast-featured-img":"","footer-sml-layout":"","theme-transparent-header-meta":"default","adv-header-id-meta":"","stick-header-meta":"","header-above-stick-meta":"","header-main-stick-meta":"","header-below-stick-meta":""},"product_brand":[],"product_cat":[59],"product_tag":[],"class_list":{"0":"post-31036","1":"product","2":"type-product","3":"status-publish","4":"has-post-thumbnail","6":"product_cat-length-measuring-instrument","7":"desktop-align-left","8":"tablet-align-left","9":"mobile-align-left","11":"first","12":"instock","13":"shipping-taxable","14":"product-type-simple"},"yoast_head":"<!-- This site is optimized with the Yoast SEO Premium plugin v20.12 (Yoast SEO v26.0) - https:\/\/yoast.com\/wordpress\/plugins\/seo\/ -->\n<title>1-200mm Mechanical Length Counter Meter For Wire Spooling Machine - QiPang<\/title>\n<meta name=\"robots\" content=\"index, follow, max-snippet:-1, max-image-preview:large, max-video-preview:-1\" \/>\n<link rel=\"canonical\" href=\"https:\/\/rollingringdrives.com\/es\/producto\/contador-de-metros-de-longitud-de-cable-de-control-manual\/\" \/>\n<meta property=\"og:locale\" content=\"es_MX\" \/>\n<meta property=\"og:type\" content=\"article\" \/>\n<meta property=\"og:title\" content=\"1-200mm Mechanical Length Counter Meter For Wire Spooling Machine\" \/>\n<meta property=\"og:description\" content=\"Features:   Fast Response: Pneumatic components operate quickly, making them suitable for applications requiring frequent lifting and pressing.  Adjustable Force: By adjusting the air pressure, the clamping force can be easily varied to suit the measurement needs of different materials (such as smooth fiber optic cables or rough electrical cables).  Rugged and Durable Construction: Pneumatic cylinders and industrial slides are highly mature and reliable industrial components that can withstand harsh production environments.  Cost-Effective: In most industrial applications, pneumatic solutions have relatively low initial and maintenance costs.\" \/>\n<meta property=\"og:url\" content=\"https:\/\/rollingringdrives.com\/es\/producto\/contador-de-metros-de-longitud-de-cable-de-control-manual\/\" \/>\n<meta property=\"og:site_name\" content=\"QiPang\" \/>\n<meta property=\"article:modified_time\" content=\"2025-11-01T03:06:28+00:00\" \/>\n<meta name=\"twitter:card\" content=\"summary_large_image\" \/>\n<meta name=\"twitter:label1\" content=\"Tiempo de lectura\" \/>\n\t<meta name=\"twitter:data1\" content=\"3 minutos\" \/>\n<script type=\"application\/ld+json\" class=\"yoast-schema-graph\">{\"@context\":\"https:\/\/schema.org\",\"@graph\":[{\"@type\":\"WebPage\",\"@id\":\"https:\/\/rollingringdrives.com\/product\/hand-control-wire-rope-length-meter-counter\/\",\"url\":\"https:\/\/rollingringdrives.com\/product\/hand-control-wire-rope-length-meter-counter\/\",\"name\":\"1-200mm Mechanical Length Counter Meter For Wire Spooling Machine - QiPang\",\"isPartOf\":{\"@id\":\"https:\/\/rollingringdrives.com\/#website\"},\"primaryImageOfPage\":{\"@id\":\"https:\/\/rollingringdrives.com\/product\/hand-control-wire-rope-length-meter-counter\/#primaryimage\"},\"image\":{\"@id\":\"https:\/\/rollingringdrives.com\/product\/hand-control-wire-rope-length-meter-counter\/#primaryimage\"},\"thumbnailUrl\":\"https:\/\/rollingringdrives.com\/wp-content\/uploads\/2024\/01\/mechanical-length-counter-meter.avif\",\"datePublished\":\"2024-01-12T06:24:50+00:00\",\"dateModified\":\"2025-11-01T03:06:28+00:00\",\"breadcrumb\":{\"@id\":\"https:\/\/rollingringdrives.com\/product\/hand-control-wire-rope-length-meter-counter\/#breadcrumb\"},\"inLanguage\":\"es\",\"potentialAction\":[{\"@type\":\"ReadAction\",\"target\":[\"https:\/\/rollingringdrives.com\/product\/hand-control-wire-rope-length-meter-counter\/\"]}]},{\"@type\":\"ImageObject\",\"inLanguage\":\"es\",\"@id\":\"https:\/\/rollingringdrives.com\/product\/hand-control-wire-rope-length-meter-counter\/#primaryimage\",\"url\":\"https:\/\/rollingringdrives.com\/wp-content\/uploads\/2024\/01\/mechanical-length-counter-meter.avif\",\"contentUrl\":\"https:\/\/rollingringdrives.com\/wp-content\/uploads\/2024\/01\/mechanical-length-counter-meter.avif\",\"width\":800,\"height\":800,\"caption\":\"mechanical length counter meter\"},{\"@type\":\"BreadcrumbList\",\"@id\":\"https:\/\/rollingringdrives.com\/product\/hand-control-wire-rope-length-meter-counter\/#breadcrumb\",\"itemListElement\":[{\"@type\":\"ListItem\",\"position\":1,\"name\":\"Home\",\"item\":\"https:\/\/rollingringdrives.com\/\"},{\"@type\":\"ListItem\",\"position\":2,\"name\":\"Machines\",\"item\":\"https:\/\/rollingringdrives.com\/machines\/\"},{\"@type\":\"ListItem\",\"position\":3,\"name\":\"1-200mm Mechanical Length Counter Meter For Wire Spooling Machine\"}]},{\"@type\":\"WebSite\",\"@id\":\"https:\/\/rollingringdrives.com\/#website\",\"url\":\"https:\/\/rollingringdrives.com\/\",\"name\":\"QiPang\",\"description\":\"QiPang Blog\",\"publisher\":{\"@id\":\"https:\/\/rollingringdrives.com\/#organization\"},\"potentialAction\":[{\"@type\":\"SearchAction\",\"target\":{\"@type\":\"EntryPoint\",\"urlTemplate\":\"https:\/\/rollingringdrives.com\/?s={search_term_string}\"},\"query-input\":{\"@type\":\"PropertyValueSpecification\",\"valueRequired\":true,\"valueName\":\"search_term_string\"}}],\"inLanguage\":\"es\"},{\"@type\":\"Organization\",\"@id\":\"https:\/\/rollingringdrives.com\/#organization\",\"name\":\"QiPang\",\"url\":\"https:\/\/rollingringdrives.com\/\",\"logo\":{\"@type\":\"ImageObject\",\"inLanguage\":\"es\",\"@id\":\"https:\/\/rollingringdrives.com\/#\/schema\/logo\/image\/\",\"url\":\"https:\/\/rollingringdrives.com\/wp-content\/uploads\/2023\/05\/cropped-\u672a\u547d\u540d\u7684\u8bbe\u8ba1.png\",\"contentUrl\":\"https:\/\/rollingringdrives.com\/wp-content\/uploads\/2023\/05\/cropped-\u672a\u547d\u540d\u7684\u8bbe\u8ba1.png\",\"width\":300,\"height\":191,\"caption\":\"QiPang\"},\"image\":{\"@id\":\"https:\/\/rollingringdrives.com\/#\/schema\/logo\/image\/\"}}]}<\/script>\n<!-- \/ Yoast SEO Premium plugin. -->","yoast_head_json":{"title":"1-200mm contador de longitud mec\u00e1nica para la m\u00e1quina de bobinado de alambre - QiPang","robots":{"index":"index","follow":"follow","max-snippet":"max-snippet:-1","max-image-preview":"max-image-preview:large","max-video-preview":"max-video-preview:-1"},"canonical":"https:\/\/rollingringdrives.com\/es\/producto\/contador-de-metros-de-longitud-de-cable-de-control-manual\/","og_locale":"es_MX","og_type":"article","og_title":"1-200mm Mechanical Length Counter Meter For Wire Spooling Machine","og_description":"Features:   Fast Response: Pneumatic components operate quickly, making them suitable for applications requiring frequent lifting and pressing.  Adjustable Force: By adjusting the air pressure, the clamping force can be easily varied to suit the measurement needs of different materials (such as smooth fiber optic cables or rough electrical cables).  Rugged and Durable Construction: Pneumatic cylinders and industrial slides are highly mature and reliable industrial components that can withstand harsh production environments.  Cost-Effective: In most industrial applications, pneumatic solutions have relatively low initial and maintenance costs.","og_url":"https:\/\/rollingringdrives.com\/es\/producto\/contador-de-metros-de-longitud-de-cable-de-control-manual\/","og_site_name":"QiPang","article_modified_time":"2025-11-01T03:06:28+00:00","twitter_card":"summary_large_image","twitter_misc":{"Tiempo de lectura":"3 minutos"},"schema":{"@context":"https:\/\/schema.org","@graph":[{"@type":"WebPage","@id":"https:\/\/rollingringdrives.com\/product\/hand-control-wire-rope-length-meter-counter\/","url":"https:\/\/rollingringdrives.com\/product\/hand-control-wire-rope-length-meter-counter\/","name":"1-200mm contador de longitud mec\u00e1nica para la m\u00e1quina de bobinado de alambre - QiPang","isPartOf":{"@id":"https:\/\/rollingringdrives.com\/#website"},"primaryImageOfPage":{"@id":"https:\/\/rollingringdrives.com\/product\/hand-control-wire-rope-length-meter-counter\/#primaryimage"},"image":{"@id":"https:\/\/rollingringdrives.com\/product\/hand-control-wire-rope-length-meter-counter\/#primaryimage"},"thumbnailUrl":"https:\/\/rollingringdrives.com\/wp-content\/uploads\/2024\/01\/mechanical-length-counter-meter.avif","datePublished":"2024-01-12T06:24:50+00:00","dateModified":"2025-11-01T03:06:28+00:00","breadcrumb":{"@id":"https:\/\/rollingringdrives.com\/product\/hand-control-wire-rope-length-meter-counter\/#breadcrumb"},"inLanguage":"es","potentialAction":[{"@type":"ReadAction","target":["https:\/\/rollingringdrives.com\/product\/hand-control-wire-rope-length-meter-counter\/"]}]},{"@type":"ImageObject","inLanguage":"es","@id":"https:\/\/rollingringdrives.com\/product\/hand-control-wire-rope-length-meter-counter\/#primaryimage","url":"https:\/\/rollingringdrives.com\/wp-content\/uploads\/2024\/01\/mechanical-length-counter-meter.avif","contentUrl":"https:\/\/rollingringdrives.com\/wp-content\/uploads\/2024\/01\/mechanical-length-counter-meter.avif","width":800,"height":800,"caption":"mechanical length counter meter"},{"@type":"BreadcrumbList","@id":"https:\/\/rollingringdrives.com\/product\/hand-control-wire-rope-length-meter-counter\/#breadcrumb","itemListElement":[{"@type":"ListItem","position":1,"name":"Home","item":"https:\/\/rollingringdrives.com\/"},{"@type":"ListItem","position":2,"name":"Machines","item":"https:\/\/rollingringdrives.com\/machines\/"},{"@type":"ListItem","position":3,"name":"1-200mm Mechanical Length Counter Meter For Wire Spooling Machine"}]},{"@type":"WebSite","@id":"https:\/\/rollingringdrives.com\/#website","url":"https:\/\/rollingringdrives.com\/","name":"Qi Pang","description":"Blog QiPang","publisher":{"@id":"https:\/\/rollingringdrives.com\/#organization"},"potentialAction":[{"@type":"SearchAction","target":{"@type":"EntryPoint","urlTemplate":"https:\/\/rollingringdrives.com\/?s={search_term_string}"},"query-input":{"@type":"PropertyValueSpecification","valueRequired":true,"valueName":"search_term_string"}}],"inLanguage":"es"},{"@type":"Organization","@id":"https:\/\/rollingringdrives.com\/#organization","name":"Qi Pang","url":"https:\/\/rollingringdrives.com\/","logo":{"@type":"ImageObject","inLanguage":"es","@id":"https:\/\/rollingringdrives.com\/#\/schema\/logo\/image\/","url":"https:\/\/rollingringdrives.com\/wp-content\/uploads\/2023\/05\/cropped-\u672a\u547d\u540d\u7684\u8bbe\u8ba1.png","contentUrl":"https:\/\/rollingringdrives.com\/wp-content\/uploads\/2023\/05\/cropped-\u672a\u547d\u540d\u7684\u8bbe\u8ba1.png","width":300,"height":191,"caption":"QiPang"},"image":{"@id":"https:\/\/rollingringdrives.com\/#\/schema\/logo\/image\/"}}]}},"_links":{"self":[{"href":"https:\/\/rollingringdrives.com\/es\/wp-json\/wp\/v2\/product\/31036","targetHints":{"allow":["GET"]}}],"collection":[{"href":"https:\/\/rollingringdrives.com\/es\/wp-json\/wp\/v2\/product"}],"about":[{"href":"https:\/\/rollingringdrives.com\/es\/wp-json\/wp\/v2\/types\/product"}],"version-history":[{"count":0,"href":"https:\/\/rollingringdrives.com\/es\/wp-json\/wp\/v2\/product\/31036\/revisions"}],"wp:featuredmedia":[{"embeddable":true,"href":"https:\/\/rollingringdrives.com\/es\/wp-json\/wp\/v2\/media\/32630"}],"wp:attachment":[{"href":"https:\/\/rollingringdrives.com\/es\/wp-json\/wp\/v2\/media?parent=31036"}],"wp:term":[{"taxonomy":"product_brand","embeddable":true,"href":"https:\/\/rollingringdrives.com\/es\/wp-json\/wp\/v2\/product_brand?post=31036"},{"taxonomy":"product_cat","embeddable":true,"href":"https:\/\/rollingringdrives.com\/es\/wp-json\/wp\/v2\/product_cat?post=31036"},{"taxonomy":"product_tag","embeddable":true,"href":"https:\/\/rollingringdrives.com\/es\/wp-json\/wp\/v2\/product_tag?post=31036"}],"curies":[{"name":"wp","href":"https:\/\/api.w.org\/{rel}","templated":true}]}}