{"id":31290,"date":"2024-05-08T07:47:15","date_gmt":"2024-05-08T07:47:15","guid":{"rendered":"https:\/\/rollingringdrives.com\/?post_type=product&#038;p=31290"},"modified":"2025-07-07T08:16:08","modified_gmt":"2025-07-07T08:16:08","slug":"hot-production-powder-through-machine-powder-passing-extrusion-line-wire-cable-powder-passing-machine","status":"publish","type":"product","link":"https:\/\/rollingringdrives.com\/es\/producto\/produccion-en-caliente-de-polvo-a-traves-de-la-maquina-linea-de-extrusion-de-polvo-cable-de-alambre-maquina-de-paso-de-polvo\/","title":{"rendered":"M\u00e1quina de filtrado de polvo de alambre y cable para l\u00ednea de extrusi\u00f3n"},"content":{"rendered":"<p align=\"justify\">Aplicador de polvo de talco Aplicaci\u00f3n: La m\u00e1quina es un dispositivo de tama\u00f1o peque\u00f1o que coopera con la extrusora para producir alambre, cuya funci\u00f3n principal es hacer que el alambre de cobre o el alambre central se sequen y queden lisos despu\u00e9s de pulverizarlos.<br \/>\n<div id=\"footable_parent_31293\"\n         class=\"footable_parent ninja_table_wrapper loading_ninja_table wp_table_data_press_parent semantic_ui\">\n                <table data-ninja_table_instance=\"ninja_table_instance_0\" data-footable_id=\"31293\" data-filter-delay=\"1000\" aria-label=\"\u8fc7\u7c89\u673a.csv\"            id=\"footable_31293\"\n           data-unique_identifier=\"ninja_table_unique_id_139933461_31293\"\n           class=\"foo-table ninja_footable foo_table_31293 ninja_table_unique_id_139933461_31293 ui table  nt_type_legacy_table selectable striped vertical_centered  footable-paging-right ninja_table_pro\">\n                <colgroup>\n                            <col class=\"ninja_column_0\">\n                            <col class=\"ninja_column_1\">\n                            <col class=\"ninja_column_2\">\n                            <col class=\"ninja_column_3\">\n                            <col class=\"ninja_column_4\">\n                            <col class=\"ninja_column_5\">\n                            <col class=\"ninja_column_6\">\n                            <col class=\"ninja_column_7\">\n                    <\/colgroup>\n        <thead>\n<tr class=\"footable-header\">\n                                                                                                                                        <th scope=\"col\"  class=\"ninja_column_0 ninja_clmn_nm_name\">Nombre<\/th><th scope=\"col\"  class=\"ninja_column_1 ninja_clmn_nm_machinelength\">Longitud de la m\u00e1quina<\/th><th scope=\"col\"  class=\"ninja_column_2 ninja_clmn_nm_motorspecification\">Especificaciones del motor<\/th><th scope=\"col\"  class=\"ninja_column_3 ninja_clmn_nm_crossingdiameter\">Di\u00e1metro de cruce<\/th><th scope=\"col\"  class=\"ninja_column_4 ninja_clmn_nm_supplyvoltage\">Tensi\u00f3n de alimentaci\u00f3n<\/th><th scope=\"col\"  class=\"ninja_column_5 ninja_clmn_nm_equipmentfunctions\">Funciones del equipo<\/th><th scope=\"col\"  class=\"ninja_column_6 ninja_clmn_nm_centerheight\">Altura del centro<\/th><th scope=\"col\"  class=\"ninja_column_7 ninja_clmn_nm_speedregulation\">Regulaci\u00f3n de velocidad<\/th><\/tr>\n<\/thead>\n<tbody>\n\n        <tr data-row_id=\"1715\" class=\"ninja_table_row_0 nt_row_id_1715\">\n            <td>Con m\u00e1quina para revolver y calentar, mano izquierda<\/td><td>1320 mm<\/td><td>120W 1:50<\/td><td>\u226420mm<\/td><td>220W\/50Hz<\/td><td>320W<\/td><td>1000 mm<\/td><td>ninguno<\/td>        <\/tr>\n            <tr data-row_id=\"1716\" class=\"ninja_table_row_1 nt_row_id_1716\">\n            <td>Con m\u00e1quina para revolver y calentar a la derecha.<\/td><td>1320 mm<\/td><td>120W 1:50<\/td><td>\u2264 20 mm<\/td><td>220W\/50Hz<\/td><td>320W<\/td><td>1000 mm<\/td><td>ninguno<\/td>        <\/tr>\n            <tr data-row_id=\"1717\" class=\"ninja_table_row_2 nt_row_id_1717\">\n            <td>Mezclador y calentamiento de correa de velocidad ajustable para m\u00e1quina izquierda completamente cerrada<\/td><td>1320 mm<\/td><td>120W 1:50<\/td><td>\u2264 20 mm<\/td><td>220W\/50Hz<\/td><td>320W<\/td><td>1000 mm<\/td><td>Regulador de velocidad de 220 V, sin fugas de polvo.<\/td>        <\/tr>\n            <tr data-row_id=\"1718\" class=\"ninja_table_row_3 nt_row_id_1718\">\n            <td>Mezclador y calentamiento de correa de velocidad ajustable de m\u00e1quina derecha completamente cerrada<\/td><td>1320 mm<\/td><td>120W 1:50<\/td><td>\u2264 20 mm<\/td><td>220W\/50Hz<\/td><td>320W<\/td><td>1000 mm<\/td><td>Regulador de velocidad de 220 V, sin fugas de polvo.<\/td>        <\/tr>\n    <\/tbody><!--ninja_tobody_rendering_done-->\n    <\/table>\n    \n    \n    \n<\/div>\n<\/p>\n<p align=\"justify\"><strong>Caracter\u00edstica<\/strong><\/p>\n<p class=\"p\">1. Est\u00e1 completamente cerrado, no vuela polvo y tambi\u00e9n hay un tubo de pl\u00e1stico de desviaci\u00f3n que cae de polvo, que ingresa a la caja recolectora de polvo para recolectar el polvo, el polvo recolectado se puede reutilizar.<\/p>\n<p class=\"p\">2.El polvo de talco se calienta mediante una placa calefactora el\u00e9ctrica y la temperatura de calentamiento es ajustable, lo que puede hacer que el alambre de cobre o el alambre central est\u00e9n secos y suaves.<\/p>\n<p class=\"p\">3.F\u00e1cil de operar y arreglar<\/p>\n<p class=\"p\">4.El pie de la m\u00e1quina tiene cuatro ruedas para realizar un movimiento sencillo.<\/p>\n<p><strong>Diagrama resumido del equipo de prueba de alambres y cables<\/strong><\/p>\n<p><img fetchpriority=\"high\" decoding=\"async\" class=\"alignnone size-full wp-image-31301\" src=\"https:\/\/rollingringdrives.com\/wp-content\/uploads\/2024\/05\/\u82f1-scaled.jpg\" alt=\"Diagrama resumen del equipo de prueba.\" width=\"2560\" height=\"1219\" srcset=\"https:\/\/rollingringdrives.com\/wp-content\/uploads\/2024\/05\/\u82f1-scaled.jpg 2560w, https:\/\/rollingringdrives.com\/wp-content\/uploads\/2024\/05\/\u82f1-300x143.jpg 300w, https:\/\/rollingringdrives.com\/wp-content\/uploads\/2024\/05\/\u82f1-1024x487.jpg 1024w, https:\/\/rollingringdrives.com\/wp-content\/uploads\/2024\/05\/\u82f1-768x366.jpg 768w, https:\/\/rollingringdrives.com\/wp-content\/uploads\/2024\/05\/\u82f1-1536x731.jpg 1536w, https:\/\/rollingringdrives.com\/wp-content\/uploads\/2024\/05\/\u82f1-2048x975.jpg 2048w, https:\/\/rollingringdrives.com\/wp-content\/uploads\/2024\/05\/\u82f1-18x9.jpg 18w, https:\/\/rollingringdrives.com\/wp-content\/uploads\/2024\/05\/\u82f1-600x286.jpg 600w\" sizes=\"(max-width: 2560px) 100vw, 2560px\" \/><\/p>\n<p class=\"p\">","protected":false},"excerpt":{"rendered":"<div class=\"s-item-subtitle\">\n<div class=\"s-component s-text\">\n<div class=\"\">\n<div class=\"s-component-content s-font-body\">\n<div class=\"s-rich-text-wrapper\">\n<p class=\"font-size-tag-small s-text-font-size-over-default s-rich-text-wrapper s-rich-text-wrapper s-rich-text-wrapper s-rich-text-wrapper s-rich-text-wrapper s-rich-text-wrapper s-rich-text-wrapper\">Aplicaci\u00f3n: La m\u00e1quina es un dispositivo de tama\u00f1o peque\u00f1o que coopera con la extrusora para producir alambre, cuya funci\u00f3n principal es hacer que el alambre de cobre o el alambre central se sequen y queden lisos despu\u00e9s de pulverizarlos.<\/p>\n<\/div>\n<\/div>\n<\/div>\n<\/div>\n<\/div>\n<div class=\"s-item-text\">\n<div class=\"s-component s-text\">\n<div class=\"\">\n<div class=\"s-component-content s-font-body\">\n<div class=\"s-rich-text-wrapper\">\n<ul>\n<li class=\"font-size-tag-small s-text-font-size-over-default s-rich-text-wrapper s-rich-text-wrapper s-rich-text-wrapper\">Di\u00e1metro de alambre aplicable: \u226420 mm \uff1b<\/li>\n<li class=\"font-size-tag-small s-text-font-size-over-default\">Potencia de calefacci\u00f3n: 320W;<\/li>\n<li class=\"font-size-tag-small s-text-font-size-over-default\">Medidor de control de temperatura: medidor electr\u00f3nico de control de temperatura;<\/li>\n<li class=\"font-size-tag-small s-text-font-size-over-default\">Tensi\u00f3n de control: 220V, 50HZ.<\/li>\n<li class=\"font-size-tag-small s-text-font-size-over-default\">Estructura completamente sellada, sin fugas de polvo<\/li>\n<li class=\"font-size-tag-small s-text-font-size-over-default\">Agitaci\u00f3n en espiral con placa calefactora interna, tipo calentamiento el\u00e9ctrico, control de temperatura de una secci\u00f3n.<\/li>\n<\/ul>\n<\/div>\n<\/div>\n<\/div>\n<\/div>\n<\/div>","protected":false},"featured_media":31294,"template":"","meta":{"site-sidebar-layout":"default","site-content-layout":"default","ast-global-header-display":"","ast-banner-title-visibility":"","ast-main-header-display":"","ast-hfb-above-header-display":"","ast-hfb-below-header-display":"","ast-hfb-mobile-header-display":"","site-post-title":"","ast-breadcrumbs-content":"","ast-featured-img":"","footer-sml-layout":"","theme-transparent-header-meta":"default","adv-header-id-meta":"","stick-header-meta":"","header-above-stick-meta":"","header-main-stick-meta":"","header-below-stick-meta":""},"product_brand":[],"product_cat":[65,146],"product_tag":[],"class_list":{"0":"post-31290","1":"product","2":"type-product","3":"status-publish","4":"has-post-thumbnail","6":"product_cat-wire-and-cable-testing-equipment","7":"product_cat-cable-powder-machine","8":"desktop-align-left","9":"tablet-align-left","10":"mobile-align-left","12":"first","13":"instock","14":"shipping-taxable","15":"product-type-simple"},"yoast_head":"<!-- This site is optimized with the Yoast SEO Premium plugin v20.12 (Yoast SEO v26.0) - https:\/\/yoast.com\/wordpress\/plugins\/seo\/ -->\n<title>Wire and Cable Powder Filter Machine for Extruder Line - QiPang<\/title>\n<meta name=\"robots\" content=\"index, follow, max-snippet:-1, max-image-preview:large, max-video-preview:-1\" \/>\n<link rel=\"canonical\" href=\"https:\/\/rollingringdrives.com\/es\/producto\/produccion-en-caliente-de-polvo-a-traves-de-la-maquina-linea-de-extrusion-de-polvo-cable-de-alambre-maquina-de-paso-de-polvo\/\" \/>\n<meta property=\"og:locale\" content=\"es_MX\" \/>\n<meta property=\"og:type\" content=\"article\" \/>\n<meta property=\"og:title\" content=\"Wire and Cable Powder Filter Machine for Extruder Line\" \/>\n<meta property=\"og:description\" content=\"Application: The machine is a small-sized device which cooperates with extruder to produce wire, whose main function is to make copper wire or core wire dry and smooth after powdered.              Applicable wire diameter: \u226420mm\uff1b  Heating power: 320W;  Temperature control meter:\u00a0electronic temperature control meter;;  Control voltage: 220V, 50HZ.  Fully sealed structure, no powder leakage  Internal heating plate spiral stirring, electric heating type, one section temperature control.\" \/>\n<meta property=\"og:url\" content=\"https:\/\/rollingringdrives.com\/es\/producto\/produccion-en-caliente-de-polvo-a-traves-de-la-maquina-linea-de-extrusion-de-polvo-cable-de-alambre-maquina-de-paso-de-polvo\/\" \/>\n<meta property=\"og:site_name\" content=\"QiPang\" \/>\n<meta property=\"article:modified_time\" content=\"2025-07-07T08:16:08+00:00\" \/>\n<meta property=\"og:image\" content=\"https:\/\/rollingringdrives.com\/wp-content\/uploads\/2024\/05\/\u8fc7\u7c89\u673a.jpg\" \/>\n\t<meta property=\"og:image:width\" content=\"654\" \/>\n\t<meta property=\"og:image:height\" content=\"654\" \/>\n\t<meta property=\"og:image:type\" content=\"image\/jpeg\" \/>\n<meta name=\"twitter:card\" content=\"summary_large_image\" \/>\n<meta name=\"twitter:label1\" content=\"Tiempo de lectura\" \/>\n\t<meta name=\"twitter:data1\" content=\"1 minuto\" \/>\n<script type=\"application\/ld+json\" class=\"yoast-schema-graph\">{\"@context\":\"https:\/\/schema.org\",\"@graph\":[{\"@type\":\"WebPage\",\"@id\":\"https:\/\/rollingringdrives.com\/product\/hot-production-powder-through-machine-powder-passing-extrusion-line-wire-cable-powder-passing-machine\/\",\"url\":\"https:\/\/rollingringdrives.com\/product\/hot-production-powder-through-machine-powder-passing-extrusion-line-wire-cable-powder-passing-machine\/\",\"name\":\"Wire and Cable Powder Filter Machine for Extruder Line - QiPang\",\"isPartOf\":{\"@id\":\"https:\/\/rollingringdrives.com\/#website\"},\"primaryImageOfPage\":{\"@id\":\"https:\/\/rollingringdrives.com\/product\/hot-production-powder-through-machine-powder-passing-extrusion-line-wire-cable-powder-passing-machine\/#primaryimage\"},\"image\":{\"@id\":\"https:\/\/rollingringdrives.com\/product\/hot-production-powder-through-machine-powder-passing-extrusion-line-wire-cable-powder-passing-machine\/#primaryimage\"},\"thumbnailUrl\":\"https:\/\/rollingringdrives.com\/wp-content\/uploads\/2024\/05\/\u8fc7\u7c89\u673a.jpg\",\"datePublished\":\"2024-05-08T07:47:15+00:00\",\"dateModified\":\"2025-07-07T08:16:08+00:00\",\"breadcrumb\":{\"@id\":\"https:\/\/rollingringdrives.com\/product\/hot-production-powder-through-machine-powder-passing-extrusion-line-wire-cable-powder-passing-machine\/#breadcrumb\"},\"inLanguage\":\"es\",\"potentialAction\":[{\"@type\":\"ReadAction\",\"target\":[\"https:\/\/rollingringdrives.com\/product\/hot-production-powder-through-machine-powder-passing-extrusion-line-wire-cable-powder-passing-machine\/\"]}]},{\"@type\":\"ImageObject\",\"inLanguage\":\"es\",\"@id\":\"https:\/\/rollingringdrives.com\/product\/hot-production-powder-through-machine-powder-passing-extrusion-line-wire-cable-powder-passing-machine\/#primaryimage\",\"url\":\"https:\/\/rollingringdrives.com\/wp-content\/uploads\/2024\/05\/\u8fc7\u7c89\u673a.jpg\",\"contentUrl\":\"https:\/\/rollingringdrives.com\/wp-content\/uploads\/2024\/05\/\u8fc7\u7c89\u673a.jpg\",\"width\":654,\"height\":654,\"caption\":\"Cable Powder Machine\"},{\"@type\":\"BreadcrumbList\",\"@id\":\"https:\/\/rollingringdrives.com\/product\/hot-production-powder-through-machine-powder-passing-extrusion-line-wire-cable-powder-passing-machine\/#breadcrumb\",\"itemListElement\":[{\"@type\":\"ListItem\",\"position\":1,\"name\":\"Home\",\"item\":\"https:\/\/rollingringdrives.com\/\"},{\"@type\":\"ListItem\",\"position\":2,\"name\":\"Machines\",\"item\":\"https:\/\/rollingringdrives.com\/machines\/\"},{\"@type\":\"ListItem\",\"position\":3,\"name\":\"Wire and Cable Powder Filter Machine for Extruder Line\"}]},{\"@type\":\"WebSite\",\"@id\":\"https:\/\/rollingringdrives.com\/#website\",\"url\":\"https:\/\/rollingringdrives.com\/\",\"name\":\"QiPang\",\"description\":\"QiPang Blog\",\"publisher\":{\"@id\":\"https:\/\/rollingringdrives.com\/#organization\"},\"potentialAction\":[{\"@type\":\"SearchAction\",\"target\":{\"@type\":\"EntryPoint\",\"urlTemplate\":\"https:\/\/rollingringdrives.com\/?s={search_term_string}\"},\"query-input\":{\"@type\":\"PropertyValueSpecification\",\"valueRequired\":true,\"valueName\":\"search_term_string\"}}],\"inLanguage\":\"es\"},{\"@type\":\"Organization\",\"@id\":\"https:\/\/rollingringdrives.com\/#organization\",\"name\":\"QiPang\",\"url\":\"https:\/\/rollingringdrives.com\/\",\"logo\":{\"@type\":\"ImageObject\",\"inLanguage\":\"es\",\"@id\":\"https:\/\/rollingringdrives.com\/#\/schema\/logo\/image\/\",\"url\":\"https:\/\/rollingringdrives.com\/wp-content\/uploads\/2023\/05\/cropped-\u672a\u547d\u540d\u7684\u8bbe\u8ba1.png\",\"contentUrl\":\"https:\/\/rollingringdrives.com\/wp-content\/uploads\/2023\/05\/cropped-\u672a\u547d\u540d\u7684\u8bbe\u8ba1.png\",\"width\":300,\"height\":191,\"caption\":\"QiPang\"},\"image\":{\"@id\":\"https:\/\/rollingringdrives.com\/#\/schema\/logo\/image\/\"}}]}<\/script>\n<!-- \/ Yoast SEO Premium plugin. -->","yoast_head_json":{"title":"M\u00e1quina de filtrado de polvo de alambre y cable para l\u00ednea de extrusi\u00f3n - QiPang","robots":{"index":"index","follow":"follow","max-snippet":"max-snippet:-1","max-image-preview":"max-image-preview:large","max-video-preview":"max-video-preview:-1"},"canonical":"https:\/\/rollingringdrives.com\/es\/producto\/produccion-en-caliente-de-polvo-a-traves-de-la-maquina-linea-de-extrusion-de-polvo-cable-de-alambre-maquina-de-paso-de-polvo\/","og_locale":"es_MX","og_type":"article","og_title":"Wire and Cable Powder Filter Machine for Extruder Line","og_description":"Application: The machine is a small-sized device which cooperates with extruder to produce wire, whose main function is to make copper wire or core wire dry and smooth after powdered.              Applicable wire diameter: \u226420mm\uff1b  Heating power: 320W;  Temperature control meter:\u00a0electronic temperature control meter;;  Control voltage: 220V, 50HZ.  Fully sealed structure, no powder leakage  Internal heating plate spiral stirring, electric heating type, one section temperature control.","og_url":"https:\/\/rollingringdrives.com\/es\/producto\/produccion-en-caliente-de-polvo-a-traves-de-la-maquina-linea-de-extrusion-de-polvo-cable-de-alambre-maquina-de-paso-de-polvo\/","og_site_name":"QiPang","article_modified_time":"2025-07-07T08:16:08+00:00","og_image":[{"width":654,"height":654,"url":"https:\/\/rollingringdrives.com\/wp-content\/uploads\/2024\/05\/\u8fc7\u7c89\u673a.jpg","type":"image\/jpeg"}],"twitter_card":"summary_large_image","twitter_misc":{"Tiempo de lectura":"1 minuto"},"schema":{"@context":"https:\/\/schema.org","@graph":[{"@type":"WebPage","@id":"https:\/\/rollingringdrives.com\/product\/hot-production-powder-through-machine-powder-passing-extrusion-line-wire-cable-powder-passing-machine\/","url":"https:\/\/rollingringdrives.com\/product\/hot-production-powder-through-machine-powder-passing-extrusion-line-wire-cable-powder-passing-machine\/","name":"M\u00e1quina de filtrado de polvo de alambre y cable para l\u00ednea de extrusi\u00f3n - QiPang","isPartOf":{"@id":"https:\/\/rollingringdrives.com\/#website"},"primaryImageOfPage":{"@id":"https:\/\/rollingringdrives.com\/product\/hot-production-powder-through-machine-powder-passing-extrusion-line-wire-cable-powder-passing-machine\/#primaryimage"},"image":{"@id":"https:\/\/rollingringdrives.com\/product\/hot-production-powder-through-machine-powder-passing-extrusion-line-wire-cable-powder-passing-machine\/#primaryimage"},"thumbnailUrl":"https:\/\/rollingringdrives.com\/wp-content\/uploads\/2024\/05\/\u8fc7\u7c89\u673a.jpg","datePublished":"2024-05-08T07:47:15+00:00","dateModified":"2025-07-07T08:16:08+00:00","breadcrumb":{"@id":"https:\/\/rollingringdrives.com\/product\/hot-production-powder-through-machine-powder-passing-extrusion-line-wire-cable-powder-passing-machine\/#breadcrumb"},"inLanguage":"es","potentialAction":[{"@type":"ReadAction","target":["https:\/\/rollingringdrives.com\/product\/hot-production-powder-through-machine-powder-passing-extrusion-line-wire-cable-powder-passing-machine\/"]}]},{"@type":"ImageObject","inLanguage":"es","@id":"https:\/\/rollingringdrives.com\/product\/hot-production-powder-through-machine-powder-passing-extrusion-line-wire-cable-powder-passing-machine\/#primaryimage","url":"https:\/\/rollingringdrives.com\/wp-content\/uploads\/2024\/05\/\u8fc7\u7c89\u673a.jpg","contentUrl":"https:\/\/rollingringdrives.com\/wp-content\/uploads\/2024\/05\/\u8fc7\u7c89\u673a.jpg","width":654,"height":654,"caption":"Cable Powder Machine"},{"@type":"BreadcrumbList","@id":"https:\/\/rollingringdrives.com\/product\/hot-production-powder-through-machine-powder-passing-extrusion-line-wire-cable-powder-passing-machine\/#breadcrumb","itemListElement":[{"@type":"ListItem","position":1,"name":"Home","item":"https:\/\/rollingringdrives.com\/"},{"@type":"ListItem","position":2,"name":"Machines","item":"https:\/\/rollingringdrives.com\/machines\/"},{"@type":"ListItem","position":3,"name":"Wire and Cable Powder Filter Machine for Extruder Line"}]},{"@type":"WebSite","@id":"https:\/\/rollingringdrives.com\/#website","url":"https:\/\/rollingringdrives.com\/","name":"Qi Pang","description":"Blog QiPang","publisher":{"@id":"https:\/\/rollingringdrives.com\/#organization"},"potentialAction":[{"@type":"SearchAction","target":{"@type":"EntryPoint","urlTemplate":"https:\/\/rollingringdrives.com\/?s={search_term_string}"},"query-input":{"@type":"PropertyValueSpecification","valueRequired":true,"valueName":"search_term_string"}}],"inLanguage":"es"},{"@type":"Organization","@id":"https:\/\/rollingringdrives.com\/#organization","name":"Qi Pang","url":"https:\/\/rollingringdrives.com\/","logo":{"@type":"ImageObject","inLanguage":"es","@id":"https:\/\/rollingringdrives.com\/#\/schema\/logo\/image\/","url":"https:\/\/rollingringdrives.com\/wp-content\/uploads\/2023\/05\/cropped-\u672a\u547d\u540d\u7684\u8bbe\u8ba1.png","contentUrl":"https:\/\/rollingringdrives.com\/wp-content\/uploads\/2023\/05\/cropped-\u672a\u547d\u540d\u7684\u8bbe\u8ba1.png","width":300,"height":191,"caption":"QiPang"},"image":{"@id":"https:\/\/rollingringdrives.com\/#\/schema\/logo\/image\/"}}]}},"_links":{"self":[{"href":"https:\/\/rollingringdrives.com\/es\/wp-json\/wp\/v2\/product\/31290","targetHints":{"allow":["GET"]}}],"collection":[{"href":"https:\/\/rollingringdrives.com\/es\/wp-json\/wp\/v2\/product"}],"about":[{"href":"https:\/\/rollingringdrives.com\/es\/wp-json\/wp\/v2\/types\/product"}],"version-history":[{"count":0,"href":"https:\/\/rollingringdrives.com\/es\/wp-json\/wp\/v2\/product\/31290\/revisions"}],"wp:featuredmedia":[{"embeddable":true,"href":"https:\/\/rollingringdrives.com\/es\/wp-json\/wp\/v2\/media\/31294"}],"wp:attachment":[{"href":"https:\/\/rollingringdrives.com\/es\/wp-json\/wp\/v2\/media?parent=31290"}],"wp:term":[{"taxonomy":"product_brand","embeddable":true,"href":"https:\/\/rollingringdrives.com\/es\/wp-json\/wp\/v2\/product_brand?post=31290"},{"taxonomy":"product_cat","embeddable":true,"href":"https:\/\/rollingringdrives.com\/es\/wp-json\/wp\/v2\/product_cat?post=31290"},{"taxonomy":"product_tag","embeddable":true,"href":"https:\/\/rollingringdrives.com\/es\/wp-json\/wp\/v2\/product_tag?post=31290"}],"curies":[{"name":"wp","href":"https:\/\/api.w.org\/{rel}","templated":true}]}}