{"id":31391,"date":"2024-05-11T01:52:35","date_gmt":"2024-05-11T01:52:35","guid":{"rendered":"https:\/\/rollingringdrives.com\/?post_type=product&#038;p=31391"},"modified":"2025-07-07T05:59:30","modified_gmt":"2025-07-07T05:59:30","slug":"qp1246-automatic-coiling-and-wrapping-machine","status":"publish","type":"product","link":"https:\/\/rollingringdrives.com\/es\/producto\/maquina-enrolladora-y-envolvedora-automatica-qp1246\/","title":{"rendered":"M\u00e1quina autom\u00e1tica de bobinado y embalaje QP1246\u00a0"},"content":{"rendered":"<p data-spm-anchor-id=\"a2700.details.0.i18.23ef1798SyvNL5\"><strong>Solicitud:<\/strong><\/p>\n<p>La m\u00e1quina enrolladora y envolvedora de alta velocidad se utiliza principalmente para enrollar y envolver cables despu\u00e9s de la extrusi\u00f3n, lo que puede mejorar la eficiencia del trabajo.<\/p>\n<p><strong>Par\u00e1metros t\u00e9cnicos<\/strong><\/p>\n<div id=\"footable_parent_31406\"\n         class=\"footable_parent ninja_table_wrapper loading_ninja_table wp_table_data_press_parent semantic_ui\">\n                <table data-ninja_table_instance=\"ninja_table_instance_0\" data-footable_id=\"31406\" data-filter-delay=\"1000\" aria-label=\"1246\u6447\u76d8\u5305\u819c\u673a.csv\"            id=\"footable_31406\"\n           data-unique_identifier=\"ninja_table_unique_id_1436265081_31406\"\n           class=\"foo-table ninja_footable foo_table_31406 ninja_table_unique_id_1436265081_31406 ui table  nt_type_legacy_table selectable striped vertical_centered  footable-paging-right ninja_table_pro\">\n                <colgroup>\n                            <col class=\"ninja_column_0\">\n                            <col class=\"ninja_column_1\">\n                    <\/colgroup>\n        <thead>\n<tr class=\"footable-header\">\n                                        <th scope=\"col\"  class=\"ninja_column_0 ninja_clmn_nm_overalldimension\">Dimensi\u00f3n global <\/th><th scope=\"col\"  class=\"ninja_column_1 ninja_clmn_nm_l335w1673h236mm\"> L3350*W1673*H2306mm<\/th><\/tr>\n<\/thead>\n<tbody>\n\n        <tr data-row_id=\"1719\" class=\"ninja_table_row_0 nt_row_id_1719\">\n            <td>Peso neto<\/td><td> 2000kg<\/td>        <\/tr>\n            <tr data-row_id=\"1720\" class=\"ninja_table_row_1 nt_row_id_1720\">\n            <td>Di\u00e1metro exterior m\u00e1ximo del c\u00edrculo<\/td><td>\u00f8460mm<\/td>        <\/tr>\n            <tr data-row_id=\"1721\" class=\"ninja_table_row_2 nt_row_id_1721\">\n            <td>Di\u00e1metro interior del c\u00edrculo<\/td><td>\u03c6130-\u03c6200 mm (tama\u00f1o fijo)<\/td>        <\/tr>\n            <tr data-row_id=\"1722\" class=\"ninja_table_row_3 nt_row_id_1722\">\n            <td>altura del c\u00edrculo<\/td><td>50-120 mm<\/td>        <\/tr>\n            <tr data-row_id=\"1723\" class=\"ninja_table_row_4 nt_row_id_1723\">\n            <td>Velocidad de rotaci\u00f3n <\/td><td>1000 RPM m\u00e1x.<\/td>        <\/tr>\n            <tr data-row_id=\"1724\" class=\"ninja_table_row_5 nt_row_id_1724\">\n            <td>Altura de envoltura<\/td><td>50-120 mm<\/td>        <\/tr>\n            <tr data-row_id=\"1725\" class=\"ninja_table_row_6 nt_row_id_1725\">\n            <td>Peso de la bobina envuelta<\/td><td>&lt;25kg<\/td>        <\/tr>\n            <tr data-row_id=\"1726\" class=\"ninja_table_row_7 nt_row_id_1726\">\n            <td>Material cinematogr\u00e1fico <\/td><td> PVC\/PE<\/td>        <\/tr>\n            <tr data-row_id=\"1727\" class=\"ninja_table_row_8 nt_row_id_1727\">\n            <td>Espesor de la pel\u00edcula<\/td><td> 0,04 mm-0,07 mm<\/td>        <\/tr>\n            <tr data-row_id=\"1728\" class=\"ninja_table_row_9 nt_row_id_1728\">\n            <td>Ancho del tama\u00f1o de la pel\u00edcula <\/td><td>40mm-60mm<\/td>        <\/tr>\n            <tr data-row_id=\"1729\" class=\"ninja_table_row_10 nt_row_id_1729\">\n            <td>Ancho del tama\u00f1o de la etiqueta <\/td><td>50-70 mm Longitud 90 mm-180 mm<\/td>        <\/tr>\n            <tr data-row_id=\"1730\" class=\"ninja_table_row_11 nt_row_id_1730\">\n            <td>Material de la etiqueta<\/td><td>Papel pl\u00e1stico (para asegurar que la etiqueta no respire)<\/td>        <\/tr>\n            <tr data-row_id=\"1731\" class=\"ninja_table_row_12 nt_row_id_1731\">\n            <td>Tipo de cable aplicable<\/td><td>Cable de cadena de arrastre de \u03c63-\u03c612 mm, cable de alimentaci\u00f3n (BV1.5-6 mm2, BVR2.5-10 mm2)<\/td>        <\/tr>\n            <tr data-row_id=\"1732\" class=\"ninja_table_row_13 nt_row_id_1732\">\n            <td>Fuente de alimentaci\u00f3n<\/td><td>AC380V, trif\u00e1sico, 50HZ (China) o seg\u00fan especificaci\u00f3n del cliente.<\/td>        <\/tr>\n            <tr data-row_id=\"1733\" class=\"ninja_table_row_14 nt_row_id_1733\">\n            <td>Suministro de aire<\/td><td>Presi\u00f3n de aire comprimido 5-7 kg\/cm<\/td>        <\/tr>\n    <\/tbody><!--ninja_tobody_rendering_done-->\n    <\/table>\n    \n    \n    \n<\/div>\n\n<div class=\"ast-oembed-container\" style=\"height: 100%;\"><iframe title=\"M\u00e1quina autom\u00e1tica de bobinado y embalaje QP1246\" width=\"500\" height=\"281\" src=\"https:\/\/www.youtube.com\/embed\/LQLzSw7-HpQ?feature=oembed\" frameborder=\"0\" allow=\"accelerometer; autoplay; clipboard-write; encrypted-media; gyroscope; picture-in-picture; web-share\" referrerpolicy=\"strict-origin-when-cross-origin\" allowfullscreen><\/iframe><\/div>\n<p><strong>Dibujo De La M\u00e1quina<\/strong><\/p>\n<p><img fetchpriority=\"high\" decoding=\"async\" class=\"alignnone size-full wp-image-31407\" src=\"https:\/\/rollingringdrives.com\/wp-content\/uploads\/2024\/05\/1715391100328.png\" alt=\"\" width=\"642\" height=\"381\" srcset=\"https:\/\/rollingringdrives.com\/wp-content\/uploads\/2024\/05\/1715391100328.png 642w, https:\/\/rollingringdrives.com\/wp-content\/uploads\/2024\/05\/1715391100328-300x178.png 300w, https:\/\/rollingringdrives.com\/wp-content\/uploads\/2024\/05\/1715391100328-18x12.png 18w, https:\/\/rollingringdrives.com\/wp-content\/uploads\/2024\/05\/1715391100328-600x356.png 600w\" sizes=\"(max-width: 642px) 100vw, 642px\" \/><\/p>\n<p>Prop\u00f3sito: Se utiliza para enrollar y envolver alambres y cables de forma autom\u00e1tica a alta velocidad.<br \/>\nMaterial de embalaje: pel\u00edcula de PVC\/pel\u00edcula de PE\/pel\u00edcula de PP\/cinta de papel, cinta tejida.<\/p>\n<p><strong>Descripci\u00f3n de las caracter\u00edsticas del proceso<\/strong><br \/>\n1. Puede ser suministrado por la m\u00e1quina devanadora o conectado directamente a la extrusora.<br \/>\n2. La producci\u00f3n de bobinas de alambre es aproximadamente 5 veces mayor que la del bobinado manual (bobinas de alambre de 200 M de largo como columna).<br \/>\n3. Despu\u00e9s de enrollarlo, se puede enviar autom\u00e1ticamente.<br \/>\n4. Esta m\u00e1quina adopta un sistema de disposici\u00f3n de servomotor, lo que hace que la bobina sea limpia y hermosa. Panel de operaci\u00f3n de interfaz hombre-m\u00e1quina tipo pantalla t\u00e1ctil, puede almacenar 99 tipos de diferentes especificaciones de bobinas de alambre, cambiar las especificaciones solo es necesario leer los datos almacenados.<br \/>\n5. Esta m\u00e1quina tiene una funci\u00f3n de detecci\u00f3n autom\u00e1tica de errores, dejando el punto de contacto de la m\u00e1quina de chispa de frecuencia para la detecci\u00f3n de chispa del cable BV, el punto de ruptura autom\u00e1tica de la chispa o el etiquetado manual para continuar en la funci\u00f3n de bucle. (SI la m\u00e1quina de chispa la proporciona el cliente)<br \/>\nTambi\u00e9n tiene un contacto de instrumento de medici\u00f3n de di\u00e1metro: cuando el di\u00e1metro no cumple con el est\u00e1ndar, puede excluir autom\u00e1ticamente la l\u00ednea de desperdicio o continuar circulando despu\u00e9s de la funci\u00f3n de etiquetado manual. (El instrumento de medici\u00f3n de di\u00e1metro lo proporciona el cliente)<br \/>\n6. Todo el conjunto de la m\u00e1quina realiza el cambio autom\u00e1tico de rollo.<\/p>\n<p>Preguntas m\u00e1s frecuentes<\/p>\n<p align=\"left\"><strong>P: \u00bfQu\u00e9 me puedes ofrecer?<\/strong><\/p>\n<p>R: Nuestro personal t\u00e9cnico y de producci\u00f3n profesional puede capacitar a los empleados de nuestros clientes y garantizar la producci\u00f3n fluida de los clientes. Y brindaremos a nuestros clientes un servicio postventa.<\/p>\n<p><strong>P: \u00bfPodr\u00edamos nombrar la marca de las piezas?\u00a0<\/strong><\/p>\n<p align=\"left\">R: S\u00ed, ABB, SIEMENS, Danfoss o el que m\u00e1s te guste.<\/p>\n<p><strong>P: \u00bfCu\u00e1nto dura la garant\u00eda de la m\u00e1quina?<\/strong><br \/>\nR: Per\u00edodo de garant\u00eda de un a\u00f1o (desde la finalizaci\u00f3n exitosa de la puesta en servicio mec\u00e1nica en la f\u00e1brica del comprador)<br \/>\n<strong>P: Esta es la primera vez que importo, \u00bfc\u00f3mo puedo confiar en su empresa y asegurarme de recibir los productos si hago un pedido con ustedes?<\/strong><br \/>\nR: Somos una empresa de certificaci\u00f3n leg\u00edtima (VIP) de Alibaba y admitimos pagos L\/C, T\/T, etc. para garantizar su seguridad.<\/p>\n<p><strong>P: \u00bfPor qu\u00e9 elijo su empresa?<\/strong><br \/>\nR: Contamos con m\u00e1s de 10 a\u00f1os de experiencia profesional en el \u00e1rea de maquinaria para cables, brindando productos de alta calidad y alta seguridad.<\/p>\n<p>Contamos con un equipo experimentado de trabajadores calificados e ingenieros.<br \/>\nPodemos personalizar el dise\u00f1o para aceptar el dise\u00f1o de muestra del cliente.<br \/>\nPodemos proporcionar a los clientes un servicio postventa.<\/p>\n<p>&nbsp;<\/p>","protected":false},"excerpt":{"rendered":"<h2 id=\"1-eael-table-of-content\" class=\"xsj_heading_hash xsj_heading xsj_heading_h2 eael-heading-content\" data-source-line=\"0\" data-source-line-display=\"true\"><span class=\"xsj_heading_content\">Caracter\u00edsticas de la funci\u00f3n<\/span><\/h2>\n<ol class=\"markdown_ol\" data-source-line=\"2\">\n<li data-source-line=\"2\">La operaci\u00f3n es simple con el control autom\u00e1tico de Siemens PLC y el sistema de cable de motor de servicio de interfaz hombre-m\u00e1quina de tipo t\u00e1ctil; el efecto cable es ideal.<\/li>\n<li data-source-line=\"4\">El cable se enrolla, el empaque se completa secuencialmente y la velocidad de producci\u00f3n es r\u00e1pida.<\/li>\n<li data-source-line=\"5\">Ajuste autom\u00e1ticamente el brazo del aro, sin ajuste manual.<\/li>\n<li data-source-line=\"6\">M\u00e1quina enrolladora de cable autom\u00e1tica, libre de etiquetado manual, m\u00e1s segura y conveniente.<\/li>\n<li data-source-line=\"7\">Cuando hay un problema, se detecta autom\u00e1ticamente un error y se env\u00eda una advertencia para alertar al operador.<\/li>\n<li data-source-line=\"8\">Ahorra gastos de mano de obra, ampl\u00eda la capacidad de producci\u00f3n e impulsa la automatizaci\u00f3n industrial.<\/li>\n<\/ol>","protected":false},"featured_media":31408,"template":"","meta":{"site-sidebar-layout":"default","site-content-layout":"default","ast-global-header-display":"","ast-banner-title-visibility":"","ast-main-header-display":"","ast-hfb-above-header-display":"","ast-hfb-below-header-display":"","ast-hfb-mobile-header-display":"","site-post-title":"","ast-breadcrumbs-content":"","ast-featured-img":"","footer-sml-layout":"","theme-transparent-header-meta":"default","adv-header-id-meta":"","stick-header-meta":"","header-above-stick-meta":"","header-main-stick-meta":"","header-below-stick-meta":""},"product_brand":[],"product_cat":[136,139],"product_tag":[],"class_list":{"0":"post-31391","1":"product","2":"type-product","3":"status-publish","4":"has-post-thumbnail","6":"product_cat-coiling-machine","7":"product_cat-cable-coiling-and-wrapping-machines","8":"desktop-align-left","9":"tablet-align-left","10":"mobile-align-left","12":"first","13":"instock","14":"shipping-taxable","15":"product-type-simple"},"yoast_head":"<!-- This site is optimized with the Yoast SEO Premium plugin v20.12 (Yoast SEO v26.0) - https:\/\/yoast.com\/wordpress\/plugins\/seo\/ -->\n<title>QP1246 Automatic Coiling and Wrapping Machine\u00a0 - QiPang<\/title>\n<meta name=\"robots\" content=\"index, follow, max-snippet:-1, max-image-preview:large, max-video-preview:-1\" \/>\n<link rel=\"canonical\" href=\"https:\/\/rollingringdrives.com\/es\/producto\/maquina-enrolladora-y-envolvedora-automatica-qp1246\/\" \/>\n<meta property=\"og:locale\" content=\"es_MX\" \/>\n<meta property=\"og:type\" content=\"article\" \/>\n<meta property=\"og:title\" content=\"QP1246 Automatic Coiling and Wrapping Machine\u00a0\" \/>\n<meta property=\"og:description\" content=\"Function Features   The operation is simple with Siemens PLC\u2019s automatic control and touch-types human-machine interface service motor cable system; the cable effect is ideal.  The cable is wound, the packing is completed sequentially, and the production speed is fast.  Automatically adjust the hoop arm, free of manual adjustment.  Automatic cable coiling machine, free of manual labeling, safer, and more convenient.  When there is a problem, an error is automatically detected, and a warning is sent to alert the operator.  It saves workforce expenditure, expands production capacity, and boosts industrial automation.\" \/>\n<meta property=\"og:url\" content=\"https:\/\/rollingringdrives.com\/es\/producto\/maquina-enrolladora-y-envolvedora-automatica-qp1246\/\" \/>\n<meta property=\"og:site_name\" content=\"QiPang\" \/>\n<meta property=\"article:modified_time\" content=\"2025-07-07T05:59:30+00:00\" \/>\n<meta property=\"og:image\" content=\"https:\/\/rollingringdrives.com\/wp-content\/uploads\/2024\/05\/\u5b98\u7f51.jpg\" \/>\n\t<meta property=\"og:image:width\" content=\"600\" \/>\n\t<meta property=\"og:image:height\" content=\"600\" \/>\n\t<meta property=\"og:image:type\" content=\"image\/jpeg\" \/>\n<meta name=\"twitter:card\" content=\"summary_large_image\" \/>\n<meta name=\"twitter:label1\" content=\"Tiempo de lectura\" \/>\n\t<meta name=\"twitter:data1\" content=\"3 minutos\" \/>\n<script type=\"application\/ld+json\" class=\"yoast-schema-graph\">{\"@context\":\"https:\/\/schema.org\",\"@graph\":[{\"@type\":\"WebPage\",\"@id\":\"https:\/\/rollingringdrives.com\/product\/qp1246-automatic-coiling-and-wrapping-machine\/\",\"url\":\"https:\/\/rollingringdrives.com\/product\/qp1246-automatic-coiling-and-wrapping-machine\/\",\"name\":\"QP1246 Automatic Coiling and Wrapping Machine\u00a0 - QiPang\",\"isPartOf\":{\"@id\":\"https:\/\/rollingringdrives.com\/#website\"},\"primaryImageOfPage\":{\"@id\":\"https:\/\/rollingringdrives.com\/product\/qp1246-automatic-coiling-and-wrapping-machine\/#primaryimage\"},\"image\":{\"@id\":\"https:\/\/rollingringdrives.com\/product\/qp1246-automatic-coiling-and-wrapping-machine\/#primaryimage\"},\"thumbnailUrl\":\"https:\/\/rollingringdrives.com\/wp-content\/uploads\/2024\/05\/\u5b98\u7f51.jpg\",\"datePublished\":\"2024-05-11T01:52:35+00:00\",\"dateModified\":\"2025-07-07T05:59:30+00:00\",\"breadcrumb\":{\"@id\":\"https:\/\/rollingringdrives.com\/product\/qp1246-automatic-coiling-and-wrapping-machine\/#breadcrumb\"},\"inLanguage\":\"es\",\"potentialAction\":[{\"@type\":\"ReadAction\",\"target\":[\"https:\/\/rollingringdrives.com\/product\/qp1246-automatic-coiling-and-wrapping-machine\/\"]}]},{\"@type\":\"ImageObject\",\"inLanguage\":\"es\",\"@id\":\"https:\/\/rollingringdrives.com\/product\/qp1246-automatic-coiling-and-wrapping-machine\/#primaryimage\",\"url\":\"https:\/\/rollingringdrives.com\/wp-content\/uploads\/2024\/05\/\u5b98\u7f51.jpg\",\"contentUrl\":\"https:\/\/rollingringdrives.com\/wp-content\/uploads\/2024\/05\/\u5b98\u7f51.jpg\",\"width\":600,\"height\":600,\"caption\":\"QP1246 Automatic Coiling and Wrapping Machine\"},{\"@type\":\"BreadcrumbList\",\"@id\":\"https:\/\/rollingringdrives.com\/product\/qp1246-automatic-coiling-and-wrapping-machine\/#breadcrumb\",\"itemListElement\":[{\"@type\":\"ListItem\",\"position\":1,\"name\":\"Home\",\"item\":\"https:\/\/rollingringdrives.com\/\"},{\"@type\":\"ListItem\",\"position\":2,\"name\":\"Machines\",\"item\":\"https:\/\/rollingringdrives.com\/machines\/\"},{\"@type\":\"ListItem\",\"position\":3,\"name\":\"QP1246 Automatic Coiling and Wrapping Machine\u00a0\"}]},{\"@type\":\"WebSite\",\"@id\":\"https:\/\/rollingringdrives.com\/#website\",\"url\":\"https:\/\/rollingringdrives.com\/\",\"name\":\"QiPang\",\"description\":\"QiPang Blog\",\"publisher\":{\"@id\":\"https:\/\/rollingringdrives.com\/#organization\"},\"potentialAction\":[{\"@type\":\"SearchAction\",\"target\":{\"@type\":\"EntryPoint\",\"urlTemplate\":\"https:\/\/rollingringdrives.com\/?s={search_term_string}\"},\"query-input\":{\"@type\":\"PropertyValueSpecification\",\"valueRequired\":true,\"valueName\":\"search_term_string\"}}],\"inLanguage\":\"es\"},{\"@type\":\"Organization\",\"@id\":\"https:\/\/rollingringdrives.com\/#organization\",\"name\":\"QiPang\",\"url\":\"https:\/\/rollingringdrives.com\/\",\"logo\":{\"@type\":\"ImageObject\",\"inLanguage\":\"es\",\"@id\":\"https:\/\/rollingringdrives.com\/#\/schema\/logo\/image\/\",\"url\":\"https:\/\/rollingringdrives.com\/wp-content\/uploads\/2023\/05\/cropped-\u672a\u547d\u540d\u7684\u8bbe\u8ba1.png\",\"contentUrl\":\"https:\/\/rollingringdrives.com\/wp-content\/uploads\/2023\/05\/cropped-\u672a\u547d\u540d\u7684\u8bbe\u8ba1.png\",\"width\":300,\"height\":191,\"caption\":\"QiPang\"},\"image\":{\"@id\":\"https:\/\/rollingringdrives.com\/#\/schema\/logo\/image\/\"}}]}<\/script>\n<!-- \/ Yoast SEO Premium plugin. -->","yoast_head_json":{"title":"M\u00e1quina enrolladora y envolvedora autom\u00e1tica QP1246 - QiPang","robots":{"index":"index","follow":"follow","max-snippet":"max-snippet:-1","max-image-preview":"max-image-preview:large","max-video-preview":"max-video-preview:-1"},"canonical":"https:\/\/rollingringdrives.com\/es\/producto\/maquina-enrolladora-y-envolvedora-automatica-qp1246\/","og_locale":"es_MX","og_type":"article","og_title":"QP1246 Automatic Coiling and Wrapping Machine\u00a0","og_description":"Function Features   The operation is simple with Siemens PLC\u2019s automatic control and touch-types human-machine interface service motor cable system; the cable effect is ideal.  The cable is wound, the packing is completed sequentially, and the production speed is fast.  Automatically adjust the hoop arm, free of manual adjustment.  Automatic cable coiling machine, free of manual labeling, safer, and more convenient.  When there is a problem, an error is automatically detected, and a warning is sent to alert the operator.  It saves workforce expenditure, expands production capacity, and boosts industrial automation.","og_url":"https:\/\/rollingringdrives.com\/es\/producto\/maquina-enrolladora-y-envolvedora-automatica-qp1246\/","og_site_name":"QiPang","article_modified_time":"2025-07-07T05:59:30+00:00","og_image":[{"width":600,"height":600,"url":"https:\/\/rollingringdrives.com\/wp-content\/uploads\/2024\/05\/\u5b98\u7f51.jpg","type":"image\/jpeg"}],"twitter_card":"summary_large_image","twitter_misc":{"Tiempo de lectura":"3 minutos"},"schema":{"@context":"https:\/\/schema.org","@graph":[{"@type":"WebPage","@id":"https:\/\/rollingringdrives.com\/product\/qp1246-automatic-coiling-and-wrapping-machine\/","url":"https:\/\/rollingringdrives.com\/product\/qp1246-automatic-coiling-and-wrapping-machine\/","name":"M\u00e1quina enrolladora y envolvedora autom\u00e1tica QP1246 - QiPang","isPartOf":{"@id":"https:\/\/rollingringdrives.com\/#website"},"primaryImageOfPage":{"@id":"https:\/\/rollingringdrives.com\/product\/qp1246-automatic-coiling-and-wrapping-machine\/#primaryimage"},"image":{"@id":"https:\/\/rollingringdrives.com\/product\/qp1246-automatic-coiling-and-wrapping-machine\/#primaryimage"},"thumbnailUrl":"https:\/\/rollingringdrives.com\/wp-content\/uploads\/2024\/05\/\u5b98\u7f51.jpg","datePublished":"2024-05-11T01:52:35+00:00","dateModified":"2025-07-07T05:59:30+00:00","breadcrumb":{"@id":"https:\/\/rollingringdrives.com\/product\/qp1246-automatic-coiling-and-wrapping-machine\/#breadcrumb"},"inLanguage":"es","potentialAction":[{"@type":"ReadAction","target":["https:\/\/rollingringdrives.com\/product\/qp1246-automatic-coiling-and-wrapping-machine\/"]}]},{"@type":"ImageObject","inLanguage":"es","@id":"https:\/\/rollingringdrives.com\/product\/qp1246-automatic-coiling-and-wrapping-machine\/#primaryimage","url":"https:\/\/rollingringdrives.com\/wp-content\/uploads\/2024\/05\/\u5b98\u7f51.jpg","contentUrl":"https:\/\/rollingringdrives.com\/wp-content\/uploads\/2024\/05\/\u5b98\u7f51.jpg","width":600,"height":600,"caption":"QP1246 Automatic Coiling and Wrapping Machine"},{"@type":"BreadcrumbList","@id":"https:\/\/rollingringdrives.com\/product\/qp1246-automatic-coiling-and-wrapping-machine\/#breadcrumb","itemListElement":[{"@type":"ListItem","position":1,"name":"Home","item":"https:\/\/rollingringdrives.com\/"},{"@type":"ListItem","position":2,"name":"Machines","item":"https:\/\/rollingringdrives.com\/machines\/"},{"@type":"ListItem","position":3,"name":"QP1246 Automatic Coiling and Wrapping Machine\u00a0"}]},{"@type":"WebSite","@id":"https:\/\/rollingringdrives.com\/#website","url":"https:\/\/rollingringdrives.com\/","name":"Qi Pang","description":"Blog QiPang","publisher":{"@id":"https:\/\/rollingringdrives.com\/#organization"},"potentialAction":[{"@type":"SearchAction","target":{"@type":"EntryPoint","urlTemplate":"https:\/\/rollingringdrives.com\/?s={search_term_string}"},"query-input":{"@type":"PropertyValueSpecification","valueRequired":true,"valueName":"search_term_string"}}],"inLanguage":"es"},{"@type":"Organization","@id":"https:\/\/rollingringdrives.com\/#organization","name":"Qi Pang","url":"https:\/\/rollingringdrives.com\/","logo":{"@type":"ImageObject","inLanguage":"es","@id":"https:\/\/rollingringdrives.com\/#\/schema\/logo\/image\/","url":"https:\/\/rollingringdrives.com\/wp-content\/uploads\/2023\/05\/cropped-\u672a\u547d\u540d\u7684\u8bbe\u8ba1.png","contentUrl":"https:\/\/rollingringdrives.com\/wp-content\/uploads\/2023\/05\/cropped-\u672a\u547d\u540d\u7684\u8bbe\u8ba1.png","width":300,"height":191,"caption":"QiPang"},"image":{"@id":"https:\/\/rollingringdrives.com\/#\/schema\/logo\/image\/"}}]}},"_links":{"self":[{"href":"https:\/\/rollingringdrives.com\/es\/wp-json\/wp\/v2\/product\/31391","targetHints":{"allow":["GET"]}}],"collection":[{"href":"https:\/\/rollingringdrives.com\/es\/wp-json\/wp\/v2\/product"}],"about":[{"href":"https:\/\/rollingringdrives.com\/es\/wp-json\/wp\/v2\/types\/product"}],"version-history":[{"count":0,"href":"https:\/\/rollingringdrives.com\/es\/wp-json\/wp\/v2\/product\/31391\/revisions"}],"wp:featuredmedia":[{"embeddable":true,"href":"https:\/\/rollingringdrives.com\/es\/wp-json\/wp\/v2\/media\/31408"}],"wp:attachment":[{"href":"https:\/\/rollingringdrives.com\/es\/wp-json\/wp\/v2\/media?parent=31391"}],"wp:term":[{"taxonomy":"product_brand","embeddable":true,"href":"https:\/\/rollingringdrives.com\/es\/wp-json\/wp\/v2\/product_brand?post=31391"},{"taxonomy":"product_cat","embeddable":true,"href":"https:\/\/rollingringdrives.com\/es\/wp-json\/wp\/v2\/product_cat?post=31391"},{"taxonomy":"product_tag","embeddable":true,"href":"https:\/\/rollingringdrives.com\/es\/wp-json\/wp\/v2\/product_tag?post=31391"}],"curies":[{"name":"wp","href":"https:\/\/api.w.org\/{rel}","templated":true}]}}