{"id":31459,"date":"2024-05-11T08:07:43","date_gmt":"2024-05-11T08:07:43","guid":{"rendered":"https:\/\/rollingringdrives.com\/?post_type=product&#038;p=31459"},"modified":"2025-07-07T05:58:09","modified_gmt":"2025-07-07T05:58:09","slug":"qp1240-automatic-cable-coiling-machine-and-automatic-taping-machine","status":"publish","type":"product","link":"https:\/\/rollingringdrives.com\/es\/producto\/maquina-enrolladora-automatica-de-cables-qp1240-y-maquina-encintadora-automatica\/","title":{"rendered":"M\u00e1quina enrolladora de cables autom\u00e1tica QP1240 y m\u00e1quina encintadora autom\u00e1tica"},"content":{"rendered":"<p><strong>Descripci\u00f3n<\/strong><\/p>\n<p>La m\u00e1quina bobinadora de alta velocidad se utiliza principalmente para bobinar cables despu\u00e9s de la extrusi\u00f3n. Esta m\u00e1quina viene con una funci\u00f3n de atado autom\u00e1tico, que puede mejorar la eficiencia del trabajo.<\/p>\n<p><strong>El uso de la m\u00e1quina<\/strong><br \/>\n1. Ahorra mano de obra, toda la secci\u00f3n est\u00e1 automatizada en el rollo, incluida la alimentaci\u00f3n del cilindro, los productos autom\u00e1ticos en el amarre del rollo, el etiquetado, el sellado y el corte por termocontracci\u00f3n.<br \/>\n2. Los productos se laminan de forma secuencial.<\/p>\n<div id=\"footable_parent_31487\"\n         class=\"footable_parent ninja_table_wrapper loading_ninja_table wp_table_data_press_parent semantic_ui\">\n                <table data-ninja_table_instance=\"ninja_table_instance_0\" data-footable_id=\"31487\" data-filter-delay=\"1000\" aria-label=\"1240\u624e\u5e26\u673a.csv\"            id=\"footable_31487\"\n           data-unique_identifier=\"ninja_table_unique_id_2108371870_31487\"\n           class=\"foo-table ninja_footable foo_table_31487 ninja_table_unique_id_2108371870_31487 ui table  nt_type_legacy_table selectable striped vertical_centered  footable-paging-right ninja_table_pro\">\n                <colgroup>\n                            <col class=\"ninja_column_0\">\n                            <col class=\"ninja_column_1\">\n                    <\/colgroup>\n        <thead>\n<tr class=\"footable-header\">\n                                        <th scope=\"col\"  class=\"ninja_column_0 ninja_clmn_nm_overalldimension\">Dimensi\u00f3n global <\/th><th scope=\"col\"  class=\"ninja_column_1 ninja_clmn_nm_l26w1279h2353mm\"> L2600*W1279*H2353mm<\/th><\/tr>\n<\/thead>\n<tbody>\n\n        <tr data-row_id=\"1734\" class=\"ninja_table_row_0 nt_row_id_1734\">\n            <td>Peso neto<\/td><td> 1350 kilos<\/td>        <\/tr>\n            <tr data-row_id=\"1735\" class=\"ninja_table_row_1 nt_row_id_1735\">\n            <td> di\u00e1metro exterior del c\u00edrculo<\/td><td>\u00f8350mm<\/td>        <\/tr>\n            <tr data-row_id=\"1736\" class=\"ninja_table_row_2 nt_row_id_1736\">\n            <td>Di\u00e1metro interior del c\u00edrculo<\/td><td>\u03c6130-\u03c6160 mm (tama\u00f1o fijo)<\/td>        <\/tr>\n            <tr data-row_id=\"1737\" class=\"ninja_table_row_3 nt_row_id_1737\">\n            <td>altura del c\u00edrculo<\/td><td>50-120 mm<\/td>        <\/tr>\n            <tr data-row_id=\"1738\" class=\"ninja_table_row_4 nt_row_id_1738\">\n            <td>El rango de di\u00e1metro exterior de la bobina del cable.<\/td><td>\u00f8200-300 mm<\/td>        <\/tr>\n            <tr data-row_id=\"1739\" class=\"ninja_table_row_5 nt_row_id_1739\">\n            <td>Altura de envoltura<\/td><td>50-100 mm<\/td>        <\/tr>\n            <tr data-row_id=\"1740\" class=\"ninja_table_row_6 nt_row_id_1740\">\n            <td>N\u00famero de empates<\/td><td>Envuelva la brida para cables una vez<\/td>        <\/tr>\n            <tr data-row_id=\"1741\" class=\"ninja_table_row_7 nt_row_id_1741\">\n            <td>Material cinematogr\u00e1fico <\/td><td>Corbata transparente OPP Espesor 0,10 mm ~ 0,12 mm \u00d7 Ancho 20 mm.<\/td>        <\/tr>\n            <tr data-row_id=\"1742\" class=\"ninja_table_row_8 nt_row_id_1742\">\n            <td>Tipo de cable aplicable<\/td><td>Cable de alimentaci\u00f3n de \u03c63-\u03c6mm (BV1,5-6 mm2, BVR2,5-10 mm2)<\/td>        <\/tr>\n            <tr data-row_id=\"1743\" class=\"ninja_table_row_9 nt_row_id_1743\">\n            <td>Fuente de alimentaci\u00f3n<\/td><td>AC380V, trif\u00e1sico, 50HZ (China) o seg\u00fan especificaci\u00f3n del cliente.<\/td>        <\/tr>\n            <tr data-row_id=\"1744\" class=\"ninja_table_row_10 nt_row_id_1744\">\n            <td>Suministro de aire<\/td><td>Presi\u00f3n de aire comprimido 5-7 kg\/cm\u00b3<\/td>        <\/tr>\n    <\/tbody><!--ninja_tobody_rendering_done-->\n    <\/table>\n    \n    \n    \n<\/div>\n\n<div class=\"ast-oembed-container\" style=\"height: 100%;\"><iframe title=\"M\u00e1quina enrolladora de cables autom\u00e1tica QP1240 y m\u00e1quina encintadora autom\u00e1tica\" width=\"500\" height=\"281\" src=\"https:\/\/www.youtube.com\/embed\/Gdu5D5OdS0o?feature=oembed\" frameborder=\"0\" allow=\"accelerometer; autoplay; clipboard-write; encrypted-media; gyroscope; picture-in-picture; web-share\" referrerpolicy=\"strict-origin-when-cross-origin\" allowfullscreen><\/iframe><\/div>\n<p><strong>Descripci\u00f3n de las caracter\u00edsticas del proceso<\/strong><br \/>\n1. Puede ser suministrado por la m\u00e1quina devanadora o conectado directamente a la extrusora.<br \/>\n2. La producci\u00f3n de bobinas de alambre es aproximadamente 5 veces mayor que la del bobinado manual (bobinas de alambre de 200 M de largo como columna).<br \/>\n3. Despu\u00e9s de enrollarlo, se puede enviar autom\u00e1ticamente.<br \/>\n4. Esta m\u00e1quina adopta un sistema de disposici\u00f3n de servomotor, lo que hace que la bobina sea limpia y hermosa. Panel de operaci\u00f3n de interfaz hombre-m\u00e1quina tipo pantalla t\u00e1ctil, puede almacenar 99 tipos de diferentes especificaciones de bobinas de alambre, cambiar las especificaciones solo es necesario leer los datos almacenados.<br \/>\n5. Esta m\u00e1quina tiene una funci\u00f3n de detecci\u00f3n autom\u00e1tica de errores, dejando el punto de contacto de la m\u00e1quina de chispa de frecuencia para la detecci\u00f3n de chispa del cable BV, el punto de ruptura autom\u00e1tica de la chispa o el etiquetado manual para continuar en la funci\u00f3n de bucle. (SI la m\u00e1quina de chispa la proporciona el cliente)<br \/>\nTambi\u00e9n tiene un contacto de instrumento de medici\u00f3n de di\u00e1metro: cuando el di\u00e1metro no cumple con el est\u00e1ndar, puede excluir autom\u00e1ticamente la l\u00ednea de desperdicio o continuar circulando despu\u00e9s de la funci\u00f3n de etiquetado manual. (El instrumento de medici\u00f3n de di\u00e1metro lo proporciona el cliente)<br \/>\n6. Todo el conjunto de la m\u00e1quina realiza el cambio autom\u00e1tico de rollo.<\/p>\n<p><strong>Dibujo De La M\u00e1quina<\/strong><\/p>\n<p><img fetchpriority=\"high\" decoding=\"async\" class=\"alignnone size-full wp-image-31488\" src=\"https:\/\/rollingringdrives.com\/wp-content\/uploads\/2024\/05\/1715413950553.png\" alt=\"\" width=\"558\" height=\"352\" srcset=\"https:\/\/rollingringdrives.com\/wp-content\/uploads\/2024\/05\/1715413950553.png 558w, https:\/\/rollingringdrives.com\/wp-content\/uploads\/2024\/05\/1715413950553-300x189.png 300w, https:\/\/rollingringdrives.com\/wp-content\/uploads\/2024\/05\/1715413950553-18x12.png 18w\" sizes=\"(max-width: 558px) 100vw, 558px\" \/><\/p>\n<figure id=\"attachment_31489\" aria-describedby=\"caption-attachment-31489\" style=\"width: 582px\" class=\"wp-caption alignnone\"><img decoding=\"async\" class=\"size-full wp-image-31489\" src=\"https:\/\/rollingringdrives.com\/wp-content\/uploads\/2024\/05\/1715412988980.png\" alt=\"\" width=\"582\" height=\"395\" srcset=\"https:\/\/rollingringdrives.com\/wp-content\/uploads\/2024\/05\/1715412988980.png 582w, https:\/\/rollingringdrives.com\/wp-content\/uploads\/2024\/05\/1715412988980-300x204.png 300w, https:\/\/rollingringdrives.com\/wp-content\/uploads\/2024\/05\/1715412988980-18x12.png 18w\" sizes=\"(max-width: 582px) 100vw, 582px\" \/><figcaption id=\"caption-attachment-31489\" class=\"wp-caption-text\">1240M\u00e1quina enrolladora y empaquetadora de cables<\/figcaption><\/figure>\n<p>Preguntas m\u00e1s frecuentes<\/p>\n<p align=\"left\"><strong>P: \u00bfQu\u00e9 me puedes ofrecer?<\/strong><\/p>\n<p>R: Nuestro personal t\u00e9cnico y de producci\u00f3n profesional puede capacitar a los empleados de nuestros clientes y garantizar la producci\u00f3n fluida de los clientes. Y brindaremos a nuestros clientes un servicio postventa.<\/p>\n<p><strong>P: \u00bfPodr\u00edamos nombrar la marca de las piezas?\u00a0<\/strong><\/p>\n<p align=\"left\">R: S\u00ed, ABB, SIEMENS, Danfoss o el que m\u00e1s te guste.<\/p>\n<p><strong>P: \u00bfCu\u00e1nto dura la garant\u00eda de la m\u00e1quina?<\/strong><br \/>\nR: Per\u00edodo de garant\u00eda de un a\u00f1o (desde la finalizaci\u00f3n exitosa de la puesta en servicio mec\u00e1nica en la f\u00e1brica del comprador)<br \/>\n<strong>P: Esta es la primera vez que importo, \u00bfc\u00f3mo puedo confiar en su empresa y asegurarme de recibir los productos si hago un pedido con ustedes?<\/strong><br \/>\nR: Somos una empresa de certificaci\u00f3n leg\u00edtima (VIP) de Alibaba y admitimos pagos L\/C, T\/T, etc. para garantizar su seguridad.<\/p>\n<p><strong>P: \u00bfPor qu\u00e9 elijo su empresa?<\/strong><br \/>\nR: Contamos con m\u00e1s de 10 a\u00f1os de experiencia profesional en el \u00e1rea de maquinaria para cables, brindando productos de alta calidad y alta seguridad.<\/p>\n<p>Contamos con un equipo experimentado de trabajadores calificados e ingenieros.<br \/>\nPodemos personalizar el dise\u00f1o para aceptar el dise\u00f1o de muestra del cliente.<br \/>\nPodemos proporcionar a los clientes un servicio postventa.<\/p>","protected":false},"excerpt":{"rendered":"<h2 id=\"1-eael-table-of-content\" class=\"xsj_heading_hash xsj_heading xsj_heading_h2 eael-heading-content\" data-source-line=\"0\" data-source-line-display=\"true\"><span class=\"xsj_heading_content\">Caracter\u00edsticas de la funci\u00f3n<\/span><\/h2>\n<ol class=\"markdown_ol\" data-source-line=\"2\">\n<li data-source-line=\"2\">La operaci\u00f3n es simple con el control autom\u00e1tico de Siemens PLC y el sistema de cable de motor de servicio de interfaz hombre-m\u00e1quina de tipo t\u00e1ctil; el efecto cable es ideal.<\/li>\n<li data-source-line=\"4\">El cable se enrolla, el empaque se completa secuencialmente y la velocidad de producci\u00f3n es r\u00e1pida.<\/li>\n<li data-source-line=\"5\">Ajuste autom\u00e1ticamente el brazo del aro, sin ajuste manual.<\/li>\n<li data-source-line=\"6\">M\u00e1quina bobinadora autom\u00e1tica, cinta de atado autom\u00e1tico, m\u00e1s segura y conveniente.<\/li>\n<li data-source-line=\"7\">Cuando hay un problema, se detecta autom\u00e1ticamente un error y se env\u00eda una advertencia para alertar al operador.<\/li>\n<li data-source-line=\"8\">Ahorra gastos de mano de obra, ampl\u00eda la capacidad de producci\u00f3n e impulsa la industria.<\/li>\n<\/ol>\n<p>&nbsp;<\/p>","protected":false},"featured_media":31490,"template":"","meta":{"site-sidebar-layout":"default","site-content-layout":"default","ast-global-header-display":"","ast-banner-title-visibility":"","ast-main-header-display":"","ast-hfb-above-header-display":"","ast-hfb-below-header-display":"","ast-hfb-mobile-header-display":"","site-post-title":"","ast-breadcrumbs-content":"","ast-featured-img":"","footer-sml-layout":"","theme-transparent-header-meta":"default","adv-header-id-meta":"","stick-header-meta":"","header-above-stick-meta":"","header-main-stick-meta":"","header-below-stick-meta":""},"product_brand":[],"product_cat":[136,139],"product_tag":[],"class_list":{"0":"post-31459","1":"product","2":"type-product","3":"status-publish","4":"has-post-thumbnail","6":"product_cat-coiling-machine","7":"product_cat-cable-coiling-and-wrapping-machines","8":"desktop-align-left","9":"tablet-align-left","10":"mobile-align-left","12":"first","13":"instock","14":"shipping-taxable","15":"product-type-simple"},"yoast_head":"<!-- This site is optimized with the Yoast SEO Premium plugin v20.12 (Yoast SEO v26.0) - https:\/\/yoast.com\/wordpress\/plugins\/seo\/ -->\n<title>QP1240 Automatic Cable Coiling Machine and Automatic Taping Machine - QiPang<\/title>\n<meta name=\"robots\" content=\"index, follow, max-snippet:-1, max-image-preview:large, max-video-preview:-1\" \/>\n<link rel=\"canonical\" href=\"https:\/\/rollingringdrives.com\/es\/producto\/maquina-enrolladora-automatica-de-cables-qp1240-y-maquina-encintadora-automatica\/\" \/>\n<meta property=\"og:locale\" content=\"es_MX\" \/>\n<meta property=\"og:type\" content=\"article\" \/>\n<meta property=\"og:title\" content=\"QP1240 Automatic Cable Coiling Machine and Automatic Taping Machine\" \/>\n<meta property=\"og:description\" content=\"Function Features   The operation is simple with Siemens PLC\u2019s automatic control and touch-types human-machine interface service motor cable system; the cable effect is ideal.  The cable is wound, the packing is completed sequentially, and the production speed is fast.  Automatically adjust the hoop arm, free of manual adjustment.  Automatic winding machine, automatic tying tape, safer and more convenient.  When there is a problem, an error is automatically detected, and a warning is sent to alert the operator.  It saves workforce expenditure, expands production capacity, and boosts industrial  &nbsp;\" \/>\n<meta property=\"og:url\" content=\"https:\/\/rollingringdrives.com\/es\/producto\/maquina-enrolladora-automatica-de-cables-qp1240-y-maquina-encintadora-automatica\/\" \/>\n<meta property=\"og:site_name\" content=\"QiPang\" \/>\n<meta property=\"article:modified_time\" content=\"2025-07-07T05:58:09+00:00\" \/>\n<meta property=\"og:image\" content=\"https:\/\/rollingringdrives.com\/wp-content\/uploads\/2024\/05\/56.jpg\" \/>\n\t<meta property=\"og:image:width\" content=\"600\" \/>\n\t<meta property=\"og:image:height\" content=\"600\" \/>\n\t<meta property=\"og:image:type\" content=\"image\/jpeg\" \/>\n<meta name=\"twitter:card\" content=\"summary_large_image\" \/>\n<meta name=\"twitter:label1\" content=\"Tiempo de lectura\" \/>\n\t<meta name=\"twitter:data1\" content=\"3 minutos\" \/>\n<script type=\"application\/ld+json\" class=\"yoast-schema-graph\">{\"@context\":\"https:\/\/schema.org\",\"@graph\":[{\"@type\":\"WebPage\",\"@id\":\"https:\/\/rollingringdrives.com\/product\/qp1240-automatic-cable-coiling-machine-and-automatic-taping-machine\/\",\"url\":\"https:\/\/rollingringdrives.com\/product\/qp1240-automatic-cable-coiling-machine-and-automatic-taping-machine\/\",\"name\":\"QP1240 Automatic Cable Coiling Machine and Automatic Taping Machine - QiPang\",\"isPartOf\":{\"@id\":\"https:\/\/rollingringdrives.com\/#website\"},\"primaryImageOfPage\":{\"@id\":\"https:\/\/rollingringdrives.com\/product\/qp1240-automatic-cable-coiling-machine-and-automatic-taping-machine\/#primaryimage\"},\"image\":{\"@id\":\"https:\/\/rollingringdrives.com\/product\/qp1240-automatic-cable-coiling-machine-and-automatic-taping-machine\/#primaryimage\"},\"thumbnailUrl\":\"https:\/\/rollingringdrives.com\/wp-content\/uploads\/2024\/05\/56.jpg\",\"datePublished\":\"2024-05-11T08:07:43+00:00\",\"dateModified\":\"2025-07-07T05:58:09+00:00\",\"breadcrumb\":{\"@id\":\"https:\/\/rollingringdrives.com\/product\/qp1240-automatic-cable-coiling-machine-and-automatic-taping-machine\/#breadcrumb\"},\"inLanguage\":\"es\",\"potentialAction\":[{\"@type\":\"ReadAction\",\"target\":[\"https:\/\/rollingringdrives.com\/product\/qp1240-automatic-cable-coiling-machine-and-automatic-taping-machine\/\"]}]},{\"@type\":\"ImageObject\",\"inLanguage\":\"es\",\"@id\":\"https:\/\/rollingringdrives.com\/product\/qp1240-automatic-cable-coiling-machine-and-automatic-taping-machine\/#primaryimage\",\"url\":\"https:\/\/rollingringdrives.com\/wp-content\/uploads\/2024\/05\/56.jpg\",\"contentUrl\":\"https:\/\/rollingringdrives.com\/wp-content\/uploads\/2024\/05\/56.jpg\",\"width\":600,\"height\":600,\"caption\":\"QP1240 Automatic Cable Coiling Machine and Automatic Taping Machine\"},{\"@type\":\"BreadcrumbList\",\"@id\":\"https:\/\/rollingringdrives.com\/product\/qp1240-automatic-cable-coiling-machine-and-automatic-taping-machine\/#breadcrumb\",\"itemListElement\":[{\"@type\":\"ListItem\",\"position\":1,\"name\":\"Home\",\"item\":\"https:\/\/rollingringdrives.com\/\"},{\"@type\":\"ListItem\",\"position\":2,\"name\":\"Machines\",\"item\":\"https:\/\/rollingringdrives.com\/machines\/\"},{\"@type\":\"ListItem\",\"position\":3,\"name\":\"QP1240 Automatic Cable Coiling Machine and Automatic Taping Machine\"}]},{\"@type\":\"WebSite\",\"@id\":\"https:\/\/rollingringdrives.com\/#website\",\"url\":\"https:\/\/rollingringdrives.com\/\",\"name\":\"QiPang\",\"description\":\"QiPang Blog\",\"publisher\":{\"@id\":\"https:\/\/rollingringdrives.com\/#organization\"},\"potentialAction\":[{\"@type\":\"SearchAction\",\"target\":{\"@type\":\"EntryPoint\",\"urlTemplate\":\"https:\/\/rollingringdrives.com\/?s={search_term_string}\"},\"query-input\":{\"@type\":\"PropertyValueSpecification\",\"valueRequired\":true,\"valueName\":\"search_term_string\"}}],\"inLanguage\":\"es\"},{\"@type\":\"Organization\",\"@id\":\"https:\/\/rollingringdrives.com\/#organization\",\"name\":\"QiPang\",\"url\":\"https:\/\/rollingringdrives.com\/\",\"logo\":{\"@type\":\"ImageObject\",\"inLanguage\":\"es\",\"@id\":\"https:\/\/rollingringdrives.com\/#\/schema\/logo\/image\/\",\"url\":\"https:\/\/rollingringdrives.com\/wp-content\/uploads\/2023\/05\/cropped-\u672a\u547d\u540d\u7684\u8bbe\u8ba1.png\",\"contentUrl\":\"https:\/\/rollingringdrives.com\/wp-content\/uploads\/2023\/05\/cropped-\u672a\u547d\u540d\u7684\u8bbe\u8ba1.png\",\"width\":300,\"height\":191,\"caption\":\"QiPang\"},\"image\":{\"@id\":\"https:\/\/rollingringdrives.com\/#\/schema\/logo\/image\/\"}}]}<\/script>\n<!-- \/ Yoast SEO Premium plugin. -->","yoast_head_json":{"title":"M\u00e1quina enrolladora de cables autom\u00e1tica QP1240 y m\u00e1quina encintadora autom\u00e1tica - QiPang","robots":{"index":"index","follow":"follow","max-snippet":"max-snippet:-1","max-image-preview":"max-image-preview:large","max-video-preview":"max-video-preview:-1"},"canonical":"https:\/\/rollingringdrives.com\/es\/producto\/maquina-enrolladora-automatica-de-cables-qp1240-y-maquina-encintadora-automatica\/","og_locale":"es_MX","og_type":"article","og_title":"QP1240 Automatic Cable Coiling Machine and Automatic Taping Machine","og_description":"Function Features   The operation is simple with Siemens PLC\u2019s automatic control and touch-types human-machine interface service motor cable system; the cable effect is ideal.  The cable is wound, the packing is completed sequentially, and the production speed is fast.  Automatically adjust the hoop arm, free of manual adjustment.  Automatic winding machine, automatic tying tape, safer and more convenient.  When there is a problem, an error is automatically detected, and a warning is sent to alert the operator.  It saves workforce expenditure, expands production capacity, and boosts industrial  &nbsp;","og_url":"https:\/\/rollingringdrives.com\/es\/producto\/maquina-enrolladora-automatica-de-cables-qp1240-y-maquina-encintadora-automatica\/","og_site_name":"QiPang","article_modified_time":"2025-07-07T05:58:09+00:00","og_image":[{"width":600,"height":600,"url":"https:\/\/rollingringdrives.com\/wp-content\/uploads\/2024\/05\/56.jpg","type":"image\/jpeg"}],"twitter_card":"summary_large_image","twitter_misc":{"Tiempo de lectura":"3 minutos"},"schema":{"@context":"https:\/\/schema.org","@graph":[{"@type":"WebPage","@id":"https:\/\/rollingringdrives.com\/product\/qp1240-automatic-cable-coiling-machine-and-automatic-taping-machine\/","url":"https:\/\/rollingringdrives.com\/product\/qp1240-automatic-cable-coiling-machine-and-automatic-taping-machine\/","name":"M\u00e1quina enrolladora de cables autom\u00e1tica QP1240 y m\u00e1quina encintadora autom\u00e1tica - QiPang","isPartOf":{"@id":"https:\/\/rollingringdrives.com\/#website"},"primaryImageOfPage":{"@id":"https:\/\/rollingringdrives.com\/product\/qp1240-automatic-cable-coiling-machine-and-automatic-taping-machine\/#primaryimage"},"image":{"@id":"https:\/\/rollingringdrives.com\/product\/qp1240-automatic-cable-coiling-machine-and-automatic-taping-machine\/#primaryimage"},"thumbnailUrl":"https:\/\/rollingringdrives.com\/wp-content\/uploads\/2024\/05\/56.jpg","datePublished":"2024-05-11T08:07:43+00:00","dateModified":"2025-07-07T05:58:09+00:00","breadcrumb":{"@id":"https:\/\/rollingringdrives.com\/product\/qp1240-automatic-cable-coiling-machine-and-automatic-taping-machine\/#breadcrumb"},"inLanguage":"es","potentialAction":[{"@type":"ReadAction","target":["https:\/\/rollingringdrives.com\/product\/qp1240-automatic-cable-coiling-machine-and-automatic-taping-machine\/"]}]},{"@type":"ImageObject","inLanguage":"es","@id":"https:\/\/rollingringdrives.com\/product\/qp1240-automatic-cable-coiling-machine-and-automatic-taping-machine\/#primaryimage","url":"https:\/\/rollingringdrives.com\/wp-content\/uploads\/2024\/05\/56.jpg","contentUrl":"https:\/\/rollingringdrives.com\/wp-content\/uploads\/2024\/05\/56.jpg","width":600,"height":600,"caption":"QP1240 Automatic Cable Coiling Machine and Automatic Taping Machine"},{"@type":"BreadcrumbList","@id":"https:\/\/rollingringdrives.com\/product\/qp1240-automatic-cable-coiling-machine-and-automatic-taping-machine\/#breadcrumb","itemListElement":[{"@type":"ListItem","position":1,"name":"Home","item":"https:\/\/rollingringdrives.com\/"},{"@type":"ListItem","position":2,"name":"Machines","item":"https:\/\/rollingringdrives.com\/machines\/"},{"@type":"ListItem","position":3,"name":"QP1240 Automatic Cable Coiling Machine and Automatic Taping Machine"}]},{"@type":"WebSite","@id":"https:\/\/rollingringdrives.com\/#website","url":"https:\/\/rollingringdrives.com\/","name":"Qi Pang","description":"Blog QiPang","publisher":{"@id":"https:\/\/rollingringdrives.com\/#organization"},"potentialAction":[{"@type":"SearchAction","target":{"@type":"EntryPoint","urlTemplate":"https:\/\/rollingringdrives.com\/?s={search_term_string}"},"query-input":{"@type":"PropertyValueSpecification","valueRequired":true,"valueName":"search_term_string"}}],"inLanguage":"es"},{"@type":"Organization","@id":"https:\/\/rollingringdrives.com\/#organization","name":"Qi Pang","url":"https:\/\/rollingringdrives.com\/","logo":{"@type":"ImageObject","inLanguage":"es","@id":"https:\/\/rollingringdrives.com\/#\/schema\/logo\/image\/","url":"https:\/\/rollingringdrives.com\/wp-content\/uploads\/2023\/05\/cropped-\u672a\u547d\u540d\u7684\u8bbe\u8ba1.png","contentUrl":"https:\/\/rollingringdrives.com\/wp-content\/uploads\/2023\/05\/cropped-\u672a\u547d\u540d\u7684\u8bbe\u8ba1.png","width":300,"height":191,"caption":"QiPang"},"image":{"@id":"https:\/\/rollingringdrives.com\/#\/schema\/logo\/image\/"}}]}},"_links":{"self":[{"href":"https:\/\/rollingringdrives.com\/es\/wp-json\/wp\/v2\/product\/31459","targetHints":{"allow":["GET"]}}],"collection":[{"href":"https:\/\/rollingringdrives.com\/es\/wp-json\/wp\/v2\/product"}],"about":[{"href":"https:\/\/rollingringdrives.com\/es\/wp-json\/wp\/v2\/types\/product"}],"version-history":[{"count":0,"href":"https:\/\/rollingringdrives.com\/es\/wp-json\/wp\/v2\/product\/31459\/revisions"}],"wp:featuredmedia":[{"embeddable":true,"href":"https:\/\/rollingringdrives.com\/es\/wp-json\/wp\/v2\/media\/31490"}],"wp:attachment":[{"href":"https:\/\/rollingringdrives.com\/es\/wp-json\/wp\/v2\/media?parent=31459"}],"wp:term":[{"taxonomy":"product_brand","embeddable":true,"href":"https:\/\/rollingringdrives.com\/es\/wp-json\/wp\/v2\/product_brand?post=31459"},{"taxonomy":"product_cat","embeddable":true,"href":"https:\/\/rollingringdrives.com\/es\/wp-json\/wp\/v2\/product_cat?post=31459"},{"taxonomy":"product_tag","embeddable":true,"href":"https:\/\/rollingringdrives.com\/es\/wp-json\/wp\/v2\/product_tag?post=31459"}],"curies":[{"name":"wp","href":"https:\/\/api.w.org\/{rel}","templated":true}]}}