{"id":32357,"date":"2025-07-13T04:28:27","date_gmt":"2025-07-13T04:28:27","guid":{"rendered":"https:\/\/rollingringdrives.com\/?post_type=product&#038;p=32357"},"modified":"2025-07-18T10:31:50","modified_gmt":"2025-07-18T10:31:50","slug":"qp1000-cable-and-wire-re-reeling-machine","status":"publish","type":"product","link":"https:\/\/rollingringdrives.com\/es\/producto\/qp1000-cable-and-wire-re-reeling-machine\/","title":{"rendered":"M\u00e1quina rebobinadora de cables y alambres QP1000"},"content":{"rendered":"<p>La m\u00e1quina rebobinadora de cables QP1000 incluye unidades robustas y de servicio pesado dise\u00f1adas para facilitar el manejo de cables el\u00e9ctricos, cables de acero, mangueras flexibles, etc.<\/p>\n<p>Estas m\u00e1quinas son invaluables para el rebobinado y la medici\u00f3n r\u00e1pidos, eficientes y precisos de bobinas maestras, as\u00ed como para la medici\u00f3n y conversi\u00f3n a bobinas parciales, tramos cortos y bobinas. Son ideales para cualquier establecimiento dedicado a la distribuci\u00f3n, fabricaci\u00f3n, instalaci\u00f3n, almacenamiento o conversi\u00f3n de cable y materiales enrollados similares. Esta gama ofrece importantes ventajas para el rebobinado y la medici\u00f3n r\u00e1pidos, eficientes y precisos de bobinas maestras, as\u00ed como para la medici\u00f3n y conversi\u00f3n a bobinas parciales, tramos cortos y bobinas. El dispositivo es extensible y puede utilizarse con bobinas de diferentes anchos.<\/p>\n<div id=\"footable_parent_32365\"\n         class=\"footable_parent ninja_table_wrapper loading_ninja_table wp_table_data_press_parent semantic_ui\">\n                <table data-ninja_table_instance=\"ninja_table_instance_0\" data-footable_id=\"32365\" data-filter-delay=\"1000\" aria-label=\"\u60ac\u81c2\u6536\u7ebf\u673a\u53c2\u6570.csv\"            id=\"footable_32365\"\n           data-unique_identifier=\"ninja_table_unique_id_2051982374_32365\"\n           class=\"foo-table ninja_footable foo_table_32365 ninja_table_unique_id_2051982374_32365 ui table  nt_type_legacy_table selectable striped vertical_centered  footable-paging-right ninja_table_pro\">\n                <colgroup>\n                            <col class=\"ninja_column_0\">\n                            <col class=\"ninja_column_1\">\n                            <col class=\"ninja_column_2\">\n                            <col class=\"ninja_column_3\">\n                            <col class=\"ninja_column_4\">\n                            <col class=\"ninja_column_5\">\n                    <\/colgroup>\n        <thead>\n<tr class=\"footable-header\">\n                                                                                                        <th scope=\"col\"  class=\"ninja_column_0 ninja_clmn_nm_model\">Modelo<\/th><th scope=\"col\"  class=\"ninja_column_1 ninja_clmn_nm_qp63cabletakeupmachine\">M\u00e1quina recogedora de cables QP630<\/th><th scope=\"col\"  class=\"ninja_column_2 ninja_clmn_nm_qp8cabletakeupmachine\">M\u00e1quina recogedora de cables QP800<\/th><th scope=\"col\"  class=\"ninja_column_3 ninja_clmn_nm_qp1cabletakeupmachine\">M\u00e1quina recogedora de cables QP1000<\/th><th scope=\"col\"  class=\"ninja_column_4 ninja_clmn_nm_qp125cabletakeupmachine\">M\u00e1quina recogedora de cables QP1250<\/th><th scope=\"col\"  class=\"ninja_column_5 ninja_clmn_nm_qp14cabletakeupmachine\">M\u00e1quina recogedora de cables QP1400<\/th><\/tr>\n<\/thead>\n<tbody>\n\n        <tr data-row_id=\"1754\" class=\"ninja_table_row_0 nt_row_id_1754\">\n            <td>Tama\u00f1o del carrete<\/td><td>Di\u00e1metro exterior 400-630 mm (15&#039;&#039;-24&#039;&#039;), ancho 475 mm (18&#039;&#039;), di\u00e1metro interior \u03a656\/80 mm (2-3&#039;&#039;)<\/td><td>Di\u00e1metro exterior 630-800 mm (24&#039;&#039;-31&#039;&#039;), ancho 600 mm (23&#039;&#039;), di\u00e1metro interior \u03a680 mm (3&#039;&#039;)<\/td><td>Di\u00e1metro exterior 800-1000 mm (31&#039;&#039;-39&#039;&#039;), ancho 750 mm (29&#039;&#039;), di\u00e1metro interior \u03a680 mm (3&#039;&#039;)<\/td><td>Di\u00e1metro exterior 1000-1250 mm (39&#039;&#039;-49&#039;&#039;), ancho 750 mm (29&#039;&#039;), di\u00e1metro interior \u03a680 mm (3&#039;&#039;)<\/td><td>Di\u00e1metro exterior 1250-1400 mm (49&#039;&#039;-55&#039;&#039;), ancho 950 mm (37&#039;&#039;), di\u00e1metro interior \u03a680 mm (3&#039;&#039;)<\/td>        <\/tr>\n            <tr data-row_id=\"1755\" class=\"ninja_table_row_1 nt_row_id_1755\">\n            <td>Di\u00e1metro de material adecuado<\/td><td> 0,5-15 mm<\/td><td>0,5-20 mm<\/td><td>0,5-30 mm<\/td><td>0,5-40 mm<\/td><td> 0,5-40 mm<\/td>        <\/tr>\n            <tr data-row_id=\"1756\" class=\"ninja_table_row_2 nt_row_id_1756\">\n            <td>Velocidad aplicable<\/td><td>0-300 m\/min (velocidad ajustable por inversor)<\/td><td>0-300 m\/min (velocidad ajustable por inversor)<\/td><td>0-300 m\/min (velocidad ajustable por inversor)<\/td><td>0-300 m\/min (velocidad ajustable por inversor)<\/td><td>0-200 m\/min (velocidad ajustable por inversor)<\/td>        <\/tr>\n            <tr data-row_id=\"1757\" class=\"ninja_table_row_3 nt_row_id_1757\">\n            <td>M\u00e9todo de sujeci\u00f3n:<\/td><td>Sujeci\u00f3n con manivela (o sujeci\u00f3n con cilindro)<\/td><td>Sujeci\u00f3n con manivela (o sujeci\u00f3n con cilindro)<\/td><td>Sujeci\u00f3n con manivela (o sujeci\u00f3n con cilindro)<\/td><td>Sujeci\u00f3n con manivela (o sujeci\u00f3n con cilindro)<\/td><td> Sujeci\u00f3n con manivela (o sujeci\u00f3n con cilindro)<\/td>        <\/tr>\n            <tr data-row_id=\"1758\" class=\"ninja_table_row_4 nt_row_id_1758\">\n            <td>Motor de elevaci\u00f3n de carrete<\/td><td>Elevaci\u00f3n de tornillo el\u00e9ctrica de 0,75 KW, dispositivos de l\u00edmite superior e inferior, seguridad<\/td><td>Elevaci\u00f3n de tornillo el\u00e9ctrica de 0,75 KW, dispositivos de l\u00edmite superior e inferior, seguridad<\/td><td>Elevaci\u00f3n de tornillo el\u00e9ctrica de 0,75 KW, dispositivos de l\u00edmite superior e inferior, seguridad<\/td><td>Elevaci\u00f3n de tornillo el\u00e9ctrica de 1,5 KW, dispositivos de l\u00edmite superior e inferior, seguridad<\/td><td> Elevaci\u00f3n de tornillo el\u00e9ctrica de 1,5 KW, dispositivos de l\u00edmite superior e inferior, seguridad<\/td>        <\/tr>\n            <tr data-row_id=\"1759\" class=\"ninja_table_row_5 nt_row_id_1759\">\n            <td>Disposici\u00f3n de cables\/alambres<\/td><td>Anillo rodante \u03a630, recorrido y paso ajustables<\/td><td>Anillo rodante \u03a630, recorrido y paso ajustables<\/td><td>Anillo rodante \u03a630, recorrido y paso ajustables<\/td><td>Anillo rodante \u03a640, recorrido y paso ajustables<\/td><td>Anillo rodante \u03a640, recorrido y paso ajustables<\/td>        <\/tr>\n            <tr data-row_id=\"1760\" class=\"ninja_table_row_6 nt_row_id_1760\">\n            <td>Potencia del motor de recogida<\/td><td>Motor de 2,2 kW + reductor de RV<\/td><td> Motor de 4KW + reductor RV<\/td><td> Motor de 4KW + reductor RV<\/td><td>Motor de 5,5 kW + reductor de velocidad. Alimentaci\u00f3n: 380 V, trif\u00e1sica, 50 Hz.<\/td><td>Motor de 7,5 kW + reductor RV 8. Alimentaci\u00f3n: 380 V, trif\u00e1sica, 50 Hz<\/td>        <\/tr>\n            <tr data-row_id=\"1761\" class=\"ninja_table_row_7 nt_row_id_1761\">\n            <td>Fuente de alimentaci\u00f3n<\/td><td>380 V, trif\u00e1sico, 50 Hz o personalizar<\/td><td>380 V, trif\u00e1sico, 50 Hz o personalizar<\/td><td>380 V, trif\u00e1sico, 50 Hz o personalizar<\/td><td>380 V, trif\u00e1sico, 50 Hz o personalizar<\/td><td>380 V, trif\u00e1sico, 50 Hz o personalizar<\/td>        <\/tr>\n            <tr data-row_id=\"1762\" class=\"ninja_table_row_8 nt_row_id_1762\">\n            <td>Color del equipo<\/td><td>Azul RAL5015<\/td><td>Azul RAL5015<\/td><td>Azul RAL5015<\/td><td>Azul RAL5015<\/td><td>Azul RAL5015<\/td>        <\/tr>\n            <tr data-row_id=\"1763\" class=\"ninja_table_row_9 nt_row_id_1763\">\n            <td>Dimensiones y peso<\/td><td>1500 x 1000 x 700 mm, 350 kg (sin caja de madera)<\/td><td>1600 x 1100 x 900 mm, 430 kg (sin caja de madera)<\/td><td>2300 x 1300 x 1100 mm, 490 kg (sin caja de madera)<\/td><td>2300 x 1400 x 1350 mm, 650 kg (sin caja de madera)<\/td><td>2300 x 1500 x 1600 mm, 730 kg (sin caja de madera)<\/td>        <\/tr>\n    <\/tbody><!--ninja_tobody_rendering_done-->\n    <\/table>\n    \n    \n    \n<\/div>\n\n<dl>\n<dt>Caracter\u00edsticas<\/dt>\n<dd>\n<div class=\"headlines\">\n<ul>\n<li>Construido en un marco de acero resistente.<\/li>\n<li>La elevaci\u00f3n y bajada del carrete por medios el\u00e9ctricos.<\/li>\n<li>La velocidad de rebobinado de la m\u00e1quina se puede ajustar.<\/li>\n<li>El dispositivo enrollador se puede conectar directamente al brazo de accionamiento del motor.<\/li>\n<li>La sujeci\u00f3n manual o la sujeci\u00f3n del cilindro son opcionales.<\/li>\n<li>La m\u00e1quina viene con certificaci\u00f3n CE.<\/li>\n<\/ul>\n<\/div>\n<\/dd>\n<\/dl>\n<p>&nbsp;<\/p>\n<p>&nbsp;<\/p>","protected":false},"excerpt":{"rendered":"<p>Esta m\u00e1quina enrolladora de cables QP1000 permite a un solo operador medir y rebobinar el cable desde el almac\u00e9n de estanter\u00edas de bobinas o desde gatos porta bobinas a una bobina vac\u00eda, y tambi\u00e9n hacer bobinas con un dispositivo enrollador adicional.<\/p>","protected":false},"featured_media":32358,"template":"","meta":{"site-sidebar-layout":"default","site-content-layout":"default","ast-global-header-display":"","ast-banner-title-visibility":"","ast-main-header-display":"","ast-hfb-above-header-display":"","ast-hfb-below-header-display":"","ast-hfb-mobile-header-display":"","site-post-title":"","ast-breadcrumbs-content":"","ast-featured-img":"","footer-sml-layout":"","theme-transparent-header-meta":"default","adv-header-id-meta":"","stick-header-meta":"","header-above-stick-meta":"","header-main-stick-meta":"","header-below-stick-meta":""},"product_brand":[],"product_cat":[51,151],"product_tag":[],"class_list":{"0":"post-32357","1":"product","2":"type-product","3":"status-publish","4":"has-post-thumbnail","6":"product_cat-wire-take-up-machine","7":"product_cat-shaftless-cable-take-up-machine","8":"desktop-align-left","9":"tablet-align-left","10":"mobile-align-left","12":"first","13":"instock","14":"shipping-taxable","15":"product-type-simple"},"yoast_head":"<!-- This site is optimized with the Yoast SEO Premium plugin v20.12 (Yoast SEO v26.0) - https:\/\/yoast.com\/wordpress\/plugins\/seo\/ -->\n<title>QP1000 Cable and Wire Re-reeling Machine - QiPang<\/title>\n<meta name=\"robots\" content=\"index, follow, max-snippet:-1, max-image-preview:large, max-video-preview:-1\" \/>\n<link rel=\"canonical\" href=\"https:\/\/rollingringdrives.com\/es\/producto\/qp1000-cable-and-wire-re-reeling-machine\/\" \/>\n<meta property=\"og:locale\" content=\"es_MX\" \/>\n<meta property=\"og:type\" content=\"article\" \/>\n<meta property=\"og:title\" content=\"QP1000 Cable and Wire Re-reeling Machine\" \/>\n<meta property=\"og:description\" content=\"This QP1000 Cable reeling machine allows one single operator to measure and rewind cable from the reel racks warehouse or from a reel-carrying jacks to an empty reel, and also to make coils with an additional coiling device.\" \/>\n<meta property=\"og:url\" content=\"https:\/\/rollingringdrives.com\/es\/producto\/qp1000-cable-and-wire-re-reeling-machine\/\" \/>\n<meta property=\"og:site_name\" content=\"QiPang\" \/>\n<meta property=\"article:modified_time\" content=\"2025-07-18T10:31:50+00:00\" \/>\n<meta property=\"og:image\" content=\"https:\/\/rollingringdrives.com\/wp-content\/uploads\/2025\/07\/rewinding-machine-21.png\" \/>\n\t<meta property=\"og:image:width\" content=\"800\" \/>\n\t<meta property=\"og:image:height\" content=\"800\" \/>\n\t<meta property=\"og:image:type\" content=\"image\/png\" \/>\n<meta name=\"twitter:card\" content=\"summary_large_image\" \/>\n<meta name=\"twitter:label1\" content=\"Tiempo de lectura\" \/>\n\t<meta name=\"twitter:data1\" content=\"1 minuto\" \/>\n<script type=\"application\/ld+json\" class=\"yoast-schema-graph\">{\"@context\":\"https:\/\/schema.org\",\"@graph\":[{\"@type\":\"WebPage\",\"@id\":\"https:\/\/rollingringdrives.com\/product\/qp1000-cable-and-wire-re-reeling-machine\/\",\"url\":\"https:\/\/rollingringdrives.com\/product\/qp1000-cable-and-wire-re-reeling-machine\/\",\"name\":\"QP1000 Cable and Wire Re-reeling Machine - QiPang\",\"isPartOf\":{\"@id\":\"https:\/\/rollingringdrives.com\/#website\"},\"primaryImageOfPage\":{\"@id\":\"https:\/\/rollingringdrives.com\/product\/qp1000-cable-and-wire-re-reeling-machine\/#primaryimage\"},\"image\":{\"@id\":\"https:\/\/rollingringdrives.com\/product\/qp1000-cable-and-wire-re-reeling-machine\/#primaryimage\"},\"thumbnailUrl\":\"https:\/\/rollingringdrives.com\/wp-content\/uploads\/2025\/07\/rewinding-machine-21.png\",\"datePublished\":\"2025-07-13T04:28:27+00:00\",\"dateModified\":\"2025-07-18T10:31:50+00:00\",\"breadcrumb\":{\"@id\":\"https:\/\/rollingringdrives.com\/product\/qp1000-cable-and-wire-re-reeling-machine\/#breadcrumb\"},\"inLanguage\":\"es\",\"potentialAction\":[{\"@type\":\"ReadAction\",\"target\":[\"https:\/\/rollingringdrives.com\/product\/qp1000-cable-and-wire-re-reeling-machine\/\"]}]},{\"@type\":\"ImageObject\",\"inLanguage\":\"es\",\"@id\":\"https:\/\/rollingringdrives.com\/product\/qp1000-cable-and-wire-re-reeling-machine\/#primaryimage\",\"url\":\"https:\/\/rollingringdrives.com\/wp-content\/uploads\/2025\/07\/rewinding-machine-21.png\",\"contentUrl\":\"https:\/\/rollingringdrives.com\/wp-content\/uploads\/2025\/07\/rewinding-machine-21.png\",\"width\":800,\"height\":800,\"caption\":\"take up pay off machine\"},{\"@type\":\"BreadcrumbList\",\"@id\":\"https:\/\/rollingringdrives.com\/product\/qp1000-cable-and-wire-re-reeling-machine\/#breadcrumb\",\"itemListElement\":[{\"@type\":\"ListItem\",\"position\":1,\"name\":\"Home\",\"item\":\"https:\/\/rollingringdrives.com\/\"},{\"@type\":\"ListItem\",\"position\":2,\"name\":\"Machines\",\"item\":\"https:\/\/rollingringdrives.com\/machines\/\"},{\"@type\":\"ListItem\",\"position\":3,\"name\":\"QP1000 Cable and Wire Re-reeling Machine\"}]},{\"@type\":\"WebSite\",\"@id\":\"https:\/\/rollingringdrives.com\/#website\",\"url\":\"https:\/\/rollingringdrives.com\/\",\"name\":\"QiPang\",\"description\":\"QiPang Blog\",\"publisher\":{\"@id\":\"https:\/\/rollingringdrives.com\/#organization\"},\"potentialAction\":[{\"@type\":\"SearchAction\",\"target\":{\"@type\":\"EntryPoint\",\"urlTemplate\":\"https:\/\/rollingringdrives.com\/?s={search_term_string}\"},\"query-input\":{\"@type\":\"PropertyValueSpecification\",\"valueRequired\":true,\"valueName\":\"search_term_string\"}}],\"inLanguage\":\"es\"},{\"@type\":\"Organization\",\"@id\":\"https:\/\/rollingringdrives.com\/#organization\",\"name\":\"QiPang\",\"url\":\"https:\/\/rollingringdrives.com\/\",\"logo\":{\"@type\":\"ImageObject\",\"inLanguage\":\"es\",\"@id\":\"https:\/\/rollingringdrives.com\/#\/schema\/logo\/image\/\",\"url\":\"https:\/\/rollingringdrives.com\/wp-content\/uploads\/2023\/05\/cropped-\u672a\u547d\u540d\u7684\u8bbe\u8ba1.png\",\"contentUrl\":\"https:\/\/rollingringdrives.com\/wp-content\/uploads\/2023\/05\/cropped-\u672a\u547d\u540d\u7684\u8bbe\u8ba1.png\",\"width\":300,\"height\":191,\"caption\":\"QiPang\"},\"image\":{\"@id\":\"https:\/\/rollingringdrives.com\/#\/schema\/logo\/image\/\"}}]}<\/script>\n<!-- \/ Yoast SEO Premium plugin. -->","yoast_head_json":{"title":"Rebobinadora de cables y alambres QP1000 - QiPang","robots":{"index":"index","follow":"follow","max-snippet":"max-snippet:-1","max-image-preview":"max-image-preview:large","max-video-preview":"max-video-preview:-1"},"canonical":"https:\/\/rollingringdrives.com\/es\/producto\/qp1000-cable-and-wire-re-reeling-machine\/","og_locale":"es_MX","og_type":"article","og_title":"QP1000 Cable and Wire Re-reeling Machine","og_description":"This QP1000 Cable reeling machine allows one single operator to measure and rewind cable from the reel racks warehouse or from a reel-carrying jacks to an empty reel, and also to make coils with an additional coiling device.","og_url":"https:\/\/rollingringdrives.com\/es\/producto\/qp1000-cable-and-wire-re-reeling-machine\/","og_site_name":"QiPang","article_modified_time":"2025-07-18T10:31:50+00:00","og_image":[{"width":800,"height":800,"url":"https:\/\/rollingringdrives.com\/wp-content\/uploads\/2025\/07\/rewinding-machine-21.png","type":"image\/png"}],"twitter_card":"summary_large_image","twitter_misc":{"Tiempo de lectura":"1 minuto"},"schema":{"@context":"https:\/\/schema.org","@graph":[{"@type":"WebPage","@id":"https:\/\/rollingringdrives.com\/product\/qp1000-cable-and-wire-re-reeling-machine\/","url":"https:\/\/rollingringdrives.com\/product\/qp1000-cable-and-wire-re-reeling-machine\/","name":"Rebobinadora de cables y alambres QP1000 - QiPang","isPartOf":{"@id":"https:\/\/rollingringdrives.com\/#website"},"primaryImageOfPage":{"@id":"https:\/\/rollingringdrives.com\/product\/qp1000-cable-and-wire-re-reeling-machine\/#primaryimage"},"image":{"@id":"https:\/\/rollingringdrives.com\/product\/qp1000-cable-and-wire-re-reeling-machine\/#primaryimage"},"thumbnailUrl":"https:\/\/rollingringdrives.com\/wp-content\/uploads\/2025\/07\/rewinding-machine-21.png","datePublished":"2025-07-13T04:28:27+00:00","dateModified":"2025-07-18T10:31:50+00:00","breadcrumb":{"@id":"https:\/\/rollingringdrives.com\/product\/qp1000-cable-and-wire-re-reeling-machine\/#breadcrumb"},"inLanguage":"es","potentialAction":[{"@type":"ReadAction","target":["https:\/\/rollingringdrives.com\/product\/qp1000-cable-and-wire-re-reeling-machine\/"]}]},{"@type":"ImageObject","inLanguage":"es","@id":"https:\/\/rollingringdrives.com\/product\/qp1000-cable-and-wire-re-reeling-machine\/#primaryimage","url":"https:\/\/rollingringdrives.com\/wp-content\/uploads\/2025\/07\/rewinding-machine-21.png","contentUrl":"https:\/\/rollingringdrives.com\/wp-content\/uploads\/2025\/07\/rewinding-machine-21.png","width":800,"height":800,"caption":"take up pay off machine"},{"@type":"BreadcrumbList","@id":"https:\/\/rollingringdrives.com\/product\/qp1000-cable-and-wire-re-reeling-machine\/#breadcrumb","itemListElement":[{"@type":"ListItem","position":1,"name":"Home","item":"https:\/\/rollingringdrives.com\/"},{"@type":"ListItem","position":2,"name":"Machines","item":"https:\/\/rollingringdrives.com\/machines\/"},{"@type":"ListItem","position":3,"name":"QP1000 Cable and Wire Re-reeling Machine"}]},{"@type":"WebSite","@id":"https:\/\/rollingringdrives.com\/#website","url":"https:\/\/rollingringdrives.com\/","name":"Qi Pang","description":"Blog QiPang","publisher":{"@id":"https:\/\/rollingringdrives.com\/#organization"},"potentialAction":[{"@type":"SearchAction","target":{"@type":"EntryPoint","urlTemplate":"https:\/\/rollingringdrives.com\/?s={search_term_string}"},"query-input":{"@type":"PropertyValueSpecification","valueRequired":true,"valueName":"search_term_string"}}],"inLanguage":"es"},{"@type":"Organization","@id":"https:\/\/rollingringdrives.com\/#organization","name":"Qi Pang","url":"https:\/\/rollingringdrives.com\/","logo":{"@type":"ImageObject","inLanguage":"es","@id":"https:\/\/rollingringdrives.com\/#\/schema\/logo\/image\/","url":"https:\/\/rollingringdrives.com\/wp-content\/uploads\/2023\/05\/cropped-\u672a\u547d\u540d\u7684\u8bbe\u8ba1.png","contentUrl":"https:\/\/rollingringdrives.com\/wp-content\/uploads\/2023\/05\/cropped-\u672a\u547d\u540d\u7684\u8bbe\u8ba1.png","width":300,"height":191,"caption":"QiPang"},"image":{"@id":"https:\/\/rollingringdrives.com\/#\/schema\/logo\/image\/"}}]}},"_links":{"self":[{"href":"https:\/\/rollingringdrives.com\/es\/wp-json\/wp\/v2\/product\/32357","targetHints":{"allow":["GET"]}}],"collection":[{"href":"https:\/\/rollingringdrives.com\/es\/wp-json\/wp\/v2\/product"}],"about":[{"href":"https:\/\/rollingringdrives.com\/es\/wp-json\/wp\/v2\/types\/product"}],"version-history":[{"count":0,"href":"https:\/\/rollingringdrives.com\/es\/wp-json\/wp\/v2\/product\/32357\/revisions"}],"wp:featuredmedia":[{"embeddable":true,"href":"https:\/\/rollingringdrives.com\/es\/wp-json\/wp\/v2\/media\/32358"}],"wp:attachment":[{"href":"https:\/\/rollingringdrives.com\/es\/wp-json\/wp\/v2\/media?parent=32357"}],"wp:term":[{"taxonomy":"product_brand","embeddable":true,"href":"https:\/\/rollingringdrives.com\/es\/wp-json\/wp\/v2\/product_brand?post=32357"},{"taxonomy":"product_cat","embeddable":true,"href":"https:\/\/rollingringdrives.com\/es\/wp-json\/wp\/v2\/product_cat?post=32357"},{"taxonomy":"product_tag","embeddable":true,"href":"https:\/\/rollingringdrives.com\/es\/wp-json\/wp\/v2\/product_tag?post=32357"}],"curies":[{"name":"wp","href":"https:\/\/api.w.org\/{rel}","templated":true}]}}