{"id":32388,"date":"2025-07-19T08:09:06","date_gmt":"2025-07-19T08:09:06","guid":{"rendered":"https:\/\/rollingringdrives.com\/?post_type=product&#038;p=32388"},"modified":"2026-01-17T01:54:26","modified_gmt":"2026-01-17T01:54:26","slug":"semi-automatic-cable-reeling-and-coiling-machines","status":"publish","type":"product","link":"https:\/\/rollingringdrives.com\/es\/producto\/semi-automatic-cable-reeling-and-coiling-machines\/","title":{"rendered":"M\u00e1quinas semiautom\u00e1ticas de enrollado y devanado de cables"},"content":{"rendered":"<p>Las m\u00e1quinas enrolladoras y enrolladoras de cables se aplican principalmente en la industria de cables y alambres para enrollar y agrupar cables y alambres:<\/p>\n<p>\u2022 Organizaci\u00f3n de cables y alambres: Enrolla diversos cables conductores, blandos o duros (como cables de cobre, esmaltados, esta\u00f1ados, de acero revestido de cobre, de aluminio revestido de cobre, etc.) y cables electr\u00f3nicos (como cables de alimentaci\u00f3n, telef\u00f3nicos, de audio, de v\u00eddeo, de automoci\u00f3n, de red, etc.) en bobinas seg\u00fan ciertas reglas. Esto permite que los cables queden ordenados y est\u00e9ticamente agradables, facilitando su posterior transporte, almacenamiento y uso.<\/p>\n<p>\u2022 Mejora la eficiencia de producci\u00f3n: En comparaci\u00f3n con el bobinado manual, la bobinadora ofrece un alto grado de automatizaci\u00f3n y una r\u00e1pida velocidad de recogida (por ejemplo, la velocidad de recogida de algunos modelos se puede ajustar de 0 a 300). Esto puede mejorar significativamente la eficiencia de producci\u00f3n. Algunos modelos incluso permiten que una sola persona complete varios procesos, como el bobinado de alambre, el empaquetado y el embalaje con film pl\u00e1stico.<\/p>\n<p>Medici\u00f3n y control precisos: Equipado con un contador de metros para una medici\u00f3n precisa, se detiene autom\u00e1ticamente al alcanzar la longitud establecida. Esto facilita el bobinado seg\u00fan la longitud especificada y tambi\u00e9n permite controlar el uso y el costo de los cables.<\/p>\n<p>\u2022 Garantizar la calidad del bobinado: a trav\u00e9s del dispositivo de bobinado autom\u00e1tico, el paso de bobinado no se ve afectado por el di\u00e1metro del cable y la calidad del bobinado es estable, lo que evita problemas como cables desordenados y superpuestos durante el proceso de bobinado.<\/p>\n<div id=\"footable_parent_32389\"\n         class=\"footable_parent ninja_table_wrapper loading_ninja_table wp_table_data_press_parent semantic_ui\">\n                <table data-ninja_table_instance=\"ninja_table_instance_0\" data-footable_id=\"32389\" data-filter-delay=\"1000\" aria-label=\"Archivo XLS (2).csv\"            id=\"footable_32389\"\n           data-unique_identifier=\"ninja_table_unique_id_1767572551_32389\"\n           class=\"foo-table ninja_footable foo_table_32389 ninja_table_unique_id_1767572551_32389 ui table  nt_type_legacy_table selectable striped vertical_centered  footable-paging-right ninja_table_pro\">\n                <colgroup>\n                            <col class=\"ninja_column_0\">\n                            <col class=\"ninja_column_1\">\n                    <\/colgroup>\n        <thead>\n<tr class=\"footable-header\">\n                                        <th scope=\"col\"  class=\"ninja_column_0 ninja_clmn_nm_model\">Modelo<\/th><th scope=\"col\"  class=\"ninja_column_1 ninja_clmn_nm_qpc5\">QPC500<\/th><\/tr>\n<\/thead>\n<tbody>\n\n        <tr data-row_id=\"1764\" class=\"ninja_table_row_0 nt_row_id_1764\">\n            <td>Di\u00e1metro del alambre<\/td><td> 0,5-25 mm<\/td>        <\/tr>\n            <tr data-row_id=\"1765\" class=\"ninja_table_row_1 nt_row_id_1765\">\n            <td>tama\u00f1o del carrete<\/td><td>Di\u00e1metro exterior 200-500 mm<\/td>        <\/tr>\n            <tr data-row_id=\"1766\" class=\"ninja_table_row_2 nt_row_id_1766\">\n            <td>tama\u00f1o de la bobina<\/td><td>Di\u00e1metro exterior \u2264500 mm Di\u00e1metro interior 120\/140 mm Ancho 40-100 mm<\/td>        <\/tr>\n            <tr data-row_id=\"1767\" class=\"ninja_table_row_3 nt_row_id_1767\">\n            <td>Velocidad de recogida<\/td><td>0-250 RPM (velocidad personalizable)<\/td>        <\/tr>\n            <tr data-row_id=\"1768\" class=\"ninja_table_row_4 nt_row_id_1768\">\n            <td>Modo de cableado<\/td><td>accionamiento de anillo rodante<\/td>        <\/tr>\n            <tr data-row_id=\"1769\" class=\"ninja_table_row_5 nt_row_id_1769\">\n            <td>Soporte de carga<\/td><td>100 kilos<\/td>        <\/tr>\n            <tr data-row_id=\"1770\" class=\"ninja_table_row_6 nt_row_id_1770\">\n            <td>Potencia del motor<\/td><td>2,2 kW<\/td>        <\/tr>\n            <tr data-row_id=\"1771\" class=\"ninja_table_row_7 nt_row_id_1771\">\n            <td>Voltaje<\/td><td>Alimentaci\u00f3n trif\u00e1sica 380 V 50 Hz<\/td>        <\/tr>\n            <tr data-row_id=\"1772\" class=\"ninja_table_row_8 nt_row_id_1772\">\n            <td>Tama\u00f1o de la m\u00e1quina<\/td><td>1,32 x 1,32 x 1,52 m<\/td>        <\/tr>\n            <tr data-row_id=\"1773\" class=\"ninja_table_row_9 nt_row_id_1773\">\n            <td>peso<\/td><td>280 kilos<\/td>        <\/tr>\n    <\/tbody><!--ninja_tobody_rendering_done-->\n    <\/table>\n    \n    \n    \n<\/div>\n\n<p>&nbsp;<\/p>","protected":false},"excerpt":{"rendered":"<p>1\u3001 La producci\u00f3n tiene una alta efectividad, el costo de mano de obra es solo 20%6 del modelo tradicional.<br \/>\n2\u3001Al utilizar la organizaci\u00f3n autom\u00e1tica, la velocidad de recogida es 2-3 veces m\u00e1s r\u00e1pida que el modelo tradicional.<br \/>\n3\u3001Usando un dispositivo de uni\u00f3n r\u00e1pida, despu\u00e9s de rodear el cable se puede quitar f\u00e1cil y r\u00e1pidamente de la mesa de trabajo, lo que se puede ahorrar mucho tiempo No hay ning\u00fan factor de mano de obra que afecte la calidad de la disposici\u00f3n<\/p>","protected":false},"featured_media":32390,"template":"","meta":{"site-sidebar-layout":"default","site-content-layout":"default","ast-global-header-display":"","ast-banner-title-visibility":"","ast-main-header-display":"","ast-hfb-above-header-display":"","ast-hfb-below-header-display":"","ast-hfb-mobile-header-display":"","site-post-title":"","ast-breadcrumbs-content":"","ast-featured-img":"","footer-sml-layout":"","theme-transparent-header-meta":"default","adv-header-id-meta":"","stick-header-meta":"","header-above-stick-meta":"","header-main-stick-meta":"","header-below-stick-meta":""},"product_brand":[],"product_cat":[51,150],"product_tag":[],"class_list":{"0":"post-32388","1":"product","2":"type-product","3":"status-publish","4":"has-post-thumbnail","6":"product_cat-wire-take-up-machine","7":"product_cat-shaft-type-wire-take-up-machine","8":"desktop-align-left","9":"tablet-align-left","10":"mobile-align-left","12":"first","13":"instock","14":"shipping-taxable","15":"product-type-simple"},"yoast_head":"<!-- This site is optimized with the Yoast SEO Premium plugin v20.12 (Yoast SEO v26.0) - https:\/\/yoast.com\/wordpress\/plugins\/seo\/ -->\n<title>Semi-automatic cable reeling and coiling machines - QiPang<\/title>\n<meta name=\"robots\" content=\"index, follow, max-snippet:-1, max-image-preview:large, max-video-preview:-1\" \/>\n<link rel=\"canonical\" href=\"https:\/\/rollingringdrives.com\/es\/producto\/semi-automatic-cable-reeling-and-coiling-machines\/\" \/>\n<meta property=\"og:locale\" content=\"es_MX\" \/>\n<meta property=\"og:type\" content=\"article\" \/>\n<meta property=\"og:title\" content=\"Semi-automatic cable reeling and coiling machines\" \/>\n<meta property=\"og:description\" content=\"1\u3001 Production has high effectiveness, the man power costis only 20%6of traditional model. 2\u3001Using automatic arranging, take-up speed is 2-3 times faster than traditional model. 3\u3001Using quick binding device, after circling the cable can be easily and quickly removed from work table, lots of time can be saved There is no any manpower-factor to impact the arranging quality\" \/>\n<meta property=\"og:url\" content=\"https:\/\/rollingringdrives.com\/es\/producto\/semi-automatic-cable-reeling-and-coiling-machines\/\" \/>\n<meta property=\"og:site_name\" content=\"QiPang\" \/>\n<meta property=\"article:modified_time\" content=\"2026-01-17T01:54:26+00:00\" \/>\n<meta property=\"og:image\" content=\"https:\/\/rollingringdrives.com\/wp-content\/uploads\/2025\/07\/\u4e3b\u56fe3pg.jpg\" \/>\n\t<meta property=\"og:image:width\" content=\"1000\" \/>\n\t<meta property=\"og:image:height\" content=\"1000\" \/>\n\t<meta property=\"og:image:type\" content=\"image\/jpeg\" \/>\n<meta name=\"twitter:card\" content=\"summary_large_image\" \/>\n<meta name=\"twitter:label1\" content=\"Tiempo de lectura\" \/>\n\t<meta name=\"twitter:data1\" content=\"2 minutos\" \/>\n<script type=\"application\/ld+json\" class=\"yoast-schema-graph\">{\"@context\":\"https:\/\/schema.org\",\"@graph\":[{\"@type\":\"WebPage\",\"@id\":\"https:\/\/rollingringdrives.com\/product\/semi-automatic-cable-reeling-and-coiling-machines\/\",\"url\":\"https:\/\/rollingringdrives.com\/product\/semi-automatic-cable-reeling-and-coiling-machines\/\",\"name\":\"Semi-automatic cable reeling and coiling machines - QiPang\",\"isPartOf\":{\"@id\":\"https:\/\/rollingringdrives.com\/#website\"},\"primaryImageOfPage\":{\"@id\":\"https:\/\/rollingringdrives.com\/product\/semi-automatic-cable-reeling-and-coiling-machines\/#primaryimage\"},\"image\":{\"@id\":\"https:\/\/rollingringdrives.com\/product\/semi-automatic-cable-reeling-and-coiling-machines\/#primaryimage\"},\"thumbnailUrl\":\"https:\/\/rollingringdrives.com\/wp-content\/uploads\/2025\/07\/\u4e3b\u56fe3pg.jpg\",\"datePublished\":\"2025-07-19T08:09:06+00:00\",\"dateModified\":\"2026-01-17T01:54:26+00:00\",\"breadcrumb\":{\"@id\":\"https:\/\/rollingringdrives.com\/product\/semi-automatic-cable-reeling-and-coiling-machines\/#breadcrumb\"},\"inLanguage\":\"es\",\"potentialAction\":[{\"@type\":\"ReadAction\",\"target\":[\"https:\/\/rollingringdrives.com\/product\/semi-automatic-cable-reeling-and-coiling-machines\/\"]}]},{\"@type\":\"ImageObject\",\"inLanguage\":\"es\",\"@id\":\"https:\/\/rollingringdrives.com\/product\/semi-automatic-cable-reeling-and-coiling-machines\/#primaryimage\",\"url\":\"https:\/\/rollingringdrives.com\/wp-content\/uploads\/2025\/07\/\u4e3b\u56fe3pg.jpg\",\"contentUrl\":\"https:\/\/rollingringdrives.com\/wp-content\/uploads\/2025\/07\/\u4e3b\u56fe3pg.jpg\",\"width\":1000,\"height\":1000,\"caption\":\"coil windermachine\"},{\"@type\":\"BreadcrumbList\",\"@id\":\"https:\/\/rollingringdrives.com\/product\/semi-automatic-cable-reeling-and-coiling-machines\/#breadcrumb\",\"itemListElement\":[{\"@type\":\"ListItem\",\"position\":1,\"name\":\"Home\",\"item\":\"https:\/\/rollingringdrives.com\/\"},{\"@type\":\"ListItem\",\"position\":2,\"name\":\"Machines\",\"item\":\"https:\/\/rollingringdrives.com\/machines\/\"},{\"@type\":\"ListItem\",\"position\":3,\"name\":\"Semi-automatic cable reeling and coiling machines\"}]},{\"@type\":\"WebSite\",\"@id\":\"https:\/\/rollingringdrives.com\/#website\",\"url\":\"https:\/\/rollingringdrives.com\/\",\"name\":\"QiPang\",\"description\":\"QiPang Blog\",\"publisher\":{\"@id\":\"https:\/\/rollingringdrives.com\/#organization\"},\"potentialAction\":[{\"@type\":\"SearchAction\",\"target\":{\"@type\":\"EntryPoint\",\"urlTemplate\":\"https:\/\/rollingringdrives.com\/?s={search_term_string}\"},\"query-input\":{\"@type\":\"PropertyValueSpecification\",\"valueRequired\":true,\"valueName\":\"search_term_string\"}}],\"inLanguage\":\"es\"},{\"@type\":\"Organization\",\"@id\":\"https:\/\/rollingringdrives.com\/#organization\",\"name\":\"QiPang\",\"url\":\"https:\/\/rollingringdrives.com\/\",\"logo\":{\"@type\":\"ImageObject\",\"inLanguage\":\"es\",\"@id\":\"https:\/\/rollingringdrives.com\/#\/schema\/logo\/image\/\",\"url\":\"https:\/\/rollingringdrives.com\/wp-content\/uploads\/2023\/05\/cropped-\u672a\u547d\u540d\u7684\u8bbe\u8ba1.png\",\"contentUrl\":\"https:\/\/rollingringdrives.com\/wp-content\/uploads\/2023\/05\/cropped-\u672a\u547d\u540d\u7684\u8bbe\u8ba1.png\",\"width\":300,\"height\":191,\"caption\":\"QiPang\"},\"image\":{\"@id\":\"https:\/\/rollingringdrives.com\/#\/schema\/logo\/image\/\"}}]}<\/script>\n<!-- \/ Yoast SEO Premium plugin. -->","yoast_head_json":{"title":"M\u00e1quinas semiautom\u00e1ticas de enrollado y enrollado de cables - QiPang","robots":{"index":"index","follow":"follow","max-snippet":"max-snippet:-1","max-image-preview":"max-image-preview:large","max-video-preview":"max-video-preview:-1"},"canonical":"https:\/\/rollingringdrives.com\/es\/producto\/semi-automatic-cable-reeling-and-coiling-machines\/","og_locale":"es_MX","og_type":"article","og_title":"Semi-automatic cable reeling and coiling machines","og_description":"1\u3001 Production has high effectiveness, the man power costis only 20%6of traditional model. 2\u3001Using automatic arranging, take-up speed is 2-3 times faster than traditional model. 3\u3001Using quick binding device, after circling the cable can be easily and quickly removed from work table, lots of time can be saved There is no any manpower-factor to impact the arranging quality","og_url":"https:\/\/rollingringdrives.com\/es\/producto\/semi-automatic-cable-reeling-and-coiling-machines\/","og_site_name":"QiPang","article_modified_time":"2026-01-17T01:54:26+00:00","og_image":[{"width":1000,"height":1000,"url":"https:\/\/rollingringdrives.com\/wp-content\/uploads\/2025\/07\/\u4e3b\u56fe3pg.jpg","type":"image\/jpeg"}],"twitter_card":"summary_large_image","twitter_misc":{"Tiempo de lectura":"2 minutos"},"schema":{"@context":"https:\/\/schema.org","@graph":[{"@type":"WebPage","@id":"https:\/\/rollingringdrives.com\/product\/semi-automatic-cable-reeling-and-coiling-machines\/","url":"https:\/\/rollingringdrives.com\/product\/semi-automatic-cable-reeling-and-coiling-machines\/","name":"M\u00e1quinas semiautom\u00e1ticas de enrollado y enrollado de cables - QiPang","isPartOf":{"@id":"https:\/\/rollingringdrives.com\/#website"},"primaryImageOfPage":{"@id":"https:\/\/rollingringdrives.com\/product\/semi-automatic-cable-reeling-and-coiling-machines\/#primaryimage"},"image":{"@id":"https:\/\/rollingringdrives.com\/product\/semi-automatic-cable-reeling-and-coiling-machines\/#primaryimage"},"thumbnailUrl":"https:\/\/rollingringdrives.com\/wp-content\/uploads\/2025\/07\/\u4e3b\u56fe3pg.jpg","datePublished":"2025-07-19T08:09:06+00:00","dateModified":"2026-01-17T01:54:26+00:00","breadcrumb":{"@id":"https:\/\/rollingringdrives.com\/product\/semi-automatic-cable-reeling-and-coiling-machines\/#breadcrumb"},"inLanguage":"es","potentialAction":[{"@type":"ReadAction","target":["https:\/\/rollingringdrives.com\/product\/semi-automatic-cable-reeling-and-coiling-machines\/"]}]},{"@type":"ImageObject","inLanguage":"es","@id":"https:\/\/rollingringdrives.com\/product\/semi-automatic-cable-reeling-and-coiling-machines\/#primaryimage","url":"https:\/\/rollingringdrives.com\/wp-content\/uploads\/2025\/07\/\u4e3b\u56fe3pg.jpg","contentUrl":"https:\/\/rollingringdrives.com\/wp-content\/uploads\/2025\/07\/\u4e3b\u56fe3pg.jpg","width":1000,"height":1000,"caption":"coil windermachine"},{"@type":"BreadcrumbList","@id":"https:\/\/rollingringdrives.com\/product\/semi-automatic-cable-reeling-and-coiling-machines\/#breadcrumb","itemListElement":[{"@type":"ListItem","position":1,"name":"Home","item":"https:\/\/rollingringdrives.com\/"},{"@type":"ListItem","position":2,"name":"Machines","item":"https:\/\/rollingringdrives.com\/machines\/"},{"@type":"ListItem","position":3,"name":"Semi-automatic cable reeling and coiling machines"}]},{"@type":"WebSite","@id":"https:\/\/rollingringdrives.com\/#website","url":"https:\/\/rollingringdrives.com\/","name":"Qi Pang","description":"Blog QiPang","publisher":{"@id":"https:\/\/rollingringdrives.com\/#organization"},"potentialAction":[{"@type":"SearchAction","target":{"@type":"EntryPoint","urlTemplate":"https:\/\/rollingringdrives.com\/?s={search_term_string}"},"query-input":{"@type":"PropertyValueSpecification","valueRequired":true,"valueName":"search_term_string"}}],"inLanguage":"es"},{"@type":"Organization","@id":"https:\/\/rollingringdrives.com\/#organization","name":"Qi Pang","url":"https:\/\/rollingringdrives.com\/","logo":{"@type":"ImageObject","inLanguage":"es","@id":"https:\/\/rollingringdrives.com\/#\/schema\/logo\/image\/","url":"https:\/\/rollingringdrives.com\/wp-content\/uploads\/2023\/05\/cropped-\u672a\u547d\u540d\u7684\u8bbe\u8ba1.png","contentUrl":"https:\/\/rollingringdrives.com\/wp-content\/uploads\/2023\/05\/cropped-\u672a\u547d\u540d\u7684\u8bbe\u8ba1.png","width":300,"height":191,"caption":"QiPang"},"image":{"@id":"https:\/\/rollingringdrives.com\/#\/schema\/logo\/image\/"}}]}},"_links":{"self":[{"href":"https:\/\/rollingringdrives.com\/es\/wp-json\/wp\/v2\/product\/32388","targetHints":{"allow":["GET"]}}],"collection":[{"href":"https:\/\/rollingringdrives.com\/es\/wp-json\/wp\/v2\/product"}],"about":[{"href":"https:\/\/rollingringdrives.com\/es\/wp-json\/wp\/v2\/types\/product"}],"version-history":[{"count":0,"href":"https:\/\/rollingringdrives.com\/es\/wp-json\/wp\/v2\/product\/32388\/revisions"}],"wp:featuredmedia":[{"embeddable":true,"href":"https:\/\/rollingringdrives.com\/es\/wp-json\/wp\/v2\/media\/32390"}],"wp:attachment":[{"href":"https:\/\/rollingringdrives.com\/es\/wp-json\/wp\/v2\/media?parent=32388"}],"wp:term":[{"taxonomy":"product_brand","embeddable":true,"href":"https:\/\/rollingringdrives.com\/es\/wp-json\/wp\/v2\/product_brand?post=32388"},{"taxonomy":"product_cat","embeddable":true,"href":"https:\/\/rollingringdrives.com\/es\/wp-json\/wp\/v2\/product_cat?post=32388"},{"taxonomy":"product_tag","embeddable":true,"href":"https:\/\/rollingringdrives.com\/es\/wp-json\/wp\/v2\/product_tag?post=32388"}],"curies":[{"name":"wp","href":"https:\/\/api.w.org\/{rel}","templated":true}]}}