{"id":32394,"date":"2025-07-19T09:06:43","date_gmt":"2025-07-19T09:06:43","guid":{"rendered":"https:\/\/rollingringdrives.com\/?post_type=product&#038;p=32394"},"modified":"2025-07-19T09:16:27","modified_gmt":"2025-07-19T09:16:27","slug":"portal-type-cantilever-electric-rewinding-machine","status":"publish","type":"product","link":"https:\/\/rollingringdrives.com\/es\/producto\/portal-type-cantilever-electric-rewinding-machine\/","title":{"rendered":"M\u00e1quina rebobinadora el\u00e9ctrica tipo portal con voladizo"},"content":{"rendered":"<p>La rebobinadora el\u00e9ctrica tipo portal en voladizo se refiere a un tipo espec\u00edfico de equipo o proceso de fabricaci\u00f3n que se utiliza para extraer alambre o cable de su carrete o bobina original y transferirlo a un nuevo carrete o bobina seg\u00fan los requisitos especificados. El prop\u00f3sito principal es reempaquetar o reconfigurar los productos de alambre y cable terminados. Esto suele implicar cambiar la longitud del rollo de cable, modificar el di\u00e1metro del carrete o adaptar la forma del cable a aplicaciones espec\u00edficas o necesidades del cliente.<\/p>\n<div id=\"footable_parent_32395\"\n         class=\"footable_parent ninja_table_wrapper loading_ninja_table wp_table_data_press_parent semantic_ui\">\n                <table data-ninja_table_instance=\"ninja_table_instance_0\" data-footable_id=\"32395\" data-filter-delay=\"1000\" aria-label=\"Archivo XLS \u5de5\u4f5c\u8868.csv\"            id=\"footable_32395\"\n           data-unique_identifier=\"ninja_table_unique_id_1522236265_32395\"\n           class=\"foo-table ninja_footable foo_table_32395 ninja_table_unique_id_1522236265_32395 ui table  nt_type_legacy_table selectable striped vertical_centered  footable-paging-right ninja_table_pro\">\n                <colgroup>\n                            <col class=\"ninja_column_0\">\n                            <col class=\"ninja_column_1\">\n                    <\/colgroup>\n        <thead>\n<tr class=\"footable-header\">\n                                        <th scope=\"col\"  class=\"ninja_column_0 ninja_clmn_nm_model\">Modelo<\/th><th scope=\"col\"  class=\"ninja_column_1 ninja_clmn_nm_qpm4\">QPM400<\/th><\/tr>\n<\/thead>\n<tbody>\n\n        <tr data-row_id=\"1774\" class=\"ninja_table_row_0 nt_row_id_1774\">\n            <td>tama\u00f1o del carrete<\/td><td>di\u00e1metro exterior: \u00f8400-\u00f8800mm di\u00e1metro interior \u00f850-\u00f880mm<\/td>        <\/tr>\n            <tr data-row_id=\"1775\" class=\"ninja_table_row_1 nt_row_id_1775\">\n            <td>Disposici\u00f3n de cables\/alambres<\/td><td>GP30 Anillo rodante transversal<\/td>        <\/tr>\n            <tr data-row_id=\"1776\" class=\"ninja_table_row_2 nt_row_id_1776\">\n            <td>M\u00e9todo de sujeci\u00f3n:<\/td><td> sujeci\u00f3n del cilindro<\/td>        <\/tr>\n            <tr data-row_id=\"1777\" class=\"ninja_table_row_3 nt_row_id_1777\">\n            <td>contador de metros<\/td><td>Con funci\u00f3n de alarma, se detendr\u00e1 autom\u00e1ticamente al alcanzar el n\u00famero de metros requerido.<\/td>        <\/tr>\n            <tr data-row_id=\"1778\" class=\"ninja_table_row_4 nt_row_id_1778\">\n            <td>Velocidad de bobinado: <\/td><td>\u2264 300 revoluciones por minuto<\/td>        <\/tr>\n            <tr data-row_id=\"1779\" class=\"ninja_table_row_5 nt_row_id_1779\">\n            <td>M\u00e9todo de elevaci\u00f3n:<\/td><td> Elevaci\u00f3n el\u00e9ctrica con final de carrera electr\u00f3nico.<\/td>        <\/tr>\n            <tr data-row_id=\"1780\" class=\"ninja_table_row_6 nt_row_id_1780\">\n            <td>carga m\u00e1xima<\/td><td>200kg<\/td>        <\/tr>\n            <tr data-row_id=\"1781\" class=\"ninja_table_row_7 nt_row_id_1781\">\n            <td>M\u00e9todo de instalaci\u00f3n de la bandeja:<\/td><td>Bandeja inferior<\/td>        <\/tr>\n            <tr data-row_id=\"1782\" class=\"ninja_table_row_8 nt_row_id_1782\">\n            <td>fuerza<\/td><td>380 V, trif\u00e1sico, 50 Hz o personalizar<\/td>        <\/tr>\n            <tr data-row_id=\"1783\" class=\"ninja_table_row_9 nt_row_id_1783\">\n            <td>Convertidor de frecuencia:<\/td><td>Utilice la serie Inovance MD310 con resistencia de freno e interfaz de control de velocidad del marco de tensi\u00f3n reservado<\/td>        <\/tr>\n    <\/tbody><!--ninja_tobody_rendering_done-->\n    <\/table>\n    \n    \n    \n<\/div>\n\n<div class=\"ast-oembed-container\" style=\"height: 100%;\"><iframe title=\"M\u00e1quina rebobinadora el\u00e9ctrica tipo portal con voladizo\" width=\"500\" height=\"281\" src=\"https:\/\/www.youtube.com\/embed\/HSYHiPZKsXI?feature=oembed\" frameborder=\"0\" allow=\"accelerometer; autoplay; clipboard-write; encrypted-media; gyroscope; picture-in-picture; web-share\" referrerpolicy=\"strict-origin-when-cross-origin\" allowfullscreen><\/iframe><\/div>\n<ol>\n<li><strong>Prop\u00f3sito y beneficios:<\/strong>\n<ul>\n<li><strong>Personalizaci\u00f3n:<\/strong>\u00a0Creaci\u00f3n de longitudes espec\u00edficas o tama\u00f1os de paquetes que no est\u00e1n disponibles en la ejecuci\u00f3n de fabricaci\u00f3n inicial.<\/li>\n<li><strong>Eficiencia:<\/strong>\u00a0Automatizar el proceso, a menudo laborioso, de rebobinar manualmente grandes cantidades de cable.<\/li>\n<li><strong>Prevenci\u00f3n de da\u00f1os:<\/strong>\u00a0Utilizando tensi\u00f3n controlada y manejo adecuado para proteger la integridad del cable.<\/li>\n<li><strong>Log\u00edstica:<\/strong> Preparaci\u00f3n de cables para facilitar su almacenamiento, transporte e implementaci\u00f3n en diversas industrias<\/li>\n<\/ul>\n<\/li>\n<li><strong>Aplicaciones:<\/strong>\u00a0Estas l\u00edneas de producci\u00f3n son cruciales en industrias como la automotriz (para arneses de cableado), la construcci\u00f3n (para cables de alimentaci\u00f3n), las telecomunicaciones, la electr\u00f3nica y la energ\u00eda renovable (para cables de energ\u00eda solar o e\u00f3lica).<\/li>\n<\/ol>\n<p>En esencia, es una configuraci\u00f3n especializada para transferir de manera eficiente y segura alambre o cable de un carrete a otro, cumpliendo con requisitos espec\u00edficos de longitud, tama\u00f1o de carrete o empaque.<\/p>","protected":false},"excerpt":{"rendered":"<p>Caracter\u00edstica<\/p>\n<p>1. Control preciso de la tensi\u00f3n de recogida.<br \/>\n2. Disposici\u00f3n de cables precisa y confiable<br \/>\n3.Velocidad de recogida ajustable y adaptada<br \/>\n4. Estructura robusta, gran capacidad.<br \/>\n5. F\u00e1cil operaci\u00f3n, alto grado de automatizaci\u00f3n.<br \/>\n6. Fuerte adaptabilidad<\/p>","protected":false},"featured_media":32396,"template":"","meta":{"site-sidebar-layout":"default","site-content-layout":"default","ast-global-header-display":"","ast-banner-title-visibility":"","ast-main-header-display":"","ast-hfb-above-header-display":"","ast-hfb-below-header-display":"","ast-hfb-mobile-header-display":"","site-post-title":"","ast-breadcrumbs-content":"","ast-featured-img":"","footer-sml-layout":"","theme-transparent-header-meta":"default","adv-header-id-meta":"","stick-header-meta":"","header-above-stick-meta":"","header-main-stick-meta":"","header-below-stick-meta":""},"product_brand":[],"product_cat":[51,151],"product_tag":[],"class_list":{"0":"post-32394","1":"product","2":"type-product","3":"status-publish","4":"has-post-thumbnail","6":"product_cat-wire-take-up-machine","7":"product_cat-shaftless-cable-take-up-machine","8":"desktop-align-left","9":"tablet-align-left","10":"mobile-align-left","12":"first","13":"instock","14":"shipping-taxable","15":"product-type-simple"},"yoast_head":"<!-- This site is optimized with the Yoast SEO Premium plugin v20.12 (Yoast SEO v26.0) - https:\/\/yoast.com\/wordpress\/plugins\/seo\/ -->\n<title>Portal-type cantilever Electric rewinding machine - QiPang<\/title>\n<meta name=\"robots\" content=\"index, follow, max-snippet:-1, max-image-preview:large, max-video-preview:-1\" \/>\n<link rel=\"canonical\" href=\"https:\/\/rollingringdrives.com\/es\/producto\/portal-type-cantilever-electric-rewinding-machine\/\" \/>\n<meta property=\"og:locale\" content=\"es_MX\" \/>\n<meta property=\"og:type\" content=\"article\" \/>\n<meta property=\"og:title\" content=\"Portal-type cantilever Electric rewinding machine\" \/>\n<meta property=\"og:description\" content=\"Feature  1.Precise control of take-up tension 2.Accurate and reliable wire arrangement 3.Adjustable and matching take-up speed 4.Sturdy structure, large capacity 5.Easy operation, high degree of automation 6.Strong adaptability\" \/>\n<meta property=\"og:url\" content=\"https:\/\/rollingringdrives.com\/es\/producto\/portal-type-cantilever-electric-rewinding-machine\/\" \/>\n<meta property=\"og:site_name\" content=\"QiPang\" \/>\n<meta property=\"article:modified_time\" content=\"2025-07-19T09:16:27+00:00\" \/>\n<meta property=\"og:image\" content=\"https:\/\/rollingringdrives.com\/wp-content\/uploads\/2025\/07\/bfd00e16a45711cfd33c46bac25a2b00_\u526f\u672c.jpg\" \/>\n\t<meta property=\"og:image:width\" content=\"800\" \/>\n\t<meta property=\"og:image:height\" content=\"800\" \/>\n\t<meta property=\"og:image:type\" content=\"image\/jpeg\" \/>\n<meta name=\"twitter:card\" content=\"summary_large_image\" \/>\n<meta name=\"twitter:label1\" content=\"Tiempo de lectura\" \/>\n\t<meta name=\"twitter:data1\" content=\"2 minutos\" \/>\n<script type=\"application\/ld+json\" class=\"yoast-schema-graph\">{\"@context\":\"https:\/\/schema.org\",\"@graph\":[{\"@type\":\"WebPage\",\"@id\":\"https:\/\/rollingringdrives.com\/product\/portal-type-cantilever-electric-rewinding-machine\/\",\"url\":\"https:\/\/rollingringdrives.com\/product\/portal-type-cantilever-electric-rewinding-machine\/\",\"name\":\"Portal-type cantilever Electric rewinding machine - QiPang\",\"isPartOf\":{\"@id\":\"https:\/\/rollingringdrives.com\/#website\"},\"primaryImageOfPage\":{\"@id\":\"https:\/\/rollingringdrives.com\/product\/portal-type-cantilever-electric-rewinding-machine\/#primaryimage\"},\"image\":{\"@id\":\"https:\/\/rollingringdrives.com\/product\/portal-type-cantilever-electric-rewinding-machine\/#primaryimage\"},\"thumbnailUrl\":\"https:\/\/rollingringdrives.com\/wp-content\/uploads\/2025\/07\/bfd00e16a45711cfd33c46bac25a2b00_\u526f\u672c.jpg\",\"datePublished\":\"2025-07-19T09:06:43+00:00\",\"dateModified\":\"2025-07-19T09:16:27+00:00\",\"breadcrumb\":{\"@id\":\"https:\/\/rollingringdrives.com\/product\/portal-type-cantilever-electric-rewinding-machine\/#breadcrumb\"},\"inLanguage\":\"es\",\"potentialAction\":[{\"@type\":\"ReadAction\",\"target\":[\"https:\/\/rollingringdrives.com\/product\/portal-type-cantilever-electric-rewinding-machine\/\"]}]},{\"@type\":\"ImageObject\",\"inLanguage\":\"es\",\"@id\":\"https:\/\/rollingringdrives.com\/product\/portal-type-cantilever-electric-rewinding-machine\/#primaryimage\",\"url\":\"https:\/\/rollingringdrives.com\/wp-content\/uploads\/2025\/07\/bfd00e16a45711cfd33c46bac25a2b00_\u526f\u672c.jpg\",\"contentUrl\":\"https:\/\/rollingringdrives.com\/wp-content\/uploads\/2025\/07\/bfd00e16a45711cfd33c46bac25a2b00_\u526f\u672c.jpg\",\"width\":800,\"height\":800,\"caption\":\"Door-shaped take up machine\"},{\"@type\":\"BreadcrumbList\",\"@id\":\"https:\/\/rollingringdrives.com\/product\/portal-type-cantilever-electric-rewinding-machine\/#breadcrumb\",\"itemListElement\":[{\"@type\":\"ListItem\",\"position\":1,\"name\":\"Home\",\"item\":\"https:\/\/rollingringdrives.com\/\"},{\"@type\":\"ListItem\",\"position\":2,\"name\":\"Machines\",\"item\":\"https:\/\/rollingringdrives.com\/machines\/\"},{\"@type\":\"ListItem\",\"position\":3,\"name\":\"Portal-type cantilever Electric rewinding machine\"}]},{\"@type\":\"WebSite\",\"@id\":\"https:\/\/rollingringdrives.com\/#website\",\"url\":\"https:\/\/rollingringdrives.com\/\",\"name\":\"QiPang\",\"description\":\"QiPang Blog\",\"publisher\":{\"@id\":\"https:\/\/rollingringdrives.com\/#organization\"},\"potentialAction\":[{\"@type\":\"SearchAction\",\"target\":{\"@type\":\"EntryPoint\",\"urlTemplate\":\"https:\/\/rollingringdrives.com\/?s={search_term_string}\"},\"query-input\":{\"@type\":\"PropertyValueSpecification\",\"valueRequired\":true,\"valueName\":\"search_term_string\"}}],\"inLanguage\":\"es\"},{\"@type\":\"Organization\",\"@id\":\"https:\/\/rollingringdrives.com\/#organization\",\"name\":\"QiPang\",\"url\":\"https:\/\/rollingringdrives.com\/\",\"logo\":{\"@type\":\"ImageObject\",\"inLanguage\":\"es\",\"@id\":\"https:\/\/rollingringdrives.com\/#\/schema\/logo\/image\/\",\"url\":\"https:\/\/rollingringdrives.com\/wp-content\/uploads\/2023\/05\/cropped-\u672a\u547d\u540d\u7684\u8bbe\u8ba1.png\",\"contentUrl\":\"https:\/\/rollingringdrives.com\/wp-content\/uploads\/2023\/05\/cropped-\u672a\u547d\u540d\u7684\u8bbe\u8ba1.png\",\"width\":300,\"height\":191,\"caption\":\"QiPang\"},\"image\":{\"@id\":\"https:\/\/rollingringdrives.com\/#\/schema\/logo\/image\/\"}}]}<\/script>\n<!-- \/ Yoast SEO Premium plugin. -->","yoast_head_json":{"title":"Rebobinadora el\u00e9ctrica de voladizo tipo portal - QiPang","robots":{"index":"index","follow":"follow","max-snippet":"max-snippet:-1","max-image-preview":"max-image-preview:large","max-video-preview":"max-video-preview:-1"},"canonical":"https:\/\/rollingringdrives.com\/es\/producto\/portal-type-cantilever-electric-rewinding-machine\/","og_locale":"es_MX","og_type":"article","og_title":"Portal-type cantilever Electric rewinding machine","og_description":"Feature  1.Precise control of take-up tension 2.Accurate and reliable wire arrangement 3.Adjustable and matching take-up speed 4.Sturdy structure, large capacity 5.Easy operation, high degree of automation 6.Strong adaptability","og_url":"https:\/\/rollingringdrives.com\/es\/producto\/portal-type-cantilever-electric-rewinding-machine\/","og_site_name":"QiPang","article_modified_time":"2025-07-19T09:16:27+00:00","og_image":[{"width":800,"height":800,"url":"https:\/\/rollingringdrives.com\/wp-content\/uploads\/2025\/07\/bfd00e16a45711cfd33c46bac25a2b00_\u526f\u672c.jpg","type":"image\/jpeg"}],"twitter_card":"summary_large_image","twitter_misc":{"Tiempo de lectura":"2 minutos"},"schema":{"@context":"https:\/\/schema.org","@graph":[{"@type":"WebPage","@id":"https:\/\/rollingringdrives.com\/product\/portal-type-cantilever-electric-rewinding-machine\/","url":"https:\/\/rollingringdrives.com\/product\/portal-type-cantilever-electric-rewinding-machine\/","name":"Rebobinadora el\u00e9ctrica de voladizo tipo portal - QiPang","isPartOf":{"@id":"https:\/\/rollingringdrives.com\/#website"},"primaryImageOfPage":{"@id":"https:\/\/rollingringdrives.com\/product\/portal-type-cantilever-electric-rewinding-machine\/#primaryimage"},"image":{"@id":"https:\/\/rollingringdrives.com\/product\/portal-type-cantilever-electric-rewinding-machine\/#primaryimage"},"thumbnailUrl":"https:\/\/rollingringdrives.com\/wp-content\/uploads\/2025\/07\/bfd00e16a45711cfd33c46bac25a2b00_\u526f\u672c.jpg","datePublished":"2025-07-19T09:06:43+00:00","dateModified":"2025-07-19T09:16:27+00:00","breadcrumb":{"@id":"https:\/\/rollingringdrives.com\/product\/portal-type-cantilever-electric-rewinding-machine\/#breadcrumb"},"inLanguage":"es","potentialAction":[{"@type":"ReadAction","target":["https:\/\/rollingringdrives.com\/product\/portal-type-cantilever-electric-rewinding-machine\/"]}]},{"@type":"ImageObject","inLanguage":"es","@id":"https:\/\/rollingringdrives.com\/product\/portal-type-cantilever-electric-rewinding-machine\/#primaryimage","url":"https:\/\/rollingringdrives.com\/wp-content\/uploads\/2025\/07\/bfd00e16a45711cfd33c46bac25a2b00_\u526f\u672c.jpg","contentUrl":"https:\/\/rollingringdrives.com\/wp-content\/uploads\/2025\/07\/bfd00e16a45711cfd33c46bac25a2b00_\u526f\u672c.jpg","width":800,"height":800,"caption":"Door-shaped take up machine"},{"@type":"BreadcrumbList","@id":"https:\/\/rollingringdrives.com\/product\/portal-type-cantilever-electric-rewinding-machine\/#breadcrumb","itemListElement":[{"@type":"ListItem","position":1,"name":"Home","item":"https:\/\/rollingringdrives.com\/"},{"@type":"ListItem","position":2,"name":"Machines","item":"https:\/\/rollingringdrives.com\/machines\/"},{"@type":"ListItem","position":3,"name":"Portal-type cantilever Electric rewinding machine"}]},{"@type":"WebSite","@id":"https:\/\/rollingringdrives.com\/#website","url":"https:\/\/rollingringdrives.com\/","name":"Qi Pang","description":"Blog QiPang","publisher":{"@id":"https:\/\/rollingringdrives.com\/#organization"},"potentialAction":[{"@type":"SearchAction","target":{"@type":"EntryPoint","urlTemplate":"https:\/\/rollingringdrives.com\/?s={search_term_string}"},"query-input":{"@type":"PropertyValueSpecification","valueRequired":true,"valueName":"search_term_string"}}],"inLanguage":"es"},{"@type":"Organization","@id":"https:\/\/rollingringdrives.com\/#organization","name":"Qi Pang","url":"https:\/\/rollingringdrives.com\/","logo":{"@type":"ImageObject","inLanguage":"es","@id":"https:\/\/rollingringdrives.com\/#\/schema\/logo\/image\/","url":"https:\/\/rollingringdrives.com\/wp-content\/uploads\/2023\/05\/cropped-\u672a\u547d\u540d\u7684\u8bbe\u8ba1.png","contentUrl":"https:\/\/rollingringdrives.com\/wp-content\/uploads\/2023\/05\/cropped-\u672a\u547d\u540d\u7684\u8bbe\u8ba1.png","width":300,"height":191,"caption":"QiPang"},"image":{"@id":"https:\/\/rollingringdrives.com\/#\/schema\/logo\/image\/"}}]}},"_links":{"self":[{"href":"https:\/\/rollingringdrives.com\/es\/wp-json\/wp\/v2\/product\/32394","targetHints":{"allow":["GET"]}}],"collection":[{"href":"https:\/\/rollingringdrives.com\/es\/wp-json\/wp\/v2\/product"}],"about":[{"href":"https:\/\/rollingringdrives.com\/es\/wp-json\/wp\/v2\/types\/product"}],"version-history":[{"count":0,"href":"https:\/\/rollingringdrives.com\/es\/wp-json\/wp\/v2\/product\/32394\/revisions"}],"wp:featuredmedia":[{"embeddable":true,"href":"https:\/\/rollingringdrives.com\/es\/wp-json\/wp\/v2\/media\/32396"}],"wp:attachment":[{"href":"https:\/\/rollingringdrives.com\/es\/wp-json\/wp\/v2\/media?parent=32394"}],"wp:term":[{"taxonomy":"product_brand","embeddable":true,"href":"https:\/\/rollingringdrives.com\/es\/wp-json\/wp\/v2\/product_brand?post=32394"},{"taxonomy":"product_cat","embeddable":true,"href":"https:\/\/rollingringdrives.com\/es\/wp-json\/wp\/v2\/product_cat?post=32394"},{"taxonomy":"product_tag","embeddable":true,"href":"https:\/\/rollingringdrives.com\/es\/wp-json\/wp\/v2\/product_tag?post=32394"}],"curies":[{"name":"wp","href":"https:\/\/api.w.org\/{rel}","templated":true}]}}