{"id":32465,"date":"2025-09-13T09:24:24","date_gmt":"2025-09-13T09:24:24","guid":{"rendered":"https:\/\/rollingringdrives.com\/?post_type=product&#038;p=32465"},"modified":"2026-02-07T05:42:42","modified_gmt":"2026-02-07T05:42:42","slug":"active-pay-off-machine","status":"publish","type":"product","link":"https:\/\/rollingringdrives.com\/es\/producto\/active-pay-off-machine\/","title":{"rendered":"Qp630 Active Pay Off M\u00e1quina Para Cable Re-Reeling"},"content":{"rendered":"<p>Shanghai Qipang es una empresa l\u00edder especializada en la investigaci\u00f3n, el dise\u00f1o, la fabricaci\u00f3n y la venta de\u00a0<strong>m\u00e1quina de liquidaci\u00f3n activa<\/strong>. Nuestra misi\u00f3n es proporcionar a los clientes soluciones de procesamiento de cable eficientes, estables e inteligentes a trav\u00e9s de la innovaci\u00f3n tecnol\u00f3gica. Nos dedicamos a ayudar a los clientes de todo el mundo a optimizar los procesos de producci\u00f3n, reducir los costes operativos y mejorar la calidad de los productos, desde las m\u00e1quinas de bobinado y enrollado hasta otros equipos auxiliares.<\/p>\n<p>La unidad de descarga activa es adecuada para la descarga de cables redondos, cables planos con revestimiento, cables \u00f3pticos planos y diversos materiales de cables. Puede resolver eficazmente los problemas de acumulaci\u00f3n de cables y da\u00f1os en los cables que son propensos a ocurrir en los m\u00e9todos tradicionales de pay-off.<\/p>\n<h2><strong>Par\u00e1metros de la m\u00e1quina de pago activa QP630<\/strong><\/h2>\n<div id=\"footable_parent_32473\"\n         class=\"footable_parent ninja_table_wrapper loading_ninja_table wp_table_data_press_parent semantic_ui\">\n                <table data-ninja_table_instance=\"ninja_table_instance_0\" data-footable_id=\"32473\" data-filter-delay=\"1000\" aria-label=\"630 par\u00e1metro de m\u00e1quina de pago activa.csv\"            id=\"footable_32473\"\n           data-unique_identifier=\"ninja_table_unique_id_1816302295_32473\"\n           class=\"foo-table ninja_footable foo_table_32473 ninja_table_unique_id_1816302295_32473 ui table  ninja_search_right nt_type_legacy_table selectable celled striped vertical_centered  footable-paging-right ninja_table_pro\">\n                <colgroup>\n                            <col class=\"ninja_column_0\">\n                            <col class=\"ninja_column_1\">\n                            <col class=\"ninja_column_2\">\n                    <\/colgroup>\n        <thead>\n<tr class=\"footable-header\">\n                                                        <th scope=\"col\"  class=\"ninja_column_0 ninja_clmn_nm_activepayoffmachinespecification\">Especificaci\u00f3n de la m\u00e1quina de pago activa<\/th><th scope=\"col\"  class=\"ninja_column_1 ninja_clmn_nm_ninja_column_2\"><\/th><th scope=\"col\"  class=\"ninja_column_2 ninja_clmn_nm_ninja_column_3\"><\/th><\/tr>\n<\/thead>\n<tbody>\n\n        <tr data-row_id=\"1803\" class=\"ninja_table_row_0 nt_row_id_1803\">\n            <td>Anchura de bobina (mm)<\/td><td>300-475 mm<\/td><td>300-475 mm<\/td>        <\/tr>\n            <tr data-row_id=\"1804\" class=\"ninja_table_row_1 nt_row_id_1804\">\n            <td>Agujero interior de la bobina (mm)<\/td><td>56\/80\/127 mm<\/td><td>56\/80\/127<\/td>        <\/tr>\n            <tr data-row_id=\"1805\" class=\"ninja_table_row_2 nt_row_id_1805\">\n            <td>Peso m\u00e1x. Peso de carga (kg)<\/td><td>450KG<\/td><td>600KG<\/td>        <\/tr>\n            <tr data-row_id=\"1806\" class=\"ninja_table_row_3 nt_row_id_1806\">\n            <td>Di\u00e1metro de alambre adecuado<\/td><td>0,1-8 mm<\/td><td>0,1-12 mm<\/td>        <\/tr>\n            <tr data-row_id=\"1807\" class=\"ninja_table_row_4 nt_row_id_1807\">\n            <td>Velocidad de pago<\/td><td>0-300RPM<\/td><td>0-400RPM<\/td>        <\/tr>\n            <tr data-row_id=\"1808\" class=\"ninja_table_row_5 nt_row_id_1808\">\n            <td>Pagar el motor <\/td><td>1,5KW+RV<\/td><td>3KW+RV<\/td>        <\/tr>\n            <tr data-row_id=\"1809\" class=\"ninja_table_row_6 nt_row_id_1809\">\n            <td>Motor de elevaci\u00f3n<\/td><td>0,75KW+RV63<\/td><td>0,75KW+RV63<\/td>        <\/tr>\n            <tr data-row_id=\"1810\" class=\"ninja_table_row_7 nt_row_id_1810\">\n            <td>Tipo de sujeci\u00f3n del carrete<\/td><td>Manivela o cilindro<\/td><td><\/td>        <\/tr>\n            <tr data-row_id=\"1811\" class=\"ninja_table_row_8 nt_row_id_1811\">\n            <td>Modo de control<\/td><td>Control de regulaci\u00f3n PID<\/td><td><\/td>        <\/tr>\n            <tr data-row_id=\"1812\" class=\"ninja_table_row_9 nt_row_id_1812\">\n            <td>M\u00e9todo de frenado<\/td><td>\/<\/td><td>Frenado electromagn\u00e9tico<\/td>        <\/tr>\n            <tr data-row_id=\"1814\" class=\"ninja_table_row_10 nt_row_id_1814\">\n            <td>Cantidad<\/td><td>1+4+3+1<\/td><td>1+4+3+1<\/td>        <\/tr>\n            <tr data-row_id=\"1815\" class=\"ninja_table_row_11 nt_row_id_1815\">\n            <td>Fuente de alimentaci\u00f3n<\/td><td>Trif\u00e1sico, 50 Hz 380 V<\/td><td>Trif\u00e1sico, 50 Hz 380 V<\/td>        <\/tr>\n            <tr data-row_id=\"1816\" class=\"ninja_table_row_12 nt_row_id_1816\">\n            <td><\/td><td><\/td><td><\/td>        <\/tr>\n            <tr data-row_id=\"1817\" class=\"ninja_table_row_13 nt_row_id_1817\">\n            <td><\/td><td><\/td><td><\/td>        <\/tr>\n    <\/tbody><!--ninja_tobody_rendering_done-->\n    <\/table>\n    \n    \n    \n<\/div>\n\n<div class=\"ast-oembed-container\" style=\"height: 100%;\"><iframe title=\"M\u00c1QUINA DE ALISADO DE ALAMBRE+M\u00c1QUINA DE ALISADO ACTIVA\" width=\"422\" height=\"750\" src=\"https:\/\/www.youtube.com\/embed\/IDccMdT1tH4?feature=oembed\" frameborder=\"0\" allow=\"accelerometer; autoplay; clipboard-write; encrypted-media; gyroscope; picture-in-picture; web-share\" referrerpolicy=\"strict-origin-when-cross-origin\" allowfullscreen><\/iframe><\/div>\n<h2><strong>Dibujo de la m\u00e1quina de amortizaci\u00f3n activa QP630<\/strong><\/h2>\n<p><img fetchpriority=\"high\" decoding=\"async\" class=\"alignnone size-full wp-image-32474\" src=\"https:\/\/rollingringdrives.com\/wp-content\/uploads\/2025\/09\/\u56fe\u7247\u52a0\u6c34\u5370\u6210\u529f\u540e\u6587\u4ef6.png\" alt=\"desenrolladora de bobinas\" width=\"926\" height=\"715\" srcset=\"https:\/\/rollingringdrives.com\/wp-content\/uploads\/2025\/09\/\u56fe\u7247\u52a0\u6c34\u5370\u6210\u529f\u540e\u6587\u4ef6.png 926w, https:\/\/rollingringdrives.com\/wp-content\/uploads\/2025\/09\/\u56fe\u7247\u52a0\u6c34\u5370\u6210\u529f\u540e\u6587\u4ef6-300x232.png 300w, https:\/\/rollingringdrives.com\/wp-content\/uploads\/2025\/09\/\u56fe\u7247\u52a0\u6c34\u5370\u6210\u529f\u540e\u6587\u4ef6-768x593.png 768w, https:\/\/rollingringdrives.com\/wp-content\/uploads\/2025\/09\/\u56fe\u7247\u52a0\u6c34\u5370\u6210\u529f\u540e\u6587\u4ef6-16x12.png 16w, https:\/\/rollingringdrives.com\/wp-content\/uploads\/2025\/09\/\u56fe\u7247\u52a0\u6c34\u5370\u6210\u529f\u540e\u6587\u4ef6-600x463.png 600w\" sizes=\"(max-width: 926px) 100vw, 926px\" \/><\/p>\n<h2><strong>Ventaja de la m\u00e1quina de pago activa QP630<\/strong><\/h2>\n<p>1. Eficacia y precisi\u00f3n<br \/>\nEl equipo utiliza un convertidor de frecuencia para controlar la velocidad de desembolso. Combinado con un dise\u00f1o de brazo oscilante, una rueda gu\u00eda oscilante controlada por cilindro y un sensor de desplazamiento, garantiza un desembolso preciso, evita la acumulaci\u00f3n de cables y los da\u00f1os, y mejora la eficiencia de la producci\u00f3n.<\/p>\n<p>2. Proteger la calidad del cable<br \/>\nLa m\u00e1quina de desenrollado activo controla activamente el proceso de desenrollado, eliminando problemas como el adelgazamiento del n\u00facleo del alambre y los enredos, garantizando una alta calidad del alambre durante todo el proceso de producci\u00f3n. Es especialmente adecuada para enrollar y devanar alambres cuadrados peque\u00f1os.<\/p>\n<p>3. Alto nivel de automatizaci\u00f3n<br \/>\nEl equipo admite el pago de potencia sin eje, lo que simplifica la carga y descarga de bobinas, reduce la intervenci\u00f3n manual y mejora a\u00fan m\u00e1s el nivel de automatizaci\u00f3n de la l\u00ednea de producci\u00f3n.<\/p>\n<p>4. Dise\u00f1o estructural optimizado<br \/>\nAlgunos equipos presentan un dise\u00f1o de bastidor de salida vertical u horizontal, compacto y flexible, que se adapta a las necesidades de diversos entornos de producci\u00f3n y mejora la practicidad del equipo.<\/p>\n<p>&nbsp;<\/p>","protected":false},"excerpt":{"rendered":"<p>La serie QP de enrolladores y desenrolladores se ha desarrollado para aplicaciones de mayor velocidad de enrollado y desenrollado. Un dise\u00f1o robusto y compacto permite<br \/>\nrequisitos m\u00ednimos de espacio en el suelo con una carga y descarga sencillas de las bobinas gracias a la capacidad de paso de bobinas y a la operaci\u00f3n de carga de bobinas con posicionamiento sin eje.<\/p>","protected":false},"featured_media":32468,"template":"","meta":{"site-sidebar-layout":"default","site-content-layout":"default","ast-global-header-display":"","ast-banner-title-visibility":"","ast-main-header-display":"","ast-hfb-above-header-display":"","ast-hfb-below-header-display":"","ast-hfb-mobile-header-display":"","site-post-title":"","ast-breadcrumbs-content":"","ast-featured-img":"","footer-sml-layout":"","theme-transparent-header-meta":"default","adv-header-id-meta":"","stick-header-meta":"","header-above-stick-meta":"","header-main-stick-meta":"","header-below-stick-meta":""},"product_brand":[],"product_cat":[48,133],"product_tag":[],"class_list":{"0":"post-32465","1":"product","2":"type-product","3":"status-publish","4":"has-post-thumbnail","6":"product_cat-wire-payoff-machine","7":"product_cat-active-pay-off-machine","8":"desktop-align-left","9":"tablet-align-left","10":"mobile-align-left","12":"first","13":"instock","14":"shipping-taxable","15":"product-type-simple"},"yoast_head":"<!-- This site is optimized with the Yoast SEO Premium plugin v20.12 (Yoast SEO v26.0) - https:\/\/yoast.com\/wordpress\/plugins\/seo\/ -->\n<title>Qp630 Active Pay Off Machine For Cable Re-Reeling - QiPang<\/title>\n<meta name=\"robots\" content=\"index, follow, max-snippet:-1, max-image-preview:large, max-video-preview:-1\" \/>\n<link rel=\"canonical\" href=\"https:\/\/rollingringdrives.com\/es\/producto\/active-pay-off-machine\/\" \/>\n<meta property=\"og:locale\" content=\"es_MX\" \/>\n<meta property=\"og:type\" content=\"article\" \/>\n<meta property=\"og:title\" content=\"Qp630 Active Pay Off Machine For Cable Re-Reeling\" \/>\n<meta property=\"og:description\" content=\"QP Series of take-ups and pay-offs were developed for higher take-up and pay-off speed applications. A robust and compact design allows for minimum floor space requirements with easy loading and unloading of reels with roll-thru capabilities and shaftless positioning reel loading operation.\" \/>\n<meta property=\"og:url\" content=\"https:\/\/rollingringdrives.com\/es\/producto\/active-pay-off-machine\/\" \/>\n<meta property=\"og:site_name\" content=\"QiPang\" \/>\n<meta property=\"article:modified_time\" content=\"2026-02-07T05:42:42+00:00\" \/>\n<meta property=\"og:image\" content=\"https:\/\/rollingringdrives.com\/wp-content\/uploads\/2025\/09\/active-pay-off-machine-1.jpg\" \/>\n\t<meta property=\"og:image:width\" content=\"1000\" \/>\n\t<meta property=\"og:image:height\" content=\"1000\" \/>\n\t<meta property=\"og:image:type\" content=\"image\/jpeg\" \/>\n<meta name=\"twitter:card\" content=\"summary_large_image\" \/>\n<meta name=\"twitter:label1\" content=\"Tiempo de lectura\" \/>\n\t<meta name=\"twitter:data1\" content=\"2 minutos\" \/>\n<script type=\"application\/ld+json\" class=\"yoast-schema-graph\">{\"@context\":\"https:\/\/schema.org\",\"@graph\":[{\"@type\":\"WebPage\",\"@id\":\"https:\/\/rollingringdrives.com\/product\/active-pay-off-machine\/\",\"url\":\"https:\/\/rollingringdrives.com\/product\/active-pay-off-machine\/\",\"name\":\"Qp630 Active Pay Off Machine For Cable Re-Reeling - QiPang\",\"isPartOf\":{\"@id\":\"https:\/\/rollingringdrives.com\/#website\"},\"primaryImageOfPage\":{\"@id\":\"https:\/\/rollingringdrives.com\/product\/active-pay-off-machine\/#primaryimage\"},\"image\":{\"@id\":\"https:\/\/rollingringdrives.com\/product\/active-pay-off-machine\/#primaryimage\"},\"thumbnailUrl\":\"https:\/\/rollingringdrives.com\/wp-content\/uploads\/2025\/09\/active-pay-off-machine-1.jpg\",\"datePublished\":\"2025-09-13T09:24:24+00:00\",\"dateModified\":\"2026-02-07T05:42:42+00:00\",\"breadcrumb\":{\"@id\":\"https:\/\/rollingringdrives.com\/product\/active-pay-off-machine\/#breadcrumb\"},\"inLanguage\":\"es\",\"potentialAction\":[{\"@type\":\"ReadAction\",\"target\":[\"https:\/\/rollingringdrives.com\/product\/active-pay-off-machine\/\"]}]},{\"@type\":\"ImageObject\",\"inLanguage\":\"es\",\"@id\":\"https:\/\/rollingringdrives.com\/product\/active-pay-off-machine\/#primaryimage\",\"url\":\"https:\/\/rollingringdrives.com\/wp-content\/uploads\/2025\/09\/active-pay-off-machine-1.jpg\",\"contentUrl\":\"https:\/\/rollingringdrives.com\/wp-content\/uploads\/2025\/09\/active-pay-off-machine-1.jpg\",\"width\":1000,\"height\":1000,\"caption\":\"active pay off machine (1)\"},{\"@type\":\"BreadcrumbList\",\"@id\":\"https:\/\/rollingringdrives.com\/product\/active-pay-off-machine\/#breadcrumb\",\"itemListElement\":[{\"@type\":\"ListItem\",\"position\":1,\"name\":\"Home\",\"item\":\"https:\/\/rollingringdrives.com\/\"},{\"@type\":\"ListItem\",\"position\":2,\"name\":\"Machines\",\"item\":\"https:\/\/rollingringdrives.com\/machines\/\"},{\"@type\":\"ListItem\",\"position\":3,\"name\":\"Qp630 Active Pay Off Machine For Cable Re-Reeling\"}]},{\"@type\":\"WebSite\",\"@id\":\"https:\/\/rollingringdrives.com\/#website\",\"url\":\"https:\/\/rollingringdrives.com\/\",\"name\":\"QiPang\",\"description\":\"QiPang Blog\",\"publisher\":{\"@id\":\"https:\/\/rollingringdrives.com\/#organization\"},\"potentialAction\":[{\"@type\":\"SearchAction\",\"target\":{\"@type\":\"EntryPoint\",\"urlTemplate\":\"https:\/\/rollingringdrives.com\/?s={search_term_string}\"},\"query-input\":{\"@type\":\"PropertyValueSpecification\",\"valueRequired\":true,\"valueName\":\"search_term_string\"}}],\"inLanguage\":\"es\"},{\"@type\":\"Organization\",\"@id\":\"https:\/\/rollingringdrives.com\/#organization\",\"name\":\"QiPang\",\"url\":\"https:\/\/rollingringdrives.com\/\",\"logo\":{\"@type\":\"ImageObject\",\"inLanguage\":\"es\",\"@id\":\"https:\/\/rollingringdrives.com\/#\/schema\/logo\/image\/\",\"url\":\"https:\/\/rollingringdrives.com\/wp-content\/uploads\/2023\/05\/cropped-\u672a\u547d\u540d\u7684\u8bbe\u8ba1.png\",\"contentUrl\":\"https:\/\/rollingringdrives.com\/wp-content\/uploads\/2023\/05\/cropped-\u672a\u547d\u540d\u7684\u8bbe\u8ba1.png\",\"width\":300,\"height\":191,\"caption\":\"QiPang\"},\"image\":{\"@id\":\"https:\/\/rollingringdrives.com\/#\/schema\/logo\/image\/\"}}]}<\/script>\n<!-- \/ Yoast SEO Premium plugin. -->","yoast_head_json":{"title":"Qp630 Activo Pay Off M\u00e1quina Para Cable Re-Reeling - QiPang","robots":{"index":"index","follow":"follow","max-snippet":"max-snippet:-1","max-image-preview":"max-image-preview:large","max-video-preview":"max-video-preview:-1"},"canonical":"https:\/\/rollingringdrives.com\/es\/producto\/active-pay-off-machine\/","og_locale":"es_MX","og_type":"article","og_title":"Qp630 Active Pay Off Machine For Cable Re-Reeling","og_description":"QP Series of take-ups and pay-offs were developed for higher take-up and pay-off speed applications. A robust and compact design allows for minimum floor space requirements with easy loading and unloading of reels with roll-thru capabilities and shaftless positioning reel loading operation.","og_url":"https:\/\/rollingringdrives.com\/es\/producto\/active-pay-off-machine\/","og_site_name":"QiPang","article_modified_time":"2026-02-07T05:42:42+00:00","og_image":[{"width":1000,"height":1000,"url":"https:\/\/rollingringdrives.com\/wp-content\/uploads\/2025\/09\/active-pay-off-machine-1.jpg","type":"image\/jpeg"}],"twitter_card":"summary_large_image","twitter_misc":{"Tiempo de lectura":"2 minutos"},"schema":{"@context":"https:\/\/schema.org","@graph":[{"@type":"WebPage","@id":"https:\/\/rollingringdrives.com\/product\/active-pay-off-machine\/","url":"https:\/\/rollingringdrives.com\/product\/active-pay-off-machine\/","name":"Qp630 Activo Pay Off M\u00e1quina Para Cable Re-Reeling - QiPang","isPartOf":{"@id":"https:\/\/rollingringdrives.com\/#website"},"primaryImageOfPage":{"@id":"https:\/\/rollingringdrives.com\/product\/active-pay-off-machine\/#primaryimage"},"image":{"@id":"https:\/\/rollingringdrives.com\/product\/active-pay-off-machine\/#primaryimage"},"thumbnailUrl":"https:\/\/rollingringdrives.com\/wp-content\/uploads\/2025\/09\/active-pay-off-machine-1.jpg","datePublished":"2025-09-13T09:24:24+00:00","dateModified":"2026-02-07T05:42:42+00:00","breadcrumb":{"@id":"https:\/\/rollingringdrives.com\/product\/active-pay-off-machine\/#breadcrumb"},"inLanguage":"es","potentialAction":[{"@type":"ReadAction","target":["https:\/\/rollingringdrives.com\/product\/active-pay-off-machine\/"]}]},{"@type":"ImageObject","inLanguage":"es","@id":"https:\/\/rollingringdrives.com\/product\/active-pay-off-machine\/#primaryimage","url":"https:\/\/rollingringdrives.com\/wp-content\/uploads\/2025\/09\/active-pay-off-machine-1.jpg","contentUrl":"https:\/\/rollingringdrives.com\/wp-content\/uploads\/2025\/09\/active-pay-off-machine-1.jpg","width":1000,"height":1000,"caption":"active pay off machine (1)"},{"@type":"BreadcrumbList","@id":"https:\/\/rollingringdrives.com\/product\/active-pay-off-machine\/#breadcrumb","itemListElement":[{"@type":"ListItem","position":1,"name":"Home","item":"https:\/\/rollingringdrives.com\/"},{"@type":"ListItem","position":2,"name":"Machines","item":"https:\/\/rollingringdrives.com\/machines\/"},{"@type":"ListItem","position":3,"name":"Qp630 Active Pay Off Machine For Cable Re-Reeling"}]},{"@type":"WebSite","@id":"https:\/\/rollingringdrives.com\/#website","url":"https:\/\/rollingringdrives.com\/","name":"Qi Pang","description":"Blog QiPang","publisher":{"@id":"https:\/\/rollingringdrives.com\/#organization"},"potentialAction":[{"@type":"SearchAction","target":{"@type":"EntryPoint","urlTemplate":"https:\/\/rollingringdrives.com\/?s={search_term_string}"},"query-input":{"@type":"PropertyValueSpecification","valueRequired":true,"valueName":"search_term_string"}}],"inLanguage":"es"},{"@type":"Organization","@id":"https:\/\/rollingringdrives.com\/#organization","name":"Qi Pang","url":"https:\/\/rollingringdrives.com\/","logo":{"@type":"ImageObject","inLanguage":"es","@id":"https:\/\/rollingringdrives.com\/#\/schema\/logo\/image\/","url":"https:\/\/rollingringdrives.com\/wp-content\/uploads\/2023\/05\/cropped-\u672a\u547d\u540d\u7684\u8bbe\u8ba1.png","contentUrl":"https:\/\/rollingringdrives.com\/wp-content\/uploads\/2023\/05\/cropped-\u672a\u547d\u540d\u7684\u8bbe\u8ba1.png","width":300,"height":191,"caption":"QiPang"},"image":{"@id":"https:\/\/rollingringdrives.com\/#\/schema\/logo\/image\/"}}]}},"_links":{"self":[{"href":"https:\/\/rollingringdrives.com\/es\/wp-json\/wp\/v2\/product\/32465","targetHints":{"allow":["GET"]}}],"collection":[{"href":"https:\/\/rollingringdrives.com\/es\/wp-json\/wp\/v2\/product"}],"about":[{"href":"https:\/\/rollingringdrives.com\/es\/wp-json\/wp\/v2\/types\/product"}],"version-history":[{"count":0,"href":"https:\/\/rollingringdrives.com\/es\/wp-json\/wp\/v2\/product\/32465\/revisions"}],"wp:featuredmedia":[{"embeddable":true,"href":"https:\/\/rollingringdrives.com\/es\/wp-json\/wp\/v2\/media\/32468"}],"wp:attachment":[{"href":"https:\/\/rollingringdrives.com\/es\/wp-json\/wp\/v2\/media?parent=32465"}],"wp:term":[{"taxonomy":"product_brand","embeddable":true,"href":"https:\/\/rollingringdrives.com\/es\/wp-json\/wp\/v2\/product_brand?post=32465"},{"taxonomy":"product_cat","embeddable":true,"href":"https:\/\/rollingringdrives.com\/es\/wp-json\/wp\/v2\/product_cat?post=32465"},{"taxonomy":"product_tag","embeddable":true,"href":"https:\/\/rollingringdrives.com\/es\/wp-json\/wp\/v2\/product_tag?post=32465"}],"curies":[{"name":"wp","href":"https:\/\/api.w.org\/{rel}","templated":true}]}}