{"id":32515,"date":"2025-09-15T11:14:24","date_gmt":"2025-09-15T11:14:24","guid":{"rendered":"https:\/\/rollingringdrives.com\/?post_type=product&#038;p=32515"},"modified":"2025-09-20T07:13:06","modified_gmt":"2025-09-20T07:13:06","slug":"single-axis-high-speed-laser-diameter-gauge","status":"publish","type":"product","link":"https:\/\/rollingringdrives.com\/es\/producto\/single-axis-high-speed-laser-diameter-gauge\/","title":{"rendered":"Medidor de di\u00e1metro l\u00e1ser de un eje de alta velocidad"},"content":{"rendered":"<p>La l\u00ednea principal de productos de Shanghai Qipang incluye: Medidor de Di\u00e1metro L\u00e1ser de Alta Velocidad, Instrumento de Detecci\u00f3n de Di\u00e1metro L\u00e1ser de Alta Precisi\u00f3n, Herramienta de Medici\u00f3n de Di\u00e1metro de Pantalla Grande sin Contacto, , SparkMachine, Contador de Metros, M\u00e1quina Pasadora de Polvo, M\u00e1quina Precalentadora, y una amplia gama de equipos de fabricaci\u00f3n de cables relacionados dise\u00f1ados para satisfacer diversas necesidades de producci\u00f3n. Adecuado para alambre redondo, alambre redondo plano, cables electr\u00f3nicos, cables de alimentaci\u00f3n, alambres trenzados, cuerdas, alambres aeroespaciales, cuerdas de alambre de acero, tubo transparente, tubo m\u00e9dico, tubo de goma, extrusora, m\u00e1quina de dibujo, y una serie de equipos relacionados con la detecci\u00f3n de cables.<\/p>\n<p>Caracter\u00edstica<\/p>\n<p><span style=\"font-size: 16px;\">1.\u00d3ptica sin contacto<\/span><\/p>\n<p><span style=\"font-size: 16px;\">2.Visualizaci\u00f3n multi\u00e1ngulo en el panel operativo de medici\u00f3n<\/span><\/p>\n<div>\n<p>3.Fuente de luz l\u00e1ser o LED de larga duraci\u00f3n<\/p>\n<p>4.Tecnolog\u00eda avanzada de procesamiento DSP<\/p>\n<p>5.Excelente dise\u00f1o de barrera contra el polvo y la suciedad con lP65,<\/p>\n<p>6.Interfaz de comunicaci\u00f3n NEM A4S232\/485,<\/p>\n<p>7.Tecnolog\u00eda de control de bucle cerrado totalmente autom\u00e1tico control autom\u00e1tico de retroalimentaci\u00f3n medici\u00f3n del di\u00e1metro del alambre Independiente de la velocidad y la vibraci\u00f3n, el di\u00e1metro del alambre sobre la diferencia de la alarma autom\u00e1tica<\/p>\n<p><strong>8.Velocidad de exploraci\u00f3n 1400 veces\/seg.<\/strong><\/p>\n<div id=\"footable_parent_32516\"\n         class=\"footable_parent ninja_table_wrapper loading_ninja_table wp_table_data_press_parent semantic_ui\">\n                <table data-ninja_table_instance=\"ninja_table_instance_0\" data-footable_id=\"32516\" data-filter-delay=\"1000\" aria-label=\"medidor de di\u00e1metro l\u00e1ser\u5b98\u7f51.csv\"            id=\"footable_32516\"\n           data-unique_identifier=\"ninja_table_unique_id_1172766315_32516\"\n           class=\"foo-table ninja_footable foo_table_32516 ninja_table_unique_id_1172766315_32516 ui table  ninja_search_right nt_type_legacy_table selectable celled striped vertical_centered  footable-paging-right ninja_table_pro\">\n                <colgroup>\n                            <col class=\"ninja_column_0\">\n                            <col class=\"ninja_column_1\">\n                            <col class=\"ninja_column_2\">\n                            <col class=\"ninja_column_3\">\n                            <col class=\"ninja_column_4\">\n                            <col class=\"ninja_column_5\">\n                            <col class=\"ninja_column_6\">\n                            <col class=\"ninja_column_7\">\n                    <\/colgroup>\n        <thead>\n<tr class=\"footable-header\">\n                                                                                                                                        <th scope=\"col\"  class=\"ninja_column_0 ninja_clmn_nm_model\">modelo<\/th><th scope=\"col\"  class=\"ninja_column_1 ninja_clmn_nm_3x\">3X<\/th><th scope=\"col\"  class=\"ninja_column_2 ninja_clmn_nm_25x\">25X<\/th><th scope=\"col\"  class=\"ninja_column_3 ninja_clmn_nm_5x\">50X<\/th><th scope=\"col\"  class=\"ninja_column_4 ninja_clmn_nm_7x\">70X<\/th><th scope=\"col\"  class=\"ninja_column_5 ninja_clmn_nm_12x\">120X<\/th><th scope=\"col\"  class=\"ninja_column_6 ninja_clmn_nm_17x\">170X<\/th><th scope=\"col\"  class=\"ninja_column_7 ninja_clmn_nm_ninja_column_8\"><\/th><\/tr>\n<\/thead>\n<tbody>\n\n        <tr data-row_id=\"1818\" class=\"ninja_table_row_0 nt_row_id_1818\">\n            <td>N\u00famero del eje de medici\u00f3n<\/td><td>eje \u00fanico<\/td><td>aixs solts<\/td><td>aixs solts<\/td><td>aixs solts<\/td><td>aixs solts <\/td><td>aixs solts<\/td><td><\/td>        <\/tr>\n            <tr data-row_id=\"1819\" class=\"ninja_table_row_1 nt_row_id_1819\">\n            <td>Rango de medici\u00f3n<\/td><td>0,05-3mm 0,002\"-1\/8\"<\/td><td>0.1mm-25mm\u30011\/256\"-63\/64\"<\/td><td>1-50mm\uff0c1\/25\"-1 31\/32\"<\/td><td>1-70mm\uff0c1\/25\"-23\/4\"<\/td><td>1-120mm 1\/25\"-23\/32\"<\/td><td>1-170 mm<\/td><td><\/td>        <\/tr>\n            <tr data-row_id=\"1820\" class=\"ninja_table_row_2 nt_row_id_1820\">\n            <td>Precisi\u00f3n de medici\u00f3n<\/td><td>\u00b11\u03bcm\u00b10,008%xXZ(Xz:di\u00e1metro nominal)<\/td><td>\u00b11\u03bcm\u00b10,008%xXZ(Xz:di\u00e1metro nominal)<\/td><td>+1,5\u03bcm\u00b10,008%xXZ(Xz:di\u00e1metro nominal)<\/td><td>+10\u03bcm\u00b10,008%xXZ(Xz:di\u00e1metro nominal)<\/td><td>+10\u03bcm\u00b10,008%xXZ(Xz:di\u00e1metro nominal)<\/td><td>+10\u03bcm\u00b10,008%xXZ(Xz:di\u00e1metro nominal)<\/td><td><\/td>        <\/tr>\n            <tr data-row_id=\"1821\" class=\"ninja_table_row_3 nt_row_id_1821\">\n            <td>Velocidad de exploraci\u00f3n del medidor de di\u00e1metro<\/td><td>1400 veces\/segundo<\/td><td>1400 veces\/segundo<\/td><td>1400 veces\/segundo<\/td><td>1400 veces\/segundo<\/td><td>1400 veces\/segundo<\/td><td>1400 veces\/segundo<\/td><td><\/td>        <\/tr>\n            <tr data-row_id=\"1822\" class=\"ninja_table_row_4 nt_row_id_1822\">\n            <td>Resoluci\u00f3n<\/td><td>0,001 mm<\/td><td>0,001 mm<\/td><td>0,001 mm<\/td><td>0,001 mm<\/td><td>0,001 mm<\/td><td>0,001 mm<\/td><td><\/td>        <\/tr>\n            <tr data-row_id=\"1823\" class=\"ninja_table_row_5 nt_row_id_1823\">\n            <td>Tensi\u00f3n de alimentaci\u00f3n<\/td><td>AC220V+10% 50HZ<\/td><td>AC220V+10% 50HZ<\/td><td>AC220V+10% 50HZ<\/td><td>AC220V+10% 50HZ<\/td><td>AC220V+10% 50HZ<\/td><td>AC220V+10% 50HZ<\/td><td><\/td>        <\/tr>\n            <tr data-row_id=\"1824\" class=\"ninja_table_row_6 nt_row_id_1824\">\n            <td>Temperatura ambiente<\/td><td>-5~40\u2103\u2103<\/td><td>-5~40\u2103\u2103<\/td><td>-5~40\u2103\u2103<\/td><td>-5~40\u2103\u2103<\/td><td>-5~40\u2103\u2103<\/td><td>-5~40\u2103\u2103<\/td><td><\/td>        <\/tr>\n            <tr data-row_id=\"1825\" class=\"ninja_table_row_7 nt_row_id_1825\">\n            <td>Interfaz de comunicaci\u00f3n<\/td><td>RS485(Modbus RTU)\u3001Puerto de red opcional: Modbus TCP\/Profinet)<\/td><td>RS485(Modbus RTU)\u3001Puerto de red opcional: Modbus TCP\/Profinet)<\/td><td>RS485(Modbus RTU)\u3001Puerto de red opcional: Modbus TCP\/Profinet)<\/td><td>RS485(Modbus RTU)\u3001Puerto de red opcional: Modbus TCP\/Profinet)<\/td><td>RS485(Modbus RTU)\u3001Puerto de red opcional: Modbus TCP\/Profinet)<\/td><td>RS485(Modbus RTU)\u3001Puerto de red opcional: Modbus TCP\/Profinet)<\/td><td><\/td>        <\/tr>\n            <tr data-row_id=\"1826\" class=\"ninja_table_row_8 nt_row_id_1826\">\n            <td>Accesorios opcionales<\/td><td>Soporte, l\u00ednea serie, mando a distancia, pantalla remota<\/td><td>Soporte, l\u00ednea serie, mando a distancia, pantalla remota<\/td><td>Soporte, l\u00ednea serie, mando a distancia, pantalla remota<\/td><td>Soporte, l\u00ednea serie, mando a distancia, pantalla remota<\/td><td>Soporte, l\u00ednea serie, mando a distancia, pantalla remota<\/td><td>Soporte, l\u00ednea serie, mando a distancia, pantalla remota<\/td><td><\/td>        <\/tr>\n            <tr data-row_id=\"1827\" class=\"ninja_table_row_9 nt_row_id_1827\">\n            <td>El consumo de energ\u00eda<\/td><td>Soporte, l\u00ednea serie, mando a distancia, pantalla remota<\/td><td>\u226412W<\/td><td>\u226412W<\/td><td>\u226412W<\/td><td>\u226412W<\/td><td>\u226412W<\/td><td><\/td>        <\/tr>\n            <tr data-row_id=\"1828\" class=\"ninja_table_row_10 nt_row_id_1828\">\n            <td>peso<\/td><td>1kg<\/td><td>4 kg<\/td><td>5,6 kg<\/td><td>9KG<\/td><td>14 kg<\/td><td>17 kg<\/td><td><\/td>        <\/tr>\n    <\/tbody><!--ninja_tobody_rendering_done-->\n    <\/table>\n    \n    \n    \n<\/div>\n\n<p><strong>Di\u00e1metro del l\u00e1ser Objetos y aplicaciones aplicables<\/strong><br \/>\n1. Objetos cil\u00edndricos<br \/>\nComo ejes, tuber\u00edas, cables y fibras \u00f3pticas. Adecuado para una gran variedad de materiales, incluidos metales y pl\u00e1sticos, proporcionando una medici\u00f3n de di\u00e1metro y forma de alta precisi\u00f3n.<br \/>\n2. Objetos en forma de alambre<br \/>\nComo alambres met\u00e1licos, fibras \u00f3pticas y alambres finos, se utiliza ampliamente en las industrias de alambres y cables y de comunicaciones por fibra \u00f3ptica.<br \/>\n3. Objetos transparentes y transl\u00facidos<br \/>\nPuede medir materiales transparentes como tubos de vidrio y tubos de pl\u00e1stico transparente, lo que resulta crucial para el control de calidad de envases y tuber\u00edas en las industrias qu\u00edmica y farmac\u00e9utica.<br \/>\n4. Objetos que ruedan o giran<br \/>\nAdmite mediciones din\u00e1micas, como ejes de laminaci\u00f3n y tubos de acero giratorios en l\u00edneas de producci\u00f3n, lo que permite la supervisi\u00f3n y el control de calidad en tiempo real.<br \/>\n5. Objetos de alta temperatura<br \/>\nAdmite la medici\u00f3n en entornos de alta temperatura, como el acero laminado en caliente y los materiales de alta temperatura utilizados en la fabricaci\u00f3n de vidrio. Adecuado para aplicaciones industriales de alta temperatura, como la metalurgia y la fabricaci\u00f3n de vidrio.<br \/>\n6. Objetos flexibles y f\u00e1cilmente deformables<br \/>\nComo tubos de goma y mangueras de pl\u00e1stico. La medici\u00f3n sin contacto evita la presi\u00f3n mec\u00e1nica o la deformaci\u00f3n, lo que garantiza la precisi\u00f3n de la medici\u00f3n.<\/p>\n<\/div>","protected":false},"excerpt":{"rendered":"<p>El medidor de di\u00e1metro l\u00e1ser es un instrumento din\u00e1mico profesional de medici\u00f3n de di\u00e1metro sin contacto adecuado para medir en l\u00ednea el di\u00e1metro de cables de fibra \u00f3ptica, alambres y cables, tubos de vidrio, tubos de pl\u00e1stico, rodamientos y otras piezas de trabajo redondas. El dispositivo no s\u00f3lo mide y muestra el valor del di\u00e1metro y el valor de desviaci\u00f3n, sino que tambi\u00e9n puede controlar autom\u00e1ticamente el di\u00e1metro de acuerdo con los requisitos del usuario para mantener la consistencia del di\u00e1metro del alambre.<\/p>","protected":false},"featured_media":32517,"template":"","meta":{"site-sidebar-layout":"default","site-content-layout":"default","ast-global-header-display":"","ast-banner-title-visibility":"","ast-main-header-display":"","ast-hfb-above-header-display":"","ast-hfb-below-header-display":"","ast-hfb-mobile-header-display":"","site-post-title":"","ast-breadcrumbs-content":"","ast-featured-img":"","footer-sml-layout":"","theme-transparent-header-meta":"default","adv-header-id-meta":"","stick-header-meta":"","header-above-stick-meta":"","header-main-stick-meta":"","header-below-stick-meta":""},"product_brand":[],"product_cat":[148,141],"product_tag":[],"class_list":{"0":"post-32515","1":"product","2":"type-product","3":"status-publish","4":"has-post-thumbnail","6":"product_cat-laser-measurement","7":"product_cat-single-axis-laser-diameter-gauge","8":"desktop-align-left","9":"tablet-align-left","10":"mobile-align-left","12":"first","13":"instock","14":"shipping-taxable","15":"product-type-simple"},"yoast_head":"<!-- This site is optimized with the Yoast SEO Premium plugin v20.12 (Yoast SEO v26.0) - https:\/\/yoast.com\/wordpress\/plugins\/seo\/ -->\n<title>single axis high speed Laser Diameter Gauge - QiPang<\/title>\n<meta name=\"robots\" content=\"index, follow, max-snippet:-1, max-image-preview:large, max-video-preview:-1\" \/>\n<link rel=\"canonical\" href=\"https:\/\/rollingringdrives.com\/es\/producto\/single-axis-high-speed-laser-diameter-gauge\/\" \/>\n<meta property=\"og:locale\" content=\"es_MX\" \/>\n<meta property=\"og:type\" content=\"article\" \/>\n<meta property=\"og:title\" content=\"single axis high speed Laser Diameter Gauge\" \/>\n<meta property=\"og:description\" content=\"Laser Diameter Gauges is a professional non-contact dynamic diameter measurement instrument suitable for measuring the diameter of fiber optic cables, wire and cable, glass tubes, plastic tubes, bearings, and other round workpieces online. The device not only measures and displays the diameter value and deviation value but also can automatically control the diameter according to the user\u2019s requirements to maintain the consistency of the wire diameter.\" \/>\n<meta property=\"og:url\" content=\"https:\/\/rollingringdrives.com\/es\/producto\/single-axis-high-speed-laser-diameter-gauge\/\" \/>\n<meta property=\"og:site_name\" content=\"QiPang\" \/>\n<meta property=\"article:modified_time\" content=\"2025-09-20T07:13:06+00:00\" \/>\n<meta property=\"og:image\" content=\"https:\/\/rollingringdrives.com\/wp-content\/uploads\/2025\/09\/3D-filament-diameter-gauge-2.jpg\" \/>\n\t<meta property=\"og:image:width\" content=\"800\" \/>\n\t<meta property=\"og:image:height\" content=\"800\" \/>\n\t<meta property=\"og:image:type\" content=\"image\/jpeg\" \/>\n<meta name=\"twitter:card\" content=\"summary_large_image\" \/>\n<meta name=\"twitter:label1\" content=\"Tiempo de lectura\" \/>\n\t<meta name=\"twitter:data1\" content=\"2 minutos\" \/>\n<script type=\"application\/ld+json\" class=\"yoast-schema-graph\">{\"@context\":\"https:\/\/schema.org\",\"@graph\":[{\"@type\":\"WebPage\",\"@id\":\"https:\/\/rollingringdrives.com\/product\/single-axis-high-speed-laser-diameter-gauge\/\",\"url\":\"https:\/\/rollingringdrives.com\/product\/single-axis-high-speed-laser-diameter-gauge\/\",\"name\":\"single axis high speed Laser Diameter Gauge - QiPang\",\"isPartOf\":{\"@id\":\"https:\/\/rollingringdrives.com\/#website\"},\"primaryImageOfPage\":{\"@id\":\"https:\/\/rollingringdrives.com\/product\/single-axis-high-speed-laser-diameter-gauge\/#primaryimage\"},\"image\":{\"@id\":\"https:\/\/rollingringdrives.com\/product\/single-axis-high-speed-laser-diameter-gauge\/#primaryimage\"},\"thumbnailUrl\":\"https:\/\/rollingringdrives.com\/wp-content\/uploads\/2025\/09\/3D-filament-diameter-gauge-2.jpg\",\"datePublished\":\"2025-09-15T11:14:24+00:00\",\"dateModified\":\"2025-09-20T07:13:06+00:00\",\"breadcrumb\":{\"@id\":\"https:\/\/rollingringdrives.com\/product\/single-axis-high-speed-laser-diameter-gauge\/#breadcrumb\"},\"inLanguage\":\"es\",\"potentialAction\":[{\"@type\":\"ReadAction\",\"target\":[\"https:\/\/rollingringdrives.com\/product\/single-axis-high-speed-laser-diameter-gauge\/\"]}]},{\"@type\":\"ImageObject\",\"inLanguage\":\"es\",\"@id\":\"https:\/\/rollingringdrives.com\/product\/single-axis-high-speed-laser-diameter-gauge\/#primaryimage\",\"url\":\"https:\/\/rollingringdrives.com\/wp-content\/uploads\/2025\/09\/3D-filament-diameter-gauge-2.jpg\",\"contentUrl\":\"https:\/\/rollingringdrives.com\/wp-content\/uploads\/2025\/09\/3D-filament-diameter-gauge-2.jpg\",\"width\":800,\"height\":800,\"caption\":\"3D filament diameter gauge (2)\"},{\"@type\":\"BreadcrumbList\",\"@id\":\"https:\/\/rollingringdrives.com\/product\/single-axis-high-speed-laser-diameter-gauge\/#breadcrumb\",\"itemListElement\":[{\"@type\":\"ListItem\",\"position\":1,\"name\":\"Home\",\"item\":\"https:\/\/rollingringdrives.com\/\"},{\"@type\":\"ListItem\",\"position\":2,\"name\":\"Machines\",\"item\":\"https:\/\/rollingringdrives.com\/machines\/\"},{\"@type\":\"ListItem\",\"position\":3,\"name\":\"single axis high speed Laser Diameter Gauge\"}]},{\"@type\":\"WebSite\",\"@id\":\"https:\/\/rollingringdrives.com\/#website\",\"url\":\"https:\/\/rollingringdrives.com\/\",\"name\":\"QiPang\",\"description\":\"QiPang Blog\",\"publisher\":{\"@id\":\"https:\/\/rollingringdrives.com\/#organization\"},\"potentialAction\":[{\"@type\":\"SearchAction\",\"target\":{\"@type\":\"EntryPoint\",\"urlTemplate\":\"https:\/\/rollingringdrives.com\/?s={search_term_string}\"},\"query-input\":{\"@type\":\"PropertyValueSpecification\",\"valueRequired\":true,\"valueName\":\"search_term_string\"}}],\"inLanguage\":\"es\"},{\"@type\":\"Organization\",\"@id\":\"https:\/\/rollingringdrives.com\/#organization\",\"name\":\"QiPang\",\"url\":\"https:\/\/rollingringdrives.com\/\",\"logo\":{\"@type\":\"ImageObject\",\"inLanguage\":\"es\",\"@id\":\"https:\/\/rollingringdrives.com\/#\/schema\/logo\/image\/\",\"url\":\"https:\/\/rollingringdrives.com\/wp-content\/uploads\/2023\/05\/cropped-\u672a\u547d\u540d\u7684\u8bbe\u8ba1.png\",\"contentUrl\":\"https:\/\/rollingringdrives.com\/wp-content\/uploads\/2023\/05\/cropped-\u672a\u547d\u540d\u7684\u8bbe\u8ba1.png\",\"width\":300,\"height\":191,\"caption\":\"QiPang\"},\"image\":{\"@id\":\"https:\/\/rollingringdrives.com\/#\/schema\/logo\/image\/\"}}]}<\/script>\n<!-- \/ Yoast SEO Premium plugin. -->","yoast_head_json":{"title":"Medidor l\u00e1ser de di\u00e1metro de un eje de alta velocidad - QiPang","robots":{"index":"index","follow":"follow","max-snippet":"max-snippet:-1","max-image-preview":"max-image-preview:large","max-video-preview":"max-video-preview:-1"},"canonical":"https:\/\/rollingringdrives.com\/es\/producto\/single-axis-high-speed-laser-diameter-gauge\/","og_locale":"es_MX","og_type":"article","og_title":"single axis high speed Laser Diameter Gauge","og_description":"Laser Diameter Gauges is a professional non-contact dynamic diameter measurement instrument suitable for measuring the diameter of fiber optic cables, wire and cable, glass tubes, plastic tubes, bearings, and other round workpieces online. The device not only measures and displays the diameter value and deviation value but also can automatically control the diameter according to the user\u2019s requirements to maintain the consistency of the wire diameter.","og_url":"https:\/\/rollingringdrives.com\/es\/producto\/single-axis-high-speed-laser-diameter-gauge\/","og_site_name":"QiPang","article_modified_time":"2025-09-20T07:13:06+00:00","og_image":[{"width":800,"height":800,"url":"https:\/\/rollingringdrives.com\/wp-content\/uploads\/2025\/09\/3D-filament-diameter-gauge-2.jpg","type":"image\/jpeg"}],"twitter_card":"summary_large_image","twitter_misc":{"Tiempo de lectura":"2 minutos"},"schema":{"@context":"https:\/\/schema.org","@graph":[{"@type":"WebPage","@id":"https:\/\/rollingringdrives.com\/product\/single-axis-high-speed-laser-diameter-gauge\/","url":"https:\/\/rollingringdrives.com\/product\/single-axis-high-speed-laser-diameter-gauge\/","name":"Medidor l\u00e1ser de di\u00e1metro de un eje de alta velocidad - QiPang","isPartOf":{"@id":"https:\/\/rollingringdrives.com\/#website"},"primaryImageOfPage":{"@id":"https:\/\/rollingringdrives.com\/product\/single-axis-high-speed-laser-diameter-gauge\/#primaryimage"},"image":{"@id":"https:\/\/rollingringdrives.com\/product\/single-axis-high-speed-laser-diameter-gauge\/#primaryimage"},"thumbnailUrl":"https:\/\/rollingringdrives.com\/wp-content\/uploads\/2025\/09\/3D-filament-diameter-gauge-2.jpg","datePublished":"2025-09-15T11:14:24+00:00","dateModified":"2025-09-20T07:13:06+00:00","breadcrumb":{"@id":"https:\/\/rollingringdrives.com\/product\/single-axis-high-speed-laser-diameter-gauge\/#breadcrumb"},"inLanguage":"es","potentialAction":[{"@type":"ReadAction","target":["https:\/\/rollingringdrives.com\/product\/single-axis-high-speed-laser-diameter-gauge\/"]}]},{"@type":"ImageObject","inLanguage":"es","@id":"https:\/\/rollingringdrives.com\/product\/single-axis-high-speed-laser-diameter-gauge\/#primaryimage","url":"https:\/\/rollingringdrives.com\/wp-content\/uploads\/2025\/09\/3D-filament-diameter-gauge-2.jpg","contentUrl":"https:\/\/rollingringdrives.com\/wp-content\/uploads\/2025\/09\/3D-filament-diameter-gauge-2.jpg","width":800,"height":800,"caption":"3D filament diameter gauge (2)"},{"@type":"BreadcrumbList","@id":"https:\/\/rollingringdrives.com\/product\/single-axis-high-speed-laser-diameter-gauge\/#breadcrumb","itemListElement":[{"@type":"ListItem","position":1,"name":"Home","item":"https:\/\/rollingringdrives.com\/"},{"@type":"ListItem","position":2,"name":"Machines","item":"https:\/\/rollingringdrives.com\/machines\/"},{"@type":"ListItem","position":3,"name":"single axis high speed Laser Diameter Gauge"}]},{"@type":"WebSite","@id":"https:\/\/rollingringdrives.com\/#website","url":"https:\/\/rollingringdrives.com\/","name":"Qi Pang","description":"Blog QiPang","publisher":{"@id":"https:\/\/rollingringdrives.com\/#organization"},"potentialAction":[{"@type":"SearchAction","target":{"@type":"EntryPoint","urlTemplate":"https:\/\/rollingringdrives.com\/?s={search_term_string}"},"query-input":{"@type":"PropertyValueSpecification","valueRequired":true,"valueName":"search_term_string"}}],"inLanguage":"es"},{"@type":"Organization","@id":"https:\/\/rollingringdrives.com\/#organization","name":"Qi Pang","url":"https:\/\/rollingringdrives.com\/","logo":{"@type":"ImageObject","inLanguage":"es","@id":"https:\/\/rollingringdrives.com\/#\/schema\/logo\/image\/","url":"https:\/\/rollingringdrives.com\/wp-content\/uploads\/2023\/05\/cropped-\u672a\u547d\u540d\u7684\u8bbe\u8ba1.png","contentUrl":"https:\/\/rollingringdrives.com\/wp-content\/uploads\/2023\/05\/cropped-\u672a\u547d\u540d\u7684\u8bbe\u8ba1.png","width":300,"height":191,"caption":"QiPang"},"image":{"@id":"https:\/\/rollingringdrives.com\/#\/schema\/logo\/image\/"}}]}},"_links":{"self":[{"href":"https:\/\/rollingringdrives.com\/es\/wp-json\/wp\/v2\/product\/32515","targetHints":{"allow":["GET"]}}],"collection":[{"href":"https:\/\/rollingringdrives.com\/es\/wp-json\/wp\/v2\/product"}],"about":[{"href":"https:\/\/rollingringdrives.com\/es\/wp-json\/wp\/v2\/types\/product"}],"version-history":[{"count":0,"href":"https:\/\/rollingringdrives.com\/es\/wp-json\/wp\/v2\/product\/32515\/revisions"}],"wp:featuredmedia":[{"embeddable":true,"href":"https:\/\/rollingringdrives.com\/es\/wp-json\/wp\/v2\/media\/32517"}],"wp:attachment":[{"href":"https:\/\/rollingringdrives.com\/es\/wp-json\/wp\/v2\/media?parent=32515"}],"wp:term":[{"taxonomy":"product_brand","embeddable":true,"href":"https:\/\/rollingringdrives.com\/es\/wp-json\/wp\/v2\/product_brand?post=32515"},{"taxonomy":"product_cat","embeddable":true,"href":"https:\/\/rollingringdrives.com\/es\/wp-json\/wp\/v2\/product_cat?post=32515"},{"taxonomy":"product_tag","embeddable":true,"href":"https:\/\/rollingringdrives.com\/es\/wp-json\/wp\/v2\/product_tag?post=32515"}],"curies":[{"name":"wp","href":"https:\/\/api.w.org\/{rel}","templated":true}]}}