{"id":32522,"date":"2025-09-16T03:49:52","date_gmt":"2025-09-16T03:49:52","guid":{"rendered":"https:\/\/rollingringdrives.com\/?post_type=product&#038;p=32522"},"modified":"2025-09-20T08:50:12","modified_gmt":"2025-09-20T08:50:12","slug":"dual-axis-laser-diameter-gauge-for-wire-produce-line","status":"publish","type":"product","link":"https:\/\/rollingringdrives.com\/es\/producto\/dual-axis-laser-diameter-gauge-for-wire-produce-line\/","title":{"rendered":"Medidor de di\u00e1metro l\u00e1ser de doble eje para l\u00ednea de producci\u00f3n de alambre"},"content":{"rendered":"<p>El medidor de di\u00e1metro l\u00e1ser es un instrumento din\u00e1mico profesional de medici\u00f3n de di\u00e1metro sin contacto adecuado para medir en l\u00ednea el di\u00e1metro de cables de fibra \u00f3ptica, alambres y cables, tubos de vidrio, tubos de pl\u00e1stico, rodamientos y otras piezas de trabajo redondas. El dispositivo no s\u00f3lo mide y muestra el valor del di\u00e1metro y el valor de desviaci\u00f3n, sino que tambi\u00e9n puede controlar autom\u00e1ticamente el di\u00e1metro de acuerdo con los requisitos del usuario para mantener la consistencia del di\u00e1metro del alambre.<\/p>\n<div id=\"footable_parent_32523\"\n         class=\"footable_parent ninja_table_wrapper loading_ninja_table wp_table_data_press_parent semantic_ui\">\n                <table data-ninja_table_instance=\"ninja_table_instance_0\" data-footable_id=\"32523\" data-filter-delay=\"1000\" aria-label=\"medidor de di\u00e1metro l\u00e1ser\u9ad8\u901f\u53cc\u8f74\u5b98\u7f51.csv\"            id=\"footable_32523\"\n           data-unique_identifier=\"ninja_table_unique_id_389454899_32523\"\n           class=\"foo-table ninja_footable foo_table_32523 ninja_table_unique_id_389454899_32523 ui table  ninja_search_right nt_type_legacy_table selectable striped vertical_centered celled  footable-paging-right ninja_table_pro\">\n                <colgroup>\n                            <col class=\"ninja_column_0\">\n                            <col class=\"ninja_column_1\">\n                            <col class=\"ninja_column_2\">\n                            <col class=\"ninja_column_3\">\n                            <col class=\"ninja_column_4\">\n                            <col class=\"ninja_column_5\">\n                            <col class=\"ninja_column_6\">\n                    <\/colgroup>\n        <thead>\n<tr class=\"footable-header\">\n                                                                                                                        <th scope=\"col\"  class=\"ninja_column_0 ninja_clmn_nm_model\">modelo<\/th><th scope=\"col\"  class=\"ninja_column_1 ninja_clmn_nm_3xy\">3XY<\/th><th scope=\"col\"  class=\"ninja_column_2 ninja_clmn_nm_25xy\">25XY<\/th><th scope=\"col\"  class=\"ninja_column_3 ninja_clmn_nm_5xy\">50XY<\/th><th scope=\"col\"  class=\"ninja_column_4 ninja_clmn_nm_7xy\">70XY<\/th><th scope=\"col\"  class=\"ninja_column_5 ninja_clmn_nm_12xy\">120XY<\/th><th scope=\"col\"  class=\"ninja_column_6 ninja_clmn_nm_17xy\">170XY<\/th><\/tr>\n<\/thead>\n<tbody>\n\n        <tr data-row_id=\"1829\" class=\"ninja_table_row_0 nt_row_id_1829\">\n            <td>N\u00famero del eje de medici\u00f3n<\/td><td>aixs duales<\/td><td>aixs duales<\/td><td>aixs duales<\/td><td>aixs duales<\/td><td>aixs duales<\/td><td>aixs duales<\/td>        <\/tr>\n            <tr data-row_id=\"1832\" class=\"ninja_table_row_1 nt_row_id_1832\">\n            <td>Velocidad de exploraci\u00f3n del medidor de di\u00e1metro<\/td><td>1400 veces\/segundo<\/td><td>1400 veces\/segundo<\/td><td>1400 veces\/segundo<\/td><td>1400 veces\/segundo<\/td><td>1400 veces\/segundo<\/td><td>1400 veces\/segundo<\/td>        <\/tr>\n            <tr data-row_id=\"1833\" class=\"ninja_table_row_2 nt_row_id_1833\">\n            <td>Resoluci\u00f3n<\/td><td>0,001 mm<\/td><td>0,001 mm<\/td><td>0,001 mm<\/td><td>0,001 mm<\/td><td>0,001 mm<\/td><td>0,001 mm<\/td>        <\/tr>\n            <tr data-row_id=\"1834\" class=\"ninja_table_row_3 nt_row_id_1834\">\n            <td>Tensi\u00f3n de alimentaci\u00f3n<\/td><td>AC220V+10% 50HZ<\/td><td>AC220V+10% 50HZ<\/td><td>AC220V+10% 50HZ<\/td><td>AC220V+10% 50HZ<\/td><td>AC220V+10% 50HZ<\/td><td>AC220V+10% 50HZ<\/td>        <\/tr>\n            <tr data-row_id=\"1837\" class=\"ninja_table_row_4 nt_row_id_1837\">\n            <td>Accesorios opcionales<\/td><td>Soporte, l\u00ednea serie, mando a distancia, pantalla remota<\/td><td>Soporte, l\u00ednea serie, mando a distancia, pantalla remota<\/td><td>Soporte, l\u00ednea serie, mando a distancia, pantalla remota<\/td><td>Soporte, l\u00ednea serie, mando a distancia, pantalla remota<\/td><td>Soporte, l\u00ednea serie, mando a distancia, pantalla remota<\/td><td>Soporte, l\u00ednea serie, mando a distancia, pantalla remota<\/td>        <\/tr>\n            <tr data-row_id=\"1839\" class=\"ninja_table_row_5 nt_row_id_1839\">\n            <td>peso<\/td><td>5 kg<\/td><td>4,5 kg<\/td><td>8,5 kg<\/td><td>16KG<\/td><td>27kg<\/td><td>30kg<\/td>        <\/tr>\n    <\/tbody><!--ninja_tobody_rendering_done-->\n    <\/table>\n    \n    \n    \n<\/div>\n\n<p><strong>Di\u00e1metro del l\u00e1ser Objetos y aplicaciones aplicables<\/strong><br \/>\n1. Objetos cil\u00edndricos<br \/>\nComo ejes, tuber\u00edas, cables y fibras \u00f3pticas. Adecuado para una gran variedad de materiales, incluidos metales y pl\u00e1sticos, proporcionando una medici\u00f3n de di\u00e1metro y forma de alta precisi\u00f3n.<br \/>\n2. Objetos en forma de alambre<br \/>\nComo alambres met\u00e1licos, fibras \u00f3pticas y alambres finos, se utiliza ampliamente en las industrias de alambres y cables y de comunicaciones por fibra \u00f3ptica.<br \/>\n3. Objetos transparentes y transl\u00facidos<br \/>\nPuede medir materiales transparentes como tubos de vidrio y tubos de pl\u00e1stico transparente, lo que resulta crucial para el control de calidad de envases y tuber\u00edas en las industrias qu\u00edmica y farmac\u00e9utica.<br \/>\n4. Objetos que ruedan o giran<br \/>\nAdmite mediciones din\u00e1micas, como ejes de laminaci\u00f3n y tubos de acero giratorios en l\u00edneas de producci\u00f3n, lo que permite la supervisi\u00f3n y el control de calidad en tiempo real.<br \/>\n5. Objetos de alta temperatura<br \/>\nAdmite la medici\u00f3n en entornos de alta temperatura, como el acero laminado en caliente y los materiales de alta temperatura utilizados en la fabricaci\u00f3n de vidrio. Adecuado para aplicaciones industriales de alta temperatura, como la metalurgia y la fabricaci\u00f3n de vidrio.<br \/>\n6. Objetos flexibles y f\u00e1cilmente deformables<br \/>\nComo tubos de goma y mangueras de pl\u00e1stico. La medici\u00f3n sin contacto evita la presi\u00f3n mec\u00e1nica o la deformaci\u00f3n, lo que garantiza la precisi\u00f3n de la medici\u00f3n.<\/p>","protected":false},"excerpt":{"rendered":"<p>Caracter\u00edstica<\/p>\n<p>1.\u00d3ptica sin contacto<\/p>\n<p>2.Visualizaci\u00f3n multi\u00e1ngulo en el panel operativo de medici\u00f3n<\/p>\n<div>\n<p>3.Fuente de luz l\u00e1ser o LED de larga duraci\u00f3n<\/p>\n<p>4.Tecnolog\u00eda avanzada de procesamiento DSP<\/p>\n<p>5.Excelente dise\u00f1o de barrera contra el polvo y la suciedad con lP65,<\/p>\n<p>6.Interfaz de comunicaci\u00f3n NEM A4S232\/485,<\/p>\n<p>7.Tecnolog\u00eda de control de bucle cerrado totalmente autom\u00e1tico control autom\u00e1tico de retroalimentaci\u00f3n medici\u00f3n del di\u00e1metro del alambre Independiente de la velocidad y la vibraci\u00f3n, el di\u00e1metro del alambre sobre la diferencia de la alarma autom\u00e1tica<\/p>\n<p>8.Velocidad de exploraci\u00f3n 1400 veces\/seg.<\/p>\n<\/div>","protected":false},"featured_media":32525,"template":"","meta":{"site-sidebar-layout":"default","site-content-layout":"default","ast-global-header-display":"","ast-banner-title-visibility":"","ast-main-header-display":"","ast-hfb-above-header-display":"","ast-hfb-below-header-display":"","ast-hfb-mobile-header-display":"","site-post-title":"","ast-breadcrumbs-content":"","ast-featured-img":"","footer-sml-layout":"","theme-transparent-header-meta":"default","adv-header-id-meta":"","stick-header-meta":"","header-above-stick-meta":"","header-main-stick-meta":"","header-below-stick-meta":""},"product_brand":[],"product_cat":[148,142],"product_tag":[],"class_list":{"0":"post-32522","1":"product","2":"type-product","3":"status-publish","4":"has-post-thumbnail","6":"product_cat-laser-measurement","7":"product_cat-dual-aixs-laser-diameter-gauge","8":"desktop-align-left","9":"tablet-align-left","10":"mobile-align-left","12":"first","13":"instock","14":"shipping-taxable","15":"product-type-simple"},"yoast_head":"<!-- This site is optimized with the Yoast SEO Premium plugin v20.12 (Yoast SEO v26.0) - https:\/\/yoast.com\/wordpress\/plugins\/seo\/ -->\n<title>Dual Axis Laser Diameter Gauge for Wire Produce Line - QiPang<\/title>\n<meta name=\"robots\" content=\"index, follow, max-snippet:-1, max-image-preview:large, max-video-preview:-1\" \/>\n<link rel=\"canonical\" href=\"https:\/\/rollingringdrives.com\/es\/producto\/dual-axis-laser-diameter-gauge-for-wire-produce-line\/\" \/>\n<meta property=\"og:locale\" content=\"es_MX\" \/>\n<meta property=\"og:type\" content=\"article\" \/>\n<meta property=\"og:title\" content=\"Dual Axis Laser Diameter Gauge for Wire Produce Line\" \/>\n<meta property=\"og:description\" content=\"Feature  1.Non-contact optical  2.Multi-angle display on the measurement operating panel   3.Laser or LED long-life light source  4.Advanced DSP processing technology  5.Excellent dust and dirt barrier design with lP65,  6.NEM A4S232\/485 communication interface,  7.Fully automatic closed-loop control technology automatic feedback control wire diameter measurement Independent of speed and vibration, wire diameter over the difference of the automatic alarm  8.Scanning speed 1400 times\/sec\" \/>\n<meta property=\"og:url\" content=\"https:\/\/rollingringdrives.com\/es\/producto\/dual-axis-laser-diameter-gauge-for-wire-produce-line\/\" \/>\n<meta property=\"og:site_name\" content=\"QiPang\" \/>\n<meta property=\"article:modified_time\" content=\"2025-09-20T08:50:12+00:00\" \/>\n<meta property=\"og:image\" content=\"https:\/\/rollingringdrives.com\/wp-content\/uploads\/2025\/09\/dual-axis-Diameter-Laser-Gauge-tool-33.jpg\" \/>\n\t<meta property=\"og:image:width\" content=\"1000\" \/>\n\t<meta property=\"og:image:height\" content=\"1000\" \/>\n\t<meta property=\"og:image:type\" content=\"image\/jpeg\" \/>\n<meta name=\"twitter:card\" content=\"summary_large_image\" \/>\n<meta name=\"twitter:label1\" content=\"Tiempo de lectura\" \/>\n\t<meta name=\"twitter:data1\" content=\"2 minutos\" \/>\n<script type=\"application\/ld+json\" class=\"yoast-schema-graph\">{\"@context\":\"https:\/\/schema.org\",\"@graph\":[{\"@type\":\"WebPage\",\"@id\":\"https:\/\/rollingringdrives.com\/product\/dual-axis-laser-diameter-gauge-for-wire-produce-line\/\",\"url\":\"https:\/\/rollingringdrives.com\/product\/dual-axis-laser-diameter-gauge-for-wire-produce-line\/\",\"name\":\"Dual Axis Laser Diameter Gauge for Wire Produce Line - QiPang\",\"isPartOf\":{\"@id\":\"https:\/\/rollingringdrives.com\/#website\"},\"primaryImageOfPage\":{\"@id\":\"https:\/\/rollingringdrives.com\/product\/dual-axis-laser-diameter-gauge-for-wire-produce-line\/#primaryimage\"},\"image\":{\"@id\":\"https:\/\/rollingringdrives.com\/product\/dual-axis-laser-diameter-gauge-for-wire-produce-line\/#primaryimage\"},\"thumbnailUrl\":\"https:\/\/rollingringdrives.com\/wp-content\/uploads\/2025\/09\/dual-axis-Diameter-Laser-Gauge-tool-33.jpg\",\"datePublished\":\"2025-09-16T03:49:52+00:00\",\"dateModified\":\"2025-09-20T08:50:12+00:00\",\"breadcrumb\":{\"@id\":\"https:\/\/rollingringdrives.com\/product\/dual-axis-laser-diameter-gauge-for-wire-produce-line\/#breadcrumb\"},\"inLanguage\":\"es\",\"potentialAction\":[{\"@type\":\"ReadAction\",\"target\":[\"https:\/\/rollingringdrives.com\/product\/dual-axis-laser-diameter-gauge-for-wire-produce-line\/\"]}]},{\"@type\":\"ImageObject\",\"inLanguage\":\"es\",\"@id\":\"https:\/\/rollingringdrives.com\/product\/dual-axis-laser-diameter-gauge-for-wire-produce-line\/#primaryimage\",\"url\":\"https:\/\/rollingringdrives.com\/wp-content\/uploads\/2025\/09\/dual-axis-Diameter-Laser-Gauge-tool-33.jpg\",\"contentUrl\":\"https:\/\/rollingringdrives.com\/wp-content\/uploads\/2025\/09\/dual-axis-Diameter-Laser-Gauge-tool-33.jpg\",\"width\":1000,\"height\":1000,\"caption\":\"dual axis Diameter Laser Gauge tool\"},{\"@type\":\"BreadcrumbList\",\"@id\":\"https:\/\/rollingringdrives.com\/product\/dual-axis-laser-diameter-gauge-for-wire-produce-line\/#breadcrumb\",\"itemListElement\":[{\"@type\":\"ListItem\",\"position\":1,\"name\":\"Home\",\"item\":\"https:\/\/rollingringdrives.com\/\"},{\"@type\":\"ListItem\",\"position\":2,\"name\":\"Machines\",\"item\":\"https:\/\/rollingringdrives.com\/machines\/\"},{\"@type\":\"ListItem\",\"position\":3,\"name\":\"Dual Axis Laser Diameter Gauge for Wire Produce Line\"}]},{\"@type\":\"WebSite\",\"@id\":\"https:\/\/rollingringdrives.com\/#website\",\"url\":\"https:\/\/rollingringdrives.com\/\",\"name\":\"QiPang\",\"description\":\"QiPang Blog\",\"publisher\":{\"@id\":\"https:\/\/rollingringdrives.com\/#organization\"},\"potentialAction\":[{\"@type\":\"SearchAction\",\"target\":{\"@type\":\"EntryPoint\",\"urlTemplate\":\"https:\/\/rollingringdrives.com\/?s={search_term_string}\"},\"query-input\":{\"@type\":\"PropertyValueSpecification\",\"valueRequired\":true,\"valueName\":\"search_term_string\"}}],\"inLanguage\":\"es\"},{\"@type\":\"Organization\",\"@id\":\"https:\/\/rollingringdrives.com\/#organization\",\"name\":\"QiPang\",\"url\":\"https:\/\/rollingringdrives.com\/\",\"logo\":{\"@type\":\"ImageObject\",\"inLanguage\":\"es\",\"@id\":\"https:\/\/rollingringdrives.com\/#\/schema\/logo\/image\/\",\"url\":\"https:\/\/rollingringdrives.com\/wp-content\/uploads\/2023\/05\/cropped-\u672a\u547d\u540d\u7684\u8bbe\u8ba1.png\",\"contentUrl\":\"https:\/\/rollingringdrives.com\/wp-content\/uploads\/2023\/05\/cropped-\u672a\u547d\u540d\u7684\u8bbe\u8ba1.png\",\"width\":300,\"height\":191,\"caption\":\"QiPang\"},\"image\":{\"@id\":\"https:\/\/rollingringdrives.com\/#\/schema\/logo\/image\/\"}}]}<\/script>\n<!-- \/ Yoast SEO Premium plugin. -->","yoast_head_json":{"title":"Medidor de di\u00e1metro l\u00e1ser de doble eje para l\u00ednea de producci\u00f3n de alambre - QiPang","robots":{"index":"index","follow":"follow","max-snippet":"max-snippet:-1","max-image-preview":"max-image-preview:large","max-video-preview":"max-video-preview:-1"},"canonical":"https:\/\/rollingringdrives.com\/es\/producto\/dual-axis-laser-diameter-gauge-for-wire-produce-line\/","og_locale":"es_MX","og_type":"article","og_title":"Dual Axis Laser Diameter Gauge for Wire Produce Line","og_description":"Feature  1.Non-contact optical  2.Multi-angle display on the measurement operating panel   3.Laser or LED long-life light source  4.Advanced DSP processing technology  5.Excellent dust and dirt barrier design with lP65,  6.NEM A4S232\/485 communication interface,  7.Fully automatic closed-loop control technology automatic feedback control wire diameter measurement Independent of speed and vibration, wire diameter over the difference of the automatic alarm  8.Scanning speed 1400 times\/sec","og_url":"https:\/\/rollingringdrives.com\/es\/producto\/dual-axis-laser-diameter-gauge-for-wire-produce-line\/","og_site_name":"QiPang","article_modified_time":"2025-09-20T08:50:12+00:00","og_image":[{"width":1000,"height":1000,"url":"https:\/\/rollingringdrives.com\/wp-content\/uploads\/2025\/09\/dual-axis-Diameter-Laser-Gauge-tool-33.jpg","type":"image\/jpeg"}],"twitter_card":"summary_large_image","twitter_misc":{"Tiempo de lectura":"2 minutos"},"schema":{"@context":"https:\/\/schema.org","@graph":[{"@type":"WebPage","@id":"https:\/\/rollingringdrives.com\/product\/dual-axis-laser-diameter-gauge-for-wire-produce-line\/","url":"https:\/\/rollingringdrives.com\/product\/dual-axis-laser-diameter-gauge-for-wire-produce-line\/","name":"Medidor de di\u00e1metro l\u00e1ser de doble eje para l\u00ednea de producci\u00f3n de alambre - QiPang","isPartOf":{"@id":"https:\/\/rollingringdrives.com\/#website"},"primaryImageOfPage":{"@id":"https:\/\/rollingringdrives.com\/product\/dual-axis-laser-diameter-gauge-for-wire-produce-line\/#primaryimage"},"image":{"@id":"https:\/\/rollingringdrives.com\/product\/dual-axis-laser-diameter-gauge-for-wire-produce-line\/#primaryimage"},"thumbnailUrl":"https:\/\/rollingringdrives.com\/wp-content\/uploads\/2025\/09\/dual-axis-Diameter-Laser-Gauge-tool-33.jpg","datePublished":"2025-09-16T03:49:52+00:00","dateModified":"2025-09-20T08:50:12+00:00","breadcrumb":{"@id":"https:\/\/rollingringdrives.com\/product\/dual-axis-laser-diameter-gauge-for-wire-produce-line\/#breadcrumb"},"inLanguage":"es","potentialAction":[{"@type":"ReadAction","target":["https:\/\/rollingringdrives.com\/product\/dual-axis-laser-diameter-gauge-for-wire-produce-line\/"]}]},{"@type":"ImageObject","inLanguage":"es","@id":"https:\/\/rollingringdrives.com\/product\/dual-axis-laser-diameter-gauge-for-wire-produce-line\/#primaryimage","url":"https:\/\/rollingringdrives.com\/wp-content\/uploads\/2025\/09\/dual-axis-Diameter-Laser-Gauge-tool-33.jpg","contentUrl":"https:\/\/rollingringdrives.com\/wp-content\/uploads\/2025\/09\/dual-axis-Diameter-Laser-Gauge-tool-33.jpg","width":1000,"height":1000,"caption":"dual axis Diameter Laser Gauge tool"},{"@type":"BreadcrumbList","@id":"https:\/\/rollingringdrives.com\/product\/dual-axis-laser-diameter-gauge-for-wire-produce-line\/#breadcrumb","itemListElement":[{"@type":"ListItem","position":1,"name":"Home","item":"https:\/\/rollingringdrives.com\/"},{"@type":"ListItem","position":2,"name":"Machines","item":"https:\/\/rollingringdrives.com\/machines\/"},{"@type":"ListItem","position":3,"name":"Dual Axis Laser Diameter Gauge for Wire Produce Line"}]},{"@type":"WebSite","@id":"https:\/\/rollingringdrives.com\/#website","url":"https:\/\/rollingringdrives.com\/","name":"Qi Pang","description":"Blog QiPang","publisher":{"@id":"https:\/\/rollingringdrives.com\/#organization"},"potentialAction":[{"@type":"SearchAction","target":{"@type":"EntryPoint","urlTemplate":"https:\/\/rollingringdrives.com\/?s={search_term_string}"},"query-input":{"@type":"PropertyValueSpecification","valueRequired":true,"valueName":"search_term_string"}}],"inLanguage":"es"},{"@type":"Organization","@id":"https:\/\/rollingringdrives.com\/#organization","name":"Qi Pang","url":"https:\/\/rollingringdrives.com\/","logo":{"@type":"ImageObject","inLanguage":"es","@id":"https:\/\/rollingringdrives.com\/#\/schema\/logo\/image\/","url":"https:\/\/rollingringdrives.com\/wp-content\/uploads\/2023\/05\/cropped-\u672a\u547d\u540d\u7684\u8bbe\u8ba1.png","contentUrl":"https:\/\/rollingringdrives.com\/wp-content\/uploads\/2023\/05\/cropped-\u672a\u547d\u540d\u7684\u8bbe\u8ba1.png","width":300,"height":191,"caption":"QiPang"},"image":{"@id":"https:\/\/rollingringdrives.com\/#\/schema\/logo\/image\/"}}]}},"_links":{"self":[{"href":"https:\/\/rollingringdrives.com\/es\/wp-json\/wp\/v2\/product\/32522","targetHints":{"allow":["GET"]}}],"collection":[{"href":"https:\/\/rollingringdrives.com\/es\/wp-json\/wp\/v2\/product"}],"about":[{"href":"https:\/\/rollingringdrives.com\/es\/wp-json\/wp\/v2\/types\/product"}],"version-history":[{"count":0,"href":"https:\/\/rollingringdrives.com\/es\/wp-json\/wp\/v2\/product\/32522\/revisions"}],"wp:featuredmedia":[{"embeddable":true,"href":"https:\/\/rollingringdrives.com\/es\/wp-json\/wp\/v2\/media\/32525"}],"wp:attachment":[{"href":"https:\/\/rollingringdrives.com\/es\/wp-json\/wp\/v2\/media?parent=32522"}],"wp:term":[{"taxonomy":"product_brand","embeddable":true,"href":"https:\/\/rollingringdrives.com\/es\/wp-json\/wp\/v2\/product_brand?post=32522"},{"taxonomy":"product_cat","embeddable":true,"href":"https:\/\/rollingringdrives.com\/es\/wp-json\/wp\/v2\/product_cat?post=32522"},{"taxonomy":"product_tag","embeddable":true,"href":"https:\/\/rollingringdrives.com\/es\/wp-json\/wp\/v2\/product_tag?post=32522"}],"curies":[{"name":"wp","href":"https:\/\/api.w.org\/{rel}","templated":true}]}}