{"id":32564,"date":"2025-09-20T08:00:06","date_gmt":"2025-09-20T08:00:06","guid":{"rendered":"https:\/\/rollingringdrives.com\/?post_type=product&#038;p=32564"},"modified":"2025-09-20T08:00:09","modified_gmt":"2025-09-20T08:00:09","slug":"0-1-to-25mm-single-axis-laser-gauge-diameter-measuring-instrument","status":"publish","type":"product","link":"https:\/\/rollingringdrives.com\/es\/producto\/0-1-to-25mm-single-axis-laser-gauge-diameter-measuring-instrument\/","title":{"rendered":"0,1 a 25 mm Instrumento de medici\u00f3n de di\u00e1metros con medidor l\u00e1ser de un eje"},"content":{"rendered":"<p>La principal l\u00ednea de productos de Shanghai Qipang incluye:\u00a0<b>Alta velocidad Alta precisi\u00f3n<\/b>\u00a0<b>Medidor de di\u00e1metro l\u00e1ser<\/b>Herramienta de medici\u00f3n de di\u00e1metros sin contacto con pantalla grande, m\u00e1quina de escaneo de di\u00e1metros l\u00e1ser port\u00e1til de un eje\/doble eje, m\u00e1quina de chispas, contador de metros, m\u00e1quina de paso de polvo, m\u00e1quina de precalentamiento y una amplia gama de equipos de fabricaci\u00f3n de cables relacionados dise\u00f1ados para satisfacer diversas necesidades de producci\u00f3n. Adecuado para alambre redondo, alambre plano, cables electr\u00f3nicos, cables de alimentaci\u00f3n, alambres trenzados, cuerdas, alambres aeroespaciales, cuerdas de alambre de acero, tubo transparente, tubo m\u00e9dico, tubo de goma, extrusora, m\u00e1quina de dibujo, y una serie de equipos relacionados con la detecci\u00f3n de cables.<\/p>\n<div id=\"footable_parent_32566\"\n         class=\"footable_parent ninja_table_wrapper loading_ninja_table wp_table_data_press_parent semantic_ui\">\n                <table data-ninja_table_instance=\"ninja_table_instance_0\" data-footable_id=\"32566\" data-filter-delay=\"1000\" aria-label=\"\u5927\u663e\u793a\u5c4f \u5b98\u7f51.csv\"            id=\"footable_32566\"\n           data-unique_identifier=\"ninja_table_unique_id_69668438_32566\"\n           class=\"foo-table ninja_footable foo_table_32566 ninja_table_unique_id_69668438_32566 ui table  nt_type_legacy_table selectable striped vertical_centered  footable-paging-right ninja_table_pro\">\n                <colgroup>\n                            <col class=\"ninja_column_0\">\n                            <col class=\"ninja_column_1\">\n                            <col class=\"ninja_column_2\">\n                    <\/colgroup>\n        <thead>\n<tr class=\"footable-header\">\n                                                        <th scope=\"col\"  class=\"ninja_column_0 ninja_clmn_nm_model\">modelo<\/th><th scope=\"col\"  class=\"ninja_column_1 ninja_clmn_nm_scr25ar\">SCR-25AR<\/th><th scope=\"col\"  class=\"ninja_column_2 ninja_clmn_nm_scr25br\">SCR-25BR<\/th><\/tr>\n<\/thead>\n<tbody>\n\n        <tr data-row_id=\"1854\" class=\"ninja_table_row_0 nt_row_id_1854\">\n            <td>Caracter\u00edstica<\/td><td>Eje \u00fanico<\/td><td>Doble eje<\/td>        <\/tr>\n            <tr data-row_id=\"1855\" class=\"ninja_table_row_1 nt_row_id_1855\">\n            <td>Rango de medici\u00f3n<\/td><td>0,1-25mm<\/td><td>0,1-25mm<\/td>        <\/tr>\n            <tr data-row_id=\"1856\" class=\"ninja_table_row_2 nt_row_id_1856\">\n            <td>Precisi\u00f3n de la medici\u00f3n<\/td><td>+0,002 mm<\/td><td>+0,002 mm<\/td>        <\/tr>\n            <tr data-row_id=\"1857\" class=\"ninja_table_row_3 nt_row_id_1857\">\n            <td>Velocidad de exploraci\u00f3n<\/td><td>600-1000 veces\/s<\/td><td>600-1000 veces\/s<\/td>        <\/tr>\n            <tr data-row_id=\"1858\" class=\"ninja_table_row_4 nt_row_id_1858\">\n            <td>resoluci\u00f3n<\/td><td>0,001 mm<\/td><td>0,001 mm<\/td>        <\/tr>\n            <tr data-row_id=\"1859\" class=\"ninja_table_row_5 nt_row_id_1859\">\n            <td>interfaz de comunicaci\u00f3n<\/td><td>RS485 (compatible con Modbus RTU)<\/td><td>RS485 (compatible con Modbus RTU)<\/td>        <\/tr>\n            <tr data-row_id=\"1860\" class=\"ninja_table_row_6 nt_row_id_1860\">\n            <td>Tama\u00f1o del embalaje(m)<\/td><td>290*66*170<\/td><td>320*60*280<\/td>        <\/tr>\n            <tr data-row_id=\"1861\" class=\"ninja_table_row_7 nt_row_id_1861\">\n            <td>peso del producto<\/td><td>5KG<\/td><td>6,5 kg<\/td>        <\/tr>\n    <\/tbody><!--ninja_tobody_rendering_done-->\n    <\/table>\n    \n    \n    \n<\/div>\n\n<p><strong>Caracter\u00edstica<\/strong><\/p>\n<p><b>1.Visualizaci\u00f3n y control en tiempo real<\/b>: El medidor de di\u00e1metro est\u00e1 equipado con una gran pantalla que muestra el di\u00e1metro exterior del material medido en tiempo real en el monitor LCD de la sala de control principal, lo que permite a los operarios acceder r\u00e1pidamente a los datos de producci\u00f3n.<\/p>\n<p><b>2.An\u00e1lisis y visualizaci\u00f3n de datos:<\/b>\u00a0A trav\u00e9s del sistema de software de medici\u00f3n y control, la gran pantalla puede mostrar diversos gr\u00e1ficos de datos de prueba, proporcionando un soporte intuitivo para el an\u00e1lisis y la optimizaci\u00f3n de la producci\u00f3n industrial.<\/p>\n<p><b>3.Alta precisi\u00f3n y estabilidad:<\/b>\u00a0Gracias a su avanzada tecnolog\u00eda de detecci\u00f3n l\u00e1ser y medici\u00f3n sin contacto, garantiza una gran precisi\u00f3n y estabilidad, lo que la hace id\u00f3nea para entornos industriales complejos.<\/p>\n<p><b>4.Versatilidad y adaptabilidad: <\/b>Algunos modelos de calibre de di\u00e1metros pueden medir el di\u00e1metro de tubos transparentes, materiales planos y materiales con formas especiales.<\/p>\n<p>&nbsp;<\/p>","protected":false},"excerpt":{"rendered":"<p>El medidor de di\u00e1metro l\u00e1ser tiene una gran pantalla de visualizaci\u00f3n, f\u00e1cil de manejar, y se puede cambiar entre chino e ingl\u00e9s. Se pueden comprobar los registros de alarma<\/p>\n<p>El medidor de di\u00e1metro l\u00e1ser, una herramienta de medici\u00f3n sin contacto, determina con precisi\u00f3n di\u00e1metros de objetos cil\u00edndricos, de 0,1 a 25 mm. Este medidor de di\u00e1metros de un solo eje es ideal para medir alambres, cables, tubos y varillas.<\/p>","protected":false},"featured_media":32567,"template":"","meta":{"site-sidebar-layout":"default","site-content-layout":"default","ast-global-header-display":"","ast-banner-title-visibility":"","ast-main-header-display":"","ast-hfb-above-header-display":"","ast-hfb-below-header-display":"","ast-hfb-mobile-header-display":"","site-post-title":"","ast-breadcrumbs-content":"","ast-featured-img":"","footer-sml-layout":"","theme-transparent-header-meta":"default","adv-header-id-meta":"","stick-header-meta":"","header-above-stick-meta":"","header-main-stick-meta":"","header-below-stick-meta":""},"product_brand":[],"product_cat":[148,141],"product_tag":[],"class_list":{"0":"post-32564","1":"product","2":"type-product","3":"status-publish","4":"has-post-thumbnail","6":"product_cat-laser-measurement","7":"product_cat-single-axis-laser-diameter-gauge","8":"desktop-align-left","9":"tablet-align-left","10":"mobile-align-left","12":"first","13":"instock","14":"shipping-taxable","15":"product-type-simple"},"yoast_head":"<!-- This site is optimized with the Yoast SEO Premium plugin v20.12 (Yoast SEO v26.0) - https:\/\/yoast.com\/wordpress\/plugins\/seo\/ -->\n<title>0.1 to 25mm Single Axis Laser Gauge Diameter Measuring Instrument - QiPang<\/title>\n<meta name=\"robots\" content=\"index, follow, max-snippet:-1, max-image-preview:large, max-video-preview:-1\" \/>\n<link rel=\"canonical\" href=\"https:\/\/rollingringdrives.com\/es\/producto\/0-1-to-25mm-single-axis-laser-gauge-diameter-measuring-instrument\/\" \/>\n<meta property=\"og:locale\" content=\"es_MX\" \/>\n<meta property=\"og:type\" content=\"article\" \/>\n<meta property=\"og:title\" content=\"0.1 to 25mm Single Axis Laser Gauge Diameter Measuring Instrument\" \/>\n<meta property=\"og:description\" content=\"The laser diameter gauge has a large display screen, easy to operate, and can be switched between Chinese and English. Alarm records can be checked  laser diameter gauge, a non-contact measurement tool, precisely determines cylindrical object diameters, ranging from 0.1 to 25mm. This single axis diameter gauge is ideal for measuring wires, cables, tubes, and rods.\" \/>\n<meta property=\"og:url\" content=\"https:\/\/rollingringdrives.com\/es\/producto\/0-1-to-25mm-single-axis-laser-gauge-diameter-measuring-instrument\/\" \/>\n<meta property=\"og:site_name\" content=\"QiPang\" \/>\n<meta property=\"article:modified_time\" content=\"2025-09-20T08:00:09+00:00\" \/>\n<meta property=\"og:image\" content=\"https:\/\/rollingringdrives.com\/wp-content\/uploads\/2025\/09\/1-17.jpg\" \/>\n\t<meta property=\"og:image:width\" content=\"800\" \/>\n\t<meta property=\"og:image:height\" content=\"800\" \/>\n\t<meta property=\"og:image:type\" content=\"image\/jpeg\" \/>\n<meta name=\"twitter:card\" content=\"summary_large_image\" \/>\n<meta name=\"twitter:label1\" content=\"Tiempo de lectura\" \/>\n\t<meta name=\"twitter:data1\" content=\"2 minutos\" \/>\n<script type=\"application\/ld+json\" class=\"yoast-schema-graph\">{\"@context\":\"https:\/\/schema.org\",\"@graph\":[{\"@type\":\"WebPage\",\"@id\":\"https:\/\/rollingringdrives.com\/product\/0-1-to-25mm-single-axis-laser-gauge-diameter-measuring-instrument\/\",\"url\":\"https:\/\/rollingringdrives.com\/product\/0-1-to-25mm-single-axis-laser-gauge-diameter-measuring-instrument\/\",\"name\":\"0.1 to 25mm Single Axis Laser Gauge Diameter Measuring Instrument - QiPang\",\"isPartOf\":{\"@id\":\"https:\/\/rollingringdrives.com\/#website\"},\"primaryImageOfPage\":{\"@id\":\"https:\/\/rollingringdrives.com\/product\/0-1-to-25mm-single-axis-laser-gauge-diameter-measuring-instrument\/#primaryimage\"},\"image\":{\"@id\":\"https:\/\/rollingringdrives.com\/product\/0-1-to-25mm-single-axis-laser-gauge-diameter-measuring-instrument\/#primaryimage\"},\"thumbnailUrl\":\"https:\/\/rollingringdrives.com\/wp-content\/uploads\/2025\/09\/1-17.jpg\",\"datePublished\":\"2025-09-20T08:00:06+00:00\",\"dateModified\":\"2025-09-20T08:00:09+00:00\",\"breadcrumb\":{\"@id\":\"https:\/\/rollingringdrives.com\/product\/0-1-to-25mm-single-axis-laser-gauge-diameter-measuring-instrument\/#breadcrumb\"},\"inLanguage\":\"es\",\"potentialAction\":[{\"@type\":\"ReadAction\",\"target\":[\"https:\/\/rollingringdrives.com\/product\/0-1-to-25mm-single-axis-laser-gauge-diameter-measuring-instrument\/\"]}]},{\"@type\":\"ImageObject\",\"inLanguage\":\"es\",\"@id\":\"https:\/\/rollingringdrives.com\/product\/0-1-to-25mm-single-axis-laser-gauge-diameter-measuring-instrument\/#primaryimage\",\"url\":\"https:\/\/rollingringdrives.com\/wp-content\/uploads\/2025\/09\/1-17.jpg\",\"contentUrl\":\"https:\/\/rollingringdrives.com\/wp-content\/uploads\/2025\/09\/1-17.jpg\",\"width\":800,\"height\":800,\"caption\":\"Laser Gauge Diameter Measuring Instrument\"},{\"@type\":\"BreadcrumbList\",\"@id\":\"https:\/\/rollingringdrives.com\/product\/0-1-to-25mm-single-axis-laser-gauge-diameter-measuring-instrument\/#breadcrumb\",\"itemListElement\":[{\"@type\":\"ListItem\",\"position\":1,\"name\":\"Home\",\"item\":\"https:\/\/rollingringdrives.com\/\"},{\"@type\":\"ListItem\",\"position\":2,\"name\":\"Machines\",\"item\":\"https:\/\/rollingringdrives.com\/machines\/\"},{\"@type\":\"ListItem\",\"position\":3,\"name\":\"0.1 to 25mm Single Axis Laser Gauge Diameter Measuring Instrument\"}]},{\"@type\":\"WebSite\",\"@id\":\"https:\/\/rollingringdrives.com\/#website\",\"url\":\"https:\/\/rollingringdrives.com\/\",\"name\":\"QiPang\",\"description\":\"QiPang Blog\",\"publisher\":{\"@id\":\"https:\/\/rollingringdrives.com\/#organization\"},\"potentialAction\":[{\"@type\":\"SearchAction\",\"target\":{\"@type\":\"EntryPoint\",\"urlTemplate\":\"https:\/\/rollingringdrives.com\/?s={search_term_string}\"},\"query-input\":{\"@type\":\"PropertyValueSpecification\",\"valueRequired\":true,\"valueName\":\"search_term_string\"}}],\"inLanguage\":\"es\"},{\"@type\":\"Organization\",\"@id\":\"https:\/\/rollingringdrives.com\/#organization\",\"name\":\"QiPang\",\"url\":\"https:\/\/rollingringdrives.com\/\",\"logo\":{\"@type\":\"ImageObject\",\"inLanguage\":\"es\",\"@id\":\"https:\/\/rollingringdrives.com\/#\/schema\/logo\/image\/\",\"url\":\"https:\/\/rollingringdrives.com\/wp-content\/uploads\/2023\/05\/cropped-\u672a\u547d\u540d\u7684\u8bbe\u8ba1.png\",\"contentUrl\":\"https:\/\/rollingringdrives.com\/wp-content\/uploads\/2023\/05\/cropped-\u672a\u547d\u540d\u7684\u8bbe\u8ba1.png\",\"width\":300,\"height\":191,\"caption\":\"QiPang\"},\"image\":{\"@id\":\"https:\/\/rollingringdrives.com\/#\/schema\/logo\/image\/\"}}]}<\/script>\n<!-- \/ Yoast SEO Premium plugin. -->","yoast_head_json":{"title":"Medidor l\u00e1ser de di\u00e1metro de 0,1 a 25 mm de un eje - QiPang","robots":{"index":"index","follow":"follow","max-snippet":"max-snippet:-1","max-image-preview":"max-image-preview:large","max-video-preview":"max-video-preview:-1"},"canonical":"https:\/\/rollingringdrives.com\/es\/producto\/0-1-to-25mm-single-axis-laser-gauge-diameter-measuring-instrument\/","og_locale":"es_MX","og_type":"article","og_title":"0.1 to 25mm Single Axis Laser Gauge Diameter Measuring Instrument","og_description":"The laser diameter gauge has a large display screen, easy to operate, and can be switched between Chinese and English. Alarm records can be checked  laser diameter gauge, a non-contact measurement tool, precisely determines cylindrical object diameters, ranging from 0.1 to 25mm. This single axis diameter gauge is ideal for measuring wires, cables, tubes, and rods.","og_url":"https:\/\/rollingringdrives.com\/es\/producto\/0-1-to-25mm-single-axis-laser-gauge-diameter-measuring-instrument\/","og_site_name":"QiPang","article_modified_time":"2025-09-20T08:00:09+00:00","og_image":[{"width":800,"height":800,"url":"https:\/\/rollingringdrives.com\/wp-content\/uploads\/2025\/09\/1-17.jpg","type":"image\/jpeg"}],"twitter_card":"summary_large_image","twitter_misc":{"Tiempo de lectura":"2 minutos"},"schema":{"@context":"https:\/\/schema.org","@graph":[{"@type":"WebPage","@id":"https:\/\/rollingringdrives.com\/product\/0-1-to-25mm-single-axis-laser-gauge-diameter-measuring-instrument\/","url":"https:\/\/rollingringdrives.com\/product\/0-1-to-25mm-single-axis-laser-gauge-diameter-measuring-instrument\/","name":"Medidor l\u00e1ser de di\u00e1metro de 0,1 a 25 mm de un eje - QiPang","isPartOf":{"@id":"https:\/\/rollingringdrives.com\/#website"},"primaryImageOfPage":{"@id":"https:\/\/rollingringdrives.com\/product\/0-1-to-25mm-single-axis-laser-gauge-diameter-measuring-instrument\/#primaryimage"},"image":{"@id":"https:\/\/rollingringdrives.com\/product\/0-1-to-25mm-single-axis-laser-gauge-diameter-measuring-instrument\/#primaryimage"},"thumbnailUrl":"https:\/\/rollingringdrives.com\/wp-content\/uploads\/2025\/09\/1-17.jpg","datePublished":"2025-09-20T08:00:06+00:00","dateModified":"2025-09-20T08:00:09+00:00","breadcrumb":{"@id":"https:\/\/rollingringdrives.com\/product\/0-1-to-25mm-single-axis-laser-gauge-diameter-measuring-instrument\/#breadcrumb"},"inLanguage":"es","potentialAction":[{"@type":"ReadAction","target":["https:\/\/rollingringdrives.com\/product\/0-1-to-25mm-single-axis-laser-gauge-diameter-measuring-instrument\/"]}]},{"@type":"ImageObject","inLanguage":"es","@id":"https:\/\/rollingringdrives.com\/product\/0-1-to-25mm-single-axis-laser-gauge-diameter-measuring-instrument\/#primaryimage","url":"https:\/\/rollingringdrives.com\/wp-content\/uploads\/2025\/09\/1-17.jpg","contentUrl":"https:\/\/rollingringdrives.com\/wp-content\/uploads\/2025\/09\/1-17.jpg","width":800,"height":800,"caption":"Laser Gauge Diameter Measuring Instrument"},{"@type":"BreadcrumbList","@id":"https:\/\/rollingringdrives.com\/product\/0-1-to-25mm-single-axis-laser-gauge-diameter-measuring-instrument\/#breadcrumb","itemListElement":[{"@type":"ListItem","position":1,"name":"Home","item":"https:\/\/rollingringdrives.com\/"},{"@type":"ListItem","position":2,"name":"Machines","item":"https:\/\/rollingringdrives.com\/machines\/"},{"@type":"ListItem","position":3,"name":"0.1 to 25mm Single Axis Laser Gauge Diameter Measuring Instrument"}]},{"@type":"WebSite","@id":"https:\/\/rollingringdrives.com\/#website","url":"https:\/\/rollingringdrives.com\/","name":"Qi Pang","description":"Blog QiPang","publisher":{"@id":"https:\/\/rollingringdrives.com\/#organization"},"potentialAction":[{"@type":"SearchAction","target":{"@type":"EntryPoint","urlTemplate":"https:\/\/rollingringdrives.com\/?s={search_term_string}"},"query-input":{"@type":"PropertyValueSpecification","valueRequired":true,"valueName":"search_term_string"}}],"inLanguage":"es"},{"@type":"Organization","@id":"https:\/\/rollingringdrives.com\/#organization","name":"Qi Pang","url":"https:\/\/rollingringdrives.com\/","logo":{"@type":"ImageObject","inLanguage":"es","@id":"https:\/\/rollingringdrives.com\/#\/schema\/logo\/image\/","url":"https:\/\/rollingringdrives.com\/wp-content\/uploads\/2023\/05\/cropped-\u672a\u547d\u540d\u7684\u8bbe\u8ba1.png","contentUrl":"https:\/\/rollingringdrives.com\/wp-content\/uploads\/2023\/05\/cropped-\u672a\u547d\u540d\u7684\u8bbe\u8ba1.png","width":300,"height":191,"caption":"QiPang"},"image":{"@id":"https:\/\/rollingringdrives.com\/#\/schema\/logo\/image\/"}}]}},"_links":{"self":[{"href":"https:\/\/rollingringdrives.com\/es\/wp-json\/wp\/v2\/product\/32564","targetHints":{"allow":["GET"]}}],"collection":[{"href":"https:\/\/rollingringdrives.com\/es\/wp-json\/wp\/v2\/product"}],"about":[{"href":"https:\/\/rollingringdrives.com\/es\/wp-json\/wp\/v2\/types\/product"}],"version-history":[{"count":0,"href":"https:\/\/rollingringdrives.com\/es\/wp-json\/wp\/v2\/product\/32564\/revisions"}],"wp:featuredmedia":[{"embeddable":true,"href":"https:\/\/rollingringdrives.com\/es\/wp-json\/wp\/v2\/media\/32567"}],"wp:attachment":[{"href":"https:\/\/rollingringdrives.com\/es\/wp-json\/wp\/v2\/media?parent=32564"}],"wp:term":[{"taxonomy":"product_brand","embeddable":true,"href":"https:\/\/rollingringdrives.com\/es\/wp-json\/wp\/v2\/product_brand?post=32564"},{"taxonomy":"product_cat","embeddable":true,"href":"https:\/\/rollingringdrives.com\/es\/wp-json\/wp\/v2\/product_cat?post=32564"},{"taxonomy":"product_tag","embeddable":true,"href":"https:\/\/rollingringdrives.com\/es\/wp-json\/wp\/v2\/product_tag?post=32564"}],"curies":[{"name":"wp","href":"https:\/\/api.w.org\/{rel}","templated":true}]}}