{"id":32610,"date":"2025-10-18T01:47:46","date_gmt":"2025-10-18T01:47:46","guid":{"rendered":"https:\/\/rollingringdrives.com\/?post_type=product&#038;p=32610"},"modified":"2025-12-13T05:40:32","modified_gmt":"2025-12-13T05:40:32","slug":"cable-length-meter-counter-for-1-45mm-cable","status":"publish","type":"product","link":"https:\/\/rollingringdrives.com\/es\/producto\/cable-length-meter-counter-for-1-45mm-cable\/","title":{"rendered":"1-45mm\/ 5-140mm Contador Medidor De Longitud De Cable Para L\u00ednea De Extrusi\u00f3n"},"content":{"rendered":"<h2>Contador de longitud de cable Descripci\u00f3n<\/h2>\n<p>Shanghai Qipang se especializa en la fabricaci\u00f3n de contadores de longitud de cable y tiene una historia de m\u00e1s de 20 a\u00f1os. El contador de longitud de cable tambi\u00e9n es com\u00fanmente conocido como \"contador de longitud de cable\" o \"contador de longitud digital\", que mide con precisi\u00f3n los materiales lineales a trav\u00e9s del contacto mec\u00e1nico. Juega un papel importante en la producci\u00f3n, rebobinado y retorcido de cables. Suele tener dos m\u00e9todos de visualizaci\u00f3n: mec\u00e1nico y electr\u00f3nico. La pantalla electr\u00f3nica puede establecer la longitud del medidor y emite una alarma autom\u00e1tica cuando se alcanza la longitud establecida. Puede conectarse a la m\u00e1quina de bobinado o a la l\u00ednea de producci\u00f3n para su uso y se detiene autom\u00e1ticamente.<\/p>\n<p>Los instrumentos de medici\u00f3n de longitud producidos por Shanghai Qipang actualmente vienen en muchos estilos, y pueden medir varias longitudes de di\u00e1metro de material. El rango m\u00ednimo de di\u00e1metro de medici\u00f3n es de 0,1 mm y el m\u00e1ximo es de 230 mm. Adem\u00e1s, tambi\u00e9n se puede aplicar a la medici\u00f3n de longitud de diversos materiales de di\u00e1metro, tales como alambres y cables, cables \u00f3pticos, cuerdas, tubos, cables de acero, mangueras de goma, tubos m\u00e9dicos, y productos de caucho, etc.<\/p>\n<p>Los modelos est\u00e1ndar del Medidor de Longitud de Alambre est\u00e1n disponibles en stock, y tambi\u00e9n ofrecemos servicios de personalizaci\u00f3n no est\u00e1ndar.<\/p>\n<h2>Par\u00e1metro del contador de longitud<\/h2>\n<div id=\"footable_parent_32678\"\n         class=\"footable_parent ninja_table_wrapper loading_ninja_table wp_table_data_press_parent semantic_ui\">\n                <table data-ninja_table_instance=\"ninja_table_instance_0\" data-footable_id=\"32678\" data-filter-delay=\"1000\" aria-label=\"\u6c14\u7f38\u5c65\u5e26\u8ba1\u7c73\u5668.csv\"            id=\"footable_32678\"\n           data-unique_identifier=\"ninja_table_unique_id_1157091972_32678\"\n           class=\"foo-table ninja_footable foo_table_32678 ninja_table_unique_id_1157091972_32678 ui table  ninja_search_right nt_type_legacy_table selectable striped vertical_centered celled  footable-paging-right ninja_table_pro\">\n                <colgroup>\n                            <col class=\"ninja_column_0\">\n                            <col class=\"ninja_column_1\">\n                            <col class=\"ninja_column_2\">\n                            <col class=\"ninja_column_3\">\n                    <\/colgroup>\n        <thead>\n<tr class=\"footable-header\">\n                                                                        <th scope=\"col\"  class=\"ninja_column_0 ninja_clmn_nm_model\">modelo<\/th><th scope=\"col\"  class=\"ninja_column_1 ninja_clmn_nm_qp45l\">QP-45Lcontador de contadores por cable<\/th><th scope=\"col\"  class=\"ninja_column_2 ninja_clmn_nm_qp75l\">Contador de metros por cable QP-75L<\/th><th scope=\"col\"  class=\"ninja_column_3 ninja_clmn_nm_qp13l\">Contador de metros por cable QP-140L<\/th><\/tr>\n<\/thead>\n<tbody>\n\n        <tr data-row_id=\"2013\" class=\"ninja_table_row_0 nt_row_id_2013\">\n            <td>Di\u00e1metro de alambre aplicable<\/td><td>1 mm-45 mm<\/td><td>5-75 mm<\/td><td>5-140 mm<\/td>        <\/tr>\n            <tr data-row_id=\"2014\" class=\"ninja_table_row_1 nt_row_id_2014\">\n            <td>Velocidad lineal aplicable<\/td><td>0-300M\/Min<\/td><td>0-200M\/Min<\/td><td>0-120M\/Min<\/td>        <\/tr>\n            <tr data-row_id=\"2015\" class=\"ninja_table_row_2 nt_row_id_2015\">\n            <td>altura central<\/td><td>850-1050mm(Altura central ajustable)<\/td><td>850-1050mm(Altura central ajustable)<\/td><td>850-1050mm(Altura central ajustable)<\/td>        <\/tr>\n            <tr data-row_id=\"2016\" class=\"ninja_table_row_3 nt_row_id_2016\">\n            <td>Longitud de medici\u00f3n Tipo<\/td><td>Transmisi\u00f3n por correa Poly-v - Resistente al desgaste<\/td><td>Tracci\u00f3n sobre orugas - Correa plana<\/td><td>Tracci\u00f3n sobre orugas - Correa plana<\/td>        <\/tr>\n            <tr data-row_id=\"2017\" class=\"ninja_table_row_4 nt_row_id_2017\">\n            <td>Par\u00e1metros de rueda s\u00edncrona<\/td><td>Ancho de la polea de la correa s\u00edncrona 51MM, OD 159.15MM<\/td><td>Ancho de la polea de la correa s\u00edncrona 51MM, OD 159.15MM<\/td><td>Ancho de la polea de la correa s\u00edncrona 51MM, OD 159.15MM<\/td>        <\/tr>\n            <tr data-row_id=\"2018\" class=\"ninja_table_row_5 nt_row_id_2018\">\n            <td>Precisi\u00f3n del contador<\/td><td>Rebobinado 2\u2030 alambre retorcido 2\u2030extrusi\u00f3n 1,5\u2030<\/td><td>Rebobinado 2\u2030hilo trenzado 2\u2030extrusi\u00f3n 1,5\u2030<\/td><td>Rebobinado 2\u2030hilo trenzado 2\u2030extrusi\u00f3n 1,5\u2030<\/td>        <\/tr>\n            <tr data-row_id=\"2019\" class=\"ninja_table_row_6 nt_row_id_2019\">\n            <td>Longitud contable<\/td><td>0-99999.9M<\/td><td>0-99999.9M<\/td><td>0-99999.9M<\/td>        <\/tr>\n            <tr data-row_id=\"2020\" class=\"ninja_table_row_7 nt_row_id_2020\">\n            <td>M\u00e9todo de compresi\u00f3n<\/td><td>Cilindro\/Rueda manual<\/td><td>Cilindro\/Rueda manual<\/td><td>Cilindro\/Rueda manual<\/td>        <\/tr>\n            <tr data-row_id=\"2021\" class=\"ninja_table_row_8 nt_row_id_2021\">\n            <td>M\u00e9todo de recuento<\/td><td>Compresi\u00f3n horizontal<\/td><td>Compresi\u00f3n horizontal<\/td><td>Compresi\u00f3n horizontal<\/td>        <\/tr>\n            <tr data-row_id=\"2022\" class=\"ninja_table_row_9 nt_row_id_2022\">\n            <td>reiniciar en<\/td><td>codificador<\/td><td>codificador<\/td><td>codificador<\/td>        <\/tr>\n            <tr data-row_id=\"2023\" class=\"ninja_table_row_10 nt_row_id_2023\">\n            <td>Salida de se\u00f1al<\/td><td>RS485(Opcional)<\/td><td>RS485(Opcional)<\/td><td>RS485(Opcional)<\/td>        <\/tr>\n            <tr data-row_id=\"2024\" class=\"ninja_table_row_11 nt_row_id_2024\">\n            <td>Color del dispositivo<\/td><td>5015 Azul (otros personalizables)<\/td><td>5015 Azul (otros personalizables)<\/td><td>5015 Azul (otros personalizables)<\/td>        <\/tr>\n            <tr data-row_id=\"2025\" class=\"ninja_table_row_12 nt_row_id_2025\">\n            <td>tensi\u00f3n de trabajo<\/td><td>220 V CA<\/td><td>220 V CA<\/td><td>220 V CA<\/td>        <\/tr>\n            <tr data-row_id=\"2026\" class=\"ninja_table_row_13 nt_row_id_2026\">\n            <td>Peso del equipo<\/td><td>metro Medici\u00f3n M\u00e1quina anfitriona 41KG+soporte 26,5KG<\/td><td>Medidor M\u00e1quina de medici\u00f3n Host48KG+Stent23KG<\/td><td> metro Medici\u00f3n M\u00e1quina anfitriona 75KG+Soporte25KG<\/td>        <\/tr>\n            <tr data-row_id=\"2027\" class=\"ninja_table_row_14 nt_row_id_2027\">\n            <td>Dimensiones del equipo<\/td><td>L550mm* W520mm* H280mm metro M\u00e1quina host de medici\u00f3n L400mm* W400mm* H680mm soporte<\/td><td>L550mm* W520mm* H280mm metro M\u00e1quina host de medici\u00f3n L400mm* W400mm* H680mm soporte<\/td><td>L650mm* W600mm* H350mm metro M\u00e1quina host de medici\u00f3n L650mm* W650mm* H720mm soporte<\/td>        <\/tr>\n            <tr data-row_id=\"2028\" class=\"ninja_table_row_15 nt_row_id_2028\">\n            <td>Accesorios opcionales<\/td><td>Medidor\/soporte con pantalla electr\u00f3nica<\/td><td>Medidor\/soporte con pantalla electr\u00f3nica<\/td><td>Medidor\/soporte con pantalla electr\u00f3nica<\/td>        <\/tr>\n    <\/tbody><!--ninja_tobody_rendering_done-->\n    <\/table>\n    \n    \n    \n<\/div>\n\n<figure id=\"attachment_32680\" aria-describedby=\"caption-attachment-32680\" style=\"width: 970px\" class=\"wp-caption alignnone\"><img fetchpriority=\"high\" decoding=\"async\" class=\"size-full wp-image-32680\" src=\"https:\/\/rollingringdrives.com\/wp-content\/uploads\/2025\/10\/cable-meter-counter.png\" alt=\"contador de metros de cable\" width=\"970\" height=\"725\" srcset=\"https:\/\/rollingringdrives.com\/wp-content\/uploads\/2025\/10\/cable-meter-counter.png 970w, https:\/\/rollingringdrives.com\/wp-content\/uploads\/2025\/10\/cable-meter-counter-300x224.png 300w, https:\/\/rollingringdrives.com\/wp-content\/uploads\/2025\/10\/cable-meter-counter-768x574.png 768w, https:\/\/rollingringdrives.com\/wp-content\/uploads\/2025\/10\/cable-meter-counter-16x12.png 16w, https:\/\/rollingringdrives.com\/wp-content\/uploads\/2025\/10\/cable-meter-counter-600x448.png 600w\" sizes=\"(max-width: 970px) 100vw, 970px\" \/><figcaption id=\"caption-attachment-32680\" class=\"wp-caption-text\">contador de metros de cable<\/figcaption><\/figure>\n<h2>Principio de funcionamiento del contador de longitudes<\/h2>\n<p><strong>Contacto y rodadura<\/strong>: Una rueda de medici\u00f3n (rueda de oruga) con una circunferencia conocida con precisi\u00f3n se presiona contra la superficie del cable con una cantidad espec\u00edfica de presi\u00f3n.<\/p>\n<p><strong>Rotaci\u00f3n sincronizada<\/strong>: Cuando el cable se mueve, impulsa la rueda de medici\u00f3n para que gire de forma sincronizada, sin deslizamiento (o con un deslizamiento insignificante) entre ellos.<\/p>\n<p><strong>Recuento y conversi\u00f3n<\/strong>: El eje de la rueda de medici\u00f3n est\u00e1 conectado a un codificador de alta precisi\u00f3n o a un contador mec\u00e1nico. Por cada rotaci\u00f3n completa de la rueda, el contador registra un n\u00famero fijo de impulsos.<\/p>\n<h2>Q\uff06A prop\u00f3sito del contador de longitud de cable<\/h2>\n<h4 data-source-line=\"12\" data-source-line-display=\"true\"><\/h4>\n<h4 id=\"5-eael-table-of-content\" class=\"xsj_heading_hash xsj_heading xsj_heading_h4 eael-heading-content\" data-source-line=\"12\" data-source-line-display=\"true\"><span class=\"xsj_heading_content\">1. \u00bfCu\u00e1l es el rango de medici\u00f3n del contador de alambre para la m\u00e1quina de bobinado?<\/span><\/h4>\n<p class=\"xsj_paragraph xsj_paragraph_level_0\" data-source-line=\"14\" data-source-line-display=\"true\">Respuesta: El rango de medici\u00f3n del medidor se puede personalizar de 1 a 45 m.<span style=\"color: #0274be;\"><span style=\"background-color: #d5d5d5;\">m\/5-75mm\/5-140<\/span><\/span><\/p>\n<h4 id=\"6-eael-table-of-content\" class=\"xsj_heading_hash xsj_heading xsj_heading_h4 eael-heading-content\" data-source-line=\"16\" data-source-line-display=\"true\"><span class=\"xsj_heading_content\">2. \u00bfCon qu\u00e9 rapidez puede el contador digital de longitudes medir el n\u00famero de metros?<\/span><\/h4>\n<p class=\"xsj_paragraph xsj_paragraph_level_0\" data-source-line=\"18\" data-source-line-display=\"true\">Respuesta: El medidor puede contar hasta 300m\/mi<span style=\"color: #0274be;\"><span style=\"background-color: #d5d5d5;\">n<\/span><\/span><\/p>\n<h4 id=\"7-eael-table-of-content\" class=\"xsj_heading_hash xsj_heading xsj_heading_h4 eael-heading-content\" data-source-line=\"20\" data-source-line-display=\"true\"><span class=\"xsj_heading_content\">3. \u00bfTiene el contador de alambre una pantalla para las lecturas del contador?<\/span><\/h4>\n<p class=\"xsj_paragraph xsj_paragraph_level_0\" data-source-line=\"22\" data-source-line-display=\"true\">Respuesta: El medidor tiene una pantalla digital electr\u00f3nica para una lectura precisa.<\/p>\n<h4 id=\"9-eael-table-of-content\" class=\"xsj_heading_hash xsj_heading xsj_heading_h4 eael-heading-content\" data-source-line=\"28\" data-source-line-display=\"true\"><span class=\"xsj_heading_content\">4. \u00bfSe puede personalizar el m\u00e9todo de medici\u00f3n del medidor?<\/span><\/h4>\n<p class=\"xsj_paragraph xsj_paragraph_level_0\" data-source-line=\"30\" data-source-line-display=\"true\">Respuesta: El medidor se puede personalizar para acomodar el codificador o el m\u00e9todo de medici\u00f3n por inducci\u00f3n.<\/p>","protected":false},"excerpt":{"rendered":"<p>Contador de longitud de cable Funci\u00f3n<\/p>\n<ul>\n<li><strong>Alta precisi\u00f3n:<\/strong> Cuando el objeto medido se endereza y no resbala, la precisi\u00f3n de la medici\u00f3n puede alcanzar \u00b10,1-0,3% o incluso m\u00e1s, superando con creces las mediciones manuales con cinta.<\/li>\n<li><strong>Alta eficacia:<\/strong>\u00a0Permite realizar mediciones automatizadas y continuas sin intervenci\u00f3n manual, lo que aumenta considerablemente la eficacia de la producci\u00f3n.<\/li>\n<li><strong>Visualizaci\u00f3n intuitiva y en tiempo real:<\/strong>\u00a0Los datos de longitud se muestran en tiempo real, lo que facilita la supervisi\u00f3n del proceso y el control de calidad.<\/li>\n<li><strong>Alta durabilidad:<\/strong>\u00a0Su robusta construcci\u00f3n le permite resistir entornos industriales adversos.<\/li>\n<li><strong>Funcionalidad vers\u00e1til:<\/strong> Los modelos electr\u00f3nicos cuentan con m\u00faltiples funciones, como la longitud preestablecida, el recuento, la visualizaci\u00f3n de la velocidad y la salida de datos. tambi\u00e9n puede elegir la interfaz de comunicaci\u00f3n 485.<\/li>\n<\/ul>","protected":false},"featured_media":32717,"template":"","meta":{"site-sidebar-layout":"default","site-content-layout":"default","ast-global-header-display":"","ast-banner-title-visibility":"","ast-main-header-display":"","ast-hfb-above-header-display":"","ast-hfb-below-header-display":"","ast-hfb-mobile-header-display":"","site-post-title":"","ast-breadcrumbs-content":"","ast-featured-img":"","footer-sml-layout":"","theme-transparent-header-meta":"default","adv-header-id-meta":"","stick-header-meta":"","header-above-stick-meta":"","header-main-stick-meta":"","header-below-stick-meta":""},"product_brand":[],"product_cat":[59],"product_tag":[],"class_list":{"0":"post-32610","1":"product","2":"type-product","3":"status-publish","4":"has-post-thumbnail","6":"product_cat-length-measuring-instrument","7":"desktop-align-left","8":"tablet-align-left","9":"mobile-align-left","11":"first","12":"instock","13":"shipping-taxable","14":"product-type-simple"},"yoast_head":"<!-- This site is optimized with the Yoast SEO Premium plugin v20.12 (Yoast SEO v26.0) - https:\/\/yoast.com\/wordpress\/plugins\/seo\/ -->\n<title>1-45mm\/ 5-140mm Cable Length Meter Counter For Extrusion Line - QiPang<\/title>\n<meta name=\"robots\" content=\"index, follow, max-snippet:-1, max-image-preview:large, max-video-preview:-1\" \/>\n<link rel=\"canonical\" href=\"https:\/\/rollingringdrives.com\/es\/producto\/cable-length-meter-counter-for-1-45mm-cable\/\" \/>\n<meta property=\"og:locale\" content=\"es_MX\" \/>\n<meta property=\"og:type\" content=\"article\" \/>\n<meta property=\"og:title\" content=\"1-45mm\/ 5-140mm Cable Length Meter Counter For Extrusion Line\" \/>\n<meta property=\"og:description\" content=\"Cable Length Meter Counter Feature   High Precision: When the measured object is straightened and does not slip, the measurement accuracy can reach \u00b10.1-0.3% or even higher, far surpassing manual tape measurements.  High Efficiency:\u00a0It enables automated, continuous measurement without manual intervention, significantly boosting production efficiency.  Real-time &amp; Intuitive Display:\u00a0Length data is displayed in real time, facilitating easy process monitoring and quality control.  High Durability:\u00a0With its robust construction, it can withstand harsh industrial environments.  Versatile Functionality: Electronic models feature multiple functions, such as preset length, counting, speed display, and data output. you also can choose 485 communication interface.\" \/>\n<meta property=\"og:url\" content=\"https:\/\/rollingringdrives.com\/es\/producto\/cable-length-meter-counter-for-1-45mm-cable\/\" \/>\n<meta property=\"og:site_name\" content=\"QiPang\" \/>\n<meta property=\"article:modified_time\" content=\"2025-12-13T05:40:32+00:00\" \/>\n<meta property=\"og:image\" content=\"https:\/\/rollingringdrives.com\/wp-content\/uploads\/2025\/10\/51ff4f8db6b12abcb9e8caae0cbf3959.jpg\" \/>\n\t<meta property=\"og:image:width\" content=\"1000\" \/>\n\t<meta property=\"og:image:height\" content=\"1000\" \/>\n\t<meta property=\"og:image:type\" content=\"image\/jpeg\" \/>\n<meta name=\"twitter:card\" content=\"summary_large_image\" \/>\n<meta name=\"twitter:label1\" content=\"Tiempo de lectura\" \/>\n\t<meta name=\"twitter:data1\" content=\"3 minutos\" \/>\n<script type=\"application\/ld+json\" class=\"yoast-schema-graph\">{\"@context\":\"https:\/\/schema.org\",\"@graph\":[{\"@type\":\"WebPage\",\"@id\":\"https:\/\/rollingringdrives.com\/product\/cable-length-meter-counter-for-1-45mm-cable\/\",\"url\":\"https:\/\/rollingringdrives.com\/product\/cable-length-meter-counter-for-1-45mm-cable\/\",\"name\":\"1-45mm\/ 5-140mm Cable Length Meter Counter For Extrusion Line - QiPang\",\"isPartOf\":{\"@id\":\"https:\/\/rollingringdrives.com\/#website\"},\"primaryImageOfPage\":{\"@id\":\"https:\/\/rollingringdrives.com\/product\/cable-length-meter-counter-for-1-45mm-cable\/#primaryimage\"},\"image\":{\"@id\":\"https:\/\/rollingringdrives.com\/product\/cable-length-meter-counter-for-1-45mm-cable\/#primaryimage\"},\"thumbnailUrl\":\"https:\/\/rollingringdrives.com\/wp-content\/uploads\/2025\/10\/51ff4f8db6b12abcb9e8caae0cbf3959.jpg\",\"datePublished\":\"2025-10-18T01:47:46+00:00\",\"dateModified\":\"2025-12-13T05:40:32+00:00\",\"breadcrumb\":{\"@id\":\"https:\/\/rollingringdrives.com\/product\/cable-length-meter-counter-for-1-45mm-cable\/#breadcrumb\"},\"inLanguage\":\"es\",\"potentialAction\":[{\"@type\":\"ReadAction\",\"target\":[\"https:\/\/rollingringdrives.com\/product\/cable-length-meter-counter-for-1-45mm-cable\/\"]}]},{\"@type\":\"ImageObject\",\"inLanguage\":\"es\",\"@id\":\"https:\/\/rollingringdrives.com\/product\/cable-length-meter-counter-for-1-45mm-cable\/#primaryimage\",\"url\":\"https:\/\/rollingringdrives.com\/wp-content\/uploads\/2025\/10\/51ff4f8db6b12abcb9e8caae0cbf3959.jpg\",\"contentUrl\":\"https:\/\/rollingringdrives.com\/wp-content\/uploads\/2025\/10\/51ff4f8db6b12abcb9e8caae0cbf3959.jpg\",\"width\":1000,\"height\":1000,\"caption\":\"cable length counter\"},{\"@type\":\"BreadcrumbList\",\"@id\":\"https:\/\/rollingringdrives.com\/product\/cable-length-meter-counter-for-1-45mm-cable\/#breadcrumb\",\"itemListElement\":[{\"@type\":\"ListItem\",\"position\":1,\"name\":\"Home\",\"item\":\"https:\/\/rollingringdrives.com\/\"},{\"@type\":\"ListItem\",\"position\":2,\"name\":\"Machines\",\"item\":\"https:\/\/rollingringdrives.com\/machines\/\"},{\"@type\":\"ListItem\",\"position\":3,\"name\":\"1-45mm\/ 5-140mm Cable Length Meter Counter For Extrusion Line\"}]},{\"@type\":\"WebSite\",\"@id\":\"https:\/\/rollingringdrives.com\/#website\",\"url\":\"https:\/\/rollingringdrives.com\/\",\"name\":\"QiPang\",\"description\":\"QiPang Blog\",\"publisher\":{\"@id\":\"https:\/\/rollingringdrives.com\/#organization\"},\"potentialAction\":[{\"@type\":\"SearchAction\",\"target\":{\"@type\":\"EntryPoint\",\"urlTemplate\":\"https:\/\/rollingringdrives.com\/?s={search_term_string}\"},\"query-input\":{\"@type\":\"PropertyValueSpecification\",\"valueRequired\":true,\"valueName\":\"search_term_string\"}}],\"inLanguage\":\"es\"},{\"@type\":\"Organization\",\"@id\":\"https:\/\/rollingringdrives.com\/#organization\",\"name\":\"QiPang\",\"url\":\"https:\/\/rollingringdrives.com\/\",\"logo\":{\"@type\":\"ImageObject\",\"inLanguage\":\"es\",\"@id\":\"https:\/\/rollingringdrives.com\/#\/schema\/logo\/image\/\",\"url\":\"https:\/\/rollingringdrives.com\/wp-content\/uploads\/2023\/05\/cropped-\u672a\u547d\u540d\u7684\u8bbe\u8ba1.png\",\"contentUrl\":\"https:\/\/rollingringdrives.com\/wp-content\/uploads\/2023\/05\/cropped-\u672a\u547d\u540d\u7684\u8bbe\u8ba1.png\",\"width\":300,\"height\":191,\"caption\":\"QiPang\"},\"image\":{\"@id\":\"https:\/\/rollingringdrives.com\/#\/schema\/logo\/image\/\"}}]}<\/script>\n<!-- \/ Yoast SEO Premium plugin. -->","yoast_head_json":{"title":"1-45mm\/ 5-140mm Contador De Longitud De Cable Para L\u00ednea De Extrusi\u00f3n - QiPang","robots":{"index":"index","follow":"follow","max-snippet":"max-snippet:-1","max-image-preview":"max-image-preview:large","max-video-preview":"max-video-preview:-1"},"canonical":"https:\/\/rollingringdrives.com\/es\/producto\/cable-length-meter-counter-for-1-45mm-cable\/","og_locale":"es_MX","og_type":"article","og_title":"1-45mm\/ 5-140mm Cable Length Meter Counter For Extrusion Line","og_description":"Cable Length Meter Counter Feature   High Precision: When the measured object is straightened and does not slip, the measurement accuracy can reach \u00b10.1-0.3% or even higher, far surpassing manual tape measurements.  High Efficiency:\u00a0It enables automated, continuous measurement without manual intervention, significantly boosting production efficiency.  Real-time &amp; Intuitive Display:\u00a0Length data is displayed in real time, facilitating easy process monitoring and quality control.  High Durability:\u00a0With its robust construction, it can withstand harsh industrial environments.  Versatile Functionality: Electronic models feature multiple functions, such as preset length, counting, speed display, and data output. you also can choose 485 communication interface.","og_url":"https:\/\/rollingringdrives.com\/es\/producto\/cable-length-meter-counter-for-1-45mm-cable\/","og_site_name":"QiPang","article_modified_time":"2025-12-13T05:40:32+00:00","og_image":[{"width":1000,"height":1000,"url":"https:\/\/rollingringdrives.com\/wp-content\/uploads\/2025\/10\/51ff4f8db6b12abcb9e8caae0cbf3959.jpg","type":"image\/jpeg"}],"twitter_card":"summary_large_image","twitter_misc":{"Tiempo de lectura":"3 minutos"},"schema":{"@context":"https:\/\/schema.org","@graph":[{"@type":"WebPage","@id":"https:\/\/rollingringdrives.com\/product\/cable-length-meter-counter-for-1-45mm-cable\/","url":"https:\/\/rollingringdrives.com\/product\/cable-length-meter-counter-for-1-45mm-cable\/","name":"1-45mm\/ 5-140mm Contador De Longitud De Cable Para L\u00ednea De Extrusi\u00f3n - QiPang","isPartOf":{"@id":"https:\/\/rollingringdrives.com\/#website"},"primaryImageOfPage":{"@id":"https:\/\/rollingringdrives.com\/product\/cable-length-meter-counter-for-1-45mm-cable\/#primaryimage"},"image":{"@id":"https:\/\/rollingringdrives.com\/product\/cable-length-meter-counter-for-1-45mm-cable\/#primaryimage"},"thumbnailUrl":"https:\/\/rollingringdrives.com\/wp-content\/uploads\/2025\/10\/51ff4f8db6b12abcb9e8caae0cbf3959.jpg","datePublished":"2025-10-18T01:47:46+00:00","dateModified":"2025-12-13T05:40:32+00:00","breadcrumb":{"@id":"https:\/\/rollingringdrives.com\/product\/cable-length-meter-counter-for-1-45mm-cable\/#breadcrumb"},"inLanguage":"es","potentialAction":[{"@type":"ReadAction","target":["https:\/\/rollingringdrives.com\/product\/cable-length-meter-counter-for-1-45mm-cable\/"]}]},{"@type":"ImageObject","inLanguage":"es","@id":"https:\/\/rollingringdrives.com\/product\/cable-length-meter-counter-for-1-45mm-cable\/#primaryimage","url":"https:\/\/rollingringdrives.com\/wp-content\/uploads\/2025\/10\/51ff4f8db6b12abcb9e8caae0cbf3959.jpg","contentUrl":"https:\/\/rollingringdrives.com\/wp-content\/uploads\/2025\/10\/51ff4f8db6b12abcb9e8caae0cbf3959.jpg","width":1000,"height":1000,"caption":"cable length counter"},{"@type":"BreadcrumbList","@id":"https:\/\/rollingringdrives.com\/product\/cable-length-meter-counter-for-1-45mm-cable\/#breadcrumb","itemListElement":[{"@type":"ListItem","position":1,"name":"Home","item":"https:\/\/rollingringdrives.com\/"},{"@type":"ListItem","position":2,"name":"Machines","item":"https:\/\/rollingringdrives.com\/machines\/"},{"@type":"ListItem","position":3,"name":"1-45mm\/ 5-140mm Cable Length Meter Counter For Extrusion Line"}]},{"@type":"WebSite","@id":"https:\/\/rollingringdrives.com\/#website","url":"https:\/\/rollingringdrives.com\/","name":"Qi Pang","description":"Blog QiPang","publisher":{"@id":"https:\/\/rollingringdrives.com\/#organization"},"potentialAction":[{"@type":"SearchAction","target":{"@type":"EntryPoint","urlTemplate":"https:\/\/rollingringdrives.com\/?s={search_term_string}"},"query-input":{"@type":"PropertyValueSpecification","valueRequired":true,"valueName":"search_term_string"}}],"inLanguage":"es"},{"@type":"Organization","@id":"https:\/\/rollingringdrives.com\/#organization","name":"Qi Pang","url":"https:\/\/rollingringdrives.com\/","logo":{"@type":"ImageObject","inLanguage":"es","@id":"https:\/\/rollingringdrives.com\/#\/schema\/logo\/image\/","url":"https:\/\/rollingringdrives.com\/wp-content\/uploads\/2023\/05\/cropped-\u672a\u547d\u540d\u7684\u8bbe\u8ba1.png","contentUrl":"https:\/\/rollingringdrives.com\/wp-content\/uploads\/2023\/05\/cropped-\u672a\u547d\u540d\u7684\u8bbe\u8ba1.png","width":300,"height":191,"caption":"QiPang"},"image":{"@id":"https:\/\/rollingringdrives.com\/#\/schema\/logo\/image\/"}}]}},"_links":{"self":[{"href":"https:\/\/rollingringdrives.com\/es\/wp-json\/wp\/v2\/product\/32610","targetHints":{"allow":["GET"]}}],"collection":[{"href":"https:\/\/rollingringdrives.com\/es\/wp-json\/wp\/v2\/product"}],"about":[{"href":"https:\/\/rollingringdrives.com\/es\/wp-json\/wp\/v2\/types\/product"}],"version-history":[{"count":0,"href":"https:\/\/rollingringdrives.com\/es\/wp-json\/wp\/v2\/product\/32610\/revisions"}],"wp:featuredmedia":[{"embeddable":true,"href":"https:\/\/rollingringdrives.com\/es\/wp-json\/wp\/v2\/media\/32717"}],"wp:attachment":[{"href":"https:\/\/rollingringdrives.com\/es\/wp-json\/wp\/v2\/media?parent=32610"}],"wp:term":[{"taxonomy":"product_brand","embeddable":true,"href":"https:\/\/rollingringdrives.com\/es\/wp-json\/wp\/v2\/product_brand?post=32610"},{"taxonomy":"product_cat","embeddable":true,"href":"https:\/\/rollingringdrives.com\/es\/wp-json\/wp\/v2\/product_cat?post=32610"},{"taxonomy":"product_tag","embeddable":true,"href":"https:\/\/rollingringdrives.com\/es\/wp-json\/wp\/v2\/product_tag?post=32610"}],"curies":[{"name":"wp","href":"https:\/\/api.w.org\/{rel}","templated":true}]}}