{"id":32686,"date":"2025-11-01T03:22:08","date_gmt":"2025-11-01T03:22:08","guid":{"rendered":"https:\/\/rollingringdrives.com\/?post_type=product&#038;p=32686"},"modified":"2025-11-01T03:22:09","modified_gmt":"2025-11-01T03:22:09","slug":"1-30mm-wire-length-measurement-for-coiling-and-packing-machine","status":"publish","type":"product","link":"https:\/\/rollingringdrives.com\/es\/producto\/1-30mm-wire-length-measurement-for-coiling-and-packing-machine\/","title":{"rendered":"Medici\u00f3n de la longitud del alambre de 1-30 mm para bobinadoras y empaquetadoras"},"content":{"rendered":"<p>La manivela <strong>Medidor de longitud de cable<\/strong>\u00a0tambi\u00e9n conocido como medidor mec\u00e1nico, medidor manual o contador de longitudes, es un dispositivo que mide y muestra la longitud de materiales lineales, en forma de banda o tubulares mediante la transmisi\u00f3n mec\u00e1nica por engranajes.<\/p>\n<h2>la funci\u00f3n de contador de longitud de cable es:<\/h2>\n<p><strong>Fuente de energ\u00eda<\/strong>: La rueda de medici\u00f3n gira girando manualmente la empu\u00f1adura.<br \/>\n<strong>M\u00e9todo de medida<\/strong>: La rueda de medici\u00f3n est\u00e1 en estrecho contacto con el material que se mide. Rueda junto con el movimiento del material o la rotaci\u00f3n de la empu\u00f1adura.<br \/>\n<strong>Visualizaci\u00f3n de datos<\/strong>: El valor de longitud puede leerse directamente en la aguja mec\u00e1nica o en la rueda digital de la esfera, normalmente en \"metros\" como unidad.<\/p>\n<h2>par\u00e1metro del contador del medidor de longitud<\/h2>\n<div id=\"footable_parent_32665\"\n         class=\"footable_parent ninja_table_wrapper loading_ninja_table wp_table_data_press_parent semantic_ui\">\n                <table data-ninja_table_instance=\"ninja_table_instance_0\" data-footable_id=\"32665\" data-filter-delay=\"1000\" aria-label=\"\u7535\u5b50\u8ba1\u7c73\u5668cable contador.csv\"            id=\"footable_32665\"\n           data-unique_identifier=\"ninja_table_unique_id_155930224_32665\"\n           class=\"foo-table ninja_footable foo_table_32665 ninja_table_unique_id_155930224_32665 ui table  nt_type_legacy_table selectable striped vertical_centered  footable-paging-right ninja_table_pro\">\n                <colgroup>\n                            <col class=\"ninja_column_0\">\n                            <col class=\"ninja_column_1\">\n                    <\/colgroup>\n        <thead>\n<tr class=\"footable-header\">\n                                        <th scope=\"col\"  class=\"ninja_column_0 ninja_clmn_nm_model\">modelo<\/th><th scope=\"col\"  class=\"ninja_column_1 ninja_clmn_nm_qp3ls\">QP-30LS<\/th><\/tr>\n<\/thead>\n<tbody>\n\n        <tr data-row_id=\"1981\" class=\"ninja_table_row_0 nt_row_id_1981\">\n            <td>Di\u00e1metro de alambre aplicable<\/td><td>1-30 mm<\/td>        <\/tr>\n            <tr data-row_id=\"1982\" class=\"ninja_table_row_1 nt_row_id_1982\">\n            <td>Velocidad lineal aplicable<\/td><td>0-200M\/Min<\/td>        <\/tr>\n            <tr data-row_id=\"1983\" class=\"ninja_table_row_2 nt_row_id_1983\">\n            <td>altura central<\/td><td>1000mm(Altura central ajustable)<\/td>        <\/tr>\n            <tr data-row_id=\"1984\" class=\"ninja_table_row_3 nt_row_id_1984\">\n            <td>Material de la rueda del contador<\/td><td>Material de acero 45#<\/td>        <\/tr>\n            <tr data-row_id=\"1985\" class=\"ninja_table_row_4 nt_row_id_1985\">\n            <td><\/td><td><\/td>        <\/tr>\n            <tr data-row_id=\"1986\" class=\"ninja_table_row_5 nt_row_id_1986\">\n            <td><\/td><td><\/td>        <\/tr>\n            <tr data-row_id=\"1987\" class=\"ninja_table_row_6 nt_row_id_1987\">\n            <td>Longitud contable<\/td><td>0-99999.9M<\/td>        <\/tr>\n            <tr data-row_id=\"1988\" class=\"ninja_table_row_7 nt_row_id_1988\">\n            <td>M\u00e9todo de compresi\u00f3n<\/td><td>Atornillado manual o prensado manual<\/td>        <\/tr>\n            <tr data-row_id=\"1989\" class=\"ninja_table_row_8 nt_row_id_1989\">\n            <td>mezcla de productos<\/td><td>Compresi\u00f3n vertical<\/td>        <\/tr>\n            <tr data-row_id=\"1990\" class=\"ninja_table_row_9 nt_row_id_1990\">\n            <td>reiniciar en<\/td><td>Sensor (coeficiente medidor ajustable) o Codificador opcional<\/td>        <\/tr>\n            <tr data-row_id=\"1991\" class=\"ninja_table_row_10 nt_row_id_1991\">\n            <td>SALIDA<\/td><td>RS485(Opcional)<\/td>        <\/tr>\n            <tr data-row_id=\"1992\" class=\"ninja_table_row_11 nt_row_id_1992\">\n            <td>Color del dispositivo<\/td><td>5015 Azul (otros personalizables)<\/td>        <\/tr>\n            <tr data-row_id=\"1993\" class=\"ninja_table_row_12 nt_row_id_1993\">\n            <td>tensi\u00f3n de trabajo<\/td><td>220 V CA<\/td>        <\/tr>\n            <tr data-row_id=\"1994\" class=\"ninja_table_row_13 nt_row_id_1994\">\n            <td><\/td><td><\/td>        <\/tr>\n            <tr data-row_id=\"1995\" class=\"ninja_table_row_14 nt_row_id_1995\">\n            <td><\/td><td><\/td>        <\/tr>\n            <tr data-row_id=\"1996\" class=\"ninja_table_row_15 nt_row_id_1996\">\n            <td>Accesorios opcionales<\/td><td>Medidor\/soporte con pantalla electr\u00f3nica<\/td>        <\/tr>\n    <\/tbody><!--ninja_tobody_rendering_done-->\n    <\/table>\n    \n    \n    \n<\/div>\n\n<figure id=\"attachment_32687\" aria-describedby=\"caption-attachment-32687\" style=\"width: 681px\" class=\"wp-caption alignnone\"><img fetchpriority=\"high\" decoding=\"async\" class=\"size-full wp-image-32687\" src=\"https:\/\/rollingringdrives.com\/wp-content\/uploads\/2025\/11\/Cable-length-counter.png\" alt=\"Contador de longitud de cable\" width=\"681\" height=\"580\" srcset=\"https:\/\/rollingringdrives.com\/wp-content\/uploads\/2025\/11\/Cable-length-counter.png 681w, https:\/\/rollingringdrives.com\/wp-content\/uploads\/2025\/11\/Cable-length-counter-300x256.png 300w, https:\/\/rollingringdrives.com\/wp-content\/uploads\/2025\/11\/Cable-length-counter-14x12.png 14w, https:\/\/rollingringdrives.com\/wp-content\/uploads\/2025\/11\/Cable-length-counter-600x511.png 600w\" sizes=\"(max-width: 681px) 100vw, 681px\" \/><figcaption id=\"caption-attachment-32687\" class=\"wp-caption-text\">Contador de longitud de cable<\/figcaption><\/figure>\n<h2>Contador de longitud de cable Principales escenarios de aplicaci\u00f3n<\/h2>\n<p><strong>Industria del alambre y el cable:<\/strong> Medir la longitud de los cables enrollados es una herramienta esencial para la gesti\u00f3n del almac\u00e9n y la entrega de las ventas.<br \/>\n<strong>Industria textil:<\/strong> Se utiliza para medir la longitud de tejidos, alfombras, cuero, etc. en rollos.<br \/>\n<strong>Construcci\u00f3n e ingenier\u00eda:<\/strong> Medici\u00f3n de la longitud de materiales como tuber\u00edas de agua, cables de acero, correas contra incendios, etc. en obras de construcci\u00f3n.<br \/>\n<strong>Fabricaci\u00f3n de cuerdas:<\/strong> Medici\u00f3n de la longitud de productos como cuerdas de c\u00e1\u00f1amo, cuerdas de nailon, cables, etc.<br \/>\n<strong>Impresi\u00f3n y fabricaci\u00f3n de papel:<\/strong> Medici\u00f3n de la longitud de papel enrollado, pel\u00edculas, etc.<br \/>\n<strong>Agricultura y silvicultura:<\/strong> Medici\u00f3n de tuber\u00edas de riego, l\u00edneas de vallas, etc.<\/p>\n<h2 id=\"4-eael-table-of-content\" class=\"xsj_heading_hash xsj_heading xsj_heading_h2 eael-heading-content\" data-source-line=\"2\" data-source-line-display=\"true\"><span class=\"xsj_heading_content\">Contador de contadores por cable\u00a0<\/span><span class=\"xsj_heading_content\">Preguntas frecuentes:<\/span><\/h2>\n<div class=\"xiaoshujiang_element xsj_anchor\"><a class=\"blank_anchor_name\" name=\"120what20is20the20measuring20range20of20the20digital20electronic20counter20meter20for20winding20machine_4\"><\/a><a id=\"120what20is20the20measuring20range20of20the20digital20electronic20counter20meter20for20winding20machine_4\" class=\"blank_anchor_id\"><\/a><a class=\"blank_anchor_name\" name=\"1-what-is-the-measuring-range-of-the-digital-electronic-counter-meter-for-winding-machine\"><\/a><a id=\"1-what-is-the-measuring-range-of-the-digital-electronic-counter-meter-for-winding-machine\" class=\"blank_anchor_id\"><\/a><\/div>\n<h4 id=\"5-eael-table-of-content\" class=\"xsj_heading_hash xsj_heading xsj_heading_h4 eael-heading-content\" data-source-line=\"12\" data-source-line-display=\"true\"><span class=\"xsj_heading_content\">1. \u00bfCu\u00e1l es el rango de medici\u00f3n del contador electr\u00f3nico digital para la bobinadora?<\/span><\/h4>\n<p class=\"xsj_paragraph xsj_paragraph_level_0\" data-source-line=\"14\" data-source-line-display=\"true\">Respuesta: El rango de medici\u00f3n del medidor se puede personalizar de 1 a 30 mm.<\/p>\n<div class=\"xiaoshujiang_element xsj_anchor\"><a class=\"blank_anchor_name\" name=\"220how20fast20can20the20meter20count20the20number20of20meters_5\"><\/a><a id=\"220how20fast20can20the20meter20count20the20number20of20meters_5\" class=\"blank_anchor_id\"><\/a><a class=\"blank_anchor_name\" name=\"2-how-fast-can-the-meter-count-the-number-of-meters\"><\/a><a id=\"2-how-fast-can-the-meter-count-the-number-of-meters\" class=\"blank_anchor_id\"><\/a><\/div>\n<h4 id=\"6-eael-table-of-content\" class=\"xsj_heading_hash xsj_heading xsj_heading_h4 eael-heading-content\" data-source-line=\"16\" data-source-line-display=\"true\"><span class=\"xsj_heading_content\">2. \u00bfQu\u00e9 tan r\u00e1pido puede el medidor contar la cantidad de metros?<\/span><\/h4>\n<p class=\"xsj_paragraph xsj_paragraph_level_0\" data-source-line=\"18\" data-source-line-display=\"true\">Respuesta: El medidor puede contar hasta 200 m\/min.<\/p>\n<div class=\"xiaoshujiang_element xsj_anchor\"><a class=\"blank_anchor_name\" name=\"320does20the20meter20come20with20a20display20for20meter20readings_6\"><\/a><a id=\"320does20the20meter20come20with20a20display20for20meter20readings_6\" class=\"blank_anchor_id\"><\/a><a class=\"blank_anchor_name\" name=\"3-does-the-meter-come-with-a-display-for-meter-readings\"><\/a><a id=\"3-does-the-meter-come-with-a-display-for-meter-readings\" class=\"blank_anchor_id\"><\/a><\/div>\n<h4 id=\"7-eael-table-of-content\" class=\"xsj_heading_hash xsj_heading xsj_heading_h4 eael-heading-content\" data-source-line=\"20\" data-source-line-display=\"true\"><span class=\"xsj_heading_content\">3. \u00bfEl medidor viene con una pantalla para las lecturas del medidor?<\/span><\/h4>\n<p class=\"xsj_paragraph xsj_paragraph_level_0\" data-source-line=\"22\" data-source-line-display=\"true\">Respuesta: El medidor tiene una pantalla digital electr\u00f3nica para una lectura precisa.<\/p>\n<div class=\"xiaoshujiang_element xsj_anchor\"><a class=\"blank_anchor_name\" name=\"420what20is20the20weight20of20the20digital20electronic20counter20meter20for20winding20machine_7\"><\/a><a id=\"420what20is20the20weight20of20the20digital20electronic20counter20meter20for20winding20machine_7\" class=\"blank_anchor_id\"><\/a><a class=\"blank_anchor_name\" name=\"4-what-is-the-weight-of-the-digital-electronic-counter-meter-for-winding-machine\"><\/a><a id=\"4-what-is-the-weight-of-the-digital-electronic-counter-meter-for-winding-machine\" class=\"blank_anchor_id\"><\/a><\/div>\n<h4 id=\"8-eael-table-of-content\" class=\"xsj_heading_hash xsj_heading xsj_heading_h4 eael-heading-content\" data-source-line=\"24\" data-source-line-display=\"true\"><span class=\"xsj_heading_content\">4. \u00bfCu\u00e1l es el peso del contador electr\u00f3nico digital para la bobinadora?<\/span><\/h4>\n<p class=\"xsj_paragraph xsj_paragraph_level_0\" data-source-line=\"26\" data-source-line-display=\"true\">Respuesta: El metro pesa 25 kg.<\/p>\n<div class=\"xiaoshujiang_element xsj_anchor\"><a class=\"blank_anchor_name\" name=\"520can20the20measurement20method20of20the20meter20be20customized_8\"><\/a><a id=\"520can20the20measurement20method20of20the20meter20be20customized_8\" class=\"blank_anchor_id\"><\/a><a class=\"blank_anchor_name\" name=\"5-can-the-measurement-method-of-the-meter-be-customized\"><\/a><a id=\"5-can-the-measurement-method-of-the-meter-be-customized\" class=\"blank_anchor_id\"><\/a><\/div>\n<h4 id=\"9-eael-table-of-content\" class=\"xsj_heading_hash xsj_heading xsj_heading_h4 eael-heading-content\" data-source-line=\"28\" data-source-line-display=\"true\"><span class=\"xsj_heading_content\">5. \u00bfSe puede personalizar el m\u00e9todo de medici\u00f3n del medidor?<\/span><\/h4>\n<p class=\"xsj_paragraph xsj_paragraph_level_0\" data-source-line=\"30\" data-source-line-display=\"true\">Respuesta: El medidor se puede personalizar para acomodar el codificador o el m\u00e9todo de medici\u00f3n por inducci\u00f3n.<\/p>","protected":false},"excerpt":{"rendered":"<p>Principales caracter\u00edsticas y ventajas:<br \/>\n<strong>Estructura sencilla, duradera y resistente:<\/strong> Fabricado principalmente con metales (como aleaci\u00f3n de aluminio, hierro fundido), con engranajes mec\u00e1nicos precisos en su interior, sin componentes electr\u00f3nicos complejos. Tiene una gran resistencia a los impactos y las vibraciones, y no es propenso a sufrir da\u00f1os.<\/p>\n<p><strong>Alta fiabilidad, sin necesidad de fuente de alimentaci\u00f3n:<\/strong> Estructura mec\u00e1nica pura, no le afectan las interferencias electromagn\u00e9ticas, tampoco necesita pilas ni alimentaci\u00f3n externa. Puede funcionar de forma estable en cualquier entorno (h\u00famedo, polvoriento, al aire libre).<\/p>\n<p><strong>Bajo coste de mantenimiento:<\/strong> S\u00f3lo es necesario limpiar y lubricar con regularidad para un uso a largo plazo, con una tasa de fallos casi nula.<\/p>\n<p><strong>Lectura clara:<\/strong> La lectura de la esfera mec\u00e1nica es clara y comprensible, f\u00e1cilmente discernible de un vistazo.<\/p>","protected":false},"featured_media":32687,"template":"","meta":{"site-sidebar-layout":"default","site-content-layout":"default","ast-global-header-display":"","ast-banner-title-visibility":"","ast-main-header-display":"","ast-hfb-above-header-display":"","ast-hfb-below-header-display":"","ast-hfb-mobile-header-display":"","site-post-title":"","ast-breadcrumbs-content":"","ast-featured-img":"","footer-sml-layout":"","theme-transparent-header-meta":"default","adv-header-id-meta":"","stick-header-meta":"","header-above-stick-meta":"","header-main-stick-meta":"","header-below-stick-meta":""},"product_brand":[],"product_cat":[59],"product_tag":[],"class_list":{"0":"post-32686","1":"product","2":"type-product","3":"status-publish","4":"has-post-thumbnail","6":"product_cat-length-measuring-instrument","7":"desktop-align-left","8":"tablet-align-left","9":"mobile-align-left","11":"first","12":"instock","13":"shipping-taxable","14":"product-type-simple"},"yoast_head":"<!-- This site is optimized with the Yoast SEO Premium plugin v20.12 (Yoast SEO v26.0) - https:\/\/yoast.com\/wordpress\/plugins\/seo\/ -->\n<title>1-30mm Wire Length Measurement For Coiling And Packing Machine - QiPang<\/title>\n<meta name=\"robots\" content=\"index, follow, max-snippet:-1, max-image-preview:large, max-video-preview:-1\" \/>\n<link rel=\"canonical\" href=\"https:\/\/rollingringdrives.com\/es\/producto\/1-30mm-wire-length-measurement-for-coiling-and-packing-machine\/\" \/>\n<meta property=\"og:locale\" content=\"es_MX\" \/>\n<meta property=\"og:type\" content=\"article\" \/>\n<meta property=\"og:title\" content=\"1-30mm Wire Length Measurement For Coiling And Packing Machine\" \/>\n<meta property=\"og:description\" content=\"Main features and advantages: Simple structure, durable and sturdy: Mainly made of metals (such as aluminum alloy, cast iron), with precise mechanical gears inside, without complex electronic components. It has strong resistance to impact and vibration, and is not prone to damage.  High reliability, no need for power supply: Pure mechanical structure, not affected by electromagnetic interference, also does not require batteries or external power supply. It can work stably in any environment (wet, dusty, outdoors).  Low maintenance cost: Only need to clean and lubricate regularly for long-term use, with almost no failure rate.  Clear reading: The reading on the mechanical dial is clear and understandable, easily discernible at a glance.\" \/>\n<meta property=\"og:url\" content=\"https:\/\/rollingringdrives.com\/es\/producto\/1-30mm-wire-length-measurement-for-coiling-and-packing-machine\/\" \/>\n<meta property=\"og:site_name\" content=\"QiPang\" \/>\n<meta property=\"article:modified_time\" content=\"2025-11-01T03:22:09+00:00\" \/>\n<meta property=\"og:image\" content=\"https:\/\/rollingringdrives.com\/wp-content\/uploads\/2025\/11\/Cable-length-counter.png\" \/>\n\t<meta property=\"og:image:width\" content=\"681\" \/>\n\t<meta property=\"og:image:height\" content=\"580\" \/>\n\t<meta property=\"og:image:type\" content=\"image\/png\" \/>\n<meta name=\"twitter:card\" content=\"summary_large_image\" \/>\n<meta name=\"twitter:label1\" content=\"Tiempo de lectura\" \/>\n\t<meta name=\"twitter:data1\" content=\"2 minutos\" \/>\n<script type=\"application\/ld+json\" class=\"yoast-schema-graph\">{\"@context\":\"https:\/\/schema.org\",\"@graph\":[{\"@type\":\"WebPage\",\"@id\":\"https:\/\/rollingringdrives.com\/product\/1-30mm-wire-length-measurement-for-coiling-and-packing-machine\/\",\"url\":\"https:\/\/rollingringdrives.com\/product\/1-30mm-wire-length-measurement-for-coiling-and-packing-machine\/\",\"name\":\"1-30mm Wire Length Measurement For Coiling And Packing Machine - QiPang\",\"isPartOf\":{\"@id\":\"https:\/\/rollingringdrives.com\/#website\"},\"primaryImageOfPage\":{\"@id\":\"https:\/\/rollingringdrives.com\/product\/1-30mm-wire-length-measurement-for-coiling-and-packing-machine\/#primaryimage\"},\"image\":{\"@id\":\"https:\/\/rollingringdrives.com\/product\/1-30mm-wire-length-measurement-for-coiling-and-packing-machine\/#primaryimage\"},\"thumbnailUrl\":\"https:\/\/rollingringdrives.com\/wp-content\/uploads\/2025\/11\/Cable-length-counter.png\",\"datePublished\":\"2025-11-01T03:22:08+00:00\",\"dateModified\":\"2025-11-01T03:22:09+00:00\",\"breadcrumb\":{\"@id\":\"https:\/\/rollingringdrives.com\/product\/1-30mm-wire-length-measurement-for-coiling-and-packing-machine\/#breadcrumb\"},\"inLanguage\":\"es\",\"potentialAction\":[{\"@type\":\"ReadAction\",\"target\":[\"https:\/\/rollingringdrives.com\/product\/1-30mm-wire-length-measurement-for-coiling-and-packing-machine\/\"]}]},{\"@type\":\"ImageObject\",\"inLanguage\":\"es\",\"@id\":\"https:\/\/rollingringdrives.com\/product\/1-30mm-wire-length-measurement-for-coiling-and-packing-machine\/#primaryimage\",\"url\":\"https:\/\/rollingringdrives.com\/wp-content\/uploads\/2025\/11\/Cable-length-counter.png\",\"contentUrl\":\"https:\/\/rollingringdrives.com\/wp-content\/uploads\/2025\/11\/Cable-length-counter.png\",\"width\":681,\"height\":580,\"caption\":\"Cable length counter\"},{\"@type\":\"BreadcrumbList\",\"@id\":\"https:\/\/rollingringdrives.com\/product\/1-30mm-wire-length-measurement-for-coiling-and-packing-machine\/#breadcrumb\",\"itemListElement\":[{\"@type\":\"ListItem\",\"position\":1,\"name\":\"Home\",\"item\":\"https:\/\/rollingringdrives.com\/\"},{\"@type\":\"ListItem\",\"position\":2,\"name\":\"Machines\",\"item\":\"https:\/\/rollingringdrives.com\/machines\/\"},{\"@type\":\"ListItem\",\"position\":3,\"name\":\"1-30mm Wire Length Measurement For Coiling And Packing Machine\"}]},{\"@type\":\"WebSite\",\"@id\":\"https:\/\/rollingringdrives.com\/#website\",\"url\":\"https:\/\/rollingringdrives.com\/\",\"name\":\"QiPang\",\"description\":\"QiPang Blog\",\"publisher\":{\"@id\":\"https:\/\/rollingringdrives.com\/#organization\"},\"potentialAction\":[{\"@type\":\"SearchAction\",\"target\":{\"@type\":\"EntryPoint\",\"urlTemplate\":\"https:\/\/rollingringdrives.com\/?s={search_term_string}\"},\"query-input\":{\"@type\":\"PropertyValueSpecification\",\"valueRequired\":true,\"valueName\":\"search_term_string\"}}],\"inLanguage\":\"es\"},{\"@type\":\"Organization\",\"@id\":\"https:\/\/rollingringdrives.com\/#organization\",\"name\":\"QiPang\",\"url\":\"https:\/\/rollingringdrives.com\/\",\"logo\":{\"@type\":\"ImageObject\",\"inLanguage\":\"es\",\"@id\":\"https:\/\/rollingringdrives.com\/#\/schema\/logo\/image\/\",\"url\":\"https:\/\/rollingringdrives.com\/wp-content\/uploads\/2023\/05\/cropped-\u672a\u547d\u540d\u7684\u8bbe\u8ba1.png\",\"contentUrl\":\"https:\/\/rollingringdrives.com\/wp-content\/uploads\/2023\/05\/cropped-\u672a\u547d\u540d\u7684\u8bbe\u8ba1.png\",\"width\":300,\"height\":191,\"caption\":\"QiPang\"},\"image\":{\"@id\":\"https:\/\/rollingringdrives.com\/#\/schema\/logo\/image\/\"}}]}<\/script>\n<!-- \/ Yoast SEO Premium plugin. -->","yoast_head_json":{"title":"1-30mm Medici\u00f3n de la longitud del alambre para el bobinado y embalaje de la m\u00e1quina - QiPang","robots":{"index":"index","follow":"follow","max-snippet":"max-snippet:-1","max-image-preview":"max-image-preview:large","max-video-preview":"max-video-preview:-1"},"canonical":"https:\/\/rollingringdrives.com\/es\/producto\/1-30mm-wire-length-measurement-for-coiling-and-packing-machine\/","og_locale":"es_MX","og_type":"article","og_title":"1-30mm Wire Length Measurement For Coiling And Packing Machine","og_description":"Main features and advantages: Simple structure, durable and sturdy: Mainly made of metals (such as aluminum alloy, cast iron), with precise mechanical gears inside, without complex electronic components. It has strong resistance to impact and vibration, and is not prone to damage.  High reliability, no need for power supply: Pure mechanical structure, not affected by electromagnetic interference, also does not require batteries or external power supply. It can work stably in any environment (wet, dusty, outdoors).  Low maintenance cost: Only need to clean and lubricate regularly for long-term use, with almost no failure rate.  Clear reading: The reading on the mechanical dial is clear and understandable, easily discernible at a glance.","og_url":"https:\/\/rollingringdrives.com\/es\/producto\/1-30mm-wire-length-measurement-for-coiling-and-packing-machine\/","og_site_name":"QiPang","article_modified_time":"2025-11-01T03:22:09+00:00","og_image":[{"width":681,"height":580,"url":"https:\/\/rollingringdrives.com\/wp-content\/uploads\/2025\/11\/Cable-length-counter.png","type":"image\/png"}],"twitter_card":"summary_large_image","twitter_misc":{"Tiempo de lectura":"2 minutos"},"schema":{"@context":"https:\/\/schema.org","@graph":[{"@type":"WebPage","@id":"https:\/\/rollingringdrives.com\/product\/1-30mm-wire-length-measurement-for-coiling-and-packing-machine\/","url":"https:\/\/rollingringdrives.com\/product\/1-30mm-wire-length-measurement-for-coiling-and-packing-machine\/","name":"1-30mm Medici\u00f3n de la longitud del alambre para el bobinado y embalaje de la m\u00e1quina - QiPang","isPartOf":{"@id":"https:\/\/rollingringdrives.com\/#website"},"primaryImageOfPage":{"@id":"https:\/\/rollingringdrives.com\/product\/1-30mm-wire-length-measurement-for-coiling-and-packing-machine\/#primaryimage"},"image":{"@id":"https:\/\/rollingringdrives.com\/product\/1-30mm-wire-length-measurement-for-coiling-and-packing-machine\/#primaryimage"},"thumbnailUrl":"https:\/\/rollingringdrives.com\/wp-content\/uploads\/2025\/11\/Cable-length-counter.png","datePublished":"2025-11-01T03:22:08+00:00","dateModified":"2025-11-01T03:22:09+00:00","breadcrumb":{"@id":"https:\/\/rollingringdrives.com\/product\/1-30mm-wire-length-measurement-for-coiling-and-packing-machine\/#breadcrumb"},"inLanguage":"es","potentialAction":[{"@type":"ReadAction","target":["https:\/\/rollingringdrives.com\/product\/1-30mm-wire-length-measurement-for-coiling-and-packing-machine\/"]}]},{"@type":"ImageObject","inLanguage":"es","@id":"https:\/\/rollingringdrives.com\/product\/1-30mm-wire-length-measurement-for-coiling-and-packing-machine\/#primaryimage","url":"https:\/\/rollingringdrives.com\/wp-content\/uploads\/2025\/11\/Cable-length-counter.png","contentUrl":"https:\/\/rollingringdrives.com\/wp-content\/uploads\/2025\/11\/Cable-length-counter.png","width":681,"height":580,"caption":"Cable length counter"},{"@type":"BreadcrumbList","@id":"https:\/\/rollingringdrives.com\/product\/1-30mm-wire-length-measurement-for-coiling-and-packing-machine\/#breadcrumb","itemListElement":[{"@type":"ListItem","position":1,"name":"Home","item":"https:\/\/rollingringdrives.com\/"},{"@type":"ListItem","position":2,"name":"Machines","item":"https:\/\/rollingringdrives.com\/machines\/"},{"@type":"ListItem","position":3,"name":"1-30mm Wire Length Measurement For Coiling And Packing Machine"}]},{"@type":"WebSite","@id":"https:\/\/rollingringdrives.com\/#website","url":"https:\/\/rollingringdrives.com\/","name":"Qi Pang","description":"Blog QiPang","publisher":{"@id":"https:\/\/rollingringdrives.com\/#organization"},"potentialAction":[{"@type":"SearchAction","target":{"@type":"EntryPoint","urlTemplate":"https:\/\/rollingringdrives.com\/?s={search_term_string}"},"query-input":{"@type":"PropertyValueSpecification","valueRequired":true,"valueName":"search_term_string"}}],"inLanguage":"es"},{"@type":"Organization","@id":"https:\/\/rollingringdrives.com\/#organization","name":"Qi Pang","url":"https:\/\/rollingringdrives.com\/","logo":{"@type":"ImageObject","inLanguage":"es","@id":"https:\/\/rollingringdrives.com\/#\/schema\/logo\/image\/","url":"https:\/\/rollingringdrives.com\/wp-content\/uploads\/2023\/05\/cropped-\u672a\u547d\u540d\u7684\u8bbe\u8ba1.png","contentUrl":"https:\/\/rollingringdrives.com\/wp-content\/uploads\/2023\/05\/cropped-\u672a\u547d\u540d\u7684\u8bbe\u8ba1.png","width":300,"height":191,"caption":"QiPang"},"image":{"@id":"https:\/\/rollingringdrives.com\/#\/schema\/logo\/image\/"}}]}},"_links":{"self":[{"href":"https:\/\/rollingringdrives.com\/es\/wp-json\/wp\/v2\/product\/32686","targetHints":{"allow":["GET"]}}],"collection":[{"href":"https:\/\/rollingringdrives.com\/es\/wp-json\/wp\/v2\/product"}],"about":[{"href":"https:\/\/rollingringdrives.com\/es\/wp-json\/wp\/v2\/types\/product"}],"version-history":[{"count":0,"href":"https:\/\/rollingringdrives.com\/es\/wp-json\/wp\/v2\/product\/32686\/revisions"}],"wp:featuredmedia":[{"embeddable":true,"href":"https:\/\/rollingringdrives.com\/es\/wp-json\/wp\/v2\/media\/32687"}],"wp:attachment":[{"href":"https:\/\/rollingringdrives.com\/es\/wp-json\/wp\/v2\/media?parent=32686"}],"wp:term":[{"taxonomy":"product_brand","embeddable":true,"href":"https:\/\/rollingringdrives.com\/es\/wp-json\/wp\/v2\/product_brand?post=32686"},{"taxonomy":"product_cat","embeddable":true,"href":"https:\/\/rollingringdrives.com\/es\/wp-json\/wp\/v2\/product_cat?post=32686"},{"taxonomy":"product_tag","embeddable":true,"href":"https:\/\/rollingringdrives.com\/es\/wp-json\/wp\/v2\/product_tag?post=32686"}],"curies":[{"name":"wp","href":"https:\/\/api.w.org\/{rel}","templated":true}]}}