{"id":32690,"date":"2025-11-29T06:12:03","date_gmt":"2025-11-29T06:12:03","guid":{"rendered":"https:\/\/rollingringdrives.com\/?post_type=product&#038;p=32690"},"modified":"2025-12-25T10:59:53","modified_gmt":"2025-12-25T10:59:53","slug":"240mm-inner-diameetr-cable-winding-machine-for-cable-warehouse","status":"publish","type":"product","link":"https:\/\/rollingringdrives.com\/es\/producto\/240mm-inner-diameetr-cable-winding-machine-for-cable-warehouse\/","title":{"rendered":"M\u00e1quina manual de medici\u00f3n y enrollado de cables de almac\u00e9n"},"content":{"rendered":"<p>Shanghai Qipang es una empresa l\u00edder especializada en la investigaci\u00f3n, el dise\u00f1o, la fabricaci\u00f3n y la venta de <strong>equipos de rebobinado de alambres y cables<\/strong>. Nuestra <strong>m\u00e1quina de medici\u00f3n y enrollado de almac\u00e9n de cables<\/strong>\u00a0est\u00e1 dise\u00f1ado espec\u00edficamente para enrollar de forma eficiente materiales como alambres, cables, hilos de cobre, tiras planas, cuerdas, etc. en bobinas huecas ordenadas. Esto reduce significativamente el volumen de transporte, disminuye los costes log\u00edsticos y aumenta el valor global del producto. Duradera y f\u00e1cil de manejar, es un activo indispensable para su moderna l\u00ednea de producci\u00f3n.<\/p>\n<p>Agilice su l\u00ednea de producci\u00f3n con nuestra tecnolog\u00eda punta<strong> enrolladora de almac\u00e9n de cables<\/strong>dise\u00f1ada por expertos para transformar materiales largos como cables, alambres, cuerdas y mangueras en bobinas huecas perfectamente uniformes. Esta m\u00e1quina es la soluci\u00f3n definitiva para los fabricantes que buscan aumentar la eficacia del envasado, mejorar la presentaci\u00f3n del producto y simplificar el almacenamiento y el transporte.<\/p>\n<h2><strong>Cable<\/strong> W<strong>arehouse <\/strong>Par\u00e1metros de la bobinadora<\/h2>\n<div id=\"footable_parent_32723\"\n         class=\"footable_parent ninja_table_wrapper loading_ninja_table wp_table_data_press_parent semantic_ui\">\n                <table data-ninja_table_instance=\"ninja_table_instance_0\" data-footable_id=\"32723\" data-filter-delay=\"1000\" aria-label=\"par\u00e1metro m\u00e1quina bobina.csv\"            id=\"footable_32723\"\n           data-unique_identifier=\"ninja_table_unique_id_1643755453_32723\"\n           class=\"foo-table ninja_footable foo_table_32723 ninja_table_unique_id_1643755453_32723 ui table  ninja_search_right nt_type_legacy_table selectable striped vertical_centered  footable-paging-right ninja_table_pro\">\n                <colgroup>\n                            <col class=\"ninja_column_0\">\n                            <col class=\"ninja_column_1\">\n                            <col class=\"ninja_column_2\">\n                            <col class=\"ninja_column_3\">\n                            <col class=\"ninja_column_4\">\n                    <\/colgroup>\n        <thead>\n<tr class=\"footable-header\">\n                                                                                        <th scope=\"col\"  class=\"ninja_column_0 ninja_clmn_nm_model\">modelo<\/th><th scope=\"col\"  class=\"ninja_column_1 ninja_clmn_nm_qp6m\">QP-600M<\/th><th scope=\"col\"  class=\"ninja_column_2 ninja_clmn_nm_qp9m\">QP-900M<\/th><th scope=\"col\"  class=\"ninja_column_3 ninja_clmn_nm_qpa6\">QPA-600<\/th><th scope=\"col\"  class=\"ninja_column_4 ninja_clmn_nm_qpa9\">QPA-900<\/th><\/tr>\n<\/thead>\n<tbody>\n\n        <tr data-row_id=\"2095\" class=\"ninja_table_row_0 nt_row_id_2095\">\n            <td>Di\u00e1metro del cable<\/td><td>3-50MM<\/td><td>3-50MM<\/td><td>3-60 mm<\/td><td>3-60 mm<\/td>        <\/tr>\n            <tr data-row_id=\"2096\" class=\"ninja_table_row_1 nt_row_id_2096\">\n            <td>Carga m\u00e1xima<\/td><td>200kg<\/td><td>200kg<\/td><td>200kg<\/td><td>200kg<\/td>        <\/tr>\n            <tr data-row_id=\"2097\" class=\"ninja_table_row_2 nt_row_id_2097\">\n            <td>Tama\u00f1o de la bobina (mm)<\/td><td>Id:245mm OD:600mm anchura:50-200mm<\/td><td>Id:245mmOD:900mm width:100-400mm<\/td><td>Id:245mm OD:600mm anchura:50-200mm<\/td><td>Id:245mmOD:900mm width:100-400mm<\/td>        <\/tr>\n            <tr data-row_id=\"2098\" class=\"ninja_table_row_3 nt_row_id_2098\">\n            <td>Tama\u00f1o de la bobina (pulgadas)<\/td><td>Id:9.65\"OD:23.62\" width:1.97\"-7.87\"<\/td><td>Id:9.65\"OD:35.43\" width:3.94-15.75\"<\/td><td>Id:9.65\"OD:23.62\" width:1.97-7.87\"<\/td><td>Id:9.65\"OD:35.43\" width:3.94-15.75\"<\/td>        <\/tr>\n            <tr data-row_id=\"2099\" class=\"ninja_table_row_4 nt_row_id_2099\">\n            <td>Motor<\/td><td>2,2 kW<\/td><td>2,2 kW<\/td><td>2,2 kW<\/td><td>2,2 kW<\/td>        <\/tr>\n            <tr data-row_id=\"2100\" class=\"ninja_table_row_5 nt_row_id_2100\">\n            <td>Modelo de cableado<\/td><td>Cableado manual<\/td><td>Cableado manual<\/td><td>Cableado de la unidad transversal<\/td><td>Cableado de la unidad transversal<\/td>        <\/tr>\n            <tr data-row_id=\"2101\" class=\"ninja_table_row_6 nt_row_id_2101\">\n            <td>freno<\/td><td>Freno de embrague de muelle<\/td><td>Freno de embrague de muelle<\/td><td>Freno de embrague de muelle<\/td><td>Freno de embrague de muelle<\/td>        <\/tr>\n            <tr data-row_id=\"2102\" class=\"ninja_table_row_7 nt_row_id_2102\">\n            <td>ventaja<\/td><td>Con interruptor de pedal<\/td><td>Con interruptor de pedal<\/td><td>Con interruptor de pedal, control de velocidad de frecuencia variable<\/td><td>Con interruptor de pedal, control de velocidad de frecuencia variable<\/td>        <\/tr>\n            <tr data-row_id=\"2103\" class=\"ninja_table_row_8 nt_row_id_2103\">\n            <td>Fuente de alimentaci\u00f3n<\/td><td>380V\/220v trif\u00e1sico 50hz<\/td><td>380V\/220v trif\u00e1sico 50hz<\/td><td>380V\/220v trif\u00e1sico 50hz<\/td><td>380V\/220v trif\u00e1sico 50hz<\/td>        <\/tr>\n            <tr data-row_id=\"2104\" class=\"ninja_table_row_9 nt_row_id_2104\">\n            <td>Opcional<\/td><td>ruedas m\u00f3viles<\/td><td>ruedas m\u00f3viles<\/td><td>1.Ruedas m\u00f3viles 2.Funci\u00f3n contador de metros<\/td><td>1.Ruedas m\u00f3viles 2.Funci\u00f3n contador de metros<\/td>        <\/tr>\n    <\/tbody><!--ninja_tobody_rendering_done-->\n    <\/table>\n    \n    \n    \n<\/div>\n\n<h2><strong>\u00bfPor qu\u00e9 elegir nuestra enrolladora?<\/strong><\/h2>\n<p>Invertir en nuestra enrolladora significa invertir en eficacia, calidad y profesionalidad. No s\u00f3lo acelera su proceso de envasado, sino que tambi\u00e9n protege sus productos de enredos y da\u00f1os, ahorr\u00e1ndole tiempo y reduciendo el desperdicio de material. Entregue a sus clientes productos perfectamente enrollados, mejorando la reputaci\u00f3n de calidad de su marca.<\/p>\n<div class=\"ast-oembed-container\" style=\"height: 100%;\"><iframe title=\"C\u00f3mo utilizar nuestra bobinadora\" width=\"422\" height=\"750\" src=\"https:\/\/www.youtube.com\/embed\/3N413sEvshY?feature=oembed\" frameborder=\"0\" allow=\"accelerometer; autoplay; clipboard-write; encrypted-media; gyroscope; picture-in-picture; web-share\" referrerpolicy=\"strict-origin-when-cross-origin\" allowfullscreen><\/iframe><\/div>\n<h2><strong>Cable<\/strong> W<strong>arehouse <\/strong>Preguntas frecuentes sobre el bobinado<\/h2>\n<div class=\"xiaoshujiang_element xsj_anchor\"><a class=\"blank_anchor_name\" name=\"120what20is20the20weight20capacity20of20the20anti-slip20device20at20the20top20of20the20machine_3\"><\/a><a id=\"120what20is20the20weight20capacity20of20the20anti-slip20device20at20the20top20of20the20machine_3\" class=\"blank_anchor_id\"><\/a><a class=\"blank_anchor_name\" name=\"1-what-is-the-weight-capacity-of-the-anti-slip-device-at-the-top-of-the-machine\"><\/a><a id=\"1-what-is-the-weight-capacity-of-the-anti-slip-device-at-the-top-of-the-machine\" class=\"blank_anchor_id\"><\/a><\/div>\n<h4 class=\"xsj_heading_hash xsj_heading xsj_heading_h4 eael-heading-content\" data-source-line=\"8\" data-source-line-display=\"true\"><span class=\"xsj_heading_content\">1. \u00bfCu\u00e1l es la capacidad de peso de\u00a0<\/span><strong>Cable<\/strong> W<strong>arehouse <\/strong>Bobinado de bobinas<span class=\"xsj_heading_content\">?<\/span><\/h4>\n<p class=\"xsj_paragraph xsj_paragraph_level_0\" data-source-line=\"10\" data-source-line-display=\"true\">La bobinadora de alambre puede soportar hasta 200 kg.<\/p>\n<div class=\"xiaoshujiang_element xsj_anchor\"><a class=\"blank_anchor_name\" name=\"220what20is20the20adjustable20speed20of20the20machine_4\"><\/a><a id=\"220what20is20the20adjustable20speed20of20the20machine_4\" class=\"blank_anchor_id\"><\/a><a class=\"blank_anchor_name\" name=\"2-what-is-the-adjustable-speed-of-the-machine\"><\/a><a id=\"2-what-is-the-adjustable-speed-of-the-machine\" class=\"blank_anchor_id\"><\/a><\/div>\n<h4 class=\"xsj_heading_hash xsj_heading xsj_heading_h4 eael-heading-content\" data-source-line=\"12\" data-source-line-display=\"true\"><span class=\"xsj_heading_content\">2. Puede <\/span><strong>Cable<\/strong> W<strong>arehouse <\/strong>Bobinado de bobinas <span class=\"xsj_heading_content\">\u00bfAjustar el tama\u00f1o y el peso de la bobina?<\/span><\/h4>\n<p class=\"xsj_paragraph xsj_paragraph_level_0\" data-source-line=\"14\" data-source-line-display=\"true\">S\u00ed, sin duda es posible. El di\u00e1metro, la anchura y la densidad del alambre de las bobinas de la m\u00e1quina pueden ajustarse con flexibilidad en funci\u00f3n de sus necesidades de producci\u00f3n. Tanto si se trata de una peque\u00f1a bobina como de un gran rollo industrial, puede conseguirse f\u00e1cilmente.<\/p>\n<div class=\"xiaoshujiang_element xsj_anchor\"><a class=\"blank_anchor_name\" name=\"320what20kind20of20industries20can20use20this20machine_5\"><\/a><a id=\"320what20kind20of20industries20can20use20this20machine_5\" class=\"blank_anchor_id\"><\/a><a class=\"blank_anchor_name\" name=\"3-what-kind-of-industries-can-use-this-machine\"><\/a><a id=\"3-what-kind-of-industries-can-use-this-machine\" class=\"blank_anchor_id\"><\/a><\/div>\n<h4 id=\"4-eael-table-of-content\" class=\"xsj_heading_hash xsj_heading xsj_heading_h4 eael-heading-content\" data-source-line=\"16\" data-source-line-display=\"true\"><span class=\"xsj_heading_content\">3.\u00bfPueden ofrecer servicios personalizados?<\/span><\/h4>\n<h4 class=\"xsj_heading_hash xsj_heading xsj_heading_h4 eael-heading-content\" data-source-line=\"16\" data-source-line-display=\"true\"><\/h4>\n<p>Por supuesto que s\u00ed. Somos muy conscientes de que la l\u00ednea de producci\u00f3n de cada cliente tiene su propia singularidad. Podemos ofrecerle soluciones personalizadas en funci\u00f3n de sus requisitos espec\u00edficos, como las propiedades de los materiales, las limitaciones del emplazamiento, los requisitos de automatizaci\u00f3n, etc.<\/p>\n<div class=\"xiaoshujiang_element xsj_anchor\"><a class=\"blank_anchor_name\" name=\"420does20the20machine20come20with20a20power20distribution20cabinet_6\"><\/a><a id=\"420does20the20machine20come20with20a20power20distribution20cabinet_6\" class=\"blank_anchor_id\"><\/a><a class=\"blank_anchor_name\" name=\"4-does-the-machine-come-with-a-power-distribution-cabinet\"><\/a><a id=\"4-does-the-machine-come-with-a-power-distribution-cabinet\" class=\"blank_anchor_id\"><\/a><\/div>\n<h4 id=\"5-eael-table-of-content\" class=\"xsj_heading_hash xsj_heading xsj_heading_h4 eael-heading-content\" data-source-line=\"20\" data-source-line-display=\"true\"><span class=\"xsj_heading_content\">4. Si la m\u00e1quina se aver\u00eda, \u00bfqu\u00e9 tipo de asistencia t\u00e9cnica ofrecen?<\/span><\/h4>\n<p class=\"xsj_paragraph xsj_paragraph_level_0\" data-source-line=\"22\" data-source-line-display=\"true\">Ofrecemos servicios integrales de asistencia t\u00e9cnica. En primer lugar, podemos realizar diagn\u00f3sticos y orientaci\u00f3n a distancia mediante videollamadas. Si el problema no puede resolverse a distancia, nos encargaremos de que los ingenieros presten servicio in situ (hay que negociar las condiciones concretas).<\/p>\n<div class=\"xiaoshujiang_element xsj_anchor\"><a class=\"blank_anchor_name\" name=\"520are20there20any20additional20features20i20can20add20to20the20machine_7\"><\/a><a id=\"520are20there20any20additional20features20i20can20add20to20the20machine_7\" class=\"blank_anchor_id\"><\/a><a class=\"blank_anchor_name\" name=\"5-are-there-any-additional-features-i-can-add-to-the-machine\"><\/a><a id=\"5-are-there-any-additional-features-i-can-add-to-the-machine\" class=\"blank_anchor_id\"><\/a><\/div>\n<h4 id=\"6-eael-table-of-content\" class=\"xsj_heading_hash xsj_heading xsj_heading_h4 eael-heading-content\" data-source-line=\"24\" data-source-line-display=\"true\"><span class=\"xsj_heading_content\">5. \u00bfExisten funciones adicionales que pueda a\u00f1adir a la m\u00e1quina?<\/span><\/h4>\n<p class=\"xsj_paragraph xsj_paragraph_level_0\" data-source-line=\"26\" data-source-line-display=\"true\">S\u00ed, puede agregar un contador de medidores para configurar el n\u00famero de medidores para detener y alarmar y un dispositivo de tensi\u00f3n de polvo magn\u00e9tico para que coincida con la l\u00ednea de producci\u00f3n, asegurando una velocidad constante y evitando la tensi\u00f3n del cable.<\/p>\n<p>.<\/p>","protected":false},"excerpt":{"rendered":"<p><strong>Ventajas e importancia<\/strong><\/p>\n<ul>\n<li><strong>Cabezal de bobina de cable<\/strong>.lt utiliza un principio tensor, lo que facilita la extracci\u00f3n de la bobina hueca.<\/li>\n<li><strong>Interruptor de pedal.<\/strong> controla el arranque y la parada de la m\u00e1quina, lo que facilita su manejo.<\/li>\n<li><strong>Armario el\u00e9ctrico<\/strong>. Tiene un convertidor de frecuencia y la velocidad es ajustable.<\/li>\n<li><strong>Ahorro de costes:<\/strong>\u00a0Reduce los costes de mano de obra, mientras que el dise\u00f1o de bobina hueca tambi\u00e9n ahorra material de bobinado.<\/li>\n<li><strong>Mejora del entorno de trabajo:<\/strong>\u00a0Sustituye al trabajo manual repetitivo y de alta intensidad, reduciendo el esfuerzo f\u00edsico de los trabajadores.<\/li>\n<\/ul>","protected":false},"featured_media":32693,"template":"","meta":{"site-sidebar-layout":"default","site-content-layout":"default","ast-global-header-display":"","ast-banner-title-visibility":"","ast-main-header-display":"","ast-hfb-above-header-display":"","ast-hfb-below-header-display":"","ast-hfb-mobile-header-display":"","site-post-title":"","ast-breadcrumbs-content":"","ast-featured-img":"","footer-sml-layout":"","theme-transparent-header-meta":"default","adv-header-id-meta":"","stick-header-meta":"","header-above-stick-meta":"","header-main-stick-meta":"","header-below-stick-meta":""},"product_brand":[],"product_cat":[136,137],"product_tag":[],"class_list":{"0":"post-32690","1":"product","2":"type-product","3":"status-publish","4":"has-post-thumbnail","6":"product_cat-coiling-machine","7":"product_cat-coiling-and-reeling-machine","8":"desktop-align-left","9":"tablet-align-left","10":"mobile-align-left","12":"first","13":"instock","14":"shipping-taxable","15":"product-type-simple"},"yoast_head":"<!-- This site is optimized with the Yoast SEO Premium plugin v20.12 (Yoast SEO v26.0) - https:\/\/yoast.com\/wordpress\/plugins\/seo\/ -->\n<title>Manual Cable Warehouse Measuring and Coiling Machine - QiPang<\/title>\n<meta name=\"robots\" content=\"index, follow, max-snippet:-1, max-image-preview:large, max-video-preview:-1\" \/>\n<link rel=\"canonical\" href=\"https:\/\/rollingringdrives.com\/es\/producto\/240mm-inner-diameetr-cable-winding-machine-for-cable-warehouse\/\" \/>\n<meta property=\"og:locale\" content=\"es_MX\" \/>\n<meta property=\"og:type\" content=\"article\" \/>\n<meta property=\"og:title\" content=\"Manual Cable Warehouse Measuring and Coiling Machine\" \/>\n<meta property=\"og:description\" content=\"Advantages and Importance   Cable coil head.lt uses a tensioning principle,making it easy to remove the hollow coil.  Foot switch. it controls the start and stop of the machine,making it easy to operate.  Electrical cabinet. It has a frequency converterand the speed is adjustable.  Cost Savings:\u00a0It reduces labor costs, while the hollow coil design also saves on reel material.  Improved Working Environment:\u00a0It replaces repetitive, high-intensity manual labor, lowering the physical strain on workers.\" \/>\n<meta property=\"og:url\" content=\"https:\/\/rollingringdrives.com\/es\/producto\/240mm-inner-diameetr-cable-winding-machine-for-cable-warehouse\/\" \/>\n<meta property=\"og:site_name\" content=\"QiPang\" \/>\n<meta property=\"article:modified_time\" content=\"2025-12-25T10:59:53+00:00\" \/>\n<meta property=\"og:image\" content=\"https:\/\/rollingringdrives.com\/wp-content\/uploads\/2025\/11\/cable-coiling-machine-7.jpg\" \/>\n\t<meta property=\"og:image:width\" content=\"1000\" \/>\n\t<meta property=\"og:image:height\" content=\"1000\" \/>\n\t<meta property=\"og:image:type\" content=\"image\/jpeg\" \/>\n<meta name=\"twitter:card\" content=\"summary_large_image\" \/>\n<meta name=\"twitter:label1\" content=\"Tiempo de lectura\" \/>\n\t<meta name=\"twitter:data1\" content=\"3 minutos\" \/>\n<script type=\"application\/ld+json\" class=\"yoast-schema-graph\">{\"@context\":\"https:\/\/schema.org\",\"@graph\":[{\"@type\":\"WebPage\",\"@id\":\"https:\/\/rollingringdrives.com\/product\/240mm-inner-diameetr-cable-winding-machine-for-cable-warehouse\/\",\"url\":\"https:\/\/rollingringdrives.com\/product\/240mm-inner-diameetr-cable-winding-machine-for-cable-warehouse\/\",\"name\":\"Manual Cable Warehouse Measuring and Coiling Machine - QiPang\",\"isPartOf\":{\"@id\":\"https:\/\/rollingringdrives.com\/#website\"},\"primaryImageOfPage\":{\"@id\":\"https:\/\/rollingringdrives.com\/product\/240mm-inner-diameetr-cable-winding-machine-for-cable-warehouse\/#primaryimage\"},\"image\":{\"@id\":\"https:\/\/rollingringdrives.com\/product\/240mm-inner-diameetr-cable-winding-machine-for-cable-warehouse\/#primaryimage\"},\"thumbnailUrl\":\"https:\/\/rollingringdrives.com\/wp-content\/uploads\/2025\/11\/cable-coiling-machine-7.jpg\",\"datePublished\":\"2025-11-29T06:12:03+00:00\",\"dateModified\":\"2025-12-25T10:59:53+00:00\",\"breadcrumb\":{\"@id\":\"https:\/\/rollingringdrives.com\/product\/240mm-inner-diameetr-cable-winding-machine-for-cable-warehouse\/#breadcrumb\"},\"inLanguage\":\"es\",\"potentialAction\":[{\"@type\":\"ReadAction\",\"target\":[\"https:\/\/rollingringdrives.com\/product\/240mm-inner-diameetr-cable-winding-machine-for-cable-warehouse\/\"]}]},{\"@type\":\"ImageObject\",\"inLanguage\":\"es\",\"@id\":\"https:\/\/rollingringdrives.com\/product\/240mm-inner-diameetr-cable-winding-machine-for-cable-warehouse\/#primaryimage\",\"url\":\"https:\/\/rollingringdrives.com\/wp-content\/uploads\/2025\/11\/cable-coiling-machine-7.jpg\",\"contentUrl\":\"https:\/\/rollingringdrives.com\/wp-content\/uploads\/2025\/11\/cable-coiling-machine-7.jpg\",\"width\":1000,\"height\":1000,\"caption\":\"Cable Warehouse Measuring and Coiling Machine\"},{\"@type\":\"BreadcrumbList\",\"@id\":\"https:\/\/rollingringdrives.com\/product\/240mm-inner-diameetr-cable-winding-machine-for-cable-warehouse\/#breadcrumb\",\"itemListElement\":[{\"@type\":\"ListItem\",\"position\":1,\"name\":\"Home\",\"item\":\"https:\/\/rollingringdrives.com\/\"},{\"@type\":\"ListItem\",\"position\":2,\"name\":\"Machines\",\"item\":\"https:\/\/rollingringdrives.com\/machines\/\"},{\"@type\":\"ListItem\",\"position\":3,\"name\":\"Manual Cable Warehouse Measuring and Coiling Machine\"}]},{\"@type\":\"WebSite\",\"@id\":\"https:\/\/rollingringdrives.com\/#website\",\"url\":\"https:\/\/rollingringdrives.com\/\",\"name\":\"QiPang\",\"description\":\"QiPang Blog\",\"publisher\":{\"@id\":\"https:\/\/rollingringdrives.com\/#organization\"},\"potentialAction\":[{\"@type\":\"SearchAction\",\"target\":{\"@type\":\"EntryPoint\",\"urlTemplate\":\"https:\/\/rollingringdrives.com\/?s={search_term_string}\"},\"query-input\":{\"@type\":\"PropertyValueSpecification\",\"valueRequired\":true,\"valueName\":\"search_term_string\"}}],\"inLanguage\":\"es\"},{\"@type\":\"Organization\",\"@id\":\"https:\/\/rollingringdrives.com\/#organization\",\"name\":\"QiPang\",\"url\":\"https:\/\/rollingringdrives.com\/\",\"logo\":{\"@type\":\"ImageObject\",\"inLanguage\":\"es\",\"@id\":\"https:\/\/rollingringdrives.com\/#\/schema\/logo\/image\/\",\"url\":\"https:\/\/rollingringdrives.com\/wp-content\/uploads\/2023\/05\/cropped-\u672a\u547d\u540d\u7684\u8bbe\u8ba1.png\",\"contentUrl\":\"https:\/\/rollingringdrives.com\/wp-content\/uploads\/2023\/05\/cropped-\u672a\u547d\u540d\u7684\u8bbe\u8ba1.png\",\"width\":300,\"height\":191,\"caption\":\"QiPang\"},\"image\":{\"@id\":\"https:\/\/rollingringdrives.com\/#\/schema\/logo\/image\/\"}}]}<\/script>\n<!-- \/ Yoast SEO Premium plugin. -->","yoast_head_json":{"title":"M\u00e1quina manual de medici\u00f3n y enrollado de almac\u00e9n de cables - QiPang","robots":{"index":"index","follow":"follow","max-snippet":"max-snippet:-1","max-image-preview":"max-image-preview:large","max-video-preview":"max-video-preview:-1"},"canonical":"https:\/\/rollingringdrives.com\/es\/producto\/240mm-inner-diameetr-cable-winding-machine-for-cable-warehouse\/","og_locale":"es_MX","og_type":"article","og_title":"Manual Cable Warehouse Measuring and Coiling Machine","og_description":"Advantages and Importance   Cable coil head.lt uses a tensioning principle,making it easy to remove the hollow coil.  Foot switch. it controls the start and stop of the machine,making it easy to operate.  Electrical cabinet. It has a frequency converterand the speed is adjustable.  Cost Savings:\u00a0It reduces labor costs, while the hollow coil design also saves on reel material.  Improved Working Environment:\u00a0It replaces repetitive, high-intensity manual labor, lowering the physical strain on workers.","og_url":"https:\/\/rollingringdrives.com\/es\/producto\/240mm-inner-diameetr-cable-winding-machine-for-cable-warehouse\/","og_site_name":"QiPang","article_modified_time":"2025-12-25T10:59:53+00:00","og_image":[{"width":1000,"height":1000,"url":"https:\/\/rollingringdrives.com\/wp-content\/uploads\/2025\/11\/cable-coiling-machine-7.jpg","type":"image\/jpeg"}],"twitter_card":"summary_large_image","twitter_misc":{"Tiempo de lectura":"3 minutos"},"schema":{"@context":"https:\/\/schema.org","@graph":[{"@type":"WebPage","@id":"https:\/\/rollingringdrives.com\/product\/240mm-inner-diameetr-cable-winding-machine-for-cable-warehouse\/","url":"https:\/\/rollingringdrives.com\/product\/240mm-inner-diameetr-cable-winding-machine-for-cable-warehouse\/","name":"M\u00e1quina manual de medici\u00f3n y enrollado de almac\u00e9n de cables - QiPang","isPartOf":{"@id":"https:\/\/rollingringdrives.com\/#website"},"primaryImageOfPage":{"@id":"https:\/\/rollingringdrives.com\/product\/240mm-inner-diameetr-cable-winding-machine-for-cable-warehouse\/#primaryimage"},"image":{"@id":"https:\/\/rollingringdrives.com\/product\/240mm-inner-diameetr-cable-winding-machine-for-cable-warehouse\/#primaryimage"},"thumbnailUrl":"https:\/\/rollingringdrives.com\/wp-content\/uploads\/2025\/11\/cable-coiling-machine-7.jpg","datePublished":"2025-11-29T06:12:03+00:00","dateModified":"2025-12-25T10:59:53+00:00","breadcrumb":{"@id":"https:\/\/rollingringdrives.com\/product\/240mm-inner-diameetr-cable-winding-machine-for-cable-warehouse\/#breadcrumb"},"inLanguage":"es","potentialAction":[{"@type":"ReadAction","target":["https:\/\/rollingringdrives.com\/product\/240mm-inner-diameetr-cable-winding-machine-for-cable-warehouse\/"]}]},{"@type":"ImageObject","inLanguage":"es","@id":"https:\/\/rollingringdrives.com\/product\/240mm-inner-diameetr-cable-winding-machine-for-cable-warehouse\/#primaryimage","url":"https:\/\/rollingringdrives.com\/wp-content\/uploads\/2025\/11\/cable-coiling-machine-7.jpg","contentUrl":"https:\/\/rollingringdrives.com\/wp-content\/uploads\/2025\/11\/cable-coiling-machine-7.jpg","width":1000,"height":1000,"caption":"Cable Warehouse Measuring and Coiling Machine"},{"@type":"BreadcrumbList","@id":"https:\/\/rollingringdrives.com\/product\/240mm-inner-diameetr-cable-winding-machine-for-cable-warehouse\/#breadcrumb","itemListElement":[{"@type":"ListItem","position":1,"name":"Home","item":"https:\/\/rollingringdrives.com\/"},{"@type":"ListItem","position":2,"name":"Machines","item":"https:\/\/rollingringdrives.com\/machines\/"},{"@type":"ListItem","position":3,"name":"Manual Cable Warehouse Measuring and Coiling Machine"}]},{"@type":"WebSite","@id":"https:\/\/rollingringdrives.com\/#website","url":"https:\/\/rollingringdrives.com\/","name":"Qi Pang","description":"Blog QiPang","publisher":{"@id":"https:\/\/rollingringdrives.com\/#organization"},"potentialAction":[{"@type":"SearchAction","target":{"@type":"EntryPoint","urlTemplate":"https:\/\/rollingringdrives.com\/?s={search_term_string}"},"query-input":{"@type":"PropertyValueSpecification","valueRequired":true,"valueName":"search_term_string"}}],"inLanguage":"es"},{"@type":"Organization","@id":"https:\/\/rollingringdrives.com\/#organization","name":"Qi Pang","url":"https:\/\/rollingringdrives.com\/","logo":{"@type":"ImageObject","inLanguage":"es","@id":"https:\/\/rollingringdrives.com\/#\/schema\/logo\/image\/","url":"https:\/\/rollingringdrives.com\/wp-content\/uploads\/2023\/05\/cropped-\u672a\u547d\u540d\u7684\u8bbe\u8ba1.png","contentUrl":"https:\/\/rollingringdrives.com\/wp-content\/uploads\/2023\/05\/cropped-\u672a\u547d\u540d\u7684\u8bbe\u8ba1.png","width":300,"height":191,"caption":"QiPang"},"image":{"@id":"https:\/\/rollingringdrives.com\/#\/schema\/logo\/image\/"}}]}},"_links":{"self":[{"href":"https:\/\/rollingringdrives.com\/es\/wp-json\/wp\/v2\/product\/32690","targetHints":{"allow":["GET"]}}],"collection":[{"href":"https:\/\/rollingringdrives.com\/es\/wp-json\/wp\/v2\/product"}],"about":[{"href":"https:\/\/rollingringdrives.com\/es\/wp-json\/wp\/v2\/types\/product"}],"version-history":[{"count":0,"href":"https:\/\/rollingringdrives.com\/es\/wp-json\/wp\/v2\/product\/32690\/revisions"}],"wp:featuredmedia":[{"embeddable":true,"href":"https:\/\/rollingringdrives.com\/es\/wp-json\/wp\/v2\/media\/32693"}],"wp:attachment":[{"href":"https:\/\/rollingringdrives.com\/es\/wp-json\/wp\/v2\/media?parent=32690"}],"wp:term":[{"taxonomy":"product_brand","embeddable":true,"href":"https:\/\/rollingringdrives.com\/es\/wp-json\/wp\/v2\/product_brand?post=32690"},{"taxonomy":"product_cat","embeddable":true,"href":"https:\/\/rollingringdrives.com\/es\/wp-json\/wp\/v2\/product_cat?post=32690"},{"taxonomy":"product_tag","embeddable":true,"href":"https:\/\/rollingringdrives.com\/es\/wp-json\/wp\/v2\/product_tag?post=32690"}],"curies":[{"name":"wp","href":"https:\/\/api.w.org\/{rel}","templated":true}]}}