{"id":32776,"date":"2025-12-27T02:22:06","date_gmt":"2025-12-27T02:22:06","guid":{"rendered":"https:\/\/rollingringdrives.com\/?post_type=product&#038;p=32776"},"modified":"2026-01-24T01:55:04","modified_gmt":"2026-01-24T01:55:04","slug":"high-efficient-work-dual-head-coiling-machine","status":"publish","type":"product","link":"https:\/\/rollingringdrives.com\/es\/producto\/high-efficient-work-dual-head-coiling-machine\/","title":{"rendered":"Enrolladora de doble cabezal de alta eficiencia de trabajo"},"content":{"rendered":"<p>Shanghai Qipang es una empresa l\u00edder especializada en la investigaci\u00f3n, el dise\u00f1o, la fabricaci\u00f3n y la venta de <strong>m\u00e1quina de bobinar y enrollar.<\/strong> Nuestro sistema autom\u00e1tico <strong>bobinadora de alambre<\/strong> est\u00e1 dise\u00f1ado espec\u00edficamente para enrollar de forma eficiente materiales como alambres, cables, hilos de cobre, tiras planas, cuerdas, etc. en bobinas huecas ordenadas. Esto reduce significativamente el volumen de transporte, disminuye los costes log\u00edsticos y aumenta el valor global del producto. Duradera y f\u00e1cil de manejar, es un activo indispensable para su moderna l\u00ednea de producci\u00f3n.<\/p>\n<p class=\"ds-markdown-paragraph\"><strong>Enrolladoras de doble cabezal<\/strong> est\u00e1n dise\u00f1adas espec\u00edficamente para hacer frente a los frecuentes tiempos de inactividad por cambio de bobina en la producci\u00f3n de alambres y cables, sirviendo como equipo clave para lograr un bobinado continuo y eficiente. Con dos estaciones de bobinado que funcionan alternativamente, garantizan una transici\u00f3n perfecta de una bobina terminada a otra, maximizando la eficiencia operativa de la l\u00ednea de producci\u00f3n.<\/p>\n<figure id=\"attachment_32890\" aria-describedby=\"caption-attachment-32890\" style=\"width: 2560px\" class=\"wp-caption alignnone\"><img fetchpriority=\"high\" decoding=\"async\" class=\"size-full wp-image-32890\" src=\"https:\/\/rollingringdrives.com\/wp-content\/uploads\/2025\/12\/3df2ed7f17d319526306b2d61d7b0776-scaled.avif\" alt=\"Enrolladora de doble cabezal\" width=\"2560\" height=\"1155\" srcset=\"https:\/\/rollingringdrives.com\/wp-content\/uploads\/2025\/12\/3df2ed7f17d319526306b2d61d7b0776-scaled.avif 2560w, https:\/\/rollingringdrives.com\/wp-content\/uploads\/2025\/12\/3df2ed7f17d319526306b2d61d7b0776-300x135.avif 300w, https:\/\/rollingringdrives.com\/wp-content\/uploads\/2025\/12\/3df2ed7f17d319526306b2d61d7b0776-1024x462.avif 1024w, https:\/\/rollingringdrives.com\/wp-content\/uploads\/2025\/12\/3df2ed7f17d319526306b2d61d7b0776-768x347.avif 768w, https:\/\/rollingringdrives.com\/wp-content\/uploads\/2025\/12\/3df2ed7f17d319526306b2d61d7b0776-1536x693.avif 1536w, https:\/\/rollingringdrives.com\/wp-content\/uploads\/2025\/12\/3df2ed7f17d319526306b2d61d7b0776-2048x924.avif 2048w, https:\/\/rollingringdrives.com\/wp-content\/uploads\/2025\/12\/3df2ed7f17d319526306b2d61d7b0776-18x8.avif 18w, https:\/\/rollingringdrives.com\/wp-content\/uploads\/2025\/12\/3df2ed7f17d319526306b2d61d7b0776-600x271.avif 600w\" sizes=\"(max-width: 2560px) 100vw, 2560px\" \/><figcaption id=\"caption-attachment-32890\" class=\"wp-caption-text\">Enrolladora de doble cabezal<\/figcaption><\/figure>\n<h2 class=\"ds-markdown-paragraph\">Par\u00e1metros de la enrolladora de doble cabezal<\/h2>\n<div id=\"footable_parent_32777\"\n         class=\"footable_parent ninja_table_wrapper loading_ninja_table wp_table_data_press_parent semantic_ui\">\n                <table data-ninja_table_instance=\"ninja_table_instance_0\" data-footable_id=\"32777\" data-filter-delay=\"1000\" aria-label=\"\u53cc\u5934 bobinadora y enrolladora.csv\"            id=\"footable_32777\"\n           data-unique_identifier=\"ninja_table_unique_id_1154331952_32777\"\n           class=\"foo-table ninja_footable foo_table_32777 ninja_table_unique_id_1154331952_32777 ui table  ninja_search_right nt_type_legacy_table selectable celled striped vertical_centered  footable-paging-right ninja_table_pro\">\n                <colgroup>\n                            <col class=\"ninja_column_0\">\n                            <col class=\"ninja_column_1\">\n                            <col class=\"ninja_column_2\">\n                    <\/colgroup>\n        <thead>\n<tr class=\"footable-header\">\n                                                        <th scope=\"col\"  class=\"ninja_column_0 ninja_clmn_nm_model\">Modelo<\/th><th scope=\"col\"  class=\"ninja_column_1 ninja_clmn_nm_qpx63\">QPX-630<\/th><th scope=\"col\"  class=\"ninja_column_2 ninja_clmn_nm_qpx63l\">QPX-630L<\/th><\/tr>\n<\/thead>\n<tbody>\n\n        <tr data-row_id=\"2132\" class=\"ninja_table_row_0 nt_row_id_2132\">\n            <td>Modelo de cableado<\/td><td>accionamiento de anillo rodante<\/td><td>Servo desplazamiento PLC<\/td>        <\/tr>\n            <tr data-row_id=\"2133\" class=\"ninja_table_row_1 nt_row_id_2133\">\n            <td>Di\u00e1metro del alambre<\/td><td>Cable\/tubo\/cuerda suave de 1-30 mm<\/td><td>Cable\/tubo\/cuerda suave de 1-30 mm<\/td>        <\/tr>\n            <tr data-row_id=\"2134\" class=\"ninja_table_row_2 nt_row_id_2134\">\n            <td>Altura central<\/td><td>450 mm\/650 mm (630 bobinas)\n<\/td><td>450 mm\/650 mm (630 bobinas)<\/td>        <\/tr>\n            <tr data-row_id=\"2135\" class=\"ninja_table_row_3 nt_row_id_2135\">\n            <td>Velocidad de la m\u00e1quina<\/td><td>0-250 rpm o personalizable<\/td><td>0-250 rpm o personalizable<\/td>        <\/tr>\n            <tr data-row_id=\"2136\" class=\"ninja_table_row_4 nt_row_id_2136\">\n            <td>Modo de funcionamiento<\/td><td>funcionamiento de los botones del panel mec\u00e1nico<\/td><td>PLC, sistema de control autom\u00e1tico de interfaz hombre-m\u00e1quina, ajuste autom\u00e1tico de par\u00e1metros <\/td>        <\/tr>\n            <tr data-row_id=\"2137\" class=\"ninja_table_row_5 nt_row_id_2137\">\n            <td>Tama\u00f1o del carrete<\/td><td>PN400-630mm,anchura m\u00e1xima 475mm,di\u00e1metro56\/80\/127mm<\/td><td>PN400-630mm,anchura m\u00e1xima 475mm,di\u00e1metro56\/80\/127mm<\/td>        <\/tr>\n            <tr data-row_id=\"2138\" class=\"ninja_table_row_6 nt_row_id_2138\">\n            <td>Tama\u00f1o de la bobina<\/td><td>id120mm,anchura ajustable 35-100mm,\n0d400mm o personalizable<\/td><td>id120mm,anchura ajustable 35-100mm,\n0d400mm o personalizable<\/td>        <\/tr>\n            <tr data-row_id=\"2139\" class=\"ninja_table_row_7 nt_row_id_2139\">\n            <td>Tama\u00f1o de bobina Pulgada<\/td><td>di\u00e1metro exterior5,75\" - 24,80\",anchura m\u00e1xima 18,70\",calibre2,20\"\/3,15\"\/5,00\"<\/td><td>di\u00e1metro exterior5,75\" - 24,80\",anchura m\u00e1xima 18,70\",calibre2,20\"\/3,15\"\/5,00\"<\/td>        <\/tr>\n            <tr data-row_id=\"2140\" class=\"ninja_table_row_8 nt_row_id_2140\">\n            <td>Tama\u00f1o de la bobina Pulgadas<\/td><td>id 4.72\",anchura ajustable 1.38\" - 3.94\n0d15.75\" o personalizable<\/td><td>id 4.72\",anchura ajustable 1.38\" - 3.94\n0d15.75\" o personalizable<\/td>        <\/tr>\n            <tr data-row_id=\"2141\" class=\"ninja_table_row_9 nt_row_id_2141\">\n            <td>M\u00e9todo de conexi\u00f3n<\/td><td>brida eje diametro 40mm,eje tipo (cono superior),personalizable <\/td><td>brida eje diametro 40mm,eje tipo (cono superior),personalizable <\/td>        <\/tr>\n            <tr data-row_id=\"2142\" class=\"ninja_table_row_10 nt_row_id_2142\">\n            <td>Capacidad de carga<\/td><td>200KG eje \u00fanico<\/td><td>200KG eje \u00fanico<\/td>        <\/tr>\n            <tr data-row_id=\"2143\" class=\"ninja_table_row_11 nt_row_id_2143\">\n            <td>Potencia del motor<\/td><td>Motor reductor de 2,2kw\/4kw+.<\/td><td>Motor reductor de 2,2kw\/4kw+.<\/td>        <\/tr>\n            <tr data-row_id=\"2144\" class=\"ninja_table_row_12 nt_row_id_2144\">\n            <td>Alimentaci\u00f3n<\/td><td>380v 50hz trif\u00e1sico o personalizable<\/td><td>380v 50hz trif\u00e1sico o personalizable<\/td>        <\/tr>\n            <tr data-row_id=\"2145\" class=\"ninja_table_row_13 nt_row_id_2145\">\n            <td>Color de la m\u00e1quina<\/td><td>Azul RAL5015, personalizable<\/td><td>Azul RAL5015, personalizable<\/td>        <\/tr>\n    <\/tbody><!--ninja_tobody_rendering_done-->\n    <\/table>\n    \n    \n    \n<\/div>\n\n<p>Los par\u00e1metros son meramente orientativos y los detalles finales depender\u00e1n de las necesidades reales del cliente.<\/p>\n<h2 class=\"ds-markdown-paragraph\">Aplicaci\u00f3n de la enrolladora de doble cabezal<\/h2>\n<p><strong>Las bobinadoras se utilizan ampliamente en diversas industrias:<\/strong><\/p>\n<ul>\n<li><strong>Industria del alambre y el cable:<\/strong>\u00a0Para enrollar cables de alimentaci\u00f3n, cables de comunicaci\u00f3n, cables de control, cables coaxiales de RF e hilos electr\u00f3nicos en bobinas de longitudes fijas, facilitando la venta y la instalaci\u00f3n.<\/li>\n<li><strong>Industria del cable de fibra \u00f3ptica:<\/strong>\u00a0Para enrollar con suavidad y pulcritud cables de fibra \u00f3ptica valiosos y delicados.<\/li>\n<li><strong>Industria de cuerdas y correas:<\/strong>\u00a0Para envasar diversos tipos de productos, como cuerdas de nailon, alambres de acero, cinturones de seguridad y correas.<\/li>\n<li><strong>Industria de tubos:<\/strong> Para enrollar tubos flexibles, como mangueras y tubos corrugados.<\/li>\n<\/ul>\n<h2 class=\"ds-markdown-paragraph\">Enrolladora de doble cabezal Designaci\u00f3n<\/h2>\n<p><strong>cableado de la transmisi\u00f3n de anillo rodante<\/strong><br \/>\nLa enrolladora de doble cabezal utiliza una unidad transversal para el cableado, y presenta una estructura sencilla y robusta. Su manejo es intuitivo y su mantenimiento c\u00f3modo. Es muy adecuada para l\u00edneas de producci\u00f3n est\u00e1ndar que requieren una precisi\u00f3n de cableado moderada y persiguen una simplicidad operativa y una durabilidad del equipo extremadamente altas.<br \/>\n<strong>Cableado del servo:<\/strong><br \/>\nLa m\u00e1quina est\u00e1 equipada con servomotores de alto rendimiento y gu\u00edas precisas de la varilla del husillo. Los par\u00e1metros de cableado pueden ajustarse directamente a trav\u00e9s de una pantalla t\u00e1ctil de f\u00e1cil manejo. La precisi\u00f3n del cableado es alta, el cambio de direcci\u00f3n es suave y puede adaptarse perfectamente a diferentes di\u00e1metros de alambre y requisitos de procesos especiales. Es la mejor configuraci\u00f3n para conseguir una producci\u00f3n automatizada de alta calidad.<\/p>","protected":false},"excerpt":{"rendered":"<p><strong>Ventajas e importancia<\/strong><\/p>\n<ul>\n<li><strong>Funcionamiento alternativo de doble estaci\u00f3n<\/strong>: Dos cabezales de bobinado pueden funcionar alternativamente. Cuando una bobina est\u00e1 completamente enrollada, cambiar\u00e1 autom\u00e1ticamente (o manualmente) al otro cabezal para continuar enrollando sin parar, mejorando significativamente la eficiencia de la producci\u00f3n.<\/li>\n<li><strong>Control preciso de la longitud:<\/strong>\u00a0Un codificador permite un control de longitud de alta precisi\u00f3n, reduciendo el desperdicio de material y los errores de medici\u00f3n.<\/li>\n<li><strong>Ahorro de costes:<\/strong>\u00a0Reduce los costes de mano de obra, mientras que el dise\u00f1o de bobina hueca tambi\u00e9n ahorra material de bobinado.<\/li>\n<li><strong>Mejora del entorno de trabajo:<\/strong>\u00a0Sustituye al trabajo manual repetitivo y de alta intensidad, reduciendo el esfuerzo f\u00edsico de los trabajadores.<\/li>\n<\/ul>","protected":false},"featured_media":32779,"template":"","meta":{"site-sidebar-layout":"default","site-content-layout":"default","ast-global-header-display":"","ast-banner-title-visibility":"","ast-main-header-display":"","ast-hfb-above-header-display":"","ast-hfb-below-header-display":"","ast-hfb-mobile-header-display":"","site-post-title":"","ast-breadcrumbs-content":"","ast-featured-img":"","footer-sml-layout":"","theme-transparent-header-meta":"default","adv-header-id-meta":"","stick-header-meta":"","header-above-stick-meta":"","header-main-stick-meta":"","header-below-stick-meta":""},"product_brand":[],"product_cat":[136,137],"product_tag":[],"class_list":{"0":"post-32776","1":"product","2":"type-product","3":"status-publish","4":"has-post-thumbnail","6":"product_cat-coiling-machine","7":"product_cat-coiling-and-reeling-machine","8":"desktop-align-left","9":"tablet-align-left","10":"mobile-align-left","12":"first","13":"instock","14":"shipping-taxable","15":"product-type-simple"},"yoast_head":"<!-- This site is optimized with the Yoast SEO Premium plugin v20.12 (Yoast SEO v26.0) - https:\/\/yoast.com\/wordpress\/plugins\/seo\/ -->\n<title>High Efficient Work Dual Head Coiling Machine - QiPang<\/title>\n<meta name=\"robots\" content=\"index, follow, max-snippet:-1, max-image-preview:large, max-video-preview:-1\" \/>\n<link rel=\"canonical\" href=\"https:\/\/rollingringdrives.com\/es\/producto\/high-efficient-work-dual-head-coiling-machine\/\" \/>\n<meta property=\"og:locale\" content=\"es_MX\" \/>\n<meta property=\"og:type\" content=\"article\" \/>\n<meta property=\"og:title\" content=\"High Efficient Work Dual Head Coiling Machine\" \/>\n<meta property=\"og:description\" content=\"Advantages and Importance   Dual station alternate operation: Two winding heads can operate alternately. When one coil is fully wound, it will automatically (or manually) switch to the other head to continue winding without stopping, significantly improving production efficiency.  Precise Length Control:\u00a0An encoder enables high-precision length control, reducing material waste and measurement errors.  Cost Savings:\u00a0It reduces labor costs, while the hollow coil design also saves on reel material.  Improved Working Environment:\u00a0It replaces repetitive, high-intensity manual labor, lowering the physical strain on workers.\" \/>\n<meta property=\"og:url\" content=\"https:\/\/rollingringdrives.com\/es\/producto\/high-efficient-work-dual-head-coiling-machine\/\" \/>\n<meta property=\"og:site_name\" content=\"QiPang\" \/>\n<meta property=\"article:modified_time\" content=\"2026-01-24T01:55:04+00:00\" \/>\n<meta name=\"twitter:card\" content=\"summary_large_image\" \/>\n<meta name=\"twitter:label1\" content=\"Tiempo de lectura\" \/>\n\t<meta name=\"twitter:data1\" content=\"3 minutos\" \/>\n<script type=\"application\/ld+json\" class=\"yoast-schema-graph\">{\"@context\":\"https:\/\/schema.org\",\"@graph\":[{\"@type\":\"WebPage\",\"@id\":\"https:\/\/rollingringdrives.com\/product\/high-efficient-work-dual-head-coiling-machine\/\",\"url\":\"https:\/\/rollingringdrives.com\/product\/high-efficient-work-dual-head-coiling-machine\/\",\"name\":\"High Efficient Work Dual Head Coiling Machine - QiPang\",\"isPartOf\":{\"@id\":\"https:\/\/rollingringdrives.com\/#website\"},\"primaryImageOfPage\":{\"@id\":\"https:\/\/rollingringdrives.com\/product\/high-efficient-work-dual-head-coiling-machine\/#primaryimage\"},\"image\":{\"@id\":\"https:\/\/rollingringdrives.com\/product\/high-efficient-work-dual-head-coiling-machine\/#primaryimage\"},\"thumbnailUrl\":\"https:\/\/rollingringdrives.com\/wp-content\/uploads\/2025\/12\/take-up-machine-4.avif\",\"datePublished\":\"2025-12-27T02:22:06+00:00\",\"dateModified\":\"2026-01-24T01:55:04+00:00\",\"breadcrumb\":{\"@id\":\"https:\/\/rollingringdrives.com\/product\/high-efficient-work-dual-head-coiling-machine\/#breadcrumb\"},\"inLanguage\":\"es\",\"potentialAction\":[{\"@type\":\"ReadAction\",\"target\":[\"https:\/\/rollingringdrives.com\/product\/high-efficient-work-dual-head-coiling-machine\/\"]}]},{\"@type\":\"ImageObject\",\"inLanguage\":\"es\",\"@id\":\"https:\/\/rollingringdrives.com\/product\/high-efficient-work-dual-head-coiling-machine\/#primaryimage\",\"url\":\"https:\/\/rollingringdrives.com\/wp-content\/uploads\/2025\/12\/take-up-machine-4.avif\",\"contentUrl\":\"https:\/\/rollingringdrives.com\/wp-content\/uploads\/2025\/12\/take-up-machine-4.avif\",\"width\":2048,\"height\":2048,\"caption\":\"dual head coiling machine\"},{\"@type\":\"BreadcrumbList\",\"@id\":\"https:\/\/rollingringdrives.com\/product\/high-efficient-work-dual-head-coiling-machine\/#breadcrumb\",\"itemListElement\":[{\"@type\":\"ListItem\",\"position\":1,\"name\":\"Home\",\"item\":\"https:\/\/rollingringdrives.com\/\"},{\"@type\":\"ListItem\",\"position\":2,\"name\":\"Machines\",\"item\":\"https:\/\/rollingringdrives.com\/machines\/\"},{\"@type\":\"ListItem\",\"position\":3,\"name\":\"High Efficient Work Dual Head Coiling Machine\"}]},{\"@type\":\"WebSite\",\"@id\":\"https:\/\/rollingringdrives.com\/#website\",\"url\":\"https:\/\/rollingringdrives.com\/\",\"name\":\"QiPang\",\"description\":\"QiPang Blog\",\"publisher\":{\"@id\":\"https:\/\/rollingringdrives.com\/#organization\"},\"potentialAction\":[{\"@type\":\"SearchAction\",\"target\":{\"@type\":\"EntryPoint\",\"urlTemplate\":\"https:\/\/rollingringdrives.com\/?s={search_term_string}\"},\"query-input\":{\"@type\":\"PropertyValueSpecification\",\"valueRequired\":true,\"valueName\":\"search_term_string\"}}],\"inLanguage\":\"es\"},{\"@type\":\"Organization\",\"@id\":\"https:\/\/rollingringdrives.com\/#organization\",\"name\":\"QiPang\",\"url\":\"https:\/\/rollingringdrives.com\/\",\"logo\":{\"@type\":\"ImageObject\",\"inLanguage\":\"es\",\"@id\":\"https:\/\/rollingringdrives.com\/#\/schema\/logo\/image\/\",\"url\":\"https:\/\/rollingringdrives.com\/wp-content\/uploads\/2023\/05\/cropped-\u672a\u547d\u540d\u7684\u8bbe\u8ba1.png\",\"contentUrl\":\"https:\/\/rollingringdrives.com\/wp-content\/uploads\/2023\/05\/cropped-\u672a\u547d\u540d\u7684\u8bbe\u8ba1.png\",\"width\":300,\"height\":191,\"caption\":\"QiPang\"},\"image\":{\"@id\":\"https:\/\/rollingringdrives.com\/#\/schema\/logo\/image\/\"}}]}<\/script>\n<!-- \/ Yoast SEO Premium plugin. -->","yoast_head_json":{"title":"M\u00e1quina enrolladora de doble cabezal de trabajo de alta eficiencia - QiPang","robots":{"index":"index","follow":"follow","max-snippet":"max-snippet:-1","max-image-preview":"max-image-preview:large","max-video-preview":"max-video-preview:-1"},"canonical":"https:\/\/rollingringdrives.com\/es\/producto\/high-efficient-work-dual-head-coiling-machine\/","og_locale":"es_MX","og_type":"article","og_title":"High Efficient Work Dual Head Coiling Machine","og_description":"Advantages and Importance   Dual station alternate operation: Two winding heads can operate alternately. When one coil is fully wound, it will automatically (or manually) switch to the other head to continue winding without stopping, significantly improving production efficiency.  Precise Length Control:\u00a0An encoder enables high-precision length control, reducing material waste and measurement errors.  Cost Savings:\u00a0It reduces labor costs, while the hollow coil design also saves on reel material.  Improved Working Environment:\u00a0It replaces repetitive, high-intensity manual labor, lowering the physical strain on workers.","og_url":"https:\/\/rollingringdrives.com\/es\/producto\/high-efficient-work-dual-head-coiling-machine\/","og_site_name":"QiPang","article_modified_time":"2026-01-24T01:55:04+00:00","twitter_card":"summary_large_image","twitter_misc":{"Tiempo de lectura":"3 minutos"},"schema":{"@context":"https:\/\/schema.org","@graph":[{"@type":"WebPage","@id":"https:\/\/rollingringdrives.com\/product\/high-efficient-work-dual-head-coiling-machine\/","url":"https:\/\/rollingringdrives.com\/product\/high-efficient-work-dual-head-coiling-machine\/","name":"M\u00e1quina enrolladora de doble cabezal de trabajo de alta eficiencia - QiPang","isPartOf":{"@id":"https:\/\/rollingringdrives.com\/#website"},"primaryImageOfPage":{"@id":"https:\/\/rollingringdrives.com\/product\/high-efficient-work-dual-head-coiling-machine\/#primaryimage"},"image":{"@id":"https:\/\/rollingringdrives.com\/product\/high-efficient-work-dual-head-coiling-machine\/#primaryimage"},"thumbnailUrl":"https:\/\/rollingringdrives.com\/wp-content\/uploads\/2025\/12\/take-up-machine-4.avif","datePublished":"2025-12-27T02:22:06+00:00","dateModified":"2026-01-24T01:55:04+00:00","breadcrumb":{"@id":"https:\/\/rollingringdrives.com\/product\/high-efficient-work-dual-head-coiling-machine\/#breadcrumb"},"inLanguage":"es","potentialAction":[{"@type":"ReadAction","target":["https:\/\/rollingringdrives.com\/product\/high-efficient-work-dual-head-coiling-machine\/"]}]},{"@type":"ImageObject","inLanguage":"es","@id":"https:\/\/rollingringdrives.com\/product\/high-efficient-work-dual-head-coiling-machine\/#primaryimage","url":"https:\/\/rollingringdrives.com\/wp-content\/uploads\/2025\/12\/take-up-machine-4.avif","contentUrl":"https:\/\/rollingringdrives.com\/wp-content\/uploads\/2025\/12\/take-up-machine-4.avif","width":2048,"height":2048,"caption":"dual head coiling machine"},{"@type":"BreadcrumbList","@id":"https:\/\/rollingringdrives.com\/product\/high-efficient-work-dual-head-coiling-machine\/#breadcrumb","itemListElement":[{"@type":"ListItem","position":1,"name":"Home","item":"https:\/\/rollingringdrives.com\/"},{"@type":"ListItem","position":2,"name":"Machines","item":"https:\/\/rollingringdrives.com\/machines\/"},{"@type":"ListItem","position":3,"name":"High Efficient Work Dual Head Coiling Machine"}]},{"@type":"WebSite","@id":"https:\/\/rollingringdrives.com\/#website","url":"https:\/\/rollingringdrives.com\/","name":"Qi Pang","description":"Blog QiPang","publisher":{"@id":"https:\/\/rollingringdrives.com\/#organization"},"potentialAction":[{"@type":"SearchAction","target":{"@type":"EntryPoint","urlTemplate":"https:\/\/rollingringdrives.com\/?s={search_term_string}"},"query-input":{"@type":"PropertyValueSpecification","valueRequired":true,"valueName":"search_term_string"}}],"inLanguage":"es"},{"@type":"Organization","@id":"https:\/\/rollingringdrives.com\/#organization","name":"Qi Pang","url":"https:\/\/rollingringdrives.com\/","logo":{"@type":"ImageObject","inLanguage":"es","@id":"https:\/\/rollingringdrives.com\/#\/schema\/logo\/image\/","url":"https:\/\/rollingringdrives.com\/wp-content\/uploads\/2023\/05\/cropped-\u672a\u547d\u540d\u7684\u8bbe\u8ba1.png","contentUrl":"https:\/\/rollingringdrives.com\/wp-content\/uploads\/2023\/05\/cropped-\u672a\u547d\u540d\u7684\u8bbe\u8ba1.png","width":300,"height":191,"caption":"QiPang"},"image":{"@id":"https:\/\/rollingringdrives.com\/#\/schema\/logo\/image\/"}}]}},"_links":{"self":[{"href":"https:\/\/rollingringdrives.com\/es\/wp-json\/wp\/v2\/product\/32776","targetHints":{"allow":["GET"]}}],"collection":[{"href":"https:\/\/rollingringdrives.com\/es\/wp-json\/wp\/v2\/product"}],"about":[{"href":"https:\/\/rollingringdrives.com\/es\/wp-json\/wp\/v2\/types\/product"}],"version-history":[{"count":0,"href":"https:\/\/rollingringdrives.com\/es\/wp-json\/wp\/v2\/product\/32776\/revisions"}],"wp:featuredmedia":[{"embeddable":true,"href":"https:\/\/rollingringdrives.com\/es\/wp-json\/wp\/v2\/media\/32779"}],"wp:attachment":[{"href":"https:\/\/rollingringdrives.com\/es\/wp-json\/wp\/v2\/media?parent=32776"}],"wp:term":[{"taxonomy":"product_brand","embeddable":true,"href":"https:\/\/rollingringdrives.com\/es\/wp-json\/wp\/v2\/product_brand?post=32776"},{"taxonomy":"product_cat","embeddable":true,"href":"https:\/\/rollingringdrives.com\/es\/wp-json\/wp\/v2\/product_cat?post=32776"},{"taxonomy":"product_tag","embeddable":true,"href":"https:\/\/rollingringdrives.com\/es\/wp-json\/wp\/v2\/product_tag?post=32776"}],"curies":[{"name":"wp","href":"https:\/\/api.w.org\/{rel}","templated":true}]}}