{"id":32880,"date":"2026-01-17T04:56:48","date_gmt":"2026-01-17T04:56:48","guid":{"rendered":"https:\/\/rollingringdrives.com\/?post_type=product&#038;p=32880"},"modified":"2026-01-17T05:08:37","modified_gmt":"2026-01-17T05:08:37","slug":"servo-plc-cantilever-shaftless-wire-spooling-machine","status":"publish","type":"product","link":"https:\/\/rollingringdrives.com\/es\/producto\/servo-plc-cantilever-shaftless-wire-spooling-machine\/","title":{"rendered":"M\u00e1quina bobinadora de alambre sin eje en voladizo servo PLC"},"content":{"rendered":"<p data-imt_insert_failed=\"1\">Shanghai Qipang es una empresa l\u00edder especializada en la investigaci\u00f3n, el dise\u00f1o, la fabricaci\u00f3n y la venta de\u00a0<strong>m\u00e1quina de recogida y empaquetado de alambres y cables<\/strong>. Nuestra m\u00e1quina bobinadora de alambre PLC est\u00e1 dise\u00f1ada espec\u00edficamente para enrollar eficientemente materiales como alambres, cables, alambres de cobre, tiras planas, cuerdas y as\u00ed sucesivamente en bobinas o rollos huecos.<\/p>\n<p>Esta m\u00e1quina de bobinado de alambre sin eje en voladizo est\u00e1 dise\u00f1ada espec\u00edficamente para procesos de bobinado de alambre y cable de alta eficiencia y precisi\u00f3n. Equipada con un avanzado sistema de servocableado y un sistema de control inteligente con pantalla t\u00e1ctil PLC, elimina la necesidad de engorrosos ajustes manuales, garantizando un bobinado impecable para cada cable.<\/p>\n<div id=\"footable_parent_32881\"\n         class=\"footable_parent ninja_table_wrapper loading_ninja_table wp_table_data_press_parent semantic_ui\">\n                <table data-ninja_table_instance=\"ninja_table_instance_0\" data-footable_id=\"32881\" data-filter-delay=\"1000\" aria-label=\"\u4f3a\u670d\u60ac\u81c2\u6536\u7ebf\u673a\u53c2\u6570.csv\"            id=\"footable_32881\"\n           data-unique_identifier=\"ninja_table_unique_id_236473697_32881\"\n           class=\"foo-table ninja_footable foo_table_32881 ninja_table_unique_id_236473697_32881 ui table  ninja_search_right nt_type_legacy_table selectable celled striped vertical_centered  footable-paging-right ninja_table_pro\">\n                <colgroup>\n                            <col class=\"ninja_column_0\">\n                            <col class=\"ninja_column_1\">\n                            <col class=\"ninja_column_2\">\n                            <col class=\"ninja_column_3\">\n                            <col class=\"ninja_column_4\">\n                            <col class=\"ninja_column_5\">\n                    <\/colgroup>\n        <thead>\n<tr class=\"footable-header\">\n                                                                                                        <th scope=\"col\"  class=\"ninja_column_0 ninja_clmn_nm_model\">Modelo<\/th><th scope=\"col\"  class=\"ninja_column_1 ninja_clmn_nm_qp63cabletakeupmachine\">M\u00e1quina recogedora de cables QP630<\/th><th scope=\"col\"  class=\"ninja_column_2 ninja_clmn_nm_qp8cabletakeupmachine\">M\u00e1quina recogedora de cables QP800<\/th><th scope=\"col\"  class=\"ninja_column_3 ninja_clmn_nm_qp1cabletakeupmachine\">M\u00e1quina recogedora de cables QP1000<\/th><th scope=\"col\"  class=\"ninja_column_4 ninja_clmn_nm_qp125cabletakeupmachine\">M\u00e1quina recogedora de cables QP1250<\/th><th scope=\"col\"  class=\"ninja_column_5 ninja_clmn_nm_qp14cabletakeupmachine\">M\u00e1quina recogedora de cables QP1400<\/th><\/tr>\n<\/thead>\n<tbody>\n\n        <tr data-row_id=\"2174\" class=\"ninja_table_row_0 nt_row_id_2174\">\n            <td>Tama\u00f1o del carrete<\/td><td>PN400-PN630mm anchura 475mm, agujero interior \u00a6\u00b556\/80mm<\/td><td>PN630-PN800mm, anchura 600mm, agujero interior \u00a6\u00b580mm<\/td><td>PN630-PN1000mm, anchura 750mm, agujero interior \u00a6\u00b580mm<\/td><td>PN800-PN1250mm, anchura 750mm, agujero interior \u00a6\u00b580mm<\/td><td>PN1250-PN1400mm, anchura 950mm, agujero interior \u00a6\u00b580mm<\/td>        <\/tr>\n            <tr data-row_id=\"2175\" class=\"ninja_table_row_1 nt_row_id_2175\">\n            <td>Di\u00e1metro de material adecuado<\/td><td> 0,5-15 mm<\/td><td>0,5-20 mm<\/td><td>0,5-30 mm<\/td><td>0,5-40 mm<\/td><td> 0,5-40 mm<\/td>        <\/tr>\n            <tr data-row_id=\"2176\" class=\"ninja_table_row_2 nt_row_id_2176\">\n            <td>Velocidad aplicable<\/td><td>0-300 m\/min (velocidad ajustable por inversor)<\/td><td>0-300 m\/min (velocidad ajustable por inversor)<\/td><td>0-300 m\/min (velocidad ajustable por inversor)<\/td><td>0-300 m\/min (velocidad ajustable por inversor)<\/td><td>0-200 m\/min (velocidad ajustable por inversor)<\/td>        <\/tr>\n            <tr data-row_id=\"2177\" class=\"ninja_table_row_3 nt_row_id_2177\">\n            <td>M\u00e9todo de sujeci\u00f3n:<\/td><td>Sujeci\u00f3n con manivela (o sujeci\u00f3n con cilindro)<\/td><td>Sujeci\u00f3n con manivela (o sujeci\u00f3n con cilindro)<\/td><td>Sujeci\u00f3n con manivela (o sujeci\u00f3n con cilindro)<\/td><td>Sujeci\u00f3n con manivela (o sujeci\u00f3n con cilindro)<\/td><td> Sujeci\u00f3n con manivela (o sujeci\u00f3n con cilindro)<\/td>        <\/tr>\n            <tr data-row_id=\"2178\" class=\"ninja_table_row_4 nt_row_id_2178\">\n            <td>Motor de elevaci\u00f3n de carrete<\/td><td>Elevaci\u00f3n de tornillo el\u00e9ctrica de 0,75 KW, dispositivos de l\u00edmite superior e inferior, seguridad<\/td><td>Elevaci\u00f3n de tornillo el\u00e9ctrica de 0,75 KW, dispositivos de l\u00edmite superior e inferior, seguridad<\/td><td>Elevaci\u00f3n de tornillo el\u00e9ctrica de 0,75 KW, dispositivos de l\u00edmite superior e inferior, seguridad<\/td><td>Elevaci\u00f3n de tornillo el\u00e9ctrica de 1,5 KW, dispositivos de l\u00edmite superior e inferior, seguridad<\/td><td> Elevaci\u00f3n de tornillo el\u00e9ctrica de 1,5 KW, dispositivos de l\u00edmite superior e inferior, seguridad<\/td>        <\/tr>\n            <tr data-row_id=\"2179\" class=\"ninja_table_row_5 nt_row_id_2179\">\n            <td>Disposici\u00f3n de cables\/alambres<\/td><td>Servocableado PLC con interfaz t\u00e1ctil de f\u00e1cil manejo<\/td><td>Servocableado PLC con interfaz t\u00e1ctil de f\u00e1cil manejo<\/td><td>Servocableado PLC con interfaz t\u00e1ctil de f\u00e1cil manejo<\/td><td>Servocableado PLC con interfaz t\u00e1ctil de f\u00e1cil manejo<\/td><td>Servocableado PLC con interfaz t\u00e1ctil de f\u00e1cil manejo<\/td>        <\/tr>\n            <tr data-row_id=\"2180\" class=\"ninja_table_row_6 nt_row_id_2180\">\n            <td>Potencia del motor de recogida<\/td><td>Motor de 2,2 kW + reductor de RV<\/td><td> Motor de 4KW + reductor RV<\/td><td> Motor de 4KW + reductor RV<\/td><td>Motor de 5,5 kW + reductor de RV\n<\/td><td>Motor de 7,5 kW + reductor RV\n<\/td>        <\/tr>\n            <tr data-row_id=\"2181\" class=\"ninja_table_row_7 nt_row_id_2181\">\n            <td>Fuente de alimentaci\u00f3n<\/td><td>380 V, trif\u00e1sico, 50 Hz o personalizar<\/td><td>380 V, trif\u00e1sico, 50 Hz o personalizar<\/td><td>380 V, trif\u00e1sico, 50 Hz o personalizar<\/td><td>380 V, trif\u00e1sico, 50 Hz o personalizar<\/td><td>380 V, trif\u00e1sico, 50 Hz o personalizar<\/td>        <\/tr>\n            <tr data-row_id=\"2182\" class=\"ninja_table_row_8 nt_row_id_2182\">\n            <td>Color del equipo<\/td><td>Azul RAL5015<\/td><td>Azul RAL5015<\/td><td>Azul RAL5015<\/td><td>Azul RAL5015<\/td><td>Azul RAL5015<\/td>        <\/tr>\n            <tr data-row_id=\"2183\" class=\"ninja_table_row_9 nt_row_id_2183\">\n            <td>Dimensiones \/ Peso<\/td><td>1500 x 1000 x 700 mm, 350 kg (sin caja de madera)<\/td><td>1600 x 1100 x 900 mm, 430 kg (sin caja de madera)<\/td><td>2300 x 1300 x 1100 mm, 490 kg (sin caja de madera)<\/td><td>2300 x 1400 x 1350 mm, 650 kg (sin caja de madera)<\/td><td>2300 x 1500 x 1600 mm, 730 kg (sin caja de madera)<\/td>        <\/tr>\n    <\/tbody><!--ninja_tobody_rendering_done-->\n    <\/table>\n    \n    \n    \n<\/div>\n\n<dl>\n<dt>\n<h2>Bobinadora de alambre<\/h2>\n<\/dt>\n<p>https:\/\/youtube.com\/shorts\/yKzEC9JTU_8?si=jRHaBEx-eU5kTY8D<\/dl>\n<h2><\/h2>\n<h2>M\u00e1quina bobinadora de alambre Caracter\u00edsticas:<\/h2>\n<p><strong>Tendido de alambre de servoprecisi\u00f3n:<\/strong><br \/>\nRespuesta de alta precisi\u00f3n: Utiliza servomotores de alto rendimiento para accionar el tornillo de colocaci\u00f3n del hilo, en sustituci\u00f3n de los motores est\u00e1ndar convencionales. La velocidad de colocaci\u00f3n del hilo y la velocidad de retracci\u00f3n se sincronizan en tiempo real con una respuesta ultrarr\u00e1pida, lo que garantiza un impacto nulo durante los cambios de direcci\u00f3n.<\/p>\n<p><strong>Enrollamiento perfecto:<\/strong> Independientemente del grosor del cable, garantiza hilos planos y bien colocados, evitando enredos, solapamientos o una densidad desigual. Esto mejora significativamente la calidad est\u00e9tica de las bobinas de cable acabadas.<\/p>","protected":false},"excerpt":{"rendered":"<p>Sistema de control PLC inteligente:<br \/>\n<strong>Gesti\u00f3n de par\u00e1metros visualizada<\/strong>: Equipada con una interfaz hombre-m\u00e1quina (HMI), todos los par\u00e1metros operativos se muestran claramente. Los usuarios pueden configurar con precisi\u00f3n la anchura de bobinado, el paso (espaciado) y la velocidad de bobinado directamente en la pantalla.<br \/>\n<strong>Almacenamiento y recuperaci\u00f3n:<\/strong>Admite el almacenamiento de m\u00faltiples par\u00e1metros de proceso. Al manipular cables o bobinas de diferentes especificaciones, los operarios pueden recuperar la receta correspondiente para cambiar r\u00e1pidamente, lo que aumenta significativamente la eficiencia de la puesta en marcha de la producci\u00f3n.<br \/>\n<strong>Carga y descarga r\u00e1pidas:<\/strong> El dise\u00f1o en voladizo sin eje elimina la necesidad de un mandril. Las operaciones de carga y descarga son ligeras, r\u00e1pidas y sin fisuras, ideales para cambios de bobina de alta frecuencia y para reducir eficazmente la intensidad de trabajo del operario.<\/p>","protected":false},"featured_media":32882,"template":"","meta":{"site-sidebar-layout":"default","site-content-layout":"default","ast-global-header-display":"","ast-banner-title-visibility":"","ast-main-header-display":"","ast-hfb-above-header-display":"","ast-hfb-below-header-display":"","ast-hfb-mobile-header-display":"","site-post-title":"","ast-breadcrumbs-content":"","ast-featured-img":"","footer-sml-layout":"","theme-transparent-header-meta":"default","adv-header-id-meta":"","stick-header-meta":"","header-above-stick-meta":"","header-main-stick-meta":"","header-below-stick-meta":""},"product_brand":[],"product_cat":[51,130],"product_tag":[],"class_list":{"0":"post-32880","1":"product","2":"type-product","3":"status-publish","4":"has-post-thumbnail","6":"product_cat-wire-take-up-machine","7":"product_cat-servo-precision-winder-machine","8":"desktop-align-left","9":"tablet-align-left","10":"mobile-align-left","12":"first","13":"instock","14":"shipping-taxable","15":"product-type-simple"},"yoast_head":"<!-- This site is optimized with the Yoast SEO Premium plugin v20.12 (Yoast SEO v26.0) - https:\/\/yoast.com\/wordpress\/plugins\/seo\/ -->\n<title>Servo PLC Cantilever Shaftless Wire Spooling Machine - QiPang<\/title>\n<meta name=\"robots\" content=\"index, follow, max-snippet:-1, max-image-preview:large, max-video-preview:-1\" \/>\n<link rel=\"canonical\" href=\"https:\/\/rollingringdrives.com\/es\/producto\/servo-plc-cantilever-shaftless-wire-spooling-machine\/\" \/>\n<meta property=\"og:locale\" content=\"es_MX\" \/>\n<meta property=\"og:type\" content=\"article\" \/>\n<meta property=\"og:title\" content=\"Servo PLC Cantilever Shaftless Wire Spooling Machine\" \/>\n<meta property=\"og:description\" content=\"Intelligent PLC Control System: Visualized Parameter Management: Equipped with a Human Machine Interface (HMI), all operational parameters are clearly displayed. Users can precisely configure winding width, pitch (spacing), and winding speed directly on the screen. Storage and Recall:Supports storage for multiple process parameters. When handling cables or spools of different specifications, operators can simply recall the corresponding recipe for rapid switching, significantly boosting production commissioning efficiency. Rapid Loading &amp; Unloading: The shaftless cantilever design eliminates the need for a mandrel. Loading and unloading operations are lightweight, swift, and seamless\u2014ideal for high-frequency spool changeovers and effectively reducing operator labor intensity.\" \/>\n<meta property=\"og:url\" content=\"https:\/\/rollingringdrives.com\/es\/producto\/servo-plc-cantilever-shaftless-wire-spooling-machine\/\" \/>\n<meta property=\"og:site_name\" content=\"QiPang\" \/>\n<meta property=\"article:modified_time\" content=\"2026-01-17T05:08:37+00:00\" \/>\n<meta name=\"twitter:card\" content=\"summary_large_image\" \/>\n<meta name=\"twitter:label1\" content=\"Tiempo de lectura\" \/>\n\t<meta name=\"twitter:data1\" content=\"1 minuto\" \/>\n<script type=\"application\/ld+json\" class=\"yoast-schema-graph\">{\"@context\":\"https:\/\/schema.org\",\"@graph\":[{\"@type\":\"WebPage\",\"@id\":\"https:\/\/rollingringdrives.com\/product\/servo-plc-cantilever-shaftless-wire-spooling-machine\/\",\"url\":\"https:\/\/rollingringdrives.com\/product\/servo-plc-cantilever-shaftless-wire-spooling-machine\/\",\"name\":\"Servo PLC Cantilever Shaftless Wire Spooling Machine - QiPang\",\"isPartOf\":{\"@id\":\"https:\/\/rollingringdrives.com\/#website\"},\"primaryImageOfPage\":{\"@id\":\"https:\/\/rollingringdrives.com\/product\/servo-plc-cantilever-shaftless-wire-spooling-machine\/#primaryimage\"},\"image\":{\"@id\":\"https:\/\/rollingringdrives.com\/product\/servo-plc-cantilever-shaftless-wire-spooling-machine\/#primaryimage\"},\"thumbnailUrl\":\"https:\/\/rollingringdrives.com\/wp-content\/uploads\/2026\/01\/take-up-machine-19.avif\",\"datePublished\":\"2026-01-17T04:56:48+00:00\",\"dateModified\":\"2026-01-17T05:08:37+00:00\",\"breadcrumb\":{\"@id\":\"https:\/\/rollingringdrives.com\/product\/servo-plc-cantilever-shaftless-wire-spooling-machine\/#breadcrumb\"},\"inLanguage\":\"es\",\"potentialAction\":[{\"@type\":\"ReadAction\",\"target\":[\"https:\/\/rollingringdrives.com\/product\/servo-plc-cantilever-shaftless-wire-spooling-machine\/\"]}]},{\"@type\":\"ImageObject\",\"inLanguage\":\"es\",\"@id\":\"https:\/\/rollingringdrives.com\/product\/servo-plc-cantilever-shaftless-wire-spooling-machine\/#primaryimage\",\"url\":\"https:\/\/rollingringdrives.com\/wp-content\/uploads\/2026\/01\/take-up-machine-19.avif\",\"contentUrl\":\"https:\/\/rollingringdrives.com\/wp-content\/uploads\/2026\/01\/take-up-machine-19.avif\",\"width\":800,\"height\":800,\"caption\":\"servo Wire Spooling Machine\"},{\"@type\":\"BreadcrumbList\",\"@id\":\"https:\/\/rollingringdrives.com\/product\/servo-plc-cantilever-shaftless-wire-spooling-machine\/#breadcrumb\",\"itemListElement\":[{\"@type\":\"ListItem\",\"position\":1,\"name\":\"Home\",\"item\":\"https:\/\/rollingringdrives.com\/\"},{\"@type\":\"ListItem\",\"position\":2,\"name\":\"Machines\",\"item\":\"https:\/\/rollingringdrives.com\/machines\/\"},{\"@type\":\"ListItem\",\"position\":3,\"name\":\"Servo PLC Cantilever Shaftless Wire Spooling Machine\"}]},{\"@type\":\"WebSite\",\"@id\":\"https:\/\/rollingringdrives.com\/#website\",\"url\":\"https:\/\/rollingringdrives.com\/\",\"name\":\"QiPang\",\"description\":\"QiPang Blog\",\"publisher\":{\"@id\":\"https:\/\/rollingringdrives.com\/#organization\"},\"potentialAction\":[{\"@type\":\"SearchAction\",\"target\":{\"@type\":\"EntryPoint\",\"urlTemplate\":\"https:\/\/rollingringdrives.com\/?s={search_term_string}\"},\"query-input\":{\"@type\":\"PropertyValueSpecification\",\"valueRequired\":true,\"valueName\":\"search_term_string\"}}],\"inLanguage\":\"es\"},{\"@type\":\"Organization\",\"@id\":\"https:\/\/rollingringdrives.com\/#organization\",\"name\":\"QiPang\",\"url\":\"https:\/\/rollingringdrives.com\/\",\"logo\":{\"@type\":\"ImageObject\",\"inLanguage\":\"es\",\"@id\":\"https:\/\/rollingringdrives.com\/#\/schema\/logo\/image\/\",\"url\":\"https:\/\/rollingringdrives.com\/wp-content\/uploads\/2023\/05\/cropped-\u672a\u547d\u540d\u7684\u8bbe\u8ba1.png\",\"contentUrl\":\"https:\/\/rollingringdrives.com\/wp-content\/uploads\/2023\/05\/cropped-\u672a\u547d\u540d\u7684\u8bbe\u8ba1.png\",\"width\":300,\"height\":191,\"caption\":\"QiPang\"},\"image\":{\"@id\":\"https:\/\/rollingringdrives.com\/#\/schema\/logo\/image\/\"}}]}<\/script>\n<!-- \/ Yoast SEO Premium plugin. -->","yoast_head_json":{"title":"M\u00e1quina bobinadora de alambre sin eje en voladizo servo PLC - QiPang","robots":{"index":"index","follow":"follow","max-snippet":"max-snippet:-1","max-image-preview":"max-image-preview:large","max-video-preview":"max-video-preview:-1"},"canonical":"https:\/\/rollingringdrives.com\/es\/producto\/servo-plc-cantilever-shaftless-wire-spooling-machine\/","og_locale":"es_MX","og_type":"article","og_title":"Servo PLC Cantilever Shaftless Wire Spooling Machine","og_description":"Intelligent PLC Control System: Visualized Parameter Management: Equipped with a Human Machine Interface (HMI), all operational parameters are clearly displayed. Users can precisely configure winding width, pitch (spacing), and winding speed directly on the screen. Storage and Recall:Supports storage for multiple process parameters. When handling cables or spools of different specifications, operators can simply recall the corresponding recipe for rapid switching, significantly boosting production commissioning efficiency. Rapid Loading &amp; Unloading: The shaftless cantilever design eliminates the need for a mandrel. Loading and unloading operations are lightweight, swift, and seamless\u2014ideal for high-frequency spool changeovers and effectively reducing operator labor intensity.","og_url":"https:\/\/rollingringdrives.com\/es\/producto\/servo-plc-cantilever-shaftless-wire-spooling-machine\/","og_site_name":"QiPang","article_modified_time":"2026-01-17T05:08:37+00:00","twitter_card":"summary_large_image","twitter_misc":{"Tiempo de lectura":"1 minuto"},"schema":{"@context":"https:\/\/schema.org","@graph":[{"@type":"WebPage","@id":"https:\/\/rollingringdrives.com\/product\/servo-plc-cantilever-shaftless-wire-spooling-machine\/","url":"https:\/\/rollingringdrives.com\/product\/servo-plc-cantilever-shaftless-wire-spooling-machine\/","name":"M\u00e1quina bobinadora de alambre sin eje en voladizo servo PLC - QiPang","isPartOf":{"@id":"https:\/\/rollingringdrives.com\/#website"},"primaryImageOfPage":{"@id":"https:\/\/rollingringdrives.com\/product\/servo-plc-cantilever-shaftless-wire-spooling-machine\/#primaryimage"},"image":{"@id":"https:\/\/rollingringdrives.com\/product\/servo-plc-cantilever-shaftless-wire-spooling-machine\/#primaryimage"},"thumbnailUrl":"https:\/\/rollingringdrives.com\/wp-content\/uploads\/2026\/01\/take-up-machine-19.avif","datePublished":"2026-01-17T04:56:48+00:00","dateModified":"2026-01-17T05:08:37+00:00","breadcrumb":{"@id":"https:\/\/rollingringdrives.com\/product\/servo-plc-cantilever-shaftless-wire-spooling-machine\/#breadcrumb"},"inLanguage":"es","potentialAction":[{"@type":"ReadAction","target":["https:\/\/rollingringdrives.com\/product\/servo-plc-cantilever-shaftless-wire-spooling-machine\/"]}]},{"@type":"ImageObject","inLanguage":"es","@id":"https:\/\/rollingringdrives.com\/product\/servo-plc-cantilever-shaftless-wire-spooling-machine\/#primaryimage","url":"https:\/\/rollingringdrives.com\/wp-content\/uploads\/2026\/01\/take-up-machine-19.avif","contentUrl":"https:\/\/rollingringdrives.com\/wp-content\/uploads\/2026\/01\/take-up-machine-19.avif","width":800,"height":800,"caption":"servo Wire Spooling Machine"},{"@type":"BreadcrumbList","@id":"https:\/\/rollingringdrives.com\/product\/servo-plc-cantilever-shaftless-wire-spooling-machine\/#breadcrumb","itemListElement":[{"@type":"ListItem","position":1,"name":"Home","item":"https:\/\/rollingringdrives.com\/"},{"@type":"ListItem","position":2,"name":"Machines","item":"https:\/\/rollingringdrives.com\/machines\/"},{"@type":"ListItem","position":3,"name":"Servo PLC Cantilever Shaftless Wire Spooling Machine"}]},{"@type":"WebSite","@id":"https:\/\/rollingringdrives.com\/#website","url":"https:\/\/rollingringdrives.com\/","name":"Qi Pang","description":"Blog QiPang","publisher":{"@id":"https:\/\/rollingringdrives.com\/#organization"},"potentialAction":[{"@type":"SearchAction","target":{"@type":"EntryPoint","urlTemplate":"https:\/\/rollingringdrives.com\/?s={search_term_string}"},"query-input":{"@type":"PropertyValueSpecification","valueRequired":true,"valueName":"search_term_string"}}],"inLanguage":"es"},{"@type":"Organization","@id":"https:\/\/rollingringdrives.com\/#organization","name":"Qi Pang","url":"https:\/\/rollingringdrives.com\/","logo":{"@type":"ImageObject","inLanguage":"es","@id":"https:\/\/rollingringdrives.com\/#\/schema\/logo\/image\/","url":"https:\/\/rollingringdrives.com\/wp-content\/uploads\/2023\/05\/cropped-\u672a\u547d\u540d\u7684\u8bbe\u8ba1.png","contentUrl":"https:\/\/rollingringdrives.com\/wp-content\/uploads\/2023\/05\/cropped-\u672a\u547d\u540d\u7684\u8bbe\u8ba1.png","width":300,"height":191,"caption":"QiPang"},"image":{"@id":"https:\/\/rollingringdrives.com\/#\/schema\/logo\/image\/"}}]}},"_links":{"self":[{"href":"https:\/\/rollingringdrives.com\/es\/wp-json\/wp\/v2\/product\/32880","targetHints":{"allow":["GET"]}}],"collection":[{"href":"https:\/\/rollingringdrives.com\/es\/wp-json\/wp\/v2\/product"}],"about":[{"href":"https:\/\/rollingringdrives.com\/es\/wp-json\/wp\/v2\/types\/product"}],"version-history":[{"count":0,"href":"https:\/\/rollingringdrives.com\/es\/wp-json\/wp\/v2\/product\/32880\/revisions"}],"wp:featuredmedia":[{"embeddable":true,"href":"https:\/\/rollingringdrives.com\/es\/wp-json\/wp\/v2\/media\/32882"}],"wp:attachment":[{"href":"https:\/\/rollingringdrives.com\/es\/wp-json\/wp\/v2\/media?parent=32880"}],"wp:term":[{"taxonomy":"product_brand","embeddable":true,"href":"https:\/\/rollingringdrives.com\/es\/wp-json\/wp\/v2\/product_brand?post=32880"},{"taxonomy":"product_cat","embeddable":true,"href":"https:\/\/rollingringdrives.com\/es\/wp-json\/wp\/v2\/product_cat?post=32880"},{"taxonomy":"product_tag","embeddable":true,"href":"https:\/\/rollingringdrives.com\/es\/wp-json\/wp\/v2\/product_tag?post=32880"}],"curies":[{"name":"wp","href":"https:\/\/api.w.org\/{rel}","templated":true}]}}