{"id":32897,"date":"2026-01-24T03:07:38","date_gmt":"2026-01-24T03:07:38","guid":{"rendered":"https:\/\/rollingringdrives.com\/?post_type=product&#038;p=32897"},"modified":"2026-01-24T03:07:39","modified_gmt":"2026-01-24T03:07:39","slug":"automatic-cable-winding-and-cutting-line-machine","status":"publish","type":"product","link":"https:\/\/rollingringdrives.com\/es\/producto\/automatic-cable-winding-and-cutting-line-machine\/","title":{"rendered":"L\u00ednea autom\u00e1tica de enrollado y corte de cables"},"content":{"rendered":"<p>Shanghai Qipang est\u00e1 especializada en la producci\u00f3n de l\u00edneas de bobinado y corte de longitud fija para cables. Puede ofrecer soluciones profesionales en funci\u00f3n de los distintos tama\u00f1os de bobinas, tipos de cables y longitudes requeridas especificadas por los clientes.<\/p>\n<p>Nuestro <strong>l\u00ednea de producci\u00f3n de bobinado y corte de cables de longitud fija<\/strong> integra tecnolog\u00eda avanzada de bobinado con sistemas de corte precisos. Puede enrollar con suavidad y rapidez diversos tipos y especificaciones de cables de bobinas grandes est\u00e1ndar en bobinas peque\u00f1as especificadas por el usuario, y cortarlos con precisi\u00f3n seg\u00fan los metros preestablecidos, mejorando significativamente el nivel de automatizaci\u00f3n y la eficiencia de producci\u00f3n de los pasos posteriores de procesamiento del cable.<\/p>\n<figure id=\"attachment_32898\" aria-describedby=\"caption-attachment-32898\" style=\"width: 705px\" class=\"wp-caption alignnone\"><img fetchpriority=\"high\" decoding=\"async\" class=\"size-full wp-image-32898\" src=\"https:\/\/rollingringdrives.com\/wp-content\/uploads\/2026\/01\/8f807ad1-b0ff-40b2-b6fb-d7d109b0afbd.avif\" alt=\"L\u00ednea de bobinado y corte de cables \" width=\"705\" height=\"510\" srcset=\"https:\/\/rollingringdrives.com\/wp-content\/uploads\/2026\/01\/8f807ad1-b0ff-40b2-b6fb-d7d109b0afbd.avif 705w, https:\/\/rollingringdrives.com\/wp-content\/uploads\/2026\/01\/8f807ad1-b0ff-40b2-b6fb-d7d109b0afbd-300x217.avif 300w, https:\/\/rollingringdrives.com\/wp-content\/uploads\/2026\/01\/8f807ad1-b0ff-40b2-b6fb-d7d109b0afbd-18x12.avif 18w, https:\/\/rollingringdrives.com\/wp-content\/uploads\/2026\/01\/8f807ad1-b0ff-40b2-b6fb-d7d109b0afbd-600x434.avif 600w\" sizes=\"(max-width: 705px) 100vw, 705px\" \/><figcaption id=\"caption-attachment-32898\" class=\"wp-caption-text\">L\u00ednea de bobinado y corte de cables<\/figcaption><\/figure>\n<h2>Par\u00e1metros de la l\u00ednea de corte y bobinado de cables<\/h2>\n<div id=\"footable_parent_32899\"\n         class=\"footable_parent ninja_table_wrapper loading_ninja_table wp_table_data_press_parent semantic_ui\">\n                <table data-ninja_table_instance=\"ninja_table_instance_0\" data-footable_id=\"32899\" data-filter-delay=\"1000\" aria-label=\"\u5149\u7f06\u5207\u5272\u673a.csv\"            id=\"footable_32899\"\n           data-unique_identifier=\"ninja_table_unique_id_2047360885_32899\"\n           class=\"foo-table ninja_footable foo_table_32899 ninja_table_unique_id_2047360885_32899 ui table  ninja_search_right nt_type_legacy_table selectable celled striped vertical_centered  footable-paging-right ninja_table_pro\">\n                <colgroup>\n                            <col class=\"ninja_column_0\">\n                            <col class=\"ninja_column_1\">\n                    <\/colgroup>\n        <thead>\n<tr class=\"footable-header\">\n                                        <th scope=\"col\"  class=\"ninja_column_0 ninja_clmn_nm_model\">Modelo<\/th><th scope=\"col\"  class=\"ninja_column_1 ninja_clmn_nm_qp46\">QP460<\/th><\/tr>\n<\/thead>\n<tbody>\n\n        <tr data-row_id=\"2186\" class=\"ninja_table_row_0 nt_row_id_2186\">\n            <td> di\u00e1metro del alambre<\/td><td>Cable de 2-16 mm<\/td>        <\/tr>\n            <tr data-row_id=\"2187\" class=\"ninja_table_row_1 nt_row_id_2187\">\n            <td>Tama\u00f1o del carrete de pago <\/td><td>0D630\/800mm<\/td>        <\/tr>\n            <tr data-row_id=\"2188\" class=\"ninja_table_row_2 nt_row_id_2188\">\n            <td>M\u00e9todo de pago<\/td><td>Tensor autom\u00e1tico con o sin eje<\/td>        <\/tr>\n            <tr data-row_id=\"2189\" class=\"ninja_table_row_3 nt_row_id_2189\">\n            <td>Tomar tipo transversal <\/td><td>accionamiento del anillo de rodadura\/servoPLC<\/td>        <\/tr>\n            <tr data-row_id=\"2190\" class=\"ninja_table_row_4 nt_row_id_2190\">\n            <td>Capacidad de carga<\/td><td>200KG eje \u00fanico<\/td>        <\/tr>\n            <tr data-row_id=\"2191\" class=\"ninja_table_row_5 nt_row_id_2191\">\n            <td>M\u00e9todo de l\u00ednea <\/td><td>Cableado autom\u00e1tico<\/td>        <\/tr>\n            <tr data-row_id=\"2192\" class=\"ninja_table_row_6 nt_row_id_2192\">\n            <td>Velocidad de la m\u00e1quina<\/td><td>0-500 rpm, personalizable<\/td>        <\/tr>\n            <tr data-row_id=\"2193\" class=\"ninja_table_row_7 nt_row_id_2193\">\n            <td>Di\u00e1metro exterior de la brida <\/td><td>\u03c6310\/400\/450mm<\/td>        <\/tr>\n            <tr data-row_id=\"2194\" class=\"ninja_table_row_8 nt_row_id_2194\">\n            <td>N\u00famero de ranuras para bridas<\/td><td>3 ranuras<\/td>        <\/tr>\n            <tr data-row_id=\"2195\" class=\"ninja_table_row_9 nt_row_id_2195\">\n            <td>Potencia del motor<\/td><td>Motor reductor de 2,2\/4KW <\/td>        <\/tr>\n            <tr data-row_id=\"2196\" class=\"ninja_table_row_10 nt_row_id_2196\">\n            <td>Di\u00e1metro interior de la brida<\/td><td>\u03c6140\/160\/180mm<\/td>        <\/tr>\n            <tr data-row_id=\"2197\" class=\"ninja_table_row_11 nt_row_id_2197\">\n            <td>Altura de la brida<\/td><td>30-200mm, Personalizable<\/td>        <\/tr>\n            <tr data-row_id=\"2198\" class=\"ninja_table_row_12 nt_row_id_2198\">\n            <td>Color de la m\u00e1quina<\/td><td>Azul RAL5015, Personalizable<\/td>        <\/tr>\n            <tr data-row_id=\"2199\" class=\"ninja_table_row_13 nt_row_id_2199\">\n            <td>Producci\u00f3n por turno<\/td><td>Alrededor de 700 bobinas (7 horas)<\/td>        <\/tr>\n            <tr data-row_id=\"2200\" class=\"ninja_table_row_14 nt_row_id_2200\">\n            <td>fuente de alimentaci\u00f3n<\/td><td>380V 50HZ trif\u00e1sico o Personalizable<\/td>        <\/tr>\n    <\/tbody><!--ninja_tobody_rendering_done-->\n    <\/table>\n    \n    \n    \n<\/div>\n\n<div class=\"ast-oembed-container\" style=\"height: 100%;\"><iframe title=\"L\u00ednea autom\u00e1tica de enrollado y corte de cables\" width=\"422\" height=\"750\" src=\"https:\/\/www.youtube.com\/embed\/PYcvcMHXHuc?feature=oembed\" frameborder=\"0\" allow=\"accelerometer; autoplay; clipboard-write; encrypted-media; gyroscope; picture-in-picture; web-share\" referrerpolicy=\"strict-origin-when-cross-origin\" allowfullscreen><\/iframe><\/div>\n<h2>L\u00ednea de corte y enrollado de cables<\/h2>\n<h4><strong>Sistema de enrollado:<\/strong><\/h4>\n<p>Hay varios tipos de bobinadoras disponibles, incluidas las de tipo voladizo o las de toma de eje. El tama\u00f1o de la m\u00e1quina puede personalizarse para adaptarse a los distintos tipos y tama\u00f1os de bobinas de los clientes. La secci\u00f3n de cableado puede elegir entre el dispositivo de cableado de accionamiento de anillo rodante o el cableado servo plc. La anchura del cableado puede ajustarse en funci\u00f3n de la anchura de la bobina.<\/p>\n<h4>Sistema de corte de longitud fija<\/h4>\n<p>Medici\u00f3n de precisi\u00f3n: El contador de metros equipado con codificadores de alta precisi\u00f3n garantiza la exactitud de la longitud de enrollado del cable, con un error controlado entre 1\/1000 y 1\/3000.<br \/>\nCorte r\u00e1pido: Utilizando eficaces dispositivos de corte (como el corte neum\u00e1tico o hidr\u00e1ulico en funci\u00f3n del material del cable), la superficie de corte es lisa y sin rebabas, y la velocidad se adapta perfectamente al sistema de enrollado.<br \/>\nAjuste flexible: El funcionamiento es sencillo, y se pueden ajustar r\u00e1pidamente diferentes longitudes y cantidades de bobinado en funci\u00f3n de los requisitos de producci\u00f3n.<\/p>\n<h4>M\u00e1quina Pay Offf activa<\/h4>\n<p>La bobinadora es accionada por un motor independiente en lugar de ser arrastrada pasivamente. La m\u00e1quina est\u00e1 equipada con un bastidor de almacenamiento para controlar la tensi\u00f3n del cable en tiempo real y ajustar din\u00e1micamente la velocidad de enrollado para garantizar una tensi\u00f3n constante y evitar que el cable se estire demasiado, se estire o se desenrolle la bobina.<\/p>\n<p>Ya se trate de cables de alimentaci\u00f3n, cables de comunicaci\u00f3n, cables de control u otros tipos especiales de cables, nuestra l\u00ednea de producci\u00f3n puede proporcionar un rendimiento estable y fiable. Es una opci\u00f3n ideal para los fabricantes de alambres y cables, distribuidores de cables y empresas de procesamiento relacionadas. No s\u00f3lo simplifica el proceso de producci\u00f3n, reduce los errores y la intensidad del trabajo causado por la intervenci\u00f3n humana, sino que tambi\u00e9n garantiza la consistencia de la calidad del producto, ayud\u00e1ndole a destacar en la feroz competencia del mercado.<\/p>","protected":false},"excerpt":{"rendered":"<p>La l\u00ednea de producci\u00f3n de bobinado y corte de cables puede transferir los cables de bobinas de gran tama\u00f1o a la unidad de bobinado con una tensi\u00f3n y suavidad constantes, y bobinarlos con precisi\u00f3n en bobinas peque\u00f1as de acuerdo con la longitud preestablecida y, a continuaci\u00f3n, cortarlos autom\u00e1ticamente. Ya se trate de cables el\u00e9ctricos, de comunicaci\u00f3n o especiales, durante el proceso de bobinado se puede minimizar al m\u00e1ximo el estiramiento y la deformaci\u00f3n de los cables durante el desbobinado, garantizando que las propiedades f\u00edsicas de los cables acabados no se vean afectadas. No s\u00f3lo es una herramienta eficaz para mejorar la eficiencia de la producci\u00f3n, sino tambi\u00e9n una opci\u00f3n ideal para garantizar la calidad de los cables de gama alta.<\/p>","protected":false},"featured_media":32902,"template":"","meta":{"site-sidebar-layout":"default","site-content-layout":"default","ast-global-header-display":"","ast-banner-title-visibility":"","ast-main-header-display":"","ast-hfb-above-header-display":"","ast-hfb-below-header-display":"","ast-hfb-mobile-header-display":"","site-post-title":"","ast-breadcrumbs-content":"","ast-featured-img":"","footer-sml-layout":"","theme-transparent-header-meta":"default","adv-header-id-meta":"","stick-header-meta":"","header-above-stick-meta":"","header-main-stick-meta":"","header-below-stick-meta":""},"product_brand":[],"product_cat":[136,137],"product_tag":[],"class_list":{"0":"post-32897","1":"product","2":"type-product","3":"status-publish","4":"has-post-thumbnail","6":"product_cat-coiling-machine","7":"product_cat-coiling-and-reeling-machine","8":"desktop-align-left","9":"tablet-align-left","10":"mobile-align-left","12":"first","13":"instock","14":"shipping-taxable","15":"product-type-simple"},"yoast_head":"<!-- This site is optimized with the Yoast SEO Premium plugin v20.12 (Yoast SEO v26.0) - https:\/\/yoast.com\/wordpress\/plugins\/seo\/ -->\n<title>Automatic Cable Winding and Cutting Line Machine - QiPang<\/title>\n<meta name=\"robots\" content=\"index, follow, max-snippet:-1, max-image-preview:large, max-video-preview:-1\" \/>\n<link rel=\"canonical\" href=\"https:\/\/rollingringdrives.com\/es\/producto\/automatic-cable-winding-and-cutting-line-machine\/\" \/>\n<meta property=\"og:locale\" content=\"es_MX\" \/>\n<meta property=\"og:type\" content=\"article\" \/>\n<meta property=\"og:title\" content=\"Automatic Cable Winding and Cutting Line Machine\" \/>\n<meta property=\"og:description\" content=\"The cable winding and cutting production line can transfer the cables from large-sized reels to the winding unit with constant tension and smoothness, and precisely wind them onto small reels according to the preset length and then automatically cut them off. Whether it is power cables, communication cables or special cables, during the winding process, the stretching and deformation of the cables during unwinding can be minimized as much as possible, ensuring that the physical properties of the finished cables are not affected. This is not only an efficient tool for improving production efficiency, but also an ideal choice for ensuring the quality of high-end cables.\" \/>\n<meta property=\"og:url\" content=\"https:\/\/rollingringdrives.com\/es\/producto\/automatic-cable-winding-and-cutting-line-machine\/\" \/>\n<meta property=\"og:site_name\" content=\"QiPang\" \/>\n<meta property=\"article:modified_time\" content=\"2026-01-24T03:07:39+00:00\" \/>\n<meta name=\"twitter:card\" content=\"summary_large_image\" \/>\n<meta name=\"twitter:label1\" content=\"Tiempo de lectura\" \/>\n\t<meta name=\"twitter:data1\" content=\"3 minutos\" \/>\n<script type=\"application\/ld+json\" class=\"yoast-schema-graph\">{\"@context\":\"https:\/\/schema.org\",\"@graph\":[{\"@type\":\"WebPage\",\"@id\":\"https:\/\/rollingringdrives.com\/product\/automatic-cable-winding-and-cutting-line-machine\/\",\"url\":\"https:\/\/rollingringdrives.com\/product\/automatic-cable-winding-and-cutting-line-machine\/\",\"name\":\"Automatic Cable Winding and Cutting Line Machine - QiPang\",\"isPartOf\":{\"@id\":\"https:\/\/rollingringdrives.com\/#website\"},\"primaryImageOfPage\":{\"@id\":\"https:\/\/rollingringdrives.com\/product\/automatic-cable-winding-and-cutting-line-machine\/#primaryimage\"},\"image\":{\"@id\":\"https:\/\/rollingringdrives.com\/product\/automatic-cable-winding-and-cutting-line-machine\/#primaryimage\"},\"thumbnailUrl\":\"https:\/\/rollingringdrives.com\/wp-content\/uploads\/2026\/01\/take-up-machine.avif\",\"datePublished\":\"2026-01-24T03:07:38+00:00\",\"dateModified\":\"2026-01-24T03:07:39+00:00\",\"breadcrumb\":{\"@id\":\"https:\/\/rollingringdrives.com\/product\/automatic-cable-winding-and-cutting-line-machine\/#breadcrumb\"},\"inLanguage\":\"es\",\"potentialAction\":[{\"@type\":\"ReadAction\",\"target\":[\"https:\/\/rollingringdrives.com\/product\/automatic-cable-winding-and-cutting-line-machine\/\"]}]},{\"@type\":\"ImageObject\",\"inLanguage\":\"es\",\"@id\":\"https:\/\/rollingringdrives.com\/product\/automatic-cable-winding-and-cutting-line-machine\/#primaryimage\",\"url\":\"https:\/\/rollingringdrives.com\/wp-content\/uploads\/2026\/01\/take-up-machine.avif\",\"contentUrl\":\"https:\/\/rollingringdrives.com\/wp-content\/uploads\/2026\/01\/take-up-machine.avif\",\"width\":960,\"height\":960,\"caption\":\"cable winding and cutting machine\"},{\"@type\":\"BreadcrumbList\",\"@id\":\"https:\/\/rollingringdrives.com\/product\/automatic-cable-winding-and-cutting-line-machine\/#breadcrumb\",\"itemListElement\":[{\"@type\":\"ListItem\",\"position\":1,\"name\":\"Home\",\"item\":\"https:\/\/rollingringdrives.com\/\"},{\"@type\":\"ListItem\",\"position\":2,\"name\":\"Machines\",\"item\":\"https:\/\/rollingringdrives.com\/machines\/\"},{\"@type\":\"ListItem\",\"position\":3,\"name\":\"Automatic Cable Winding and Cutting Line Machine\"}]},{\"@type\":\"WebSite\",\"@id\":\"https:\/\/rollingringdrives.com\/#website\",\"url\":\"https:\/\/rollingringdrives.com\/\",\"name\":\"QiPang\",\"description\":\"QiPang Blog\",\"publisher\":{\"@id\":\"https:\/\/rollingringdrives.com\/#organization\"},\"potentialAction\":[{\"@type\":\"SearchAction\",\"target\":{\"@type\":\"EntryPoint\",\"urlTemplate\":\"https:\/\/rollingringdrives.com\/?s={search_term_string}\"},\"query-input\":{\"@type\":\"PropertyValueSpecification\",\"valueRequired\":true,\"valueName\":\"search_term_string\"}}],\"inLanguage\":\"es\"},{\"@type\":\"Organization\",\"@id\":\"https:\/\/rollingringdrives.com\/#organization\",\"name\":\"QiPang\",\"url\":\"https:\/\/rollingringdrives.com\/\",\"logo\":{\"@type\":\"ImageObject\",\"inLanguage\":\"es\",\"@id\":\"https:\/\/rollingringdrives.com\/#\/schema\/logo\/image\/\",\"url\":\"https:\/\/rollingringdrives.com\/wp-content\/uploads\/2023\/05\/cropped-\u672a\u547d\u540d\u7684\u8bbe\u8ba1.png\",\"contentUrl\":\"https:\/\/rollingringdrives.com\/wp-content\/uploads\/2023\/05\/cropped-\u672a\u547d\u540d\u7684\u8bbe\u8ba1.png\",\"width\":300,\"height\":191,\"caption\":\"QiPang\"},\"image\":{\"@id\":\"https:\/\/rollingringdrives.com\/#\/schema\/logo\/image\/\"}}]}<\/script>\n<!-- \/ Yoast SEO Premium plugin. -->","yoast_head_json":{"title":"L\u00ednea de corte y enrollado autom\u00e1tico de cables - QiPang","robots":{"index":"index","follow":"follow","max-snippet":"max-snippet:-1","max-image-preview":"max-image-preview:large","max-video-preview":"max-video-preview:-1"},"canonical":"https:\/\/rollingringdrives.com\/es\/producto\/automatic-cable-winding-and-cutting-line-machine\/","og_locale":"es_MX","og_type":"article","og_title":"Automatic Cable Winding and Cutting Line Machine","og_description":"The cable winding and cutting production line can transfer the cables from large-sized reels to the winding unit with constant tension and smoothness, and precisely wind them onto small reels according to the preset length and then automatically cut them off. Whether it is power cables, communication cables or special cables, during the winding process, the stretching and deformation of the cables during unwinding can be minimized as much as possible, ensuring that the physical properties of the finished cables are not affected. This is not only an efficient tool for improving production efficiency, but also an ideal choice for ensuring the quality of high-end cables.","og_url":"https:\/\/rollingringdrives.com\/es\/producto\/automatic-cable-winding-and-cutting-line-machine\/","og_site_name":"QiPang","article_modified_time":"2026-01-24T03:07:39+00:00","twitter_card":"summary_large_image","twitter_misc":{"Tiempo de lectura":"3 minutos"},"schema":{"@context":"https:\/\/schema.org","@graph":[{"@type":"WebPage","@id":"https:\/\/rollingringdrives.com\/product\/automatic-cable-winding-and-cutting-line-machine\/","url":"https:\/\/rollingringdrives.com\/product\/automatic-cable-winding-and-cutting-line-machine\/","name":"L\u00ednea de corte y enrollado autom\u00e1tico de cables - QiPang","isPartOf":{"@id":"https:\/\/rollingringdrives.com\/#website"},"primaryImageOfPage":{"@id":"https:\/\/rollingringdrives.com\/product\/automatic-cable-winding-and-cutting-line-machine\/#primaryimage"},"image":{"@id":"https:\/\/rollingringdrives.com\/product\/automatic-cable-winding-and-cutting-line-machine\/#primaryimage"},"thumbnailUrl":"https:\/\/rollingringdrives.com\/wp-content\/uploads\/2026\/01\/take-up-machine.avif","datePublished":"2026-01-24T03:07:38+00:00","dateModified":"2026-01-24T03:07:39+00:00","breadcrumb":{"@id":"https:\/\/rollingringdrives.com\/product\/automatic-cable-winding-and-cutting-line-machine\/#breadcrumb"},"inLanguage":"es","potentialAction":[{"@type":"ReadAction","target":["https:\/\/rollingringdrives.com\/product\/automatic-cable-winding-and-cutting-line-machine\/"]}]},{"@type":"ImageObject","inLanguage":"es","@id":"https:\/\/rollingringdrives.com\/product\/automatic-cable-winding-and-cutting-line-machine\/#primaryimage","url":"https:\/\/rollingringdrives.com\/wp-content\/uploads\/2026\/01\/take-up-machine.avif","contentUrl":"https:\/\/rollingringdrives.com\/wp-content\/uploads\/2026\/01\/take-up-machine.avif","width":960,"height":960,"caption":"cable winding and cutting machine"},{"@type":"BreadcrumbList","@id":"https:\/\/rollingringdrives.com\/product\/automatic-cable-winding-and-cutting-line-machine\/#breadcrumb","itemListElement":[{"@type":"ListItem","position":1,"name":"Home","item":"https:\/\/rollingringdrives.com\/"},{"@type":"ListItem","position":2,"name":"Machines","item":"https:\/\/rollingringdrives.com\/machines\/"},{"@type":"ListItem","position":3,"name":"Automatic Cable Winding and Cutting Line Machine"}]},{"@type":"WebSite","@id":"https:\/\/rollingringdrives.com\/#website","url":"https:\/\/rollingringdrives.com\/","name":"Qi Pang","description":"Blog QiPang","publisher":{"@id":"https:\/\/rollingringdrives.com\/#organization"},"potentialAction":[{"@type":"SearchAction","target":{"@type":"EntryPoint","urlTemplate":"https:\/\/rollingringdrives.com\/?s={search_term_string}"},"query-input":{"@type":"PropertyValueSpecification","valueRequired":true,"valueName":"search_term_string"}}],"inLanguage":"es"},{"@type":"Organization","@id":"https:\/\/rollingringdrives.com\/#organization","name":"Qi Pang","url":"https:\/\/rollingringdrives.com\/","logo":{"@type":"ImageObject","inLanguage":"es","@id":"https:\/\/rollingringdrives.com\/#\/schema\/logo\/image\/","url":"https:\/\/rollingringdrives.com\/wp-content\/uploads\/2023\/05\/cropped-\u672a\u547d\u540d\u7684\u8bbe\u8ba1.png","contentUrl":"https:\/\/rollingringdrives.com\/wp-content\/uploads\/2023\/05\/cropped-\u672a\u547d\u540d\u7684\u8bbe\u8ba1.png","width":300,"height":191,"caption":"QiPang"},"image":{"@id":"https:\/\/rollingringdrives.com\/#\/schema\/logo\/image\/"}}]}},"_links":{"self":[{"href":"https:\/\/rollingringdrives.com\/es\/wp-json\/wp\/v2\/product\/32897","targetHints":{"allow":["GET"]}}],"collection":[{"href":"https:\/\/rollingringdrives.com\/es\/wp-json\/wp\/v2\/product"}],"about":[{"href":"https:\/\/rollingringdrives.com\/es\/wp-json\/wp\/v2\/types\/product"}],"version-history":[{"count":0,"href":"https:\/\/rollingringdrives.com\/es\/wp-json\/wp\/v2\/product\/32897\/revisions"}],"wp:featuredmedia":[{"embeddable":true,"href":"https:\/\/rollingringdrives.com\/es\/wp-json\/wp\/v2\/media\/32902"}],"wp:attachment":[{"href":"https:\/\/rollingringdrives.com\/es\/wp-json\/wp\/v2\/media?parent=32897"}],"wp:term":[{"taxonomy":"product_brand","embeddable":true,"href":"https:\/\/rollingringdrives.com\/es\/wp-json\/wp\/v2\/product_brand?post=32897"},{"taxonomy":"product_cat","embeddable":true,"href":"https:\/\/rollingringdrives.com\/es\/wp-json\/wp\/v2\/product_cat?post=32897"},{"taxonomy":"product_tag","embeddable":true,"href":"https:\/\/rollingringdrives.com\/es\/wp-json\/wp\/v2\/product_tag?post=32897"}],"curies":[{"name":"wp","href":"https:\/\/api.w.org\/{rel}","templated":true}]}}