{"id":32906,"date":"2026-02-07T05:27:10","date_gmt":"2026-02-07T05:27:10","guid":{"rendered":"https:\/\/rollingringdrives.com\/?post_type=product&#038;p=32906"},"modified":"2026-02-07T05:56:01","modified_gmt":"2026-02-07T05:56:01","slug":"qp-series-shaftless-pay-off-machine-active-pay-out-machine","status":"publish","type":"product","link":"https:\/\/rollingringdrives.com\/es\/producto\/qp-series-shaftless-pay-off-machine-active-pay-out-machine\/","title":{"rendered":"M\u00e1quina de pago sin eje de la serie Qp: M\u00e1quina de Pago Activo"},"content":{"rendered":"<p>Shanghai Qipang es una empresa l\u00edder especializada en la investigaci\u00f3n, el dise\u00f1o, la fabricaci\u00f3n y la venta de <strong>m\u00e1quina de liquidaci\u00f3n activa<\/strong>. Nuestra misi\u00f3n es proporcionar a los clientes soluciones de procesamiento de cable eficientes, estables e inteligentes a trav\u00e9s de la innovaci\u00f3n tecnol\u00f3gica. Nos dedicamos a ayudar a los clientes de todo el mundo a optimizar los procesos de producci\u00f3n, reducir los costes operativos y mejorar la calidad de los productos, desde las m\u00e1quinas de bobinado y enrollado hasta otros equipos auxiliares.<\/p>\n<p>Dise\u00f1ada para el procesamiento preciso de alambres y cables, esta m\u00e1quina de desenrollado activo proporciona un desenrollado motorizado y sincronizado para garantizar una producci\u00f3n sin problemas. A diferencia de la m\u00e1quina de desembobinado pasivo, esta unidad acciona activamente el carrete, manteniendo una tensi\u00f3n constante independientemente de la velocidad de la l\u00ednea.<\/p>\n<figure id=\"attachment_32918\" aria-describedby=\"caption-attachment-32918\" style=\"width: 2560px\" class=\"wp-caption alignnone\"><img fetchpriority=\"high\" decoding=\"async\" class=\"size-full wp-image-32918\" src=\"https:\/\/rollingringdrives.com\/wp-content\/uploads\/2025\/09\/\u534e\u901a-\u4e3b\u52a8\u653e\u50a8\u6210\u5708\u673a\u590d\u7ed5-18_\u526f\u672c-scaled.avif\" alt=\"m\u00e1quina de liquidaci\u00f3n activa\" width=\"2560\" height=\"1332\" srcset=\"https:\/\/rollingringdrives.com\/wp-content\/uploads\/2025\/09\/\u534e\u901a-\u4e3b\u52a8\u653e\u50a8\u6210\u5708\u673a\u590d\u7ed5-18_\u526f\u672c-scaled.avif 2560w, https:\/\/rollingringdrives.com\/wp-content\/uploads\/2025\/09\/\u534e\u901a-\u4e3b\u52a8\u653e\u50a8\u6210\u5708\u673a\u590d\u7ed5-18_\u526f\u672c-300x156.avif 300w, https:\/\/rollingringdrives.com\/wp-content\/uploads\/2025\/09\/\u534e\u901a-\u4e3b\u52a8\u653e\u50a8\u6210\u5708\u673a\u590d\u7ed5-18_\u526f\u672c-1024x533.avif 1024w, https:\/\/rollingringdrives.com\/wp-content\/uploads\/2025\/09\/\u534e\u901a-\u4e3b\u52a8\u653e\u50a8\u6210\u5708\u673a\u590d\u7ed5-18_\u526f\u672c-768x400.avif 768w, https:\/\/rollingringdrives.com\/wp-content\/uploads\/2025\/09\/\u534e\u901a-\u4e3b\u52a8\u653e\u50a8\u6210\u5708\u673a\u590d\u7ed5-18_\u526f\u672c-1536x799.avif 1536w, https:\/\/rollingringdrives.com\/wp-content\/uploads\/2025\/09\/\u534e\u901a-\u4e3b\u52a8\u653e\u50a8\u6210\u5708\u673a\u590d\u7ed5-18_\u526f\u672c-2048x1066.avif 2048w, https:\/\/rollingringdrives.com\/wp-content\/uploads\/2025\/09\/\u534e\u901a-\u4e3b\u52a8\u653e\u50a8\u6210\u5708\u673a\u590d\u7ed5-18_\u526f\u672c-18x9.avif 18w, https:\/\/rollingringdrives.com\/wp-content\/uploads\/2025\/09\/\u534e\u901a-\u4e3b\u52a8\u653e\u50a8\u6210\u5708\u673a\u590d\u7ed5-18_\u526f\u672c-600x312.avif 600w\" sizes=\"(max-width: 2560px) 100vw, 2560px\" \/><figcaption id=\"caption-attachment-32918\" class=\"wp-caption-text\">m\u00e1quina de liquidaci\u00f3n activa<\/figcaption><\/figure>\n<h2>Par\u00e1metro de la m\u00e1quina de pago activa<\/h2>\n<div id=\"footable_parent_32907\"\n         class=\"footable_parent ninja_table_wrapper loading_ninja_table wp_table_data_press_parent semantic_ui\">\n                <table data-ninja_table_instance=\"ninja_table_instance_0\" data-footable_id=\"32907\" data-filter-delay=\"1000\" aria-label=\"\u60ac\u81c2\u4e3b\u52a8\u653e\u7ebf\u673a.csv\"            id=\"footable_32907\"\n           data-unique_identifier=\"ninja_table_unique_id_424862500_32907\"\n           class=\"foo-table ninja_footable foo_table_32907 ninja_table_unique_id_424862500_32907 ui table  ninja_search_right nt_type_legacy_table selectable celled striped vertical_centered  footable-paging-right ninja_table_pro\">\n                <colgroup>\n                            <col class=\"ninja_column_0\">\n                            <col class=\"ninja_column_1\">\n                            <col class=\"ninja_column_2\">\n                            <col class=\"ninja_column_3\">\n                            <col class=\"ninja_column_4\">\n                    <\/colgroup>\n        <thead>\n<tr class=\"footable-header\">\n                                                                                        <th scope=\"col\"  class=\"ninja_column_0 ninja_clmn_nm_model\">Modelo<\/th><th scope=\"col\"  class=\"ninja_column_1 ninja_clmn_nm_qp63activepayoffmachine\">Pagadora activa QP630<\/th><th scope=\"col\"  class=\"ninja_column_2 ninja_clmn_nm_qp8activepayoffmachine\">M\u00e1quina de pago activa QP800<\/th><th scope=\"col\"  class=\"ninja_column_3 ninja_clmn_nm_qp1activepayoffmachine\">M\u00e1quina de pago activa QP1000<\/th><th scope=\"col\"  class=\"ninja_column_4 ninja_clmn_nm_qp125activepayoffmachine\">M\u00e1quina de pago activa QP1250<\/th><\/tr>\n<\/thead>\n<tbody>\n\n        <tr data-row_id=\"2201\" class=\"ninja_table_row_0 nt_row_id_2201\">\n            <td>Tama\u00f1o de bobina\u00a3\u00a8mm)<\/td><td>OD400-630mm anchura 475mm, interior 56\/80mm<\/td><td>DE630-800 mm, anchura 600 mm, interior 80 mm<\/td><td>OD800-1000mm, anchura 750mm, interior 80mm<\/td><td>DE1000-1250 mm, anchura 750 mm, interior 80 mm<\/td>        <\/tr>\n            <tr data-row_id=\"2202\" class=\"ninja_table_row_1 nt_row_id_2202\">\n            <td>Tama\u00f1o de la bobina (pulgadas)<\/td><td>OD24\" -31\" W:23\" ID:3\" <\/td><td>OD24\" -31\" W:23\" ID:3\" <\/td><td>OD31\" -39\" W:29\" ID:3\" <\/td><td>OD39\" -49\" W:29\" ID:3\" <\/td>        <\/tr>\n            <tr data-row_id=\"2203\" class=\"ninja_table_row_2 nt_row_id_2203\">\n            <td>di\u00e1metro del alambre<\/td><td> 0,32-4MM<\/td><td>0,5-15 mm<\/td><td>5-25MM<\/td><td>5-30MM<\/td>        <\/tr>\n            <tr data-row_id=\"2204\" class=\"ninja_table_row_3 nt_row_id_2204\">\n            <td>modo de pago<\/td><td>activo rentable <\/td><td>activo rentable <\/td><td>activo rentable <\/td><td>activo rentable <\/td>        <\/tr>\n            <tr data-row_id=\"2205\" class=\"ninja_table_row_4 nt_row_id_2205\">\n            <td>Velocidad de la m\u00e1quina<\/td><td>0-250m\/min (velocidad ajustable por inversor)<\/td><td>0-300 m\/min (velocidad ajustable por inversor)<\/td><td>0-250m\/min (velocidad ajustable por inversor)<\/td><td>0-250m\/min (velocidad ajustable por inversor)<\/td>        <\/tr>\n            <tr data-row_id=\"2206\" class=\"ninja_table_row_5 nt_row_id_2206\">\n            <td>M\u00e9todo de sujeci\u00f3n:<\/td><td>Sujeci\u00f3n con manivela (o sujeci\u00f3n con cilindro)<\/td><td>Sujeci\u00f3n con manivela (o sujeci\u00f3n con cilindro)<\/td><td>Sujeci\u00f3n con manivela (o sujeci\u00f3n con cilindro)<\/td><td>Sujeci\u00f3n con manivela (o sujeci\u00f3n con cilindro)<\/td>        <\/tr>\n            <tr data-row_id=\"2207\" class=\"ninja_table_row_6 nt_row_id_2207\">\n            <td>pagar Motor<\/td><td>2,2KW +RV90-1:7,5 elevador de tornillo el\u00e9ctrico, dispositivos de l\u00edmite superior e inferior, seguridad<\/td><td>4KW+ RV90-1:7.5 elevador de husillo el\u00e9ctrico, dispositivos de l\u00edmite superior e inferior, seguridad<\/td><td>5.5KW+RV10-1:7.5 elevador de tornillo el\u00e9ctrico, dispositivos de l\u00edmite superior e inferior, seguridad<\/td><td>7.5KW+RV10-1:7.5 elevador de tornillo el\u00e9ctrico, dispositivos de l\u00edmite superior e inferior, seguridad<\/td>        <\/tr>\n            <tr data-row_id=\"2208\" class=\"ninja_table_row_7 nt_row_id_2208\">\n            <td>Fuente de alimentaci\u00f3n<\/td><td>380 V, trif\u00e1sico, 50 Hz o personalizar<\/td><td>380 V, trif\u00e1sico, 50 Hz o personalizar<\/td><td>380 V, trif\u00e1sico, 50 Hz o personalizar<\/td><td>380 V, trif\u00e1sico, 50 Hz o personalizar<\/td>        <\/tr>\n            <tr data-row_id=\"2209\" class=\"ninja_table_row_8 nt_row_id_2209\">\n            <td>carga m\u00e1xima<\/td><td>750 kg<\/td><td>1000kg<\/td><td>1000kg<\/td><td>1000kg<\/td>        <\/tr>\n            <tr data-row_id=\"2210\" class=\"ninja_table_row_9 nt_row_id_2210\">\n            <td>Color del equipo<\/td><td>Azul RAL5015<\/td><td>Azul RAL5015<\/td><td>Azul RAL5015<\/td><td>Azul RAL5015<\/td>        <\/tr>\n            <tr data-row_id=\"2211\" class=\"ninja_table_row_10 nt_row_id_2211\">\n            <td>alambre Estante de almacenamiento<\/td><td>Soporte de almacenamiento vertical de alambre tensado\n1) Altura total: 1,8 metros;\n2) Capacidad de almacenamiento: Aproximadamente 15 metros, carretes de almacenamiento de alambre \u00a6\u00d5250mm (4 juegos + 3 juegos);\n3) Di\u00e1metro de alambre aplicable: 1-9mm n\u00facleos multi-hilo, alambre de cobre 2.2-4mm\n4) Material del rodillo gu\u00eda: Acero pl\u00e1stico POM \/ rodillos de aluminio anodizado duro\n5) M\u00e9todo de control: El sensor emite una se\u00f1al de tensi\u00f3n de 0-10V para regular la velocidad de liberaci\u00f3n del alambre.<\/td><td>Soporte de almacenamiento vertical de alambre tensado\n1) Altura total: 1,8 metros;\n2) Capacidad de almacenamiento: Aproximadamente 15 metros, carretes de almacenamiento de alambre\u00a6\u00d5250mm (4 juegos + 3 juegos);\n3) Di\u00e1metro de alambre aplicable: 1-9mm n\u00facleos multi-hilo, alambre de cobre 2.2-4mm\n4) Material del rodillo gu\u00eda: Acero pl\u00e1stico POM \/ rodillos de aluminio anodizado duro\n5) M\u00e9todo de control: El sensor emite una se\u00f1al de tensi\u00f3n de 0-10V para regular la velocidad de liberaci\u00f3n del alambre.<\/td><td>Soporte de almacenamiento vertical de alambre tensado\n1) Altura total: 1,8 metros;\n2) Capacidad de almacenamiento: Aproximadamente 15 metros, carretes de almacenamiento de alambre \u00a6\u00d5250mm (4 juegos + 3 juegos);\n3) Di\u00e1metro de alambre aplicable: 1-9mm n\u00facleos multi-hilo, alambre de cobre 2.2-4mm\n4) Material del rodillo gu\u00eda: Acero pl\u00e1stico POM \/ rodillos de aluminio anodizado duro\n5) M\u00e9todo de control: El sensor emite una se\u00f1al de tensi\u00f3n de 0-10V para regular la velocidad de liberaci\u00f3n del alambre.<\/td><td>Soporte de almacenamiento vertical de alambre tensado\n1) Altura total: 1,8 metros;\n2) Capacidad de almacenamiento: Aproximadamente 15 metros, carretes de almacenamiento de alambre \u00a6\u00d5250mm (4 juegos + 3 juegos);\n3) Di\u00e1metro de alambre aplicable: 1-9mm n\u00facleos multi-hilo, alambre de cobre 2.2-4mm\n4) Material del rodillo gu\u00eda: Acero pl\u00e1stico POM \/ rodillos de aluminio anodizado duro\n5) M\u00e9todo de control: El sensor emite una se\u00f1al de tensi\u00f3n de 0-10V para regular la velocidad de liberaci\u00f3n del alambre.<\/td>        <\/tr>\n    <\/tbody><!--ninja_tobody_rendering_done-->\n    <\/table>\n    \n    \n    \n<\/div>\n\n<h2>Solicitud de m\u00e1quina de pago activa<\/h2>\n<div class=\"ast-oembed-container\" style=\"height: 100%;\"><iframe title=\"1250 Cantilever activo con bailar\u00edn+contador de metros+enrolladora servo\" width=\"422\" height=\"750\" src=\"https:\/\/www.youtube.com\/embed\/DgoX6zlJG7o?feature=oembed\" frameborder=\"0\" allow=\"accelerometer; autoplay; clipboard-write; encrypted-media; gyroscope; picture-in-picture; web-share\" referrerpolicy=\"strict-origin-when-cross-origin\" allowfullscreen><\/iframe><\/div>\n<p>&nbsp;<\/p>\n<h3><strong>Ventajas de la m\u00e1quina de pago activo de la serie QP<\/strong><\/h3>\n<p>1. Eficacia y precisi\u00f3n<br \/>\nEl equipo utiliza un convertidor de frecuencia para controlar la velocidad de desembolso. Combinado con un dise\u00f1o de brazo oscilante, una rueda gu\u00eda oscilante controlada por cilindro y un sensor de desplazamiento, garantiza un desembolso preciso, evita la acumulaci\u00f3n de cables y los da\u00f1os, y mejora la eficiencia de la producci\u00f3n.<\/p>\n<p>2. Proteger la calidad del cable<br \/>\nLa m\u00e1quina de desenrollado activo controla activamente el proceso de desenrollado, eliminando problemas como el adelgazamiento del n\u00facleo del alambre y los enredos, garantizando una alta calidad del alambre durante todo el proceso de producci\u00f3n. Es especialmente adecuada para enrollar y devanar alambres cuadrados peque\u00f1os.<\/p>\n<p>3. Alto nivel de automatizaci\u00f3n<br \/>\nEl equipo admite el pago de potencia sin eje, lo que simplifica la carga y descarga de bobinas, reduce la intervenci\u00f3n manual y mejora a\u00fan m\u00e1s el nivel de automatizaci\u00f3n de la l\u00ednea de producci\u00f3n.<\/p>\n<p>4. Dise\u00f1o estructural optimizado<br \/>\nAlgunos equipos presentan un dise\u00f1o de bastidor de salida vertical u horizontal, compacto y flexible, que se adapta a las necesidades de diversos entornos de producci\u00f3n y mejora la practicidad del equipo.<\/p>","protected":false},"excerpt":{"rendered":"<p>En las l\u00edneas de producci\u00f3n de alambres y cables, garantizar un proceso de alimentaci\u00f3n continuo y sin problemas es fundamental para la eficacia. Nuestro <strong>Cable Pago activo<\/strong>trabajando a la perfecci\u00f3n con un\u00a0<strong>Acumulador (soporte de almacenamiento)<\/strong>proporciona la soluci\u00f3n perfecta para l\u00edneas de extrusi\u00f3n y bobinado de alta velocidad. Mientras que el Active Pay-off garantiza un desbobinado motorizado y sincronizado, el Accumulator act\u00faa como amortiguador, permitiendo una producci\u00f3n ininterrumpida incluso durante los cambios de bobina.<\/p>","protected":false},"featured_media":32910,"template":"","meta":{"site-sidebar-layout":"default","site-content-layout":"default","ast-global-header-display":"","ast-banner-title-visibility":"","ast-main-header-display":"","ast-hfb-above-header-display":"","ast-hfb-below-header-display":"","ast-hfb-mobile-header-display":"","site-post-title":"","ast-breadcrumbs-content":"","ast-featured-img":"","footer-sml-layout":"","theme-transparent-header-meta":"default","adv-header-id-meta":"","stick-header-meta":"","header-above-stick-meta":"","header-main-stick-meta":"","header-below-stick-meta":""},"product_brand":[],"product_cat":[48,133],"product_tag":[],"class_list":{"0":"post-32906","1":"product","2":"type-product","3":"status-publish","4":"has-post-thumbnail","6":"product_cat-wire-payoff-machine","7":"product_cat-active-pay-off-machine","8":"desktop-align-left","9":"tablet-align-left","10":"mobile-align-left","12":"first","13":"instock","14":"shipping-taxable","15":"product-type-simple"},"yoast_head":"<!-- This site is optimized with the Yoast SEO Premium plugin v20.12 (Yoast SEO v26.0) - https:\/\/yoast.com\/wordpress\/plugins\/seo\/ -->\n<title>Qp Series Shaftless Pay Off Machine: Active Pay Out Machine - QiPang<\/title>\n<meta name=\"robots\" content=\"index, follow, max-snippet:-1, max-image-preview:large, max-video-preview:-1\" \/>\n<link rel=\"canonical\" href=\"https:\/\/rollingringdrives.com\/es\/producto\/qp-series-shaftless-pay-off-machine-active-pay-out-machine\/\" \/>\n<meta property=\"og:locale\" content=\"es_MX\" \/>\n<meta property=\"og:type\" content=\"article\" \/>\n<meta property=\"og:title\" content=\"Qp Series Shaftless Pay Off Machine: Active Pay Out Machine\" \/>\n<meta property=\"og:description\" content=\"In wire and cable production lines, ensuring a continuous and smooth feeding process is critical for efficiency. Our Cable Active Pay-off, working seamlessly with an\u00a0Accumulator (Storage Stand), provides the perfect solution for high-speed extrusion and coiling lines. While the Active Pay-off ensures motorized, synchronized unwinding, the Accumulator acts as a buffer, allowing for non-stop production even during reel changes.\" \/>\n<meta property=\"og:url\" content=\"https:\/\/rollingringdrives.com\/es\/producto\/qp-series-shaftless-pay-off-machine-active-pay-out-machine\/\" \/>\n<meta property=\"og:site_name\" content=\"QiPang\" \/>\n<meta property=\"article:modified_time\" content=\"2026-02-07T05:56:01+00:00\" \/>\n<meta name=\"twitter:card\" content=\"summary_large_image\" \/>\n<meta name=\"twitter:label1\" content=\"Tiempo de lectura\" \/>\n\t<meta name=\"twitter:data1\" content=\"2 minutos\" \/>\n<script type=\"application\/ld+json\" class=\"yoast-schema-graph\">{\"@context\":\"https:\/\/schema.org\",\"@graph\":[{\"@type\":\"WebPage\",\"@id\":\"https:\/\/rollingringdrives.com\/product\/qp-series-shaftless-pay-off-machine-active-pay-out-machine\/\",\"url\":\"https:\/\/rollingringdrives.com\/product\/qp-series-shaftless-pay-off-machine-active-pay-out-machine\/\",\"name\":\"Qp Series Shaftless Pay Off Machine: Active Pay Out Machine - QiPang\",\"isPartOf\":{\"@id\":\"https:\/\/rollingringdrives.com\/#website\"},\"primaryImageOfPage\":{\"@id\":\"https:\/\/rollingringdrives.com\/product\/qp-series-shaftless-pay-off-machine-active-pay-out-machine\/#primaryimage\"},\"image\":{\"@id\":\"https:\/\/rollingringdrives.com\/product\/qp-series-shaftless-pay-off-machine-active-pay-out-machine\/#primaryimage\"},\"thumbnailUrl\":\"https:\/\/rollingringdrives.com\/wp-content\/uploads\/2026\/02\/take-up-machine-1.avif\",\"datePublished\":\"2026-02-07T05:27:10+00:00\",\"dateModified\":\"2026-02-07T05:56:01+00:00\",\"breadcrumb\":{\"@id\":\"https:\/\/rollingringdrives.com\/product\/qp-series-shaftless-pay-off-machine-active-pay-out-machine\/#breadcrumb\"},\"inLanguage\":\"es\",\"potentialAction\":[{\"@type\":\"ReadAction\",\"target\":[\"https:\/\/rollingringdrives.com\/product\/qp-series-shaftless-pay-off-machine-active-pay-out-machine\/\"]}]},{\"@type\":\"ImageObject\",\"inLanguage\":\"es\",\"@id\":\"https:\/\/rollingringdrives.com\/product\/qp-series-shaftless-pay-off-machine-active-pay-out-machine\/#primaryimage\",\"url\":\"https:\/\/rollingringdrives.com\/wp-content\/uploads\/2026\/02\/take-up-machine-1.avif\",\"contentUrl\":\"https:\/\/rollingringdrives.com\/wp-content\/uploads\/2026\/02\/take-up-machine-1.avif\",\"width\":800,\"height\":800,\"caption\":\"active pay out machine\"},{\"@type\":\"BreadcrumbList\",\"@id\":\"https:\/\/rollingringdrives.com\/product\/qp-series-shaftless-pay-off-machine-active-pay-out-machine\/#breadcrumb\",\"itemListElement\":[{\"@type\":\"ListItem\",\"position\":1,\"name\":\"Home\",\"item\":\"https:\/\/rollingringdrives.com\/\"},{\"@type\":\"ListItem\",\"position\":2,\"name\":\"Machines\",\"item\":\"https:\/\/rollingringdrives.com\/machines\/\"},{\"@type\":\"ListItem\",\"position\":3,\"name\":\"Qp Series Shaftless Pay Off Machine: Active Pay Out Machine\"}]},{\"@type\":\"WebSite\",\"@id\":\"https:\/\/rollingringdrives.com\/#website\",\"url\":\"https:\/\/rollingringdrives.com\/\",\"name\":\"QiPang\",\"description\":\"QiPang Blog\",\"publisher\":{\"@id\":\"https:\/\/rollingringdrives.com\/#organization\"},\"potentialAction\":[{\"@type\":\"SearchAction\",\"target\":{\"@type\":\"EntryPoint\",\"urlTemplate\":\"https:\/\/rollingringdrives.com\/?s={search_term_string}\"},\"query-input\":{\"@type\":\"PropertyValueSpecification\",\"valueRequired\":true,\"valueName\":\"search_term_string\"}}],\"inLanguage\":\"es\"},{\"@type\":\"Organization\",\"@id\":\"https:\/\/rollingringdrives.com\/#organization\",\"name\":\"QiPang\",\"url\":\"https:\/\/rollingringdrives.com\/\",\"logo\":{\"@type\":\"ImageObject\",\"inLanguage\":\"es\",\"@id\":\"https:\/\/rollingringdrives.com\/#\/schema\/logo\/image\/\",\"url\":\"https:\/\/rollingringdrives.com\/wp-content\/uploads\/2023\/05\/cropped-\u672a\u547d\u540d\u7684\u8bbe\u8ba1.png\",\"contentUrl\":\"https:\/\/rollingringdrives.com\/wp-content\/uploads\/2023\/05\/cropped-\u672a\u547d\u540d\u7684\u8bbe\u8ba1.png\",\"width\":300,\"height\":191,\"caption\":\"QiPang\"},\"image\":{\"@id\":\"https:\/\/rollingringdrives.com\/#\/schema\/logo\/image\/\"}}]}<\/script>\n<!-- \/ Yoast SEO Premium plugin. -->","yoast_head_json":{"title":"Qp Series Shaftless Pay Off Machine: M\u00e1quina de Pago Activo - QiPang","robots":{"index":"index","follow":"follow","max-snippet":"max-snippet:-1","max-image-preview":"max-image-preview:large","max-video-preview":"max-video-preview:-1"},"canonical":"https:\/\/rollingringdrives.com\/es\/producto\/qp-series-shaftless-pay-off-machine-active-pay-out-machine\/","og_locale":"es_MX","og_type":"article","og_title":"Qp Series Shaftless Pay Off Machine: Active Pay Out Machine","og_description":"In wire and cable production lines, ensuring a continuous and smooth feeding process is critical for efficiency. Our Cable Active Pay-off, working seamlessly with an\u00a0Accumulator (Storage Stand), provides the perfect solution for high-speed extrusion and coiling lines. While the Active Pay-off ensures motorized, synchronized unwinding, the Accumulator acts as a buffer, allowing for non-stop production even during reel changes.","og_url":"https:\/\/rollingringdrives.com\/es\/producto\/qp-series-shaftless-pay-off-machine-active-pay-out-machine\/","og_site_name":"QiPang","article_modified_time":"2026-02-07T05:56:01+00:00","twitter_card":"summary_large_image","twitter_misc":{"Tiempo de lectura":"2 minutos"},"schema":{"@context":"https:\/\/schema.org","@graph":[{"@type":"WebPage","@id":"https:\/\/rollingringdrives.com\/product\/qp-series-shaftless-pay-off-machine-active-pay-out-machine\/","url":"https:\/\/rollingringdrives.com\/product\/qp-series-shaftless-pay-off-machine-active-pay-out-machine\/","name":"Qp Series Shaftless Pay Off Machine: M\u00e1quina de Pago Activo - QiPang","isPartOf":{"@id":"https:\/\/rollingringdrives.com\/#website"},"primaryImageOfPage":{"@id":"https:\/\/rollingringdrives.com\/product\/qp-series-shaftless-pay-off-machine-active-pay-out-machine\/#primaryimage"},"image":{"@id":"https:\/\/rollingringdrives.com\/product\/qp-series-shaftless-pay-off-machine-active-pay-out-machine\/#primaryimage"},"thumbnailUrl":"https:\/\/rollingringdrives.com\/wp-content\/uploads\/2026\/02\/take-up-machine-1.avif","datePublished":"2026-02-07T05:27:10+00:00","dateModified":"2026-02-07T05:56:01+00:00","breadcrumb":{"@id":"https:\/\/rollingringdrives.com\/product\/qp-series-shaftless-pay-off-machine-active-pay-out-machine\/#breadcrumb"},"inLanguage":"es","potentialAction":[{"@type":"ReadAction","target":["https:\/\/rollingringdrives.com\/product\/qp-series-shaftless-pay-off-machine-active-pay-out-machine\/"]}]},{"@type":"ImageObject","inLanguage":"es","@id":"https:\/\/rollingringdrives.com\/product\/qp-series-shaftless-pay-off-machine-active-pay-out-machine\/#primaryimage","url":"https:\/\/rollingringdrives.com\/wp-content\/uploads\/2026\/02\/take-up-machine-1.avif","contentUrl":"https:\/\/rollingringdrives.com\/wp-content\/uploads\/2026\/02\/take-up-machine-1.avif","width":800,"height":800,"caption":"active pay out machine"},{"@type":"BreadcrumbList","@id":"https:\/\/rollingringdrives.com\/product\/qp-series-shaftless-pay-off-machine-active-pay-out-machine\/#breadcrumb","itemListElement":[{"@type":"ListItem","position":1,"name":"Home","item":"https:\/\/rollingringdrives.com\/"},{"@type":"ListItem","position":2,"name":"Machines","item":"https:\/\/rollingringdrives.com\/machines\/"},{"@type":"ListItem","position":3,"name":"Qp Series Shaftless Pay Off Machine: Active Pay Out Machine"}]},{"@type":"WebSite","@id":"https:\/\/rollingringdrives.com\/#website","url":"https:\/\/rollingringdrives.com\/","name":"Qi Pang","description":"Blog QiPang","publisher":{"@id":"https:\/\/rollingringdrives.com\/#organization"},"potentialAction":[{"@type":"SearchAction","target":{"@type":"EntryPoint","urlTemplate":"https:\/\/rollingringdrives.com\/?s={search_term_string}"},"query-input":{"@type":"PropertyValueSpecification","valueRequired":true,"valueName":"search_term_string"}}],"inLanguage":"es"},{"@type":"Organization","@id":"https:\/\/rollingringdrives.com\/#organization","name":"Qi Pang","url":"https:\/\/rollingringdrives.com\/","logo":{"@type":"ImageObject","inLanguage":"es","@id":"https:\/\/rollingringdrives.com\/#\/schema\/logo\/image\/","url":"https:\/\/rollingringdrives.com\/wp-content\/uploads\/2023\/05\/cropped-\u672a\u547d\u540d\u7684\u8bbe\u8ba1.png","contentUrl":"https:\/\/rollingringdrives.com\/wp-content\/uploads\/2023\/05\/cropped-\u672a\u547d\u540d\u7684\u8bbe\u8ba1.png","width":300,"height":191,"caption":"QiPang"},"image":{"@id":"https:\/\/rollingringdrives.com\/#\/schema\/logo\/image\/"}}]}},"_links":{"self":[{"href":"https:\/\/rollingringdrives.com\/es\/wp-json\/wp\/v2\/product\/32906","targetHints":{"allow":["GET"]}}],"collection":[{"href":"https:\/\/rollingringdrives.com\/es\/wp-json\/wp\/v2\/product"}],"about":[{"href":"https:\/\/rollingringdrives.com\/es\/wp-json\/wp\/v2\/types\/product"}],"version-history":[{"count":0,"href":"https:\/\/rollingringdrives.com\/es\/wp-json\/wp\/v2\/product\/32906\/revisions"}],"wp:featuredmedia":[{"embeddable":true,"href":"https:\/\/rollingringdrives.com\/es\/wp-json\/wp\/v2\/media\/32910"}],"wp:attachment":[{"href":"https:\/\/rollingringdrives.com\/es\/wp-json\/wp\/v2\/media?parent=32906"}],"wp:term":[{"taxonomy":"product_brand","embeddable":true,"href":"https:\/\/rollingringdrives.com\/es\/wp-json\/wp\/v2\/product_brand?post=32906"},{"taxonomy":"product_cat","embeddable":true,"href":"https:\/\/rollingringdrives.com\/es\/wp-json\/wp\/v2\/product_cat?post=32906"},{"taxonomy":"product_tag","embeddable":true,"href":"https:\/\/rollingringdrives.com\/es\/wp-json\/wp\/v2\/product_tag?post=32906"}],"curies":[{"name":"wp","href":"https:\/\/api.w.org\/{rel}","templated":true}]}}