{"id":32944,"date":"2026-04-18T02:53:12","date_gmt":"2026-04-18T02:53:12","guid":{"rendered":"https:\/\/rollingringdrives.com\/?post_type=product&#038;p=32944"},"modified":"2026-04-18T02:53:13","modified_gmt":"2026-04-18T02:53:13","slug":"15xy-dual-axis-laser-diameter-gauge-for-a-1-75mm-3d-filament-line","status":"publish","type":"product","link":"https:\/\/rollingringdrives.com\/es\/producto\/15xy-dual-axis-laser-diameter-gauge-for-a-1-75mm-3d-filament-line\/","title":{"rendered":"Medidor l\u00e1ser de di\u00e1metro de doble eje 15XY para una l\u00ednea de filamentos 3D de 1,75 mm"},"content":{"rendered":"<p>El medidor de di\u00e1metro l\u00e1ser 15XY utiliza un modo de medici\u00f3n bidimensional, y mide el di\u00e1metro de la pieza de trabajo en dos direcciones. Su estructura es compacta y cuenta con las mismas funciones operativas e interfaz de salida. Consta de un cabezal de medici\u00f3n l\u00e1ser, un panel de control y un control remoto, y se puede ampliar para conectar pantallas remotas de distintos tama\u00f1os, tal como se muestra en la siguiente figura.<\/p>\n<div id=\"footable_parent_32945\"\n         class=\"footable_parent ninja_table_wrapper loading_ninja_table wp_table_data_press_parent semantic_ui\">\n                <table data-ninja_table_instance=\"ninja_table_instance_0\" data-footable_id=\"32945\" data-filter-delay=\"1000\" aria-label=\"15xy.csv\"            id=\"footable_32945\"\n           data-unique_identifier=\"ninja_table_unique_id_704470286_32945\"\n           class=\"foo-table ninja_footable foo_table_32945 ninja_table_unique_id_704470286_32945 ui table  ninja_search_right nt_type_legacy_table selectable celled striped vertical_centered  footable-paging-right ninja_table_pro\">\n                <colgroup>\n                            <col class=\"ninja_column_0\">\n                            <col class=\"ninja_column_1\">\n                            <col class=\"ninja_column_2\">\n                            <col class=\"ninja_column_3\">\n                            <col class=\"ninja_column_4\">\n                            <col class=\"ninja_column_5\">\n                    <\/colgroup>\n        <thead>\n<tr class=\"footable-header\">\n                                                                                                        <th scope=\"col\"  class=\"ninja_column_0 ninja_clmn_nm_model\">Modelo<\/th><th scope=\"col\"  class=\"ninja_column_1 ninja_clmn_nm_noofaxis\">N.\u00ba de ejes<\/th><th scope=\"col\"  class=\"ninja_column_2 ninja_clmn_nm_resolution\">Resoluci\u00f3n<\/th><th scope=\"col\"  class=\"ninja_column_3 ninja_clmn_nm_measuringrange\">Rango de medici\u00f3n<\/th><th scope=\"col\"  class=\"ninja_column_4 ninja_clmn_nm_measuringaccuracy\">Precisi\u00f3n de medici\u00f3n<\/th><th scope=\"col\"  class=\"ninja_column_5 ninja_clmn_nm_ninja_column_6\">Potencia consumida<\/th><\/tr>\n<\/thead>\n<tbody>\n\n        <tr data-row_id=\"2212\" class=\"ninja_table_row_0 nt_row_id_2212\">\n            <td>3X<\/td><td>Solitario<\/td><td>0,0001 \u00b5m<\/td><td>0,05-3 mm<\/td><td>\u00b10,5 \u03bcm<\/td><td>\u226410 W<\/td>        <\/tr>\n            <tr data-row_id=\"2213\" class=\"ninja_table_row_1 nt_row_id_2213\">\n            <td>25X<\/td><td>Solitario<\/td><td>0,001 mm<\/td><td>0,1-25mm<\/td><td>\u00b11 \u03bcm<\/td><td>\u226410 W<\/td>        <\/tr>\n            <tr data-row_id=\"2214\" class=\"ninja_table_row_2 nt_row_id_2214\">\n            <td>40X<\/td><td>Solitario<\/td><td>0,001 mm<\/td><td>1-40 mm<\/td><td>\u00b11 \u03bcm<\/td><td>\u226410 W<\/td>        <\/tr>\n            <tr data-row_id=\"2215\" class=\"ninja_table_row_3 nt_row_id_2215\">\n            <td>50X<\/td><td>Solitario<\/td><td>0,001 mm<\/td><td>1-50 mm<\/td><td>\u00b13 \u03bcm<\/td><td>\u226410 W<\/td>        <\/tr>\n            <tr data-row_id=\"2216\" class=\"ninja_table_row_4 nt_row_id_2216\">\n            <td>70X<\/td><td>Solitario<\/td><td>0,01 mm<\/td><td>1-0 mm<\/td><td>\u00b110\u03bcm<\/td><td>\u226410 W<\/td>        <\/tr>\n            <tr data-row_id=\"2217\" class=\"ninja_table_row_5 nt_row_id_2217\">\n            <td>100X<\/td><td>Solitario<\/td><td>0,01 mm<\/td><td>1-100 mm<\/td><td>\u00b110\u03bcm<\/td><td>\u226410 W<\/td>        <\/tr>\n            <tr data-row_id=\"2218\" class=\"ninja_table_row_6 nt_row_id_2218\">\n            <td>15XY<\/td><td>Doble<\/td><td>0,001 mm<\/td><td>0,1-15 mm<\/td><td>\u00b11 \u03bcm<\/td><td>\u226410 W<\/td>        <\/tr>\n            <tr data-row_id=\"2219\" class=\"ninja_table_row_7 nt_row_id_2219\">\n            <td>25XY<\/td><td>Doble<\/td><td>0,001 mm<\/td><td>0,1-25mm<\/td><td>\u00b11 \u03bcm<\/td><td>\u226410 W<\/td>        <\/tr>\n            <tr data-row_id=\"2220\" class=\"ninja_table_row_8 nt_row_id_2220\">\n            <td>50XY<\/td><td>Doble<\/td><td>0,001 mm<\/td><td>1-50 mm<\/td><td>\u00b13 \u03bcm<\/td><td>\u226410 W<\/td>        <\/tr>\n            <tr data-row_id=\"2221\" class=\"ninja_table_row_9 nt_row_id_2221\">\n            <td>70XY<\/td><td>Doble<\/td><td>0,01 mm<\/td><td>1-70 mm<\/td><td>\u00b110\u03bcm<\/td><td>\u226410 W<\/td>        <\/tr>\n            <tr data-row_id=\"2222\" class=\"ninja_table_row_10 nt_row_id_2222\">\n            <td>100XY<\/td><td>Doble<\/td><td>0,01 mm<\/td><td>1-100 mm<\/td><td>\u00b110\u03bcm<\/td><td>\u226410 W<\/td>        <\/tr>\n    <\/tbody><!--ninja_tobody_rendering_done-->\n    <\/table>\n    \n    \n    \n<\/div>\n\n<div class=\"ast-oembed-container\" style=\"height: 100%;\"><iframe title=\"Medidor l\u00e1ser de di\u00e1metro de doble eje 15XY\" width=\"422\" height=\"750\" src=\"https:\/\/www.youtube.com\/embed\/ndfTwRXl6Gc?feature=oembed\" frameborder=\"0\" allow=\"accelerometer; autoplay; clipboard-write; encrypted-media; gyroscope; picture-in-picture; web-share\" referrerpolicy=\"strict-origin-when-cross-origin\" allowfullscreen><\/iframe><\/div>\n<h3><strong>Ventajas del l\u00e1ser en cuanto al di\u00e1metro<\/strong><\/h3>\n<p>1. <strong>Superar las limitaciones de las \u201cpruebas a ciegas\u201d: lograr una inspecci\u00f3n completa 100%<\/strong><br \/>\nLas mediciones se realizan simult\u00e1neamente durante la producci\u00f3n en la l\u00ednea de extrusi\u00f3n, abarcando el 100 % de todo el rollo de material de consumo. Cualquier cambio brusco o transici\u00f3n gradual en el di\u00e1metro se detecta con precisi\u00f3n, lo que evita que los productos defectuosos lleguen al mercado.<\/p>\n<p><strong>2. Precisi\u00f3n y resoluci\u00f3n extremadamente altas<\/strong><br \/>\nLa precisi\u00f3n de los medidores de di\u00e1metro suele oscilar entre \u00b10,001 mm y \u00b10,003 mm, con una resoluci\u00f3n de 0,0001 mm. Esta capacidad de medici\u00f3n a nivel de micras es algo que las herramientas manuales no pueden alcanzar bajo ning\u00fan concepto.<\/p>\n<p>3.<strong>Extrusoras acopladas para uso conjunto<\/strong><br \/>\nEl medidor de di\u00e1metro se puede conectar directamente al PLC de la extrusora o al convertidor de frecuencia de la m\u00e1quina de tracci\u00f3n mediante protocolos de comunicaci\u00f3n (RS485\/Modbus). Si el medidor detecta un di\u00e1metro demasiado grande, se ajusta autom\u00e1ticamente y aumenta la velocidad de tracci\u00f3n; si detecta un di\u00e1metro demasiado peque\u00f1o, reduce autom\u00e1ticamente la velocidad de tracci\u00f3n.<\/p>\n<p>4. <strong>\u201cLa medici\u00f3n \u201dsin contacto\u00bb protege los consumibles y los equipos.<\/strong><br \/>\nGracias al escaneo l\u00e1ser, los consumibles no necesitan entrar en contacto con ninguna pieza mec\u00e1nica. Esto evita que se produzcan rayones en la superficie del consumible (protegiendo as\u00ed su brillo) y evita que los resultados de la medici\u00f3n se vean afectados por la tensi\u00f3n o la fricci\u00f3n.<\/p>","protected":false},"excerpt":{"rendered":"<div>\n<p>La m\u00e1quina cuenta con una funci\u00f3n de alarma. Se puede establecer un rango y, si se supera dicho rango (tolerancia \u00b1), sonar\u00e1 una alarma que alertar\u00e1 al equipo de producci\u00f3n de la anomal\u00eda. Los valores en tiempo real se transmiten a la extrusora o a la m\u00e1quina de tracci\u00f3n, que ajustar\u00e1 autom\u00e1ticamente su velocidad. Si el di\u00e1metro medido es demasiado alto, la velocidad de la extrusora aumentar\u00e1 autom\u00e1ticamente; si el di\u00e1metro medido es demasiado bajo, la velocidad de la extrusora disminuir\u00e1 autom\u00e1ticamente. Tambi\u00e9n se puede configurar para que se detenga autom\u00e1ticamente cuando se supere el valor de desviaci\u00f3n.<\/p>\n<\/div>","protected":false},"featured_media":32946,"template":"","meta":{"site-sidebar-layout":"default","site-content-layout":"default","ast-global-header-display":"","ast-banner-title-visibility":"","ast-main-header-display":"","ast-hfb-above-header-display":"","ast-hfb-below-header-display":"","ast-hfb-mobile-header-display":"","site-post-title":"","ast-breadcrumbs-content":"","ast-featured-img":"","footer-sml-layout":"","theme-transparent-header-meta":"default","adv-header-id-meta":"","stick-header-meta":"","header-above-stick-meta":"","header-main-stick-meta":"","header-below-stick-meta":""},"product_brand":[],"product_cat":[148,142],"product_tag":[],"class_list":{"0":"post-32944","1":"product","2":"type-product","3":"status-publish","4":"has-post-thumbnail","6":"product_cat-laser-measurement","7":"product_cat-dual-aixs-laser-diameter-gauge","8":"desktop-align-left","9":"tablet-align-left","10":"mobile-align-left","12":"first","13":"instock","14":"shipping-taxable","15":"product-type-simple"},"yoast_head":"<!-- This site is optimized with the Yoast SEO Premium plugin v20.12 (Yoast SEO v26.0) - https:\/\/yoast.com\/wordpress\/plugins\/seo\/ -->\n<title>15XY Dual-Axis Laser Diameter Gauge For A 1.75mm 3D Filament Line - QiPang<\/title>\n<meta name=\"robots\" content=\"index, follow, max-snippet:-1, max-image-preview:large, max-video-preview:-1\" \/>\n<link rel=\"canonical\" href=\"https:\/\/rollingringdrives.com\/es\/producto\/15xy-dual-axis-laser-diameter-gauge-for-a-1-75mm-3d-filament-line\/\" \/>\n<meta property=\"og:locale\" content=\"es_MX\" \/>\n<meta property=\"og:type\" content=\"article\" \/>\n<meta property=\"og:title\" content=\"15XY Dual-Axis Laser Diameter Gauge For A 1.75mm 3D Filament Line\" \/>\n<meta property=\"og:description\" content=\"The machine has an alarm function. You can set a range, and if the range is exceeded (\u00b1 tolerance), an alarm will sound, alerting the production team to the abnormality. Real-time values \u200b\u200bare fed back to the extruder or traction machine, which will automatically adjust its speed. If the measured diameter is too high, the extruder speed will automatically increase; if the measured diameter is too low, the extruder speed will automatically decrease. It can also be set to automatically stop when the deviation value is exceeded.\" \/>\n<meta property=\"og:url\" content=\"https:\/\/rollingringdrives.com\/es\/producto\/15xy-dual-axis-laser-diameter-gauge-for-a-1-75mm-3d-filament-line\/\" \/>\n<meta property=\"og:site_name\" content=\"QiPang\" \/>\n<meta property=\"article:modified_time\" content=\"2026-04-18T02:53:13+00:00\" \/>\n<meta name=\"twitter:card\" content=\"summary_large_image\" \/>\n<meta name=\"twitter:label1\" content=\"Tiempo de lectura\" \/>\n\t<meta name=\"twitter:data1\" content=\"2 minutos\" \/>\n<script type=\"application\/ld+json\" class=\"yoast-schema-graph\">{\"@context\":\"https:\/\/schema.org\",\"@graph\":[{\"@type\":\"WebPage\",\"@id\":\"https:\/\/rollingringdrives.com\/product\/15xy-dual-axis-laser-diameter-gauge-for-a-1-75mm-3d-filament-line\/\",\"url\":\"https:\/\/rollingringdrives.com\/product\/15xy-dual-axis-laser-diameter-gauge-for-a-1-75mm-3d-filament-line\/\",\"name\":\"15XY Dual-Axis Laser Diameter Gauge For A 1.75mm 3D Filament Line - QiPang\",\"isPartOf\":{\"@id\":\"https:\/\/rollingringdrives.com\/#website\"},\"primaryImageOfPage\":{\"@id\":\"https:\/\/rollingringdrives.com\/product\/15xy-dual-axis-laser-diameter-gauge-for-a-1-75mm-3d-filament-line\/#primaryimage\"},\"image\":{\"@id\":\"https:\/\/rollingringdrives.com\/product\/15xy-dual-axis-laser-diameter-gauge-for-a-1-75mm-3d-filament-line\/#primaryimage\"},\"thumbnailUrl\":\"https:\/\/rollingringdrives.com\/wp-content\/uploads\/2026\/04\/laser-diameter-gauge.avif\",\"datePublished\":\"2026-04-18T02:53:12+00:00\",\"dateModified\":\"2026-04-18T02:53:13+00:00\",\"breadcrumb\":{\"@id\":\"https:\/\/rollingringdrives.com\/product\/15xy-dual-axis-laser-diameter-gauge-for-a-1-75mm-3d-filament-line\/#breadcrumb\"},\"inLanguage\":\"es\",\"potentialAction\":[{\"@type\":\"ReadAction\",\"target\":[\"https:\/\/rollingringdrives.com\/product\/15xy-dual-axis-laser-diameter-gauge-for-a-1-75mm-3d-filament-line\/\"]}]},{\"@type\":\"ImageObject\",\"inLanguage\":\"es\",\"@id\":\"https:\/\/rollingringdrives.com\/product\/15xy-dual-axis-laser-diameter-gauge-for-a-1-75mm-3d-filament-line\/#primaryimage\",\"url\":\"https:\/\/rollingringdrives.com\/wp-content\/uploads\/2026\/04\/laser-diameter-gauge.avif\",\"contentUrl\":\"https:\/\/rollingringdrives.com\/wp-content\/uploads\/2026\/04\/laser-diameter-gauge.avif\",\"width\":1000,\"height\":1000,\"caption\":\"laser diameter gauge\"},{\"@type\":\"BreadcrumbList\",\"@id\":\"https:\/\/rollingringdrives.com\/product\/15xy-dual-axis-laser-diameter-gauge-for-a-1-75mm-3d-filament-line\/#breadcrumb\",\"itemListElement\":[{\"@type\":\"ListItem\",\"position\":1,\"name\":\"Home\",\"item\":\"https:\/\/rollingringdrives.com\/\"},{\"@type\":\"ListItem\",\"position\":2,\"name\":\"Machines\",\"item\":\"https:\/\/rollingringdrives.com\/machines\/\"},{\"@type\":\"ListItem\",\"position\":3,\"name\":\"15XY Dual-Axis Laser Diameter Gauge For A 1.75mm 3D Filament Line\"}]},{\"@type\":\"WebSite\",\"@id\":\"https:\/\/rollingringdrives.com\/#website\",\"url\":\"https:\/\/rollingringdrives.com\/\",\"name\":\"QiPang\",\"description\":\"QiPang Blog\",\"publisher\":{\"@id\":\"https:\/\/rollingringdrives.com\/#organization\"},\"potentialAction\":[{\"@type\":\"SearchAction\",\"target\":{\"@type\":\"EntryPoint\",\"urlTemplate\":\"https:\/\/rollingringdrives.com\/?s={search_term_string}\"},\"query-input\":{\"@type\":\"PropertyValueSpecification\",\"valueRequired\":true,\"valueName\":\"search_term_string\"}}],\"inLanguage\":\"es\"},{\"@type\":\"Organization\",\"@id\":\"https:\/\/rollingringdrives.com\/#organization\",\"name\":\"QiPang\",\"url\":\"https:\/\/rollingringdrives.com\/\",\"logo\":{\"@type\":\"ImageObject\",\"inLanguage\":\"es\",\"@id\":\"https:\/\/rollingringdrives.com\/#\/schema\/logo\/image\/\",\"url\":\"https:\/\/rollingringdrives.com\/wp-content\/uploads\/2023\/05\/cropped-\u672a\u547d\u540d\u7684\u8bbe\u8ba1.png\",\"contentUrl\":\"https:\/\/rollingringdrives.com\/wp-content\/uploads\/2023\/05\/cropped-\u672a\u547d\u540d\u7684\u8bbe\u8ba1.png\",\"width\":300,\"height\":191,\"caption\":\"QiPang\"},\"image\":{\"@id\":\"https:\/\/rollingringdrives.com\/#\/schema\/logo\/image\/\"}}]}<\/script>\n<!-- \/ Yoast SEO Premium plugin. -->","yoast_head_json":{"title":"Medidor l\u00e1ser de di\u00e1metro de doble eje 15XY para filamentos 3D de 1,75 mm - QiPang","robots":{"index":"index","follow":"follow","max-snippet":"max-snippet:-1","max-image-preview":"max-image-preview:large","max-video-preview":"max-video-preview:-1"},"canonical":"https:\/\/rollingringdrives.com\/es\/producto\/15xy-dual-axis-laser-diameter-gauge-for-a-1-75mm-3d-filament-line\/","og_locale":"es_MX","og_type":"article","og_title":"15XY Dual-Axis Laser Diameter Gauge For A 1.75mm 3D Filament Line","og_description":"The machine has an alarm function. You can set a range, and if the range is exceeded (\u00b1 tolerance), an alarm will sound, alerting the production team to the abnormality. Real-time values \u200b\u200bare fed back to the extruder or traction machine, which will automatically adjust its speed. If the measured diameter is too high, the extruder speed will automatically increase; if the measured diameter is too low, the extruder speed will automatically decrease. It can also be set to automatically stop when the deviation value is exceeded.","og_url":"https:\/\/rollingringdrives.com\/es\/producto\/15xy-dual-axis-laser-diameter-gauge-for-a-1-75mm-3d-filament-line\/","og_site_name":"QiPang","article_modified_time":"2026-04-18T02:53:13+00:00","twitter_card":"summary_large_image","twitter_misc":{"Tiempo de lectura":"2 minutos"},"schema":{"@context":"https:\/\/schema.org","@graph":[{"@type":"WebPage","@id":"https:\/\/rollingringdrives.com\/product\/15xy-dual-axis-laser-diameter-gauge-for-a-1-75mm-3d-filament-line\/","url":"https:\/\/rollingringdrives.com\/product\/15xy-dual-axis-laser-diameter-gauge-for-a-1-75mm-3d-filament-line\/","name":"Medidor l\u00e1ser de di\u00e1metro de doble eje 15XY para filamentos 3D de 1,75 mm - QiPang","isPartOf":{"@id":"https:\/\/rollingringdrives.com\/#website"},"primaryImageOfPage":{"@id":"https:\/\/rollingringdrives.com\/product\/15xy-dual-axis-laser-diameter-gauge-for-a-1-75mm-3d-filament-line\/#primaryimage"},"image":{"@id":"https:\/\/rollingringdrives.com\/product\/15xy-dual-axis-laser-diameter-gauge-for-a-1-75mm-3d-filament-line\/#primaryimage"},"thumbnailUrl":"https:\/\/rollingringdrives.com\/wp-content\/uploads\/2026\/04\/laser-diameter-gauge.avif","datePublished":"2026-04-18T02:53:12+00:00","dateModified":"2026-04-18T02:53:13+00:00","breadcrumb":{"@id":"https:\/\/rollingringdrives.com\/product\/15xy-dual-axis-laser-diameter-gauge-for-a-1-75mm-3d-filament-line\/#breadcrumb"},"inLanguage":"es","potentialAction":[{"@type":"ReadAction","target":["https:\/\/rollingringdrives.com\/product\/15xy-dual-axis-laser-diameter-gauge-for-a-1-75mm-3d-filament-line\/"]}]},{"@type":"ImageObject","inLanguage":"es","@id":"https:\/\/rollingringdrives.com\/product\/15xy-dual-axis-laser-diameter-gauge-for-a-1-75mm-3d-filament-line\/#primaryimage","url":"https:\/\/rollingringdrives.com\/wp-content\/uploads\/2026\/04\/laser-diameter-gauge.avif","contentUrl":"https:\/\/rollingringdrives.com\/wp-content\/uploads\/2026\/04\/laser-diameter-gauge.avif","width":1000,"height":1000,"caption":"laser diameter gauge"},{"@type":"BreadcrumbList","@id":"https:\/\/rollingringdrives.com\/product\/15xy-dual-axis-laser-diameter-gauge-for-a-1-75mm-3d-filament-line\/#breadcrumb","itemListElement":[{"@type":"ListItem","position":1,"name":"Home","item":"https:\/\/rollingringdrives.com\/"},{"@type":"ListItem","position":2,"name":"Machines","item":"https:\/\/rollingringdrives.com\/machines\/"},{"@type":"ListItem","position":3,"name":"15XY Dual-Axis Laser Diameter Gauge For A 1.75mm 3D Filament Line"}]},{"@type":"WebSite","@id":"https:\/\/rollingringdrives.com\/#website","url":"https:\/\/rollingringdrives.com\/","name":"Qi Pang","description":"Blog QiPang","publisher":{"@id":"https:\/\/rollingringdrives.com\/#organization"},"potentialAction":[{"@type":"SearchAction","target":{"@type":"EntryPoint","urlTemplate":"https:\/\/rollingringdrives.com\/?s={search_term_string}"},"query-input":{"@type":"PropertyValueSpecification","valueRequired":true,"valueName":"search_term_string"}}],"inLanguage":"es"},{"@type":"Organization","@id":"https:\/\/rollingringdrives.com\/#organization","name":"Qi Pang","url":"https:\/\/rollingringdrives.com\/","logo":{"@type":"ImageObject","inLanguage":"es","@id":"https:\/\/rollingringdrives.com\/#\/schema\/logo\/image\/","url":"https:\/\/rollingringdrives.com\/wp-content\/uploads\/2023\/05\/cropped-\u672a\u547d\u540d\u7684\u8bbe\u8ba1.png","contentUrl":"https:\/\/rollingringdrives.com\/wp-content\/uploads\/2023\/05\/cropped-\u672a\u547d\u540d\u7684\u8bbe\u8ba1.png","width":300,"height":191,"caption":"QiPang"},"image":{"@id":"https:\/\/rollingringdrives.com\/#\/schema\/logo\/image\/"}}]}},"_links":{"self":[{"href":"https:\/\/rollingringdrives.com\/es\/wp-json\/wp\/v2\/product\/32944","targetHints":{"allow":["GET"]}}],"collection":[{"href":"https:\/\/rollingringdrives.com\/es\/wp-json\/wp\/v2\/product"}],"about":[{"href":"https:\/\/rollingringdrives.com\/es\/wp-json\/wp\/v2\/types\/product"}],"version-history":[{"count":0,"href":"https:\/\/rollingringdrives.com\/es\/wp-json\/wp\/v2\/product\/32944\/revisions"}],"wp:featuredmedia":[{"embeddable":true,"href":"https:\/\/rollingringdrives.com\/es\/wp-json\/wp\/v2\/media\/32946"}],"wp:attachment":[{"href":"https:\/\/rollingringdrives.com\/es\/wp-json\/wp\/v2\/media?parent=32944"}],"wp:term":[{"taxonomy":"product_brand","embeddable":true,"href":"https:\/\/rollingringdrives.com\/es\/wp-json\/wp\/v2\/product_brand?post=32944"},{"taxonomy":"product_cat","embeddable":true,"href":"https:\/\/rollingringdrives.com\/es\/wp-json\/wp\/v2\/product_cat?post=32944"},{"taxonomy":"product_tag","embeddable":true,"href":"https:\/\/rollingringdrives.com\/es\/wp-json\/wp\/v2\/product_tag?post=32944"}],"curies":[{"name":"wp","href":"https:\/\/api.w.org\/{rel}","templated":true}]}}