{"id":25476,"date":"2023-05-16T03:13:24","date_gmt":"2023-05-16T03:13:24","guid":{"rendered":"https:\/\/rollingringdrives.com\/?post_type=product&#038;p=25476"},"modified":"2023-06-27T04:25:28","modified_gmt":"2023-06-27T04:25:28","slug":"rolling-ring-drive-for-20mm-diameter-shaft-model-gp20","status":"publish","type":"product","link":"https:\/\/rollingringdrives.com\/nl\/product\/rolringaandrijving-voor-20mm-diameter-schachtmodel-gp20\/","title":{"rendered":"Rolling Ring Drive voor as met een diameter van 20 mm Model GP20 geleidewiel"},"content":{"rendered":"<div class=\"xiaoshujiang_element xsj_anchor\"><\/div>\n<h2 id=\"traverse20unit20model20rg4-20-2mcrfgp20_2\" class=\"xsj_heading_hash xsj_heading xsj_heading_h2\" data-source-line=\"2\" data-source-line-display=\"true\"><span class=\"xsj_heading_content\">Traverse-eenheid <span style=\"text-decoration: underline;\"><strong>Model GP3-20\/GP20<\/strong><\/span><\/span><\/h2>\n<p class=\"xsj_paragraph xsj_paragraph_level_0\" data-source-line=\"4\" data-source-line-display=\"true\">De\u00a0<strong class=\"markdown_strong_asterisk\">Traverse unit model GP3-20\/GP20 rolringaandrijving<\/strong>, met\u00a0<strong class=\"markdown_strong_asterisk\">4 rollende ringen<\/strong>\u00a0voor superieure prestaties en duurzaamheid. Het is speciaal ontworpen voor een\u00a0<strong class=\"markdown_strong_asterisk\">Schacht met een diameter van 20 mm<\/strong> en heeft een maximale zijwaartse stuwkracht van 32 kg of 320N. Deze aandrijving heeft ook een maximale pitch van 16 mm, waardoor een lineaire beweging ontstaat voor \u00e9\u00e9n asrotatie bij stand tien op de wijzerplaat. Bovendien is de Rolling Ring Drive voor een as met een diameter van 20 mm in staat tot een maximale assnelheid van 1500 tpm en een maximale lineaire snelheid van 27 meter\/minuut, waardoor het een effici\u00ebnte en betrouwbare keuze is voor verschillende toepassingen. Het is lichtgewicht, weegt slechts 3 kg en wordt aangedreven door een koppel van 0,6 kg cm.<\/p>\n<p data-source-line=\"4\" data-source-line-display=\"true\"><div id=\"footable_parent_25478\"\n         class=\"footable_parent ninja_table_wrapper loading_ninja_table wp_table_data_press_parent semantic_ui\">\n                <table data-ninja_table_instance=\"ninja_table_instance_0\" data-footable_id=\"25478\" data-filter-delay=\"1000\" aria-label=\"2e versie van X3sLSX-bestand (2).csv\"            id=\"footable_25478\"\n           data-unique_identifier=\"ninja_table_unique_id_181833930_25478\"\n           class=\"foo-table ninja_footable foo_table_25478 ninja_table_unique_id_181833930_25478 ui table  nt_type_legacy_table selectable striped vertical_centered  footable-paging-right ninja_table_search_disabled ninja_table_pro\">\n                <colgroup>\n                            <col class=\"ninja_column_0\">\n                            <col class=\"ninja_column_1\">\n                    <\/colgroup>\n        <thead>\n<tr class=\"footable-header\">\n                                        <th scope=\"col\"  class=\"ninja_column_0 ninja_clmn_nm_specification\">Specificatie<\/th><th scope=\"col\"  class=\"ninja_column_1 ninja_clmn_nm_value\">Waarde<\/th><\/tr>\n<\/thead>\n<tbody>\n\n        <tr data-row_id=\"63\" class=\"ninja_table_row_0 nt_row_id_63\">\n            <td>Aantal rollende ringen<\/td><td>4<\/td>        <\/tr>\n            <tr data-row_id=\"64\" class=\"ninja_table_row_1 nt_row_id_64\">\n            <td>Maximale zijwaartse stuwkracht<\/td><td>32Kg \/ 320N<\/td>        <\/tr>\n            <tr data-row_id=\"65\" class=\"ninja_table_row_2 nt_row_id_65\">\n            <td>Maximale toonhoogte<\/td><td>16mm<\/td>        <\/tr>\n            <tr data-row_id=\"66\" class=\"ninja_table_row_3 nt_row_id_66\">\n            <td>Maximale assnelheid<\/td><td>1500 tpm<\/td>        <\/tr>\n            <tr data-row_id=\"67\" class=\"ninja_table_row_4 nt_row_id_67\">\n            <td>Maximale lineaire snelheid<\/td><td>27 meter \/ minuut<\/td>        <\/tr>\n            <tr data-row_id=\"68\" class=\"ninja_table_row_5 nt_row_id_68\">\n            <td>Gewicht<\/td><td>3 Kg<\/td>        <\/tr>\n            <tr data-row_id=\"69\" class=\"ninja_table_row_6 nt_row_id_69\">\n            <td>Aandrijfkoppel<\/td><td>0,6 kg cm<\/td>        <\/tr>\n    <\/tbody><!--ninja_tobody_rendering_done-->\n    <\/table>\n    \n    \n    \n<\/div>\n<\/p>\n<div class=\"xiaoshujiang_element xsj_anchor\"><a class=\"blank_anchor_name\" name=\"applications_3\"><\/a><a id=\"applications_3\" class=\"blank_anchor_id\"><\/a><a class=\"blank_anchor_name\" name=\"applications\"><\/a><a id=\"applications\" class=\"blank_anchor_id\"><\/a><\/div>\n<h2 id=\"applications_3\" class=\"xsj_heading_hash xsj_heading xsj_heading_h2\" data-source-line=\"6\" data-source-line-display=\"true\"><span class=\"xsj_heading_content\">Toepassingen:<\/span><\/h2>\n<p class=\"xsj_paragraph xsj_paragraph_level_0\" data-source-line=\"8\" data-source-line-display=\"true\">De <strong class=\"markdown_strong_asterisk\">GP3-20<\/strong>\/GP20 Rolling Ring Drive kan worden gebruikt in een groot aantal toepassingen, waaronder:<\/p>\n<ol>\n<li class=\"xsj_paragraph xsj_paragraph_level_0\" data-source-line=\"8\" data-source-line-display=\"true\">oprollen<\/li>\n<li class=\"xsj_paragraph xsj_paragraph_level_0\" data-source-line=\"11\" data-source-line-display=\"true\">Opwinden.<\/li>\n<li class=\"xsj_paragraph xsj_paragraph_level_0\" data-source-line=\"13\" data-source-line-display=\"true\">spoelen.<\/li>\n<li class=\"xsj_paragraph xsj_paragraph_level_0\" data-source-line=\"15\" data-source-line-display=\"true\">verzinken.<\/li>\n<li class=\"xsj_paragraph xsj_paragraph_level_0\" data-source-line=\"17\" data-source-line-display=\"true\">Galvaniseren.<\/li>\n<li class=\"xsj_paragraph xsj_paragraph_level_0\" data-source-line=\"19\" data-source-line-display=\"true\">Schilderen.<\/li>\n<\/ol>\n<div class=\"xiaoshujiang_element xsj_anchor\"><a class=\"blank_anchor_name\" name=\"faqs_4\"><\/a><a id=\"faqs_4\" class=\"blank_anchor_id\"><\/a><a class=\"blank_anchor_name\" name=\"faqs\"><\/a><a id=\"faqs\" class=\"blank_anchor_id\"><\/a><\/div>\n<h2 id=\"faqs_4\" class=\"xsj_heading_hash xsj_heading xsj_heading_h2\" data-source-line=\"22\" data-source-line-display=\"true\"><span class=\"xsj_heading_content\">Veelgestelde vragen:<\/span><\/h2>\n<p class=\"xsj_paragraph xsj_paragraph_level_0\" data-source-line=\"24\" data-source-line-display=\"true\"><strong class=\"markdown_strong_asterisk\">1. Wat is de maximale zijdelingse stuwkracht van de rolringaandrijving voor een as met een diameter van 20 mm?<\/strong><br \/>\nDe maximale zijwaartse stuwkracht van de <strong class=\"markdown_strong_asterisk\">GP3-20<\/strong>\/GP20 Rolling Ring Drive is 32 kg of 320N.<\/p>\n<p class=\"xsj_paragraph xsj_paragraph_level_0\" data-source-line=\"27\" data-source-line-display=\"true\"><strong class=\"markdown_strong_asterisk\">2. Wat is de maximale spoed van de aandrijving?<\/strong><br \/>\nDe maximale pitch van de aandrijving is 16 mm, waardoor een lineaire beweging ontstaat voor \u00e9\u00e9n asrotatie bij stand 10.<\/p>\n<p class=\"xsj_paragraph xsj_paragraph_level_0\" data-source-line=\"30\" data-source-line-display=\"true\"><strong class=\"markdown_strong_asterisk\">3. Wat is het maximale astoerental van de aandrijving?<\/strong><br \/>\nDe <strong class=\"markdown_strong_asterisk\">GP3-20<\/strong>\/GP20 Rolling Ring Drive heeft een maximaal astoerental van 1500 RPM.<\/p>\n<p class=\"xsj_paragraph xsj_paragraph_level_0\" data-source-line=\"33\" data-source-line-display=\"true\"><strong class=\"markdown_strong_asterisk\">4. Wat is het gewicht van de RG4-20-2MCRF\/GP20 rolringaandrijving voor een as met een diameter van 20 mm?<\/strong><br \/>\nDe <strong class=\"markdown_strong_asterisk\">GP3-20<\/strong>\/GP20 Rolling Ring Drive is lichtgewicht en weegt slechts 3 kg.<\/p>","protected":false},"excerpt":{"rendered":"<h2 id=\"key20features_3\" class=\"xsj_heading_hash xsj_heading xsj_heading_h2\" data-source-line=\"6\" data-source-line-display=\"true\"><span class=\"xsj_heading_content\">Belangrijkste kenmerken:<\/span><\/h2>\n<ol>\n<li class=\"xsj_paragraph xsj_paragraph_level_0\" data-source-line=\"8\" data-source-line-display=\"true\"><strong>4 rollende ringen<\/strong> voor superieure prestaties en duurzaamheid.<\/li>\n<li class=\"xsj_paragraph xsj_paragraph_level_0\" data-source-line=\"10\" data-source-line-display=\"true\">Ze zijn speciaal ontworpen voor assen met een diameter van 20 mm.<\/li>\n<li class=\"xsj_paragraph xsj_paragraph_level_0\" data-source-line=\"12\" data-source-line-display=\"true\">Maximale zijwaartse stuwkracht van 32 kg of 320N.<\/li>\n<li class=\"xsj_paragraph xsj_paragraph_level_0\" data-source-line=\"14\" data-source-line-display=\"true\">De maximale pitch van 16 mm cre\u00ebert een lineaire beweging voor \u00e9\u00e9n asrotatie bij stand 10.<\/li>\n<li class=\"xsj_paragraph xsj_paragraph_level_0\" data-source-line=\"16\" data-source-line-display=\"true\">Maximale assnelheid van 1500 RPM.<\/li>\n<li class=\"xsj_paragraph xsj_paragraph_level_0\" data-source-line=\"18\" data-source-line-display=\"true\">Maximale lineaire snelheid van 27 meter\/minuut.<\/li>\n<li class=\"xsj_paragraph xsj_paragraph_level_0\" data-source-line=\"20\" data-source-line-display=\"true\">Lichtgewicht, slechts 3 kg.<\/li>\n<li class=\"xsj_paragraph xsj_paragraph_level_0\" data-source-line=\"22\" data-source-line-display=\"true\">Een koppel van 0,6 Kg Cm drijft hem aan.<\/li>\n<\/ol>","protected":false},"featured_media":27645,"template":"","meta":{"site-sidebar-layout":"default","site-content-layout":"default","ast-global-header-display":"","ast-banner-title-visibility":"","ast-main-header-display":"","ast-hfb-above-header-display":"","ast-hfb-below-header-display":"","ast-hfb-mobile-header-display":"","site-post-title":"","ast-breadcrumbs-content":"","ast-featured-img":"","footer-sml-layout":"","theme-transparent-header-meta":"default","adv-header-id-meta":"","stick-header-meta":"","header-above-stick-meta":"","header-main-stick-meta":"","header-below-stick-meta":""},"product_brand":[],"product_cat":[34,60],"product_tag":[],"class_list":{"0":"post-25476","1":"product","2":"type-product","3":"status-publish","4":"has-post-thumbnail","6":"product_cat-rolling-ring-drive","7":"product_cat-b-type-with-guide-wheel","8":"desktop-align-left","9":"tablet-align-left","10":"mobile-align-left","12":"first","13":"instock","14":"shipping-taxable","15":"product-type-simple"},"yoast_head":"<!-- This site is optimized with the Yoast SEO Premium plugin v20.12 (Yoast SEO v26.0) - https:\/\/yoast.com\/wordpress\/plugins\/seo\/ -->\n<title>Rolling Ring Drive for 20mm Diameter Shaft Model GP20 guide wheel - QiPang<\/title>\n<meta name=\"description\" content=\"Upgrade your machinery with our 4 Rolling Ring Drive for 20mm Diameter Shaft. Experience up to 320N thrust and max speed of 1500 RPM. Order now!\" \/>\n<meta name=\"robots\" content=\"index, follow, max-snippet:-1, max-image-preview:large, max-video-preview:-1\" \/>\n<link rel=\"canonical\" href=\"https:\/\/rollingringdrives.com\/nl\/product\/rolringaandrijving-voor-20mm-diameter-schachtmodel-gp20\/\" \/>\n<meta property=\"og:locale\" content=\"nl_BE\" \/>\n<meta property=\"og:type\" content=\"article\" \/>\n<meta property=\"og:title\" content=\"Rolling Ring Drive for 20mm Diameter Shaft Model GP20 guide wheel\" \/>\n<meta property=\"og:description\" content=\"Upgrade your machinery with our 4 Rolling Ring Drive for 20mm Diameter Shaft. Experience up to 320N thrust and max speed of 1500 RPM. Order now!\" \/>\n<meta property=\"og:url\" content=\"https:\/\/rollingringdrives.com\/nl\/product\/rolringaandrijving-voor-20mm-diameter-schachtmodel-gp20\/\" \/>\n<meta property=\"og:site_name\" content=\"QiPang\" \/>\n<meta property=\"article:modified_time\" content=\"2023-06-27T04:25:28+00:00\" \/>\n<meta property=\"og:image\" content=\"https:\/\/rollingringdrives.com\/wp-content\/uploads\/2023\/05\/e1684568134101.jpg\" \/>\n\t<meta property=\"og:image:width\" content=\"600\" \/>\n\t<meta property=\"og:image:height\" content=\"525\" \/>\n\t<meta property=\"og:image:type\" content=\"image\/jpeg\" \/>\n<meta name=\"twitter:card\" content=\"summary_large_image\" \/>\n<meta name=\"twitter:label1\" content=\"Geschatte leestijd\" \/>\n\t<meta name=\"twitter:data1\" content=\"2 minuten\" \/>\n<script type=\"application\/ld+json\" class=\"yoast-schema-graph\">{\"@context\":\"https:\/\/schema.org\",\"@graph\":[{\"@type\":\"WebPage\",\"@id\":\"https:\/\/rollingringdrives.com\/product\/rolling-ring-drive-for-20mm-diameter-shaft-model-gp20\/\",\"url\":\"https:\/\/rollingringdrives.com\/product\/rolling-ring-drive-for-20mm-diameter-shaft-model-gp20\/\",\"name\":\"Rolling Ring Drive for 20mm Diameter Shaft Model GP20 guide wheel - QiPang\",\"isPartOf\":{\"@id\":\"https:\/\/rollingringdrives.com\/#website\"},\"primaryImageOfPage\":{\"@id\":\"https:\/\/rollingringdrives.com\/product\/rolling-ring-drive-for-20mm-diameter-shaft-model-gp20\/#primaryimage\"},\"image\":{\"@id\":\"https:\/\/rollingringdrives.com\/product\/rolling-ring-drive-for-20mm-diameter-shaft-model-gp20\/#primaryimage\"},\"thumbnailUrl\":\"https:\/\/rollingringdrives.com\/wp-content\/uploads\/2023\/05\/e1684568134101.jpg\",\"datePublished\":\"2023-05-16T03:13:24+00:00\",\"dateModified\":\"2023-06-27T04:25:28+00:00\",\"description\":\"Upgrade your machinery with our 4 Rolling Ring Drive for 20mm Diameter Shaft. Experience up to 320N thrust and max speed of 1500 RPM. Order now!\",\"breadcrumb\":{\"@id\":\"https:\/\/rollingringdrives.com\/product\/rolling-ring-drive-for-20mm-diameter-shaft-model-gp20\/#breadcrumb\"},\"inLanguage\":\"nl-BE\",\"potentialAction\":[{\"@type\":\"ReadAction\",\"target\":[\"https:\/\/rollingringdrives.com\/product\/rolling-ring-drive-for-20mm-diameter-shaft-model-gp20\/\"]}]},{\"@type\":\"ImageObject\",\"inLanguage\":\"nl-BE\",\"@id\":\"https:\/\/rollingringdrives.com\/product\/rolling-ring-drive-for-20mm-diameter-shaft-model-gp20\/#primaryimage\",\"url\":\"https:\/\/rollingringdrives.com\/wp-content\/uploads\/2023\/05\/e1684568134101.jpg\",\"contentUrl\":\"https:\/\/rollingringdrives.com\/wp-content\/uploads\/2023\/05\/e1684568134101.jpg\",\"width\":600,\"height\":525,\"caption\":\"Rolling Ring Drive for 20mm Diameter Shaft Model GP20 guide wheel\"},{\"@type\":\"BreadcrumbList\",\"@id\":\"https:\/\/rollingringdrives.com\/product\/rolling-ring-drive-for-20mm-diameter-shaft-model-gp20\/#breadcrumb\",\"itemListElement\":[{\"@type\":\"ListItem\",\"position\":1,\"name\":\"Home\",\"item\":\"https:\/\/rollingringdrives.com\/\"},{\"@type\":\"ListItem\",\"position\":2,\"name\":\"Machines\",\"item\":\"https:\/\/rollingringdrives.com\/machines\/\"},{\"@type\":\"ListItem\",\"position\":3,\"name\":\"Rolling Ring Drive for 20mm Diameter Shaft Model GP20 guide wheel\"}]},{\"@type\":\"WebSite\",\"@id\":\"https:\/\/rollingringdrives.com\/#website\",\"url\":\"https:\/\/rollingringdrives.com\/\",\"name\":\"QiPang\",\"description\":\"QiPang Blog\",\"publisher\":{\"@id\":\"https:\/\/rollingringdrives.com\/#organization\"},\"potentialAction\":[{\"@type\":\"SearchAction\",\"target\":{\"@type\":\"EntryPoint\",\"urlTemplate\":\"https:\/\/rollingringdrives.com\/?s={search_term_string}\"},\"query-input\":{\"@type\":\"PropertyValueSpecification\",\"valueRequired\":true,\"valueName\":\"search_term_string\"}}],\"inLanguage\":\"nl-BE\"},{\"@type\":\"Organization\",\"@id\":\"https:\/\/rollingringdrives.com\/#organization\",\"name\":\"QiPang\",\"url\":\"https:\/\/rollingringdrives.com\/\",\"logo\":{\"@type\":\"ImageObject\",\"inLanguage\":\"nl-BE\",\"@id\":\"https:\/\/rollingringdrives.com\/#\/schema\/logo\/image\/\",\"url\":\"https:\/\/rollingringdrives.com\/wp-content\/uploads\/2023\/05\/cropped-\u672a\u547d\u540d\u7684\u8bbe\u8ba1.png\",\"contentUrl\":\"https:\/\/rollingringdrives.com\/wp-content\/uploads\/2023\/05\/cropped-\u672a\u547d\u540d\u7684\u8bbe\u8ba1.png\",\"width\":300,\"height\":191,\"caption\":\"QiPang\"},\"image\":{\"@id\":\"https:\/\/rollingringdrives.com\/#\/schema\/logo\/image\/\"}}]}<\/script>\n<!-- \/ Yoast SEO Premium plugin. -->","yoast_head_json":{"title":"Rolringaandrijving voor as met diameter van 20 mm Model GP20 geleidewiel - QiPang","description":"Upgrade uw machines met onze aandrijving met 4 rollende ringen voor as met een diameter van 20 mm. Ervaar tot 320N stuwkracht en een maximale snelheid van 1500 RPM. Bestel nu!","robots":{"index":"index","follow":"follow","max-snippet":"max-snippet:-1","max-image-preview":"max-image-preview:large","max-video-preview":"max-video-preview:-1"},"canonical":"https:\/\/rollingringdrives.com\/nl\/product\/rolringaandrijving-voor-20mm-diameter-schachtmodel-gp20\/","og_locale":"nl_BE","og_type":"article","og_title":"Rolling Ring Drive for 20mm Diameter Shaft Model GP20 guide wheel","og_description":"Upgrade your machinery with our 4 Rolling Ring Drive for 20mm Diameter Shaft. Experience up to 320N thrust and max speed of 1500 RPM. Order now!","og_url":"https:\/\/rollingringdrives.com\/nl\/product\/rolringaandrijving-voor-20mm-diameter-schachtmodel-gp20\/","og_site_name":"QiPang","article_modified_time":"2023-06-27T04:25:28+00:00","og_image":[{"width":600,"height":525,"url":"https:\/\/rollingringdrives.com\/wp-content\/uploads\/2023\/05\/e1684568134101.jpg","type":"image\/jpeg"}],"twitter_card":"summary_large_image","twitter_misc":{"Geschatte leestijd":"2 minuten"},"schema":{"@context":"https:\/\/schema.org","@graph":[{"@type":"WebPage","@id":"https:\/\/rollingringdrives.com\/product\/rolling-ring-drive-for-20mm-diameter-shaft-model-gp20\/","url":"https:\/\/rollingringdrives.com\/product\/rolling-ring-drive-for-20mm-diameter-shaft-model-gp20\/","name":"Rolringaandrijving voor as met diameter van 20 mm Model GP20 geleidewiel - QiPang","isPartOf":{"@id":"https:\/\/rollingringdrives.com\/#website"},"primaryImageOfPage":{"@id":"https:\/\/rollingringdrives.com\/product\/rolling-ring-drive-for-20mm-diameter-shaft-model-gp20\/#primaryimage"},"image":{"@id":"https:\/\/rollingringdrives.com\/product\/rolling-ring-drive-for-20mm-diameter-shaft-model-gp20\/#primaryimage"},"thumbnailUrl":"https:\/\/rollingringdrives.com\/wp-content\/uploads\/2023\/05\/e1684568134101.jpg","datePublished":"2023-05-16T03:13:24+00:00","dateModified":"2023-06-27T04:25:28+00:00","description":"Upgrade uw machines met onze aandrijving met 4 rollende ringen voor as met een diameter van 20 mm. Ervaar tot 320N stuwkracht en een maximale snelheid van 1500 RPM. Bestel nu!","breadcrumb":{"@id":"https:\/\/rollingringdrives.com\/product\/rolling-ring-drive-for-20mm-diameter-shaft-model-gp20\/#breadcrumb"},"inLanguage":"nl-BE","potentialAction":[{"@type":"ReadAction","target":["https:\/\/rollingringdrives.com\/product\/rolling-ring-drive-for-20mm-diameter-shaft-model-gp20\/"]}]},{"@type":"ImageObject","inLanguage":"nl-BE","@id":"https:\/\/rollingringdrives.com\/product\/rolling-ring-drive-for-20mm-diameter-shaft-model-gp20\/#primaryimage","url":"https:\/\/rollingringdrives.com\/wp-content\/uploads\/2023\/05\/e1684568134101.jpg","contentUrl":"https:\/\/rollingringdrives.com\/wp-content\/uploads\/2023\/05\/e1684568134101.jpg","width":600,"height":525,"caption":"Rolling Ring Drive for 20mm Diameter Shaft Model GP20 guide wheel"},{"@type":"BreadcrumbList","@id":"https:\/\/rollingringdrives.com\/product\/rolling-ring-drive-for-20mm-diameter-shaft-model-gp20\/#breadcrumb","itemListElement":[{"@type":"ListItem","position":1,"name":"Home","item":"https:\/\/rollingringdrives.com\/"},{"@type":"ListItem","position":2,"name":"Machines","item":"https:\/\/rollingringdrives.com\/machines\/"},{"@type":"ListItem","position":3,"name":"Rolling Ring Drive for 20mm Diameter Shaft Model GP20 guide wheel"}]},{"@type":"WebSite","@id":"https:\/\/rollingringdrives.com\/#website","url":"https:\/\/rollingringdrives.com\/","name":"QiPang","description":"QiPang-blog","publisher":{"@id":"https:\/\/rollingringdrives.com\/#organization"},"potentialAction":[{"@type":"SearchAction","target":{"@type":"EntryPoint","urlTemplate":"https:\/\/rollingringdrives.com\/?s={search_term_string}"},"query-input":{"@type":"PropertyValueSpecification","valueRequired":true,"valueName":"search_term_string"}}],"inLanguage":"nl-BE"},{"@type":"Organization","@id":"https:\/\/rollingringdrives.com\/#organization","name":"QiPang","url":"https:\/\/rollingringdrives.com\/","logo":{"@type":"ImageObject","inLanguage":"nl-BE","@id":"https:\/\/rollingringdrives.com\/#\/schema\/logo\/image\/","url":"https:\/\/rollingringdrives.com\/wp-content\/uploads\/2023\/05\/cropped-\u672a\u547d\u540d\u7684\u8bbe\u8ba1.png","contentUrl":"https:\/\/rollingringdrives.com\/wp-content\/uploads\/2023\/05\/cropped-\u672a\u547d\u540d\u7684\u8bbe\u8ba1.png","width":300,"height":191,"caption":"QiPang"},"image":{"@id":"https:\/\/rollingringdrives.com\/#\/schema\/logo\/image\/"}}]}},"_links":{"self":[{"href":"https:\/\/rollingringdrives.com\/nl\/wp-json\/wp\/v2\/product\/25476","targetHints":{"allow":["GET"]}}],"collection":[{"href":"https:\/\/rollingringdrives.com\/nl\/wp-json\/wp\/v2\/product"}],"about":[{"href":"https:\/\/rollingringdrives.com\/nl\/wp-json\/wp\/v2\/types\/product"}],"version-history":[{"count":0,"href":"https:\/\/rollingringdrives.com\/nl\/wp-json\/wp\/v2\/product\/25476\/revisions"}],"wp:featuredmedia":[{"embeddable":true,"href":"https:\/\/rollingringdrives.com\/nl\/wp-json\/wp\/v2\/media\/27645"}],"wp:attachment":[{"href":"https:\/\/rollingringdrives.com\/nl\/wp-json\/wp\/v2\/media?parent=25476"}],"wp:term":[{"taxonomy":"product_brand","embeddable":true,"href":"https:\/\/rollingringdrives.com\/nl\/wp-json\/wp\/v2\/product_brand?post=25476"},{"taxonomy":"product_cat","embeddable":true,"href":"https:\/\/rollingringdrives.com\/nl\/wp-json\/wp\/v2\/product_cat?post=25476"},{"taxonomy":"product_tag","embeddable":true,"href":"https:\/\/rollingringdrives.com\/nl\/wp-json\/wp\/v2\/product_tag?post=25476"}],"curies":[{"name":"wp","href":"https:\/\/api.w.org\/{rel}","templated":true}]}}