{"id":26348,"date":"2023-05-24T02:36:56","date_gmt":"2023-05-24T02:36:56","guid":{"rendered":"https:\/\/rollingringdrives.com\/?post_type=product&#038;p=26348"},"modified":"2025-07-07T07:39:42","modified_gmt":"2025-07-07T07:39:42","slug":"qp800-1600-end-shaft-type-payoff-machine","status":"publish","type":"product","link":"https:\/\/rollingringdrives.com\/nl\/product\/qp800-1600-einde-as-type-uitbetalingsmachine\/","title":{"rendered":"QP800-1600 eindastype uitbetalingsmachine"},"content":{"rendered":"<p class=\"xsj_paragraph xsj_paragraph_level_0\" data-source-line=\"0\" data-source-line-display=\"true\">De\u00a0<strong class=\"markdown_strong_asterisk\">QP800-1600 eindastype uitbetalingsmachine<\/strong> is een zeer effici\u00ebnte en betrouwbare machine die is ontworpen voor zware draad- en kabelproductietoepassingen. Het wordt gebruikt om kabels met een grote diameter van een haspel af te wikkelen en af te rollen en is geschikt voor haspels met een diameter van \u03a6800 mm tot \u03a61600 mm. De machine heeft een eindasconstructie, een clipafvoermotor en een hefmotor om maximale veiligheid en effici\u00ebntie tijdens het gebruik te garanderen.<br \/>\n<div id=\"footable_parent_26350\"\n         class=\"footable_parent ninja_table_wrapper loading_ninja_table wp_table_data_press_parent semantic_ui\">\n                <table data-ninja_table_instance=\"ninja_table_instance_0\" data-footable_id=\"26350\" data-filter-delay=\"1000\" aria-label=\"4-delig 2 XL2dSX-bestand (2).csv\"            id=\"footable_26350\"\n           data-unique_identifier=\"ninja_table_unique_id_1093881280_26350\"\n           class=\"foo-table ninja_footable foo_table_26350 ninja_table_unique_id_1093881280_26350 ui table  nt_type_legacy_table selectable striped vertical_centered  footable-paging-right ninja_table_search_disabled ninja_table_pro\">\n                <colgroup>\n                            <col class=\"ninja_column_0\">\n                            <col class=\"ninja_column_1\">\n                    <\/colgroup>\n        <thead>\n<tr class=\"footable-header\">\n                                        <th scope=\"col\"  class=\"ninja_column_0 ninja_clmn_nm_parameter\">Parameter<\/th><th scope=\"col\"  class=\"ninja_column_1 ninja_clmn_nm_value\">Waarde<\/th><\/tr>\n<\/thead>\n<tbody>\n\n        <tr data-row_id=\"383\" class=\"ninja_table_row_0 nt_row_id_383\">\n            <td>Formulier uitbetalingsrek<\/td><td>Passieve spanning<\/td>        <\/tr>\n            <tr data-row_id=\"384\" class=\"ninja_table_row_1 nt_row_id_384\">\n            <td>Toepasselijke haspels<\/td><td>PN800\u2014PN1600 (GB4004-84, DIN46391, 46395)<\/td>        <\/tr>\n            <tr data-row_id=\"385\" class=\"ninja_table_row_2 nt_row_id_385\">\n            <td>Haspel diameterbereik<\/td><td>\u03a6800~\u03a61600mm<\/td>        <\/tr>\n            <tr data-row_id=\"386\" class=\"ninja_table_row_3 nt_row_id_386\">\n            <td>Toepasselijke spoelbreedte<\/td><td>750 ~ 1180 mm<\/td>        <\/tr>\n            <tr data-row_id=\"387\" class=\"ninja_table_row_4 nt_row_id_387\">\n            <td>Toepasselijke kabeldiameter<\/td><td>\u03a63-\u03a660mm (Max)<\/td>        <\/tr>\n            <tr data-row_id=\"388\" class=\"ninja_table_row_5 nt_row_id_388\">\n            <td>Hefmotor<\/td><td>0.75kw AC motor + cyclo\u00efde verloopstuk (2 sets)<\/td>        <\/tr>\n            <tr data-row_id=\"389\" class=\"ninja_table_row_6 nt_row_id_389\">\n            <td>Clip losmotor<\/td><td>0.75kw AC motor + cyclo\u00efdaal pinwheel verloopstuk (2 sets)<\/td>        <\/tr>\n            <tr data-row_id=\"390\" class=\"ninja_table_row_7 nt_row_id_390\">\n            <td>Uitbetaling spanning<\/td><td>Mechanische frictieremklauwspanning of magnetische poederrem regelt de spanning en de spanning is instelbaar.<\/td>        <\/tr>\n            <tr data-row_id=\"391\" class=\"ninja_table_row_8 nt_row_id_391\">\n            <td>Laad capaciteit<\/td><td>6T (maximaal)<\/td>        <\/tr>\n    <\/tbody><!--ninja_tobody_rendering_done-->\n    <\/table>\n    \n    \n    \n<\/div>\n<\/p>\n<div class=\"xiaoshujiang_element xsj_anchor\"><a class=\"blank_anchor_name\" name=\"applications_1\"><\/a><a id=\"applications_1\" class=\"blank_anchor_id\"><\/a><a class=\"blank_anchor_name\" name=\"applications\"><\/a><a id=\"applications\" class=\"blank_anchor_id\"><\/a><\/div>\n<h2 id=\"applications_1\" class=\"xsj_heading_hash xsj_heading xsj_heading_h2\" data-source-line=\"2\" data-source-line-display=\"true\"><span class=\"xsj_heading_content\">Toepassingen:<\/span><\/h2>\n<p class=\"xsj_paragraph xsj_paragraph_level_0\" data-source-line=\"4\" data-source-line-display=\"true\">De QP800-1600 End, Shaft Type Payoff Machine wordt gebruikt in verschillende industri\u00eble toepassingen zoals draad- en kabelproductie, elektrische en industri\u00eble bedrading, telecommunicatie en constructie.<\/p>\n<div class=\"xiaoshujiang_element xsj_anchor\"><a class=\"blank_anchor_name\" name=\"faqs_2\"><\/a><a id=\"faqs_2\" class=\"blank_anchor_id\"><\/a><a class=\"blank_anchor_name\" name=\"faqs\"><\/a><a id=\"faqs\" class=\"blank_anchor_id\"><\/a><\/div>\n<h2 id=\"faqs_2\" class=\"xsj_heading_hash xsj_heading xsj_heading_h2\" data-source-line=\"6\" data-source-line-display=\"true\"><span class=\"xsj_heading_content\">Veelgestelde vragen:<\/span><\/h2>\n<div class=\"xiaoshujiang_element xsj_anchor\"><a class=\"blank_anchor_name\" name=\"120what20is20the20maximum20load20capacity20of20the20machine_3\"><\/a><a id=\"120what20is20the20maximum20load20capacity20of20the20machine_3\" class=\"blank_anchor_id\"><\/a><a class=\"blank_anchor_name\" name=\"1-what-is-the-maximum-load-capacity-of-the-machine\"><\/a><a id=\"1-what-is-the-maximum-load-capacity-of-the-machine\" class=\"blank_anchor_id\"><\/a><\/div>\n<h4 id=\"120what20is20the20maximum20load20capacity20of20the20machine_3\" class=\"xsj_heading_hash xsj_heading xsj_heading_h4\" data-source-line=\"8\" data-source-line-display=\"true\"><span class=\"xsj_heading_content\">1. Wat is het maximale draagvermogen van de machine?<\/span><\/h4>\n<p class=\"xsj_paragraph xsj_paragraph_level_0\" data-source-line=\"10\" data-source-line-display=\"true\">Antw.: De machine heeft een maximaal laadvermogen van 6T.<\/p>\n<div class=\"xiaoshujiang_element xsj_anchor\"><a class=\"blank_anchor_name\" name=\"220can20the20machine20accommodate20reels20with20different20diameters_4\"><\/a><a id=\"220can20the20machine20accommodate20reels20with20different20diameters_4\" class=\"blank_anchor_id\"><\/a><a class=\"blank_anchor_name\" name=\"2-can-the-machine-accommodate-reels-with-different-diameters\"><\/a><a id=\"2-can-the-machine-accommodate-reels-with-different-diameters\" class=\"blank_anchor_id\"><\/a><\/div>\n<h4 id=\"220can20the20machine20accommodate20reels20with20different20diameters_4\" class=\"xsj_heading_hash xsj_heading xsj_heading_h4\" data-source-line=\"12\" data-source-line-display=\"true\"><span class=\"xsj_heading_content\">2. Is de machine geschikt voor haspels met verschillende diameters?<\/span><\/h4>\n<p class=\"xsj_paragraph xsj_paragraph_level_0\" data-source-line=\"14\" data-source-line-display=\"true\">Antwoord: Ja, de machine is geschikt voor haspels met een diameter van \u03a6800 mm tot \u03a61600 mm, en kan indien nodig worden uitgerust met verschillende specificaties van de bovenhuls om te voldoen aan de installatie van verschillende haspelspecificaties.<\/p>\n<div class=\"xiaoshujiang_element xsj_anchor\"><a class=\"blank_anchor_name\" name=\"320what20type20of20tension20control20does20the20machine20have_5\"><\/a><a id=\"320what20type20of20tension20control20does20the20machine20have_5\" class=\"blank_anchor_id\"><\/a><a class=\"blank_anchor_name\" name=\"3-what-type-of-tension-control-does-the-machine-have\"><\/a><a id=\"3-what-type-of-tension-control-does-the-machine-have\" class=\"blank_anchor_id\"><\/a><\/div>\n<h4 id=\"320what20type20of20tension20control20does20the20machine20have_5\" class=\"xsj_heading_hash xsj_heading xsj_heading_h4\" data-source-line=\"16\" data-source-line-display=\"true\"><span class=\"xsj_heading_content\">3. Welk type spanningsregeling heeft de machine?<\/span><\/h4>\n<p class=\"xsj_paragraph xsj_paragraph_level_0\" data-source-line=\"18\" data-source-line-display=\"true\">Ans: De machine gebruikt een mechanische wrijvingsremklauw of magnetische poederrem voor spanningscontrole.<\/p>\n<div class=\"xiaoshujiang_element xsj_anchor\"><a class=\"blank_anchor_name\" name=\"420what20type20of20protection20does20the20machine20have_6\"><\/a><a id=\"420what20type20of20protection20does20the20machine20have_6\" class=\"blank_anchor_id\"><\/a><a class=\"blank_anchor_name\" name=\"4-what-type-of-protection-does-the-machine-have\"><\/a><a id=\"4-what-type-of-protection-does-the-machine-have\" class=\"blank_anchor_id\"><\/a><\/div>\n<h4 id=\"420what20type20of20protection20does20the20machine20have_6\" class=\"xsj_heading_hash xsj_heading xsj_heading_h4\" data-source-line=\"20\" data-source-line-display=\"true\"><span class=\"xsj_heading_content\">4. Welk type beveiliging heeft de machine?<\/span><\/h4>\n<p class=\"xsj_paragraph xsj_paragraph_level_0\" data-source-line=\"22\" data-source-line-display=\"true\">Antw.: De machine is voorzien van een dubbele beveiliging, waardoor maximale operationele veiligheid wordt gegarandeerd.<\/p>\n<div class=\"xiaoshujiang_element xsj_anchor\"><a class=\"blank_anchor_name\" name=\"520is20the20machine20easy20to20operate_7\"><\/a><a id=\"520is20the20machine20easy20to20operate_7\" class=\"blank_anchor_id\"><\/a><a class=\"blank_anchor_name\" name=\"5-is-the-machine-easy-to-operate\"><\/a><a id=\"5-is-the-machine-easy-to-operate\" class=\"blank_anchor_id\"><\/a><\/div>\n<h4 id=\"520is20the20machine20easy20to20operate_7\" class=\"xsj_heading_hash xsj_heading xsj_heading_h4\" data-source-line=\"24\" data-source-line-display=\"true\"><span class=\"xsj_heading_content\">5. Is de machine eenvoudig te bedienen?<\/span><\/h4>\n<p class=\"xsj_paragraph xsj_paragraph_level_0\" data-source-line=\"26\" data-source-line-display=\"true\">Antwoord: Ja, de machine is ontworpen om gebruiksvriendelijk en eenvoudig te bedienen te zijn. Het hefsysteem wordt aangedreven door een 0,75 kW AC-motor en een cyclo\u00efde verloopstuk, en de snelheidsmachine laat de schroefmoer gelijktijdig of onafhankelijk omhoog en omlaag gaan, waardoor het voor operators gemakkelijker wordt om te gebruiken.<\/p>","protected":false},"excerpt":{"rendered":"<h2 id=\"features_1\" class=\"xsj_heading_hash xsj_heading xsj_heading_h2\" data-source-line=\"2\" data-source-line-display=\"true\"><span class=\"xsj_heading_content\">Functies:<\/span><\/h2>\n<ol class=\"markdown_ol\" data-source-line=\"4\">\n<li data-source-line=\"4\">Passieve spanningsuitbetalingsrekvorm met behulp van mechanische wrijvingsremklauw of magnetische poederrem om de spanning te regelen.<\/li>\n<li data-source-line=\"5\">Is geschikt voor haspels met een diameter van \u03a6800 mm tot \u03a61600 mm.<\/li>\n<li data-source-line=\"6\">Toepasselijke spoelbreedte tussen 750 mm en 1180 mm.<\/li>\n<li data-source-line=\"7\">Geschikt voor kabeldiameters vari\u00ebrend van \u03a63 mm tot \u03a660 mm (max).<\/li>\n<li data-source-line=\"8\">Uitgerust met twee motoren, \u00e9\u00e9n voor elke bovenkant van de spanhaspel, drijft het cyclo\u00efde verloopstuk de schroefmoer aan om de rotatie vast te klemmen.<\/li>\n<li data-source-line=\"9\">Het hefsysteem wordt aangedreven door een 0,75 kW AC-motor en een cyclo\u00efde verloopstuk, en de snelheidsmachine laat de schroefmoer gelijktijdig of onafhankelijk stijgen en dalen.<\/li>\n<li data-source-line=\"10\">De machine is voorzien van een dubbel beveiligingsapparaat om de veiligheid tijdens het werk te garanderen.<\/li>\n<li data-source-line=\"11\">Het frame van de machine maakt gebruik van buigen en lassen, wat zorgt voor robuustheid en een lange levensduur.<\/li>\n<\/ol>","protected":false},"featured_media":26351,"template":"","meta":{"site-sidebar-layout":"default","site-content-layout":"default","ast-global-header-display":"","ast-banner-title-visibility":"","ast-main-header-display":"","ast-hfb-above-header-display":"","ast-hfb-below-header-display":"","ast-hfb-mobile-header-display":"","site-post-title":"","ast-breadcrumbs-content":"","ast-featured-img":"","footer-sml-layout":"","theme-transparent-header-meta":"default","adv-header-id-meta":"","stick-header-meta":"","header-above-stick-meta":"","header-main-stick-meta":"","header-below-stick-meta":""},"product_brand":[],"product_cat":[48,134],"product_tag":[],"class_list":{"0":"post-26348","1":"product","2":"type-product","3":"status-publish","4":"has-post-thumbnail","6":"product_cat-wire-payoff-machine","7":"product_cat-end-shaft-unwinder-machine","8":"desktop-align-left","9":"tablet-align-left","10":"mobile-align-left","12":"first","13":"instock","14":"shipping-taxable","15":"product-type-simple"},"yoast_head":"<!-- This site is optimized with the Yoast SEO Premium plugin v20.12 (Yoast SEO v26.0) - https:\/\/yoast.com\/wordpress\/plugins\/seo\/ -->\n<title>QP800-1600 End Shaft Type Payoff Machine - QiPang<\/title>\n<meta name=\"description\" content=\"Boost your heavy-duty cable production with the QP800-1600 End Shaft Payoff Machine. Get reliable and safe wire handling today!\" \/>\n<meta name=\"robots\" content=\"index, follow, max-snippet:-1, max-image-preview:large, max-video-preview:-1\" \/>\n<link rel=\"canonical\" href=\"https:\/\/rollingringdrives.com\/nl\/product\/qp800-1600-einde-as-type-uitbetalingsmachine\/\" \/>\n<meta property=\"og:locale\" content=\"nl_BE\" \/>\n<meta property=\"og:type\" content=\"article\" \/>\n<meta property=\"og:title\" content=\"QP800-1600 End Shaft Type Payoff Machine\" \/>\n<meta property=\"og:description\" content=\"Boost your heavy-duty cable production with the QP800-1600 End Shaft Payoff Machine. Get reliable and safe wire handling today!\" \/>\n<meta property=\"og:url\" content=\"https:\/\/rollingringdrives.com\/nl\/product\/qp800-1600-einde-as-type-uitbetalingsmachine\/\" \/>\n<meta property=\"og:site_name\" content=\"QiPang\" \/>\n<meta property=\"article:modified_time\" content=\"2025-07-07T07:39:42+00:00\" \/>\n<meta property=\"og:image\" content=\"https:\/\/rollingringdrives.com\/wp-content\/uploads\/2023\/05\/2-30.jpg\" \/>\n\t<meta property=\"og:image:width\" content=\"600\" \/>\n\t<meta property=\"og:image:height\" content=\"600\" \/>\n\t<meta property=\"og:image:type\" content=\"image\/jpeg\" \/>\n<meta name=\"twitter:card\" content=\"summary_large_image\" \/>\n<meta name=\"twitter:label1\" content=\"Geschatte leestijd\" \/>\n\t<meta name=\"twitter:data1\" content=\"2 minuten\" \/>\n<script type=\"application\/ld+json\" class=\"yoast-schema-graph\">{\"@context\":\"https:\/\/schema.org\",\"@graph\":[{\"@type\":\"WebPage\",\"@id\":\"https:\/\/rollingringdrives.com\/product\/qp800-1600-end-shaft-type-payoff-machine\/\",\"url\":\"https:\/\/rollingringdrives.com\/product\/qp800-1600-end-shaft-type-payoff-machine\/\",\"name\":\"QP800-1600 End Shaft Type Payoff Machine - QiPang\",\"isPartOf\":{\"@id\":\"https:\/\/rollingringdrives.com\/#website\"},\"primaryImageOfPage\":{\"@id\":\"https:\/\/rollingringdrives.com\/product\/qp800-1600-end-shaft-type-payoff-machine\/#primaryimage\"},\"image\":{\"@id\":\"https:\/\/rollingringdrives.com\/product\/qp800-1600-end-shaft-type-payoff-machine\/#primaryimage\"},\"thumbnailUrl\":\"https:\/\/rollingringdrives.com\/wp-content\/uploads\/2023\/05\/2-30.jpg\",\"datePublished\":\"2023-05-24T02:36:56+00:00\",\"dateModified\":\"2025-07-07T07:39:42+00:00\",\"description\":\"Boost your heavy-duty cable production with the QP800-1600 End Shaft Payoff Machine. Get reliable and safe wire handling today!\",\"breadcrumb\":{\"@id\":\"https:\/\/rollingringdrives.com\/product\/qp800-1600-end-shaft-type-payoff-machine\/#breadcrumb\"},\"inLanguage\":\"nl-BE\",\"potentialAction\":[{\"@type\":\"ReadAction\",\"target\":[\"https:\/\/rollingringdrives.com\/product\/qp800-1600-end-shaft-type-payoff-machine\/\"]}]},{\"@type\":\"ImageObject\",\"inLanguage\":\"nl-BE\",\"@id\":\"https:\/\/rollingringdrives.com\/product\/qp800-1600-end-shaft-type-payoff-machine\/#primaryimage\",\"url\":\"https:\/\/rollingringdrives.com\/wp-content\/uploads\/2023\/05\/2-30.jpg\",\"contentUrl\":\"https:\/\/rollingringdrives.com\/wp-content\/uploads\/2023\/05\/2-30.jpg\",\"width\":600,\"height\":600,\"caption\":\"QP800-1600 End Shaft Type Payoff Machine\"},{\"@type\":\"BreadcrumbList\",\"@id\":\"https:\/\/rollingringdrives.com\/product\/qp800-1600-end-shaft-type-payoff-machine\/#breadcrumb\",\"itemListElement\":[{\"@type\":\"ListItem\",\"position\":1,\"name\":\"Home\",\"item\":\"https:\/\/rollingringdrives.com\/\"},{\"@type\":\"ListItem\",\"position\":2,\"name\":\"Machines\",\"item\":\"https:\/\/rollingringdrives.com\/machines\/\"},{\"@type\":\"ListItem\",\"position\":3,\"name\":\"QP800-1600 End Shaft Type Payoff Machine\"}]},{\"@type\":\"WebSite\",\"@id\":\"https:\/\/rollingringdrives.com\/#website\",\"url\":\"https:\/\/rollingringdrives.com\/\",\"name\":\"QiPang\",\"description\":\"QiPang Blog\",\"publisher\":{\"@id\":\"https:\/\/rollingringdrives.com\/#organization\"},\"potentialAction\":[{\"@type\":\"SearchAction\",\"target\":{\"@type\":\"EntryPoint\",\"urlTemplate\":\"https:\/\/rollingringdrives.com\/?s={search_term_string}\"},\"query-input\":{\"@type\":\"PropertyValueSpecification\",\"valueRequired\":true,\"valueName\":\"search_term_string\"}}],\"inLanguage\":\"nl-BE\"},{\"@type\":\"Organization\",\"@id\":\"https:\/\/rollingringdrives.com\/#organization\",\"name\":\"QiPang\",\"url\":\"https:\/\/rollingringdrives.com\/\",\"logo\":{\"@type\":\"ImageObject\",\"inLanguage\":\"nl-BE\",\"@id\":\"https:\/\/rollingringdrives.com\/#\/schema\/logo\/image\/\",\"url\":\"https:\/\/rollingringdrives.com\/wp-content\/uploads\/2023\/05\/cropped-\u672a\u547d\u540d\u7684\u8bbe\u8ba1.png\",\"contentUrl\":\"https:\/\/rollingringdrives.com\/wp-content\/uploads\/2023\/05\/cropped-\u672a\u547d\u540d\u7684\u8bbe\u8ba1.png\",\"width\":300,\"height\":191,\"caption\":\"QiPang\"},\"image\":{\"@id\":\"https:\/\/rollingringdrives.com\/#\/schema\/logo\/image\/\"}}]}<\/script>\n<!-- \/ Yoast SEO Premium plugin. -->","yoast_head_json":{"title":"QP800-1600 Uitbetalingsmachine met eindas - QiPang","description":"Boost uw heavy-duty kabelproductie met de QP800-1600 End Shaft Payoff Machine. Profiteer vandaag nog van betrouwbare en veilige draadverwerking!","robots":{"index":"index","follow":"follow","max-snippet":"max-snippet:-1","max-image-preview":"max-image-preview:large","max-video-preview":"max-video-preview:-1"},"canonical":"https:\/\/rollingringdrives.com\/nl\/product\/qp800-1600-einde-as-type-uitbetalingsmachine\/","og_locale":"nl_BE","og_type":"article","og_title":"QP800-1600 End Shaft Type Payoff Machine","og_description":"Boost your heavy-duty cable production with the QP800-1600 End Shaft Payoff Machine. Get reliable and safe wire handling today!","og_url":"https:\/\/rollingringdrives.com\/nl\/product\/qp800-1600-einde-as-type-uitbetalingsmachine\/","og_site_name":"QiPang","article_modified_time":"2025-07-07T07:39:42+00:00","og_image":[{"width":600,"height":600,"url":"https:\/\/rollingringdrives.com\/wp-content\/uploads\/2023\/05\/2-30.jpg","type":"image\/jpeg"}],"twitter_card":"summary_large_image","twitter_misc":{"Geschatte leestijd":"2 minuten"},"schema":{"@context":"https:\/\/schema.org","@graph":[{"@type":"WebPage","@id":"https:\/\/rollingringdrives.com\/product\/qp800-1600-end-shaft-type-payoff-machine\/","url":"https:\/\/rollingringdrives.com\/product\/qp800-1600-end-shaft-type-payoff-machine\/","name":"QP800-1600 Uitbetalingsmachine met eindas - QiPang","isPartOf":{"@id":"https:\/\/rollingringdrives.com\/#website"},"primaryImageOfPage":{"@id":"https:\/\/rollingringdrives.com\/product\/qp800-1600-end-shaft-type-payoff-machine\/#primaryimage"},"image":{"@id":"https:\/\/rollingringdrives.com\/product\/qp800-1600-end-shaft-type-payoff-machine\/#primaryimage"},"thumbnailUrl":"https:\/\/rollingringdrives.com\/wp-content\/uploads\/2023\/05\/2-30.jpg","datePublished":"2023-05-24T02:36:56+00:00","dateModified":"2025-07-07T07:39:42+00:00","description":"Boost uw heavy-duty kabelproductie met de QP800-1600 End Shaft Payoff Machine. Profiteer vandaag nog van betrouwbare en veilige draadverwerking!","breadcrumb":{"@id":"https:\/\/rollingringdrives.com\/product\/qp800-1600-end-shaft-type-payoff-machine\/#breadcrumb"},"inLanguage":"nl-BE","potentialAction":[{"@type":"ReadAction","target":["https:\/\/rollingringdrives.com\/product\/qp800-1600-end-shaft-type-payoff-machine\/"]}]},{"@type":"ImageObject","inLanguage":"nl-BE","@id":"https:\/\/rollingringdrives.com\/product\/qp800-1600-end-shaft-type-payoff-machine\/#primaryimage","url":"https:\/\/rollingringdrives.com\/wp-content\/uploads\/2023\/05\/2-30.jpg","contentUrl":"https:\/\/rollingringdrives.com\/wp-content\/uploads\/2023\/05\/2-30.jpg","width":600,"height":600,"caption":"QP800-1600 End Shaft Type Payoff Machine"},{"@type":"BreadcrumbList","@id":"https:\/\/rollingringdrives.com\/product\/qp800-1600-end-shaft-type-payoff-machine\/#breadcrumb","itemListElement":[{"@type":"ListItem","position":1,"name":"Home","item":"https:\/\/rollingringdrives.com\/"},{"@type":"ListItem","position":2,"name":"Machines","item":"https:\/\/rollingringdrives.com\/machines\/"},{"@type":"ListItem","position":3,"name":"QP800-1600 End Shaft Type Payoff Machine"}]},{"@type":"WebSite","@id":"https:\/\/rollingringdrives.com\/#website","url":"https:\/\/rollingringdrives.com\/","name":"QiPang","description":"QiPang-blog","publisher":{"@id":"https:\/\/rollingringdrives.com\/#organization"},"potentialAction":[{"@type":"SearchAction","target":{"@type":"EntryPoint","urlTemplate":"https:\/\/rollingringdrives.com\/?s={search_term_string}"},"query-input":{"@type":"PropertyValueSpecification","valueRequired":true,"valueName":"search_term_string"}}],"inLanguage":"nl-BE"},{"@type":"Organization","@id":"https:\/\/rollingringdrives.com\/#organization","name":"QiPang","url":"https:\/\/rollingringdrives.com\/","logo":{"@type":"ImageObject","inLanguage":"nl-BE","@id":"https:\/\/rollingringdrives.com\/#\/schema\/logo\/image\/","url":"https:\/\/rollingringdrives.com\/wp-content\/uploads\/2023\/05\/cropped-\u672a\u547d\u540d\u7684\u8bbe\u8ba1.png","contentUrl":"https:\/\/rollingringdrives.com\/wp-content\/uploads\/2023\/05\/cropped-\u672a\u547d\u540d\u7684\u8bbe\u8ba1.png","width":300,"height":191,"caption":"QiPang"},"image":{"@id":"https:\/\/rollingringdrives.com\/#\/schema\/logo\/image\/"}}]}},"_links":{"self":[{"href":"https:\/\/rollingringdrives.com\/nl\/wp-json\/wp\/v2\/product\/26348","targetHints":{"allow":["GET"]}}],"collection":[{"href":"https:\/\/rollingringdrives.com\/nl\/wp-json\/wp\/v2\/product"}],"about":[{"href":"https:\/\/rollingringdrives.com\/nl\/wp-json\/wp\/v2\/types\/product"}],"version-history":[{"count":0,"href":"https:\/\/rollingringdrives.com\/nl\/wp-json\/wp\/v2\/product\/26348\/revisions"}],"wp:featuredmedia":[{"embeddable":true,"href":"https:\/\/rollingringdrives.com\/nl\/wp-json\/wp\/v2\/media\/26351"}],"wp:attachment":[{"href":"https:\/\/rollingringdrives.com\/nl\/wp-json\/wp\/v2\/media?parent=26348"}],"wp:term":[{"taxonomy":"product_brand","embeddable":true,"href":"https:\/\/rollingringdrives.com\/nl\/wp-json\/wp\/v2\/product_brand?post=26348"},{"taxonomy":"product_cat","embeddable":true,"href":"https:\/\/rollingringdrives.com\/nl\/wp-json\/wp\/v2\/product_cat?post=26348"},{"taxonomy":"product_tag","embeddable":true,"href":"https:\/\/rollingringdrives.com\/nl\/wp-json\/wp\/v2\/product_tag?post=26348"}],"curies":[{"name":"wp","href":"https:\/\/api.w.org\/{rel}","templated":true}]}}