{"id":32388,"date":"2025-07-19T08:09:06","date_gmt":"2025-07-19T08:09:06","guid":{"rendered":"https:\/\/rollingringdrives.com\/?post_type=product&#038;p=32388"},"modified":"2026-01-17T01:54:26","modified_gmt":"2026-01-17T01:54:26","slug":"semi-automatic-cable-reeling-and-coiling-machines","status":"publish","type":"product","link":"https:\/\/rollingringdrives.com\/nl\/product\/semi-automatic-cable-reeling-and-coiling-machines\/","title":{"rendered":"Semi-automatische kabelhaspel- en wikkelmachines"},"content":{"rendered":"<p>De kabelhaspel- en wikkelmachines worden voornamelijk toegepast in de draad- en kabelindustrie voor het oprollen en bundelen van draden en kabels:<\/p>\n<p>\u2022 Kabels en draden ordenen: Het wikkelt verschillende zachte of harde geleiderdraden (zoals koperdraden, draden met email-isolatie, vertinde draden, koperen stalen draden, koperen aluminium draden, enz.) en elektronische draden (zoals stroomkabels, telefoonkabels, audiokabels, videokabels, autokabels, netwerkkabels, enz.) in spoelen volgens bepaalde regels. Dit zorgt ervoor dat de draden en kabels netjes geordend en esthetisch aantrekkelijk zijn, wat transport, opslag en gebruik vergemakkelijkt.<\/p>\n<p>\u2022 Verbeter de productie-effici\u00ebntie: Vergeleken met handmatig oprollen kent de oprolmachine een hoge mate van automatisering en een hoge oprolsnelheid (de oprolsnelheid van sommige modellen kan bijvoorbeeld worden ingesteld van 0 tot 300). Dit kan de productie-effici\u00ebntie aanzienlijk verhogen. Sommige modellen maken het zelfs mogelijk dat \u00e9\u00e9n persoon meerdere processen uitvoert, zoals het oprollen van draad, bundelen en verpakken van plastic folie.<\/p>\n<p>\u2022 Nauwkeurige meting en controle: Uitgerust met een meterteller voor nauwkeurige meting, stopt de meter automatisch wanneer de ingestelde lengte is bereikt. Dit is handig voor het oprollen volgens de opgegeven lengte en ook voor het beheersen van het gebruik en de kosten van draden en kabels.<\/p>\n<p>\u2022 Garandeert de kwaliteit van de opwikkeling: Dankzij het automatische opwikkelapparaat wordt de opwikkelafstand niet be\u00efnvloed door de draaddiameter en blijft de opwikkelkwaliteit stabiel. Hierdoor worden problemen zoals ongeordende en overlappende draden tijdens het opwikkelproces vermeden.<\/p>\n<div id=\"footable_parent_32389\"\n         class=\"footable_parent ninja_table_wrapper loading_ninja_table wp_table_data_press_parent semantic_ui\">\n                <table data-ninja_table_instance=\"ninja_table_instance_0\" data-footable_id=\"32389\" data-filter-delay=\"1000\" aria-label=\"XLS \u5de5\u4f5c\u8868 (2).csv\"            id=\"footable_32389\"\n           data-unique_identifier=\"ninja_table_unique_id_276846700_32389\"\n           class=\"foo-table ninja_footable foo_table_32389 ninja_table_unique_id_276846700_32389 ui table  nt_type_legacy_table selectable striped vertical_centered  footable-paging-right ninja_table_pro\">\n                <colgroup>\n                            <col class=\"ninja_column_0\">\n                            <col class=\"ninja_column_1\">\n                    <\/colgroup>\n        <thead>\n<tr class=\"footable-header\">\n                                        <th scope=\"col\"  class=\"ninja_column_0 ninja_clmn_nm_model\">Model<\/th><th scope=\"col\"  class=\"ninja_column_1 ninja_clmn_nm_qpc5\">QPC500<\/th><\/tr>\n<\/thead>\n<tbody>\n\n        <tr data-row_id=\"1764\" class=\"ninja_table_row_0 nt_row_id_1764\">\n            <td>Draaddiameter<\/td><td> 0,5-25MM<\/td>        <\/tr>\n            <tr data-row_id=\"1765\" class=\"ninja_table_row_1 nt_row_id_1765\">\n            <td>spoelgrootte<\/td><td>OD200-500MM<\/td>        <\/tr>\n            <tr data-row_id=\"1766\" class=\"ninja_table_row_2 nt_row_id_1766\">\n            <td>spoelgrootte<\/td><td>Buitendiameter \u2264500mm Binnendiameter 120\/140mm Breedte 40-100mm<\/td>        <\/tr>\n            <tr data-row_id=\"1767\" class=\"ninja_table_row_3 nt_row_id_1767\">\n            <td>Opname snelheid<\/td><td>0-250RPM (aanpasbare snelheid)<\/td>        <\/tr>\n            <tr data-row_id=\"1768\" class=\"ninja_table_row_4 nt_row_id_1768\">\n            <td>Bedradingsmodus<\/td><td>rollende ringaandrijving<\/td>        <\/tr>\n            <tr data-row_id=\"1769\" class=\"ninja_table_row_5 nt_row_id_1769\">\n            <td>Dragend<\/td><td>100 kg<\/td>        <\/tr>\n            <tr data-row_id=\"1770\" class=\"ninja_table_row_6 nt_row_id_1770\">\n            <td>Motorvermogen<\/td><td>2,2 kW<\/td>        <\/tr>\n            <tr data-row_id=\"1771\" class=\"ninja_table_row_7 nt_row_id_1771\">\n            <td>Spanning<\/td><td>driefasenstroom 380v 50hz<\/td>        <\/tr>\n            <tr data-row_id=\"1772\" class=\"ninja_table_row_8 nt_row_id_1772\">\n            <td>machinegrootte<\/td><td>1,32*1,32*1,52 m<\/td>        <\/tr>\n            <tr data-row_id=\"1773\" class=\"ninja_table_row_9 nt_row_id_1773\">\n            <td>gewicht<\/td><td>280 kg<\/td>        <\/tr>\n    <\/tbody><!--ninja_tobody_rendering_done-->\n    <\/table>\n    \n    \n    \n<\/div>\n\n<p>&nbsp;<\/p>","protected":false},"excerpt":{"rendered":"<p>1. De productie is zeer effectief, de arbeidskosten bedragen slechts 20%6 van het traditionele model.<br \/>\n2. Dankzij de automatische regeling is de opnamesnelheid 2-3 keer sneller dan bij het traditionele model.<br \/>\n3. Door gebruik te maken van een snelbindapparaat kan de kabel na het omcirkelen eenvoudig en snel van de werktafel worden verwijderd, waardoor veel tijd wordt bespaard. Er is geen enkele mankrachtfactor die de kwaliteit van de opstelling be\u00efnvloedt.<\/p>","protected":false},"featured_media":32390,"template":"","meta":{"site-sidebar-layout":"default","site-content-layout":"default","ast-global-header-display":"","ast-banner-title-visibility":"","ast-main-header-display":"","ast-hfb-above-header-display":"","ast-hfb-below-header-display":"","ast-hfb-mobile-header-display":"","site-post-title":"","ast-breadcrumbs-content":"","ast-featured-img":"","footer-sml-layout":"","theme-transparent-header-meta":"default","adv-header-id-meta":"","stick-header-meta":"","header-above-stick-meta":"","header-main-stick-meta":"","header-below-stick-meta":""},"product_brand":[],"product_cat":[51,150],"product_tag":[],"class_list":{"0":"post-32388","1":"product","2":"type-product","3":"status-publish","4":"has-post-thumbnail","6":"product_cat-wire-take-up-machine","7":"product_cat-shaft-type-wire-take-up-machine","8":"desktop-align-left","9":"tablet-align-left","10":"mobile-align-left","12":"first","13":"instock","14":"shipping-taxable","15":"product-type-simple"},"yoast_head":"<!-- This site is optimized with the Yoast SEO Premium plugin v20.12 (Yoast SEO v26.0) - https:\/\/yoast.com\/wordpress\/plugins\/seo\/ -->\n<title>Semi-automatic cable reeling and coiling machines - QiPang<\/title>\n<meta name=\"robots\" content=\"index, follow, max-snippet:-1, max-image-preview:large, max-video-preview:-1\" \/>\n<link rel=\"canonical\" href=\"https:\/\/rollingringdrives.com\/nl\/product\/semi-automatic-cable-reeling-and-coiling-machines\/\" \/>\n<meta property=\"og:locale\" content=\"nl_BE\" \/>\n<meta property=\"og:type\" content=\"article\" \/>\n<meta property=\"og:title\" content=\"Semi-automatic cable reeling and coiling machines\" \/>\n<meta property=\"og:description\" content=\"1\u3001 Production has high effectiveness, the man power costis only 20%6of traditional model. 2\u3001Using automatic arranging, take-up speed is 2-3 times faster than traditional model. 3\u3001Using quick binding device, after circling the cable can be easily and quickly removed from work table, lots of time can be saved There is no any manpower-factor to impact the arranging quality\" \/>\n<meta property=\"og:url\" content=\"https:\/\/rollingringdrives.com\/nl\/product\/semi-automatic-cable-reeling-and-coiling-machines\/\" \/>\n<meta property=\"og:site_name\" content=\"QiPang\" \/>\n<meta property=\"article:modified_time\" content=\"2026-01-17T01:54:26+00:00\" \/>\n<meta property=\"og:image\" content=\"https:\/\/rollingringdrives.com\/wp-content\/uploads\/2025\/07\/\u4e3b\u56fe3pg.jpg\" \/>\n\t<meta property=\"og:image:width\" content=\"1000\" \/>\n\t<meta property=\"og:image:height\" content=\"1000\" \/>\n\t<meta property=\"og:image:type\" content=\"image\/jpeg\" \/>\n<meta name=\"twitter:card\" content=\"summary_large_image\" \/>\n<meta name=\"twitter:label1\" content=\"Geschatte leestijd\" \/>\n\t<meta name=\"twitter:data1\" content=\"2 minuten\" \/>\n<script type=\"application\/ld+json\" class=\"yoast-schema-graph\">{\"@context\":\"https:\/\/schema.org\",\"@graph\":[{\"@type\":\"WebPage\",\"@id\":\"https:\/\/rollingringdrives.com\/product\/semi-automatic-cable-reeling-and-coiling-machines\/\",\"url\":\"https:\/\/rollingringdrives.com\/product\/semi-automatic-cable-reeling-and-coiling-machines\/\",\"name\":\"Semi-automatic cable reeling and coiling machines - QiPang\",\"isPartOf\":{\"@id\":\"https:\/\/rollingringdrives.com\/#website\"},\"primaryImageOfPage\":{\"@id\":\"https:\/\/rollingringdrives.com\/product\/semi-automatic-cable-reeling-and-coiling-machines\/#primaryimage\"},\"image\":{\"@id\":\"https:\/\/rollingringdrives.com\/product\/semi-automatic-cable-reeling-and-coiling-machines\/#primaryimage\"},\"thumbnailUrl\":\"https:\/\/rollingringdrives.com\/wp-content\/uploads\/2025\/07\/\u4e3b\u56fe3pg.jpg\",\"datePublished\":\"2025-07-19T08:09:06+00:00\",\"dateModified\":\"2026-01-17T01:54:26+00:00\",\"breadcrumb\":{\"@id\":\"https:\/\/rollingringdrives.com\/product\/semi-automatic-cable-reeling-and-coiling-machines\/#breadcrumb\"},\"inLanguage\":\"nl-BE\",\"potentialAction\":[{\"@type\":\"ReadAction\",\"target\":[\"https:\/\/rollingringdrives.com\/product\/semi-automatic-cable-reeling-and-coiling-machines\/\"]}]},{\"@type\":\"ImageObject\",\"inLanguage\":\"nl-BE\",\"@id\":\"https:\/\/rollingringdrives.com\/product\/semi-automatic-cable-reeling-and-coiling-machines\/#primaryimage\",\"url\":\"https:\/\/rollingringdrives.com\/wp-content\/uploads\/2025\/07\/\u4e3b\u56fe3pg.jpg\",\"contentUrl\":\"https:\/\/rollingringdrives.com\/wp-content\/uploads\/2025\/07\/\u4e3b\u56fe3pg.jpg\",\"width\":1000,\"height\":1000,\"caption\":\"coil windermachine\"},{\"@type\":\"BreadcrumbList\",\"@id\":\"https:\/\/rollingringdrives.com\/product\/semi-automatic-cable-reeling-and-coiling-machines\/#breadcrumb\",\"itemListElement\":[{\"@type\":\"ListItem\",\"position\":1,\"name\":\"Home\",\"item\":\"https:\/\/rollingringdrives.com\/\"},{\"@type\":\"ListItem\",\"position\":2,\"name\":\"Machines\",\"item\":\"https:\/\/rollingringdrives.com\/machines\/\"},{\"@type\":\"ListItem\",\"position\":3,\"name\":\"Semi-automatic cable reeling and coiling machines\"}]},{\"@type\":\"WebSite\",\"@id\":\"https:\/\/rollingringdrives.com\/#website\",\"url\":\"https:\/\/rollingringdrives.com\/\",\"name\":\"QiPang\",\"description\":\"QiPang Blog\",\"publisher\":{\"@id\":\"https:\/\/rollingringdrives.com\/#organization\"},\"potentialAction\":[{\"@type\":\"SearchAction\",\"target\":{\"@type\":\"EntryPoint\",\"urlTemplate\":\"https:\/\/rollingringdrives.com\/?s={search_term_string}\"},\"query-input\":{\"@type\":\"PropertyValueSpecification\",\"valueRequired\":true,\"valueName\":\"search_term_string\"}}],\"inLanguage\":\"nl-BE\"},{\"@type\":\"Organization\",\"@id\":\"https:\/\/rollingringdrives.com\/#organization\",\"name\":\"QiPang\",\"url\":\"https:\/\/rollingringdrives.com\/\",\"logo\":{\"@type\":\"ImageObject\",\"inLanguage\":\"nl-BE\",\"@id\":\"https:\/\/rollingringdrives.com\/#\/schema\/logo\/image\/\",\"url\":\"https:\/\/rollingringdrives.com\/wp-content\/uploads\/2023\/05\/cropped-\u672a\u547d\u540d\u7684\u8bbe\u8ba1.png\",\"contentUrl\":\"https:\/\/rollingringdrives.com\/wp-content\/uploads\/2023\/05\/cropped-\u672a\u547d\u540d\u7684\u8bbe\u8ba1.png\",\"width\":300,\"height\":191,\"caption\":\"QiPang\"},\"image\":{\"@id\":\"https:\/\/rollingringdrives.com\/#\/schema\/logo\/image\/\"}}]}<\/script>\n<!-- \/ Yoast SEO Premium plugin. -->","yoast_head_json":{"title":"Semi-automatische kabelhaspel- en wikkelmachines - QiPang","robots":{"index":"index","follow":"follow","max-snippet":"max-snippet:-1","max-image-preview":"max-image-preview:large","max-video-preview":"max-video-preview:-1"},"canonical":"https:\/\/rollingringdrives.com\/nl\/product\/semi-automatic-cable-reeling-and-coiling-machines\/","og_locale":"nl_BE","og_type":"article","og_title":"Semi-automatic cable reeling and coiling machines","og_description":"1\u3001 Production has high effectiveness, the man power costis only 20%6of traditional model. 2\u3001Using automatic arranging, take-up speed is 2-3 times faster than traditional model. 3\u3001Using quick binding device, after circling the cable can be easily and quickly removed from work table, lots of time can be saved There is no any manpower-factor to impact the arranging quality","og_url":"https:\/\/rollingringdrives.com\/nl\/product\/semi-automatic-cable-reeling-and-coiling-machines\/","og_site_name":"QiPang","article_modified_time":"2026-01-17T01:54:26+00:00","og_image":[{"width":1000,"height":1000,"url":"https:\/\/rollingringdrives.com\/wp-content\/uploads\/2025\/07\/\u4e3b\u56fe3pg.jpg","type":"image\/jpeg"}],"twitter_card":"summary_large_image","twitter_misc":{"Geschatte leestijd":"2 minuten"},"schema":{"@context":"https:\/\/schema.org","@graph":[{"@type":"WebPage","@id":"https:\/\/rollingringdrives.com\/product\/semi-automatic-cable-reeling-and-coiling-machines\/","url":"https:\/\/rollingringdrives.com\/product\/semi-automatic-cable-reeling-and-coiling-machines\/","name":"Semi-automatische kabelhaspel- en wikkelmachines - QiPang","isPartOf":{"@id":"https:\/\/rollingringdrives.com\/#website"},"primaryImageOfPage":{"@id":"https:\/\/rollingringdrives.com\/product\/semi-automatic-cable-reeling-and-coiling-machines\/#primaryimage"},"image":{"@id":"https:\/\/rollingringdrives.com\/product\/semi-automatic-cable-reeling-and-coiling-machines\/#primaryimage"},"thumbnailUrl":"https:\/\/rollingringdrives.com\/wp-content\/uploads\/2025\/07\/\u4e3b\u56fe3pg.jpg","datePublished":"2025-07-19T08:09:06+00:00","dateModified":"2026-01-17T01:54:26+00:00","breadcrumb":{"@id":"https:\/\/rollingringdrives.com\/product\/semi-automatic-cable-reeling-and-coiling-machines\/#breadcrumb"},"inLanguage":"nl-BE","potentialAction":[{"@type":"ReadAction","target":["https:\/\/rollingringdrives.com\/product\/semi-automatic-cable-reeling-and-coiling-machines\/"]}]},{"@type":"ImageObject","inLanguage":"nl-BE","@id":"https:\/\/rollingringdrives.com\/product\/semi-automatic-cable-reeling-and-coiling-machines\/#primaryimage","url":"https:\/\/rollingringdrives.com\/wp-content\/uploads\/2025\/07\/\u4e3b\u56fe3pg.jpg","contentUrl":"https:\/\/rollingringdrives.com\/wp-content\/uploads\/2025\/07\/\u4e3b\u56fe3pg.jpg","width":1000,"height":1000,"caption":"coil windermachine"},{"@type":"BreadcrumbList","@id":"https:\/\/rollingringdrives.com\/product\/semi-automatic-cable-reeling-and-coiling-machines\/#breadcrumb","itemListElement":[{"@type":"ListItem","position":1,"name":"Home","item":"https:\/\/rollingringdrives.com\/"},{"@type":"ListItem","position":2,"name":"Machines","item":"https:\/\/rollingringdrives.com\/machines\/"},{"@type":"ListItem","position":3,"name":"Semi-automatic cable reeling and coiling machines"}]},{"@type":"WebSite","@id":"https:\/\/rollingringdrives.com\/#website","url":"https:\/\/rollingringdrives.com\/","name":"QiPang","description":"QiPang-blog","publisher":{"@id":"https:\/\/rollingringdrives.com\/#organization"},"potentialAction":[{"@type":"SearchAction","target":{"@type":"EntryPoint","urlTemplate":"https:\/\/rollingringdrives.com\/?s={search_term_string}"},"query-input":{"@type":"PropertyValueSpecification","valueRequired":true,"valueName":"search_term_string"}}],"inLanguage":"nl-BE"},{"@type":"Organization","@id":"https:\/\/rollingringdrives.com\/#organization","name":"QiPang","url":"https:\/\/rollingringdrives.com\/","logo":{"@type":"ImageObject","inLanguage":"nl-BE","@id":"https:\/\/rollingringdrives.com\/#\/schema\/logo\/image\/","url":"https:\/\/rollingringdrives.com\/wp-content\/uploads\/2023\/05\/cropped-\u672a\u547d\u540d\u7684\u8bbe\u8ba1.png","contentUrl":"https:\/\/rollingringdrives.com\/wp-content\/uploads\/2023\/05\/cropped-\u672a\u547d\u540d\u7684\u8bbe\u8ba1.png","width":300,"height":191,"caption":"QiPang"},"image":{"@id":"https:\/\/rollingringdrives.com\/#\/schema\/logo\/image\/"}}]}},"_links":{"self":[{"href":"https:\/\/rollingringdrives.com\/nl\/wp-json\/wp\/v2\/product\/32388","targetHints":{"allow":["GET"]}}],"collection":[{"href":"https:\/\/rollingringdrives.com\/nl\/wp-json\/wp\/v2\/product"}],"about":[{"href":"https:\/\/rollingringdrives.com\/nl\/wp-json\/wp\/v2\/types\/product"}],"version-history":[{"count":0,"href":"https:\/\/rollingringdrives.com\/nl\/wp-json\/wp\/v2\/product\/32388\/revisions"}],"wp:featuredmedia":[{"embeddable":true,"href":"https:\/\/rollingringdrives.com\/nl\/wp-json\/wp\/v2\/media\/32390"}],"wp:attachment":[{"href":"https:\/\/rollingringdrives.com\/nl\/wp-json\/wp\/v2\/media?parent=32388"}],"wp:term":[{"taxonomy":"product_brand","embeddable":true,"href":"https:\/\/rollingringdrives.com\/nl\/wp-json\/wp\/v2\/product_brand?post=32388"},{"taxonomy":"product_cat","embeddable":true,"href":"https:\/\/rollingringdrives.com\/nl\/wp-json\/wp\/v2\/product_cat?post=32388"},{"taxonomy":"product_tag","embeddable":true,"href":"https:\/\/rollingringdrives.com\/nl\/wp-json\/wp\/v2\/product_tag?post=32388"}],"curies":[{"name":"wp","href":"https:\/\/api.w.org\/{rel}","templated":true}]}}