{"id":25621,"date":"2023-05-17T03:04:14","date_gmt":"2023-05-17T03:04:14","guid":{"rendered":"https:\/\/rollingringdrives.com\/?page_id=25621"},"modified":"2023-05-25T01:22:20","modified_gmt":"2023-05-25T01:22:20","slug":"optional-accessories","status":"publish","type":"page","link":"https:\/\/rollingringdrives.com\/pt\/acessorios-opcionais\/","title":{"rendered":"acess\u00f3rios opcionais"},"content":{"rendered":"<div data-elementor-type=\"wp-page\" data-elementor-id=\"25621\" class=\"elementor elementor-25621\" data-elementor-post-type=\"page\">\n\t\t\t\t\t\t<section data-particle_enable=\"false\" data-particle-mobile-disabled=\"false\" class=\"elementor-section elementor-top-section elementor-element elementor-element-baf406e elementor-section-content-middle elementor-section-boxed elementor-section-height-default elementor-section-height-default\" data-id=\"baf406e\" data-element_type=\"section\" data-settings=\"{&quot;background_background&quot;:&quot;classic&quot;}\">\n\t\t\t\t\t\t\t<div class=\"elementor-background-overlay\"><\/div>\n\t\t\t\t\t\t\t<div class=\"elementor-container elementor-column-gap-no\">\n\t\t\t\t\t<div class=\"elementor-column elementor-col-100 elementor-top-column elementor-element elementor-element-a468d57\" data-id=\"a468d57\" data-element_type=\"column\">\n\t\t\t<div class=\"elementor-widget-wrap elementor-element-populated\">\n\t\t\t\t\t\t<div class=\"elementor-element elementor-element-edbe2e8 elementor-widget__width-initial elementor-vertical-align-top elementor-widget elementor-widget-image-box\" data-id=\"edbe2e8\" data-element_type=\"widget\" data-widget_type=\"image-box.default\">\n\t\t\t\t<div class=\"elementor-widget-container\">\n\t\t\t\t\t<div class=\"elementor-image-box-wrapper\"><div class=\"elementor-image-box-content\"><h1 class=\"elementor-image-box-title\">acess\u00f3rios opcionais<\/h1><p class=\"elementor-image-box-description\">Bem-vindo \u00e0 p\u00e1gina de acess\u00f3rios opcionais para nossa unidade de anel rolante. Aqui voc\u00ea encontrar\u00e1 uma variedade de equipamentos suplementares que podem melhorar o desempenho e a funcionalidade do seu acionamento de anel rolante.<\/p><\/div><\/div>\t\t\t\t<\/div>\n\t\t\t\t<\/div>\n\t\t\t\t\t<\/div>\n\t\t<\/div>\n\t\t\t\t\t<\/div>\n\t\t<\/section>\n\t\t\t\t<section data-particle_enable=\"false\" data-particle-mobile-disabled=\"false\" class=\"elementor-section elementor-top-section elementor-element elementor-element-8ec1337 elementor-section-boxed elementor-section-height-default elementor-section-height-default\" data-id=\"8ec1337\" data-element_type=\"section\">\n\t\t\t\t\t\t<div class=\"elementor-container elementor-column-gap-default\">\n\t\t\t\t\t<div class=\"elementor-column elementor-col-100 elementor-top-column elementor-element elementor-element-77db940\" data-id=\"77db940\" data-element_type=\"column\">\n\t\t\t<div class=\"elementor-widget-wrap elementor-element-populated\">\n\t\t\t\t\t\t<div class=\"elementor-element elementor-element-d22f124 elementor-widget elementor-widget-woocommerce-breadcrumb\" data-id=\"d22f124\" data-element_type=\"widget\" data-widget_type=\"woocommerce-breadcrumb.default\">\n\t\t\t\t<div class=\"elementor-widget-container\">\n\t\t\t\t\t<nav class=\"woocommerce-breadcrumb\" aria-label=\"Breadcrumb\" data-no-translation=\"\" data-trp-gettext=\"\">Lar<\/nav>\t\t\t\t<\/div>\n\t\t\t\t<\/div>\n\t\t\t\t\t<\/div>\n\t\t<\/div>\n\t\t\t\t\t<\/div>\n\t\t<\/section>\n\t\t\t\t<section data-particle_enable=\"false\" data-particle-mobile-disabled=\"false\" class=\"elementor-section elementor-top-section elementor-element elementor-element-ffcffe2 elementor-section-boxed elementor-section-height-default elementor-section-height-default\" data-id=\"ffcffe2\" data-element_type=\"section\">\n\t\t\t\t\t\t<div class=\"elementor-container elementor-column-gap-no\">\n\t\t\t\t\t<div class=\"elementor-column elementor-col-100 elementor-top-column elementor-element elementor-element-9ba166f\" data-id=\"9ba166f\" data-element_type=\"column\">\n\t\t\t<div class=\"elementor-widget-wrap elementor-element-populated\">\n\t\t\t\t\t\t<div class=\"elementor-element elementor-element-94a141e elementor-widget elementor-widget-heading\" data-id=\"94a141e\" data-element_type=\"widget\" data-widget_type=\"heading.default\">\n\t\t\t\t<div class=\"elementor-widget-container\">\n\t\t\t\t\t<h2 class=\"elementor-heading-title elementor-size-default\">Rolamento em V<\/h2>\t\t\t\t<\/div>\n\t\t\t\t<\/div>\n\t\t\t\t<div class=\"elementor-element elementor-element-992d8f1 elementor-widget elementor-widget-text-editor\" data-id=\"992d8f1\" data-element_type=\"widget\" data-widget_type=\"text-editor.default\">\n\t\t\t\t<div class=\"elementor-widget-container\">\n\t\t\t\t\t\t\t\t\t<p>Um rolamento em V de acionamento por anel rolante \u00e9 um tipo de rolamento usado para apoiar e guiar o anel rolante de um sistema de acionamento por anel rolante. Ele \u00e9 projetado com uma ranhura em forma de V que combina com a forma do anel rolante, permitindo que ele se mova com suavidade e precis\u00e3o ao longo do comprimento do eixo. O V-Bearing \u00e9 normalmente feito de materiais de alta qualidade, como a\u00e7o ou alum\u00ednio, e \u00e9 projetado para suportar cargas pesadas e altas velocidades. O uso de um rolamento em V de acionamento do anel rolante garante o alinhamento adequado e o movimento preciso do anel rolante, o que \u00e9 cr\u00edtico para o desempenho ideal do sistema de acionamento do anel rolante.<\/p>\t\t\t\t\t\t\t\t<\/div>\n\t\t\t\t<\/div>\n\t\t\t\t\t<\/div>\n\t\t<\/div>\n\t\t\t\t\t<\/div>\n\t\t<\/section>\n\t\t\t\t<\/div>","protected":false},"excerpt":{"rendered":"<p>Acess\u00f3rios opcionais Bem-vindo \u00e0 p\u00e1gina de acess\u00f3rios opcionais do nosso Rolling Ring Drive. Aqui voc\u00ea encontrar\u00e1 uma variedade de equipamentos complementares que podem melhorar o desempenho e a funcionalidade do seu acionamento de anel rolante. Rolamento em V Um rolamento em V com acionamento por anel de rolamento \u00e9 um tipo de rolamento usado para apoiar e guiar o anel de rolamento\u2026<\/p>\n<p class=\"read-more\"> <a class=\"\" href=\"https:\/\/rollingringdrives.com\/pt\/acessorios-opcionais\/\"> <span class=\"screen-reader-text\">acess\u00f3rios opcionais<\/span> Consulte Mais informa\u00e7\u00e3o &quot;<\/a><\/p>","protected":false},"author":1,"featured_media":0,"parent":0,"menu_order":0,"comment_status":"closed","ping_status":"closed","template":"","meta":{"site-sidebar-layout":"no-sidebar","site-content-layout":"page-builder","ast-global-header-display":"","ast-banner-title-visibility":"","ast-main-header-display":"","ast-hfb-above-header-display":"","ast-hfb-below-header-display":"","ast-hfb-mobile-header-display":"","site-post-title":"disabled","ast-breadcrumbs-content":"","ast-featured-img":"disabled","footer-sml-layout":"","theme-transparent-header-meta":"enabled","adv-header-id-meta":"","stick-header-meta":"","header-above-stick-meta":"","header-main-stick-meta":"","header-below-stick-meta":"","footnotes":""},"class_list":["post-25621","page","type-page","status-publish","hentry"],"yoast_head":"<!-- This site is optimized with the Yoast SEO Premium plugin v20.12 (Yoast SEO v26.0) - https:\/\/yoast.com\/wordpress\/plugins\/seo\/ -->\n<title>Optional Accessories - QiPang<\/title>\n<meta name=\"robots\" content=\"index, follow, max-snippet:-1, max-image-preview:large, max-video-preview:-1\" \/>\n<link rel=\"canonical\" href=\"https:\/\/rollingringdrives.com\/pt\/acessorios-opcionais\/\" \/>\n<meta property=\"og:locale\" content=\"pt_PT\" \/>\n<meta property=\"og:type\" content=\"article\" \/>\n<meta property=\"og:title\" content=\"Optional Accessories\" \/>\n<meta property=\"og:description\" content=\"Optional Accessories Welcome to the Optional Accessories page for our Rolling Ring Drive. Here you will find a variety of supplementary equipment that can enhance the performance and functionality of your rolling ring drive. V-Bearing A Rolling Ring Drive V-Bearing is a type of bearing that is used to support and guide the rolling ring &hellip; Optional Accessories Read More &raquo;\" \/>\n<meta property=\"og:url\" content=\"https:\/\/rollingringdrives.com\/pt\/acessorios-opcionais\/\" \/>\n<meta property=\"og:site_name\" content=\"QiPang\" \/>\n<meta property=\"article:modified_time\" content=\"2023-05-25T01:22:20+00:00\" \/>\n<meta name=\"twitter:card\" content=\"summary_large_image\" \/>\n<meta name=\"twitter:label1\" content=\"Est. reading time\" \/>\n\t<meta name=\"twitter:data1\" content=\"1 minuto\" \/>\n<script type=\"application\/ld+json\" class=\"yoast-schema-graph\">{\"@context\":\"https:\/\/schema.org\",\"@graph\":[{\"@type\":\"WebPage\",\"@id\":\"https:\/\/rollingringdrives.com\/optional-accessories\/\",\"url\":\"https:\/\/rollingringdrives.com\/optional-accessories\/\",\"name\":\"Optional Accessories - QiPang\",\"isPartOf\":{\"@id\":\"https:\/\/rollingringdrives.com\/#website\"},\"datePublished\":\"2023-05-17T03:04:14+00:00\",\"dateModified\":\"2023-05-25T01:22:20+00:00\",\"breadcrumb\":{\"@id\":\"https:\/\/rollingringdrives.com\/optional-accessories\/#breadcrumb\"},\"inLanguage\":\"pt-PT\",\"potentialAction\":[{\"@type\":\"ReadAction\",\"target\":[\"https:\/\/rollingringdrives.com\/optional-accessories\/\"]}]},{\"@type\":\"BreadcrumbList\",\"@id\":\"https:\/\/rollingringdrives.com\/optional-accessories\/#breadcrumb\",\"itemListElement\":[{\"@type\":\"ListItem\",\"position\":1,\"name\":\"Home\",\"item\":\"https:\/\/rollingringdrives.com\/\"},{\"@type\":\"ListItem\",\"position\":2,\"name\":\"Optional Accessories\"}]},{\"@type\":\"WebSite\",\"@id\":\"https:\/\/rollingringdrives.com\/#website\",\"url\":\"https:\/\/rollingringdrives.com\/\",\"name\":\"QiPang\",\"description\":\"QiPang Blog\",\"publisher\":{\"@id\":\"https:\/\/rollingringdrives.com\/#organization\"},\"potentialAction\":[{\"@type\":\"SearchAction\",\"target\":{\"@type\":\"EntryPoint\",\"urlTemplate\":\"https:\/\/rollingringdrives.com\/?s={search_term_string}\"},\"query-input\":{\"@type\":\"PropertyValueSpecification\",\"valueRequired\":true,\"valueName\":\"search_term_string\"}}],\"inLanguage\":\"pt-PT\"},{\"@type\":\"Organization\",\"@id\":\"https:\/\/rollingringdrives.com\/#organization\",\"name\":\"QiPang\",\"url\":\"https:\/\/rollingringdrives.com\/\",\"logo\":{\"@type\":\"ImageObject\",\"inLanguage\":\"pt-PT\",\"@id\":\"https:\/\/rollingringdrives.com\/#\/schema\/logo\/image\/\",\"url\":\"https:\/\/rollingringdrives.com\/wp-content\/uploads\/2023\/05\/cropped-\u672a\u547d\u540d\u7684\u8bbe\u8ba1.png\",\"contentUrl\":\"https:\/\/rollingringdrives.com\/wp-content\/uploads\/2023\/05\/cropped-\u672a\u547d\u540d\u7684\u8bbe\u8ba1.png\",\"width\":300,\"height\":191,\"caption\":\"QiPang\"},\"image\":{\"@id\":\"https:\/\/rollingringdrives.com\/#\/schema\/logo\/image\/\"}}]}<\/script>\n<!-- \/ Yoast SEO Premium plugin. -->","yoast_head_json":{"title":"Acess\u00f3rios Opcionais - QiPang","robots":{"index":"index","follow":"follow","max-snippet":"max-snippet:-1","max-image-preview":"max-image-preview:large","max-video-preview":"max-video-preview:-1"},"canonical":"https:\/\/rollingringdrives.com\/pt\/acessorios-opcionais\/","og_locale":"pt_PT","og_type":"article","og_title":"Optional Accessories","og_description":"Optional Accessories Welcome to the Optional Accessories page for our Rolling Ring Drive. Here you will find a variety of supplementary equipment that can enhance the performance and functionality of your rolling ring drive. V-Bearing A Rolling Ring Drive V-Bearing is a type of bearing that is used to support and guide the rolling ring &hellip; Optional Accessories Read More &raquo;","og_url":"https:\/\/rollingringdrives.com\/pt\/acessorios-opcionais\/","og_site_name":"QiPang","article_modified_time":"2023-05-25T01:22:20+00:00","twitter_card":"summary_large_image","twitter_misc":{"Est. reading time":"1 minuto"},"schema":{"@context":"https:\/\/schema.org","@graph":[{"@type":"WebPage","@id":"https:\/\/rollingringdrives.com\/optional-accessories\/","url":"https:\/\/rollingringdrives.com\/optional-accessories\/","name":"Acess\u00f3rios Opcionais - QiPang","isPartOf":{"@id":"https:\/\/rollingringdrives.com\/#website"},"datePublished":"2023-05-17T03:04:14+00:00","dateModified":"2023-05-25T01:22:20+00:00","breadcrumb":{"@id":"https:\/\/rollingringdrives.com\/optional-accessories\/#breadcrumb"},"inLanguage":"pt-PT","potentialAction":[{"@type":"ReadAction","target":["https:\/\/rollingringdrives.com\/optional-accessories\/"]}]},{"@type":"BreadcrumbList","@id":"https:\/\/rollingringdrives.com\/optional-accessories\/#breadcrumb","itemListElement":[{"@type":"ListItem","position":1,"name":"Home","item":"https:\/\/rollingringdrives.com\/"},{"@type":"ListItem","position":2,"name":"Optional Accessories"}]},{"@type":"WebSite","@id":"https:\/\/rollingringdrives.com\/#website","url":"https:\/\/rollingringdrives.com\/","name":"QiPangName","description":"Blog QiPang","publisher":{"@id":"https:\/\/rollingringdrives.com\/#organization"},"potentialAction":[{"@type":"SearchAction","target":{"@type":"EntryPoint","urlTemplate":"https:\/\/rollingringdrives.com\/?s={search_term_string}"},"query-input":{"@type":"PropertyValueSpecification","valueRequired":true,"valueName":"search_term_string"}}],"inLanguage":"pt-PT"},{"@type":"Organization","@id":"https:\/\/rollingringdrives.com\/#organization","name":"QiPangName","url":"https:\/\/rollingringdrives.com\/","logo":{"@type":"ImageObject","inLanguage":"pt-PT","@id":"https:\/\/rollingringdrives.com\/#\/schema\/logo\/image\/","url":"https:\/\/rollingringdrives.com\/wp-content\/uploads\/2023\/05\/cropped-\u672a\u547d\u540d\u7684\u8bbe\u8ba1.png","contentUrl":"https:\/\/rollingringdrives.com\/wp-content\/uploads\/2023\/05\/cropped-\u672a\u547d\u540d\u7684\u8bbe\u8ba1.png","width":300,"height":191,"caption":"QiPang"},"image":{"@id":"https:\/\/rollingringdrives.com\/#\/schema\/logo\/image\/"}}]}},"_links":{"self":[{"href":"https:\/\/rollingringdrives.com\/pt\/wp-json\/wp\/v2\/pages\/25621","targetHints":{"allow":["GET"]}}],"collection":[{"href":"https:\/\/rollingringdrives.com\/pt\/wp-json\/wp\/v2\/pages"}],"about":[{"href":"https:\/\/rollingringdrives.com\/pt\/wp-json\/wp\/v2\/types\/page"}],"author":[{"embeddable":true,"href":"https:\/\/rollingringdrives.com\/pt\/wp-json\/wp\/v2\/users\/1"}],"replies":[{"embeddable":true,"href":"https:\/\/rollingringdrives.com\/pt\/wp-json\/wp\/v2\/comments?post=25621"}],"version-history":[{"count":0,"href":"https:\/\/rollingringdrives.com\/pt\/wp-json\/wp\/v2\/pages\/25621\/revisions"}],"wp:attachment":[{"href":"https:\/\/rollingringdrives.com\/pt\/wp-json\/wp\/v2\/media?parent=25621"}],"curies":[{"name":"wp","href":"https:\/\/api.w.org\/{rel}","templated":true}]}}