{"id":25289,"date":"2023-05-15T03:52:06","date_gmt":"2023-05-15T03:52:06","guid":{"rendered":"https:\/\/rollingringdrives.com\/?post_type=product&#038;p=25289"},"modified":"2024-07-23T10:42:24","modified_gmt":"2024-07-23T10:42:24","slug":"rolling-ring-drive-for-15mm-diameter-shaft-model-gp3-15-gp15","status":"publish","type":"product","link":"https:\/\/rollingringdrives.com\/pt\/produtos\/unidade-de-anel-rolante-para-eixo-de-15mm-de-diametro-modelo-gp3-15-gp15\/","title":{"rendered":"Unidade de anel rolante para eixo de 15 mm de di\u00e2metro modelo GP3-15\/GP15"},"content":{"rendered":"<h2>Modelo de unidade transversal GP3-15\/GP15<\/h2>\n<p>O <strong>Unidade de Anel Rolante<\/strong> \u00e9 projetado para fornecer movimento linear a um <strong>eixo de 15mm de di\u00e2metro<\/strong>. Esta unidade pode fornecer movimento linear eficiente e preciso com um impulso lateral m\u00e1ximo de 9 Kg e um passo m\u00e1ximo de 10 mm. O produto foi constru\u00eddo com materiais de qualidade para garantir durabilidade e confiabilidade.<\/p>\n<div id=\"footable_parent_25293\"\n         class=\"footable_parent ninja_table_wrapper loading_ninja_table wp_table_data_press_parent semantic_ui\">\n                <table data-ninja_table_instance=\"ninja_table_instance_0\" data-footable_id=\"25293\" data-filter-delay=\"1000\" aria-label=\"1\u65b0\u5efa XLSX22 \u5de5\u4f5c\u8868 (2).csv\"            id=\"footable_25293\"\n           data-unique_identifier=\"ninja_table_unique_id_102264683_25293\"\n           class=\"foo-table ninja_footable foo_table_25293 ninja_table_unique_id_102264683_25293 ui table  nt_type_legacy_table selectable striped vertical_centered  footable-paging-right ninja_table_search_disabled ninja_table_pro\">\n                <colgroup>\n                            <col class=\"ninja_column_0\">\n                            <col class=\"ninja_column_1\">\n                    <\/colgroup>\n        <thead>\n<tr class=\"footable-header\">\n                                        <th scope=\"col\"  class=\"ninja_column_0 ninja_clmn_nm_specification\">Especifica\u00e7\u00e3o<\/th><th scope=\"col\"  class=\"ninja_column_1 ninja_clmn_nm_value\">Valor<\/th><\/tr>\n<\/thead>\n<tbody>\n\n        <tr data-row_id=\"1\" class=\"ninja_table_row_0 nt_row_id_1\">\n            <td>N\u00famero de an\u00e9is de rolamento<\/td><td>3<\/td>        <\/tr>\n            <tr data-row_id=\"2\" class=\"ninja_table_row_1 nt_row_id_2\">\n            <td>Impulso Lateral M\u00e1ximo<\/td><td>9 Kg \/ 90N<\/td>        <\/tr>\n            <tr data-row_id=\"3\" class=\"ninja_table_row_2 nt_row_id_3\">\n            <td>Passo M\u00e1ximo<\/td><td>10 mm<\/td>        <\/tr>\n            <tr data-row_id=\"4\" class=\"ninja_table_row_3 nt_row_id_4\">\n            <td>Velocidade M\u00e1xima do Eixo<\/td><td>2000 RPM<\/td>        <\/tr>\n            <tr data-row_id=\"5\" class=\"ninja_table_row_4 nt_row_id_5\">\n            <td>Velocidade Linear M\u00e1xima<\/td><td>19 metros \/ minuto<\/td>        <\/tr>\n            <tr data-row_id=\"6\" class=\"ninja_table_row_5 nt_row_id_6\">\n            <td>Peso<\/td><td>0,9 KG<\/td>        <\/tr>\n            <tr data-row_id=\"7\" class=\"ninja_table_row_6 nt_row_id_7\">\n            <td>Torque de Acionamento<\/td><td>0,3 Kg Cm<\/td>        <\/tr>\n    <\/tbody><!--ninja_tobody_rendering_done-->\n    <\/table>\n    \n    \n    \n<\/div>\n\n<figure id=\"attachment_27219\" aria-describedby=\"caption-attachment-27219\" style=\"width: 1024px\" class=\"wp-caption alignnone\"><img fetchpriority=\"high\" decoding=\"async\" class=\"wp-image-27219 size-large\" src=\"https:\/\/rollingringdrives.com\/wp-content\/uploads\/2023\/05\/15\u5916\u5f62\u5c3a\u5bf8_00-1024x724.png\" alt=\"Desenho dimensional da unidade transversal modelo GP3-15\/GP15\" width=\"1024\" height=\"724\" srcset=\"https:\/\/rollingringdrives.com\/wp-content\/uploads\/2023\/05\/15\u5916\u5f62\u5c3a\u5bf8_00-1024x724.png 1024w, https:\/\/rollingringdrives.com\/wp-content\/uploads\/2023\/05\/15\u5916\u5f62\u5c3a\u5bf8_00-300x212.png 300w, https:\/\/rollingringdrives.com\/wp-content\/uploads\/2023\/05\/15\u5916\u5f62\u5c3a\u5bf8_00-768x543.png 768w, https:\/\/rollingringdrives.com\/wp-content\/uploads\/2023\/05\/15\u5916\u5f62\u5c3a\u5bf8_00-1536x1086.png 1536w, https:\/\/rollingringdrives.com\/wp-content\/uploads\/2023\/05\/15\u5916\u5f62\u5c3a\u5bf8_00-2048x1448.png 2048w, https:\/\/rollingringdrives.com\/wp-content\/uploads\/2023\/05\/15\u5916\u5f62\u5c3a\u5bf8_00-600x424.png 600w\" sizes=\"(max-width: 1024px) 100vw, 1024px\" \/><figcaption id=\"caption-attachment-27219\" class=\"wp-caption-text\">Desenho dimensional da unidade transversal modelo GP3-15\/GP15<\/figcaption><\/figure>\n<p><a href=\"https:\/\/rollingringdrives.com\/wp-content\/uploads\/2023\/05\/Instruction-manual.pdf\" target=\"_blank\" rel=\"noopener\">Baixar Manual\u2193<\/a><br \/>\n<a name=\"applications_1\"><\/a><a id=\"applications_1\"><\/a><a name=\"applications\"><\/a><\/p>\n<h2 id=\"applications_1\" data-source-line=\"2\" data-source-line-display=\"true\">Formul\u00e1rios:<\/h2>\n<p data-source-line=\"4\" data-source-line-display=\"true\">O Rolling Ring Drive \u00e9 uma solu\u00e7\u00e3o ideal para muitas aplica\u00e7\u00f5es de movimento linear. Pode ser usado em equipamentos m\u00e9dicos e de laborat\u00f3rio, m\u00e1quinas de embalagem, m\u00e1quinas de impress\u00e3o e outros equipamentos industriais que requerem movimento linear preciso.<\/p>\n<p><a name=\"faqs_2\"><\/a><a id=\"faqs_2\"><\/a><a name=\"faqs\"><\/a><a id=\"faqs\"><\/a><\/p>\n<h2 id=\"faqs_2\" data-source-line=\"6\" data-source-line-display=\"true\">Perguntas frequentes:<\/h2>\n<p data-source-line=\"8\" data-source-line-display=\"true\"><strong>1. Qual \u00e9 o passo m\u00e1ximo da unidade transversal?<\/strong><br \/>\nO passo m\u00e1ximo da unidade transversal do anel rolante \u00e9 de 10 mm.<\/p>\n<p data-source-line=\"11\" data-source-line-display=\"true\"><strong>2. O Rolling Ring Drive pode trabalhar com um eixo menor que 15mm de di\u00e2metro?<\/strong><br \/>\nN\u00e3o, a unidade transversal do anel rolante foi projetada especificamente para uso com um eixo de 15 mm de di\u00e2metro.<\/p>\n<p data-source-line=\"14\" data-source-line-display=\"true\"><strong>3. Qual \u00e9 o impulso lateral m\u00e1ximo da unidade transversal do anel rolante?<\/strong><br \/>\nO impulso lateral m\u00e1ximo da unidade transversal \u00e9 de 9 kg.<\/p>\n<p data-source-line=\"17\" data-source-line-display=\"true\"><strong>4. Qual \u00e9 a velocidade linear m\u00e1xima do Rolling Ring Drive?<\/strong><br \/>\nA velocidade linear m\u00e1xima do Rolling Ring Drive \u00e9 de 19 metros por minuto.<\/p>\n<p data-source-line=\"20\" data-source-line-display=\"true\"><strong>5. Qual \u00e9 o peso da unidade transversal?<\/strong><br \/>\nO pesa apenas 0,9 Kg.<\/p>","protected":false},"excerpt":{"rendered":"<h2 id=\"features_2\" class=\"xsj_heading_hash xsj_heading xsj_heading_h2\" data-source-line=\"6\" data-source-line-display=\"true\"><span class=\"xsj_heading_content\">Caracter\u00edsticas:<\/span><\/h2>\n<ol>\n<li class=\"xsj_paragraph xsj_paragraph_level_0\" data-source-line=\"8\" data-source-line-display=\"true\">Tr\u00eas an\u00e9is de rolamento para maior estabilidade e precis\u00e3o no movimento linear;<\/li>\n<li class=\"xsj_paragraph xsj_paragraph_level_0\" data-source-line=\"10\" data-source-line-display=\"true\">Empuxo lateral m\u00e1ximo de 9 Kg e passo m\u00e1ximo de 10 mm;<\/li>\n<li class=\"xsj_paragraph xsj_paragraph_level_0\" data-source-line=\"12\" data-source-line-display=\"true\">Capaz de fornecer movimento linear a uma velocidade m\u00e1xima de 19 metros por minuto;<\/li>\n<li class=\"xsj_paragraph xsj_paragraph_level_0\" data-source-line=\"14\" data-source-line-display=\"true\">Torque de acionamento de 0,3 Kg Cm;<\/li>\n<li class=\"xsj_paragraph xsj_paragraph_level_0\" data-source-line=\"16\" data-source-line-display=\"true\">Design leve, pesando apenas 0,9 Kg;<\/li>\n<\/ol>","protected":false},"featured_media":31596,"template":"","meta":{"site-sidebar-layout":"no-sidebar","site-content-layout":"page-builder","ast-global-header-display":"","ast-banner-title-visibility":"","ast-main-header-display":"","ast-hfb-above-header-display":"","ast-hfb-below-header-display":"","ast-hfb-mobile-header-display":"","site-post-title":"disabled","ast-breadcrumbs-content":"","ast-featured-img":"disabled","footer-sml-layout":"","theme-transparent-header-meta":"default","adv-header-id-meta":"","stick-header-meta":"","header-above-stick-meta":"","header-main-stick-meta":"","header-below-stick-meta":""},"product_brand":[],"product_cat":[34,35],"product_tag":[],"class_list":{"0":"post-25289","1":"product","2":"type-product","3":"status-publish","4":"has-post-thumbnail","6":"product_cat-rolling-ring-drive","7":"product_cat-a-type","8":"desktop-align-left","9":"tablet-align-left","10":"mobile-align-left","12":"first","13":"instock","14":"shipping-taxable","15":"product-type-simple"},"yoast_head":"<!-- This site is optimized with the Yoast SEO Premium plugin v20.12 (Yoast SEO v26.0) - https:\/\/yoast.com\/wordpress\/plugins\/seo\/ -->\n<title>Rolling Ring Drive for 15mm Diameter Shaft Model GP3-15\/GP15 - QiPang<\/title>\n<meta name=\"description\" content=\"Upgrade your linear motion system with our highly efficient Rolling Ring Drive for a 15mm Diameter Shaft. Get yours today!\" \/>\n<meta name=\"robots\" content=\"index, follow, max-snippet:-1, max-image-preview:large, max-video-preview:-1\" \/>\n<link rel=\"canonical\" href=\"https:\/\/rollingringdrives.com\/pt\/produtos\/unidade-de-anel-rolante-para-eixo-de-15mm-de-diametro-modelo-gp3-15-gp15\/\" \/>\n<meta property=\"og:locale\" content=\"pt_PT\" \/>\n<meta property=\"og:type\" content=\"article\" \/>\n<meta property=\"og:title\" content=\"Rolling Ring Drive for 15mm Diameter Shaft Model GP3-15\/GP15\" \/>\n<meta property=\"og:description\" content=\"Upgrade your linear motion system with our highly efficient Rolling Ring Drive for a 15mm Diameter Shaft. Get yours today!\" \/>\n<meta property=\"og:url\" content=\"https:\/\/rollingringdrives.com\/pt\/produtos\/unidade-de-anel-rolante-para-eixo-de-15mm-de-diametro-modelo-gp3-15-gp15\/\" \/>\n<meta property=\"og:site_name\" content=\"QiPang\" \/>\n<meta property=\"article:modified_time\" content=\"2024-07-23T10:42:24+00:00\" \/>\n<meta property=\"og:image\" content=\"https:\/\/rollingringdrives.com\/wp-content\/uploads\/2023\/05\/600\u56fe.png\" \/>\n\t<meta property=\"og:image:width\" content=\"600\" \/>\n\t<meta property=\"og:image:height\" content=\"600\" \/>\n\t<meta property=\"og:image:type\" content=\"image\/png\" \/>\n<meta name=\"twitter:card\" content=\"summary_large_image\" \/>\n<meta name=\"twitter:label1\" content=\"Est. reading time\" \/>\n\t<meta name=\"twitter:data1\" content=\"2 minutos\" \/>\n<script type=\"application\/ld+json\" class=\"yoast-schema-graph\">{\"@context\":\"https:\/\/schema.org\",\"@graph\":[{\"@type\":\"WebPage\",\"@id\":\"https:\/\/rollingringdrives.com\/product\/rolling-ring-drive-for-15mm-diameter-shaft-model-gp3-15-gp15\/\",\"url\":\"https:\/\/rollingringdrives.com\/product\/rolling-ring-drive-for-15mm-diameter-shaft-model-gp3-15-gp15\/\",\"name\":\"Rolling Ring Drive for 15mm Diameter Shaft Model GP3-15\/GP15 - QiPang\",\"isPartOf\":{\"@id\":\"https:\/\/rollingringdrives.com\/#website\"},\"primaryImageOfPage\":{\"@id\":\"https:\/\/rollingringdrives.com\/product\/rolling-ring-drive-for-15mm-diameter-shaft-model-gp3-15-gp15\/#primaryimage\"},\"image\":{\"@id\":\"https:\/\/rollingringdrives.com\/product\/rolling-ring-drive-for-15mm-diameter-shaft-model-gp3-15-gp15\/#primaryimage\"},\"thumbnailUrl\":\"https:\/\/rollingringdrives.com\/wp-content\/uploads\/2023\/05\/600\u56fe.png\",\"datePublished\":\"2023-05-15T03:52:06+00:00\",\"dateModified\":\"2024-07-23T10:42:24+00:00\",\"description\":\"Upgrade your linear motion system with our highly efficient Rolling Ring Drive for a 15mm Diameter Shaft. Get yours today!\",\"breadcrumb\":{\"@id\":\"https:\/\/rollingringdrives.com\/product\/rolling-ring-drive-for-15mm-diameter-shaft-model-gp3-15-gp15\/#breadcrumb\"},\"inLanguage\":\"pt-PT\",\"potentialAction\":[{\"@type\":\"ReadAction\",\"target\":[\"https:\/\/rollingringdrives.com\/product\/rolling-ring-drive-for-15mm-diameter-shaft-model-gp3-15-gp15\/\"]}]},{\"@type\":\"ImageObject\",\"inLanguage\":\"pt-PT\",\"@id\":\"https:\/\/rollingringdrives.com\/product\/rolling-ring-drive-for-15mm-diameter-shaft-model-gp3-15-gp15\/#primaryimage\",\"url\":\"https:\/\/rollingringdrives.com\/wp-content\/uploads\/2023\/05\/600\u56fe.png\",\"contentUrl\":\"https:\/\/rollingringdrives.com\/wp-content\/uploads\/2023\/05\/600\u56fe.png\",\"width\":600,\"height\":600},{\"@type\":\"BreadcrumbList\",\"@id\":\"https:\/\/rollingringdrives.com\/product\/rolling-ring-drive-for-15mm-diameter-shaft-model-gp3-15-gp15\/#breadcrumb\",\"itemListElement\":[{\"@type\":\"ListItem\",\"position\":1,\"name\":\"Home\",\"item\":\"https:\/\/rollingringdrives.com\/\"},{\"@type\":\"ListItem\",\"position\":2,\"name\":\"Machines\",\"item\":\"https:\/\/rollingringdrives.com\/machines\/\"},{\"@type\":\"ListItem\",\"position\":3,\"name\":\"Rolling Ring Drive for 15mm Diameter Shaft Model GP3-15\/GP15\"}]},{\"@type\":\"WebSite\",\"@id\":\"https:\/\/rollingringdrives.com\/#website\",\"url\":\"https:\/\/rollingringdrives.com\/\",\"name\":\"QiPang\",\"description\":\"QiPang Blog\",\"publisher\":{\"@id\":\"https:\/\/rollingringdrives.com\/#organization\"},\"potentialAction\":[{\"@type\":\"SearchAction\",\"target\":{\"@type\":\"EntryPoint\",\"urlTemplate\":\"https:\/\/rollingringdrives.com\/?s={search_term_string}\"},\"query-input\":{\"@type\":\"PropertyValueSpecification\",\"valueRequired\":true,\"valueName\":\"search_term_string\"}}],\"inLanguage\":\"pt-PT\"},{\"@type\":\"Organization\",\"@id\":\"https:\/\/rollingringdrives.com\/#organization\",\"name\":\"QiPang\",\"url\":\"https:\/\/rollingringdrives.com\/\",\"logo\":{\"@type\":\"ImageObject\",\"inLanguage\":\"pt-PT\",\"@id\":\"https:\/\/rollingringdrives.com\/#\/schema\/logo\/image\/\",\"url\":\"https:\/\/rollingringdrives.com\/wp-content\/uploads\/2023\/05\/cropped-\u672a\u547d\u540d\u7684\u8bbe\u8ba1.png\",\"contentUrl\":\"https:\/\/rollingringdrives.com\/wp-content\/uploads\/2023\/05\/cropped-\u672a\u547d\u540d\u7684\u8bbe\u8ba1.png\",\"width\":300,\"height\":191,\"caption\":\"QiPang\"},\"image\":{\"@id\":\"https:\/\/rollingringdrives.com\/#\/schema\/logo\/image\/\"}}]}<\/script>\n<!-- \/ Yoast SEO Premium plugin. -->","yoast_head_json":{"title":"Unidade de anel rolante para eixo de 15 mm de di\u00e2metro modelo GP3-15\/GP15 - QiPang","description":"Atualize seu sistema de movimento linear com nosso altamente eficiente Rolling Ring Drive para um eixo de 15 mm de di\u00e2metro. Obtenha o seu hoje!","robots":{"index":"index","follow":"follow","max-snippet":"max-snippet:-1","max-image-preview":"max-image-preview:large","max-video-preview":"max-video-preview:-1"},"canonical":"https:\/\/rollingringdrives.com\/pt\/produtos\/unidade-de-anel-rolante-para-eixo-de-15mm-de-diametro-modelo-gp3-15-gp15\/","og_locale":"pt_PT","og_type":"article","og_title":"Rolling Ring Drive for 15mm Diameter Shaft Model GP3-15\/GP15","og_description":"Upgrade your linear motion system with our highly efficient Rolling Ring Drive for a 15mm Diameter Shaft. Get yours today!","og_url":"https:\/\/rollingringdrives.com\/pt\/produtos\/unidade-de-anel-rolante-para-eixo-de-15mm-de-diametro-modelo-gp3-15-gp15\/","og_site_name":"QiPang","article_modified_time":"2024-07-23T10:42:24+00:00","og_image":[{"width":600,"height":600,"url":"https:\/\/rollingringdrives.com\/wp-content\/uploads\/2023\/05\/600\u56fe.png","type":"image\/png"}],"twitter_card":"summary_large_image","twitter_misc":{"Est. reading time":"2 minutos"},"schema":{"@context":"https:\/\/schema.org","@graph":[{"@type":"WebPage","@id":"https:\/\/rollingringdrives.com\/product\/rolling-ring-drive-for-15mm-diameter-shaft-model-gp3-15-gp15\/","url":"https:\/\/rollingringdrives.com\/product\/rolling-ring-drive-for-15mm-diameter-shaft-model-gp3-15-gp15\/","name":"Unidade de anel rolante para eixo de 15 mm de di\u00e2metro modelo GP3-15\/GP15 - QiPang","isPartOf":{"@id":"https:\/\/rollingringdrives.com\/#website"},"primaryImageOfPage":{"@id":"https:\/\/rollingringdrives.com\/product\/rolling-ring-drive-for-15mm-diameter-shaft-model-gp3-15-gp15\/#primaryimage"},"image":{"@id":"https:\/\/rollingringdrives.com\/product\/rolling-ring-drive-for-15mm-diameter-shaft-model-gp3-15-gp15\/#primaryimage"},"thumbnailUrl":"https:\/\/rollingringdrives.com\/wp-content\/uploads\/2023\/05\/600\u56fe.png","datePublished":"2023-05-15T03:52:06+00:00","dateModified":"2024-07-23T10:42:24+00:00","description":"Atualize seu sistema de movimento linear com nosso altamente eficiente Rolling Ring Drive para um eixo de 15 mm de di\u00e2metro. Obtenha o seu hoje!","breadcrumb":{"@id":"https:\/\/rollingringdrives.com\/product\/rolling-ring-drive-for-15mm-diameter-shaft-model-gp3-15-gp15\/#breadcrumb"},"inLanguage":"pt-PT","potentialAction":[{"@type":"ReadAction","target":["https:\/\/rollingringdrives.com\/product\/rolling-ring-drive-for-15mm-diameter-shaft-model-gp3-15-gp15\/"]}]},{"@type":"ImageObject","inLanguage":"pt-PT","@id":"https:\/\/rollingringdrives.com\/product\/rolling-ring-drive-for-15mm-diameter-shaft-model-gp3-15-gp15\/#primaryimage","url":"https:\/\/rollingringdrives.com\/wp-content\/uploads\/2023\/05\/600\u56fe.png","contentUrl":"https:\/\/rollingringdrives.com\/wp-content\/uploads\/2023\/05\/600\u56fe.png","width":600,"height":600},{"@type":"BreadcrumbList","@id":"https:\/\/rollingringdrives.com\/product\/rolling-ring-drive-for-15mm-diameter-shaft-model-gp3-15-gp15\/#breadcrumb","itemListElement":[{"@type":"ListItem","position":1,"name":"Home","item":"https:\/\/rollingringdrives.com\/"},{"@type":"ListItem","position":2,"name":"Machines","item":"https:\/\/rollingringdrives.com\/machines\/"},{"@type":"ListItem","position":3,"name":"Rolling Ring Drive for 15mm Diameter Shaft Model GP3-15\/GP15"}]},{"@type":"WebSite","@id":"https:\/\/rollingringdrives.com\/#website","url":"https:\/\/rollingringdrives.com\/","name":"QiPangName","description":"Blog QiPang","publisher":{"@id":"https:\/\/rollingringdrives.com\/#organization"},"potentialAction":[{"@type":"SearchAction","target":{"@type":"EntryPoint","urlTemplate":"https:\/\/rollingringdrives.com\/?s={search_term_string}"},"query-input":{"@type":"PropertyValueSpecification","valueRequired":true,"valueName":"search_term_string"}}],"inLanguage":"pt-PT"},{"@type":"Organization","@id":"https:\/\/rollingringdrives.com\/#organization","name":"QiPangName","url":"https:\/\/rollingringdrives.com\/","logo":{"@type":"ImageObject","inLanguage":"pt-PT","@id":"https:\/\/rollingringdrives.com\/#\/schema\/logo\/image\/","url":"https:\/\/rollingringdrives.com\/wp-content\/uploads\/2023\/05\/cropped-\u672a\u547d\u540d\u7684\u8bbe\u8ba1.png","contentUrl":"https:\/\/rollingringdrives.com\/wp-content\/uploads\/2023\/05\/cropped-\u672a\u547d\u540d\u7684\u8bbe\u8ba1.png","width":300,"height":191,"caption":"QiPang"},"image":{"@id":"https:\/\/rollingringdrives.com\/#\/schema\/logo\/image\/"}}]}},"_links":{"self":[{"href":"https:\/\/rollingringdrives.com\/pt\/wp-json\/wp\/v2\/product\/25289","targetHints":{"allow":["GET"]}}],"collection":[{"href":"https:\/\/rollingringdrives.com\/pt\/wp-json\/wp\/v2\/product"}],"about":[{"href":"https:\/\/rollingringdrives.com\/pt\/wp-json\/wp\/v2\/types\/product"}],"version-history":[{"count":0,"href":"https:\/\/rollingringdrives.com\/pt\/wp-json\/wp\/v2\/product\/25289\/revisions"}],"wp:featuredmedia":[{"embeddable":true,"href":"https:\/\/rollingringdrives.com\/pt\/wp-json\/wp\/v2\/media\/31596"}],"wp:attachment":[{"href":"https:\/\/rollingringdrives.com\/pt\/wp-json\/wp\/v2\/media?parent=25289"}],"wp:term":[{"taxonomy":"product_brand","embeddable":true,"href":"https:\/\/rollingringdrives.com\/pt\/wp-json\/wp\/v2\/product_brand?post=25289"},{"taxonomy":"product_cat","embeddable":true,"href":"https:\/\/rollingringdrives.com\/pt\/wp-json\/wp\/v2\/product_cat?post=25289"},{"taxonomy":"product_tag","embeddable":true,"href":"https:\/\/rollingringdrives.com\/pt\/wp-json\/wp\/v2\/product_tag?post=25289"}],"curies":[{"name":"wp","href":"https:\/\/api.w.org\/{rel}","templated":true}]}}