{"id":25368,"date":"2023-05-15T08:06:27","date_gmt":"2023-05-15T08:06:27","guid":{"rendered":"https:\/\/rollingringdrives.com\/?post_type=product&#038;p=25368"},"modified":"2024-07-24T01:26:36","modified_gmt":"2024-07-24T01:26:36","slug":"rolling-ring-drive-for-22mm-diameter-shaft-model-gp3-22-gp22","status":"publish","type":"product","link":"https:\/\/rollingringdrives.com\/pt\/produtos\/unidade-de-anel-rolante-para-modelo-de-eixo-de-22-mm-de-diametro-gp3-22-gp22\/","title":{"rendered":"Acionamentos de anel rolante para eixo de 22 mm de di\u00e2metro modelo GP3-22\/GP22"},"content":{"rendered":"<h2 id=\"traverse20unit20model20rg3-22-2mcrfpx22_2\" class=\"xsj_heading_hash xsj_heading xsj_heading_h2\" data-source-line=\"2\" data-source-line-display=\"true\"><span class=\"xsj_heading_content\">Unidade transversal <span style=\"text-decoration: underline;\">Modelo GP3-22\/GP22<\/span><\/span><\/h2>\n<p class=\"xsj_paragraph xsj_paragraph_level_0\" data-source-line=\"4\" data-source-line-display=\"true\">O <strong>Unidade de Anel Rolante<\/strong> \u00e9 um mecanismo de movimento linear ou rotativo altamente eficiente e vers\u00e1til projetado para atender a uma <strong>eixo de 22mm<\/strong>. Seus tr\u00eas an\u00e9is rolantes proporcionam movimentos suaves e precisos, com passo m\u00e1ximo de 16mm para uma rota\u00e7\u00e3o do eixo. Esta unidade \u00e9 leve, pesa apenas 2 kg e gera apenas 0,3 kg cm de torque de unidade, tornando-a uma solu\u00e7\u00e3o ideal para v\u00e1rias aplica\u00e7\u00f5es.<\/p>\n<p data-source-line=\"4\" data-source-line-display=\"true\"><div id=\"footable_parent_25373\"\n         class=\"footable_parent ninja_table_wrapper loading_ninja_table wp_table_data_press_parent semantic_ui\">\n                <table data-ninja_table_instance=\"ninja_table_instance_0\" data-footable_id=\"25373\" data-filter-delay=\"1000\" aria-label=\"33\u65b0\u5efa XLSX22 \u5de5\u4f5c\u8868 (2).csv\"            id=\"footable_25373\"\n           data-unique_identifier=\"ninja_table_unique_id_1218052744_25373\"\n           class=\"foo-table ninja_footable foo_table_25373 ninja_table_unique_id_1218052744_25373 ui table  nt_type_legacy_table selectable striped vertical_centered  footable-paging-right ninja_table_search_disabled ninja_table_pro\">\n                <colgroup>\n                            <col class=\"ninja_column_0\">\n                            <col class=\"ninja_column_1\">\n                    <\/colgroup>\n        <thead>\n<tr class=\"footable-header\">\n                                        <th scope=\"col\"  class=\"ninja_column_0 ninja_clmn_nm_specification\">Especifica\u00e7\u00e3o<\/th><th scope=\"col\"  class=\"ninja_column_1 ninja_clmn_nm_value\">Valor<\/th><\/tr>\n<\/thead>\n<tbody>\n\n        <tr data-row_id=\"15\" class=\"ninja_table_row_0 nt_row_id_15\">\n            <td>N\u00famero de an\u00e9is de rolamento<\/td><td>3<\/td>        <\/tr>\n            <tr data-row_id=\"16\" class=\"ninja_table_row_1 nt_row_id_16\">\n            <td>Impulso Lateral M\u00e1ximo<\/td><td>16 Kg \/ 160N<\/td>        <\/tr>\n            <tr data-row_id=\"17\" class=\"ninja_table_row_2 nt_row_id_17\">\n            <td>Passo M\u00e1ximo<\/td><td>16 mm<\/td>        <\/tr>\n            <tr data-row_id=\"18\" class=\"ninja_table_row_3 nt_row_id_18\">\n            <td>Velocidade M\u00e1xima do Eixo<\/td><td>1500 RPM<\/td>        <\/tr>\n            <tr data-row_id=\"19\" class=\"ninja_table_row_4 nt_row_id_19\">\n            <td>Velocidade Linear M\u00e1xima<\/td><td>27 metros \/ minuto<\/td>        <\/tr>\n            <tr data-row_id=\"20\" class=\"ninja_table_row_5 nt_row_id_20\">\n            <td>Peso<\/td><td>2 KG<\/td>        <\/tr>\n            <tr data-row_id=\"21\" class=\"ninja_table_row_6 nt_row_id_21\">\n            <td>Torque de Acionamento<\/td><td>0,3 Kg Cm<\/td>        <\/tr>\n    <\/tbody><!--ninja_tobody_rendering_done-->\n    <\/table>\n    \n    \n    \n<\/div>\n<\/p>\n<div class=\"xiaoshujiang_element xsj_anchor\"><a class=\"blank_anchor_name\" name=\"applications_3\"><\/a><a id=\"applications_3\" class=\"blank_anchor_id\"><\/a><a class=\"blank_anchor_name\" name=\"applications\"><\/a><a id=\"applications\" class=\"blank_anchor_id\"><\/a><\/div>\n<h2 id=\"applications_3\" class=\"xsj_heading_hash xsj_heading xsj_heading_h2\" data-source-line=\"6\" data-source-line-display=\"true\"><span class=\"xsj_heading_content\">Formul\u00e1rios:<\/span><\/h2>\n<p class=\"xsj_paragraph xsj_paragraph_level_0\" data-source-line=\"8\" data-source-line-display=\"true\">Os acionadores de anel rolante para um eixo de 22 mm de di\u00e2metro s\u00e3o adequados para uma ampla gama de aplica\u00e7\u00f5es, incluindo:<\/p>\n<ol>\n<li class=\"xsj_paragraph xsj_paragraph_level_0\" data-source-line=\"8\" data-source-line-display=\"true\">Equipamentos de automa\u00e7\u00e3o.<\/li>\n<li class=\"xsj_paragraph xsj_paragraph_level_0\" data-source-line=\"8\" data-source-line-display=\"true\">M\u00e1quinas de embalagem.<\/li>\n<li class=\"xsj_paragraph xsj_paragraph_level_0\" data-source-line=\"8\" data-source-line-display=\"true\">Fabrica\u00e7\u00e3o de semicondutores.<\/li>\n<li class=\"xsj_paragraph xsj_paragraph_level_0\" data-source-line=\"8\" data-source-line-display=\"true\">Equipamento m\u00e9dico.<\/li>\n<li class=\"xsj_paragraph xsj_paragraph_level_0\" data-source-line=\"8\" data-source-line-display=\"true\">Rob\u00f3tica.<\/li>\n<li class=\"xsj_paragraph xsj_paragraph_level_0\" data-source-line=\"8\" data-source-line-display=\"true\">Equipamentos \u00f3pticos.<\/li>\n<li class=\"xsj_paragraph xsj_paragraph_level_0\" data-source-line=\"8\" data-source-line-display=\"true\">M\u00e1quinas de impress\u00e3o.<\/li>\n<li class=\"xsj_paragraph xsj_paragraph_level_0\" data-source-line=\"8\" data-source-line-display=\"true\">Equipamento de laborat\u00f3rio.<\/li>\n<\/ol>\n<div class=\"xiaoshujiang_element xsj_anchor\"><a class=\"blank_anchor_name\" name=\"faqs_4\"><\/a><a id=\"faqs_4\" class=\"blank_anchor_id\"><\/a><a class=\"blank_anchor_name\" name=\"faqs\"><\/a><a id=\"faqs\" class=\"blank_anchor_id\"><\/a><\/div>\n<h2 id=\"faqs_4\" class=\"xsj_heading_hash xsj_heading xsj_heading_h2\" data-source-line=\"18\" data-source-line-display=\"true\"><span class=\"xsj_heading_content\">Perguntas frequentes:<\/span><\/h2>\n<p class=\"xsj_paragraph xsj_paragraph_level_0\" data-source-line=\"20\" data-source-line-display=\"true\"><strong class=\"markdown_strong_asterisk\">1. Qual \u00e9 o impulso lateral m\u00e1ximo para os acionamentos de anel rolante para um eixo de 22 mm de di\u00e2metro?<\/strong><br \/>\nO empuxo lateral m\u00e1ximo \u00e9 de 16kg\/160N.<\/p>\n<p class=\"xsj_paragraph xsj_paragraph_level_0\" data-source-line=\"23\" data-source-line-display=\"true\"><strong class=\"markdown_strong_asterisk\">2. Qual \u00e9 o passo m\u00e1ximo do Rolling Ring Drive?<\/strong><br \/>\nO passo m\u00e1ximo \u00e9 de 16 mm para uma rota\u00e7\u00e3o do eixo.<\/p>\n<p class=\"xsj_paragraph xsj_paragraph_level_0\" data-source-line=\"26\" data-source-line-display=\"true\"><strong class=\"markdown_strong_asterisk\">3. Qual \u00e9 a velocidade m\u00e1xima do eixo para o Rolling Ring Drive?<\/strong><br \/>\nA velocidade m\u00e1xima do eixo \u00e9 de 1500 RPM.<\/p>\n<p class=\"xsj_paragraph xsj_paragraph_level_0\" data-source-line=\"29\" data-source-line-display=\"true\"><strong class=\"markdown_strong_asterisk\">4. Qual \u00e9 a velocidade linear m\u00e1xima para o Rolling Ring Drive?<\/strong><br \/>\nA velocidade linear m\u00e1xima \u00e9 de 27 metros\/minuto.<\/p>\n<p class=\"xsj_paragraph xsj_paragraph_level_0\" data-source-line=\"32\" data-source-line-display=\"true\"><strong class=\"markdown_strong_asterisk\">5. Qual \u00e9 o peso do Rolling Ring Drive?<\/strong><br \/>\nO Rolling Ring Drive pesa apenas 2kg.<\/p>","protected":false},"excerpt":{"rendered":"<h2 id=\"features_3\" class=\"xsj_heading_hash xsj_heading xsj_heading_h2\" data-source-line=\"6\" data-source-line-display=\"true\"><span class=\"xsj_heading_content\">Caracter\u00edsticas:<\/span><\/h2>\n<ol>\n<li class=\"xsj_paragraph xsj_paragraph_level_0\" data-source-line=\"8\" data-source-line-display=\"true\">Tr\u00eas an\u00e9is de rolamento para movimentos suaves e precisos.<\/li>\n<li class=\"xsj_paragraph xsj_paragraph_level_0\" data-source-line=\"8\" data-source-line-display=\"true\">Adapta-se a um eixo de 22 mm de di\u00e2metro.<\/li>\n<li class=\"xsj_paragraph xsj_paragraph_level_0\" data-source-line=\"8\" data-source-line-display=\"true\">Impulso lateral m\u00e1ximo de 16kg\/160N.<\/li>\n<li class=\"xsj_paragraph xsj_paragraph_level_0\" data-source-line=\"8\" data-source-line-display=\"true\">O passo m\u00e1ximo de 16 mm para uma rota\u00e7\u00e3o do eixo.<\/li>\n<li class=\"xsj_paragraph xsj_paragraph_level_0\" data-source-line=\"8\" data-source-line-display=\"true\">Velocidade m\u00e1xima do eixo de 1500 RPM.<\/li>\n<li class=\"xsj_paragraph xsj_paragraph_level_0\" data-source-line=\"8\" data-source-line-display=\"true\">A velocidade linear m\u00e1xima de 27 metros\/minuto.<\/li>\n<li class=\"xsj_paragraph xsj_paragraph_level_0\" data-source-line=\"8\" data-source-line-display=\"true\">Design leve e compacto.<\/li>\n<li class=\"xsj_paragraph xsj_paragraph_level_0\" data-source-line=\"8\" data-source-line-display=\"true\">Gera apenas 0,3 kg Cm de torque de acionamento.<\/li>\n<\/ol>","protected":false},"featured_media":31597,"template":"","meta":{"site-sidebar-layout":"default","site-content-layout":"default","ast-global-header-display":"","ast-banner-title-visibility":"","ast-main-header-display":"","ast-hfb-above-header-display":"","ast-hfb-below-header-display":"","ast-hfb-mobile-header-display":"","site-post-title":"","ast-breadcrumbs-content":"","ast-featured-img":"","footer-sml-layout":"","theme-transparent-header-meta":"default","adv-header-id-meta":"","stick-header-meta":"","header-above-stick-meta":"","header-main-stick-meta":"","header-below-stick-meta":""},"product_brand":[],"product_cat":[34,35],"product_tag":[],"class_list":{"0":"post-25368","1":"product","2":"type-product","3":"status-publish","4":"has-post-thumbnail","6":"product_cat-rolling-ring-drive","7":"product_cat-a-type","8":"desktop-align-left","9":"tablet-align-left","10":"mobile-align-left","12":"first","13":"instock","14":"shipping-taxable","15":"product-type-simple"},"yoast_head":"<!-- This site is optimized with the Yoast SEO Premium plugin v20.12 (Yoast SEO v26.0) - https:\/\/yoast.com\/wordpress\/plugins\/seo\/ -->\n<title>Rolling Ring Drives for 22mm Diameter Shaft Model GP3-22\/GP22 - QiPang<\/title>\n<meta name=\"description\" content=\"Get smooth and accurate linear or rotary motion with our Rolling Ring Drives for a 22mm Diameter Shaft. Lightweight, efficient &amp; versatile. Order now!\" \/>\n<meta name=\"robots\" content=\"index, follow, max-snippet:-1, max-image-preview:large, max-video-preview:-1\" \/>\n<link rel=\"canonical\" href=\"https:\/\/rollingringdrives.com\/pt\/produtos\/unidade-de-anel-rolante-para-modelo-de-eixo-de-22-mm-de-diametro-gp3-22-gp22\/\" \/>\n<meta property=\"og:locale\" content=\"pt_PT\" \/>\n<meta property=\"og:type\" content=\"article\" \/>\n<meta property=\"og:title\" content=\"Rolling Ring Drives for 22mm Diameter Shaft Model GP3-22\/GP22\" \/>\n<meta property=\"og:description\" content=\"Get smooth and accurate linear or rotary motion with our Rolling Ring Drives for a 22mm Diameter Shaft. Lightweight, efficient &amp; versatile. Order now!\" \/>\n<meta property=\"og:url\" content=\"https:\/\/rollingringdrives.com\/pt\/produtos\/unidade-de-anel-rolante-para-modelo-de-eixo-de-22-mm-de-diametro-gp3-22-gp22\/\" \/>\n<meta property=\"og:site_name\" content=\"QiPang\" \/>\n<meta property=\"article:modified_time\" content=\"2024-07-24T01:26:36+00:00\" \/>\n<meta property=\"og:image\" content=\"https:\/\/rollingringdrives.com\/wp-content\/uploads\/2023\/05\/3.QPX22A-2.png\" \/>\n\t<meta property=\"og:image:width\" content=\"800\" \/>\n\t<meta property=\"og:image:height\" content=\"800\" \/>\n\t<meta property=\"og:image:type\" content=\"image\/png\" \/>\n<meta name=\"twitter:card\" content=\"summary_large_image\" \/>\n<meta name=\"twitter:label1\" content=\"Est. reading time\" \/>\n\t<meta name=\"twitter:data1\" content=\"2 minutos\" \/>\n<script type=\"application\/ld+json\" class=\"yoast-schema-graph\">{\"@context\":\"https:\/\/schema.org\",\"@graph\":[{\"@type\":\"WebPage\",\"@id\":\"https:\/\/rollingringdrives.com\/product\/rolling-ring-drive-for-22mm-diameter-shaft-model-gp3-22-gp22\/\",\"url\":\"https:\/\/rollingringdrives.com\/product\/rolling-ring-drive-for-22mm-diameter-shaft-model-gp3-22-gp22\/\",\"name\":\"Rolling Ring Drives for 22mm Diameter Shaft Model GP3-22\/GP22 - QiPang\",\"isPartOf\":{\"@id\":\"https:\/\/rollingringdrives.com\/#website\"},\"primaryImageOfPage\":{\"@id\":\"https:\/\/rollingringdrives.com\/product\/rolling-ring-drive-for-22mm-diameter-shaft-model-gp3-22-gp22\/#primaryimage\"},\"image\":{\"@id\":\"https:\/\/rollingringdrives.com\/product\/rolling-ring-drive-for-22mm-diameter-shaft-model-gp3-22-gp22\/#primaryimage\"},\"thumbnailUrl\":\"https:\/\/rollingringdrives.com\/wp-content\/uploads\/2023\/05\/3.QPX22A-2.png\",\"datePublished\":\"2023-05-15T08:06:27+00:00\",\"dateModified\":\"2024-07-24T01:26:36+00:00\",\"description\":\"Get smooth and accurate linear or rotary motion with our Rolling Ring Drives for a 22mm Diameter Shaft. Lightweight, efficient & versatile. Order now!\",\"breadcrumb\":{\"@id\":\"https:\/\/rollingringdrives.com\/product\/rolling-ring-drive-for-22mm-diameter-shaft-model-gp3-22-gp22\/#breadcrumb\"},\"inLanguage\":\"pt-PT\",\"potentialAction\":[{\"@type\":\"ReadAction\",\"target\":[\"https:\/\/rollingringdrives.com\/product\/rolling-ring-drive-for-22mm-diameter-shaft-model-gp3-22-gp22\/\"]}]},{\"@type\":\"ImageObject\",\"inLanguage\":\"pt-PT\",\"@id\":\"https:\/\/rollingringdrives.com\/product\/rolling-ring-drive-for-22mm-diameter-shaft-model-gp3-22-gp22\/#primaryimage\",\"url\":\"https:\/\/rollingringdrives.com\/wp-content\/uploads\/2023\/05\/3.QPX22A-2.png\",\"contentUrl\":\"https:\/\/rollingringdrives.com\/wp-content\/uploads\/2023\/05\/3.QPX22A-2.png\",\"width\":800,\"height\":800},{\"@type\":\"BreadcrumbList\",\"@id\":\"https:\/\/rollingringdrives.com\/product\/rolling-ring-drive-for-22mm-diameter-shaft-model-gp3-22-gp22\/#breadcrumb\",\"itemListElement\":[{\"@type\":\"ListItem\",\"position\":1,\"name\":\"Home\",\"item\":\"https:\/\/rollingringdrives.com\/\"},{\"@type\":\"ListItem\",\"position\":2,\"name\":\"Machines\",\"item\":\"https:\/\/rollingringdrives.com\/machines\/\"},{\"@type\":\"ListItem\",\"position\":3,\"name\":\"Rolling Ring Drives for 22mm Diameter Shaft Model GP3-22\/GP22\"}]},{\"@type\":\"WebSite\",\"@id\":\"https:\/\/rollingringdrives.com\/#website\",\"url\":\"https:\/\/rollingringdrives.com\/\",\"name\":\"QiPang\",\"description\":\"QiPang Blog\",\"publisher\":{\"@id\":\"https:\/\/rollingringdrives.com\/#organization\"},\"potentialAction\":[{\"@type\":\"SearchAction\",\"target\":{\"@type\":\"EntryPoint\",\"urlTemplate\":\"https:\/\/rollingringdrives.com\/?s={search_term_string}\"},\"query-input\":{\"@type\":\"PropertyValueSpecification\",\"valueRequired\":true,\"valueName\":\"search_term_string\"}}],\"inLanguage\":\"pt-PT\"},{\"@type\":\"Organization\",\"@id\":\"https:\/\/rollingringdrives.com\/#organization\",\"name\":\"QiPang\",\"url\":\"https:\/\/rollingringdrives.com\/\",\"logo\":{\"@type\":\"ImageObject\",\"inLanguage\":\"pt-PT\",\"@id\":\"https:\/\/rollingringdrives.com\/#\/schema\/logo\/image\/\",\"url\":\"https:\/\/rollingringdrives.com\/wp-content\/uploads\/2023\/05\/cropped-\u672a\u547d\u540d\u7684\u8bbe\u8ba1.png\",\"contentUrl\":\"https:\/\/rollingringdrives.com\/wp-content\/uploads\/2023\/05\/cropped-\u672a\u547d\u540d\u7684\u8bbe\u8ba1.png\",\"width\":300,\"height\":191,\"caption\":\"QiPang\"},\"image\":{\"@id\":\"https:\/\/rollingringdrives.com\/#\/schema\/logo\/image\/\"}}]}<\/script>\n<!-- \/ Yoast SEO Premium plugin. -->","yoast_head_json":{"title":"Acionamentos de anel rolante para eixo de 22 mm de di\u00e2metro modelo GP3-22\/GP22 - QiPang","description":"Obtenha movimentos lineares ou rotativos suaves e precisos com nossas unidades de anel rolante para um eixo de 22 mm de di\u00e2metro. Leve, eficiente e vers\u00e1til. Pe\u00e7a agora!","robots":{"index":"index","follow":"follow","max-snippet":"max-snippet:-1","max-image-preview":"max-image-preview:large","max-video-preview":"max-video-preview:-1"},"canonical":"https:\/\/rollingringdrives.com\/pt\/produtos\/unidade-de-anel-rolante-para-modelo-de-eixo-de-22-mm-de-diametro-gp3-22-gp22\/","og_locale":"pt_PT","og_type":"article","og_title":"Rolling Ring Drives for 22mm Diameter Shaft Model GP3-22\/GP22","og_description":"Get smooth and accurate linear or rotary motion with our Rolling Ring Drives for a 22mm Diameter Shaft. Lightweight, efficient & versatile. Order now!","og_url":"https:\/\/rollingringdrives.com\/pt\/produtos\/unidade-de-anel-rolante-para-modelo-de-eixo-de-22-mm-de-diametro-gp3-22-gp22\/","og_site_name":"QiPang","article_modified_time":"2024-07-24T01:26:36+00:00","og_image":[{"width":800,"height":800,"url":"https:\/\/rollingringdrives.com\/wp-content\/uploads\/2023\/05\/3.QPX22A-2.png","type":"image\/png"}],"twitter_card":"summary_large_image","twitter_misc":{"Est. reading time":"2 minutos"},"schema":{"@context":"https:\/\/schema.org","@graph":[{"@type":"WebPage","@id":"https:\/\/rollingringdrives.com\/product\/rolling-ring-drive-for-22mm-diameter-shaft-model-gp3-22-gp22\/","url":"https:\/\/rollingringdrives.com\/product\/rolling-ring-drive-for-22mm-diameter-shaft-model-gp3-22-gp22\/","name":"Acionamentos de anel rolante para eixo de 22 mm de di\u00e2metro modelo GP3-22\/GP22 - QiPang","isPartOf":{"@id":"https:\/\/rollingringdrives.com\/#website"},"primaryImageOfPage":{"@id":"https:\/\/rollingringdrives.com\/product\/rolling-ring-drive-for-22mm-diameter-shaft-model-gp3-22-gp22\/#primaryimage"},"image":{"@id":"https:\/\/rollingringdrives.com\/product\/rolling-ring-drive-for-22mm-diameter-shaft-model-gp3-22-gp22\/#primaryimage"},"thumbnailUrl":"https:\/\/rollingringdrives.com\/wp-content\/uploads\/2023\/05\/3.QPX22A-2.png","datePublished":"2023-05-15T08:06:27+00:00","dateModified":"2024-07-24T01:26:36+00:00","description":"Obtenha movimentos lineares ou rotativos suaves e precisos com nossas unidades de anel rolante para um eixo de 22 mm de di\u00e2metro. Leve, eficiente e vers\u00e1til. Pe\u00e7a agora!","breadcrumb":{"@id":"https:\/\/rollingringdrives.com\/product\/rolling-ring-drive-for-22mm-diameter-shaft-model-gp3-22-gp22\/#breadcrumb"},"inLanguage":"pt-PT","potentialAction":[{"@type":"ReadAction","target":["https:\/\/rollingringdrives.com\/product\/rolling-ring-drive-for-22mm-diameter-shaft-model-gp3-22-gp22\/"]}]},{"@type":"ImageObject","inLanguage":"pt-PT","@id":"https:\/\/rollingringdrives.com\/product\/rolling-ring-drive-for-22mm-diameter-shaft-model-gp3-22-gp22\/#primaryimage","url":"https:\/\/rollingringdrives.com\/wp-content\/uploads\/2023\/05\/3.QPX22A-2.png","contentUrl":"https:\/\/rollingringdrives.com\/wp-content\/uploads\/2023\/05\/3.QPX22A-2.png","width":800,"height":800},{"@type":"BreadcrumbList","@id":"https:\/\/rollingringdrives.com\/product\/rolling-ring-drive-for-22mm-diameter-shaft-model-gp3-22-gp22\/#breadcrumb","itemListElement":[{"@type":"ListItem","position":1,"name":"Home","item":"https:\/\/rollingringdrives.com\/"},{"@type":"ListItem","position":2,"name":"Machines","item":"https:\/\/rollingringdrives.com\/machines\/"},{"@type":"ListItem","position":3,"name":"Rolling Ring Drives for 22mm Diameter Shaft Model GP3-22\/GP22"}]},{"@type":"WebSite","@id":"https:\/\/rollingringdrives.com\/#website","url":"https:\/\/rollingringdrives.com\/","name":"QiPangName","description":"Blog QiPang","publisher":{"@id":"https:\/\/rollingringdrives.com\/#organization"},"potentialAction":[{"@type":"SearchAction","target":{"@type":"EntryPoint","urlTemplate":"https:\/\/rollingringdrives.com\/?s={search_term_string}"},"query-input":{"@type":"PropertyValueSpecification","valueRequired":true,"valueName":"search_term_string"}}],"inLanguage":"pt-PT"},{"@type":"Organization","@id":"https:\/\/rollingringdrives.com\/#organization","name":"QiPangName","url":"https:\/\/rollingringdrives.com\/","logo":{"@type":"ImageObject","inLanguage":"pt-PT","@id":"https:\/\/rollingringdrives.com\/#\/schema\/logo\/image\/","url":"https:\/\/rollingringdrives.com\/wp-content\/uploads\/2023\/05\/cropped-\u672a\u547d\u540d\u7684\u8bbe\u8ba1.png","contentUrl":"https:\/\/rollingringdrives.com\/wp-content\/uploads\/2023\/05\/cropped-\u672a\u547d\u540d\u7684\u8bbe\u8ba1.png","width":300,"height":191,"caption":"QiPang"},"image":{"@id":"https:\/\/rollingringdrives.com\/#\/schema\/logo\/image\/"}}]}},"_links":{"self":[{"href":"https:\/\/rollingringdrives.com\/pt\/wp-json\/wp\/v2\/product\/25368","targetHints":{"allow":["GET"]}}],"collection":[{"href":"https:\/\/rollingringdrives.com\/pt\/wp-json\/wp\/v2\/product"}],"about":[{"href":"https:\/\/rollingringdrives.com\/pt\/wp-json\/wp\/v2\/types\/product"}],"version-history":[{"count":0,"href":"https:\/\/rollingringdrives.com\/pt\/wp-json\/wp\/v2\/product\/25368\/revisions"}],"wp:featuredmedia":[{"embeddable":true,"href":"https:\/\/rollingringdrives.com\/pt\/wp-json\/wp\/v2\/media\/31597"}],"wp:attachment":[{"href":"https:\/\/rollingringdrives.com\/pt\/wp-json\/wp\/v2\/media?parent=25368"}],"wp:term":[{"taxonomy":"product_brand","embeddable":true,"href":"https:\/\/rollingringdrives.com\/pt\/wp-json\/wp\/v2\/product_brand?post=25368"},{"taxonomy":"product_cat","embeddable":true,"href":"https:\/\/rollingringdrives.com\/pt\/wp-json\/wp\/v2\/product_cat?post=25368"},{"taxonomy":"product_tag","embeddable":true,"href":"https:\/\/rollingringdrives.com\/pt\/wp-json\/wp\/v2\/product_tag?post=25368"}],"curies":[{"name":"wp","href":"https:\/\/api.w.org\/{rel}","templated":true}]}}