{"id":25403,"date":"2023-05-15T08:42:06","date_gmt":"2023-05-15T08:42:06","guid":{"rendered":"https:\/\/rollingringdrives.com\/?post_type=product&#038;p=25403"},"modified":"2023-05-31T03:01:38","modified_gmt":"2023-05-31T03:01:38","slug":"rolling-ring-drive-for-30mm-diameter-shaft-model-gp3-30-gp30","status":"publish","type":"product","link":"https:\/\/rollingringdrives.com\/pt\/produtos\/unidade-de-anel-rolante-para-eixo-de-30-mm-de-diametro-modelo-gp3-30-gp30\/","title":{"rendered":"Unidade de anel rolante para eixo de 30 mm de di\u00e2metro modelo GP3-30\/GP30"},"content":{"rendered":"<h2 id=\"traverse20unit20model20rg3-30-2mcrfpx30_2\" class=\"xsj_heading_hash xsj_heading xsj_heading_h2\" data-source-line=\"2\" data-source-line-display=\"true\"><span class=\"xsj_heading_content\">Unidade transversal <span style=\"text-decoration: underline;\">Modelo GP3-30\/GP30<\/span><\/span><\/h2>\n<p class=\"xsj_paragraph xsj_paragraph_level_0\" data-source-line=\"4\" data-source-line-display=\"true\">O <strong>Unidade transversal modelo RG3-30-2MCRF\/PX30<\/strong> \u00e9 um sistema Rolling Ring Drive de alta precis\u00e3o projetado para uso com um <strong>eixo de 30mm de di\u00e2metro<\/strong>. \u00c9 composto por tr\u00eas Rolling Rings, cada um capaz de gerar um empuxo lateral m\u00e1ximo de at\u00e9 26 Kg e um torque de acionamento de 1,2 Kg Cm. Esta unidade \u00e9 ideal para aplica\u00e7\u00f5es de movimento linear de alta precis\u00e3o com uma velocidade linear m\u00e1xima de 24 metros por minuto e uma velocidade total do eixo de 1000 RPM.<\/p>\n<p data-source-line=\"4\" data-source-line-display=\"true\"><div id=\"footable_parent_25405\"\n         class=\"footable_parent ninja_table_wrapper loading_ninja_table wp_table_data_press_parent semantic_ui\">\n                <table data-ninja_table_instance=\"ninja_table_instance_0\" data-footable_id=\"25405\" data-filter-delay=\"1000\" aria-label=\"55\u65b0\u5efa XLSX22 \u5de5\u4f5c\u8868 (2).csv\"            id=\"footable_25405\"\n           data-unique_identifier=\"ninja_table_unique_id_233059631_25405\"\n           class=\"foo-table ninja_footable foo_table_25405 ninja_table_unique_id_233059631_25405 ui table  nt_type_legacy_table selectable striped vertical_centered  footable-paging-right ninja_table_search_disabled ninja_table_pro\">\n                <colgroup>\n                            <col class=\"ninja_column_0\">\n                            <col class=\"ninja_column_1\">\n                    <\/colgroup>\n        <thead>\n<tr class=\"footable-header\">\n                                        <th scope=\"col\"  class=\"ninja_column_0 ninja_clmn_nm_specification\">Especifica\u00e7\u00e3o<\/th><th scope=\"col\"  class=\"ninja_column_1 ninja_clmn_nm_value\">Valor<\/th><\/tr>\n<\/thead>\n<tbody>\n\n        <tr data-row_id=\"29\" class=\"ninja_table_row_0 nt_row_id_29\">\n            <td>N\u00famero de an\u00e9is de rolamento<\/td><td>3<\/td>        <\/tr>\n            <tr data-row_id=\"30\" class=\"ninja_table_row_1 nt_row_id_30\">\n            <td>Impulso Lateral M\u00e1ximo<\/td><td>26 Kg<\/td>        <\/tr>\n            <tr data-row_id=\"31\" class=\"ninja_table_row_2 nt_row_id_31\">\n            <td>Passo M\u00e1ximo<\/td><td>26 mm<\/td>        <\/tr>\n            <tr data-row_id=\"32\" class=\"ninja_table_row_3 nt_row_id_32\">\n            <td>Velocidade M\u00e1xima do Eixo<\/td><td>1000 RPM<\/td>        <\/tr>\n            <tr data-row_id=\"33\" class=\"ninja_table_row_4 nt_row_id_33\">\n            <td>Velocidade Linear M\u00e1xima<\/td><td>24 metros \/ minuto<\/td>        <\/tr>\n            <tr data-row_id=\"34\" class=\"ninja_table_row_5 nt_row_id_34\">\n            <td>Peso<\/td><td>2,6 KG<\/td>        <\/tr>\n            <tr data-row_id=\"35\" class=\"ninja_table_row_6 nt_row_id_35\">\n            <td>Torque de Acionamento<\/td><td>1,2 Kg Cm<\/td>        <\/tr>\n    <\/tbody><!--ninja_tobody_rendering_done-->\n    <\/table>\n    \n    \n    \n<\/div>\n<\/p>\n<figure id=\"attachment_27221\" aria-describedby=\"caption-attachment-27221\" style=\"width: 1024px\" class=\"wp-caption alignnone\"><img fetchpriority=\"high\" decoding=\"async\" class=\"wp-image-27221 size-large\" src=\"https:\/\/rollingringdrives.com\/wp-content\/uploads\/2023\/05\/30\u5916\u5f62\u56fe_00-1024x724.png\" alt=\"Desenho dimensional da unidade transversal modelo GP3-30\/GP30\" width=\"1024\" height=\"724\" srcset=\"https:\/\/rollingringdrives.com\/wp-content\/uploads\/2023\/05\/30\u5916\u5f62\u56fe_00-1024x724.png 1024w, https:\/\/rollingringdrives.com\/wp-content\/uploads\/2023\/05\/30\u5916\u5f62\u56fe_00-300x212.png 300w, https:\/\/rollingringdrives.com\/wp-content\/uploads\/2023\/05\/30\u5916\u5f62\u56fe_00-768x543.png 768w, https:\/\/rollingringdrives.com\/wp-content\/uploads\/2023\/05\/30\u5916\u5f62\u56fe_00-1536x1086.png 1536w, https:\/\/rollingringdrives.com\/wp-content\/uploads\/2023\/05\/30\u5916\u5f62\u56fe_00-2048x1449.png 2048w, https:\/\/rollingringdrives.com\/wp-content\/uploads\/2023\/05\/30\u5916\u5f62\u56fe_00-600x424.png 600w\" sizes=\"(max-width: 1024px) 100vw, 1024px\" \/><figcaption id=\"caption-attachment-27221\" class=\"wp-caption-text\">Desenho dimensional da unidade transversal modelo GP3-30\/GP30<\/figcaption><\/figure>\n<div class=\"xiaoshujiang_element xsj_anchor\"><a href=\"https:\/\/rollingringdrives.com\/wp-content\/uploads\/2023\/05\/Instruction-manual.pdf\" target=\"_blank\" rel=\"noopener\">Baixar Manual\u2193<\/a><\/div>\n<div class=\"xiaoshujiang_element xsj_anchor\"><a class=\"blank_anchor_name\" name=\"applications_4\"><\/a><a id=\"applications_4\" class=\"blank_anchor_id\"><\/a><a class=\"blank_anchor_name\" name=\"applications\"><\/a><a id=\"applications\" class=\"blank_anchor_id\"><\/a><\/div>\n<h2 id=\"applications_4\" class=\"xsj_heading_hash xsj_heading xsj_heading_h2\" data-source-line=\"23\" data-source-line-display=\"true\"><span class=\"xsj_heading_content\">Formul\u00e1rios:<\/span><\/h2>\n<p class=\"xsj_paragraph xsj_paragraph_level_0\" data-source-line=\"25\" data-source-line-display=\"true\">O RG3-30-2MCRF\/PX30 Rolling Ring Drive \u00e9 adequado para uma variedade de aplica\u00e7\u00f5es, incluindo:<\/p>\n<ol>\n<li class=\"xsj_paragraph xsj_paragraph_level_0\" data-source-line=\"27\" data-source-line-display=\"true\">Sistemas de controle de movimento linear de alta precis\u00e3o.<\/li>\n<li class=\"xsj_paragraph xsj_paragraph_level_0\" data-source-line=\"29\" data-source-line-display=\"true\">m\u00e1quinas CNC.<\/li>\n<li class=\"xsj_paragraph xsj_paragraph_level_0\" data-source-line=\"31\" data-source-line-display=\"true\">Rob\u00f3tica e sistemas de automa\u00e7\u00e3o.<\/li>\n<li class=\"xsj_paragraph xsj_paragraph_level_0\" data-source-line=\"33\" data-source-line-display=\"true\">Equipamento de laborat\u00f3rio.<\/li>\n<li class=\"xsj_paragraph xsj_paragraph_level_0\" data-source-line=\"35\" data-source-line-display=\"true\">Processos de fabrica\u00e7\u00e3o de precis\u00e3o.<\/li>\n<\/ol>\n<div class=\"xiaoshujiang_element xsj_anchor\"><a class=\"blank_anchor_name\" name=\"faqs_5\"><\/a><a id=\"faqs_5\" class=\"blank_anchor_id\"><\/a><a class=\"blank_anchor_name\" name=\"faqs\"><\/a><a id=\"faqs\" class=\"blank_anchor_id\"><\/a><\/div>\n<h2 id=\"faqs_5\" class=\"xsj_heading_hash xsj_heading xsj_heading_h2\" data-source-line=\"38\" data-source-line-display=\"true\"><span class=\"xsj_heading_content\">Perguntas frequentes:<\/span><\/h2>\n<p class=\"xsj_paragraph xsj_paragraph_level_0\" data-source-line=\"40\" data-source-line-display=\"true\"><strong class=\"markdown_strong_asterisk\">1. O que \u00e9 uma unidade de anel rolante?<\/strong><br \/>\nO Rolling Ring Drive \u00e9 um mecanismo de precis\u00e3o que converte movimento rotativo em movimento linear. \u00c9 composto por um conjunto de tr\u00eas an\u00e9is, que podem se mover independentemente uns dos outros ao longo de um eixo central.<br \/>\n<strong class=\"markdown_strong_asterisk\">2. Qual \u00e9 o empuxo lateral m\u00e1ximo do Acionamento por Anel Rolante RG3-30-2MCRF\/PX30?<\/strong><br \/>\nO empuxo lateral m\u00e1ximo desta unidade \u00e9 de 26 Kg.<br \/>\n<strong class=\"markdown_strong_asterisk\">3. O Acionamento por Anel Rolante RG3-30-2MCRF\/PX30 \u00e9 adequado para uso com um eixo de 30 mm de di\u00e2metro?<\/strong><br \/>\nSim, esta unidade foi projetada para uso com um eixo de 30 mm de di\u00e2metro.<br \/>\n<strong class=\"markdown_strong_asterisk\">4. Qual \u00e9 a velocidade linear m\u00e1xima desta unidade?<\/strong><br \/>\nA velocidade linear m\u00e1xima do Rolling Ring Drive RG3-30-2MCRF\/PX30 \u00e9 de 24 metros por minuto.<br \/>\n<strong class=\"markdown_strong_asterisk\">5. Esta unidade pode ser utilizada em processos de fabrica\u00e7\u00e3o de alta precis\u00e3o?<\/strong><br \/>\nEste Rolling Ring Drive \u00e9 altamente preciso e confi\u00e1vel, tornando-o ideal para processos de fabrica\u00e7\u00e3o de precis\u00e3o.<\/p>","protected":false},"excerpt":{"rendered":"<h2 id=\"features_3\" class=\"xsj_heading_hash xsj_heading xsj_heading_h2\" data-source-line=\"6\" data-source-line-display=\"true\"><span class=\"xsj_heading_content\">Caracter\u00edsticas:<\/span><\/h2>\n<ol>\n<li class=\"xsj_paragraph xsj_paragraph_level_0\" data-source-line=\"7\" data-source-line-display=\"true\">Tr\u00eas an\u00e9is de rolamento para impulso lateral m\u00e1ximo.<\/li>\n<li class=\"xsj_paragraph xsj_paragraph_level_0\" data-source-line=\"9\" data-source-line-display=\"true\">Impulso lateral m\u00e1ximo de 26 Kg.<\/li>\n<li class=\"xsj_paragraph xsj_paragraph_level_0\" data-source-line=\"11\" data-source-line-display=\"true\">O passo m\u00e1ximo de 26 mm para movimento linear.<\/li>\n<li class=\"xsj_paragraph xsj_paragraph_level_0\" data-source-line=\"13\" data-source-line-display=\"true\">Velocidade m\u00e1xima do eixo de 1000 RPM.<\/li>\n<li class=\"xsj_paragraph xsj_paragraph_level_0\" data-source-line=\"15\" data-source-line-display=\"true\">Velocidade linear m\u00e1xima de 24 metros por minuto.<\/li>\n<li class=\"xsj_paragraph xsj_paragraph_level_0\" data-source-line=\"17\" data-source-line-display=\"true\">Adequado para uso com um eixo de 30 mm de di\u00e2metro.<\/li>\n<li class=\"xsj_paragraph xsj_paragraph_level_0\" data-source-line=\"19\" data-source-line-display=\"true\">Torque de acionamento de 1,2 Kg Cm.<\/li>\n<li class=\"xsj_paragraph xsj_paragraph_level_0\" data-source-line=\"21\" data-source-line-display=\"true\">Altamente preciso e confi\u00e1vel.<\/li>\n<\/ol>","protected":false},"featured_media":25409,"template":"","meta":{"site-sidebar-layout":"default","site-content-layout":"default","ast-global-header-display":"","ast-banner-title-visibility":"","ast-main-header-display":"","ast-hfb-above-header-display":"","ast-hfb-below-header-display":"","ast-hfb-mobile-header-display":"","site-post-title":"","ast-breadcrumbs-content":"","ast-featured-img":"","footer-sml-layout":"","theme-transparent-header-meta":"default","adv-header-id-meta":"","stick-header-meta":"","header-above-stick-meta":"","header-main-stick-meta":"","header-below-stick-meta":""},"product_brand":[],"product_cat":[34,35],"product_tag":[],"class_list":{"0":"post-25403","1":"product","2":"type-product","3":"status-publish","4":"has-post-thumbnail","6":"product_cat-rolling-ring-drive","7":"product_cat-a-type","8":"desktop-align-left","9":"tablet-align-left","10":"mobile-align-left","12":"first","13":"instock","14":"shipping-taxable","15":"product-type-simple"},"yoast_head":"<!-- This site is optimized with the Yoast SEO Premium plugin v20.12 (Yoast SEO v26.0) - https:\/\/yoast.com\/wordpress\/plugins\/seo\/ -->\n<title>Rolling Ring Drive for 30mm Diameter Shaft Model GP3-30\/GP30 - QiPang<\/title>\n<meta name=\"description\" content=\"Upgrade your high-precision linear movement game with our Traverse Unit Model GP3-30\/GP30 Rolling Ring Drive for a 30mm Diameter Shaft. Order now!\" \/>\n<meta name=\"robots\" content=\"index, follow, max-snippet:-1, max-image-preview:large, max-video-preview:-1\" \/>\n<link rel=\"canonical\" href=\"https:\/\/rollingringdrives.com\/pt\/produtos\/unidade-de-anel-rolante-para-eixo-de-30-mm-de-diametro-modelo-gp3-30-gp30\/\" \/>\n<meta property=\"og:locale\" content=\"pt_PT\" \/>\n<meta property=\"og:type\" content=\"article\" \/>\n<meta property=\"og:title\" content=\"Rolling Ring Drive for 30mm Diameter Shaft Model GP3-30\/GP30\" \/>\n<meta property=\"og:description\" content=\"Upgrade your high-precision linear movement game with our Traverse Unit Model GP3-30\/GP30 Rolling Ring Drive for a 30mm Diameter Shaft. Order now!\" \/>\n<meta property=\"og:url\" content=\"https:\/\/rollingringdrives.com\/pt\/produtos\/unidade-de-anel-rolante-para-eixo-de-30-mm-de-diametro-modelo-gp3-30-gp30\/\" \/>\n<meta property=\"og:site_name\" content=\"QiPang\" \/>\n<meta property=\"article:modified_time\" content=\"2023-05-31T03:01:38+00:00\" \/>\n<meta property=\"og:image\" content=\"https:\/\/rollingringdrives.com\/wp-content\/uploads\/2023\/05\/\u5fae\u4fe1\u56fe\u7247_2022052318205611.jpg\" \/>\n\t<meta property=\"og:image:width\" content=\"600\" \/>\n\t<meta property=\"og:image:height\" content=\"600\" \/>\n\t<meta property=\"og:image:type\" content=\"image\/jpeg\" \/>\n<meta name=\"twitter:card\" content=\"summary_large_image\" \/>\n<meta name=\"twitter:label1\" content=\"Est. reading time\" \/>\n\t<meta name=\"twitter:data1\" content=\"2 minutos\" \/>\n<script type=\"application\/ld+json\" class=\"yoast-schema-graph\">{\"@context\":\"https:\/\/schema.org\",\"@graph\":[{\"@type\":\"WebPage\",\"@id\":\"https:\/\/rollingringdrives.com\/product\/rolling-ring-drive-for-30mm-diameter-shaft-model-gp3-30-gp30\/\",\"url\":\"https:\/\/rollingringdrives.com\/product\/rolling-ring-drive-for-30mm-diameter-shaft-model-gp3-30-gp30\/\",\"name\":\"Rolling Ring Drive for 30mm Diameter Shaft Model GP3-30\/GP30 - QiPang\",\"isPartOf\":{\"@id\":\"https:\/\/rollingringdrives.com\/#website\"},\"primaryImageOfPage\":{\"@id\":\"https:\/\/rollingringdrives.com\/product\/rolling-ring-drive-for-30mm-diameter-shaft-model-gp3-30-gp30\/#primaryimage\"},\"image\":{\"@id\":\"https:\/\/rollingringdrives.com\/product\/rolling-ring-drive-for-30mm-diameter-shaft-model-gp3-30-gp30\/#primaryimage\"},\"thumbnailUrl\":\"https:\/\/rollingringdrives.com\/wp-content\/uploads\/2023\/05\/\u5fae\u4fe1\u56fe\u7247_2022052318205611.jpg\",\"datePublished\":\"2023-05-15T08:42:06+00:00\",\"dateModified\":\"2023-05-31T03:01:38+00:00\",\"description\":\"Upgrade your high-precision linear movement game with our Traverse Unit Model GP3-30\/GP30 Rolling Ring Drive for a 30mm Diameter Shaft. Order now!\",\"breadcrumb\":{\"@id\":\"https:\/\/rollingringdrives.com\/product\/rolling-ring-drive-for-30mm-diameter-shaft-model-gp3-30-gp30\/#breadcrumb\"},\"inLanguage\":\"pt-PT\",\"potentialAction\":[{\"@type\":\"ReadAction\",\"target\":[\"https:\/\/rollingringdrives.com\/product\/rolling-ring-drive-for-30mm-diameter-shaft-model-gp3-30-gp30\/\"]}]},{\"@type\":\"ImageObject\",\"inLanguage\":\"pt-PT\",\"@id\":\"https:\/\/rollingringdrives.com\/product\/rolling-ring-drive-for-30mm-diameter-shaft-model-gp3-30-gp30\/#primaryimage\",\"url\":\"https:\/\/rollingringdrives.com\/wp-content\/uploads\/2023\/05\/\u5fae\u4fe1\u56fe\u7247_2022052318205611.jpg\",\"contentUrl\":\"https:\/\/rollingringdrives.com\/wp-content\/uploads\/2023\/05\/\u5fae\u4fe1\u56fe\u7247_2022052318205611.jpg\",\"width\":600,\"height\":600,\"caption\":\"Rolling Ring Drive for 30mm Diameter Shaft Model GP3-30\/GP30\"},{\"@type\":\"BreadcrumbList\",\"@id\":\"https:\/\/rollingringdrives.com\/product\/rolling-ring-drive-for-30mm-diameter-shaft-model-gp3-30-gp30\/#breadcrumb\",\"itemListElement\":[{\"@type\":\"ListItem\",\"position\":1,\"name\":\"Home\",\"item\":\"https:\/\/rollingringdrives.com\/\"},{\"@type\":\"ListItem\",\"position\":2,\"name\":\"Machines\",\"item\":\"https:\/\/rollingringdrives.com\/machines\/\"},{\"@type\":\"ListItem\",\"position\":3,\"name\":\"Rolling Ring Drive for 30mm Diameter Shaft Model GP3-30\/GP30\"}]},{\"@type\":\"WebSite\",\"@id\":\"https:\/\/rollingringdrives.com\/#website\",\"url\":\"https:\/\/rollingringdrives.com\/\",\"name\":\"QiPang\",\"description\":\"QiPang Blog\",\"publisher\":{\"@id\":\"https:\/\/rollingringdrives.com\/#organization\"},\"potentialAction\":[{\"@type\":\"SearchAction\",\"target\":{\"@type\":\"EntryPoint\",\"urlTemplate\":\"https:\/\/rollingringdrives.com\/?s={search_term_string}\"},\"query-input\":{\"@type\":\"PropertyValueSpecification\",\"valueRequired\":true,\"valueName\":\"search_term_string\"}}],\"inLanguage\":\"pt-PT\"},{\"@type\":\"Organization\",\"@id\":\"https:\/\/rollingringdrives.com\/#organization\",\"name\":\"QiPang\",\"url\":\"https:\/\/rollingringdrives.com\/\",\"logo\":{\"@type\":\"ImageObject\",\"inLanguage\":\"pt-PT\",\"@id\":\"https:\/\/rollingringdrives.com\/#\/schema\/logo\/image\/\",\"url\":\"https:\/\/rollingringdrives.com\/wp-content\/uploads\/2023\/05\/cropped-\u672a\u547d\u540d\u7684\u8bbe\u8ba1.png\",\"contentUrl\":\"https:\/\/rollingringdrives.com\/wp-content\/uploads\/2023\/05\/cropped-\u672a\u547d\u540d\u7684\u8bbe\u8ba1.png\",\"width\":300,\"height\":191,\"caption\":\"QiPang\"},\"image\":{\"@id\":\"https:\/\/rollingringdrives.com\/#\/schema\/logo\/image\/\"}}]}<\/script>\n<!-- \/ Yoast SEO Premium plugin. -->","yoast_head_json":{"title":"Unidade de anel rolante para eixo de 30 mm de di\u00e2metro modelo GP3-30\/GP30 - QiPang","description":"Atualize seu jogo de movimento linear de alta precis\u00e3o com nossa unidade transversal modelo GP3-30\/GP30 Rolling Ring Drive para um eixo de 30 mm de di\u00e2metro. Pe\u00e7a agora!","robots":{"index":"index","follow":"follow","max-snippet":"max-snippet:-1","max-image-preview":"max-image-preview:large","max-video-preview":"max-video-preview:-1"},"canonical":"https:\/\/rollingringdrives.com\/pt\/produtos\/unidade-de-anel-rolante-para-eixo-de-30-mm-de-diametro-modelo-gp3-30-gp30\/","og_locale":"pt_PT","og_type":"article","og_title":"Rolling Ring Drive for 30mm Diameter Shaft Model GP3-30\/GP30","og_description":"Upgrade your high-precision linear movement game with our Traverse Unit Model GP3-30\/GP30 Rolling Ring Drive for a 30mm Diameter Shaft. Order now!","og_url":"https:\/\/rollingringdrives.com\/pt\/produtos\/unidade-de-anel-rolante-para-eixo-de-30-mm-de-diametro-modelo-gp3-30-gp30\/","og_site_name":"QiPang","article_modified_time":"2023-05-31T03:01:38+00:00","og_image":[{"width":600,"height":600,"url":"https:\/\/rollingringdrives.com\/wp-content\/uploads\/2023\/05\/\u5fae\u4fe1\u56fe\u7247_2022052318205611.jpg","type":"image\/jpeg"}],"twitter_card":"summary_large_image","twitter_misc":{"Est. reading time":"2 minutos"},"schema":{"@context":"https:\/\/schema.org","@graph":[{"@type":"WebPage","@id":"https:\/\/rollingringdrives.com\/product\/rolling-ring-drive-for-30mm-diameter-shaft-model-gp3-30-gp30\/","url":"https:\/\/rollingringdrives.com\/product\/rolling-ring-drive-for-30mm-diameter-shaft-model-gp3-30-gp30\/","name":"Unidade de anel rolante para eixo de 30 mm de di\u00e2metro modelo GP3-30\/GP30 - QiPang","isPartOf":{"@id":"https:\/\/rollingringdrives.com\/#website"},"primaryImageOfPage":{"@id":"https:\/\/rollingringdrives.com\/product\/rolling-ring-drive-for-30mm-diameter-shaft-model-gp3-30-gp30\/#primaryimage"},"image":{"@id":"https:\/\/rollingringdrives.com\/product\/rolling-ring-drive-for-30mm-diameter-shaft-model-gp3-30-gp30\/#primaryimage"},"thumbnailUrl":"https:\/\/rollingringdrives.com\/wp-content\/uploads\/2023\/05\/\u5fae\u4fe1\u56fe\u7247_2022052318205611.jpg","datePublished":"2023-05-15T08:42:06+00:00","dateModified":"2023-05-31T03:01:38+00:00","description":"Atualize seu jogo de movimento linear de alta precis\u00e3o com nossa unidade transversal modelo GP3-30\/GP30 Rolling Ring Drive para um eixo de 30 mm de di\u00e2metro. Pe\u00e7a agora!","breadcrumb":{"@id":"https:\/\/rollingringdrives.com\/product\/rolling-ring-drive-for-30mm-diameter-shaft-model-gp3-30-gp30\/#breadcrumb"},"inLanguage":"pt-PT","potentialAction":[{"@type":"ReadAction","target":["https:\/\/rollingringdrives.com\/product\/rolling-ring-drive-for-30mm-diameter-shaft-model-gp3-30-gp30\/"]}]},{"@type":"ImageObject","inLanguage":"pt-PT","@id":"https:\/\/rollingringdrives.com\/product\/rolling-ring-drive-for-30mm-diameter-shaft-model-gp3-30-gp30\/#primaryimage","url":"https:\/\/rollingringdrives.com\/wp-content\/uploads\/2023\/05\/\u5fae\u4fe1\u56fe\u7247_2022052318205611.jpg","contentUrl":"https:\/\/rollingringdrives.com\/wp-content\/uploads\/2023\/05\/\u5fae\u4fe1\u56fe\u7247_2022052318205611.jpg","width":600,"height":600,"caption":"Rolling Ring Drive for 30mm Diameter Shaft Model GP3-30\/GP30"},{"@type":"BreadcrumbList","@id":"https:\/\/rollingringdrives.com\/product\/rolling-ring-drive-for-30mm-diameter-shaft-model-gp3-30-gp30\/#breadcrumb","itemListElement":[{"@type":"ListItem","position":1,"name":"Home","item":"https:\/\/rollingringdrives.com\/"},{"@type":"ListItem","position":2,"name":"Machines","item":"https:\/\/rollingringdrives.com\/machines\/"},{"@type":"ListItem","position":3,"name":"Rolling Ring Drive for 30mm Diameter Shaft Model GP3-30\/GP30"}]},{"@type":"WebSite","@id":"https:\/\/rollingringdrives.com\/#website","url":"https:\/\/rollingringdrives.com\/","name":"QiPangName","description":"Blog QiPang","publisher":{"@id":"https:\/\/rollingringdrives.com\/#organization"},"potentialAction":[{"@type":"SearchAction","target":{"@type":"EntryPoint","urlTemplate":"https:\/\/rollingringdrives.com\/?s={search_term_string}"},"query-input":{"@type":"PropertyValueSpecification","valueRequired":true,"valueName":"search_term_string"}}],"inLanguage":"pt-PT"},{"@type":"Organization","@id":"https:\/\/rollingringdrives.com\/#organization","name":"QiPangName","url":"https:\/\/rollingringdrives.com\/","logo":{"@type":"ImageObject","inLanguage":"pt-PT","@id":"https:\/\/rollingringdrives.com\/#\/schema\/logo\/image\/","url":"https:\/\/rollingringdrives.com\/wp-content\/uploads\/2023\/05\/cropped-\u672a\u547d\u540d\u7684\u8bbe\u8ba1.png","contentUrl":"https:\/\/rollingringdrives.com\/wp-content\/uploads\/2023\/05\/cropped-\u672a\u547d\u540d\u7684\u8bbe\u8ba1.png","width":300,"height":191,"caption":"QiPang"},"image":{"@id":"https:\/\/rollingringdrives.com\/#\/schema\/logo\/image\/"}}]}},"_links":{"self":[{"href":"https:\/\/rollingringdrives.com\/pt\/wp-json\/wp\/v2\/product\/25403","targetHints":{"allow":["GET"]}}],"collection":[{"href":"https:\/\/rollingringdrives.com\/pt\/wp-json\/wp\/v2\/product"}],"about":[{"href":"https:\/\/rollingringdrives.com\/pt\/wp-json\/wp\/v2\/types\/product"}],"version-history":[{"count":0,"href":"https:\/\/rollingringdrives.com\/pt\/wp-json\/wp\/v2\/product\/25403\/revisions"}],"wp:featuredmedia":[{"embeddable":true,"href":"https:\/\/rollingringdrives.com\/pt\/wp-json\/wp\/v2\/media\/25409"}],"wp:attachment":[{"href":"https:\/\/rollingringdrives.com\/pt\/wp-json\/wp\/v2\/media?parent=25403"}],"wp:term":[{"taxonomy":"product_brand","embeddable":true,"href":"https:\/\/rollingringdrives.com\/pt\/wp-json\/wp\/v2\/product_brand?post=25403"},{"taxonomy":"product_cat","embeddable":true,"href":"https:\/\/rollingringdrives.com\/pt\/wp-json\/wp\/v2\/product_cat?post=25403"},{"taxonomy":"product_tag","embeddable":true,"href":"https:\/\/rollingringdrives.com\/pt\/wp-json\/wp\/v2\/product_tag?post=25403"}],"curies":[{"name":"wp","href":"https:\/\/api.w.org\/{rel}","templated":true}]}}