{"id":25438,"date":"2023-05-15T10:17:40","date_gmt":"2023-05-15T10:17:40","guid":{"rendered":"https:\/\/rollingringdrives.com\/?post_type=product&#038;p=25438"},"modified":"2024-07-24T03:58:27","modified_gmt":"2024-07-24T03:58:27","slug":"rolling-ring-drive-for-60mm-diameter-shaft-model-gp3-60-gp60","status":"publish","type":"product","link":"https:\/\/rollingringdrives.com\/pt\/produtos\/acionamento-de-anel-rolante-para-eixo-de-60mm-de-diametro-modelo-gp3-60-gp60\/","title":{"rendered":"Unidade de anel rolante para eixo de 60 mm de di\u00e2metro modelo GP3-60\/GP60"},"content":{"rendered":"<div class=\"xiaoshujiang_element xsj_anchor\"><\/div>\n<h2 id=\"traverse20unit20model20rg3-60-2mcrfpx60_2\" class=\"xsj_heading_hash xsj_heading xsj_heading_h2\" data-source-line=\"2\" data-source-line-display=\"true\"><span class=\"xsj_heading_content\">Unidade transversal <span style=\"text-decoration: underline;\">Modelo GP3-60\/GP60<\/span><\/span><\/h2>\n<p class=\"xsj_paragraph xsj_paragraph_level_0\" data-source-line=\"4\" data-source-line-display=\"true\">O <strong>Unidade transversal<\/strong> <strong>Modelo GP3-60\/GP60<\/strong>\u00a0\u00e9 um excelente<strong> Unidade de Anel Rolante<\/strong> para\u00a0<strong class=\"markdown_strong_asterisk\">Eixo de 60 mm de di\u00e2metro<\/strong>. Apresenta um impulso lateral m\u00e1ximo de 100 Kg e um passo m\u00e1ximo de 46 mm, permitindo um movimento linear para uma rota\u00e7\u00e3o do eixo na configura\u00e7\u00e3o 10 do mostrador. A velocidade m\u00e1xima do eixo \u00e9 de 350 RPM e a velocidade linear m\u00e1xima \u00e9 de 17,5 metros por minuto. Com peso de apenas 18 Kg e torque de acionamento de 10 Kg Cm, \u00e9 f\u00e1cil de instalar e oferece desempenho eficiente para diversas aplica\u00e7\u00f5es.<\/p>\n<p data-source-line=\"4\" data-source-line-display=\"true\"><div id=\"footable_parent_25440\"\n         class=\"footable_parent ninja_table_wrapper loading_ninja_table wp_table_data_press_parent semantic_ui\">\n                <table data-ninja_table_instance=\"ninja_table_instance_0\" data-footable_id=\"25440\" data-filter-delay=\"1000\" aria-label=\"88\u65b0\u5efa XLSX22 \u5de5\u4f5c\u8868 (2).csv\"            id=\"footable_25440\"\n           data-unique_identifier=\"ninja_table_unique_id_1477652123_25440\"\n           class=\"foo-table ninja_footable foo_table_25440 ninja_table_unique_id_1477652123_25440 ui table  nt_type_legacy_table selectable striped vertical_centered  footable-paging-right ninja_table_search_disabled ninja_table_pro\">\n                <colgroup>\n                            <col class=\"ninja_column_0\">\n                            <col class=\"ninja_column_1\">\n                    <\/colgroup>\n        <thead>\n<tr class=\"footable-header\">\n                                        <th scope=\"col\"  class=\"ninja_column_0 ninja_clmn_nm_specification\">Especifica\u00e7\u00e3o<\/th><th scope=\"col\"  class=\"ninja_column_1 ninja_clmn_nm_value\">Valor<\/th><\/tr>\n<\/thead>\n<tbody>\n\n        <tr data-row_id=\"50\" class=\"ninja_table_row_0 nt_row_id_50\">\n            <td>N\u00famero de an\u00e9is de rolamento<\/td><td>3<\/td>        <\/tr>\n            <tr data-row_id=\"51\" class=\"ninja_table_row_1 nt_row_id_51\">\n            <td>Impulso Lateral M\u00e1ximo<\/td><td>100 Kg<\/td>        <\/tr>\n            <tr data-row_id=\"52\" class=\"ninja_table_row_2 nt_row_id_52\">\n            <td>Passo M\u00e1ximo<\/td><td>46mm<\/td>        <\/tr>\n            <tr data-row_id=\"53\" class=\"ninja_table_row_3 nt_row_id_53\">\n            <td>Velocidade M\u00e1xima do Eixo<\/td><td>350 RPM<\/td>        <\/tr>\n            <tr data-row_id=\"54\" class=\"ninja_table_row_4 nt_row_id_54\">\n            <td>Velocidade Linear M\u00e1xima<\/td><td>17,5 metros\/minuto<\/td>        <\/tr>\n            <tr data-row_id=\"55\" class=\"ninja_table_row_5 nt_row_id_55\">\n            <td>Peso<\/td><td>18 KG<\/td>        <\/tr>\n            <tr data-row_id=\"56\" class=\"ninja_table_row_6 nt_row_id_56\">\n            <td>Torque de Acionamento<\/td><td>10 Kg Cm<\/td>        <\/tr>\n    <\/tbody><!--ninja_tobody_rendering_done-->\n    <\/table>\n    \n    \n    \n<\/div>\n<\/p>\n<figure id=\"attachment_27224\" aria-describedby=\"caption-attachment-27224\" style=\"width: 1024px\" class=\"wp-caption alignnone\"><img fetchpriority=\"high\" decoding=\"async\" class=\"wp-image-27224 size-large\" src=\"https:\/\/rollingringdrives.com\/wp-content\/uploads\/2023\/05\/60\u88c5\u914d\u4f53\u5916\u5f62\u5c3a\u5bf81_00-1024x724.png\" alt=\"Desenho dimensional da unidade transversal modelo GP3-60\/GP60\" width=\"1024\" height=\"724\" srcset=\"https:\/\/rollingringdrives.com\/wp-content\/uploads\/2023\/05\/60\u88c5\u914d\u4f53\u5916\u5f62\u5c3a\u5bf81_00-1024x724.png 1024w, https:\/\/rollingringdrives.com\/wp-content\/uploads\/2023\/05\/60\u88c5\u914d\u4f53\u5916\u5f62\u5c3a\u5bf81_00-300x212.png 300w, https:\/\/rollingringdrives.com\/wp-content\/uploads\/2023\/05\/60\u88c5\u914d\u4f53\u5916\u5f62\u5c3a\u5bf81_00-768x543.png 768w, https:\/\/rollingringdrives.com\/wp-content\/uploads\/2023\/05\/60\u88c5\u914d\u4f53\u5916\u5f62\u5c3a\u5bf81_00-1536x1086.png 1536w, https:\/\/rollingringdrives.com\/wp-content\/uploads\/2023\/05\/60\u88c5\u914d\u4f53\u5916\u5f62\u5c3a\u5bf81_00-2048x1448.png 2048w, https:\/\/rollingringdrives.com\/wp-content\/uploads\/2023\/05\/60\u88c5\u914d\u4f53\u5916\u5f62\u5c3a\u5bf81_00-600x424.png 600w\" sizes=\"(max-width: 1024px) 100vw, 1024px\" \/><figcaption id=\"caption-attachment-27224\" class=\"wp-caption-text\">Desenho dimensional da unidade transversal modelo GP3-60\/GP60<\/figcaption><\/figure>\n<p data-source-line=\"4\" data-source-line-display=\"true\"><a href=\"https:\/\/rollingringdrives.com\/wp-content\/uploads\/2023\/05\/Instruction-manual.pdf\" target=\"_blank\" rel=\"noopener\">Baixar Manual\u2193<\/a><\/p>\n<div class=\"xiaoshujiang_element xsj_anchor\"><a class=\"blank_anchor_name\" name=\"applications_3\"><\/a><a id=\"applications_3\" class=\"blank_anchor_id\"><\/a><a class=\"blank_anchor_name\" name=\"applications\"><\/a><a id=\"applications\" class=\"blank_anchor_id\"><\/a><\/div>\n<h2 id=\"applications_3\" class=\"xsj_heading_hash xsj_heading xsj_heading_h2\" data-source-line=\"6\" data-source-line-display=\"true\"><span class=\"xsj_heading_content\">Formul\u00e1rios:<\/span><\/h2>\n<p class=\"xsj_paragraph xsj_paragraph_level_0\" data-source-line=\"8\" data-source-line-display=\"true\">O anel de rolamento para um eixo de 60 mm de di\u00e2metro \u00e9 adequado para v\u00e1rias aplica\u00e7\u00f5es. Algumas aplica\u00e7\u00f5es comuns incluem:<\/p>\n<ol>\n<li class=\"xsj_paragraph xsj_paragraph_level_0\" data-source-line=\"10\" data-source-line-display=\"true\">Enrolamento do fio.<\/li>\n<li class=\"xsj_paragraph xsj_paragraph_level_0\" data-source-line=\"12\" data-source-line-display=\"true\">M\u00e1quinas de bobinar.<\/li>\n<li class=\"xsj_paragraph xsj_paragraph_level_0\" data-source-line=\"14\" data-source-line-display=\"true\">Sistemas de controle de tens\u00e3o.<\/li>\n<li class=\"xsj_paragraph xsj_paragraph_level_0\" data-source-line=\"16\" data-source-line-display=\"true\">Dispositivos m\u00e9dicos.<\/li>\n<li class=\"xsj_paragraph xsj_paragraph_level_0\" data-source-line=\"18\" data-source-line-display=\"true\">Automa\u00e7\u00e3o industrial.<\/li>\n<li class=\"xsj_paragraph xsj_paragraph_level_0\" data-source-line=\"20\" data-source-line-display=\"true\">Ind\u00fastria de semicondutores.<\/li>\n<li class=\"xsj_paragraph xsj_paragraph_level_0\" data-source-line=\"22\" data-source-line-display=\"true\">M\u00e1quinas de embalagem.<\/li>\n<\/ol>\n<div class=\"xiaoshujiang_element xsj_anchor\"><a class=\"blank_anchor_name\" name=\"faqs_4\"><\/a><a id=\"faqs_4\" class=\"blank_anchor_id\"><\/a><a class=\"blank_anchor_name\" name=\"faqs\"><\/a><a id=\"faqs\" class=\"blank_anchor_id\"><\/a><\/div>\n<h2 id=\"faqs_4\" class=\"xsj_heading_hash xsj_heading xsj_heading_h2\" data-source-line=\"25\" data-source-line-display=\"true\"><span class=\"xsj_heading_content\">Perguntas frequentes:<\/span><\/h2>\n<p class=\"xsj_paragraph xsj_paragraph_level_0\" data-source-line=\"27\" data-source-line-display=\"true\"><strong class=\"markdown_strong_asterisk\">1. Quais materiais s\u00e3o compat\u00edveis com o Anel Rolante para um Eixo de 60mm de Di\u00e2metro?<\/strong><br \/>\nA unidade \u00e9 compat\u00edvel com v\u00e1rios materiais, incluindo fio de metal, cabo de fibra \u00f3tica e tubos m\u00e9dicos.<br \/>\n<strong class=\"markdown_strong_asterisk\">2. O Rolling Ring Drive pode ser instalado horizontal ou verticalmente?<\/strong><br \/>\nEle pode ser instalado em qualquer orienta\u00e7\u00e3o com base nas necessidades do aplicativo.<br \/>\n<strong class=\"markdown_strong_asterisk\">3. Qual \u00e9 a capacidade m\u00e1xima de carga do anel de rolamento para um eixo de 60 mm de di\u00e2metro?<\/strong><br \/>\nA capacidade m\u00e1xima de empuxo lateral \u00e9 de 100 Kg.<br \/>\n<strong class=\"markdown_strong_asterisk\">4. Qual \u00e9 a gama de configura\u00e7\u00f5es de inclina\u00e7\u00e3o dispon\u00edveis para movimento linear?<\/strong><br \/>\nA configura\u00e7\u00e3o de passo m\u00e1ximo \u00e9 de 46 mm na configura\u00e7\u00e3o 10 no mostrador.<br \/>\n<strong class=\"markdown_strong_asterisk\">5. O Rolling Ring Drive \u00e9 f\u00e1cil de instalar?<\/strong><br \/>\nSim, \u00e9 leve e f\u00e1cil de instalar, tornando-se uma solu\u00e7\u00e3o ideal para diversas aplica\u00e7\u00f5es.<\/p>","protected":false},"excerpt":{"rendered":"<h2 id=\"features_3\" class=\"xsj_heading_hash xsj_heading xsj_heading_h2\" data-source-line=\"6\" data-source-line-display=\"true\"><span class=\"xsj_heading_content\">Caracter\u00edsticas:<\/span><\/h2>\n<ol>\n<li class=\"xsj_paragraph xsj_paragraph_level_0\" data-source-line=\"8\" data-source-line-display=\"true\">Capaz de manusear um eixo de 60 mm de di\u00e2metro.<\/li>\n<li class=\"xsj_paragraph xsj_paragraph_level_0\" data-source-line=\"10\" data-source-line-display=\"true\">Pode lidar com impulso lateral m\u00e1ximo de 100 Kg.<\/li>\n<li class=\"xsj_paragraph xsj_paragraph_level_0\" data-source-line=\"12\" data-source-line-display=\"true\">Fornece um passo m\u00e1ximo de 46 mm para movimento linear.<\/li>\n<li class=\"xsj_paragraph xsj_paragraph_level_0\" data-source-line=\"14\" data-source-line-display=\"true\">Velocidade m\u00e1xima do eixo de 350 RPM.<\/li>\n<li class=\"xsj_paragraph xsj_paragraph_level_0\" data-source-line=\"16\" data-source-line-display=\"true\">Velocidade linear m\u00e1xima de 17,5 metros por minuto.<\/li>\n<li class=\"xsj_paragraph xsj_paragraph_level_0\" data-source-line=\"18\" data-source-line-display=\"true\">Leve com um peso de apenas 18 Kg.<\/li>\n<li class=\"xsj_paragraph xsj_paragraph_level_0\" data-source-line=\"20\" data-source-line-display=\"true\">Torque de acionamento de 10 Kg Cm.<\/li>\n<\/ol>","protected":false},"featured_media":31608,"template":"","meta":{"site-sidebar-layout":"default","site-content-layout":"default","ast-global-header-display":"","ast-banner-title-visibility":"","ast-main-header-display":"","ast-hfb-above-header-display":"","ast-hfb-below-header-display":"","ast-hfb-mobile-header-display":"","site-post-title":"","ast-breadcrumbs-content":"","ast-featured-img":"","footer-sml-layout":"","theme-transparent-header-meta":"default","adv-header-id-meta":"","stick-header-meta":"","header-above-stick-meta":"","header-main-stick-meta":"","header-below-stick-meta":""},"product_brand":[],"product_cat":[34,35],"product_tag":[],"class_list":{"0":"post-25438","1":"product","2":"type-product","3":"status-publish","4":"has-post-thumbnail","6":"product_cat-rolling-ring-drive","7":"product_cat-a-type","8":"desktop-align-left","9":"tablet-align-left","10":"mobile-align-left","12":"first","13":"instock","14":"shipping-taxable","15":"product-type-simple"},"yoast_head":"<!-- This site is optimized with the Yoast SEO Premium plugin v20.12 (Yoast SEO v26.0) - https:\/\/yoast.com\/wordpress\/plugins\/seo\/ -->\n<title>Rolling Ring Drive for 60mm Diameter Shaft Model GP3-60\/ GP60 - QiPang<\/title>\n<meta name=\"description\" content=\"Looking for a powerful Rolling Ring Drive for 60mm Diameter Shaft? Our Traverse Unit Model GP3-60\/ GP60 is the perfect solution. Order now!\" \/>\n<meta name=\"robots\" content=\"index, follow, max-snippet:-1, max-image-preview:large, max-video-preview:-1\" \/>\n<link rel=\"canonical\" href=\"https:\/\/rollingringdrives.com\/pt\/produtos\/acionamento-de-anel-rolante-para-eixo-de-60mm-de-diametro-modelo-gp3-60-gp60\/\" \/>\n<meta property=\"og:locale\" content=\"pt_PT\" \/>\n<meta property=\"og:type\" content=\"article\" \/>\n<meta property=\"og:title\" content=\"Rolling Ring Drive for 60mm Diameter Shaft Model GP3-60\/ GP60\" \/>\n<meta property=\"og:description\" content=\"Looking for a powerful Rolling Ring Drive for 60mm Diameter Shaft? Our Traverse Unit Model GP3-60\/ GP60 is the perfect solution. Order now!\" \/>\n<meta property=\"og:url\" content=\"https:\/\/rollingringdrives.com\/pt\/produtos\/acionamento-de-anel-rolante-para-eixo-de-60mm-de-diametro-modelo-gp3-60-gp60\/\" \/>\n<meta property=\"og:site_name\" content=\"QiPang\" \/>\n<meta property=\"article:modified_time\" content=\"2024-07-24T03:58:27+00:00\" \/>\n<meta property=\"og:image\" content=\"https:\/\/rollingringdrives.com\/wp-content\/uploads\/2023\/05\/XD60-3_\u526f\u672c.png\" \/>\n\t<meta property=\"og:image:width\" content=\"800\" \/>\n\t<meta property=\"og:image:height\" content=\"800\" \/>\n\t<meta property=\"og:image:type\" content=\"image\/png\" \/>\n<meta name=\"twitter:card\" content=\"summary_large_image\" \/>\n<meta name=\"twitter:label1\" content=\"Est. reading time\" \/>\n\t<meta name=\"twitter:data1\" content=\"2 minutos\" \/>\n<script type=\"application\/ld+json\" class=\"yoast-schema-graph\">{\"@context\":\"https:\/\/schema.org\",\"@graph\":[{\"@type\":\"WebPage\",\"@id\":\"https:\/\/rollingringdrives.com\/product\/rolling-ring-drive-for-60mm-diameter-shaft-model-gp3-60-gp60\/\",\"url\":\"https:\/\/rollingringdrives.com\/product\/rolling-ring-drive-for-60mm-diameter-shaft-model-gp3-60-gp60\/\",\"name\":\"Rolling Ring Drive for 60mm Diameter Shaft Model GP3-60\/ GP60 - QiPang\",\"isPartOf\":{\"@id\":\"https:\/\/rollingringdrives.com\/#website\"},\"primaryImageOfPage\":{\"@id\":\"https:\/\/rollingringdrives.com\/product\/rolling-ring-drive-for-60mm-diameter-shaft-model-gp3-60-gp60\/#primaryimage\"},\"image\":{\"@id\":\"https:\/\/rollingringdrives.com\/product\/rolling-ring-drive-for-60mm-diameter-shaft-model-gp3-60-gp60\/#primaryimage\"},\"thumbnailUrl\":\"https:\/\/rollingringdrives.com\/wp-content\/uploads\/2023\/05\/XD60-3_\u526f\u672c.png\",\"datePublished\":\"2023-05-15T10:17:40+00:00\",\"dateModified\":\"2024-07-24T03:58:27+00:00\",\"description\":\"Looking for a powerful Rolling Ring Drive for 60mm Diameter Shaft? Our Traverse Unit Model GP3-60\/ GP60 is the perfect solution. Order now!\",\"breadcrumb\":{\"@id\":\"https:\/\/rollingringdrives.com\/product\/rolling-ring-drive-for-60mm-diameter-shaft-model-gp3-60-gp60\/#breadcrumb\"},\"inLanguage\":\"pt-PT\",\"potentialAction\":[{\"@type\":\"ReadAction\",\"target\":[\"https:\/\/rollingringdrives.com\/product\/rolling-ring-drive-for-60mm-diameter-shaft-model-gp3-60-gp60\/\"]}]},{\"@type\":\"ImageObject\",\"inLanguage\":\"pt-PT\",\"@id\":\"https:\/\/rollingringdrives.com\/product\/rolling-ring-drive-for-60mm-diameter-shaft-model-gp3-60-gp60\/#primaryimage\",\"url\":\"https:\/\/rollingringdrives.com\/wp-content\/uploads\/2023\/05\/XD60-3_\u526f\u672c.png\",\"contentUrl\":\"https:\/\/rollingringdrives.com\/wp-content\/uploads\/2023\/05\/XD60-3_\u526f\u672c.png\",\"width\":800,\"height\":800,\"caption\":\"Traverse Unit\"},{\"@type\":\"BreadcrumbList\",\"@id\":\"https:\/\/rollingringdrives.com\/product\/rolling-ring-drive-for-60mm-diameter-shaft-model-gp3-60-gp60\/#breadcrumb\",\"itemListElement\":[{\"@type\":\"ListItem\",\"position\":1,\"name\":\"Home\",\"item\":\"https:\/\/rollingringdrives.com\/\"},{\"@type\":\"ListItem\",\"position\":2,\"name\":\"Machines\",\"item\":\"https:\/\/rollingringdrives.com\/machines\/\"},{\"@type\":\"ListItem\",\"position\":3,\"name\":\"Rolling Ring Drive for 60mm Diameter Shaft Model GP3-60\/ GP60\"}]},{\"@type\":\"WebSite\",\"@id\":\"https:\/\/rollingringdrives.com\/#website\",\"url\":\"https:\/\/rollingringdrives.com\/\",\"name\":\"QiPang\",\"description\":\"QiPang Blog\",\"publisher\":{\"@id\":\"https:\/\/rollingringdrives.com\/#organization\"},\"potentialAction\":[{\"@type\":\"SearchAction\",\"target\":{\"@type\":\"EntryPoint\",\"urlTemplate\":\"https:\/\/rollingringdrives.com\/?s={search_term_string}\"},\"query-input\":{\"@type\":\"PropertyValueSpecification\",\"valueRequired\":true,\"valueName\":\"search_term_string\"}}],\"inLanguage\":\"pt-PT\"},{\"@type\":\"Organization\",\"@id\":\"https:\/\/rollingringdrives.com\/#organization\",\"name\":\"QiPang\",\"url\":\"https:\/\/rollingringdrives.com\/\",\"logo\":{\"@type\":\"ImageObject\",\"inLanguage\":\"pt-PT\",\"@id\":\"https:\/\/rollingringdrives.com\/#\/schema\/logo\/image\/\",\"url\":\"https:\/\/rollingringdrives.com\/wp-content\/uploads\/2023\/05\/cropped-\u672a\u547d\u540d\u7684\u8bbe\u8ba1.png\",\"contentUrl\":\"https:\/\/rollingringdrives.com\/wp-content\/uploads\/2023\/05\/cropped-\u672a\u547d\u540d\u7684\u8bbe\u8ba1.png\",\"width\":300,\"height\":191,\"caption\":\"QiPang\"},\"image\":{\"@id\":\"https:\/\/rollingringdrives.com\/#\/schema\/logo\/image\/\"}}]}<\/script>\n<!-- \/ Yoast SEO Premium plugin. -->","yoast_head_json":{"title":"Unidade de anel rolante para eixo de 60 mm de di\u00e2metro modelo GP3-60\/GP60 - QiPang","description":"Procurando um poderoso Anel Rolante para Eixo de 60mm de Di\u00e2metro? Nossa unidade transversal modelo GP3-60\/GP60 \u00e9 a solu\u00e7\u00e3o perfeita. Pe\u00e7a agora!","robots":{"index":"index","follow":"follow","max-snippet":"max-snippet:-1","max-image-preview":"max-image-preview:large","max-video-preview":"max-video-preview:-1"},"canonical":"https:\/\/rollingringdrives.com\/pt\/produtos\/acionamento-de-anel-rolante-para-eixo-de-60mm-de-diametro-modelo-gp3-60-gp60\/","og_locale":"pt_PT","og_type":"article","og_title":"Rolling Ring Drive for 60mm Diameter Shaft Model GP3-60\/ GP60","og_description":"Looking for a powerful Rolling Ring Drive for 60mm Diameter Shaft? Our Traverse Unit Model GP3-60\/ GP60 is the perfect solution. Order now!","og_url":"https:\/\/rollingringdrives.com\/pt\/produtos\/acionamento-de-anel-rolante-para-eixo-de-60mm-de-diametro-modelo-gp3-60-gp60\/","og_site_name":"QiPang","article_modified_time":"2024-07-24T03:58:27+00:00","og_image":[{"width":800,"height":800,"url":"https:\/\/rollingringdrives.com\/wp-content\/uploads\/2023\/05\/XD60-3_\u526f\u672c.png","type":"image\/png"}],"twitter_card":"summary_large_image","twitter_misc":{"Est. reading time":"2 minutos"},"schema":{"@context":"https:\/\/schema.org","@graph":[{"@type":"WebPage","@id":"https:\/\/rollingringdrives.com\/product\/rolling-ring-drive-for-60mm-diameter-shaft-model-gp3-60-gp60\/","url":"https:\/\/rollingringdrives.com\/product\/rolling-ring-drive-for-60mm-diameter-shaft-model-gp3-60-gp60\/","name":"Unidade de anel rolante para eixo de 60 mm de di\u00e2metro modelo GP3-60\/GP60 - QiPang","isPartOf":{"@id":"https:\/\/rollingringdrives.com\/#website"},"primaryImageOfPage":{"@id":"https:\/\/rollingringdrives.com\/product\/rolling-ring-drive-for-60mm-diameter-shaft-model-gp3-60-gp60\/#primaryimage"},"image":{"@id":"https:\/\/rollingringdrives.com\/product\/rolling-ring-drive-for-60mm-diameter-shaft-model-gp3-60-gp60\/#primaryimage"},"thumbnailUrl":"https:\/\/rollingringdrives.com\/wp-content\/uploads\/2023\/05\/XD60-3_\u526f\u672c.png","datePublished":"2023-05-15T10:17:40+00:00","dateModified":"2024-07-24T03:58:27+00:00","description":"Procurando um poderoso Anel Rolante para Eixo de 60mm de Di\u00e2metro? Nossa unidade transversal modelo GP3-60\/GP60 \u00e9 a solu\u00e7\u00e3o perfeita. Pe\u00e7a agora!","breadcrumb":{"@id":"https:\/\/rollingringdrives.com\/product\/rolling-ring-drive-for-60mm-diameter-shaft-model-gp3-60-gp60\/#breadcrumb"},"inLanguage":"pt-PT","potentialAction":[{"@type":"ReadAction","target":["https:\/\/rollingringdrives.com\/product\/rolling-ring-drive-for-60mm-diameter-shaft-model-gp3-60-gp60\/"]}]},{"@type":"ImageObject","inLanguage":"pt-PT","@id":"https:\/\/rollingringdrives.com\/product\/rolling-ring-drive-for-60mm-diameter-shaft-model-gp3-60-gp60\/#primaryimage","url":"https:\/\/rollingringdrives.com\/wp-content\/uploads\/2023\/05\/XD60-3_\u526f\u672c.png","contentUrl":"https:\/\/rollingringdrives.com\/wp-content\/uploads\/2023\/05\/XD60-3_\u526f\u672c.png","width":800,"height":800,"caption":"Traverse Unit"},{"@type":"BreadcrumbList","@id":"https:\/\/rollingringdrives.com\/product\/rolling-ring-drive-for-60mm-diameter-shaft-model-gp3-60-gp60\/#breadcrumb","itemListElement":[{"@type":"ListItem","position":1,"name":"Home","item":"https:\/\/rollingringdrives.com\/"},{"@type":"ListItem","position":2,"name":"Machines","item":"https:\/\/rollingringdrives.com\/machines\/"},{"@type":"ListItem","position":3,"name":"Rolling Ring Drive for 60mm Diameter Shaft Model GP3-60\/ GP60"}]},{"@type":"WebSite","@id":"https:\/\/rollingringdrives.com\/#website","url":"https:\/\/rollingringdrives.com\/","name":"QiPangName","description":"Blog QiPang","publisher":{"@id":"https:\/\/rollingringdrives.com\/#organization"},"potentialAction":[{"@type":"SearchAction","target":{"@type":"EntryPoint","urlTemplate":"https:\/\/rollingringdrives.com\/?s={search_term_string}"},"query-input":{"@type":"PropertyValueSpecification","valueRequired":true,"valueName":"search_term_string"}}],"inLanguage":"pt-PT"},{"@type":"Organization","@id":"https:\/\/rollingringdrives.com\/#organization","name":"QiPangName","url":"https:\/\/rollingringdrives.com\/","logo":{"@type":"ImageObject","inLanguage":"pt-PT","@id":"https:\/\/rollingringdrives.com\/#\/schema\/logo\/image\/","url":"https:\/\/rollingringdrives.com\/wp-content\/uploads\/2023\/05\/cropped-\u672a\u547d\u540d\u7684\u8bbe\u8ba1.png","contentUrl":"https:\/\/rollingringdrives.com\/wp-content\/uploads\/2023\/05\/cropped-\u672a\u547d\u540d\u7684\u8bbe\u8ba1.png","width":300,"height":191,"caption":"QiPang"},"image":{"@id":"https:\/\/rollingringdrives.com\/#\/schema\/logo\/image\/"}}]}},"_links":{"self":[{"href":"https:\/\/rollingringdrives.com\/pt\/wp-json\/wp\/v2\/product\/25438","targetHints":{"allow":["GET"]}}],"collection":[{"href":"https:\/\/rollingringdrives.com\/pt\/wp-json\/wp\/v2\/product"}],"about":[{"href":"https:\/\/rollingringdrives.com\/pt\/wp-json\/wp\/v2\/types\/product"}],"version-history":[{"count":0,"href":"https:\/\/rollingringdrives.com\/pt\/wp-json\/wp\/v2\/product\/25438\/revisions"}],"wp:featuredmedia":[{"embeddable":true,"href":"https:\/\/rollingringdrives.com\/pt\/wp-json\/wp\/v2\/media\/31608"}],"wp:attachment":[{"href":"https:\/\/rollingringdrives.com\/pt\/wp-json\/wp\/v2\/media?parent=25438"}],"wp:term":[{"taxonomy":"product_brand","embeddable":true,"href":"https:\/\/rollingringdrives.com\/pt\/wp-json\/wp\/v2\/product_brand?post=25438"},{"taxonomy":"product_cat","embeddable":true,"href":"https:\/\/rollingringdrives.com\/pt\/wp-json\/wp\/v2\/product_cat?post=25438"},{"taxonomy":"product_tag","embeddable":true,"href":"https:\/\/rollingringdrives.com\/pt\/wp-json\/wp\/v2\/product_tag?post=25438"}],"curies":[{"name":"wp","href":"https:\/\/api.w.org\/{rel}","templated":true}]}}