{"id":25464,"date":"2023-05-16T02:53:17","date_gmt":"2023-05-16T02:53:17","guid":{"rendered":"https:\/\/rollingringdrives.com\/?post_type=product&#038;p=25464"},"modified":"2023-05-27T08:00:23","modified_gmt":"2023-05-27T08:00:23","slug":"rolling-ring-for-15mm-diameter-shaft-model-gp15","status":"publish","type":"product","link":"https:\/\/rollingringdrives.com\/pt\/produtos\/anel-rolante-para-eixo-de-15-mm-de-diametro-modelo-gp15\/","title":{"rendered":"Anel de rolamento para eixo de 15 mm de di\u00e2metro, modelo GP15, roda guia"},"content":{"rendered":"<h2 id=\"traverse20unit20model20rg4-15-2mcrfgp15_2\" class=\"xsj_heading_hash xsj_heading xsj_heading_h2\" data-source-line=\"2\" data-source-line-display=\"true\"><span class=\"xsj_heading_content\">Unidade transversal <span style=\"text-decoration: underline;\">Roda guia modelo GP3-15\/GP15<\/span><\/span><\/h2>\n<p class=\"xsj_paragraph xsj_paragraph_level_0\" data-source-line=\"4\" data-source-line-display=\"true\">O\u00a0<strong class=\"markdown_strong_asterisk\">Modelo de unidade transversal<\/strong><span class=\"xsj_heading_content\"><span style=\"text-decoration: underline;\">GP3-15<\/span><\/span><strong class=\"markdown_strong_asterisk\">\/GP15<\/strong> \u00e9 altamente eficiente e confi\u00e1vel <strong>3 anel de rolamento<\/strong> <strong>Dirigir<\/strong> projetado para um <strong class=\"markdown_strong_asterisk\">Eixo de 15 mm de di\u00e2metro<\/strong>. Com um passo m\u00e1ximo de 10mm, impulso lateral total de 18N e uma velocidade linear m\u00e1xima de 19 metros por minuto, esta unidade pode fornecer movimento linear preciso e exato para sua aplica\u00e7\u00e3o. A unidade \u00e9 leve com apenas 1,4 kg e tem um torque de acionamento de 0,5 Ka Cm, tornando-a a escolha ideal para v\u00e1rias aplica\u00e7\u00f5es.<\/p>\n<p data-source-line=\"4\" data-source-line-display=\"true\"><div id=\"footable_parent_25466\"\n         class=\"footable_parent ninja_table_wrapper loading_ninja_table wp_table_data_press_parent semantic_ui\">\n                <table data-ninja_table_instance=\"ninja_table_instance_0\" data-footable_id=\"25466\" data-filter-delay=\"1000\" aria-label=\"1\u65b0\u5efa X3sLSX \u5de5\u4f5c\u8868 (2).csv\"            id=\"footable_25466\"\n           data-unique_identifier=\"ninja_table_unique_id_1211156217_25466\"\n           class=\"foo-table ninja_footable foo_table_25466 ninja_table_unique_id_1211156217_25466 ui table  nt_type_legacy_table selectable striped vertical_centered  footable-paging-right ninja_table_search_disabled ninja_table_pro\">\n                <colgroup>\n                            <col class=\"ninja_column_0\">\n                            <col class=\"ninja_column_1\">\n                    <\/colgroup>\n        <thead>\n<tr class=\"footable-header\">\n                                        <th scope=\"col\"  class=\"ninja_column_0 ninja_clmn_nm_specification\">Especifica\u00e7\u00e3o<\/th><th scope=\"col\"  class=\"ninja_column_1 ninja_clmn_nm_value\">Valor<\/th><\/tr>\n<\/thead>\n<tbody>\n\n        <tr data-row_id=\"57\" class=\"ninja_table_row_0 nt_row_id_57\">\n            <td>N\u00famero de an\u00e9is de rolamento<\/td><td>4<\/td>        <\/tr>\n            <tr data-row_id=\"58\" class=\"ninja_table_row_1 nt_row_id_58\">\n            <td>Impulso Lateral M\u00e1ximo<\/td><td>18 Kg \/ 18N<\/td>        <\/tr>\n            <tr data-row_id=\"59\" class=\"ninja_table_row_2 nt_row_id_59\">\n            <td>Passo M\u00e1ximo<\/td><td>10 mm<\/td>        <\/tr>\n            <tr data-row_id=\"60\" class=\"ninja_table_row_3 nt_row_id_60\">\n            <td>Velocidade M\u00e1xima do Eixo<\/td><td>2000 RPM<\/td>        <\/tr>\n            <tr data-row_id=\"61\" class=\"ninja_table_row_4 nt_row_id_61\">\n            <td>Velocidade Linear M\u00e1xima<\/td><td>19 metros \/ minuto<\/td>        <\/tr>\n            <tr data-row_id=\"62\" class=\"ninja_table_row_5 nt_row_id_62\">\n            <td>Peso<\/td><td>1,4 kg<\/td>        <\/tr>\n    <\/tbody><!--ninja_tobody_rendering_done-->\n    <\/table>\n    \n    \n    \n<\/div>\n<\/p>\n<figure id=\"attachment_25499\" aria-describedby=\"caption-attachment-25499\" style=\"width: 1024px\" class=\"wp-caption alignnone\"><img fetchpriority=\"high\" decoding=\"async\" class=\"wp-image-25499 size-large\" src=\"https:\/\/rollingringdrives.com\/wp-content\/uploads\/2023\/05\/15_\u526f\u672c-1024x572.png\" alt=\"Modelo GP15 COM Acionamento por Anel Rolante 4 Desenhos do Produto Tamanho\" width=\"1024\" height=\"572\" srcset=\"https:\/\/rollingringdrives.com\/wp-content\/uploads\/2023\/05\/15_\u526f\u672c-1024x572.png 1024w, https:\/\/rollingringdrives.com\/wp-content\/uploads\/2023\/05\/15_\u526f\u672c-600x335.png 600w, https:\/\/rollingringdrives.com\/wp-content\/uploads\/2023\/05\/15_\u526f\u672c-300x168.png 300w, https:\/\/rollingringdrives.com\/wp-content\/uploads\/2023\/05\/15_\u526f\u672c-768x429.png 768w, https:\/\/rollingringdrives.com\/wp-content\/uploads\/2023\/05\/15_\u526f\u672c.png 1274w\" sizes=\"(max-width: 1024px) 100vw, 1024px\" \/><figcaption id=\"caption-attachment-25499\" class=\"wp-caption-text\">Modelo GP15 COM Acionamento de 3 An\u00e9is Rolantes Desenhos do Produto Tamanho<\/figcaption><\/figure>\n<figure id=\"attachment_25500\" aria-describedby=\"caption-attachment-25500\" style=\"width: 1024px\" class=\"wp-caption alignnone\"><img decoding=\"async\" class=\"wp-image-25500 size-large\" src=\"https:\/\/rollingringdrives.com\/wp-content\/uploads\/2023\/05\/20_\u526f\u672c-1024x577.png\" alt=\"Modelo GP15 COM Acionamento por Anel Rolante 4 Desenhos do Produto Tamanho\" width=\"1024\" height=\"577\" srcset=\"https:\/\/rollingringdrives.com\/wp-content\/uploads\/2023\/05\/20_\u526f\u672c-1024x577.png 1024w, https:\/\/rollingringdrives.com\/wp-content\/uploads\/2023\/05\/20_\u526f\u672c-600x338.png 600w, https:\/\/rollingringdrives.com\/wp-content\/uploads\/2023\/05\/20_\u526f\u672c-300x169.png 300w, https:\/\/rollingringdrives.com\/wp-content\/uploads\/2023\/05\/20_\u526f\u672c-768x432.png 768w, https:\/\/rollingringdrives.com\/wp-content\/uploads\/2023\/05\/20_\u526f\u672c.png 1275w\" sizes=\"(max-width: 1024px) 100vw, 1024px\" \/><figcaption id=\"caption-attachment-25500\" class=\"wp-caption-text\">Modelo GP15 COM Acionamento de 3 An\u00e9is Rolantes Desenhos do Produto Tamanho<\/figcaption><\/figure>\n<div class=\"xiaoshujiang_element xsj_anchor\"><a class=\"blank_anchor_name\" name=\"applications_3\"><\/a><a id=\"applications_3\" class=\"blank_anchor_id\"><\/a><a class=\"blank_anchor_name\" name=\"applications\"><\/a><a id=\"applications\" class=\"blank_anchor_id\"><\/a><\/div>\n<h2 id=\"applications_3\" class=\"xsj_heading_hash xsj_heading xsj_heading_h2\" data-source-line=\"6\" data-source-line-display=\"true\"><span class=\"xsj_heading_content\">Formul\u00e1rios:<\/span><\/h2>\n<p class=\"xsj_paragraph xsj_paragraph_level_0\" data-source-line=\"8\" data-source-line-display=\"true\">O modelo de unidade transversal<\/p>\n<h2 id=\"traverse20unit20model20rg4-15-2mcrfgp15_2\" class=\"xsj_heading_hash xsj_heading xsj_heading_h2\" data-source-line=\"2\" data-source-line-display=\"true\"><span class=\"xsj_heading_content\"><span style=\"text-decoration: underline;\">GP3-15<\/span><\/span>\/GP15 Rolling Ring Drive \u00e9 adequado para uma ampla gama de aplica\u00e7\u00f5es, incluindo:<\/h2>\n<ol>\n<li class=\"xsj_paragraph xsj_paragraph_level_0\" data-source-line=\"10\" data-source-line-display=\"true\">Sistemas de lubrifica\u00e7\u00e3o autom\u00e1tica.<\/li>\n<li class=\"xsj_paragraph xsj_paragraph_level_0\" data-source-line=\"12\" data-source-line-display=\"true\">M\u00e1quinas de embalagem.<\/li>\n<li class=\"xsj_paragraph xsj_paragraph_level_0\" data-source-line=\"14\" data-source-line-display=\"true\">M\u00e1quinas de impress\u00e3o.<\/li>\n<li class=\"xsj_paragraph xsj_paragraph_level_0\" data-source-line=\"16\" data-source-line-display=\"true\">Equipamento de diagn\u00f3stico m\u00e9dico.<\/li>\n<li class=\"xsj_paragraph xsj_paragraph_level_0\" data-source-line=\"18\" data-source-line-display=\"true\">M\u00e1quinas de pipetagem.<\/li>\n<li class=\"xsj_paragraph xsj_paragraph_level_0\" data-source-line=\"20\" data-source-line-display=\"true\">Rob\u00f3tica.<\/li>\n<\/ol>\n<div class=\"xiaoshujiang_element xsj_anchor\"><a class=\"blank_anchor_name\" name=\"faqs_4\"><\/a><a id=\"faqs_4\" class=\"blank_anchor_id\"><\/a><a class=\"blank_anchor_name\" name=\"faqs\"><\/a><a id=\"faqs\" class=\"blank_anchor_id\"><\/a><\/div>\n<h2 id=\"faqs_4\" class=\"xsj_heading_hash xsj_heading xsj_heading_h2\" data-source-line=\"23\" data-source-line-display=\"true\"><span class=\"xsj_heading_content\">Perguntas frequentes:<\/span><\/h2>\n<p class=\"xsj_paragraph xsj_paragraph_level_0\" data-source-line=\"25\" data-source-line-display=\"true\"><strong class=\"markdown_strong_asterisk\">1. Qual \u00e9 o empuxo lateral m\u00e1ximo do anel de rolamento para um modelo de eixo GP15 de 15 mm de di\u00e2metro?<\/strong><br \/>\nO impulso lateral m\u00e1ximo deste Rolling Ring Drive \u00e9 18N.<\/p>\n<p class=\"xsj_paragraph xsj_paragraph_level_0\" data-source-line=\"28\" data-source-line-display=\"true\"><strong class=\"markdown_strong_asterisk\">2. Qual \u00e9 a velocidade linear m\u00e1xima do modelo <\/strong><span class=\"xsj_heading_content\"><span style=\"text-decoration: underline;\">GP3-15<\/span><\/span><strong class=\"markdown_strong_asterisk\">\/GP15 anel de rolamento?<\/strong><br \/>\nA velocidade linear m\u00e1xima deste Rolling Ring Drive \u00e9 de 19 metros por minuto.<\/p>\n<p class=\"xsj_paragraph xsj_paragraph_level_0\" data-source-line=\"31\" data-source-line-display=\"true\"><strong class=\"markdown_strong_asterisk\">3. Qual \u00e9 o peso do Modelo <\/strong><span class=\"xsj_heading_content\"><span style=\"text-decoration: underline;\">GP3-15<\/span><\/span><strong class=\"markdown_strong_asterisk\">\/GP15 anel de rolamento?<\/strong><br \/>\nO peso deste Rolling Ring Drive \u00e9 de 1,4 kg.<\/p>\n<p class=\"xsj_paragraph xsj_paragraph_level_0\" data-source-line=\"34\" data-source-line-display=\"true\"><strong class=\"markdown_strong_asterisk\">4. Qual \u00e9 a velocidade m\u00e1xima do eixo do modelo <\/strong><span class=\"xsj_heading_content\"><span style=\"text-decoration: underline;\">GP3-15<\/span><\/span><strong class=\"markdown_strong_asterisk\">\/GP15 anel de rolamento?<\/strong><br \/>\nA velocidade m\u00e1xima do eixo deste Rolling Ring Drive \u00e9 de 2.000 RPM.<\/p>\n<p class=\"xsj_paragraph xsj_paragraph_level_0\" data-source-line=\"37\" data-source-line-display=\"true\"><strong class=\"markdown_strong_asterisk\">5. Qual \u00e9 o torque de acionamento do Modelo <\/strong><span class=\"xsj_heading_content\"><span style=\"text-decoration: underline;\">GP3-15<\/span><\/span><strong class=\"markdown_strong_asterisk\">\/GP15 anel de rolamento?<\/strong><br \/>\nO torque de acionamento deste Rolling Ring Drive \u00e9 de 0,5 Ka Cm.<\/p>","protected":false},"excerpt":{"rendered":"<h2 id=\"features_3\" class=\"xsj_heading_hash xsj_heading xsj_heading_h2\" data-source-line=\"6\" data-source-line-display=\"true\"><span class=\"xsj_heading_content\">Caracter\u00edsticas:<\/span><\/h2>\n<ol>\n<li class=\"xsj_paragraph xsj_paragraph_level_0\" data-source-line=\"8\" data-source-line-display=\"true\">Projetado para um eixo de 15 mm de di\u00e2metro.<\/li>\n<li class=\"xsj_paragraph xsj_paragraph_level_0\" data-source-line=\"10\" data-source-line-display=\"true\">4 an\u00e9is de rolamento para movimento linear de precis\u00e3o.<\/li>\n<li class=\"xsj_paragraph xsj_paragraph_level_0\" data-source-line=\"12\" data-source-line-display=\"true\">Empuxo lateral m\u00e1ximo de 18N para maior estabilidade.<\/li>\n<li class=\"xsj_paragraph xsj_paragraph_level_0\" data-source-line=\"14\" data-source-line-display=\"true\">Passo m\u00e1ximo de 10mm para movimento linear preciso.<\/li>\n<li class=\"xsj_paragraph xsj_paragraph_level_0\" data-source-line=\"16\" data-source-line-display=\"true\">Velocidade m\u00e1xima do eixo de 2.000 RPM.<\/li>\n<li class=\"xsj_paragraph xsj_paragraph_level_0\" data-source-line=\"18\" data-source-line-display=\"true\">Velocidade linear m\u00e1xima de 19 metros por minuto.<\/li>\n<li class=\"xsj_paragraph xsj_paragraph_level_0\" data-source-line=\"20\" data-source-line-display=\"true\">Design leve com apenas 1,4 kg.<\/li>\n<li class=\"xsj_paragraph xsj_paragraph_level_0\" data-source-line=\"22\" data-source-line-display=\"true\">Torque de acionamento de 0,5 Ka Cm.<\/li>\n<\/ol>","protected":false},"featured_media":25863,"template":"","meta":{"site-sidebar-layout":"default","site-content-layout":"default","ast-global-header-display":"","ast-banner-title-visibility":"","ast-main-header-display":"","ast-hfb-above-header-display":"","ast-hfb-below-header-display":"","ast-hfb-mobile-header-display":"","site-post-title":"","ast-breadcrumbs-content":"","ast-featured-img":"","footer-sml-layout":"","theme-transparent-header-meta":"default","adv-header-id-meta":"","stick-header-meta":"","header-above-stick-meta":"","header-main-stick-meta":"","header-below-stick-meta":""},"product_brand":[],"product_cat":[34,60],"product_tag":[],"class_list":{"0":"post-25464","1":"product","2":"type-product","3":"status-publish","4":"has-post-thumbnail","6":"product_cat-rolling-ring-drive","7":"product_cat-b-type-with-guide-wheel","8":"desktop-align-left","9":"tablet-align-left","10":"mobile-align-left","12":"first","13":"instock","14":"shipping-taxable","15":"product-type-simple"},"yoast_head":"<!-- This site is optimized with the Yoast SEO Premium plugin v20.12 (Yoast SEO v26.0) - https:\/\/yoast.com\/wordpress\/plugins\/seo\/ -->\n<title>Rolling Ring for 15mm Diameter Shaft Model GP15 guide wheel - QiPang<\/title>\n<meta name=\"description\" content=\"Upgrade equipment with our high-performance 4 Rolling Ring Drive for a 15mm Diameter Shaft. Experience maximum speed and thrust today!\" \/>\n<meta name=\"robots\" content=\"index, follow, max-snippet:-1, max-image-preview:large, max-video-preview:-1\" \/>\n<link rel=\"canonical\" href=\"https:\/\/rollingringdrives.com\/pt\/produtos\/anel-rolante-para-eixo-de-15-mm-de-diametro-modelo-gp15\/\" \/>\n<meta property=\"og:locale\" content=\"pt_PT\" \/>\n<meta property=\"og:type\" content=\"article\" \/>\n<meta property=\"og:title\" content=\"Rolling Ring for 15mm Diameter Shaft Model GP15 guide wheel\" \/>\n<meta property=\"og:description\" content=\"Upgrade equipment with our high-performance 4 Rolling Ring Drive for a 15mm Diameter Shaft. Experience maximum speed and thrust today!\" \/>\n<meta property=\"og:url\" content=\"https:\/\/rollingringdrives.com\/pt\/produtos\/anel-rolante-para-eixo-de-15-mm-de-diametro-modelo-gp15\/\" \/>\n<meta property=\"og:site_name\" content=\"QiPang\" \/>\n<meta property=\"article:modified_time\" content=\"2023-05-27T08:00:23+00:00\" \/>\n<meta property=\"og:image\" content=\"https:\/\/rollingringdrives.com\/wp-content\/uploads\/2023\/05\/-e1684568134101.jpg\" \/>\n\t<meta property=\"og:image:width\" content=\"600\" \/>\n\t<meta property=\"og:image:height\" content=\"525\" \/>\n\t<meta property=\"og:image:type\" content=\"image\/jpeg\" \/>\n<meta name=\"twitter:card\" content=\"summary_large_image\" \/>\n<meta name=\"twitter:label1\" content=\"Est. reading time\" \/>\n\t<meta name=\"twitter:data1\" content=\"2 minutos\" \/>\n<script type=\"application\/ld+json\" class=\"yoast-schema-graph\">{\"@context\":\"https:\/\/schema.org\",\"@graph\":[{\"@type\":\"WebPage\",\"@id\":\"https:\/\/rollingringdrives.com\/product\/rolling-ring-for-15mm-diameter-shaft-model-gp15\/\",\"url\":\"https:\/\/rollingringdrives.com\/product\/rolling-ring-for-15mm-diameter-shaft-model-gp15\/\",\"name\":\"Rolling Ring for 15mm Diameter Shaft Model GP15 guide wheel - QiPang\",\"isPartOf\":{\"@id\":\"https:\/\/rollingringdrives.com\/#website\"},\"primaryImageOfPage\":{\"@id\":\"https:\/\/rollingringdrives.com\/product\/rolling-ring-for-15mm-diameter-shaft-model-gp15\/#primaryimage\"},\"image\":{\"@id\":\"https:\/\/rollingringdrives.com\/product\/rolling-ring-for-15mm-diameter-shaft-model-gp15\/#primaryimage\"},\"thumbnailUrl\":\"https:\/\/rollingringdrives.com\/wp-content\/uploads\/2023\/05\/-e1684568134101.jpg\",\"datePublished\":\"2023-05-16T02:53:17+00:00\",\"dateModified\":\"2023-05-27T08:00:23+00:00\",\"description\":\"Upgrade equipment with our high-performance 4 Rolling Ring Drive for a 15mm Diameter Shaft. Experience maximum speed and thrust today!\",\"breadcrumb\":{\"@id\":\"https:\/\/rollingringdrives.com\/product\/rolling-ring-for-15mm-diameter-shaft-model-gp15\/#breadcrumb\"},\"inLanguage\":\"pt-PT\",\"potentialAction\":[{\"@type\":\"ReadAction\",\"target\":[\"https:\/\/rollingringdrives.com\/product\/rolling-ring-for-15mm-diameter-shaft-model-gp15\/\"]}]},{\"@type\":\"ImageObject\",\"inLanguage\":\"pt-PT\",\"@id\":\"https:\/\/rollingringdrives.com\/product\/rolling-ring-for-15mm-diameter-shaft-model-gp15\/#primaryimage\",\"url\":\"https:\/\/rollingringdrives.com\/wp-content\/uploads\/2023\/05\/-e1684568134101.jpg\",\"contentUrl\":\"https:\/\/rollingringdrives.com\/wp-content\/uploads\/2023\/05\/-e1684568134101.jpg\",\"width\":600,\"height\":525,\"caption\":\"Rolling Ring for 20mm Diameter Shaft Model GP15\"},{\"@type\":\"BreadcrumbList\",\"@id\":\"https:\/\/rollingringdrives.com\/product\/rolling-ring-for-15mm-diameter-shaft-model-gp15\/#breadcrumb\",\"itemListElement\":[{\"@type\":\"ListItem\",\"position\":1,\"name\":\"Home\",\"item\":\"https:\/\/rollingringdrives.com\/\"},{\"@type\":\"ListItem\",\"position\":2,\"name\":\"Machines\",\"item\":\"https:\/\/rollingringdrives.com\/machines\/\"},{\"@type\":\"ListItem\",\"position\":3,\"name\":\"Rolling Ring for 15mm Diameter Shaft Model GP15 guide wheel\"}]},{\"@type\":\"WebSite\",\"@id\":\"https:\/\/rollingringdrives.com\/#website\",\"url\":\"https:\/\/rollingringdrives.com\/\",\"name\":\"QiPang\",\"description\":\"QiPang Blog\",\"publisher\":{\"@id\":\"https:\/\/rollingringdrives.com\/#organization\"},\"potentialAction\":[{\"@type\":\"SearchAction\",\"target\":{\"@type\":\"EntryPoint\",\"urlTemplate\":\"https:\/\/rollingringdrives.com\/?s={search_term_string}\"},\"query-input\":{\"@type\":\"PropertyValueSpecification\",\"valueRequired\":true,\"valueName\":\"search_term_string\"}}],\"inLanguage\":\"pt-PT\"},{\"@type\":\"Organization\",\"@id\":\"https:\/\/rollingringdrives.com\/#organization\",\"name\":\"QiPang\",\"url\":\"https:\/\/rollingringdrives.com\/\",\"logo\":{\"@type\":\"ImageObject\",\"inLanguage\":\"pt-PT\",\"@id\":\"https:\/\/rollingringdrives.com\/#\/schema\/logo\/image\/\",\"url\":\"https:\/\/rollingringdrives.com\/wp-content\/uploads\/2023\/05\/cropped-\u672a\u547d\u540d\u7684\u8bbe\u8ba1.png\",\"contentUrl\":\"https:\/\/rollingringdrives.com\/wp-content\/uploads\/2023\/05\/cropped-\u672a\u547d\u540d\u7684\u8bbe\u8ba1.png\",\"width\":300,\"height\":191,\"caption\":\"QiPang\"},\"image\":{\"@id\":\"https:\/\/rollingringdrives.com\/#\/schema\/logo\/image\/\"}}]}<\/script>\n<!-- \/ Yoast SEO Premium plugin. -->","yoast_head_json":{"title":"Anel de rolamento para eixo de 15mm de di\u00e2metro roda guia modelo GP15 - QiPang","description":"Atualize o equipamento com nosso acionamento de 4 an\u00e9is girat\u00f3rios de alto desempenho para um eixo de 15 mm de di\u00e2metro. Experimente velocidade e impulso m\u00e1ximos hoje!","robots":{"index":"index","follow":"follow","max-snippet":"max-snippet:-1","max-image-preview":"max-image-preview:large","max-video-preview":"max-video-preview:-1"},"canonical":"https:\/\/rollingringdrives.com\/pt\/produtos\/anel-rolante-para-eixo-de-15-mm-de-diametro-modelo-gp15\/","og_locale":"pt_PT","og_type":"article","og_title":"Rolling Ring for 15mm Diameter Shaft Model GP15 guide wheel","og_description":"Upgrade equipment with our high-performance 4 Rolling Ring Drive for a 15mm Diameter Shaft. Experience maximum speed and thrust today!","og_url":"https:\/\/rollingringdrives.com\/pt\/produtos\/anel-rolante-para-eixo-de-15-mm-de-diametro-modelo-gp15\/","og_site_name":"QiPang","article_modified_time":"2023-05-27T08:00:23+00:00","og_image":[{"width":600,"height":525,"url":"https:\/\/rollingringdrives.com\/wp-content\/uploads\/2023\/05\/-e1684568134101.jpg","type":"image\/jpeg"}],"twitter_card":"summary_large_image","twitter_misc":{"Est. reading time":"2 minutos"},"schema":{"@context":"https:\/\/schema.org","@graph":[{"@type":"WebPage","@id":"https:\/\/rollingringdrives.com\/product\/rolling-ring-for-15mm-diameter-shaft-model-gp15\/","url":"https:\/\/rollingringdrives.com\/product\/rolling-ring-for-15mm-diameter-shaft-model-gp15\/","name":"Anel de rolamento para eixo de 15mm de di\u00e2metro roda guia modelo GP15 - QiPang","isPartOf":{"@id":"https:\/\/rollingringdrives.com\/#website"},"primaryImageOfPage":{"@id":"https:\/\/rollingringdrives.com\/product\/rolling-ring-for-15mm-diameter-shaft-model-gp15\/#primaryimage"},"image":{"@id":"https:\/\/rollingringdrives.com\/product\/rolling-ring-for-15mm-diameter-shaft-model-gp15\/#primaryimage"},"thumbnailUrl":"https:\/\/rollingringdrives.com\/wp-content\/uploads\/2023\/05\/-e1684568134101.jpg","datePublished":"2023-05-16T02:53:17+00:00","dateModified":"2023-05-27T08:00:23+00:00","description":"Atualize o equipamento com nosso acionamento de 4 an\u00e9is girat\u00f3rios de alto desempenho para um eixo de 15 mm de di\u00e2metro. Experimente velocidade e impulso m\u00e1ximos hoje!","breadcrumb":{"@id":"https:\/\/rollingringdrives.com\/product\/rolling-ring-for-15mm-diameter-shaft-model-gp15\/#breadcrumb"},"inLanguage":"pt-PT","potentialAction":[{"@type":"ReadAction","target":["https:\/\/rollingringdrives.com\/product\/rolling-ring-for-15mm-diameter-shaft-model-gp15\/"]}]},{"@type":"ImageObject","inLanguage":"pt-PT","@id":"https:\/\/rollingringdrives.com\/product\/rolling-ring-for-15mm-diameter-shaft-model-gp15\/#primaryimage","url":"https:\/\/rollingringdrives.com\/wp-content\/uploads\/2023\/05\/-e1684568134101.jpg","contentUrl":"https:\/\/rollingringdrives.com\/wp-content\/uploads\/2023\/05\/-e1684568134101.jpg","width":600,"height":525,"caption":"Rolling Ring for 20mm Diameter Shaft Model GP15"},{"@type":"BreadcrumbList","@id":"https:\/\/rollingringdrives.com\/product\/rolling-ring-for-15mm-diameter-shaft-model-gp15\/#breadcrumb","itemListElement":[{"@type":"ListItem","position":1,"name":"Home","item":"https:\/\/rollingringdrives.com\/"},{"@type":"ListItem","position":2,"name":"Machines","item":"https:\/\/rollingringdrives.com\/machines\/"},{"@type":"ListItem","position":3,"name":"Rolling Ring for 15mm Diameter Shaft Model GP15 guide wheel"}]},{"@type":"WebSite","@id":"https:\/\/rollingringdrives.com\/#website","url":"https:\/\/rollingringdrives.com\/","name":"QiPangName","description":"Blog QiPang","publisher":{"@id":"https:\/\/rollingringdrives.com\/#organization"},"potentialAction":[{"@type":"SearchAction","target":{"@type":"EntryPoint","urlTemplate":"https:\/\/rollingringdrives.com\/?s={search_term_string}"},"query-input":{"@type":"PropertyValueSpecification","valueRequired":true,"valueName":"search_term_string"}}],"inLanguage":"pt-PT"},{"@type":"Organization","@id":"https:\/\/rollingringdrives.com\/#organization","name":"QiPangName","url":"https:\/\/rollingringdrives.com\/","logo":{"@type":"ImageObject","inLanguage":"pt-PT","@id":"https:\/\/rollingringdrives.com\/#\/schema\/logo\/image\/","url":"https:\/\/rollingringdrives.com\/wp-content\/uploads\/2023\/05\/cropped-\u672a\u547d\u540d\u7684\u8bbe\u8ba1.png","contentUrl":"https:\/\/rollingringdrives.com\/wp-content\/uploads\/2023\/05\/cropped-\u672a\u547d\u540d\u7684\u8bbe\u8ba1.png","width":300,"height":191,"caption":"QiPang"},"image":{"@id":"https:\/\/rollingringdrives.com\/#\/schema\/logo\/image\/"}}]}},"_links":{"self":[{"href":"https:\/\/rollingringdrives.com\/pt\/wp-json\/wp\/v2\/product\/25464","targetHints":{"allow":["GET"]}}],"collection":[{"href":"https:\/\/rollingringdrives.com\/pt\/wp-json\/wp\/v2\/product"}],"about":[{"href":"https:\/\/rollingringdrives.com\/pt\/wp-json\/wp\/v2\/types\/product"}],"version-history":[{"count":0,"href":"https:\/\/rollingringdrives.com\/pt\/wp-json\/wp\/v2\/product\/25464\/revisions"}],"wp:featuredmedia":[{"embeddable":true,"href":"https:\/\/rollingringdrives.com\/pt\/wp-json\/wp\/v2\/media\/25863"}],"wp:attachment":[{"href":"https:\/\/rollingringdrives.com\/pt\/wp-json\/wp\/v2\/media?parent=25464"}],"wp:term":[{"taxonomy":"product_brand","embeddable":true,"href":"https:\/\/rollingringdrives.com\/pt\/wp-json\/wp\/v2\/product_brand?post=25464"},{"taxonomy":"product_cat","embeddable":true,"href":"https:\/\/rollingringdrives.com\/pt\/wp-json\/wp\/v2\/product_cat?post=25464"},{"taxonomy":"product_tag","embeddable":true,"href":"https:\/\/rollingringdrives.com\/pt\/wp-json\/wp\/v2\/product_tag?post=25464"}],"curies":[{"name":"wp","href":"https:\/\/api.w.org\/{rel}","templated":true}]}}