{"id":25489,"date":"2023-05-16T03:29:28","date_gmt":"2023-05-16T03:29:28","guid":{"rendered":"https:\/\/rollingringdrives.com\/?post_type=product&#038;p=25489"},"modified":"2023-10-25T02:51:30","modified_gmt":"2023-10-25T02:51:30","slug":"rolling-ring-drive-for-30mm-diameter-shaft-model-gp30","status":"publish","type":"product","link":"https:\/\/rollingringdrives.com\/pt\/produtos\/acionamento-de-anel-rolante-para-eixo-de-30-mm-de-diametro-modelo-gp30\/","title":{"rendered":"Unidade de anel rolante para roda guia modelo GP30 de eixo de 30 mm de di\u00e2metro"},"content":{"rendered":"<div class=\"xiaoshujiang_element xsj_anchor\"><\/div>\n<h2 id=\"traverse20unit20model20rg4-30-2mcrfgp30_2\" class=\"xsj_heading_hash xsj_heading xsj_heading_h2\" data-source-line=\"2\" data-source-line-display=\"true\"><span class=\"xsj_heading_content\">Unidade transversal <span style=\"text-decoration: underline;\">Modelo GP3-30\/GP30<\/span><\/span><\/h2>\n<p class=\"xsj_paragraph xsj_paragraph_level_0\" data-source-line=\"4\" data-source-line-display=\"true\">O\u00a0<strong class=\"markdown_strong_asterisk\">Modelo de unidade transversal GP3-30\/GP30<\/strong> \u00e9 um <strong class=\"markdown_strong_asterisk\">Unidade de Anel Rolante<\/strong> especialmente concebido para trabalhar para um <strong class=\"markdown_strong_asterisk\">eixo de 30mm de di\u00e2metro<\/strong>. compreende <strong>4 an\u00e9is de rolamento<\/strong> que fornecem movimento linear para uma rota\u00e7\u00e3o do eixo na configura\u00e7\u00e3o dez no mostrador. O impulso lateral m\u00e1ximo desta unidade \u00e9 de 52 kg e pode atingir uma velocidade linear m\u00e1xima de 24 metros por minuto. Al\u00e9m disso, tem um torque de acionamento de 2,5 Kg Cm e pesa apenas 3,5 kg.<\/p>\n<h2 data-source-line=\"4\" data-source-line-display=\"true\">Acionamento por Anel Rolante para Par\u00e2metros de Eixo de 30mm de Di\u00e2metro<\/h2>\n<p data-source-line=\"4\" data-source-line-display=\"true\"><div id=\"footable_parent_25492\"\n         class=\"footable_parent ninja_table_wrapper loading_ninja_table wp_table_data_press_parent semantic_ui\">\n                <table data-ninja_table_instance=\"ninja_table_instance_0\" data-footable_id=\"25492\" data-filter-delay=\"1000\" aria-label=\"3\u65b0\u5efa X3sLSX \u5de5\u4f5c\u8868 (2).csv\"            id=\"footable_25492\"\n           data-unique_identifier=\"ninja_table_unique_id_1018368512_25492\"\n           class=\"foo-table ninja_footable foo_table_25492 ninja_table_unique_id_1018368512_25492 ui table  nt_type_legacy_table selectable striped vertical_centered  footable-paging-right ninja_table_search_disabled ninja_table_pro\">\n                <colgroup>\n                            <col class=\"ninja_column_0\">\n                            <col class=\"ninja_column_1\">\n                    <\/colgroup>\n        <thead>\n<tr class=\"footable-header\">\n                                        <th scope=\"col\"  class=\"ninja_column_0 ninja_clmn_nm_specification\">Especifica\u00e7\u00e3o<\/th><th scope=\"col\"  class=\"ninja_column_1 ninja_clmn_nm_value\">Valor<\/th><\/tr>\n<\/thead>\n<tbody>\n\n        <tr data-row_id=\"70\" class=\"ninja_table_row_0 nt_row_id_70\">\n            <td>N\u00famero de an\u00e9is de rolamento<\/td><td>4<\/td>        <\/tr>\n            <tr data-row_id=\"71\" class=\"ninja_table_row_1 nt_row_id_71\">\n            <td>Impulso Lateral M\u00e1ximo<\/td><td>52 Kg<\/td>        <\/tr>\n            <tr data-row_id=\"72\" class=\"ninja_table_row_2 nt_row_id_72\">\n            <td>Passo M\u00e1ximo<\/td><td>26 mm<\/td>        <\/tr>\n            <tr data-row_id=\"73\" class=\"ninja_table_row_3 nt_row_id_73\">\n            <td>Velocidade M\u00e1xima do Eixo<\/td><td>1000 RPM<\/td>        <\/tr>\n            <tr data-row_id=\"74\" class=\"ninja_table_row_4 nt_row_id_74\">\n            <td>Velocidade Linear M\u00e1xima<\/td><td>24 metros \/ minuto<\/td>        <\/tr>\n            <tr data-row_id=\"75\" class=\"ninja_table_row_5 nt_row_id_75\">\n            <td>Peso<\/td><td>3,5 Kg<\/td>        <\/tr>\n            <tr data-row_id=\"76\" class=\"ninja_table_row_6 nt_row_id_76\">\n            <td>Torque de Acionamento<\/td><td>2,5 Kg Cm<\/td>        <\/tr>\n    <\/tbody><!--ninja_tobody_rendering_done-->\n    <\/table>\n    \n    \n    \n<\/div>\n<\/p>\n<div class=\"xiaoshujiang_element xsj_anchor\"><a class=\"blank_anchor_name\" name=\"applications_3\"><\/a><a id=\"applications_3\" class=\"blank_anchor_id\"><\/a><a class=\"blank_anchor_name\" name=\"applications\"><\/a><a id=\"applications\" class=\"blank_anchor_id\"><\/a><\/div>\n<h2 id=\"applications_3\" class=\"xsj_heading_hash xsj_heading xsj_heading_h2\" data-source-line=\"6\" data-source-line-display=\"true\"><span class=\"xsj_heading_content\">Formul\u00e1rios:<\/span><\/h2>\n<p class=\"xsj_paragraph xsj_paragraph_level_0\" data-source-line=\"8\" data-source-line-display=\"true\">O <strong class=\"markdown_strong_asterisk\">GP3-30<\/strong>\/GP30 Traverse Unit \u00e9 \u00fatil em v\u00e1rias aplica\u00e7\u00f5es, especialmente nas ind\u00fastrias de manufatura, automa\u00e7\u00e3o e rob\u00f3tica. Aqui est\u00e3o alguns:<\/p>\n<ol>\n<li class=\"xsj_paragraph xsj_paragraph_level_0\" data-source-line=\"10\" data-source-line-display=\"true\">Sistemas de transporte.<\/li>\n<li class=\"xsj_paragraph xsj_paragraph_level_0\" data-source-line=\"12\" data-source-line-display=\"true\">M\u00e1quinas de etiquetar.<\/li>\n<li class=\"xsj_paragraph xsj_paragraph_level_0\" data-source-line=\"14\" data-source-line-display=\"true\">Prensas de impress\u00e3o.<\/li>\n<li class=\"xsj_paragraph xsj_paragraph_level_0\" data-source-line=\"16\" data-source-line-display=\"true\">Equipamento de teste automatizado.<\/li>\n<li class=\"xsj_paragraph xsj_paragraph_level_0\" data-source-line=\"18\" data-source-line-display=\"true\">Movimento do bra\u00e7o rob\u00f3tico.<\/li>\n<li class=\"xsj_paragraph xsj_paragraph_level_0\" data-source-line=\"20\" data-source-line-display=\"true\">Linhas de montagem.<\/li>\n<\/ol>\n<div class=\"xiaoshujiang_element xsj_anchor\"><a class=\"blank_anchor_name\" name=\"faqs_4\"><\/a><a id=\"faqs_4\" class=\"blank_anchor_id\"><\/a><a class=\"blank_anchor_name\" name=\"faqs\"><\/a><a id=\"faqs\" class=\"blank_anchor_id\"><\/a><\/div>\n<h2 id=\"faqs_4\" class=\"xsj_heading_hash xsj_heading xsj_heading_h2\" data-source-line=\"23\" data-source-line-display=\"true\"><span class=\"xsj_heading_content\">Perguntas frequentes:<\/span><\/h2>\n<p class=\"xsj_paragraph xsj_paragraph_level_0\" data-source-line=\"25\" data-source-line-display=\"true\"><strong class=\"markdown_strong_asterisk\">1. Qual \u00e9 a inclina\u00e7\u00e3o m\u00e1xima que a unidade transversal GP3-30\/GP30 suporta?<\/strong><\/p>\n<p class=\"xsj_paragraph xsj_paragraph_level_0\" data-source-line=\"27\" data-source-line-display=\"true\">O passo m\u00e1ximo de que a unidade \u00e9 capaz \u00e9 de 26 mm para uma rota\u00e7\u00e3o do eixo na posi\u00e7\u00e3o dez no mostrador.<\/p>\n<p class=\"xsj_paragraph xsj_paragraph_level_0\" data-source-line=\"29\" data-source-line-display=\"true\"><strong class=\"markdown_strong_asterisk\">2. Qual \u00e9 o impulso lateral m\u00e1ximo do anel de rolamento para um eixo de 30 mm de di\u00e2metro?<\/strong><\/p>\n<p class=\"xsj_paragraph xsj_paragraph_level_0\" data-source-line=\"31\" data-source-line-display=\"true\">O empuxo lateral m\u00e1ximo desta unidade \u00e9 de 52 kg, tornando-a adequada para aplica\u00e7\u00f5es exigentes.<\/p>\n<p class=\"xsj_paragraph xsj_paragraph_level_0\" data-source-line=\"33\" data-source-line-display=\"true\"><strong class=\"markdown_strong_asterisk\">3. Qual \u00e9 a velocidade linear m\u00e1xima desta unidade transversal?<\/strong><\/p>\n<p class=\"xsj_paragraph xsj_paragraph_level_0\" data-source-line=\"35\" data-source-line-display=\"true\">A velocidade linear m\u00e1xima do <strong class=\"markdown_strong_asterisk\">GP3-30<\/strong>\/GP30 Unidade transversal \u00e9 de 24 metros por minuto.<\/p>\n<p class=\"xsj_paragraph xsj_paragraph_level_0\" data-source-line=\"37\" data-source-line-display=\"true\"><strong class=\"markdown_strong_asterisk\">4. Qual \u00e9 a velocidade m\u00e1xima do eixo que a unidade pode suportar?<\/strong><\/p>\n<p class=\"xsj_paragraph xsj_paragraph_level_0\" data-source-line=\"39\" data-source-line-display=\"true\">Esta unidade pode lidar com a velocidade m\u00e1xima do eixo \u00e9 de 1000 RPM.<\/p>\n<p class=\"xsj_paragraph xsj_paragraph_level_0\" data-source-line=\"41\" data-source-line-display=\"true\"><strong class=\"markdown_strong_asterisk\">5. Quanto pesa a unidade transversal GP3-30\/GP30?<\/strong><\/p>\n<p class=\"xsj_paragraph xsj_paragraph_level_0\" data-source-line=\"43\" data-source-line-display=\"true\">A unidade pesa apenas 3,5 kg, tornando-a f\u00e1cil de montar e posicionar.<\/p>","protected":false},"excerpt":{"rendered":"<h2 id=\"features_3\" class=\"xsj_heading_hash xsj_heading xsj_heading_h2\" data-source-line=\"6\" data-source-line-display=\"true\"><span class=\"xsj_heading_content\">Caracter\u00edsticas:<\/span><\/h2>\n<p class=\"xsj_paragraph xsj_paragraph_level_0\" data-source-line=\"8\" data-source-line-display=\"true\">A unidade transversal RG4-30-2MCRF\/GP30 \u00e9 constru\u00edda com engenharia de precis\u00e3o. Aqui est\u00e3o suas caracter\u00edsticas not\u00e1veis:<\/p>\n<ol>\n<li class=\"xsj_paragraph xsj_paragraph_level_0\" data-source-line=\"10\" data-source-line-display=\"true\"><strong>4 an\u00e9is de rolamento<\/strong> para o movimento linear do eixo.<\/li>\n<li class=\"xsj_paragraph xsj_paragraph_level_0\" data-source-line=\"12\" data-source-line-display=\"true\">Passo m\u00e1ximo de 26mm para movimentos precisos.<\/li>\n<li class=\"xsj_paragraph xsj_paragraph_level_0\" data-source-line=\"14\" data-source-line-display=\"true\">Empuxo lateral m\u00e1ximo de 52 kg para aplica\u00e7\u00f5es exigentes.<\/li>\n<li class=\"xsj_paragraph xsj_paragraph_level_0\" data-source-line=\"16\" data-source-line-display=\"true\">Velocidade m\u00e1xima do eixo de 1000 RPM.<\/li>\n<li class=\"xsj_paragraph xsj_paragraph_level_0\" data-source-line=\"18\" data-source-line-display=\"true\">Velocidade linear m\u00e1xima de 24 metros por minuto.<\/li>\n<li class=\"xsj_paragraph xsj_paragraph_level_0\" data-source-line=\"20\" data-source-line-display=\"true\">O peso leve de apenas 3,5 kg para f\u00e1cil montagem e posicionamento.<\/li>\n<li class=\"xsj_paragraph xsj_paragraph_level_0\" data-source-line=\"22\" data-source-line-display=\"true\">Alto torque de acionamento de 2,5 Kg Cm para lidar com cargas pesadas.<\/li>\n<\/ol>","protected":false},"featured_media":30272,"template":"","meta":{"site-sidebar-layout":"default","site-content-layout":"default","ast-global-header-display":"","ast-banner-title-visibility":"","ast-main-header-display":"","ast-hfb-above-header-display":"","ast-hfb-below-header-display":"","ast-hfb-mobile-header-display":"","site-post-title":"","ast-breadcrumbs-content":"","ast-featured-img":"","footer-sml-layout":"","theme-transparent-header-meta":"default","adv-header-id-meta":"","stick-header-meta":"","header-above-stick-meta":"","header-main-stick-meta":"","header-below-stick-meta":""},"product_brand":[],"product_cat":[34,60],"product_tag":[],"class_list":{"0":"post-25489","1":"product","2":"type-product","3":"status-publish","4":"has-post-thumbnail","6":"product_cat-rolling-ring-drive","7":"product_cat-b-type-with-guide-wheel","8":"desktop-align-left","9":"tablet-align-left","10":"mobile-align-left","12":"first","13":"instock","14":"shipping-taxable","15":"product-type-simple"},"yoast_head":"<!-- This site is optimized with the Yoast SEO Premium plugin v20.12 (Yoast SEO v26.0) - https:\/\/yoast.com\/wordpress\/plugins\/seo\/ -->\n<title>Rolling Ring Drive for 30mm Diameter Shaft Model GP30 guide wheel - QiPang<\/title>\n<meta name=\"description\" content=\"Upgrade your machinery with our 4 Rolling Ring Drive for 30mm Diameter Shaft. Get 52 kg thrust, max speed of 24m\/min &amp; drive torque of 2.5 Kg Cm. Order\" \/>\n<meta name=\"robots\" content=\"index, follow, max-snippet:-1, max-image-preview:large, max-video-preview:-1\" \/>\n<link rel=\"canonical\" href=\"https:\/\/rollingringdrives.com\/pt\/produtos\/acionamento-de-anel-rolante-para-eixo-de-30-mm-de-diametro-modelo-gp30\/\" \/>\n<meta property=\"og:locale\" content=\"pt_PT\" \/>\n<meta property=\"og:type\" content=\"article\" \/>\n<meta property=\"og:title\" content=\"Rolling Ring Drive for 30mm Diameter Shaft Model GP30 guide wheel\" \/>\n<meta property=\"og:description\" content=\"Upgrade your machinery with our 4 Rolling Ring Drive for 30mm Diameter Shaft. Get 52 kg thrust, max speed of 24m\/min &amp; drive torque of 2.5 Kg Cm. Order\" \/>\n<meta property=\"og:url\" content=\"https:\/\/rollingringdrives.com\/pt\/produtos\/acionamento-de-anel-rolante-para-eixo-de-30-mm-de-diametro-modelo-gp30\/\" \/>\n<meta property=\"og:site_name\" content=\"QiPang\" \/>\n<meta property=\"article:modified_time\" content=\"2023-10-25T02:51:30+00:00\" \/>\n<meta property=\"og:image\" content=\"https:\/\/rollingringdrives.com\/wp-content\/uploads\/2023\/05\/QP30\u5e26\u4e09\u67b6-5-scaled.jpg\" \/>\n\t<meta property=\"og:image:width\" content=\"2560\" \/>\n\t<meta property=\"og:image:height\" content=\"1709\" \/>\n\t<meta property=\"og:image:type\" content=\"image\/jpeg\" \/>\n<meta name=\"twitter:card\" content=\"summary_large_image\" \/>\n<meta name=\"twitter:label1\" content=\"Est. reading time\" \/>\n\t<meta name=\"twitter:data1\" content=\"2 minutos\" \/>\n<script type=\"application\/ld+json\" class=\"yoast-schema-graph\">{\"@context\":\"https:\/\/schema.org\",\"@graph\":[{\"@type\":\"WebPage\",\"@id\":\"https:\/\/rollingringdrives.com\/product\/rolling-ring-drive-for-30mm-diameter-shaft-model-gp30\/\",\"url\":\"https:\/\/rollingringdrives.com\/product\/rolling-ring-drive-for-30mm-diameter-shaft-model-gp30\/\",\"name\":\"Rolling Ring Drive for 30mm Diameter Shaft Model GP30 guide wheel - QiPang\",\"isPartOf\":{\"@id\":\"https:\/\/rollingringdrives.com\/#website\"},\"primaryImageOfPage\":{\"@id\":\"https:\/\/rollingringdrives.com\/product\/rolling-ring-drive-for-30mm-diameter-shaft-model-gp30\/#primaryimage\"},\"image\":{\"@id\":\"https:\/\/rollingringdrives.com\/product\/rolling-ring-drive-for-30mm-diameter-shaft-model-gp30\/#primaryimage\"},\"thumbnailUrl\":\"https:\/\/rollingringdrives.com\/wp-content\/uploads\/2023\/05\/QP30\u5e26\u4e09\u67b6-5-scaled.jpg\",\"datePublished\":\"2023-05-16T03:29:28+00:00\",\"dateModified\":\"2023-10-25T02:51:30+00:00\",\"description\":\"Upgrade your machinery with our 4 Rolling Ring Drive for 30mm Diameter Shaft. Get 52 kg thrust, max speed of 24m\/min & drive torque of 2.5 Kg Cm. Order\",\"breadcrumb\":{\"@id\":\"https:\/\/rollingringdrives.com\/product\/rolling-ring-drive-for-30mm-diameter-shaft-model-gp30\/#breadcrumb\"},\"inLanguage\":\"pt-PT\",\"potentialAction\":[{\"@type\":\"ReadAction\",\"target\":[\"https:\/\/rollingringdrives.com\/product\/rolling-ring-drive-for-30mm-diameter-shaft-model-gp30\/\"]}]},{\"@type\":\"ImageObject\",\"inLanguage\":\"pt-PT\",\"@id\":\"https:\/\/rollingringdrives.com\/product\/rolling-ring-drive-for-30mm-diameter-shaft-model-gp30\/#primaryimage\",\"url\":\"https:\/\/rollingringdrives.com\/wp-content\/uploads\/2023\/05\/QP30\u5e26\u4e09\u67b6-5-scaled.jpg\",\"contentUrl\":\"https:\/\/rollingringdrives.com\/wp-content\/uploads\/2023\/05\/QP30\u5e26\u4e09\u67b6-5-scaled.jpg\",\"width\":2560,\"height\":1709,\"caption\":\"Rolling Ring Drive for 30mm Diameter Shaft Model GP3-30\/GP30 guide wheel\"},{\"@type\":\"BreadcrumbList\",\"@id\":\"https:\/\/rollingringdrives.com\/product\/rolling-ring-drive-for-30mm-diameter-shaft-model-gp30\/#breadcrumb\",\"itemListElement\":[{\"@type\":\"ListItem\",\"position\":1,\"name\":\"Home\",\"item\":\"https:\/\/rollingringdrives.com\/\"},{\"@type\":\"ListItem\",\"position\":2,\"name\":\"Machines\",\"item\":\"https:\/\/rollingringdrives.com\/machines\/\"},{\"@type\":\"ListItem\",\"position\":3,\"name\":\"Rolling Ring Drive for 30mm Diameter Shaft Model GP30 guide wheel\"}]},{\"@type\":\"WebSite\",\"@id\":\"https:\/\/rollingringdrives.com\/#website\",\"url\":\"https:\/\/rollingringdrives.com\/\",\"name\":\"QiPang\",\"description\":\"QiPang Blog\",\"publisher\":{\"@id\":\"https:\/\/rollingringdrives.com\/#organization\"},\"potentialAction\":[{\"@type\":\"SearchAction\",\"target\":{\"@type\":\"EntryPoint\",\"urlTemplate\":\"https:\/\/rollingringdrives.com\/?s={search_term_string}\"},\"query-input\":{\"@type\":\"PropertyValueSpecification\",\"valueRequired\":true,\"valueName\":\"search_term_string\"}}],\"inLanguage\":\"pt-PT\"},{\"@type\":\"Organization\",\"@id\":\"https:\/\/rollingringdrives.com\/#organization\",\"name\":\"QiPang\",\"url\":\"https:\/\/rollingringdrives.com\/\",\"logo\":{\"@type\":\"ImageObject\",\"inLanguage\":\"pt-PT\",\"@id\":\"https:\/\/rollingringdrives.com\/#\/schema\/logo\/image\/\",\"url\":\"https:\/\/rollingringdrives.com\/wp-content\/uploads\/2023\/05\/cropped-\u672a\u547d\u540d\u7684\u8bbe\u8ba1.png\",\"contentUrl\":\"https:\/\/rollingringdrives.com\/wp-content\/uploads\/2023\/05\/cropped-\u672a\u547d\u540d\u7684\u8bbe\u8ba1.png\",\"width\":300,\"height\":191,\"caption\":\"QiPang\"},\"image\":{\"@id\":\"https:\/\/rollingringdrives.com\/#\/schema\/logo\/image\/\"}}]}<\/script>\n<!-- \/ Yoast SEO Premium plugin. -->","yoast_head_json":{"title":"Acionamento por anel rolante para roda-guia modelo GP30 de eixo de 30 mm de di\u00e2metro - QiPang","description":"Atualize seu maquin\u00e1rio com nosso acionamento de 4 an\u00e9is de rolamento para eixo de 30 mm de di\u00e2metro. Obtenha 52 kg de empuxo, velocidade m\u00e1xima de 24m\/min e torque de acionamento de 2,5 kg\/cm. Ordem","robots":{"index":"index","follow":"follow","max-snippet":"max-snippet:-1","max-image-preview":"max-image-preview:large","max-video-preview":"max-video-preview:-1"},"canonical":"https:\/\/rollingringdrives.com\/pt\/produtos\/acionamento-de-anel-rolante-para-eixo-de-30-mm-de-diametro-modelo-gp30\/","og_locale":"pt_PT","og_type":"article","og_title":"Rolling Ring Drive for 30mm Diameter Shaft Model GP30 guide wheel","og_description":"Upgrade your machinery with our 4 Rolling Ring Drive for 30mm Diameter Shaft. Get 52 kg thrust, max speed of 24m\/min & drive torque of 2.5 Kg Cm. Order","og_url":"https:\/\/rollingringdrives.com\/pt\/produtos\/acionamento-de-anel-rolante-para-eixo-de-30-mm-de-diametro-modelo-gp30\/","og_site_name":"QiPang","article_modified_time":"2023-10-25T02:51:30+00:00","og_image":[{"width":2560,"height":1709,"url":"https:\/\/rollingringdrives.com\/wp-content\/uploads\/2023\/05\/QP30\u5e26\u4e09\u67b6-5-scaled.jpg","type":"image\/jpeg"}],"twitter_card":"summary_large_image","twitter_misc":{"Est. reading time":"2 minutos"},"schema":{"@context":"https:\/\/schema.org","@graph":[{"@type":"WebPage","@id":"https:\/\/rollingringdrives.com\/product\/rolling-ring-drive-for-30mm-diameter-shaft-model-gp30\/","url":"https:\/\/rollingringdrives.com\/product\/rolling-ring-drive-for-30mm-diameter-shaft-model-gp30\/","name":"Acionamento por anel rolante para roda-guia modelo GP30 de eixo de 30 mm de di\u00e2metro - QiPang","isPartOf":{"@id":"https:\/\/rollingringdrives.com\/#website"},"primaryImageOfPage":{"@id":"https:\/\/rollingringdrives.com\/product\/rolling-ring-drive-for-30mm-diameter-shaft-model-gp30\/#primaryimage"},"image":{"@id":"https:\/\/rollingringdrives.com\/product\/rolling-ring-drive-for-30mm-diameter-shaft-model-gp30\/#primaryimage"},"thumbnailUrl":"https:\/\/rollingringdrives.com\/wp-content\/uploads\/2023\/05\/QP30\u5e26\u4e09\u67b6-5-scaled.jpg","datePublished":"2023-05-16T03:29:28+00:00","dateModified":"2023-10-25T02:51:30+00:00","description":"Atualize seu maquin\u00e1rio com nosso acionamento de 4 an\u00e9is de rolamento para eixo de 30 mm de di\u00e2metro. Obtenha 52 kg de empuxo, velocidade m\u00e1xima de 24m\/min e torque de acionamento de 2,5 kg\/cm. Ordem","breadcrumb":{"@id":"https:\/\/rollingringdrives.com\/product\/rolling-ring-drive-for-30mm-diameter-shaft-model-gp30\/#breadcrumb"},"inLanguage":"pt-PT","potentialAction":[{"@type":"ReadAction","target":["https:\/\/rollingringdrives.com\/product\/rolling-ring-drive-for-30mm-diameter-shaft-model-gp30\/"]}]},{"@type":"ImageObject","inLanguage":"pt-PT","@id":"https:\/\/rollingringdrives.com\/product\/rolling-ring-drive-for-30mm-diameter-shaft-model-gp30\/#primaryimage","url":"https:\/\/rollingringdrives.com\/wp-content\/uploads\/2023\/05\/QP30\u5e26\u4e09\u67b6-5-scaled.jpg","contentUrl":"https:\/\/rollingringdrives.com\/wp-content\/uploads\/2023\/05\/QP30\u5e26\u4e09\u67b6-5-scaled.jpg","width":2560,"height":1709,"caption":"Rolling Ring Drive for 30mm Diameter Shaft Model GP3-30\/GP30 guide wheel"},{"@type":"BreadcrumbList","@id":"https:\/\/rollingringdrives.com\/product\/rolling-ring-drive-for-30mm-diameter-shaft-model-gp30\/#breadcrumb","itemListElement":[{"@type":"ListItem","position":1,"name":"Home","item":"https:\/\/rollingringdrives.com\/"},{"@type":"ListItem","position":2,"name":"Machines","item":"https:\/\/rollingringdrives.com\/machines\/"},{"@type":"ListItem","position":3,"name":"Rolling Ring Drive for 30mm Diameter Shaft Model GP30 guide wheel"}]},{"@type":"WebSite","@id":"https:\/\/rollingringdrives.com\/#website","url":"https:\/\/rollingringdrives.com\/","name":"QiPangName","description":"Blog QiPang","publisher":{"@id":"https:\/\/rollingringdrives.com\/#organization"},"potentialAction":[{"@type":"SearchAction","target":{"@type":"EntryPoint","urlTemplate":"https:\/\/rollingringdrives.com\/?s={search_term_string}"},"query-input":{"@type":"PropertyValueSpecification","valueRequired":true,"valueName":"search_term_string"}}],"inLanguage":"pt-PT"},{"@type":"Organization","@id":"https:\/\/rollingringdrives.com\/#organization","name":"QiPangName","url":"https:\/\/rollingringdrives.com\/","logo":{"@type":"ImageObject","inLanguage":"pt-PT","@id":"https:\/\/rollingringdrives.com\/#\/schema\/logo\/image\/","url":"https:\/\/rollingringdrives.com\/wp-content\/uploads\/2023\/05\/cropped-\u672a\u547d\u540d\u7684\u8bbe\u8ba1.png","contentUrl":"https:\/\/rollingringdrives.com\/wp-content\/uploads\/2023\/05\/cropped-\u672a\u547d\u540d\u7684\u8bbe\u8ba1.png","width":300,"height":191,"caption":"QiPang"},"image":{"@id":"https:\/\/rollingringdrives.com\/#\/schema\/logo\/image\/"}}]}},"_links":{"self":[{"href":"https:\/\/rollingringdrives.com\/pt\/wp-json\/wp\/v2\/product\/25489","targetHints":{"allow":["GET"]}}],"collection":[{"href":"https:\/\/rollingringdrives.com\/pt\/wp-json\/wp\/v2\/product"}],"about":[{"href":"https:\/\/rollingringdrives.com\/pt\/wp-json\/wp\/v2\/types\/product"}],"version-history":[{"count":0,"href":"https:\/\/rollingringdrives.com\/pt\/wp-json\/wp\/v2\/product\/25489\/revisions"}],"wp:featuredmedia":[{"embeddable":true,"href":"https:\/\/rollingringdrives.com\/pt\/wp-json\/wp\/v2\/media\/30272"}],"wp:attachment":[{"href":"https:\/\/rollingringdrives.com\/pt\/wp-json\/wp\/v2\/media?parent=25489"}],"wp:term":[{"taxonomy":"product_brand","embeddable":true,"href":"https:\/\/rollingringdrives.com\/pt\/wp-json\/wp\/v2\/product_brand?post=25489"},{"taxonomy":"product_cat","embeddable":true,"href":"https:\/\/rollingringdrives.com\/pt\/wp-json\/wp\/v2\/product_cat?post=25489"},{"taxonomy":"product_tag","embeddable":true,"href":"https:\/\/rollingringdrives.com\/pt\/wp-json\/wp\/v2\/product_tag?post=25489"}],"curies":[{"name":"wp","href":"https:\/\/api.w.org\/{rel}","templated":true}]}}