{"id":25502,"date":"2023-05-16T03:43:06","date_gmt":"2023-05-16T03:43:06","guid":{"rendered":"https:\/\/rollingringdrives.com\/?post_type=product&#038;p=25502"},"modified":"2025-07-07T05:52:47","modified_gmt":"2025-07-07T05:52:47","slug":"rolling-ring-drive-for-40mm-diameter-shaft-model-gp40","status":"publish","type":"product","link":"https:\/\/rollingringdrives.com\/pt\/produtos\/acionamento-de-anel-rolante-para-eixo-de-40-mm-de-diametro-modelo-gp40\/","title":{"rendered":"Unidade de anel rolante para eixo de 40 mm de di\u00e2metro modelo GP4-40 4JPX40"},"content":{"rendered":"<div class=\"xiaoshujiang_element xsj_anchor\"><\/div>\n<h2 id=\"traverse20unit20model20rg4-40-2mcrfgp40_2\" class=\"xsj_heading_hash xsj_heading xsj_heading_h2\" data-source-line=\"2\" data-source-line-display=\"true\"><span class=\"xsj_heading_content\">Unidade transversal <span style=\"text-decoration: underline;\">Modelo GP4-40\/4JPX40<\/span><\/span><\/h2>\n<p class=\"xsj_paragraph xsj_paragraph_level_0\" data-source-line=\"4\" data-source-line-display=\"true\">O\u00a0<strong class=\"markdown_strong_asterisk\">Unidade transversal modelo GP4-40\/4JPX40 <\/strong><span class=\"xsj_heading_content\"><span style=\"text-decoration: underline;\">Modelo <\/span><\/span>\u00e9 um acionamento de anel rolante de alto desempenho para um <strong class=\"markdown_strong_asterisk\">eixo de 40mm de di\u00e2metro<\/strong>. Com\u00a0<strong class=\"markdown_strong_asterisk\">4 an\u00e9is de rolamento<\/strong>, um impulso lateral m\u00e1ximo de 84 kg e um passo m\u00e1ximo de 31 mm, este acionamento oferece precis\u00e3o e precis\u00e3o incompar\u00e1veis no movimento linear. A velocidade m\u00e1xima do eixo \u00e9 de 750 RPM e a velocidade linear m\u00e1xima \u00e9 de 23,25 metros por minuto. Pesando 6,3 kg e com um torque de acionamento de 3,5 kg cm, este acionamento de anel rolante \u00e9 potente e leve.<\/p>\n<p data-source-line=\"4\" data-source-line-display=\"true\"><div id=\"footable_parent_25504\"\n         class=\"footable_parent ninja_table_wrapper loading_ninja_table wp_table_data_press_parent semantic_ui\">\n                <table data-ninja_table_instance=\"ninja_table_instance_0\" data-footable_id=\"25504\" data-filter-delay=\"1000\" aria-label=\"4\u65b0\u5efa X3sLSX \u5de5\u4f5c\u8868 (2).csv\"            id=\"footable_25504\"\n           data-unique_identifier=\"ninja_table_unique_id_284245219_25504\"\n           class=\"foo-table ninja_footable foo_table_25504 ninja_table_unique_id_284245219_25504 ui table  nt_type_legacy_table selectable striped vertical_centered  footable-paging-right ninja_table_search_disabled ninja_table_pro\">\n                <colgroup>\n                            <col class=\"ninja_column_0\">\n                            <col class=\"ninja_column_1\">\n                    <\/colgroup>\n        <thead>\n<tr class=\"footable-header\">\n                                        <th scope=\"col\"  class=\"ninja_column_0 ninja_clmn_nm_specification\">Especifica\u00e7\u00e3o<\/th><th scope=\"col\"  class=\"ninja_column_1 ninja_clmn_nm_value\">Valor<\/th><\/tr>\n<\/thead>\n<tbody>\n\n        <tr data-row_id=\"77\" class=\"ninja_table_row_0 nt_row_id_77\">\n            <td>N\u00famero de an\u00e9is de rolamento<\/td><td>4<\/td>        <\/tr>\n            <tr data-row_id=\"78\" class=\"ninja_table_row_1 nt_row_id_78\">\n            <td>Impulso Lateral M\u00e1ximo<\/td><td>84 Kg<\/td>        <\/tr>\n            <tr data-row_id=\"79\" class=\"ninja_table_row_2 nt_row_id_79\">\n            <td>Passo M\u00e1ximo<\/td><td>31mm<\/td>        <\/tr>\n            <tr data-row_id=\"80\" class=\"ninja_table_row_3 nt_row_id_80\">\n            <td>Velocidade M\u00e1xima do Eixo<\/td><td>750 RPN<\/td>        <\/tr>\n            <tr data-row_id=\"81\" class=\"ninja_table_row_4 nt_row_id_81\">\n            <td>Velocidade Linear M\u00e1xima<\/td><td>23,25 metros\/minuto<\/td>        <\/tr>\n            <tr data-row_id=\"82\" class=\"ninja_table_row_5 nt_row_id_82\">\n            <td>Peso<\/td><td>6,3 Kg<\/td>        <\/tr>\n            <tr data-row_id=\"83\" class=\"ninja_table_row_6 nt_row_id_83\">\n            <td>Torque de Acionamento<\/td><td>3,5 Kg Cm<\/td>        <\/tr>\n    <\/tbody><!--ninja_tobody_rendering_done-->\n    <\/table>\n    \n    \n    \n<\/div>\n<\/p>\n<div class=\"xiaoshujiang_element xsj_anchor\"><a class=\"blank_anchor_name\" name=\"applications_3\"><\/a><a id=\"applications_3\" class=\"blank_anchor_id\"><\/a><a class=\"blank_anchor_name\" name=\"applications\"><\/a><a id=\"applications\" class=\"blank_anchor_id\"><\/a><\/div>\n<h2 id=\"applications_3\" class=\"xsj_heading_hash xsj_heading xsj_heading_h2\" data-source-line=\"6\" data-source-line-display=\"true\"><span class=\"xsj_heading_content\">Formul\u00e1rios:<\/span><\/h2>\n<p class=\"xsj_paragraph xsj_paragraph_level_0\" data-source-line=\"8\" data-source-line-display=\"true\">Este acionamento de anel rolante \u00e9 ideal para uma ampla gama de aplica\u00e7\u00f5es que requerem alta precis\u00e3o e exatid\u00e3o em movimentos lineares. Alguns exemplos incluem:<\/p>\n<ol class=\"markdown_ol\" data-source-line=\"10\">\n<li data-source-line=\"10\">Sistemas de automa\u00e7\u00e3o industrial<\/li>\n<li data-source-line=\"11\">Rob\u00f3tica e sistemas de manufatura<\/li>\n<li data-source-line=\"12\">m\u00e1quinas CNC<\/li>\n<li data-source-line=\"13\">m\u00e1quinas de embalagem<\/li>\n<li data-source-line=\"14\">m\u00e1quinas t\u00eaxteis<\/li>\n<li data-source-line=\"15\">Prensas de impress\u00e3o<\/li>\n<li data-source-line=\"16\">Equipamento m\u00e9dico<\/li>\n<\/ol>\n<div class=\"xiaoshujiang_element xsj_anchor\"><a class=\"blank_anchor_name\" name=\"faqs_4\"><\/a><a id=\"faqs_4\" class=\"blank_anchor_id\"><\/a><a class=\"blank_anchor_name\" name=\"faqs\"><\/a><a id=\"faqs\" class=\"blank_anchor_id\"><\/a><\/div>\n<h2 id=\"faqs_4\" class=\"xsj_heading_hash xsj_heading xsj_heading_h2\" data-source-line=\"18\" data-source-line-display=\"true\"><span class=\"xsj_heading_content\">Perguntas frequentes:<\/span><\/h2>\n<p class=\"xsj_paragraph xsj_paragraph_level_0\" data-source-line=\"20\" data-source-line-display=\"true\"><strong class=\"markdown_strong_asterisk\">1. O que \u00e9 um acionamento por anel rolante?<\/strong><br \/>\nUm acionamento de anel rolante \u00e9 um tipo de acionamento de movimento linear que usa an\u00e9is rolantes para acionar um eixo em um movimento linear.<\/p>\n<p class=\"xsj_paragraph xsj_paragraph_level_0\" data-source-line=\"23\" data-source-line-display=\"true\"><strong class=\"markdown_strong_asterisk\">2. Qual \u00e9 a velocidade m\u00e1xima do acionamento do anel rolante para um eixo de 40 mm de di\u00e2metro<\/strong><strong class=\"markdown_strong_asterisk\">?<\/strong><br \/>\nA velocidade m\u00e1xima \u00e9 de 750 RPM.<\/p>\n<p class=\"xsj_paragraph xsj_paragraph_level_0\" data-source-line=\"26\" data-source-line-display=\"true\"><strong class=\"markdown_strong_asterisk\">3. Qual \u00e9 a velocidade linear m\u00e1xima do GP4-40\/4JPX40?<\/strong><br \/>\nA velocidade linear m\u00e1xima \u00e9 de 23,25 metros por minuto.<\/p>\n<p class=\"xsj_paragraph xsj_paragraph_level_0\" data-source-line=\"29\" data-source-line-display=\"true\"><strong class=\"markdown_strong_asterisk\">4. Qual \u00e9 o impulso lateral m\u00e1ximo do GP4-40\/4JPX40?<\/strong><br \/>\nO <strong class=\"markdown_strong_asterisk\">GP4-40\/4JPX40<\/strong> tem um empuxo lateral m\u00e1ximo de 84 kg.<\/p>\n<p class=\"xsj_paragraph xsj_paragraph_level_0\" data-source-line=\"32\" data-source-line-display=\"true\"><strong class=\"markdown_strong_asterisk\">5. Para quais aplica\u00e7\u00f5es o GP4-40\/4JPX40 \u00e9 adequado?<\/strong><br \/>\nO <strong class=\"markdown_strong_asterisk\">GP4-40\/4JPX40<\/strong> \u00e9 adequado para uma ampla gama de aplica\u00e7\u00f5es, incluindo sistemas de automa\u00e7\u00e3o industrial, rob\u00f3tica e sistemas de manufatura, m\u00e1quinas CNC, m\u00e1quinas de embalagem, m\u00e1quinas t\u00eaxteis, impressoras e equipamentos m\u00e9dicos.<\/p>","protected":false},"excerpt":{"rendered":"<h2 id=\"features_3\" class=\"xsj_heading_hash xsj_heading xsj_heading_h2\" data-source-line=\"6\" data-source-line-display=\"true\"><span class=\"xsj_heading_content\">Caracter\u00edsticas:<\/span><\/h2>\n<p class=\"xsj_paragraph xsj_paragraph_level_0\" data-source-line=\"8\" data-source-line-display=\"true\">O modelo RG4-40-2MCRF\/GP40 possui v\u00e1rios recursos importantes que o tornam um acionamento de anel rolante topo de linha:<\/p>\n<ol class=\"markdown_ol\" data-source-line=\"10\">\n<li data-source-line=\"10\">Quatro an\u00e9is de rolamento para movimento linear superior.<\/li>\n<li data-source-line=\"11\">Impulso lateral m\u00e1ximo de 84 kg.<\/li>\n<li data-source-line=\"12\">O passo m\u00e1ximo de 31 mm para um posicionamento preciso.<\/li>\n<li data-source-line=\"13\">Velocidade m\u00e1xima do eixo de 750 RPM para opera\u00e7\u00e3o r\u00e1pida.<\/li>\n<li data-source-line=\"14\">Velocidade linear m\u00e1xima de 23,25 metros por minuto.<\/li>\n<li data-source-line=\"15\">Design leve, pesando apenas 6,3 kg.<\/li>\n<li data-source-line=\"16\">Torque de acionamento de 3,5 kg cm para desempenho potente.<\/li>\n<\/ol>","protected":false},"featured_media":31610,"template":"","meta":{"site-sidebar-layout":"default","site-content-layout":"default","ast-global-header-display":"","ast-banner-title-visibility":"","ast-main-header-display":"","ast-hfb-above-header-display":"","ast-hfb-below-header-display":"","ast-hfb-mobile-header-display":"","site-post-title":"","ast-breadcrumbs-content":"","ast-featured-img":"","footer-sml-layout":"","theme-transparent-header-meta":"default","adv-header-id-meta":"","stick-header-meta":"","header-above-stick-meta":"","header-main-stick-meta":"","header-below-stick-meta":""},"product_brand":[],"product_cat":[34,38],"product_tag":[],"class_list":{"0":"post-25502","1":"product","2":"type-product","3":"status-publish","4":"has-post-thumbnail","6":"product_cat-rolling-ring-drive","7":"product_cat-gp4-type","8":"desktop-align-left","9":"tablet-align-left","10":"mobile-align-left","12":"first","13":"instock","14":"shipping-taxable","15":"product-type-simple"},"yoast_head":"<!-- This site is optimized with the Yoast SEO Premium plugin v20.12 (Yoast SEO v26.0) - https:\/\/yoast.com\/wordpress\/plugins\/seo\/ -->\n<title>Rolling Ring Drive for 40mm Diameter Shaft Model GP4-40 4JPX40 - QiPang<\/title>\n<meta name=\"description\" content=\"Upgrade your machinery with our 4 Rolling Ring Drive for 40mm Diameter Shaft! Get maximum linear speed of 23.25 m\/min and drive torque of 3.5 Kg Cm.\" \/>\n<meta name=\"robots\" content=\"index, follow, max-snippet:-1, max-image-preview:large, max-video-preview:-1\" \/>\n<link rel=\"canonical\" href=\"https:\/\/rollingringdrives.com\/pt\/produtos\/acionamento-de-anel-rolante-para-eixo-de-40-mm-de-diametro-modelo-gp40\/\" \/>\n<meta property=\"og:locale\" content=\"pt_PT\" \/>\n<meta property=\"og:type\" content=\"article\" \/>\n<meta property=\"og:title\" content=\"Rolling Ring Drive for 40mm Diameter Shaft Model GP4-40 4JPX40\" \/>\n<meta property=\"og:description\" content=\"Upgrade your machinery with our 4 Rolling Ring Drive for 40mm Diameter Shaft! Get maximum linear speed of 23.25 m\/min and drive torque of 3.5 Kg Cm.\" \/>\n<meta property=\"og:url\" content=\"https:\/\/rollingringdrives.com\/pt\/produtos\/acionamento-de-anel-rolante-para-eixo-de-40-mm-de-diametro-modelo-gp40\/\" \/>\n<meta property=\"og:site_name\" content=\"QiPang\" \/>\n<meta property=\"article:modified_time\" content=\"2025-07-07T05:52:47+00:00\" \/>\n<meta property=\"og:image\" content=\"https:\/\/rollingringdrives.com\/wp-content\/uploads\/2023\/05\/804383be729a0087c10a07cec062479-1024x763.png\" \/>\n\t<meta property=\"og:image:width\" content=\"1024\" \/>\n\t<meta property=\"og:image:height\" content=\"763\" \/>\n\t<meta property=\"og:image:type\" content=\"image\/png\" \/>\n<meta name=\"twitter:card\" content=\"summary_large_image\" \/>\n<meta name=\"twitter:label1\" content=\"Est. reading time\" \/>\n\t<meta name=\"twitter:data1\" content=\"2 minutos\" \/>\n<script type=\"application\/ld+json\" class=\"yoast-schema-graph\">{\"@context\":\"https:\/\/schema.org\",\"@graph\":[{\"@type\":\"WebPage\",\"@id\":\"https:\/\/rollingringdrives.com\/product\/rolling-ring-drive-for-40mm-diameter-shaft-model-gp40\/\",\"url\":\"https:\/\/rollingringdrives.com\/product\/rolling-ring-drive-for-40mm-diameter-shaft-model-gp40\/\",\"name\":\"Rolling Ring Drive for 40mm Diameter Shaft Model GP4-40 4JPX40 - QiPang\",\"isPartOf\":{\"@id\":\"https:\/\/rollingringdrives.com\/#website\"},\"primaryImageOfPage\":{\"@id\":\"https:\/\/rollingringdrives.com\/product\/rolling-ring-drive-for-40mm-diameter-shaft-model-gp40\/#primaryimage\"},\"image\":{\"@id\":\"https:\/\/rollingringdrives.com\/product\/rolling-ring-drive-for-40mm-diameter-shaft-model-gp40\/#primaryimage\"},\"thumbnailUrl\":\"https:\/\/rollingringdrives.com\/wp-content\/uploads\/2023\/05\/804383be729a0087c10a07cec062479.png\",\"datePublished\":\"2023-05-16T03:43:06+00:00\",\"dateModified\":\"2025-07-07T05:52:47+00:00\",\"description\":\"Upgrade your machinery with our 4 Rolling Ring Drive for 40mm Diameter Shaft! Get maximum linear speed of 23.25 m\/min and drive torque of 3.5 Kg Cm.\",\"breadcrumb\":{\"@id\":\"https:\/\/rollingringdrives.com\/product\/rolling-ring-drive-for-40mm-diameter-shaft-model-gp40\/#breadcrumb\"},\"inLanguage\":\"pt-PT\",\"potentialAction\":[{\"@type\":\"ReadAction\",\"target\":[\"https:\/\/rollingringdrives.com\/product\/rolling-ring-drive-for-40mm-diameter-shaft-model-gp40\/\"]}]},{\"@type\":\"ImageObject\",\"inLanguage\":\"pt-PT\",\"@id\":\"https:\/\/rollingringdrives.com\/product\/rolling-ring-drive-for-40mm-diameter-shaft-model-gp40\/#primaryimage\",\"url\":\"https:\/\/rollingringdrives.com\/wp-content\/uploads\/2023\/05\/804383be729a0087c10a07cec062479.png\",\"contentUrl\":\"https:\/\/rollingringdrives.com\/wp-content\/uploads\/2023\/05\/804383be729a0087c10a07cec062479.png\",\"width\":2428,\"height\":1808,\"caption\":\"Traverse Unit\"},{\"@type\":\"BreadcrumbList\",\"@id\":\"https:\/\/rollingringdrives.com\/product\/rolling-ring-drive-for-40mm-diameter-shaft-model-gp40\/#breadcrumb\",\"itemListElement\":[{\"@type\":\"ListItem\",\"position\":1,\"name\":\"Home\",\"item\":\"https:\/\/rollingringdrives.com\/\"},{\"@type\":\"ListItem\",\"position\":2,\"name\":\"Machines\",\"item\":\"https:\/\/rollingringdrives.com\/machines\/\"},{\"@type\":\"ListItem\",\"position\":3,\"name\":\"Rolling Ring Drive for 40mm Diameter Shaft Model GP4-40 4JPX40\"}]},{\"@type\":\"WebSite\",\"@id\":\"https:\/\/rollingringdrives.com\/#website\",\"url\":\"https:\/\/rollingringdrives.com\/\",\"name\":\"QiPang\",\"description\":\"QiPang Blog\",\"publisher\":{\"@id\":\"https:\/\/rollingringdrives.com\/#organization\"},\"potentialAction\":[{\"@type\":\"SearchAction\",\"target\":{\"@type\":\"EntryPoint\",\"urlTemplate\":\"https:\/\/rollingringdrives.com\/?s={search_term_string}\"},\"query-input\":{\"@type\":\"PropertyValueSpecification\",\"valueRequired\":true,\"valueName\":\"search_term_string\"}}],\"inLanguage\":\"pt-PT\"},{\"@type\":\"Organization\",\"@id\":\"https:\/\/rollingringdrives.com\/#organization\",\"name\":\"QiPang\",\"url\":\"https:\/\/rollingringdrives.com\/\",\"logo\":{\"@type\":\"ImageObject\",\"inLanguage\":\"pt-PT\",\"@id\":\"https:\/\/rollingringdrives.com\/#\/schema\/logo\/image\/\",\"url\":\"https:\/\/rollingringdrives.com\/wp-content\/uploads\/2023\/05\/cropped-\u672a\u547d\u540d\u7684\u8bbe\u8ba1.png\",\"contentUrl\":\"https:\/\/rollingringdrives.com\/wp-content\/uploads\/2023\/05\/cropped-\u672a\u547d\u540d\u7684\u8bbe\u8ba1.png\",\"width\":300,\"height\":191,\"caption\":\"QiPang\"},\"image\":{\"@id\":\"https:\/\/rollingringdrives.com\/#\/schema\/logo\/image\/\"}}]}<\/script>\n<!-- \/ Yoast SEO Premium plugin. -->","yoast_head_json":{"title":"Unidade de anel rolante para eixo de 40 mm de di\u00e2metro modelo GP4-40 4JPX40 - QiPang","description":"Atualize seu maquin\u00e1rio com nosso acionamento de 4 an\u00e9is de rolamento para eixo de 40 mm de di\u00e2metro! Obtenha velocidade linear m\u00e1xima de 23,25 m\/min e torque de acionamento de 3,5 Kg Cm.","robots":{"index":"index","follow":"follow","max-snippet":"max-snippet:-1","max-image-preview":"max-image-preview:large","max-video-preview":"max-video-preview:-1"},"canonical":"https:\/\/rollingringdrives.com\/pt\/produtos\/acionamento-de-anel-rolante-para-eixo-de-40-mm-de-diametro-modelo-gp40\/","og_locale":"pt_PT","og_type":"article","og_title":"Rolling Ring Drive for 40mm Diameter Shaft Model GP4-40 4JPX40","og_description":"Upgrade your machinery with our 4 Rolling Ring Drive for 40mm Diameter Shaft! Get maximum linear speed of 23.25 m\/min and drive torque of 3.5 Kg Cm.","og_url":"https:\/\/rollingringdrives.com\/pt\/produtos\/acionamento-de-anel-rolante-para-eixo-de-40-mm-de-diametro-modelo-gp40\/","og_site_name":"QiPang","article_modified_time":"2025-07-07T05:52:47+00:00","og_image":[{"width":1024,"height":763,"url":"https:\/\/rollingringdrives.com\/wp-content\/uploads\/2023\/05\/804383be729a0087c10a07cec062479-1024x763.png","type":"image\/png"}],"twitter_card":"summary_large_image","twitter_misc":{"Est. reading time":"2 minutos"},"schema":{"@context":"https:\/\/schema.org","@graph":[{"@type":"WebPage","@id":"https:\/\/rollingringdrives.com\/product\/rolling-ring-drive-for-40mm-diameter-shaft-model-gp40\/","url":"https:\/\/rollingringdrives.com\/product\/rolling-ring-drive-for-40mm-diameter-shaft-model-gp40\/","name":"Unidade de anel rolante para eixo de 40 mm de di\u00e2metro modelo GP4-40 4JPX40 - QiPang","isPartOf":{"@id":"https:\/\/rollingringdrives.com\/#website"},"primaryImageOfPage":{"@id":"https:\/\/rollingringdrives.com\/product\/rolling-ring-drive-for-40mm-diameter-shaft-model-gp40\/#primaryimage"},"image":{"@id":"https:\/\/rollingringdrives.com\/product\/rolling-ring-drive-for-40mm-diameter-shaft-model-gp40\/#primaryimage"},"thumbnailUrl":"https:\/\/rollingringdrives.com\/wp-content\/uploads\/2023\/05\/804383be729a0087c10a07cec062479.png","datePublished":"2023-05-16T03:43:06+00:00","dateModified":"2025-07-07T05:52:47+00:00","description":"Atualize seu maquin\u00e1rio com nosso acionamento de 4 an\u00e9is de rolamento para eixo de 40 mm de di\u00e2metro! Obtenha velocidade linear m\u00e1xima de 23,25 m\/min e torque de acionamento de 3,5 Kg Cm.","breadcrumb":{"@id":"https:\/\/rollingringdrives.com\/product\/rolling-ring-drive-for-40mm-diameter-shaft-model-gp40\/#breadcrumb"},"inLanguage":"pt-PT","potentialAction":[{"@type":"ReadAction","target":["https:\/\/rollingringdrives.com\/product\/rolling-ring-drive-for-40mm-diameter-shaft-model-gp40\/"]}]},{"@type":"ImageObject","inLanguage":"pt-PT","@id":"https:\/\/rollingringdrives.com\/product\/rolling-ring-drive-for-40mm-diameter-shaft-model-gp40\/#primaryimage","url":"https:\/\/rollingringdrives.com\/wp-content\/uploads\/2023\/05\/804383be729a0087c10a07cec062479.png","contentUrl":"https:\/\/rollingringdrives.com\/wp-content\/uploads\/2023\/05\/804383be729a0087c10a07cec062479.png","width":2428,"height":1808,"caption":"Traverse Unit"},{"@type":"BreadcrumbList","@id":"https:\/\/rollingringdrives.com\/product\/rolling-ring-drive-for-40mm-diameter-shaft-model-gp40\/#breadcrumb","itemListElement":[{"@type":"ListItem","position":1,"name":"Home","item":"https:\/\/rollingringdrives.com\/"},{"@type":"ListItem","position":2,"name":"Machines","item":"https:\/\/rollingringdrives.com\/machines\/"},{"@type":"ListItem","position":3,"name":"Rolling Ring Drive for 40mm Diameter Shaft Model GP4-40 4JPX40"}]},{"@type":"WebSite","@id":"https:\/\/rollingringdrives.com\/#website","url":"https:\/\/rollingringdrives.com\/","name":"QiPangName","description":"Blog QiPang","publisher":{"@id":"https:\/\/rollingringdrives.com\/#organization"},"potentialAction":[{"@type":"SearchAction","target":{"@type":"EntryPoint","urlTemplate":"https:\/\/rollingringdrives.com\/?s={search_term_string}"},"query-input":{"@type":"PropertyValueSpecification","valueRequired":true,"valueName":"search_term_string"}}],"inLanguage":"pt-PT"},{"@type":"Organization","@id":"https:\/\/rollingringdrives.com\/#organization","name":"QiPangName","url":"https:\/\/rollingringdrives.com\/","logo":{"@type":"ImageObject","inLanguage":"pt-PT","@id":"https:\/\/rollingringdrives.com\/#\/schema\/logo\/image\/","url":"https:\/\/rollingringdrives.com\/wp-content\/uploads\/2023\/05\/cropped-\u672a\u547d\u540d\u7684\u8bbe\u8ba1.png","contentUrl":"https:\/\/rollingringdrives.com\/wp-content\/uploads\/2023\/05\/cropped-\u672a\u547d\u540d\u7684\u8bbe\u8ba1.png","width":300,"height":191,"caption":"QiPang"},"image":{"@id":"https:\/\/rollingringdrives.com\/#\/schema\/logo\/image\/"}}]}},"_links":{"self":[{"href":"https:\/\/rollingringdrives.com\/pt\/wp-json\/wp\/v2\/product\/25502","targetHints":{"allow":["GET"]}}],"collection":[{"href":"https:\/\/rollingringdrives.com\/pt\/wp-json\/wp\/v2\/product"}],"about":[{"href":"https:\/\/rollingringdrives.com\/pt\/wp-json\/wp\/v2\/types\/product"}],"version-history":[{"count":0,"href":"https:\/\/rollingringdrives.com\/pt\/wp-json\/wp\/v2\/product\/25502\/revisions"}],"wp:featuredmedia":[{"embeddable":true,"href":"https:\/\/rollingringdrives.com\/pt\/wp-json\/wp\/v2\/media\/31610"}],"wp:attachment":[{"href":"https:\/\/rollingringdrives.com\/pt\/wp-json\/wp\/v2\/media?parent=25502"}],"wp:term":[{"taxonomy":"product_brand","embeddable":true,"href":"https:\/\/rollingringdrives.com\/pt\/wp-json\/wp\/v2\/product_brand?post=25502"},{"taxonomy":"product_cat","embeddable":true,"href":"https:\/\/rollingringdrives.com\/pt\/wp-json\/wp\/v2\/product_cat?post=25502"},{"taxonomy":"product_tag","embeddable":true,"href":"https:\/\/rollingringdrives.com\/pt\/wp-json\/wp\/v2\/product_tag?post=25502"}],"curies":[{"name":"wp","href":"https:\/\/api.w.org\/{rel}","templated":true}]}}