{"id":25525,"date":"2023-05-16T08:45:59","date_gmt":"2023-05-16T08:45:59","guid":{"rendered":"https:\/\/rollingringdrives.com\/?post_type=product&#038;p=25525"},"modified":"2023-05-31T02:46:06","modified_gmt":"2023-05-31T02:46:06","slug":"rolling-ring-drive-similar-to-uhing-rg3-15-2mcrf-for-15mm-diameter-shaft","status":"publish","type":"product","link":"https:\/\/rollingringdrives.com\/pt\/produtos\/unidade-de-anel-rolante-semelhante-a-uhing-rg3-15-2mcrf-para-eixo-de-15-mm-de-diametro\/","title":{"rendered":"Unidade de anel rolante semelhante a RG3-15-2MCRF para eixo de 15 mm de di\u00e2metro"},"content":{"rendered":"<div class=\"xiaoshujiang_element xsj_anchor\"><\/div>\n<h2 id=\"traverse20units20model20rg3-15-2mcrfpx15_2\" class=\"xsj_heading_hash xsj_heading xsj_heading_h2\" data-source-line=\"2\" data-source-line-display=\"true\"><span class=\"xsj_heading_content\">Unidades transversais <span style=\"text-decoration: underline;\"><strong>Modelo RG3-15-2MCRF\/PX15<\/strong><\/span><\/span><\/h2>\n<p class=\"xsj_paragraph xsj_paragraph_level_0\" data-source-line=\"4\" data-source-line-display=\"true\">O <strong>Unidade de Anel Rolante RG3-15-2MCRF\/PX15<\/strong> \u00e9 um sistema de acionamento vers\u00e1til e confi\u00e1vel que utiliza <strong>Semelhante a Uhing Traverse Units<\/strong> para um desempenho superior. Com <strong>3 an\u00e9is de rolamento<\/strong>, este sistema de acionamento pode atingir um empuxo lateral m\u00e1ximo de at\u00e9 9 kg ou 90N. Ele tamb\u00e9m tem um passo m\u00e1ximo de 10 mm, permitindo movimento linear com uma rota\u00e7\u00e3o do eixo na posi\u00e7\u00e3o dez no mostrador. A 2.000 RPM, esse sistema de acionamento pode atingir uma velocidade m\u00e1xima do eixo com uma velocidade linear m\u00e1xima de 19 metros por minuto. Este modelo \u00e9 projetado para um <strong>eixo de 15mm de di\u00e2metro<\/strong> e pesa apenas 0,9 kg, tornando-o perfeito para diversas aplica\u00e7\u00f5es.<\/p>\n<p data-source-line=\"4\" data-source-line-display=\"true\"><div id=\"footable_parent_25531\"\n         class=\"footable_parent ninja_table_wrapper loading_ninja_table wp_table_data_press_parent semantic_ui\">\n                <table data-ninja_table_instance=\"ninja_table_instance_0\" data-footable_id=\"25531\" data-filter-delay=\"1000\" aria-label=\"7\u65b0\u5efa X3sLSX \u5de5\u4f5c\u8868 (2).csv\"            id=\"footable_25531\"\n           data-unique_identifier=\"ninja_table_unique_id_1065224487_25531\"\n           class=\"foo-table ninja_footable foo_table_25531 ninja_table_unique_id_1065224487_25531 ui table  nt_type_legacy_table selectable striped vertical_centered  footable-paging-right ninja_table_search_disabled ninja_table_pro\">\n                <colgroup>\n                            <col class=\"ninja_column_0\">\n                            <col class=\"ninja_column_1\">\n                    <\/colgroup>\n        <thead>\n<tr class=\"footable-header\">\n                                        <th scope=\"col\"  class=\"ninja_column_0 ninja_clmn_nm_parameter\">Par\u00e2metro<\/th><th scope=\"col\"  class=\"ninja_column_1 ninja_clmn_nm_value\">Valor<\/th><\/tr>\n<\/thead>\n<tbody>\n\n        <tr data-row_id=\"98\" class=\"ninja_table_row_0 nt_row_id_98\">\n            <td>N\u00famero de an\u00e9is de rolamento<\/td><td>3<\/td>        <\/tr>\n            <tr data-row_id=\"99\" class=\"ninja_table_row_1 nt_row_id_99\">\n            <td>Impulso Lateral M\u00e1ximo<\/td><td>9 Kg \/ 90N<\/td>        <\/tr>\n            <tr data-row_id=\"100\" class=\"ninja_table_row_2 nt_row_id_100\">\n            <td>Passo M\u00e1ximo<\/td><td>10 mm (Movimento linear para uma rota\u00e7\u00e3o do eixo na configura\u00e7\u00e3o 10 no mostrador)<\/td>        <\/tr>\n            <tr data-row_id=\"101\" class=\"ninja_table_row_3 nt_row_id_101\">\n            <td>Velocidade M\u00e1xima do Eixo<\/td><td>2000 RPM<\/td>        <\/tr>\n            <tr data-row_id=\"102\" class=\"ninja_table_row_4 nt_row_id_102\">\n            <td>Velocidade Linear M\u00e1xima<\/td><td>19 metros \/ minuto<\/td>        <\/tr>\n            <tr data-row_id=\"103\" class=\"ninja_table_row_5 nt_row_id_103\">\n            <td>Peso<\/td><td>0,9 KG<\/td>        <\/tr>\n            <tr data-row_id=\"104\" class=\"ninja_table_row_6 nt_row_id_104\">\n            <td>Torque de Acionamento<\/td><td>0,3 Kg Cm<\/td>        <\/tr>\n    <\/tbody><!--ninja_tobody_rendering_done-->\n    <\/table>\n    \n    \n    \n<\/div>\n<\/p>\n<figure id=\"attachment_27213\" aria-describedby=\"caption-attachment-27213\" style=\"width: 1024px\" class=\"wp-caption alignnone\"><img fetchpriority=\"high\" decoding=\"async\" class=\"wp-image-27213 size-large\" src=\"https:\/\/rollingringdrives.com\/wp-content\/uploads\/2023\/05\/\u5fb7\u56fd15\u5916\u5f62\u5c3a\u5bf8_00-1024x724.png\" alt=\"Alemanha RG3-15-2MCRF desenho dimensional\" width=\"1024\" height=\"724\" srcset=\"https:\/\/rollingringdrives.com\/wp-content\/uploads\/2023\/05\/\u5fb7\u56fd15\u5916\u5f62\u5c3a\u5bf8_00-1024x724.png 1024w, https:\/\/rollingringdrives.com\/wp-content\/uploads\/2023\/05\/\u5fb7\u56fd15\u5916\u5f62\u5c3a\u5bf8_00-300x212.png 300w, https:\/\/rollingringdrives.com\/wp-content\/uploads\/2023\/05\/\u5fb7\u56fd15\u5916\u5f62\u5c3a\u5bf8_00-768x543.png 768w, https:\/\/rollingringdrives.com\/wp-content\/uploads\/2023\/05\/\u5fb7\u56fd15\u5916\u5f62\u5c3a\u5bf8_00-1536x1086.png 1536w, https:\/\/rollingringdrives.com\/wp-content\/uploads\/2023\/05\/\u5fb7\u56fd15\u5916\u5f62\u5c3a\u5bf8_00-2048x1448.png 2048w, https:\/\/rollingringdrives.com\/wp-content\/uploads\/2023\/05\/\u5fb7\u56fd15\u5916\u5f62\u5c3a\u5bf8_00-600x424.png 600w\" sizes=\"(max-width: 1024px) 100vw, 1024px\" \/><figcaption id=\"caption-attachment-27213\" class=\"wp-caption-text\">Alemanha RG3-15-2MCRF desenho dimensional<\/figcaption><\/figure>\n<div class=\"xiaoshujiang_element xsj_anchor\"><a href=\"https:\/\/rollingringdrives.com\/wp-content\/uploads\/2023\/05\/Instruction-manual.pdf\" target=\"_blank\" rel=\"noopener\">Baixar Manual\u2193<\/a><a class=\"blank_anchor_name\" name=\"applications_3\"><\/a><a id=\"applications_3\" class=\"blank_anchor_id\"><\/a><a class=\"blank_anchor_name\" name=\"applications\"><\/a><a id=\"applications\" class=\"blank_anchor_id\"><\/a><\/div>\n<div><\/div>\n<h2 id=\"applications_3\" class=\"xsj_heading_hash xsj_heading xsj_heading_h2\" data-source-line=\"6\" data-source-line-display=\"true\"><span class=\"xsj_heading_content\">Formul\u00e1rios:<\/span><\/h2>\n<p class=\"xsj_paragraph xsj_paragraph_level_0\" data-source-line=\"8\" data-source-line-display=\"true\">O Rolling Ring Drive RG3-15-2MCRF\/PX15 \u00e9 perfeito para uma variedade de aplica\u00e7\u00f5es, incluindo:<\/p>\n<ol>\n<li class=\"xsj_paragraph xsj_paragraph_level_0\" data-source-line=\"10\" data-source-line-display=\"true\">Aplica\u00e7\u00f5es de enrolamento e desenrolamento.<\/li>\n<li class=\"xsj_paragraph xsj_paragraph_level_0\" data-source-line=\"12\" data-source-line-display=\"true\">Sistemas de transporte.<\/li>\n<li class=\"xsj_paragraph xsj_paragraph_level_0\" data-source-line=\"14\" data-source-line-display=\"true\">Sistemas de manuseio de materiais.<\/li>\n<li class=\"xsj_paragraph xsj_paragraph_level_0\" data-source-line=\"16\" data-source-line-display=\"true\">M\u00e1quinas de enrolar e enrolar.<\/li>\n<li class=\"xsj_paragraph xsj_paragraph_level_0\" data-source-line=\"18\" data-source-line-display=\"true\">M\u00e1quinas de processamento de filmes e folhas.<\/li>\n<li class=\"xsj_paragraph xsj_paragraph_level_0\" data-source-line=\"20\" data-source-line-display=\"true\">M\u00e1quinas de embalagem.<\/li>\n<li class=\"xsj_paragraph xsj_paragraph_level_0\" data-source-line=\"22\" data-source-line-display=\"true\">M\u00e1quinas de impress\u00e3o e etiquetagem.<\/li>\n<li class=\"xsj_paragraph xsj_paragraph_level_0\" data-source-line=\"24\" data-source-line-display=\"true\">M\u00e1quinas t\u00eaxteis.<\/li>\n<\/ol>\n<h2 class=\"xsj_heading_hash xsj_heading xsj_heading_h2\" data-source-line=\"27\" data-source-line-display=\"true\"><span class=\"xsj_heading_content\">Perguntas frequentes para <\/span><span class=\"xsj_heading_content\">Uhing RG3-15-2mcrf<\/span><span class=\"xsj_heading_content\">:<\/span><\/h2>\n<p class=\"xsj_paragraph xsj_paragraph_level_0\" data-source-line=\"29\" data-source-line-display=\"true\"><strong class=\"markdown_strong_asterisk\">1. Qual \u00e9 o impulso lateral m\u00e1ximo do Anel Rolante Uhing RG3-15-2mcrf?<\/strong><br \/>\nO impulso lateral m\u00e1ximo \u00e9 de at\u00e9 9 kg ou 90N.<\/p>\n<p class=\"xsj_paragraph xsj_paragraph_level_0\" data-source-line=\"32\" data-source-line-display=\"true\"><strong class=\"markdown_strong_asterisk\">2. Qual \u00e9 o passo m\u00e1ximo do Anel Rolante RG3-15-2MCRF\/PX15?<\/strong><br \/>\nO passo m\u00e1ximo \u00e9 de 10 mm, permitindo movimento linear com uma rota\u00e7\u00e3o do eixo na posi\u00e7\u00e3o dez no mostrador.<\/p>\n<p class=\"xsj_paragraph xsj_paragraph_level_0\" data-source-line=\"35\" data-source-line-display=\"true\"><strong class=\"markdown_strong_asterisk\">3. Qual \u00e9 a velocidade m\u00e1xima do eixo da unidade de anel rolante RG3-15-2MCRF\/PX15?<\/strong><br \/>\nA velocidade m\u00e1xima do eixo \u00e9 de 2.000 RPM.<\/p>\n<p class=\"xsj_paragraph xsj_paragraph_level_0\" data-source-line=\"38\" data-source-line-display=\"true\"><strong class=\"markdown_strong_asterisk\">4. Qual \u00e9 a velocidade linear m\u00e1xima do Anel Rolante RG3-15-2MCRF\/PX15?<\/strong><br \/>\nA velocidade linear m\u00e1xima \u00e9 de 19 metros por minuto.<\/p>\n<p class=\"xsj_paragraph xsj_paragraph_level_0\" data-source-line=\"41\" data-source-line-display=\"true\"><strong class=\"markdown_strong_asterisk\">5. Para quais aplica\u00e7\u00f5es o Anel Rolante RG3-15-2MCRF\/PX15 \u00e9 adequado?<\/strong><br \/>\nO Anel Rolante RG3-15-2MCRF\/PX15 \u00e9 adequado para uma variedade de aplica\u00e7\u00f5es, incluindo enrolamento e desenrolamento, sistemas de transporte, manuseio de materiais, bobinagem e enrolamento, processamento de filme e folha, embalagem, impress\u00e3o e rotulagem e maquin\u00e1rio t\u00eaxtil.<\/p>","protected":false},"excerpt":{"rendered":"<h2 id=\"features_3\" class=\"xsj_heading_hash xsj_heading xsj_heading_h2\" data-source-line=\"6\" data-source-line-display=\"true\"><span class=\"xsj_heading_content\">Caracter\u00edsticas:<\/span><\/h2>\n<ol>\n<li class=\"xsj_paragraph xsj_paragraph_level_0\" data-source-line=\"8\" data-source-line-display=\"true\">Utiliza Uhing Traverse Units para desempenho superior.<\/li>\n<li class=\"xsj_paragraph xsj_paragraph_level_0\" data-source-line=\"10\" data-source-line-display=\"true\">Tr\u00eas an\u00e9is de rolamento para impulso lateral m\u00e1ximo de at\u00e9 9 kg ou 90N.<\/li>\n<li class=\"xsj_paragraph xsj_paragraph_level_0\" data-source-line=\"12\" data-source-line-display=\"true\">O passo m\u00e1ximo \u00e9 de 10 mm para movimento linear com uma rota\u00e7\u00e3o do eixo na configura\u00e7\u00e3o dez no mostrador.<\/li>\n<li class=\"xsj_paragraph xsj_paragraph_level_0\" data-source-line=\"14\" data-source-line-display=\"true\">Velocidade m\u00e1xima do eixo de 2.000 RPM.<\/li>\n<li class=\"xsj_paragraph xsj_paragraph_level_0\" data-source-line=\"16\" data-source-line-display=\"true\">Velocidade linear m\u00e1xima de 19 metros por minuto.<\/li>\n<li class=\"xsj_paragraph xsj_paragraph_level_0\" data-source-line=\"18\" data-source-line-display=\"true\">Projetado especificamente para um eixo de 15 mm de di\u00e2metro.<\/li>\n<li class=\"xsj_paragraph xsj_paragraph_level_0\" data-source-line=\"20\" data-source-line-display=\"true\">Design leve, pesando apenas 0,9 kg.<\/li>\n<\/ol>","protected":false},"featured_media":26130,"template":"","meta":{"site-sidebar-layout":"default","site-content-layout":"default","ast-global-header-display":"","ast-banner-title-visibility":"","ast-main-header-display":"","ast-hfb-above-header-display":"","ast-hfb-below-header-display":"","ast-hfb-mobile-header-display":"","site-post-title":"","ast-breadcrumbs-content":"","ast-featured-img":"","footer-sml-layout":"","theme-transparent-header-meta":"default","adv-header-id-meta":"","stick-header-meta":"","header-above-stick-meta":"","header-main-stick-meta":"","header-below-stick-meta":""},"product_brand":[],"product_cat":[34,45],"product_tag":[],"class_list":{"0":"post-25525","1":"product","2":"type-product","3":"status-publish","4":"has-post-thumbnail","6":"product_cat-rolling-ring-drive","7":"product_cat-similar-to-uhing-rolling-ring-drive","8":"desktop-align-left","9":"tablet-align-left","10":"mobile-align-left","12":"first","13":"instock","14":"shipping-taxable","15":"product-type-simple"},"yoast_head":"<!-- This site is optimized with the Yoast SEO Premium plugin v20.12 (Yoast SEO v26.0) - https:\/\/yoast.com\/wordpress\/plugins\/seo\/ -->\n<title>Rolling Ring Drive Similar To RG3-15-2MCRF for 15mm Diameter Shaft - QiPang<\/title>\n<meta name=\"description\" content=\"Looking for a high-performance rolling ring? Check out our product similar to Uhing RG3-15-2mcrf. Contact us for more information!\" \/>\n<meta name=\"robots\" content=\"index, follow, max-snippet:-1, max-image-preview:large, max-video-preview:-1\" \/>\n<link rel=\"canonical\" href=\"https:\/\/rollingringdrives.com\/pt\/produtos\/unidade-de-anel-rolante-semelhante-a-uhing-rg3-15-2mcrf-para-eixo-de-15-mm-de-diametro\/\" \/>\n<meta property=\"og:locale\" content=\"pt_PT\" \/>\n<meta property=\"og:type\" content=\"article\" \/>\n<meta property=\"og:title\" content=\"Rolling Ring Drive Similar To RG3-15-2MCRF for 15mm Diameter Shaft\" \/>\n<meta property=\"og:description\" content=\"Looking for a high-performance rolling ring? Check out our product similar to Uhing RG3-15-2mcrf. Contact us for more information!\" \/>\n<meta property=\"og:url\" content=\"https:\/\/rollingringdrives.com\/pt\/produtos\/unidade-de-anel-rolante-semelhante-a-uhing-rg3-15-2mcrf-para-eixo-de-15-mm-de-diametro\/\" \/>\n<meta property=\"og:site_name\" content=\"QiPang\" \/>\n<meta property=\"article:modified_time\" content=\"2023-05-31T02:46:06+00:00\" \/>\n<meta property=\"og:image\" content=\"https:\/\/rollingringdrives.com\/wp-content\/uploads\/2023\/05\/\u672a\u547d\u540d\u7684\u8bbe\u8ba1-2.png\" \/>\n\t<meta property=\"og:image:width\" content=\"500\" \/>\n\t<meta property=\"og:image:height\" content=\"500\" \/>\n\t<meta property=\"og:image:type\" content=\"image\/png\" \/>\n<meta name=\"twitter:card\" content=\"summary_large_image\" \/>\n<meta name=\"twitter:label1\" content=\"Est. reading time\" \/>\n\t<meta name=\"twitter:data1\" content=\"2 minutos\" \/>\n<script type=\"application\/ld+json\" class=\"yoast-schema-graph\">{\"@context\":\"https:\/\/schema.org\",\"@graph\":[{\"@type\":\"WebPage\",\"@id\":\"https:\/\/rollingringdrives.com\/product\/rolling-ring-drive-similar-to-uhing-rg3-15-2mcrf-for-15mm-diameter-shaft\/\",\"url\":\"https:\/\/rollingringdrives.com\/product\/rolling-ring-drive-similar-to-uhing-rg3-15-2mcrf-for-15mm-diameter-shaft\/\",\"name\":\"Rolling Ring Drive Similar To RG3-15-2MCRF for 15mm Diameter Shaft - QiPang\",\"isPartOf\":{\"@id\":\"https:\/\/rollingringdrives.com\/#website\"},\"primaryImageOfPage\":{\"@id\":\"https:\/\/rollingringdrives.com\/product\/rolling-ring-drive-similar-to-uhing-rg3-15-2mcrf-for-15mm-diameter-shaft\/#primaryimage\"},\"image\":{\"@id\":\"https:\/\/rollingringdrives.com\/product\/rolling-ring-drive-similar-to-uhing-rg3-15-2mcrf-for-15mm-diameter-shaft\/#primaryimage\"},\"thumbnailUrl\":\"https:\/\/rollingringdrives.com\/wp-content\/uploads\/2023\/05\/\u672a\u547d\u540d\u7684\u8bbe\u8ba1-2.png\",\"datePublished\":\"2023-05-16T08:45:59+00:00\",\"dateModified\":\"2023-05-31T02:46:06+00:00\",\"description\":\"Looking for a high-performance rolling ring? Check out our product similar to Uhing RG3-15-2mcrf. Contact us for more information!\",\"breadcrumb\":{\"@id\":\"https:\/\/rollingringdrives.com\/product\/rolling-ring-drive-similar-to-uhing-rg3-15-2mcrf-for-15mm-diameter-shaft\/#breadcrumb\"},\"inLanguage\":\"pt-PT\",\"potentialAction\":[{\"@type\":\"ReadAction\",\"target\":[\"https:\/\/rollingringdrives.com\/product\/rolling-ring-drive-similar-to-uhing-rg3-15-2mcrf-for-15mm-diameter-shaft\/\"]}]},{\"@type\":\"ImageObject\",\"inLanguage\":\"pt-PT\",\"@id\":\"https:\/\/rollingringdrives.com\/product\/rolling-ring-drive-similar-to-uhing-rg3-15-2mcrf-for-15mm-diameter-shaft\/#primaryimage\",\"url\":\"https:\/\/rollingringdrives.com\/wp-content\/uploads\/2023\/05\/\u672a\u547d\u540d\u7684\u8bbe\u8ba1-2.png\",\"contentUrl\":\"https:\/\/rollingringdrives.com\/wp-content\/uploads\/2023\/05\/\u672a\u547d\u540d\u7684\u8bbe\u8ba1-2.png\",\"width\":500,\"height\":500,\"caption\":\"Rolling Ring Drive Similar To RG3-15-2MCRF for 15mm Diameter Shaft\"},{\"@type\":\"BreadcrumbList\",\"@id\":\"https:\/\/rollingringdrives.com\/product\/rolling-ring-drive-similar-to-uhing-rg3-15-2mcrf-for-15mm-diameter-shaft\/#breadcrumb\",\"itemListElement\":[{\"@type\":\"ListItem\",\"position\":1,\"name\":\"Home\",\"item\":\"https:\/\/rollingringdrives.com\/\"},{\"@type\":\"ListItem\",\"position\":2,\"name\":\"Machines\",\"item\":\"https:\/\/rollingringdrives.com\/machines\/\"},{\"@type\":\"ListItem\",\"position\":3,\"name\":\"Rolling Ring Drive Similar To RG3-15-2MCRF for 15mm Diameter Shaft\"}]},{\"@type\":\"WebSite\",\"@id\":\"https:\/\/rollingringdrives.com\/#website\",\"url\":\"https:\/\/rollingringdrives.com\/\",\"name\":\"QiPang\",\"description\":\"QiPang Blog\",\"publisher\":{\"@id\":\"https:\/\/rollingringdrives.com\/#organization\"},\"potentialAction\":[{\"@type\":\"SearchAction\",\"target\":{\"@type\":\"EntryPoint\",\"urlTemplate\":\"https:\/\/rollingringdrives.com\/?s={search_term_string}\"},\"query-input\":{\"@type\":\"PropertyValueSpecification\",\"valueRequired\":true,\"valueName\":\"search_term_string\"}}],\"inLanguage\":\"pt-PT\"},{\"@type\":\"Organization\",\"@id\":\"https:\/\/rollingringdrives.com\/#organization\",\"name\":\"QiPang\",\"url\":\"https:\/\/rollingringdrives.com\/\",\"logo\":{\"@type\":\"ImageObject\",\"inLanguage\":\"pt-PT\",\"@id\":\"https:\/\/rollingringdrives.com\/#\/schema\/logo\/image\/\",\"url\":\"https:\/\/rollingringdrives.com\/wp-content\/uploads\/2023\/05\/cropped-\u672a\u547d\u540d\u7684\u8bbe\u8ba1.png\",\"contentUrl\":\"https:\/\/rollingringdrives.com\/wp-content\/uploads\/2023\/05\/cropped-\u672a\u547d\u540d\u7684\u8bbe\u8ba1.png\",\"width\":300,\"height\":191,\"caption\":\"QiPang\"},\"image\":{\"@id\":\"https:\/\/rollingringdrives.com\/#\/schema\/logo\/image\/\"}}]}<\/script>\n<!-- \/ Yoast SEO Premium plugin. -->","yoast_head_json":{"title":"Unidade de anel rolante semelhante a RG3-15-2MCRF para eixo de 15 mm de di\u00e2metro - QiPang","description":"Procurando um anel de rolamento de alto desempenho? Confira nosso produto semelhante ao Uhing RG3-15-2mcrf. Contacte-nos para mais informa\u00e7\u00f5es!","robots":{"index":"index","follow":"follow","max-snippet":"max-snippet:-1","max-image-preview":"max-image-preview:large","max-video-preview":"max-video-preview:-1"},"canonical":"https:\/\/rollingringdrives.com\/pt\/produtos\/unidade-de-anel-rolante-semelhante-a-uhing-rg3-15-2mcrf-para-eixo-de-15-mm-de-diametro\/","og_locale":"pt_PT","og_type":"article","og_title":"Rolling Ring Drive Similar To RG3-15-2MCRF for 15mm Diameter Shaft","og_description":"Looking for a high-performance rolling ring? Check out our product similar to Uhing RG3-15-2mcrf. Contact us for more information!","og_url":"https:\/\/rollingringdrives.com\/pt\/produtos\/unidade-de-anel-rolante-semelhante-a-uhing-rg3-15-2mcrf-para-eixo-de-15-mm-de-diametro\/","og_site_name":"QiPang","article_modified_time":"2023-05-31T02:46:06+00:00","og_image":[{"width":500,"height":500,"url":"https:\/\/rollingringdrives.com\/wp-content\/uploads\/2023\/05\/\u672a\u547d\u540d\u7684\u8bbe\u8ba1-2.png","type":"image\/png"}],"twitter_card":"summary_large_image","twitter_misc":{"Est. reading time":"2 minutos"},"schema":{"@context":"https:\/\/schema.org","@graph":[{"@type":"WebPage","@id":"https:\/\/rollingringdrives.com\/product\/rolling-ring-drive-similar-to-uhing-rg3-15-2mcrf-for-15mm-diameter-shaft\/","url":"https:\/\/rollingringdrives.com\/product\/rolling-ring-drive-similar-to-uhing-rg3-15-2mcrf-for-15mm-diameter-shaft\/","name":"Unidade de anel rolante semelhante a RG3-15-2MCRF para eixo de 15 mm de di\u00e2metro - QiPang","isPartOf":{"@id":"https:\/\/rollingringdrives.com\/#website"},"primaryImageOfPage":{"@id":"https:\/\/rollingringdrives.com\/product\/rolling-ring-drive-similar-to-uhing-rg3-15-2mcrf-for-15mm-diameter-shaft\/#primaryimage"},"image":{"@id":"https:\/\/rollingringdrives.com\/product\/rolling-ring-drive-similar-to-uhing-rg3-15-2mcrf-for-15mm-diameter-shaft\/#primaryimage"},"thumbnailUrl":"https:\/\/rollingringdrives.com\/wp-content\/uploads\/2023\/05\/\u672a\u547d\u540d\u7684\u8bbe\u8ba1-2.png","datePublished":"2023-05-16T08:45:59+00:00","dateModified":"2023-05-31T02:46:06+00:00","description":"Procurando um anel de rolamento de alto desempenho? Confira nosso produto semelhante ao Uhing RG3-15-2mcrf. Contacte-nos para mais informa\u00e7\u00f5es!","breadcrumb":{"@id":"https:\/\/rollingringdrives.com\/product\/rolling-ring-drive-similar-to-uhing-rg3-15-2mcrf-for-15mm-diameter-shaft\/#breadcrumb"},"inLanguage":"pt-PT","potentialAction":[{"@type":"ReadAction","target":["https:\/\/rollingringdrives.com\/product\/rolling-ring-drive-similar-to-uhing-rg3-15-2mcrf-for-15mm-diameter-shaft\/"]}]},{"@type":"ImageObject","inLanguage":"pt-PT","@id":"https:\/\/rollingringdrives.com\/product\/rolling-ring-drive-similar-to-uhing-rg3-15-2mcrf-for-15mm-diameter-shaft\/#primaryimage","url":"https:\/\/rollingringdrives.com\/wp-content\/uploads\/2023\/05\/\u672a\u547d\u540d\u7684\u8bbe\u8ba1-2.png","contentUrl":"https:\/\/rollingringdrives.com\/wp-content\/uploads\/2023\/05\/\u672a\u547d\u540d\u7684\u8bbe\u8ba1-2.png","width":500,"height":500,"caption":"Rolling Ring Drive Similar To RG3-15-2MCRF for 15mm Diameter Shaft"},{"@type":"BreadcrumbList","@id":"https:\/\/rollingringdrives.com\/product\/rolling-ring-drive-similar-to-uhing-rg3-15-2mcrf-for-15mm-diameter-shaft\/#breadcrumb","itemListElement":[{"@type":"ListItem","position":1,"name":"Home","item":"https:\/\/rollingringdrives.com\/"},{"@type":"ListItem","position":2,"name":"Machines","item":"https:\/\/rollingringdrives.com\/machines\/"},{"@type":"ListItem","position":3,"name":"Rolling Ring Drive Similar To RG3-15-2MCRF for 15mm Diameter Shaft"}]},{"@type":"WebSite","@id":"https:\/\/rollingringdrives.com\/#website","url":"https:\/\/rollingringdrives.com\/","name":"QiPangName","description":"Blog QiPang","publisher":{"@id":"https:\/\/rollingringdrives.com\/#organization"},"potentialAction":[{"@type":"SearchAction","target":{"@type":"EntryPoint","urlTemplate":"https:\/\/rollingringdrives.com\/?s={search_term_string}"},"query-input":{"@type":"PropertyValueSpecification","valueRequired":true,"valueName":"search_term_string"}}],"inLanguage":"pt-PT"},{"@type":"Organization","@id":"https:\/\/rollingringdrives.com\/#organization","name":"QiPangName","url":"https:\/\/rollingringdrives.com\/","logo":{"@type":"ImageObject","inLanguage":"pt-PT","@id":"https:\/\/rollingringdrives.com\/#\/schema\/logo\/image\/","url":"https:\/\/rollingringdrives.com\/wp-content\/uploads\/2023\/05\/cropped-\u672a\u547d\u540d\u7684\u8bbe\u8ba1.png","contentUrl":"https:\/\/rollingringdrives.com\/wp-content\/uploads\/2023\/05\/cropped-\u672a\u547d\u540d\u7684\u8bbe\u8ba1.png","width":300,"height":191,"caption":"QiPang"},"image":{"@id":"https:\/\/rollingringdrives.com\/#\/schema\/logo\/image\/"}}]}},"_links":{"self":[{"href":"https:\/\/rollingringdrives.com\/pt\/wp-json\/wp\/v2\/product\/25525","targetHints":{"allow":["GET"]}}],"collection":[{"href":"https:\/\/rollingringdrives.com\/pt\/wp-json\/wp\/v2\/product"}],"about":[{"href":"https:\/\/rollingringdrives.com\/pt\/wp-json\/wp\/v2\/types\/product"}],"version-history":[{"count":0,"href":"https:\/\/rollingringdrives.com\/pt\/wp-json\/wp\/v2\/product\/25525\/revisions"}],"wp:featuredmedia":[{"embeddable":true,"href":"https:\/\/rollingringdrives.com\/pt\/wp-json\/wp\/v2\/media\/26130"}],"wp:attachment":[{"href":"https:\/\/rollingringdrives.com\/pt\/wp-json\/wp\/v2\/media?parent=25525"}],"wp:term":[{"taxonomy":"product_brand","embeddable":true,"href":"https:\/\/rollingringdrives.com\/pt\/wp-json\/wp\/v2\/product_brand?post=25525"},{"taxonomy":"product_cat","embeddable":true,"href":"https:\/\/rollingringdrives.com\/pt\/wp-json\/wp\/v2\/product_cat?post=25525"},{"taxonomy":"product_tag","embeddable":true,"href":"https:\/\/rollingringdrives.com\/pt\/wp-json\/wp\/v2\/product_tag?post=25525"}],"curies":[{"name":"wp","href":"https:\/\/api.w.org\/{rel}","templated":true}]}}