{"id":25560,"date":"2023-05-16T09:29:44","date_gmt":"2023-05-16T09:29:44","guid":{"rendered":"https:\/\/rollingringdrives.com\/?post_type=product&#038;p=25560"},"modified":"2023-05-16T10:27:31","modified_gmt":"2023-05-16T10:27:31","slug":"rolling-ring-drive-similar-to-uhing-rg3-40-2mcrf-for-40mm-diameter-shaft","status":"publish","type":"product","link":"https:\/\/rollingringdrives.com\/pt\/produtos\/unidade-de-anel-rolante-semelhante-a-uhing-rg3-40-2mcrf-para-eixo-de-40-mm-de-diametro\/","title":{"rendered":"Unidade de anel rolante semelhante a Uhing RG3-40-2mcrf para eixo de 40 mm de di\u00e2metro"},"content":{"rendered":"<h2 data-source-line=\"4\" data-source-line-display=\"true\">Unidades transversais <span style=\"text-decoration: underline;\">Modelo RG3-40-2MCRF\/PX40<\/span><\/h2>\n<p class=\"xsj_paragraph xsj_paragraph_level_0\" data-source-line=\"4\" data-source-line-display=\"true\">O\u00a0<strong class=\"markdown_strong_asterisk\">Rolling Ring Drive \u00e9 semelhante ao Uhing RG3-40-2MCRF<\/strong>, um mecanismo de acionamento altamente eficiente e dur\u00e1vel projetado especificamente para\u00a0<strong class=\"markdown_strong_asterisk\">eixos de 40mm de di\u00e2metro<\/strong>. Com\u00a0<strong class=\"markdown_strong_asterisk\">tr\u00eas an\u00e9is rolantes<\/strong>, este mecanismo de acionamento fornece movimento linear preciso com um passo m\u00e1ximo de 31 mm na configura\u00e7\u00e3o dez no mostrador. O modelo RG3-40-2MCRF\/PX40 oferece um empuxo lateral m\u00e1ximo de at\u00e9 42 Kg, enquanto seu peso de 5,5 Kg garante facilidade de instala\u00e7\u00e3o e manuseio. A unidade possui uma velocidade linear m\u00e1xima de 23,25 metros por minuto e uma velocidade de eixo de 750 RPM, proporcionando velocidade e precis\u00e3o ideais. O produto faz parte da cole\u00e7\u00e3o Uhing Traverse Units, reconhecida por sua qualidade superior e resist\u00eancia.<\/p>\n<p data-source-line=\"4\" data-source-line-display=\"true\"><div id=\"footable_parent_25562\"\n         class=\"footable_parent ninja_table_wrapper loading_ninja_table wp_table_data_press_parent semantic_ui\">\n                <table data-ninja_table_instance=\"ninja_table_instance_0\" data-footable_id=\"25562\" data-filter-delay=\"1000\" aria-label=\"10\u65b0\u5efa X3sLSX \u5de5\u4f5c\u8868 (2).csv\"            id=\"footable_25562\"\n           data-unique_identifier=\"ninja_table_unique_id_580044525_25562\"\n           class=\"foo-table ninja_footable foo_table_25562 ninja_table_unique_id_580044525_25562 ui table  nt_type_legacy_table selectable striped vertical_centered  footable-paging-right ninja_table_search_disabled ninja_table_pro\">\n                <colgroup>\n                            <col class=\"ninja_column_0\">\n                            <col class=\"ninja_column_1\">\n                    <\/colgroup>\n        <thead>\n<tr class=\"footable-header\">\n                                        <th scope=\"col\"  class=\"ninja_column_0 ninja_clmn_nm_parameter\">Par\u00e2metro<\/th><th scope=\"col\"  class=\"ninja_column_1 ninja_clmn_nm_value\">Valor<\/th><\/tr>\n<\/thead>\n<tbody>\n\n        <tr data-row_id=\"119\" class=\"ninja_table_row_0 nt_row_id_119\">\n            <td>N\u00famero de an\u00e9is de rolamento<\/td><td>3<\/td>        <\/tr>\n            <tr data-row_id=\"120\" class=\"ninja_table_row_1 nt_row_id_120\">\n            <td>Impulso Lateral M\u00e1ximo<\/td><td>42 Kg<\/td>        <\/tr>\n            <tr data-row_id=\"121\" class=\"ninja_table_row_2 nt_row_id_121\">\n            <td>Passo M\u00e1ximo<\/td><td>31mm<\/td>        <\/tr>\n            <tr data-row_id=\"122\" class=\"ninja_table_row_3 nt_row_id_122\">\n            <td>Velocidade M\u00e1xima do Eixo<\/td><td>750 RPM<\/td>        <\/tr>\n            <tr data-row_id=\"123\" class=\"ninja_table_row_4 nt_row_id_123\">\n            <td>Velocidade Linear M\u00e1xima<\/td><td>23,25 metros\/minuto<\/td>        <\/tr>\n            <tr data-row_id=\"124\" class=\"ninja_table_row_5 nt_row_id_124\">\n            <td>Peso<\/td><td>5,5 Kg<\/td>        <\/tr>\n            <tr data-row_id=\"125\" class=\"ninja_table_row_6 nt_row_id_125\">\n            <td>Torque de Acionamento<\/td><td>3,5 Kg Cm<\/td>        <\/tr>\n    <\/tbody><!--ninja_tobody_rendering_done-->\n    <\/table>\n    \n    \n    \n<\/div>\n<\/p>\n<div class=\"xiaoshujiang_element xsj_anchor\"><a class=\"blank_anchor_name\" name=\"applications_3\"><\/a><a id=\"applications_3\" class=\"blank_anchor_id\"><\/a><a class=\"blank_anchor_name\" name=\"applications\"><\/a><a id=\"applications\" class=\"blank_anchor_id\"><\/a><\/div>\n<h2 id=\"applications_3\" class=\"xsj_heading_hash xsj_heading xsj_heading_h2\" data-source-line=\"6\" data-source-line-display=\"true\"><span class=\"xsj_heading_content\">Formul\u00e1rios:<\/span><\/h2>\n<p class=\"xsj_paragraph xsj_paragraph_level_0\" data-source-line=\"8\" data-source-line-display=\"true\">O Rolling Ring Drive, semelhante ao Uhing RG3-40-2MCRF\/PX40, \u00e9 vers\u00e1til e encontra aplica\u00e7\u00f5es em diversos setores, como:<\/p>\n<ol class=\"markdown_ol\" data-source-line=\"10\">\n<li data-source-line=\"10\">Fabrica\u00e7\u00e3o de fios.<\/li>\n<li data-source-line=\"11\">Manufatura t\u00eaxtil.<\/li>\n<li data-source-line=\"12\">Imprensa.<\/li>\n<li data-source-line=\"13\">Automa\u00e7\u00e3o e rob\u00f3tica.<\/li>\n<li data-source-line=\"14\">M\u00e1quinas de embalagem.<\/li>\n<li data-source-line=\"15\">Manuseio de materiais.<\/li>\n<li data-source-line=\"16\">Processamento de comida.<\/li>\n<li data-source-line=\"17\">Equipamento m\u00e9dico.<\/li>\n<\/ol>\n<div class=\"xiaoshujiang_element xsj_anchor\"><a class=\"blank_anchor_name\" name=\"faqs_4\"><\/a><a id=\"faqs_4\" class=\"blank_anchor_id\"><\/a><a class=\"blank_anchor_name\" name=\"faqs\"><\/a><a id=\"faqs\" class=\"blank_anchor_id\"><\/a><\/div>\n<h2 id=\"faqs_4\" class=\"xsj_heading_hash xsj_heading xsj_heading_h2\" data-source-line=\"19\" data-source-line-display=\"true\"><span class=\"xsj_heading_content\">Perguntas frequentes sobre o RG3-40-2mcrf:<\/span><\/h2>\n<p class=\"xsj_paragraph xsj_paragraph_level_0\" data-source-line=\"21\" data-source-line-display=\"true\"><strong class=\"markdown_strong_asterisk\">1. Posso usar o Rolling Ring Drive para eixos de tamanhos diferentes?<\/strong><br \/>\nResposta: O modelo RG3-40-2MCRF\/PX40 foi projetado especificamente para eixos de 40 mm de di\u00e2metro. Consulte nosso cat\u00e1logo de produtos para modelos adequados para diferentes tamanhos de eixo.<\/p>\n<p class=\"xsj_paragraph xsj_paragraph_level_0\" data-source-line=\"24\" data-source-line-display=\"true\"><strong class=\"markdown_strong_asterisk\">2. O Rolling Ring Drive \u00e9 adequado para m\u00e1quinas pesadas?<\/strong><br \/>\nResposta: O mecanismo de acionamento pode suportar um empuxo lateral m\u00e1ximo de at\u00e9 42 Kg, tornando-o adequado para m\u00e1quinas pesadas.<\/p>\n<p class=\"xsj_paragraph xsj_paragraph_level_0\" data-source-line=\"27\" data-source-line-display=\"true\"><strong class=\"markdown_strong_asterisk\">3. Como instalo o Rolling Ring Drive?<\/strong><br \/>\nResposta: O produto \u00e9 leve e f\u00e1cil de instalar. Consulte o manual de instala\u00e7\u00e3o para obter instru\u00e7\u00f5es detalhadas.<\/p>\n<p class=\"xsj_paragraph xsj_paragraph_level_0\" data-source-line=\"30\" data-source-line-display=\"true\"><strong class=\"markdown_strong_asterisk\">4. Qual \u00e9 o per\u00edodo de garantia do Rolling Ring Drive?<\/strong><br \/>\nResposta: Oferecemos um per\u00edodo de garantia de 12 meses a partir da data de compra.<\/p>\n<p class=\"xsj_paragraph xsj_paragraph_level_0\" data-source-line=\"33\" data-source-line-display=\"true\"><strong class=\"markdown_strong_asterisk\">5. O Rolling Ring Drive \u00e9 compat\u00edvel com outras unidades transversais Uhing?<\/strong><br \/>\nResp.: O mecanismo de acionamento \u00e9 compat\u00edvel com outras unidades transversais Uhing, permitindo f\u00e1cil integra\u00e7\u00e3o em sistemas maiores.<\/p>","protected":false},"excerpt":{"rendered":"<h2 data-source-line=\"6\" data-source-line-display=\"true\">Caracter\u00edsticas:<\/h2>\n<ol>\n<li class=\"xsj_paragraph xsj_paragraph_level_0\" data-source-line=\"8\" data-source-line-display=\"true\"><strong>3 an\u00e9is de rolamento<\/strong> para movimentos lineares precisos.<\/li>\n<li class=\"xsj_paragraph xsj_paragraph_level_0\" data-source-line=\"10\" data-source-line-display=\"true\">O tom m\u00e1ximo de 31 mm na configura\u00e7\u00e3o dez no mostrador.<\/li>\n<li class=\"xsj_paragraph xsj_paragraph_level_0\" data-source-line=\"12\" data-source-line-display=\"true\">Empuxo lateral m\u00e1ximo de at\u00e9 42 Kg.<\/li>\n<li class=\"xsj_paragraph xsj_paragraph_level_0\" data-source-line=\"14\" data-source-line-display=\"true\">Velocidade linear m\u00e1xima de 23,25 metros por minuto.<\/li>\n<li class=\"xsj_paragraph xsj_paragraph_level_0\" data-source-line=\"16\" data-source-line-display=\"true\">Velocidade do eixo de 750 RPM.<\/li>\n<li class=\"xsj_paragraph xsj_paragraph_level_0\" data-source-line=\"18\" data-source-line-display=\"true\">Parte da cole\u00e7\u00e3o Uhing Traverse Units.<\/li>\n<li class=\"xsj_paragraph xsj_paragraph_level_0\" data-source-line=\"20\" data-source-line-display=\"true\">Leve e f\u00e1cil de instalar.<\/li>\n<\/ol>","protected":false},"featured_media":25563,"template":"","meta":{"site-sidebar-layout":"default","site-content-layout":"default","ast-global-header-display":"","ast-banner-title-visibility":"","ast-main-header-display":"","ast-hfb-above-header-display":"","ast-hfb-below-header-display":"","ast-hfb-mobile-header-display":"","site-post-title":"","ast-breadcrumbs-content":"","ast-featured-img":"","footer-sml-layout":"","theme-transparent-header-meta":"default","adv-header-id-meta":"","stick-header-meta":"","header-above-stick-meta":"","header-main-stick-meta":"","header-below-stick-meta":""},"product_brand":[],"product_cat":[34,45],"product_tag":[],"class_list":{"0":"post-25560","1":"product","2":"type-product","3":"status-publish","4":"has-post-thumbnail","6":"product_cat-rolling-ring-drive","7":"product_cat-similar-to-uhing-rolling-ring-drive","8":"desktop-align-left","9":"tablet-align-left","10":"mobile-align-left","12":"first","13":"instock","14":"shipping-taxable","15":"product-type-simple"},"yoast_head":"<!-- This site is optimized with the Yoast SEO Premium plugin v20.12 (Yoast SEO v26.0) - https:\/\/yoast.com\/wordpress\/plugins\/seo\/ -->\n<title>Rolling Ring Drive Similar To Uhing RG3-40-2mcrf for 40mm Diameter Shaft - QiPang<\/title>\n<meta name=\"description\" content=\"Upgrade your machinery with Uhing RG3-40-2mcrf rolling ring! Get a max linear speed of 23.25 m\/min and 42 Kg side thrust. Contact us to learn more.\" \/>\n<meta name=\"robots\" content=\"index, follow, max-snippet:-1, max-image-preview:large, max-video-preview:-1\" \/>\n<link rel=\"canonical\" href=\"https:\/\/rollingringdrives.com\/pt\/produtos\/unidade-de-anel-rolante-semelhante-a-uhing-rg3-40-2mcrf-para-eixo-de-40-mm-de-diametro\/\" \/>\n<meta property=\"og:locale\" content=\"pt_PT\" \/>\n<meta property=\"og:type\" content=\"article\" \/>\n<meta property=\"og:title\" content=\"Rolling Ring Drive Similar To Uhing RG3-40-2mcrf for 40mm Diameter Shaft\" \/>\n<meta property=\"og:description\" content=\"Upgrade your machinery with Uhing RG3-40-2mcrf rolling ring! Get a max linear speed of 23.25 m\/min and 42 Kg side thrust. Contact us to learn more.\" \/>\n<meta property=\"og:url\" content=\"https:\/\/rollingringdrives.com\/pt\/produtos\/unidade-de-anel-rolante-semelhante-a-uhing-rg3-40-2mcrf-para-eixo-de-40-mm-de-diametro\/\" \/>\n<meta property=\"og:site_name\" content=\"QiPang\" \/>\n<meta property=\"article:modified_time\" content=\"2023-05-16T10:27:31+00:00\" \/>\n<meta property=\"og:image\" content=\"https:\/\/rollingringdrives.com\/wp-content\/uploads\/2023\/05\/1-8.jpg\" \/>\n\t<meta property=\"og:image:width\" content=\"600\" \/>\n\t<meta property=\"og:image:height\" content=\"600\" \/>\n\t<meta property=\"og:image:type\" content=\"image\/jpeg\" \/>\n<meta name=\"twitter:card\" content=\"summary_large_image\" \/>\n<meta name=\"twitter:label1\" content=\"Est. reading time\" \/>\n\t<meta name=\"twitter:data1\" content=\"2 minutos\" \/>\n<script type=\"application\/ld+json\" class=\"yoast-schema-graph\">{\"@context\":\"https:\/\/schema.org\",\"@graph\":[{\"@type\":\"WebPage\",\"@id\":\"https:\/\/rollingringdrives.com\/product\/rolling-ring-drive-similar-to-uhing-rg3-40-2mcrf-for-40mm-diameter-shaft\/\",\"url\":\"https:\/\/rollingringdrives.com\/product\/rolling-ring-drive-similar-to-uhing-rg3-40-2mcrf-for-40mm-diameter-shaft\/\",\"name\":\"Rolling Ring Drive Similar To Uhing RG3-40-2mcrf for 40mm Diameter Shaft - QiPang\",\"isPartOf\":{\"@id\":\"https:\/\/rollingringdrives.com\/#website\"},\"primaryImageOfPage\":{\"@id\":\"https:\/\/rollingringdrives.com\/product\/rolling-ring-drive-similar-to-uhing-rg3-40-2mcrf-for-40mm-diameter-shaft\/#primaryimage\"},\"image\":{\"@id\":\"https:\/\/rollingringdrives.com\/product\/rolling-ring-drive-similar-to-uhing-rg3-40-2mcrf-for-40mm-diameter-shaft\/#primaryimage\"},\"thumbnailUrl\":\"https:\/\/rollingringdrives.com\/wp-content\/uploads\/2023\/05\/1-8.jpg\",\"datePublished\":\"2023-05-16T09:29:44+00:00\",\"dateModified\":\"2023-05-16T10:27:31+00:00\",\"description\":\"Upgrade your machinery with Uhing RG3-40-2mcrf rolling ring! Get a max linear speed of 23.25 m\/min and 42 Kg side thrust. Contact us to learn more.\",\"breadcrumb\":{\"@id\":\"https:\/\/rollingringdrives.com\/product\/rolling-ring-drive-similar-to-uhing-rg3-40-2mcrf-for-40mm-diameter-shaft\/#breadcrumb\"},\"inLanguage\":\"pt-PT\",\"potentialAction\":[{\"@type\":\"ReadAction\",\"target\":[\"https:\/\/rollingringdrives.com\/product\/rolling-ring-drive-similar-to-uhing-rg3-40-2mcrf-for-40mm-diameter-shaft\/\"]}]},{\"@type\":\"ImageObject\",\"inLanguage\":\"pt-PT\",\"@id\":\"https:\/\/rollingringdrives.com\/product\/rolling-ring-drive-similar-to-uhing-rg3-40-2mcrf-for-40mm-diameter-shaft\/#primaryimage\",\"url\":\"https:\/\/rollingringdrives.com\/wp-content\/uploads\/2023\/05\/1-8.jpg\",\"contentUrl\":\"https:\/\/rollingringdrives.com\/wp-content\/uploads\/2023\/05\/1-8.jpg\",\"width\":600,\"height\":600,\"caption\":\"Rolling Ring Drive Similar To Uhing RG3-40-2mcrf for 40mm Diameter Shaft\"},{\"@type\":\"BreadcrumbList\",\"@id\":\"https:\/\/rollingringdrives.com\/product\/rolling-ring-drive-similar-to-uhing-rg3-40-2mcrf-for-40mm-diameter-shaft\/#breadcrumb\",\"itemListElement\":[{\"@type\":\"ListItem\",\"position\":1,\"name\":\"Home\",\"item\":\"https:\/\/rollingringdrives.com\/\"},{\"@type\":\"ListItem\",\"position\":2,\"name\":\"Machines\",\"item\":\"https:\/\/rollingringdrives.com\/machines\/\"},{\"@type\":\"ListItem\",\"position\":3,\"name\":\"Rolling Ring Drive Similar To Uhing RG3-40-2mcrf for 40mm Diameter Shaft\"}]},{\"@type\":\"WebSite\",\"@id\":\"https:\/\/rollingringdrives.com\/#website\",\"url\":\"https:\/\/rollingringdrives.com\/\",\"name\":\"QiPang\",\"description\":\"QiPang Blog\",\"publisher\":{\"@id\":\"https:\/\/rollingringdrives.com\/#organization\"},\"potentialAction\":[{\"@type\":\"SearchAction\",\"target\":{\"@type\":\"EntryPoint\",\"urlTemplate\":\"https:\/\/rollingringdrives.com\/?s={search_term_string}\"},\"query-input\":{\"@type\":\"PropertyValueSpecification\",\"valueRequired\":true,\"valueName\":\"search_term_string\"}}],\"inLanguage\":\"pt-PT\"},{\"@type\":\"Organization\",\"@id\":\"https:\/\/rollingringdrives.com\/#organization\",\"name\":\"QiPang\",\"url\":\"https:\/\/rollingringdrives.com\/\",\"logo\":{\"@type\":\"ImageObject\",\"inLanguage\":\"pt-PT\",\"@id\":\"https:\/\/rollingringdrives.com\/#\/schema\/logo\/image\/\",\"url\":\"https:\/\/rollingringdrives.com\/wp-content\/uploads\/2023\/05\/cropped-\u672a\u547d\u540d\u7684\u8bbe\u8ba1.png\",\"contentUrl\":\"https:\/\/rollingringdrives.com\/wp-content\/uploads\/2023\/05\/cropped-\u672a\u547d\u540d\u7684\u8bbe\u8ba1.png\",\"width\":300,\"height\":191,\"caption\":\"QiPang\"},\"image\":{\"@id\":\"https:\/\/rollingringdrives.com\/#\/schema\/logo\/image\/\"}}]}<\/script>\n<!-- \/ Yoast SEO Premium plugin. -->","yoast_head_json":{"title":"Unidade de anel rolante semelhante a Uhing RG3-40-2mcrf para eixo de 40 mm de di\u00e2metro - QiPang","description":"Atualize seu maquin\u00e1rio com o anel rolante Uhing RG3-40-2mcrf! Obtenha uma velocidade linear m\u00e1xima de 23,25 m\/min e 42 Kg de empuxo lateral. Contacte-nos para saber mais.","robots":{"index":"index","follow":"follow","max-snippet":"max-snippet:-1","max-image-preview":"max-image-preview:large","max-video-preview":"max-video-preview:-1"},"canonical":"https:\/\/rollingringdrives.com\/pt\/produtos\/unidade-de-anel-rolante-semelhante-a-uhing-rg3-40-2mcrf-para-eixo-de-40-mm-de-diametro\/","og_locale":"pt_PT","og_type":"article","og_title":"Rolling Ring Drive Similar To Uhing RG3-40-2mcrf for 40mm Diameter Shaft","og_description":"Upgrade your machinery with Uhing RG3-40-2mcrf rolling ring! Get a max linear speed of 23.25 m\/min and 42 Kg side thrust. Contact us to learn more.","og_url":"https:\/\/rollingringdrives.com\/pt\/produtos\/unidade-de-anel-rolante-semelhante-a-uhing-rg3-40-2mcrf-para-eixo-de-40-mm-de-diametro\/","og_site_name":"QiPang","article_modified_time":"2023-05-16T10:27:31+00:00","og_image":[{"width":600,"height":600,"url":"https:\/\/rollingringdrives.com\/wp-content\/uploads\/2023\/05\/1-8.jpg","type":"image\/jpeg"}],"twitter_card":"summary_large_image","twitter_misc":{"Est. reading time":"2 minutos"},"schema":{"@context":"https:\/\/schema.org","@graph":[{"@type":"WebPage","@id":"https:\/\/rollingringdrives.com\/product\/rolling-ring-drive-similar-to-uhing-rg3-40-2mcrf-for-40mm-diameter-shaft\/","url":"https:\/\/rollingringdrives.com\/product\/rolling-ring-drive-similar-to-uhing-rg3-40-2mcrf-for-40mm-diameter-shaft\/","name":"Unidade de anel rolante semelhante a Uhing RG3-40-2mcrf para eixo de 40 mm de di\u00e2metro - QiPang","isPartOf":{"@id":"https:\/\/rollingringdrives.com\/#website"},"primaryImageOfPage":{"@id":"https:\/\/rollingringdrives.com\/product\/rolling-ring-drive-similar-to-uhing-rg3-40-2mcrf-for-40mm-diameter-shaft\/#primaryimage"},"image":{"@id":"https:\/\/rollingringdrives.com\/product\/rolling-ring-drive-similar-to-uhing-rg3-40-2mcrf-for-40mm-diameter-shaft\/#primaryimage"},"thumbnailUrl":"https:\/\/rollingringdrives.com\/wp-content\/uploads\/2023\/05\/1-8.jpg","datePublished":"2023-05-16T09:29:44+00:00","dateModified":"2023-05-16T10:27:31+00:00","description":"Atualize seu maquin\u00e1rio com o anel rolante Uhing RG3-40-2mcrf! Obtenha uma velocidade linear m\u00e1xima de 23,25 m\/min e 42 Kg de empuxo lateral. Contacte-nos para saber mais.","breadcrumb":{"@id":"https:\/\/rollingringdrives.com\/product\/rolling-ring-drive-similar-to-uhing-rg3-40-2mcrf-for-40mm-diameter-shaft\/#breadcrumb"},"inLanguage":"pt-PT","potentialAction":[{"@type":"ReadAction","target":["https:\/\/rollingringdrives.com\/product\/rolling-ring-drive-similar-to-uhing-rg3-40-2mcrf-for-40mm-diameter-shaft\/"]}]},{"@type":"ImageObject","inLanguage":"pt-PT","@id":"https:\/\/rollingringdrives.com\/product\/rolling-ring-drive-similar-to-uhing-rg3-40-2mcrf-for-40mm-diameter-shaft\/#primaryimage","url":"https:\/\/rollingringdrives.com\/wp-content\/uploads\/2023\/05\/1-8.jpg","contentUrl":"https:\/\/rollingringdrives.com\/wp-content\/uploads\/2023\/05\/1-8.jpg","width":600,"height":600,"caption":"Rolling Ring Drive Similar To Uhing RG3-40-2mcrf for 40mm Diameter Shaft"},{"@type":"BreadcrumbList","@id":"https:\/\/rollingringdrives.com\/product\/rolling-ring-drive-similar-to-uhing-rg3-40-2mcrf-for-40mm-diameter-shaft\/#breadcrumb","itemListElement":[{"@type":"ListItem","position":1,"name":"Home","item":"https:\/\/rollingringdrives.com\/"},{"@type":"ListItem","position":2,"name":"Machines","item":"https:\/\/rollingringdrives.com\/machines\/"},{"@type":"ListItem","position":3,"name":"Rolling Ring Drive Similar To Uhing RG3-40-2mcrf for 40mm Diameter Shaft"}]},{"@type":"WebSite","@id":"https:\/\/rollingringdrives.com\/#website","url":"https:\/\/rollingringdrives.com\/","name":"QiPangName","description":"Blog QiPang","publisher":{"@id":"https:\/\/rollingringdrives.com\/#organization"},"potentialAction":[{"@type":"SearchAction","target":{"@type":"EntryPoint","urlTemplate":"https:\/\/rollingringdrives.com\/?s={search_term_string}"},"query-input":{"@type":"PropertyValueSpecification","valueRequired":true,"valueName":"search_term_string"}}],"inLanguage":"pt-PT"},{"@type":"Organization","@id":"https:\/\/rollingringdrives.com\/#organization","name":"QiPangName","url":"https:\/\/rollingringdrives.com\/","logo":{"@type":"ImageObject","inLanguage":"pt-PT","@id":"https:\/\/rollingringdrives.com\/#\/schema\/logo\/image\/","url":"https:\/\/rollingringdrives.com\/wp-content\/uploads\/2023\/05\/cropped-\u672a\u547d\u540d\u7684\u8bbe\u8ba1.png","contentUrl":"https:\/\/rollingringdrives.com\/wp-content\/uploads\/2023\/05\/cropped-\u672a\u547d\u540d\u7684\u8bbe\u8ba1.png","width":300,"height":191,"caption":"QiPang"},"image":{"@id":"https:\/\/rollingringdrives.com\/#\/schema\/logo\/image\/"}}]}},"_links":{"self":[{"href":"https:\/\/rollingringdrives.com\/pt\/wp-json\/wp\/v2\/product\/25560","targetHints":{"allow":["GET"]}}],"collection":[{"href":"https:\/\/rollingringdrives.com\/pt\/wp-json\/wp\/v2\/product"}],"about":[{"href":"https:\/\/rollingringdrives.com\/pt\/wp-json\/wp\/v2\/types\/product"}],"version-history":[{"count":0,"href":"https:\/\/rollingringdrives.com\/pt\/wp-json\/wp\/v2\/product\/25560\/revisions"}],"wp:featuredmedia":[{"embeddable":true,"href":"https:\/\/rollingringdrives.com\/pt\/wp-json\/wp\/v2\/media\/25563"}],"wp:attachment":[{"href":"https:\/\/rollingringdrives.com\/pt\/wp-json\/wp\/v2\/media?parent=25560"}],"wp:term":[{"taxonomy":"product_brand","embeddable":true,"href":"https:\/\/rollingringdrives.com\/pt\/wp-json\/wp\/v2\/product_brand?post=25560"},{"taxonomy":"product_cat","embeddable":true,"href":"https:\/\/rollingringdrives.com\/pt\/wp-json\/wp\/v2\/product_cat?post=25560"},{"taxonomy":"product_tag","embeddable":true,"href":"https:\/\/rollingringdrives.com\/pt\/wp-json\/wp\/v2\/product_tag?post=25560"}],"curies":[{"name":"wp","href":"https:\/\/api.w.org\/{rel}","templated":true}]}}