{"id":25570,"date":"2023-05-16T09:44:56","date_gmt":"2023-05-16T09:44:56","guid":{"rendered":"https:\/\/rollingringdrives.com\/?post_type=product&#038;p=25570"},"modified":"2023-05-16T10:27:50","modified_gmt":"2023-05-16T10:27:50","slug":"rolling-ring-drive-similar-to-uhing-rg3-50-2mcrf-for-50mm-diameter-shaft","status":"publish","type":"product","link":"https:\/\/rollingringdrives.com\/pt\/produtos\/anel-rolante-unidade-semelhante-a-uhing-rg3-50-2mcrf-para-50mm-diametro-eixo\/","title":{"rendered":"Unidade de anel rolante semelhante a Uhing RG3-50-2mcrf para eixo de 50 mm de di\u00e2metro"},"content":{"rendered":"<h2 data-source-line=\"4\" data-source-line-display=\"true\">Unidades transversais <span style=\"text-decoration: underline;\">Modelo RG3-50-2MCRF\/PX50<\/span><\/h2>\n<p class=\"xsj_paragraph xsj_paragraph_level_0\" data-source-line=\"4\" data-source-line-display=\"true\">A movimenta\u00e7\u00e3o do anel rolante, <strong class=\"markdown_strong_asterisk\">Semelhante a Uhing RG3-50-2MCRF<\/strong>\u00a0para\u00a0<strong class=\"markdown_strong_asterisk\">Eixo de 50 mm de di\u00e2metro<\/strong> Model, \u00e9 uma unidade transversal de alto desempenho projetada para atender \u00e0s necessidades de v\u00e1rias aplica\u00e7\u00f5es industriais. A unidade \u00e9 baseada na tecnologia inovadora das unidades transversais Uhing e possui tr\u00eas an\u00e9is rolantes para movimento linear preciso do eixo.<\/p>\n<p class=\"xsj_paragraph xsj_paragraph_level_0\" data-source-line=\"4\" data-source-line-display=\"true\">O modelo RG3-50-2MCRF\/PX50 oferece recursos excepcionais, incluindo um empuxo lateral m\u00e1ximo de 68 kg, um passo m\u00e1ximo de 40 mm para uma rota\u00e7\u00e3o do eixo na posi\u00e7\u00e3o dez no mostrador, uma velocidade m\u00e1xima do eixo de 500 RPM, uma velocidade m\u00e1xima velocidade linear de 18 metros\/minuto, peso de 16 kg e torque de acionamento de 7,5 kg-cm.<\/p>\n<p class=\"xsj_paragraph xsj_paragraph_level_0\" data-source-line=\"7\" data-source-line-display=\"true\"><div id=\"footable_parent_25572\"\n         class=\"footable_parent ninja_table_wrapper loading_ninja_table wp_table_data_press_parent semantic_ui\">\n                <table data-ninja_table_instance=\"ninja_table_instance_0\" data-footable_id=\"25572\" data-filter-delay=\"1000\" aria-label=\"11\u65b0\u5efa X3sLSX \u5de5\u4f5c\u8868 (2).csv\"            id=\"footable_25572\"\n           data-unique_identifier=\"ninja_table_unique_id_459582941_25572\"\n           class=\"foo-table ninja_footable foo_table_25572 ninja_table_unique_id_459582941_25572 ui table  nt_type_legacy_table selectable striped vertical_centered  footable-paging-right ninja_table_search_disabled ninja_table_pro\">\n                <colgroup>\n                            <col class=\"ninja_column_0\">\n                            <col class=\"ninja_column_1\">\n                    <\/colgroup>\n        <thead>\n<tr class=\"footable-header\">\n                                        <th scope=\"col\"  class=\"ninja_column_0 ninja_clmn_nm_parameter\">Par\u00e2metro<\/th><th scope=\"col\"  class=\"ninja_column_1 ninja_clmn_nm_value\">Valor<\/th><\/tr>\n<\/thead>\n<tbody>\n\n        <tr data-row_id=\"126\" class=\"ninja_table_row_0 nt_row_id_126\">\n            <td>N\u00famero de an\u00e9is de rolamento<\/td><td>3<\/td>        <\/tr>\n            <tr data-row_id=\"127\" class=\"ninja_table_row_1 nt_row_id_127\">\n            <td>Impulso Lateral M\u00e1ximo<\/td><td>68 Kg<\/td>        <\/tr>\n            <tr data-row_id=\"128\" class=\"ninja_table_row_2 nt_row_id_128\">\n            <td>Passo M\u00e1ximo<\/td><td>40 mm<\/td>        <\/tr>\n            <tr data-row_id=\"129\" class=\"ninja_table_row_3 nt_row_id_129\">\n            <td>Velocidade M\u00e1xima do Eixo<\/td><td>500 RPM<\/td>        <\/tr>\n            <tr data-row_id=\"130\" class=\"ninja_table_row_4 nt_row_id_130\">\n            <td>Velocidade Linear M\u00e1xima<\/td><td>18 metros\/minuto<\/td>        <\/tr>\n            <tr data-row_id=\"131\" class=\"ninja_table_row_5 nt_row_id_131\">\n            <td>Peso<\/td><td>16 Kg<\/td>        <\/tr>\n            <tr data-row_id=\"132\" class=\"ninja_table_row_6 nt_row_id_132\">\n            <td>Torque de Acionamento<\/td><td>7,5 Kg Cm<\/td>        <\/tr>\n    <\/tbody><!--ninja_tobody_rendering_done-->\n    <\/table>\n    \n    \n    \n<\/div>\n<\/p>\n<div class=\"xiaoshujiang_element xsj_anchor\"><a class=\"blank_anchor_name\" name=\"applications_3\"><\/a><a id=\"applications_3\" class=\"blank_anchor_id\"><\/a><a class=\"blank_anchor_name\" name=\"applications\"><\/a><a id=\"applications\" class=\"blank_anchor_id\"><\/a><\/div>\n<h2 id=\"applications_3\" class=\"xsj_heading_hash xsj_heading xsj_heading_h2\" data-source-line=\"9\" data-source-line-display=\"true\"><span class=\"xsj_heading_content\">Formul\u00e1rios:<\/span><\/h2>\n<p class=\"xsj_paragraph xsj_paragraph_level_0\" data-source-line=\"11\" data-source-line-display=\"true\">O Rolling Ring Drive, semelhante ao Uhing RG3-50-2MCRF para um modelo de eixo de 50 mm de di\u00e2metro, \u00e9 ideal para v\u00e1rias aplica\u00e7\u00f5es industriais. Pode ser usado em embalagens, t\u00eaxteis, fios e cabos, impress\u00e3o e muitas outras aplica\u00e7\u00f5es. Esta unidade transversal altamente vers\u00e1til pode fornecer desempenho excepcional para v\u00e1rios processos industriais.<\/p>\n<div class=\"xiaoshujiang_element xsj_anchor\"><a class=\"blank_anchor_name\" name=\"faqs_4\"><\/a><a id=\"faqs_4\" class=\"blank_anchor_id\"><\/a><a class=\"blank_anchor_name\" name=\"faqs\"><\/a><a id=\"faqs\" class=\"blank_anchor_id\"><\/a><\/div>\n<h2 id=\"faqs_4\" class=\"xsj_heading_hash xsj_heading xsj_heading_h2\" data-source-line=\"13\" data-source-line-display=\"true\"><span class=\"xsj_heading_content\">Perguntas frequentes:<\/span><\/h2>\n<p class=\"xsj_paragraph xsj_paragraph_level_0\" data-source-line=\"15\" data-source-line-display=\"true\"><strong class=\"markdown_strong_asterisk\">1. Qual \u00e9 o empuxo lateral m\u00e1ximo para o acionamento do anel rolante semelhante ao Uhing RG3-50-2MCRF para um modelo de eixo de 50 mm de di\u00e2metro?<\/strong><br \/>\nO empuxo lateral m\u00e1ximo da unidade \u00e9 de 68 kg, tornando-a ideal para uma ampla gama de aplica\u00e7\u00f5es industriais.<\/p>\n<p class=\"xsj_paragraph xsj_paragraph_level_0\" data-source-line=\"18\" data-source-line-display=\"true\"><strong class=\"markdown_strong_asterisk\">2. O Rolling Ring Drive pode operar em altas velocidades?<\/strong><br \/>\nSim, a unidade pode operar a uma velocidade m\u00e1xima do eixo de 500 RPM, tornando-a altamente eficiente e confi\u00e1vel.<\/p>\n<p class=\"xsj_paragraph xsj_paragraph_level_0\" data-source-line=\"21\" data-source-line-display=\"true\"><strong class=\"markdown_strong_asterisk\">3. O Rolling Ring Drive \u00e9 leve e f\u00e1cil de manusear?<\/strong><br \/>\nSim, a unidade pesa 16 kg, tornando-a leve e f\u00e1cil de manusear.<\/p>\n<p class=\"xsj_paragraph xsj_paragraph_level_0\" data-source-line=\"24\" data-source-line-display=\"true\"><strong class=\"markdown_strong_asterisk\">4. Qual \u00e9 a velocidade linear m\u00e1xima do Rolling Ring Drive?<\/strong><br \/>\nA unidade tem uma velocidade linear m\u00e1xima de 18 metros\/minuto, tornando-a ideal para diversas aplica\u00e7\u00f5es industriais.<\/p>\n<p class=\"xsj_paragraph xsj_paragraph_level_0\" data-source-line=\"27\" data-source-line-display=\"true\"><strong class=\"markdown_strong_asterisk\">5. Para quais tipos de aplica\u00e7\u00f5es industriais o Rolling Ring Drive \u00e9 adequado?<\/strong><br \/>\nO Rolling Ring Drive, semelhante ao Uhing RG3-50-2MCRF para um modelo de eixo de 50 mm de di\u00e2metro, \u00e9 ideal para v\u00e1rias aplica\u00e7\u00f5es industriais, incluindo embalagens, t\u00eaxteis, fios e cabos, impress\u00e3o e muitas outras.<\/p>","protected":false},"excerpt":{"rendered":"<h2 class=\"xsj_paragraph xsj_paragraph_level_0\" data-source-line=\"9\" data-source-line-display=\"true\">Caracter\u00edsticas:<\/h2>\n<ol class=\"markdown_ol\" data-source-line=\"12\">\n<li data-source-line=\"12\"><strong>Tr\u00eas an\u00e9is de rolamento<\/strong> para movimentos lineares e rotacionais de precis\u00e3o.<\/li>\n<li data-source-line=\"13\">Impulso lateral m\u00e1ximo de 68 Kg.<\/li>\n<li data-source-line=\"14\">O passo m\u00e1ximo \u00e9 de 40 mm para uma rota\u00e7\u00e3o do eixo na configura\u00e7\u00e3o dez no mostrador.<\/li>\n<li data-source-line=\"15\">Velocidade m\u00e1xima do eixo de 500 RPM.<\/li>\n<li data-source-line=\"16\">Velocidade linear m\u00e1xima de 18 metros por minuto.<\/li>\n<li data-source-line=\"17\">Constru\u00e7\u00e3o robusta para longa durabilidade.<\/li>\n<li data-source-line=\"18\">Torque de acionamento de 7,5 Kg Cm.<\/li>\n<li data-source-line=\"19\">Design leve, pesando apenas 16 Kg.<\/li>\n<li data-source-line=\"20\">Compat\u00edvel com Uhing Traverse Units.<\/li>\n<li data-source-line=\"21\">F\u00e1cil de instalar e operar.<\/li>\n<\/ol>","protected":false},"featured_media":25576,"template":"","meta":{"site-sidebar-layout":"default","site-content-layout":"default","ast-global-header-display":"","ast-banner-title-visibility":"","ast-main-header-display":"","ast-hfb-above-header-display":"","ast-hfb-below-header-display":"","ast-hfb-mobile-header-display":"","site-post-title":"","ast-breadcrumbs-content":"","ast-featured-img":"","footer-sml-layout":"","theme-transparent-header-meta":"default","adv-header-id-meta":"","stick-header-meta":"","header-above-stick-meta":"","header-main-stick-meta":"","header-below-stick-meta":""},"product_brand":[],"product_cat":[34,45],"product_tag":[],"class_list":{"0":"post-25570","1":"product","2":"type-product","3":"status-publish","4":"has-post-thumbnail","6":"product_cat-rolling-ring-drive","7":"product_cat-similar-to-uhing-rolling-ring-drive","8":"desktop-align-left","9":"tablet-align-left","10":"mobile-align-left","12":"first","13":"instock","14":"shipping-taxable","15":"product-type-simple"},"yoast_head":"<!-- This site is optimized with the Yoast SEO Premium plugin v20.12 (Yoast SEO v26.0) - https:\/\/yoast.com\/wordpress\/plugins\/seo\/ -->\n<title>Rolling Ring Drive Similar To Uhing RG3-50-2mcrf for 50mm Diameter Shaft - QiPang<\/title>\n<meta name=\"description\" content=\"Looking a high-performance rolling ring? Check out Uhing RG3-50-2mcrf! Enjoy 68 Kg side thrust and 18 m\/min linear speed. Contact us to learn more.\" \/>\n<meta name=\"robots\" content=\"index, follow, max-snippet:-1, max-image-preview:large, max-video-preview:-1\" \/>\n<link rel=\"canonical\" href=\"https:\/\/rollingringdrives.com\/pt\/produtos\/anel-rolante-unidade-semelhante-a-uhing-rg3-50-2mcrf-para-50mm-diametro-eixo\/\" \/>\n<meta property=\"og:locale\" content=\"pt_PT\" \/>\n<meta property=\"og:type\" content=\"article\" \/>\n<meta property=\"og:title\" content=\"Rolling Ring Drive Similar To Uhing RG3-50-2mcrf for 50mm Diameter Shaft\" \/>\n<meta property=\"og:description\" content=\"Looking a high-performance rolling ring? Check out Uhing RG3-50-2mcrf! Enjoy 68 Kg side thrust and 18 m\/min linear speed. Contact us to learn more.\" \/>\n<meta property=\"og:url\" content=\"https:\/\/rollingringdrives.com\/pt\/produtos\/anel-rolante-unidade-semelhante-a-uhing-rg3-50-2mcrf-para-50mm-diametro-eixo\/\" \/>\n<meta property=\"og:site_name\" content=\"QiPang\" \/>\n<meta property=\"article:modified_time\" content=\"2023-05-16T10:27:50+00:00\" \/>\n<meta property=\"og:image\" content=\"https:\/\/rollingringdrives.com\/wp-content\/uploads\/2023\/05\/4-8.jpg\" \/>\n\t<meta property=\"og:image:width\" content=\"600\" \/>\n\t<meta property=\"og:image:height\" content=\"600\" \/>\n\t<meta property=\"og:image:type\" content=\"image\/jpeg\" \/>\n<meta name=\"twitter:card\" content=\"summary_large_image\" \/>\n<meta name=\"twitter:label1\" content=\"Est. reading time\" \/>\n\t<meta name=\"twitter:data1\" content=\"2 minutos\" \/>\n<script type=\"application\/ld+json\" class=\"yoast-schema-graph\">{\"@context\":\"https:\/\/schema.org\",\"@graph\":[{\"@type\":\"WebPage\",\"@id\":\"https:\/\/rollingringdrives.com\/product\/rolling-ring-drive-similar-to-uhing-rg3-50-2mcrf-for-50mm-diameter-shaft\/\",\"url\":\"https:\/\/rollingringdrives.com\/product\/rolling-ring-drive-similar-to-uhing-rg3-50-2mcrf-for-50mm-diameter-shaft\/\",\"name\":\"Rolling Ring Drive Similar To Uhing RG3-50-2mcrf for 50mm Diameter Shaft - QiPang\",\"isPartOf\":{\"@id\":\"https:\/\/rollingringdrives.com\/#website\"},\"primaryImageOfPage\":{\"@id\":\"https:\/\/rollingringdrives.com\/product\/rolling-ring-drive-similar-to-uhing-rg3-50-2mcrf-for-50mm-diameter-shaft\/#primaryimage\"},\"image\":{\"@id\":\"https:\/\/rollingringdrives.com\/product\/rolling-ring-drive-similar-to-uhing-rg3-50-2mcrf-for-50mm-diameter-shaft\/#primaryimage\"},\"thumbnailUrl\":\"https:\/\/rollingringdrives.com\/wp-content\/uploads\/2023\/05\/4-8.jpg\",\"datePublished\":\"2023-05-16T09:44:56+00:00\",\"dateModified\":\"2023-05-16T10:27:50+00:00\",\"description\":\"Looking a high-performance rolling ring? Check out Uhing RG3-50-2mcrf! Enjoy 68 Kg side thrust and 18 m\/min linear speed. Contact us to learn more.\",\"breadcrumb\":{\"@id\":\"https:\/\/rollingringdrives.com\/product\/rolling-ring-drive-similar-to-uhing-rg3-50-2mcrf-for-50mm-diameter-shaft\/#breadcrumb\"},\"inLanguage\":\"pt-PT\",\"potentialAction\":[{\"@type\":\"ReadAction\",\"target\":[\"https:\/\/rollingringdrives.com\/product\/rolling-ring-drive-similar-to-uhing-rg3-50-2mcrf-for-50mm-diameter-shaft\/\"]}]},{\"@type\":\"ImageObject\",\"inLanguage\":\"pt-PT\",\"@id\":\"https:\/\/rollingringdrives.com\/product\/rolling-ring-drive-similar-to-uhing-rg3-50-2mcrf-for-50mm-diameter-shaft\/#primaryimage\",\"url\":\"https:\/\/rollingringdrives.com\/wp-content\/uploads\/2023\/05\/4-8.jpg\",\"contentUrl\":\"https:\/\/rollingringdrives.com\/wp-content\/uploads\/2023\/05\/4-8.jpg\",\"width\":600,\"height\":600,\"caption\":\"Rolling Ring Drive Similar To Uhing RG3-50-2mcrf for 50mm Diameter Shaft\"},{\"@type\":\"BreadcrumbList\",\"@id\":\"https:\/\/rollingringdrives.com\/product\/rolling-ring-drive-similar-to-uhing-rg3-50-2mcrf-for-50mm-diameter-shaft\/#breadcrumb\",\"itemListElement\":[{\"@type\":\"ListItem\",\"position\":1,\"name\":\"Home\",\"item\":\"https:\/\/rollingringdrives.com\/\"},{\"@type\":\"ListItem\",\"position\":2,\"name\":\"Machines\",\"item\":\"https:\/\/rollingringdrives.com\/machines\/\"},{\"@type\":\"ListItem\",\"position\":3,\"name\":\"Rolling Ring Drive Similar To Uhing RG3-50-2mcrf for 50mm Diameter Shaft\"}]},{\"@type\":\"WebSite\",\"@id\":\"https:\/\/rollingringdrives.com\/#website\",\"url\":\"https:\/\/rollingringdrives.com\/\",\"name\":\"QiPang\",\"description\":\"QiPang Blog\",\"publisher\":{\"@id\":\"https:\/\/rollingringdrives.com\/#organization\"},\"potentialAction\":[{\"@type\":\"SearchAction\",\"target\":{\"@type\":\"EntryPoint\",\"urlTemplate\":\"https:\/\/rollingringdrives.com\/?s={search_term_string}\"},\"query-input\":{\"@type\":\"PropertyValueSpecification\",\"valueRequired\":true,\"valueName\":\"search_term_string\"}}],\"inLanguage\":\"pt-PT\"},{\"@type\":\"Organization\",\"@id\":\"https:\/\/rollingringdrives.com\/#organization\",\"name\":\"QiPang\",\"url\":\"https:\/\/rollingringdrives.com\/\",\"logo\":{\"@type\":\"ImageObject\",\"inLanguage\":\"pt-PT\",\"@id\":\"https:\/\/rollingringdrives.com\/#\/schema\/logo\/image\/\",\"url\":\"https:\/\/rollingringdrives.com\/wp-content\/uploads\/2023\/05\/cropped-\u672a\u547d\u540d\u7684\u8bbe\u8ba1.png\",\"contentUrl\":\"https:\/\/rollingringdrives.com\/wp-content\/uploads\/2023\/05\/cropped-\u672a\u547d\u540d\u7684\u8bbe\u8ba1.png\",\"width\":300,\"height\":191,\"caption\":\"QiPang\"},\"image\":{\"@id\":\"https:\/\/rollingringdrives.com\/#\/schema\/logo\/image\/\"}}]}<\/script>\n<!-- \/ Yoast SEO Premium plugin. -->","yoast_head_json":{"title":"Unidade de anel rolante semelhante a Uhing RG3-50-2mcrf para eixo de 50 mm de di\u00e2metro - QiPang","description":"Procurando um anel de rolamento de alto desempenho? Confira Uhing RG3-50-2mcrf! Aproveite o impulso lateral de 68 kg e a velocidade linear de 18 m\/min. Contacte-nos para saber mais.","robots":{"index":"index","follow":"follow","max-snippet":"max-snippet:-1","max-image-preview":"max-image-preview:large","max-video-preview":"max-video-preview:-1"},"canonical":"https:\/\/rollingringdrives.com\/pt\/produtos\/anel-rolante-unidade-semelhante-a-uhing-rg3-50-2mcrf-para-50mm-diametro-eixo\/","og_locale":"pt_PT","og_type":"article","og_title":"Rolling Ring Drive Similar To Uhing RG3-50-2mcrf for 50mm Diameter Shaft","og_description":"Looking a high-performance rolling ring? Check out Uhing RG3-50-2mcrf! Enjoy 68 Kg side thrust and 18 m\/min linear speed. Contact us to learn more.","og_url":"https:\/\/rollingringdrives.com\/pt\/produtos\/anel-rolante-unidade-semelhante-a-uhing-rg3-50-2mcrf-para-50mm-diametro-eixo\/","og_site_name":"QiPang","article_modified_time":"2023-05-16T10:27:50+00:00","og_image":[{"width":600,"height":600,"url":"https:\/\/rollingringdrives.com\/wp-content\/uploads\/2023\/05\/4-8.jpg","type":"image\/jpeg"}],"twitter_card":"summary_large_image","twitter_misc":{"Est. reading time":"2 minutos"},"schema":{"@context":"https:\/\/schema.org","@graph":[{"@type":"WebPage","@id":"https:\/\/rollingringdrives.com\/product\/rolling-ring-drive-similar-to-uhing-rg3-50-2mcrf-for-50mm-diameter-shaft\/","url":"https:\/\/rollingringdrives.com\/product\/rolling-ring-drive-similar-to-uhing-rg3-50-2mcrf-for-50mm-diameter-shaft\/","name":"Unidade de anel rolante semelhante a Uhing RG3-50-2mcrf para eixo de 50 mm de di\u00e2metro - QiPang","isPartOf":{"@id":"https:\/\/rollingringdrives.com\/#website"},"primaryImageOfPage":{"@id":"https:\/\/rollingringdrives.com\/product\/rolling-ring-drive-similar-to-uhing-rg3-50-2mcrf-for-50mm-diameter-shaft\/#primaryimage"},"image":{"@id":"https:\/\/rollingringdrives.com\/product\/rolling-ring-drive-similar-to-uhing-rg3-50-2mcrf-for-50mm-diameter-shaft\/#primaryimage"},"thumbnailUrl":"https:\/\/rollingringdrives.com\/wp-content\/uploads\/2023\/05\/4-8.jpg","datePublished":"2023-05-16T09:44:56+00:00","dateModified":"2023-05-16T10:27:50+00:00","description":"Procurando um anel de rolamento de alto desempenho? Confira Uhing RG3-50-2mcrf! Aproveite o impulso lateral de 68 kg e a velocidade linear de 18 m\/min. Contacte-nos para saber mais.","breadcrumb":{"@id":"https:\/\/rollingringdrives.com\/product\/rolling-ring-drive-similar-to-uhing-rg3-50-2mcrf-for-50mm-diameter-shaft\/#breadcrumb"},"inLanguage":"pt-PT","potentialAction":[{"@type":"ReadAction","target":["https:\/\/rollingringdrives.com\/product\/rolling-ring-drive-similar-to-uhing-rg3-50-2mcrf-for-50mm-diameter-shaft\/"]}]},{"@type":"ImageObject","inLanguage":"pt-PT","@id":"https:\/\/rollingringdrives.com\/product\/rolling-ring-drive-similar-to-uhing-rg3-50-2mcrf-for-50mm-diameter-shaft\/#primaryimage","url":"https:\/\/rollingringdrives.com\/wp-content\/uploads\/2023\/05\/4-8.jpg","contentUrl":"https:\/\/rollingringdrives.com\/wp-content\/uploads\/2023\/05\/4-8.jpg","width":600,"height":600,"caption":"Rolling Ring Drive Similar To Uhing RG3-50-2mcrf for 50mm Diameter Shaft"},{"@type":"BreadcrumbList","@id":"https:\/\/rollingringdrives.com\/product\/rolling-ring-drive-similar-to-uhing-rg3-50-2mcrf-for-50mm-diameter-shaft\/#breadcrumb","itemListElement":[{"@type":"ListItem","position":1,"name":"Home","item":"https:\/\/rollingringdrives.com\/"},{"@type":"ListItem","position":2,"name":"Machines","item":"https:\/\/rollingringdrives.com\/machines\/"},{"@type":"ListItem","position":3,"name":"Rolling Ring Drive Similar To Uhing RG3-50-2mcrf for 50mm Diameter Shaft"}]},{"@type":"WebSite","@id":"https:\/\/rollingringdrives.com\/#website","url":"https:\/\/rollingringdrives.com\/","name":"QiPangName","description":"Blog QiPang","publisher":{"@id":"https:\/\/rollingringdrives.com\/#organization"},"potentialAction":[{"@type":"SearchAction","target":{"@type":"EntryPoint","urlTemplate":"https:\/\/rollingringdrives.com\/?s={search_term_string}"},"query-input":{"@type":"PropertyValueSpecification","valueRequired":true,"valueName":"search_term_string"}}],"inLanguage":"pt-PT"},{"@type":"Organization","@id":"https:\/\/rollingringdrives.com\/#organization","name":"QiPangName","url":"https:\/\/rollingringdrives.com\/","logo":{"@type":"ImageObject","inLanguage":"pt-PT","@id":"https:\/\/rollingringdrives.com\/#\/schema\/logo\/image\/","url":"https:\/\/rollingringdrives.com\/wp-content\/uploads\/2023\/05\/cropped-\u672a\u547d\u540d\u7684\u8bbe\u8ba1.png","contentUrl":"https:\/\/rollingringdrives.com\/wp-content\/uploads\/2023\/05\/cropped-\u672a\u547d\u540d\u7684\u8bbe\u8ba1.png","width":300,"height":191,"caption":"QiPang"},"image":{"@id":"https:\/\/rollingringdrives.com\/#\/schema\/logo\/image\/"}}]}},"_links":{"self":[{"href":"https:\/\/rollingringdrives.com\/pt\/wp-json\/wp\/v2\/product\/25570","targetHints":{"allow":["GET"]}}],"collection":[{"href":"https:\/\/rollingringdrives.com\/pt\/wp-json\/wp\/v2\/product"}],"about":[{"href":"https:\/\/rollingringdrives.com\/pt\/wp-json\/wp\/v2\/types\/product"}],"version-history":[{"count":0,"href":"https:\/\/rollingringdrives.com\/pt\/wp-json\/wp\/v2\/product\/25570\/revisions"}],"wp:featuredmedia":[{"embeddable":true,"href":"https:\/\/rollingringdrives.com\/pt\/wp-json\/wp\/v2\/media\/25576"}],"wp:attachment":[{"href":"https:\/\/rollingringdrives.com\/pt\/wp-json\/wp\/v2\/media?parent=25570"}],"wp:term":[{"taxonomy":"product_brand","embeddable":true,"href":"https:\/\/rollingringdrives.com\/pt\/wp-json\/wp\/v2\/product_brand?post=25570"},{"taxonomy":"product_cat","embeddable":true,"href":"https:\/\/rollingringdrives.com\/pt\/wp-json\/wp\/v2\/product_cat?post=25570"},{"taxonomy":"product_tag","embeddable":true,"href":"https:\/\/rollingringdrives.com\/pt\/wp-json\/wp\/v2\/product_tag?post=25570"}],"curies":[{"name":"wp","href":"https:\/\/api.w.org\/{rel}","templated":true}]}}