{"id":25580,"date":"2023-05-16T10:06:06","date_gmt":"2023-05-16T10:06:06","guid":{"rendered":"https:\/\/rollingringdrives.com\/?post_type=product&#038;p=25580"},"modified":"2023-05-16T10:28:11","modified_gmt":"2023-05-16T10:28:11","slug":"rolling-ring-drive-similar-to-uhing-rg3-60-2mcrf-for-60mm-diameter-shaft","status":"publish","type":"product","link":"https:\/\/rollingringdrives.com\/pt\/produtos\/rolamento-anel-unidade-semelhante-a-uhing-rg3-60-2mcrf-para-60mm-diametro-eixo\/","title":{"rendered":"Unidade de anel rolante semelhante a Uhing RG3-60-2mcrf para eixo de 60 mm de di\u00e2metro"},"content":{"rendered":"<h2 data-source-line=\"4\" data-source-line-display=\"true\">Unidades transversais <span style=\"text-decoration: underline;\">Modelo RG3-60-2MCRF\/PX60<\/span><\/h2>\n<p class=\"xsj_paragraph xsj_paragraph_level_0\" data-source-line=\"4\" data-source-line-display=\"true\">O\u00a0<strong class=\"markdown_strong_asterisk\">RG3-60-2MCRF<\/strong>\u00a0Modelo de\u00a0<strong class=\"markdown_strong_asterisk\">Unidade de Anel Rolante<\/strong>\u00a0\u00e9 uma inova\u00e7\u00e3o tecnol\u00f3gica avan\u00e7ada da\u00a0<strong class=\"markdown_strong_asterisk\">Unidades transversais Uhing<\/strong>. Ele foi projetado para fornecer movimento linear suave e preciso para um eixo de 60 mm de di\u00e2metro, tornando-o ideal para v\u00e1rias aplica\u00e7\u00f5es industriais. Com <strong class=\"markdown_strong_asterisk\">tr\u00eas an\u00e9is rolantes<\/strong>, este acionamento pode fornecer um empuxo lateral m\u00e1ximo de at\u00e9 100 Kg, tornando-o altamente eficiente para aplica\u00e7\u00f5es pesadas.<\/p>\n<p data-source-line=\"4\" data-source-line-display=\"true\"><div id=\"footable_parent_25582\"\n         class=\"footable_parent ninja_table_wrapper loading_ninja_table wp_table_data_press_parent semantic_ui\">\n                <table data-ninja_table_instance=\"ninja_table_instance_0\" data-footable_id=\"25582\" data-filter-delay=\"1000\" aria-label=\"12\u65b0\u5efa X3sLSX \u5de5\u4f5c\u8868 (2).csv\"            id=\"footable_25582\"\n           data-unique_identifier=\"ninja_table_unique_id_2139910730_25582\"\n           class=\"foo-table ninja_footable foo_table_25582 ninja_table_unique_id_2139910730_25582 ui table  nt_type_legacy_table selectable striped vertical_centered  footable-paging-right ninja_table_search_disabled ninja_table_pro\">\n                <colgroup>\n                            <col class=\"ninja_column_0\">\n                            <col class=\"ninja_column_1\">\n                    <\/colgroup>\n        <thead>\n<tr class=\"footable-header\">\n                                        <th scope=\"col\"  class=\"ninja_column_0 ninja_clmn_nm_parameter\">Par\u00e2metro<\/th><th scope=\"col\"  class=\"ninja_column_1 ninja_clmn_nm_value\">Valor<\/th><\/tr>\n<\/thead>\n<tbody>\n\n        <tr data-row_id=\"133\" class=\"ninja_table_row_0 nt_row_id_133\">\n            <td>N\u00famero de an\u00e9is de rolamento<\/td><td>3<\/td>        <\/tr>\n            <tr data-row_id=\"134\" class=\"ninja_table_row_1 nt_row_id_134\">\n            <td>Impulso Lateral M\u00e1ximo<\/td><td>100 Kg<\/td>        <\/tr>\n            <tr data-row_id=\"135\" class=\"ninja_table_row_2 nt_row_id_135\">\n            <td>Passo M\u00e1ximo<\/td><td>46mm<\/td>        <\/tr>\n            <tr data-row_id=\"136\" class=\"ninja_table_row_3 nt_row_id_136\">\n            <td>Velocidade M\u00e1xima do Eixo<\/td><td>350 RPM<\/td>        <\/tr>\n            <tr data-row_id=\"137\" class=\"ninja_table_row_4 nt_row_id_137\">\n            <td>Velocidade Linear M\u00e1xima<\/td><td>17,5 metros\/minuto<\/td>        <\/tr>\n            <tr data-row_id=\"138\" class=\"ninja_table_row_5 nt_row_id_138\">\n            <td>Peso<\/td><td>18 Kg<\/td>        <\/tr>\n            <tr data-row_id=\"139\" class=\"ninja_table_row_6 nt_row_id_139\">\n            <td>Torque de Acionamento<\/td><td>10 Kg Cm<\/td>        <\/tr>\n    <\/tbody><!--ninja_tobody_rendering_done-->\n    <\/table>\n    \n    \n    \n<\/div>\n<\/p>\n<div class=\"xiaoshujiang_element xsj_anchor\"><a class=\"blank_anchor_name\" name=\"applications_3\"><\/a><a id=\"applications_3\" class=\"blank_anchor_id\"><\/a><a class=\"blank_anchor_name\" name=\"applications\"><\/a><a id=\"applications\" class=\"blank_anchor_id\"><\/a><\/div>\n<h2 id=\"applications_3\" class=\"xsj_heading_hash xsj_heading xsj_heading_h2\" data-source-line=\"7\" data-source-line-display=\"true\"><span class=\"xsj_heading_content\">Formul\u00e1rios:<\/span><\/h2>\n<p class=\"xsj_paragraph xsj_paragraph_level_0\" data-source-line=\"9\" data-source-line-display=\"true\">O modelo RG3-60-2MCRF de Rolling Ring Drive \u00e9 ideal para uma ampla gama de aplica\u00e7\u00f5es industriais. Pode ser usado em linhas de montagem, linhas de produ\u00e7\u00e3o e outros processos industriais que requerem movimento linear preciso de um eixo de 60 mm de di\u00e2metro. Algumas de suas aplica\u00e7\u00f5es comuns incluem:<\/p>\n<ol class=\"markdown_ol\" data-source-line=\"11\">\n<li data-source-line=\"11\">M\u00e1quinas de enrolar e desenrolar fios.<\/li>\n<li data-source-line=\"12\">Prensas de impress\u00e3o.<\/li>\n<li data-source-line=\"13\">M\u00e1quinas de etiquetar.<\/li>\n<li data-source-line=\"14\">M\u00e1quinas de embalagem.<\/li>\n<li data-source-line=\"15\">M\u00e1quinas t\u00eaxteis.<\/li>\n<li data-source-line=\"16\">Sistemas de automa\u00e7\u00e3o.<\/li>\n<\/ol>\n<div class=\"xiaoshujiang_element xsj_anchor\"><a class=\"blank_anchor_name\" name=\"faqs_4\"><\/a><a id=\"faqs_4\" class=\"blank_anchor_id\"><\/a><a class=\"blank_anchor_name\" name=\"faqs\"><\/a><a id=\"faqs\" class=\"blank_anchor_id\"><\/a><\/div>\n<h2 id=\"faqs_4\" class=\"xsj_heading_hash xsj_heading xsj_heading_h2\" data-source-line=\"18\" data-source-line-display=\"true\"><span class=\"xsj_heading_content\">Perguntas frequentes sobre o RG3-60-2mcrf:<\/span><\/h2>\n<p class=\"xsj_paragraph xsj_paragraph_level_0\" data-source-line=\"20\" data-source-line-display=\"true\"><strong class=\"markdown_strong_asterisk\">1. Qual \u00e9 o impulso lateral m\u00e1ximo do modelo RG3-60-2MCRF de Rolling Ring Drive?<\/strong><\/p>\n<p class=\"xsj_paragraph xsj_paragraph_level_0\" data-source-line=\"22\" data-source-line-display=\"true\">O modelo RG3-60-2MCRF de Rolling Ring Drive pode fornecer um impulso lateral m\u00e1ximo de at\u00e9 100 Kg, tornando-o altamente eficiente para aplica\u00e7\u00f5es pesadas.<\/p>\n<p class=\"xsj_paragraph xsj_paragraph_level_0\" data-source-line=\"24\" data-source-line-display=\"true\"><strong class=\"markdown_strong_asterisk\">2. Qual \u00e9 o passo m\u00e1ximo do modelo RG3-60-2MCRF de Rolling Ring Drive?<\/strong><\/p>\n<p class=\"xsj_paragraph xsj_paragraph_level_0\" data-source-line=\"26\" data-source-line-display=\"true\">O modelo RG3-60-2MCRF de Rolling Ring Drive tem um passo m\u00e1ximo de 46 mm, proporcionando movimento linear para uma rota\u00e7\u00e3o do eixo na configura\u00e7\u00e3o dez no mostrador.<\/p>\n<p class=\"xsj_paragraph xsj_paragraph_level_0\" data-source-line=\"28\" data-source-line-display=\"true\"><strong class=\"markdown_strong_asterisk\">3. Qual \u00e9 a velocidade m\u00e1xima do eixo do modelo RG3-60-2MCRF de Rolling Ring Drive?<\/strong><\/p>\n<p class=\"xsj_paragraph xsj_paragraph_level_0\" data-source-line=\"30\" data-source-line-display=\"true\">O modelo RG3-60-2MCRF de Rolling Ring Drive tem uma velocidade m\u00e1xima do eixo de 350 RPM, garantindo um movimento suave e preciso do eixo.<\/p>\n<p class=\"xsj_paragraph xsj_paragraph_level_0\" data-source-line=\"32\" data-source-line-display=\"true\"><strong class=\"markdown_strong_asterisk\">4. Qual \u00e9 o peso do modelo RG3-60-2MCRF de Rolling Ring Drive?<\/strong><\/p>\n<p class=\"xsj_paragraph xsj_paragraph_level_0\" data-source-line=\"34\" data-source-line-display=\"true\">O modelo RG3-60-2MCRF de Rolling Ring Drive tem um design leve, com um peso de apenas 18 Kg, tornando-o facilmente port\u00e1til e altamente manobr\u00e1vel.<\/p>\n<p class=\"xsj_paragraph xsj_paragraph_level_0\" data-source-line=\"36\" data-source-line-display=\"true\"><strong class=\"markdown_strong_asterisk\">5. Quais s\u00e3o algumas aplica\u00e7\u00f5es comuns do modelo RG3-60-2MCRF de Rolling Ring Drive?<\/strong><\/p>\n<p class=\"xsj_paragraph xsj_paragraph_level_0\" data-source-line=\"38\" data-source-line-display=\"true\">O modelo RG3-60-2MCRF de Rolling Ring Drive \u00e9 ideal para uma ampla gama de aplica\u00e7\u00f5es industriais, incluindo m\u00e1quinas de enrolar e desenrolar fios, impressoras, m\u00e1quinas de etiquetar, m\u00e1quinas de embalagem, m\u00e1quinas t\u00eaxteis e sistemas de automa\u00e7\u00e3o.<\/p>","protected":false},"excerpt":{"rendered":"<h2 class=\"xsj_paragraph xsj_paragraph_level_0\" data-source-line=\"6\" data-source-line-display=\"true\">Caracter\u00edsticas:<\/h2>\n<ol>\n<li class=\"xsj_paragraph xsj_paragraph_level_0\" data-source-line=\"9\" data-source-line-display=\"true\">O modelo RG3-60-2MCRF de Rolling Ring Drive vem com v\u00e1rios recursos avan\u00e7ados que o destacam no mercado. Esses recursos incluem:<\/li>\n<li class=\"xsj_paragraph xsj_paragraph_level_0\" data-source-line=\"11\" data-source-line-display=\"true\">Um passo m\u00e1ximo de 46 mm fornece movimento linear para uma rota\u00e7\u00e3o do eixo na configura\u00e7\u00e3o dez no mostrador.<\/li>\n<li class=\"xsj_paragraph xsj_paragraph_level_0\" data-source-line=\"13\" data-source-line-display=\"true\">Velocidade m\u00e1xima do eixo de 350 RPM, garantindo um movimento suave e preciso do eixo.<\/li>\n<li class=\"xsj_paragraph xsj_paragraph_level_0\" data-source-line=\"15\" data-source-line-display=\"true\">Velocidade linear m\u00e1xima de 17,5 metros\/minuto, tornando-o altamente eficiente para aplica\u00e7\u00f5es de alta velocidade.<\/li>\n<li class=\"xsj_paragraph xsj_paragraph_level_0\" data-source-line=\"17\" data-source-line-display=\"true\">Design leve, com um peso de apenas 18 Kg, tornando-o facilmente port\u00e1til e altamente manobr\u00e1vel.<\/li>\n<li class=\"xsj_paragraph xsj_paragraph_level_0\" data-source-line=\"19\" data-source-line-display=\"true\">Alto torque de acionamento de 10 Kg Cm, garantindo \u00f3timo desempenho mesmo sob carga pesada.<\/li>\n<\/ol>","protected":false},"featured_media":25585,"template":"","meta":{"site-sidebar-layout":"default","site-content-layout":"default","ast-global-header-display":"","ast-banner-title-visibility":"","ast-main-header-display":"","ast-hfb-above-header-display":"","ast-hfb-below-header-display":"","ast-hfb-mobile-header-display":"","site-post-title":"","ast-breadcrumbs-content":"","ast-featured-img":"","footer-sml-layout":"","theme-transparent-header-meta":"default","adv-header-id-meta":"","stick-header-meta":"","header-above-stick-meta":"","header-main-stick-meta":"","header-below-stick-meta":""},"product_brand":[],"product_cat":[34,45],"product_tag":[],"class_list":{"0":"post-25580","1":"product","2":"type-product","3":"status-publish","4":"has-post-thumbnail","6":"product_cat-rolling-ring-drive","7":"product_cat-similar-to-uhing-rolling-ring-drive","8":"desktop-align-left","9":"tablet-align-left","10":"mobile-align-left","12":"first","13":"instock","14":"shipping-taxable","15":"product-type-simple"},"yoast_head":"<!-- This site is optimized with the Yoast SEO Premium plugin v20.12 (Yoast SEO v26.0) - https:\/\/yoast.com\/wordpress\/plugins\/seo\/ -->\n<title>Rolling Ring Drive Similar To Uhing RG3-60-2mcrf for 60mm Diameter Shaft - QiPang<\/title>\n<meta name=\"description\" content=\"Elevate your machinery with Uhing RG3-60-2mcrf rolling ring! Enjoy 100 Kg side thrust and 17.5 m\/min linear speed. Contact us to learn more!\" \/>\n<meta name=\"robots\" content=\"index, follow, max-snippet:-1, max-image-preview:large, max-video-preview:-1\" \/>\n<link rel=\"canonical\" href=\"https:\/\/rollingringdrives.com\/pt\/produtos\/rolamento-anel-unidade-semelhante-a-uhing-rg3-60-2mcrf-para-60mm-diametro-eixo\/\" \/>\n<meta property=\"og:locale\" content=\"pt_PT\" \/>\n<meta property=\"og:type\" content=\"article\" \/>\n<meta property=\"og:title\" content=\"Rolling Ring Drive Similar To Uhing RG3-60-2mcrf for 60mm Diameter Shaft\" \/>\n<meta property=\"og:description\" content=\"Elevate your machinery with Uhing RG3-60-2mcrf rolling ring! Enjoy 100 Kg side thrust and 17.5 m\/min linear speed. Contact us to learn more!\" \/>\n<meta property=\"og:url\" content=\"https:\/\/rollingringdrives.com\/pt\/produtos\/rolamento-anel-unidade-semelhante-a-uhing-rg3-60-2mcrf-para-60mm-diametro-eixo\/\" \/>\n<meta property=\"og:site_name\" content=\"QiPang\" \/>\n<meta property=\"article:modified_time\" content=\"2023-05-16T10:28:11+00:00\" \/>\n<meta property=\"og:image\" content=\"https:\/\/rollingringdrives.com\/wp-content\/uploads\/2023\/05\/3-9.jpg\" \/>\n\t<meta property=\"og:image:width\" content=\"600\" \/>\n\t<meta property=\"og:image:height\" content=\"600\" \/>\n\t<meta property=\"og:image:type\" content=\"image\/jpeg\" \/>\n<meta name=\"twitter:card\" content=\"summary_large_image\" \/>\n<meta name=\"twitter:label1\" content=\"Est. reading time\" \/>\n\t<meta name=\"twitter:data1\" content=\"2 minutos\" \/>\n<script type=\"application\/ld+json\" class=\"yoast-schema-graph\">{\"@context\":\"https:\/\/schema.org\",\"@graph\":[{\"@type\":\"WebPage\",\"@id\":\"https:\/\/rollingringdrives.com\/product\/rolling-ring-drive-similar-to-uhing-rg3-60-2mcrf-for-60mm-diameter-shaft\/\",\"url\":\"https:\/\/rollingringdrives.com\/product\/rolling-ring-drive-similar-to-uhing-rg3-60-2mcrf-for-60mm-diameter-shaft\/\",\"name\":\"Rolling Ring Drive Similar To Uhing RG3-60-2mcrf for 60mm Diameter Shaft - QiPang\",\"isPartOf\":{\"@id\":\"https:\/\/rollingringdrives.com\/#website\"},\"primaryImageOfPage\":{\"@id\":\"https:\/\/rollingringdrives.com\/product\/rolling-ring-drive-similar-to-uhing-rg3-60-2mcrf-for-60mm-diameter-shaft\/#primaryimage\"},\"image\":{\"@id\":\"https:\/\/rollingringdrives.com\/product\/rolling-ring-drive-similar-to-uhing-rg3-60-2mcrf-for-60mm-diameter-shaft\/#primaryimage\"},\"thumbnailUrl\":\"https:\/\/rollingringdrives.com\/wp-content\/uploads\/2023\/05\/3-9.jpg\",\"datePublished\":\"2023-05-16T10:06:06+00:00\",\"dateModified\":\"2023-05-16T10:28:11+00:00\",\"description\":\"Elevate your machinery with Uhing RG3-60-2mcrf rolling ring! Enjoy 100 Kg side thrust and 17.5 m\/min linear speed. Contact us to learn more!\",\"breadcrumb\":{\"@id\":\"https:\/\/rollingringdrives.com\/product\/rolling-ring-drive-similar-to-uhing-rg3-60-2mcrf-for-60mm-diameter-shaft\/#breadcrumb\"},\"inLanguage\":\"pt-PT\",\"potentialAction\":[{\"@type\":\"ReadAction\",\"target\":[\"https:\/\/rollingringdrives.com\/product\/rolling-ring-drive-similar-to-uhing-rg3-60-2mcrf-for-60mm-diameter-shaft\/\"]}]},{\"@type\":\"ImageObject\",\"inLanguage\":\"pt-PT\",\"@id\":\"https:\/\/rollingringdrives.com\/product\/rolling-ring-drive-similar-to-uhing-rg3-60-2mcrf-for-60mm-diameter-shaft\/#primaryimage\",\"url\":\"https:\/\/rollingringdrives.com\/wp-content\/uploads\/2023\/05\/3-9.jpg\",\"contentUrl\":\"https:\/\/rollingringdrives.com\/wp-content\/uploads\/2023\/05\/3-9.jpg\",\"width\":600,\"height\":600,\"caption\":\"Rolling Ring Drive Similar To Uhing RG3-60-2mcrf for 60mm Diameter Shaft\"},{\"@type\":\"BreadcrumbList\",\"@id\":\"https:\/\/rollingringdrives.com\/product\/rolling-ring-drive-similar-to-uhing-rg3-60-2mcrf-for-60mm-diameter-shaft\/#breadcrumb\",\"itemListElement\":[{\"@type\":\"ListItem\",\"position\":1,\"name\":\"Home\",\"item\":\"https:\/\/rollingringdrives.com\/\"},{\"@type\":\"ListItem\",\"position\":2,\"name\":\"Machines\",\"item\":\"https:\/\/rollingringdrives.com\/machines\/\"},{\"@type\":\"ListItem\",\"position\":3,\"name\":\"Rolling Ring Drive Similar To Uhing RG3-60-2mcrf for 60mm Diameter Shaft\"}]},{\"@type\":\"WebSite\",\"@id\":\"https:\/\/rollingringdrives.com\/#website\",\"url\":\"https:\/\/rollingringdrives.com\/\",\"name\":\"QiPang\",\"description\":\"QiPang Blog\",\"publisher\":{\"@id\":\"https:\/\/rollingringdrives.com\/#organization\"},\"potentialAction\":[{\"@type\":\"SearchAction\",\"target\":{\"@type\":\"EntryPoint\",\"urlTemplate\":\"https:\/\/rollingringdrives.com\/?s={search_term_string}\"},\"query-input\":{\"@type\":\"PropertyValueSpecification\",\"valueRequired\":true,\"valueName\":\"search_term_string\"}}],\"inLanguage\":\"pt-PT\"},{\"@type\":\"Organization\",\"@id\":\"https:\/\/rollingringdrives.com\/#organization\",\"name\":\"QiPang\",\"url\":\"https:\/\/rollingringdrives.com\/\",\"logo\":{\"@type\":\"ImageObject\",\"inLanguage\":\"pt-PT\",\"@id\":\"https:\/\/rollingringdrives.com\/#\/schema\/logo\/image\/\",\"url\":\"https:\/\/rollingringdrives.com\/wp-content\/uploads\/2023\/05\/cropped-\u672a\u547d\u540d\u7684\u8bbe\u8ba1.png\",\"contentUrl\":\"https:\/\/rollingringdrives.com\/wp-content\/uploads\/2023\/05\/cropped-\u672a\u547d\u540d\u7684\u8bbe\u8ba1.png\",\"width\":300,\"height\":191,\"caption\":\"QiPang\"},\"image\":{\"@id\":\"https:\/\/rollingringdrives.com\/#\/schema\/logo\/image\/\"}}]}<\/script>\n<!-- \/ Yoast SEO Premium plugin. -->","yoast_head_json":{"title":"Unidade de anel rolante semelhante a Uhing RG3-60-2mcrf para eixo de 60 mm de di\u00e2metro - QiPang","description":"Eleve seu maquin\u00e1rio com o anel rolante Uhing RG3-60-2mcrf! Desfrute de um impulso lateral de 100 Kg e uma velocidade linear de 17,5 m\/min. Contacte-nos para saber mais!","robots":{"index":"index","follow":"follow","max-snippet":"max-snippet:-1","max-image-preview":"max-image-preview:large","max-video-preview":"max-video-preview:-1"},"canonical":"https:\/\/rollingringdrives.com\/pt\/produtos\/rolamento-anel-unidade-semelhante-a-uhing-rg3-60-2mcrf-para-60mm-diametro-eixo\/","og_locale":"pt_PT","og_type":"article","og_title":"Rolling Ring Drive Similar To Uhing RG3-60-2mcrf for 60mm Diameter Shaft","og_description":"Elevate your machinery with Uhing RG3-60-2mcrf rolling ring! Enjoy 100 Kg side thrust and 17.5 m\/min linear speed. Contact us to learn more!","og_url":"https:\/\/rollingringdrives.com\/pt\/produtos\/rolamento-anel-unidade-semelhante-a-uhing-rg3-60-2mcrf-para-60mm-diametro-eixo\/","og_site_name":"QiPang","article_modified_time":"2023-05-16T10:28:11+00:00","og_image":[{"width":600,"height":600,"url":"https:\/\/rollingringdrives.com\/wp-content\/uploads\/2023\/05\/3-9.jpg","type":"image\/jpeg"}],"twitter_card":"summary_large_image","twitter_misc":{"Est. reading time":"2 minutos"},"schema":{"@context":"https:\/\/schema.org","@graph":[{"@type":"WebPage","@id":"https:\/\/rollingringdrives.com\/product\/rolling-ring-drive-similar-to-uhing-rg3-60-2mcrf-for-60mm-diameter-shaft\/","url":"https:\/\/rollingringdrives.com\/product\/rolling-ring-drive-similar-to-uhing-rg3-60-2mcrf-for-60mm-diameter-shaft\/","name":"Unidade de anel rolante semelhante a Uhing RG3-60-2mcrf para eixo de 60 mm de di\u00e2metro - QiPang","isPartOf":{"@id":"https:\/\/rollingringdrives.com\/#website"},"primaryImageOfPage":{"@id":"https:\/\/rollingringdrives.com\/product\/rolling-ring-drive-similar-to-uhing-rg3-60-2mcrf-for-60mm-diameter-shaft\/#primaryimage"},"image":{"@id":"https:\/\/rollingringdrives.com\/product\/rolling-ring-drive-similar-to-uhing-rg3-60-2mcrf-for-60mm-diameter-shaft\/#primaryimage"},"thumbnailUrl":"https:\/\/rollingringdrives.com\/wp-content\/uploads\/2023\/05\/3-9.jpg","datePublished":"2023-05-16T10:06:06+00:00","dateModified":"2023-05-16T10:28:11+00:00","description":"Eleve seu maquin\u00e1rio com o anel rolante Uhing RG3-60-2mcrf! Desfrute de um impulso lateral de 100 Kg e uma velocidade linear de 17,5 m\/min. Contacte-nos para saber mais!","breadcrumb":{"@id":"https:\/\/rollingringdrives.com\/product\/rolling-ring-drive-similar-to-uhing-rg3-60-2mcrf-for-60mm-diameter-shaft\/#breadcrumb"},"inLanguage":"pt-PT","potentialAction":[{"@type":"ReadAction","target":["https:\/\/rollingringdrives.com\/product\/rolling-ring-drive-similar-to-uhing-rg3-60-2mcrf-for-60mm-diameter-shaft\/"]}]},{"@type":"ImageObject","inLanguage":"pt-PT","@id":"https:\/\/rollingringdrives.com\/product\/rolling-ring-drive-similar-to-uhing-rg3-60-2mcrf-for-60mm-diameter-shaft\/#primaryimage","url":"https:\/\/rollingringdrives.com\/wp-content\/uploads\/2023\/05\/3-9.jpg","contentUrl":"https:\/\/rollingringdrives.com\/wp-content\/uploads\/2023\/05\/3-9.jpg","width":600,"height":600,"caption":"Rolling Ring Drive Similar To Uhing RG3-60-2mcrf for 60mm Diameter Shaft"},{"@type":"BreadcrumbList","@id":"https:\/\/rollingringdrives.com\/product\/rolling-ring-drive-similar-to-uhing-rg3-60-2mcrf-for-60mm-diameter-shaft\/#breadcrumb","itemListElement":[{"@type":"ListItem","position":1,"name":"Home","item":"https:\/\/rollingringdrives.com\/"},{"@type":"ListItem","position":2,"name":"Machines","item":"https:\/\/rollingringdrives.com\/machines\/"},{"@type":"ListItem","position":3,"name":"Rolling Ring Drive Similar To Uhing RG3-60-2mcrf for 60mm Diameter Shaft"}]},{"@type":"WebSite","@id":"https:\/\/rollingringdrives.com\/#website","url":"https:\/\/rollingringdrives.com\/","name":"QiPangName","description":"Blog QiPang","publisher":{"@id":"https:\/\/rollingringdrives.com\/#organization"},"potentialAction":[{"@type":"SearchAction","target":{"@type":"EntryPoint","urlTemplate":"https:\/\/rollingringdrives.com\/?s={search_term_string}"},"query-input":{"@type":"PropertyValueSpecification","valueRequired":true,"valueName":"search_term_string"}}],"inLanguage":"pt-PT"},{"@type":"Organization","@id":"https:\/\/rollingringdrives.com\/#organization","name":"QiPangName","url":"https:\/\/rollingringdrives.com\/","logo":{"@type":"ImageObject","inLanguage":"pt-PT","@id":"https:\/\/rollingringdrives.com\/#\/schema\/logo\/image\/","url":"https:\/\/rollingringdrives.com\/wp-content\/uploads\/2023\/05\/cropped-\u672a\u547d\u540d\u7684\u8bbe\u8ba1.png","contentUrl":"https:\/\/rollingringdrives.com\/wp-content\/uploads\/2023\/05\/cropped-\u672a\u547d\u540d\u7684\u8bbe\u8ba1.png","width":300,"height":191,"caption":"QiPang"},"image":{"@id":"https:\/\/rollingringdrives.com\/#\/schema\/logo\/image\/"}}]}},"_links":{"self":[{"href":"https:\/\/rollingringdrives.com\/pt\/wp-json\/wp\/v2\/product\/25580","targetHints":{"allow":["GET"]}}],"collection":[{"href":"https:\/\/rollingringdrives.com\/pt\/wp-json\/wp\/v2\/product"}],"about":[{"href":"https:\/\/rollingringdrives.com\/pt\/wp-json\/wp\/v2\/types\/product"}],"version-history":[{"count":0,"href":"https:\/\/rollingringdrives.com\/pt\/wp-json\/wp\/v2\/product\/25580\/revisions"}],"wp:featuredmedia":[{"embeddable":true,"href":"https:\/\/rollingringdrives.com\/pt\/wp-json\/wp\/v2\/media\/25585"}],"wp:attachment":[{"href":"https:\/\/rollingringdrives.com\/pt\/wp-json\/wp\/v2\/media?parent=25580"}],"wp:term":[{"taxonomy":"product_brand","embeddable":true,"href":"https:\/\/rollingringdrives.com\/pt\/wp-json\/wp\/v2\/product_brand?post=25580"},{"taxonomy":"product_cat","embeddable":true,"href":"https:\/\/rollingringdrives.com\/pt\/wp-json\/wp\/v2\/product_cat?post=25580"},{"taxonomy":"product_tag","embeddable":true,"href":"https:\/\/rollingringdrives.com\/pt\/wp-json\/wp\/v2\/product_tag?post=25580"}],"curies":[{"name":"wp","href":"https:\/\/api.w.org\/{rel}","templated":true}]}}