{"id":26229,"date":"2023-05-23T02:16:30","date_gmt":"2023-05-23T02:16:30","guid":{"rendered":"https:\/\/rollingringdrives.com\/?post_type=product&#038;p=26229"},"modified":"2025-07-22T06:58:22","modified_gmt":"2025-07-22T06:58:22","slug":"qp630-1250-end-shaft-type-cable-take-up-frame","status":"publish","type":"product","link":"https:\/\/rollingringdrives.com\/pt\/produtos\/qp630-1250-extremidade-tipo-eixo-tipo-quadro-de-levantamento-de-cabo\/","title":{"rendered":"Estrutura de enrolamento de cabos tipo eixo final QP2000"},"content":{"rendered":"<p class=\"xsj_paragraph xsj_paragraph_level_0\" data-source-line=\"0\" data-source-line-display=\"true\">O\u00a0<strong class=\"markdown_strong_asterisk\">Estrutura de enrolamento de cabos tipo eixo final QP2000<\/strong> \u00e9 uma m\u00e1quina de alto desempenho que utiliza cabos com di\u00e2metros entre \u03a63 e \u03a680mm.<\/p>\n<p class=\"xsj_paragraph xsj_paragraph_level_0\" data-source-line=\"0\" data-source-line-display=\"true\">\u00c9 compat\u00edvel com bobinas PN1250 a PN2000 e tem capacidade m\u00e1xima de eleva\u00e7\u00e3o de 8T.<\/p>\n<p class=\"xsj_paragraph xsj_paragraph_level_0\" data-source-line=\"0\" data-source-line-display=\"true\">Este tipo de coluna de recolhimento e desenrolamento \u00e9 aplicado principalmente para recolhimento e desenrolamento de fios e cabos ou enrolamento e desenrolamento de cabos e cord\u00f5es de a\u00e7o.<\/p>\n<p data-source-line=\"0\" data-source-line-display=\"true\"><div id=\"footable_parent_32404\"\n         class=\"footable_parent ninja_table_wrapper loading_ninja_table wp_table_data_press_parent semantic_ui\">\n                <table data-ninja_table_instance=\"ninja_table_instance_0\" data-footable_id=\"32404\" data-filter-delay=\"1000\" aria-label=\"\u5b89\u5e86\u8c22\u603b\u7aef\u8f74\u6536\u6392\u53c2\u6570.csv\"            id=\"footable_32404\"\n           data-unique_identifier=\"ninja_table_unique_id_1949151605_32404\"\n           class=\"foo-table ninja_footable foo_table_32404 ninja_table_unique_id_1949151605_32404 ui table  nt_type_legacy_table selectable striped vertical_centered  footable-paging-right ninja_table_pro\">\n                <colgroup>\n                            <col class=\"ninja_column_0\">\n                            <col class=\"ninja_column_1\">\n                            <col class=\"ninja_column_2\">\n                            <col class=\"ninja_column_3\">\n                            <col class=\"ninja_column_4\">\n                            <col class=\"ninja_column_5\">\n                    <\/colgroup>\n        <thead>\n<tr class=\"footable-header\">\n                                                                                                        <th scope=\"col\"  class=\"ninja_column_0 ninja_clmn_nm_model\">Modelo<\/th><th scope=\"col\"  class=\"ninja_column_1 ninja_clmn_nm_qp125\">QP1250<\/th><th scope=\"col\"  class=\"ninja_column_2 ninja_clmn_nm_qp16\">QP1600<\/th><th scope=\"col\"  class=\"ninja_column_3 ninja_clmn_nm_qp2\">QP2000<\/th><th scope=\"col\"  class=\"ninja_column_4 ninja_clmn_nm_qp25\">QP2500<\/th><th scope=\"col\"  class=\"ninja_column_5 ninja_clmn_nm_qp315\">QP3150<\/th><\/tr>\n<\/thead>\n<tbody>\n\n        <tr data-row_id=\"1784\" class=\"ninja_table_row_0 nt_row_id_1784\">\n            <td><\/td><td><\/td><td><\/td><td><\/td><td><\/td><td><\/td>        <\/tr>\n            <tr data-row_id=\"1785\" class=\"ninja_table_row_1 nt_row_id_1785\">\n            <td>Di\u00e2metro do material adequado<\/td><td>3-60MM<\/td><td>3-60 mm<\/td><td>3-80 mm<\/td><td>3-100MM<\/td><td>3-100MM<\/td>        <\/tr>\n            <tr data-row_id=\"1786\" class=\"ninja_table_row_2 nt_row_id_1786\">\n            <td><\/td><td><\/td><td><\/td><td><\/td><td><\/td><td><\/td>        <\/tr>\n            <tr data-row_id=\"1787\" class=\"ninja_table_row_3 nt_row_id_1787\">\n            <td>Motor de fixa\u00e7\u00e3o:<\/td><td>Motor CA de 0,55 kW + redutor cicloide (2 conjuntos)<\/td><td>Motor CA de 0,55 kW \/ 960 rpm (2 conjuntos) + redutor cicloide<\/td><td>Motor CA de 0,75 kW \/ 960 rpm (2 conjuntos) + redutor cicloide<\/td><td>Motor CA de 0,75 kW \/ 960 rpm (2 conjuntos) + redutor cicloide<\/td><td>BWY10-23-1.1KW<\/td>        <\/tr>\n            <tr data-row_id=\"1788\" class=\"ninja_table_row_4 nt_row_id_1788\">\n            <td>Motor de eleva\u00e7\u00e3o de carretel<\/td><td>Motor CA de 0,75Kw + redutor cicl\u00f3ide (2 conjuntos)<\/td><td>Motor CA de 0,75Kw + redutor cicl\u00f3ide (2 conjuntos)<\/td><td>Motor CA de 1,5Kw + redutor cicl\u00f3ide (2 conjuntos)<\/td><td>Motor CA de 1,5Kw + redutor cicl\u00f3ide (2 conjuntos)<\/td><td>BLY10-29-2.2KW<\/td>        <\/tr>\n            <tr data-row_id=\"1789\" class=\"ninja_table_row_5 nt_row_id_1789\">\n            <td><\/td><td><\/td><td><\/td><td><\/td><td><\/td><td><\/td>        <\/tr>\n            <tr data-row_id=\"1790\" class=\"ninja_table_row_6 nt_row_id_1790\">\n            <td>Motor principal para m\u00e1quina de recolhimento<\/td><td>Motor de torque JLJ160-40-4 ou motor de frequ\u00eancia vari\u00e1vel.<\/td><td>Motor de torque JLJ160-60-6 (motor de frequ\u00eancia vari\u00e1vel AC de 5,5kw)<\/td><td>Motor de torque JLJ160-80-6 (motor de frequ\u00eancia vari\u00e1vel CA de 7,5kw)<\/td><td>YLJ160L-60N.m-4 (motor CA de frequ\u00eancia vari\u00e1vel de 7,5 kW)<\/td><td>YLJ160L-100N.m-6<\/td>        <\/tr>\n            <tr data-row_id=\"1791\" class=\"ninja_table_row_7 nt_row_id_1791\">\n            <td>Fonte de energia<\/td><td>380 V, trif\u00e1sico, 50 Hz ou personalize<\/td><td>380 V, trif\u00e1sico, 50 Hz ou personalize<\/td><td>380 V, trif\u00e1sico, 50 Hz ou personalize<\/td><td>380 V, trif\u00e1sico, 50 Hz ou personalize<\/td><td>380 V, trif\u00e1sico, 50 Hz ou personalize<\/td>        <\/tr>\n            <tr data-row_id=\"1792\" class=\"ninja_table_row_8 nt_row_id_1792\">\n            <td>Cor do equipamento<\/td><td>RAL5015 azul<\/td><td>RAL5015 azul<\/td><td>RAL5015 azul<\/td><td>RAL5015 azul<\/td><td>RAL5015 azul<\/td>        <\/tr>\n    <\/tbody><!--ninja_tobody_rendering_done-->\n    <\/table>\n    \n    \n    \n<\/div>\n<\/p>\n<div class=\"ast-oembed-container\" style=\"height: 100%;\"><iframe title=\"Estrutura de enrolamento de cabos tipo eixo final QP2000\" width=\"500\" height=\"281\" src=\"https:\/\/www.youtube.com\/embed\/sHMNjztEHLQ?feature=oembed\" frameborder=\"0\" allow=\"accelerometer; autoplay; clipboard-write; encrypted-media; gyroscope; picture-in-picture; web-share\" referrerpolicy=\"strict-origin-when-cross-origin\" allowfullscreen><\/iframe><\/div>\n<p data-source-line=\"0\" data-source-line-display=\"true\"><!--more--><\/p>\n<h2 id=\"faqs_1\" class=\"xsj_heading_hash xsj_heading xsj_heading_h2\" data-source-line=\"2\" data-source-line-display=\"true\"><span class=\"xsj_heading_content\">Caracter\u00edsticas:<\/span><\/h2>\n<p class=\"xsj_paragraph xsj_paragraph_level_0\" data-source-line=\"4\" data-source-line-display=\"true\"><strong>Controle de velocidade ou tens\u00e3o:<\/strong> Nossa m\u00e1quina tipo eixo final oferece uma escolha entre controle de velocidade e controle de tens\u00e3o<br \/>\nmodos para atender a requisitos espec\u00edficos.<\/p>\n<p class=\"xsj_paragraph xsj_paragraph_level_0\" data-source-line=\"7\" data-source-line-display=\"true\"><strong>Compatibilidade com diferentes di\u00e2metros de fio<\/strong>:As m\u00e1quinas de desbobinamento e recolhimento podem manusear fios de v\u00e1rios tipos<br \/>\ndi\u00e2metros, proporcionando versatilidade para diferentes tipos de cabos.<\/p>\n<p class=\"xsj_paragraph xsj_paragraph_level_0\" data-source-line=\"10\" data-source-line-display=\"true\"><strong>Mudan\u00e7a de dire\u00e7\u00e3o autom\u00e1tica e manual<\/strong>:As m\u00e1quinas de desbobinamento e recolhimento suportam mudan\u00e7a de dire\u00e7\u00e3o autom\u00e1tica e manual.<\/p>\n<p class=\"xsj_paragraph xsj_paragraph_level_0\" data-source-line=\"13\" data-source-line-display=\"true\"><strong>For\u00e7a de fixa\u00e7\u00e3o ajust\u00e1vel:<\/strong> A for\u00e7a de fixa\u00e7\u00e3o do carretel do cabo pode ser facilmente ajustada para garantir ader\u00eancia e estabilidade adequadas.<\/p>\n<p class=\"xsj_paragraph xsj_paragraph_level_0\" data-source-line=\"16\" data-source-line-display=\"true\"><strong>Controle amig\u00e1vel ao usu\u00e1rio:<\/strong> As m\u00e1quinas de desbobinamento e recolhimento s\u00e3o equipadas com gabinetes de controle el\u00e9trico, caixas de opera\u00e7\u00e3o e pain\u00e9is de controle principais, com bot\u00f5es de controle simples ou conjuntos para f\u00e1cil opera\u00e7\u00e3o.<\/p>\n<p data-source-line=\"16\" data-source-line-display=\"true\">","protected":false},"excerpt":{"rendered":"<h2 id=\"features_1\" class=\"xsj_heading_hash xsj_heading xsj_heading_h2\" data-source-line=\"3\" data-source-line-display=\"true\"><span class=\"xsj_heading_content\">Caracter\u00edsticas:<\/span><\/h2>\n<ol class=\"markdown_ol\" data-source-line=\"5\">\n<li data-source-line=\"5\">M\u00e1quina de alto desempenho com capacidade m\u00e1xima de eleva\u00e7\u00e3o de 8T.<\/li>\n<li data-source-line=\"6\">Compat\u00edvel com bobinas de PN1250 a PN2000<\/li>\n<li data-source-line=\"7\">Adapta-se a di\u00e2metros de cabo de \u03a63-\u03a680 mm (m\u00e1x.).<\/li>\n<li data-source-line=\"8\">Motor principal para m\u00e1quina de enrolar cabos: motor de torque JLJ160-80-6 (motor de frequ\u00eancia vari\u00e1vel CA de 7,5 kW)<\/li>\n<li data-source-line=\"9\">Pot\u00eancia de eleva\u00e7\u00e3o: motor CA de 1,5 kW + redutor de roda dentada cicloidal (2 conjuntos)<br \/>\nMotor de fixa\u00e7\u00e3o e abertura: motor CA de 0,75 kW \/ 960 rpm (2 conjuntos) + redutor de roda dentada cicloidal<br \/>\nMotor de arranjo de fios: 0,75 kW\/1500 rpm (motor CA) + redutor de roda dentada cicloidal Arranjo de fios de parafuso<\/li>\n<li data-source-line=\"10\">Adequado para larguras de carretel variando de 950 mm a 1500 mm.<\/li>\n<li data-source-line=\"11\">Velocidade m\u00e1xima de recolhimento de 60 m\/min.<\/li>\n<li data-source-line=\"12\">F\u00e1cil de operar e manter.<\/li>\n<\/ol>","protected":false},"featured_media":32410,"template":"","meta":{"site-sidebar-layout":"default","site-content-layout":"default","ast-global-header-display":"","ast-banner-title-visibility":"","ast-main-header-display":"","ast-hfb-above-header-display":"","ast-hfb-below-header-display":"","ast-hfb-mobile-header-display":"","site-post-title":"","ast-breadcrumbs-content":"","ast-featured-img":"","footer-sml-layout":"","theme-transparent-header-meta":"default","adv-header-id-meta":"","stick-header-meta":"","header-above-stick-meta":"","header-main-stick-meta":"","header-below-stick-meta":""},"product_brand":[],"product_cat":[51,128],"product_tag":[],"class_list":{"0":"post-26229","1":"product","2":"type-product","3":"status-publish","4":"has-post-thumbnail","6":"product_cat-wire-take-up-machine","7":"product_cat-end-shaft-type-take-up-machine","8":"desktop-align-left","9":"tablet-align-left","10":"mobile-align-left","12":"first","13":"instock","14":"shipping-taxable","15":"product-type-simple"},"yoast_head":"<!-- This site is optimized with the Yoast SEO Premium plugin v20.12 (Yoast SEO v26.0) - https:\/\/yoast.com\/wordpress\/plugins\/seo\/ -->\n<title>QP2000End Shaft Type Cable Take-Up Frame - QiPang<\/title>\n<meta name=\"description\" content=\"Looking to take your cable management to the next level? Check out our high-performance QP630-1250 end shaft type Cable Take-Up Frame.\" \/>\n<meta name=\"robots\" content=\"index, follow, max-snippet:-1, max-image-preview:large, max-video-preview:-1\" \/>\n<link rel=\"canonical\" href=\"https:\/\/rollingringdrives.com\/pt\/produtos\/qp630-1250-extremidade-tipo-eixo-tipo-quadro-de-levantamento-de-cabo\/\" \/>\n<meta property=\"og:locale\" content=\"pt_PT\" \/>\n<meta property=\"og:type\" content=\"article\" \/>\n<meta property=\"og:title\" content=\"QP2000End Shaft Type Cable Take-Up Frame\" \/>\n<meta property=\"og:description\" content=\"Looking to take your cable management to the next level? Check out our high-performance QP630-1250 end shaft type Cable Take-Up Frame.\" \/>\n<meta property=\"og:url\" content=\"https:\/\/rollingringdrives.com\/pt\/produtos\/qp630-1250-extremidade-tipo-eixo-tipo-quadro-de-levantamento-de-cabo\/\" \/>\n<meta property=\"og:site_name\" content=\"QiPang\" \/>\n<meta property=\"article:modified_time\" content=\"2025-07-22T06:58:22+00:00\" \/>\n<meta property=\"og:image\" content=\"https:\/\/rollingringdrives.com\/wp-content\/uploads\/2023\/05\/11\u753b\u677f-1.jpg\" \/>\n\t<meta property=\"og:image:width\" content=\"800\" \/>\n\t<meta property=\"og:image:height\" content=\"800\" \/>\n\t<meta property=\"og:image:type\" content=\"image\/jpeg\" \/>\n<meta name=\"twitter:card\" content=\"summary_large_image\" \/>\n<meta name=\"twitter:label1\" content=\"Est. reading time\" \/>\n\t<meta name=\"twitter:data1\" content=\"1 minuto\" \/>\n<script type=\"application\/ld+json\" class=\"yoast-schema-graph\">{\"@context\":\"https:\/\/schema.org\",\"@graph\":[{\"@type\":\"WebPage\",\"@id\":\"https:\/\/rollingringdrives.com\/product\/qp630-1250-end-shaft-type-cable-take-up-frame\/\",\"url\":\"https:\/\/rollingringdrives.com\/product\/qp630-1250-end-shaft-type-cable-take-up-frame\/\",\"name\":\"QP2000End Shaft Type Cable Take-Up Frame - QiPang\",\"isPartOf\":{\"@id\":\"https:\/\/rollingringdrives.com\/#website\"},\"primaryImageOfPage\":{\"@id\":\"https:\/\/rollingringdrives.com\/product\/qp630-1250-end-shaft-type-cable-take-up-frame\/#primaryimage\"},\"image\":{\"@id\":\"https:\/\/rollingringdrives.com\/product\/qp630-1250-end-shaft-type-cable-take-up-frame\/#primaryimage\"},\"thumbnailUrl\":\"https:\/\/rollingringdrives.com\/wp-content\/uploads\/2023\/05\/11\u753b\u677f-1.jpg\",\"datePublished\":\"2023-05-23T02:16:30+00:00\",\"dateModified\":\"2025-07-22T06:58:22+00:00\",\"description\":\"Looking to take your cable management to the next level? Check out our high-performance QP630-1250 end shaft type Cable Take-Up Frame.\",\"breadcrumb\":{\"@id\":\"https:\/\/rollingringdrives.com\/product\/qp630-1250-end-shaft-type-cable-take-up-frame\/#breadcrumb\"},\"inLanguage\":\"pt-PT\",\"potentialAction\":[{\"@type\":\"ReadAction\",\"target\":[\"https:\/\/rollingringdrives.com\/product\/qp630-1250-end-shaft-type-cable-take-up-frame\/\"]}]},{\"@type\":\"ImageObject\",\"inLanguage\":\"pt-PT\",\"@id\":\"https:\/\/rollingringdrives.com\/product\/qp630-1250-end-shaft-type-cable-take-up-frame\/#primaryimage\",\"url\":\"https:\/\/rollingringdrives.com\/wp-content\/uploads\/2023\/05\/11\u753b\u677f-1.jpg\",\"contentUrl\":\"https:\/\/rollingringdrives.com\/wp-content\/uploads\/2023\/05\/11\u753b\u677f-1.jpg\",\"width\":800,\"height\":800,\"caption\":\"Take up machine\"},{\"@type\":\"BreadcrumbList\",\"@id\":\"https:\/\/rollingringdrives.com\/product\/qp630-1250-end-shaft-type-cable-take-up-frame\/#breadcrumb\",\"itemListElement\":[{\"@type\":\"ListItem\",\"position\":1,\"name\":\"Home\",\"item\":\"https:\/\/rollingringdrives.com\/\"},{\"@type\":\"ListItem\",\"position\":2,\"name\":\"Machines\",\"item\":\"https:\/\/rollingringdrives.com\/machines\/\"},{\"@type\":\"ListItem\",\"position\":3,\"name\":\"QP2000End Shaft Type Cable Take-Up Frame\"}]},{\"@type\":\"WebSite\",\"@id\":\"https:\/\/rollingringdrives.com\/#website\",\"url\":\"https:\/\/rollingringdrives.com\/\",\"name\":\"QiPang\",\"description\":\"QiPang Blog\",\"publisher\":{\"@id\":\"https:\/\/rollingringdrives.com\/#organization\"},\"potentialAction\":[{\"@type\":\"SearchAction\",\"target\":{\"@type\":\"EntryPoint\",\"urlTemplate\":\"https:\/\/rollingringdrives.com\/?s={search_term_string}\"},\"query-input\":{\"@type\":\"PropertyValueSpecification\",\"valueRequired\":true,\"valueName\":\"search_term_string\"}}],\"inLanguage\":\"pt-PT\"},{\"@type\":\"Organization\",\"@id\":\"https:\/\/rollingringdrives.com\/#organization\",\"name\":\"QiPang\",\"url\":\"https:\/\/rollingringdrives.com\/\",\"logo\":{\"@type\":\"ImageObject\",\"inLanguage\":\"pt-PT\",\"@id\":\"https:\/\/rollingringdrives.com\/#\/schema\/logo\/image\/\",\"url\":\"https:\/\/rollingringdrives.com\/wp-content\/uploads\/2023\/05\/cropped-\u672a\u547d\u540d\u7684\u8bbe\u8ba1.png\",\"contentUrl\":\"https:\/\/rollingringdrives.com\/wp-content\/uploads\/2023\/05\/cropped-\u672a\u547d\u540d\u7684\u8bbe\u8ba1.png\",\"width\":300,\"height\":191,\"caption\":\"QiPang\"},\"image\":{\"@id\":\"https:\/\/rollingringdrives.com\/#\/schema\/logo\/image\/\"}}]}<\/script>\n<!-- \/ Yoast SEO Premium plugin. -->","yoast_head_json":{"title":"Estrutura de enrolamento de cabos tipo eixo final QP2000 - QiPang","description":"Procurando levar seu gerenciamento de cabos para o pr\u00f3ximo n\u00edvel? Confira nossa Estrutura de Recolhimento de Cabos QP630-1250 tipo eixo final de alto desempenho.","robots":{"index":"index","follow":"follow","max-snippet":"max-snippet:-1","max-image-preview":"max-image-preview:large","max-video-preview":"max-video-preview:-1"},"canonical":"https:\/\/rollingringdrives.com\/pt\/produtos\/qp630-1250-extremidade-tipo-eixo-tipo-quadro-de-levantamento-de-cabo\/","og_locale":"pt_PT","og_type":"article","og_title":"QP2000End Shaft Type Cable Take-Up Frame","og_description":"Looking to take your cable management to the next level? Check out our high-performance QP630-1250 end shaft type Cable Take-Up Frame.","og_url":"https:\/\/rollingringdrives.com\/pt\/produtos\/qp630-1250-extremidade-tipo-eixo-tipo-quadro-de-levantamento-de-cabo\/","og_site_name":"QiPang","article_modified_time":"2025-07-22T06:58:22+00:00","og_image":[{"width":800,"height":800,"url":"https:\/\/rollingringdrives.com\/wp-content\/uploads\/2023\/05\/11\u753b\u677f-1.jpg","type":"image\/jpeg"}],"twitter_card":"summary_large_image","twitter_misc":{"Est. reading time":"1 minuto"},"schema":{"@context":"https:\/\/schema.org","@graph":[{"@type":"WebPage","@id":"https:\/\/rollingringdrives.com\/product\/qp630-1250-end-shaft-type-cable-take-up-frame\/","url":"https:\/\/rollingringdrives.com\/product\/qp630-1250-end-shaft-type-cable-take-up-frame\/","name":"Estrutura de enrolamento de cabos tipo eixo final QP2000 - QiPang","isPartOf":{"@id":"https:\/\/rollingringdrives.com\/#website"},"primaryImageOfPage":{"@id":"https:\/\/rollingringdrives.com\/product\/qp630-1250-end-shaft-type-cable-take-up-frame\/#primaryimage"},"image":{"@id":"https:\/\/rollingringdrives.com\/product\/qp630-1250-end-shaft-type-cable-take-up-frame\/#primaryimage"},"thumbnailUrl":"https:\/\/rollingringdrives.com\/wp-content\/uploads\/2023\/05\/11\u753b\u677f-1.jpg","datePublished":"2023-05-23T02:16:30+00:00","dateModified":"2025-07-22T06:58:22+00:00","description":"Procurando levar seu gerenciamento de cabos para o pr\u00f3ximo n\u00edvel? Confira nossa Estrutura de Recolhimento de Cabos QP630-1250 tipo eixo final de alto desempenho.","breadcrumb":{"@id":"https:\/\/rollingringdrives.com\/product\/qp630-1250-end-shaft-type-cable-take-up-frame\/#breadcrumb"},"inLanguage":"pt-PT","potentialAction":[{"@type":"ReadAction","target":["https:\/\/rollingringdrives.com\/product\/qp630-1250-end-shaft-type-cable-take-up-frame\/"]}]},{"@type":"ImageObject","inLanguage":"pt-PT","@id":"https:\/\/rollingringdrives.com\/product\/qp630-1250-end-shaft-type-cable-take-up-frame\/#primaryimage","url":"https:\/\/rollingringdrives.com\/wp-content\/uploads\/2023\/05\/11\u753b\u677f-1.jpg","contentUrl":"https:\/\/rollingringdrives.com\/wp-content\/uploads\/2023\/05\/11\u753b\u677f-1.jpg","width":800,"height":800,"caption":"Take up machine"},{"@type":"BreadcrumbList","@id":"https:\/\/rollingringdrives.com\/product\/qp630-1250-end-shaft-type-cable-take-up-frame\/#breadcrumb","itemListElement":[{"@type":"ListItem","position":1,"name":"Home","item":"https:\/\/rollingringdrives.com\/"},{"@type":"ListItem","position":2,"name":"Machines","item":"https:\/\/rollingringdrives.com\/machines\/"},{"@type":"ListItem","position":3,"name":"QP2000End Shaft Type Cable Take-Up Frame"}]},{"@type":"WebSite","@id":"https:\/\/rollingringdrives.com\/#website","url":"https:\/\/rollingringdrives.com\/","name":"QiPangName","description":"Blog QiPang","publisher":{"@id":"https:\/\/rollingringdrives.com\/#organization"},"potentialAction":[{"@type":"SearchAction","target":{"@type":"EntryPoint","urlTemplate":"https:\/\/rollingringdrives.com\/?s={search_term_string}"},"query-input":{"@type":"PropertyValueSpecification","valueRequired":true,"valueName":"search_term_string"}}],"inLanguage":"pt-PT"},{"@type":"Organization","@id":"https:\/\/rollingringdrives.com\/#organization","name":"QiPangName","url":"https:\/\/rollingringdrives.com\/","logo":{"@type":"ImageObject","inLanguage":"pt-PT","@id":"https:\/\/rollingringdrives.com\/#\/schema\/logo\/image\/","url":"https:\/\/rollingringdrives.com\/wp-content\/uploads\/2023\/05\/cropped-\u672a\u547d\u540d\u7684\u8bbe\u8ba1.png","contentUrl":"https:\/\/rollingringdrives.com\/wp-content\/uploads\/2023\/05\/cropped-\u672a\u547d\u540d\u7684\u8bbe\u8ba1.png","width":300,"height":191,"caption":"QiPang"},"image":{"@id":"https:\/\/rollingringdrives.com\/#\/schema\/logo\/image\/"}}]}},"_links":{"self":[{"href":"https:\/\/rollingringdrives.com\/pt\/wp-json\/wp\/v2\/product\/26229","targetHints":{"allow":["GET"]}}],"collection":[{"href":"https:\/\/rollingringdrives.com\/pt\/wp-json\/wp\/v2\/product"}],"about":[{"href":"https:\/\/rollingringdrives.com\/pt\/wp-json\/wp\/v2\/types\/product"}],"version-history":[{"count":0,"href":"https:\/\/rollingringdrives.com\/pt\/wp-json\/wp\/v2\/product\/26229\/revisions"}],"wp:featuredmedia":[{"embeddable":true,"href":"https:\/\/rollingringdrives.com\/pt\/wp-json\/wp\/v2\/media\/32410"}],"wp:attachment":[{"href":"https:\/\/rollingringdrives.com\/pt\/wp-json\/wp\/v2\/media?parent=26229"}],"wp:term":[{"taxonomy":"product_brand","embeddable":true,"href":"https:\/\/rollingringdrives.com\/pt\/wp-json\/wp\/v2\/product_brand?post=26229"},{"taxonomy":"product_cat","embeddable":true,"href":"https:\/\/rollingringdrives.com\/pt\/wp-json\/wp\/v2\/product_cat?post=26229"},{"taxonomy":"product_tag","embeddable":true,"href":"https:\/\/rollingringdrives.com\/pt\/wp-json\/wp\/v2\/product_tag?post=26229"}],"curies":[{"name":"wp","href":"https:\/\/api.w.org\/{rel}","templated":true}]}}