{"id":26275,"date":"2023-05-23T06:20:36","date_gmt":"2023-05-23T06:20:36","guid":{"rendered":"https:\/\/rollingringdrives.com\/?post_type=product&#038;p=26275"},"modified":"2025-07-07T07:41:51","modified_gmt":"2025-07-07T07:41:51","slug":"630-japanese-style-magnetic-powder-tension-wire-pay-off-rack","status":"publish","type":"product","link":"https:\/\/rollingringdrives.com\/pt\/produtos\/630-estilo-japones-estilo-japones-magnetico-po-fio-de-tensao-pay-off-rack\/","title":{"rendered":"630 cremalheira de tens\u00e3o de fio de tens\u00e3o magn\u00e9tica estilo japon\u00eas 630"},"content":{"rendered":"<p class=\"xsj_paragraph xsj_paragraph_level_0\" data-source-line=\"0\" data-source-line-display=\"true\">O\u00a0<strong class=\"markdown_strong_asterisk\">630 racks de fio de tens\u00e3o de p\u00f3 magn\u00e9tico de estilo japon\u00eas<\/strong> s\u00e3o uma solu\u00e7\u00e3o de alimenta\u00e7\u00e3o de arame dur\u00e1vel e vers\u00e1til que pode acomodar bobinas de arame de at\u00e9 630 mm. Eles t\u00eam uma abertura padr\u00e3o de 56 mm, mas podem ser personalizados para atender \u00e0s suas necessidades. Esses racks de desbobinadores de arame possuem um sistema de freio a p\u00f3 magn\u00e9tico que fornece controle de tens\u00e3o consistente e confi\u00e1vel para alimenta\u00e7\u00e3o de arame.<\/p>\n<p data-source-line=\"0\" data-source-line-display=\"true\"><div id=\"footable_parent_26277\"\n         class=\"footable_parent ninja_table_wrapper loading_ninja_table wp_table_data_press_parent semantic_ui\">\n                <table data-ninja_table_instance=\"ninja_table_instance_0\" data-footable_id=\"26277\" data-filter-delay=\"1000\" aria-label=\"6\u65b0\u5efa XL2dSX \u5de5\u4f5c\u8868 (2).csv\"            id=\"footable_26277\"\n           data-unique_identifier=\"ninja_table_unique_id_1559342515_26277\"\n           class=\"foo-table ninja_footable foo_table_26277 ninja_table_unique_id_1559342515_26277 ui table  nt_type_legacy_table selectable striped vertical_centered  footable-paging-right ninja_table_search_disabled ninja_table_pro\">\n                <colgroup>\n                            <col class=\"ninja_column_0\">\n                            <col class=\"ninja_column_1\">\n                    <\/colgroup>\n        <thead>\n<tr class=\"footable-header\">\n                                        <th scope=\"col\"  class=\"ninja_column_0 ninja_clmn_nm_technicalparameter\">Par\u00e2metro t\u00e9cnico<\/th><th scope=\"col\"  class=\"ninja_column_1 ninja_clmn_nm_value\">Valor<\/th><\/tr>\n<\/thead>\n<tbody>\n\n        <tr data-row_id=\"303\" class=\"ninja_table_row_0 nt_row_id_303\">\n            <td>Carretel de Fio Aplic\u00e1vel<\/td><td>400-630mm<\/td>        <\/tr>\n            <tr data-row_id=\"304\" class=\"ninja_table_row_1 nt_row_id_304\">\n            <td>Abertura padr\u00e3o<\/td><td>56mm (personaliz\u00e1vel)<\/td>        <\/tr>\n            <tr data-row_id=\"305\" class=\"ninja_table_row_2 nt_row_id_305\">\n            <td>Freio<\/td><td>P\u00f3 magn\u00e9tico 5KG + freio controlador<\/td>        <\/tr>\n            <tr data-row_id=\"306\" class=\"ninja_table_row_3 nt_row_id_306\">\n            <td>Pistola de Tens\u00e3o<\/td><td>Manter a Tens\u00e3o<\/td>        <\/tr>\n            <tr data-row_id=\"307\" class=\"ninja_table_row_4 nt_row_id_307\">\n            <td>suporte de carga<\/td><td>200kg<\/td>        <\/tr>\n            <tr data-row_id=\"308\" class=\"ninja_table_row_5 nt_row_id_308\">\n            <td>Tamanho<\/td><td>1.0001E+11<\/td>        <\/tr>\n            <tr data-row_id=\"309\" class=\"ninja_table_row_6 nt_row_id_309\">\n            <td>Faixa de di\u00e2metro do fio<\/td><td>0,3-2,8 mm<\/td>        <\/tr>\n            <tr data-row_id=\"310\" class=\"ninja_table_row_7 nt_row_id_310\">\n            <td>Tipo de fio tran\u00e7ado<\/td><td>Fio esmaltado, fio BVR, fio de cobre nu<\/td>        <\/tr>\n            <tr data-row_id=\"311\" class=\"ninja_table_row_8 nt_row_id_311\">\n            <td>N\u00famero de cabe\u00e7as<\/td><td>Cabe\u00e7a \u00fanica, cabe\u00e7a dupla<\/td>        <\/tr>\n            <tr data-row_id=\"312\" class=\"ninja_table_row_9 nt_row_id_312\">\n            <td>Ao controle<\/td><td>Controle eletrost\u00e1tico, freio autom\u00e1tico de engrenagem<\/td>        <\/tr>\n    <\/tbody><!--ninja_tobody_rendering_done-->\n    <\/table>\n    \n    \n    \n<\/div>\n<\/p>\n<div class=\"xiaoshujiang_element xsj_anchor\"><a class=\"blank_anchor_name\" name=\"features_1\"><\/a><a id=\"features_1\" class=\"blank_anchor_id\"><\/a><a class=\"blank_anchor_name\" name=\"features\"><\/a><a id=\"features\" class=\"blank_anchor_id\"><\/a><\/div>\n<h2 id=\"features_1\" class=\"xsj_heading_hash xsj_heading xsj_heading_h2\" data-source-line=\"2\" data-source-line-display=\"true\"><span class=\"xsj_heading_content\">Caracter\u00edsticas<\/span><\/h2>\n<ol class=\"markdown_ol\" data-source-line=\"4\">\n<li data-source-line=\"4\">Freio de p\u00f3 magn\u00e9tico: Os racks de compensa\u00e7\u00e3o de fio de tens\u00e3o de p\u00f3 magn\u00e9tico estilo japon\u00eas 630 t\u00eam um sistema de freio de p\u00f3 magn\u00e9tico que garante um controle de tens\u00e3o de alimenta\u00e7\u00e3o de fio consistente e confi\u00e1vel.<\/li>\n<li data-source-line=\"5\">Pistola de manuten\u00e7\u00e3o da tens\u00e3o: esses racks de desbobinamento de fio apresentam uma pistola de manuten\u00e7\u00e3o da tens\u00e3o que permite manter a tens\u00e3o constante no fio \u00e0 medida que ele \u00e9 alimentado pela estrutura.<\/li>\n<li data-source-line=\"6\">Capacidade de carga: Os 630 racks magn\u00e9ticos de fio de tens\u00e3o de p\u00f3 de estilo japon\u00eas podem suportar uma capacidade m\u00e1xima de peso de 200 kg.<\/li>\n<li data-source-line=\"7\">Compatibilidade com v\u00e1rios tipos de fios: Esses racks de desembainhamento de fios s\u00e3o projetados para serem compat\u00edveis com v\u00e1rios tipos de fios tran\u00e7ados, incluindo fio esmaltado, fio BVR e fio de cobre nu.<\/li>\n<li data-source-line=\"8\">Configura\u00e7\u00e3o de cabe\u00e7ote \u00fanico ou cabe\u00e7ote duplo: Os racks de desembara\u00e7amento de fio de tens\u00e3o de p\u00f3 magn\u00e9tico estilo japon\u00eas 630 est\u00e3o dispon\u00edveis em configura\u00e7\u00f5es de cabe\u00e7ote \u00fanico e cabe\u00e7ote duplo, permitindo que voc\u00ea escolha a op\u00e7\u00e3o que melhor atende \u00e0s suas necessidades de aplica\u00e7\u00e3o.<\/li>\n<\/ol>\n<div class=\"xiaoshujiang_element xsj_anchor\"><a class=\"blank_anchor_name\" name=\"applications_2\"><\/a><a id=\"applications_2\" class=\"blank_anchor_id\"><\/a><a class=\"blank_anchor_name\" name=\"applications\"><\/a><a id=\"applications\" class=\"blank_anchor_id\"><\/a><\/div>\n<h2 id=\"applications_2\" class=\"xsj_heading_hash xsj_heading xsj_heading_h2\" data-source-line=\"10\" data-source-line-display=\"true\"><span class=\"xsj_heading_content\">Formul\u00e1rios<\/span><\/h2>\n<p class=\"xsj_paragraph xsj_paragraph_level_0\" data-source-line=\"12\" data-source-line-display=\"true\">Os 630 racks de tens\u00e3o de fio magn\u00e9tico de estilo japon\u00eas atendem a v\u00e1rias aplica\u00e7\u00f5es de alimenta\u00e7\u00e3o de fio. Eles s\u00e3o comumente usados para fabricar componentes el\u00e9tricos e eletr\u00f4nicos, como motores, transformadores e placas de circuito. Eles tamb\u00e9m s\u00e3o ideais para a produ\u00e7\u00e3o de cabos e chicotes de fios e adequados para v\u00e1rios tipos de fios, incluindo BVR esmaltado e fio de cobre nu.<\/p>\n<div class=\"xiaoshujiang_element xsj_anchor\"><a class=\"blank_anchor_name\" name=\"faqs_3\"><\/a><a id=\"faqs_3\" class=\"blank_anchor_id\"><\/a><a class=\"blank_anchor_name\" name=\"faqs\"><\/a><a id=\"faqs\" class=\"blank_anchor_id\"><\/a><\/div>\n<h2 id=\"faqs_3\" class=\"xsj_heading_hash xsj_heading xsj_heading_h2\" data-source-line=\"14\" data-source-line-display=\"true\"><span class=\"xsj_heading_content\">perguntas frequentes<\/span><\/h2>\n<p class=\"xsj_paragraph xsj_paragraph_level_0\" data-source-line=\"16\" data-source-line-display=\"true\"><strong class=\"markdown_strong_asterisk\">1. Quais tamanhos de bobinas de arame podem ser acomodados pelos 630 Wire Pay-Off Racks?<\/strong><br \/>\nOs 630 racks de tens\u00e3o magn\u00e9tica de fio de p\u00f3 magn\u00e9tico de estilo japon\u00eas podem acomodar bobinas de fio de at\u00e9 630 mm de tamanho.<\/p>\n<p class=\"xsj_paragraph xsj_paragraph_level_0\" data-source-line=\"19\" data-source-line-display=\"true\"><strong class=\"markdown_strong_asterisk\">2. Que tipo de sistema de freio esses desembara\u00e7adores possuem?<\/strong><br \/>\nOs 630 racks de tens\u00e3o de fio de p\u00f3 magn\u00e9tico de estilo japon\u00eas t\u00eam um sistema de freio de p\u00f3 magn\u00e9tico que fornece controle de tens\u00e3o de alimenta\u00e7\u00e3o de fio consistente e confi\u00e1vel.<\/p>\n<p class=\"xsj_paragraph xsj_paragraph_level_0\" data-source-line=\"22\" data-source-line-display=\"true\"><strong class=\"markdown_strong_asterisk\">3. Qual \u00e9 a capacidade m\u00e1xima de suporte de carga desses desembara\u00e7adores de arame?<\/strong><br \/>\nEsses racks de arame podem suportar uma capacidade m\u00e1xima de peso de 200 kg.<\/p>\n<p class=\"xsj_paragraph xsj_paragraph_level_0\" data-source-line=\"25\" data-source-line-display=\"true\"><strong class=\"markdown_strong_asterisk\">4. Esses racks de desbobinadores de fio podem ser configurados para acomodar diferentes tipos de fio?<\/strong><br \/>\nSim, os racks de desembara\u00e7amento de fio estilo japon\u00eas 630 foram projetados para serem compat\u00edveis com v\u00e1rios tipos de fio tran\u00e7ado, incluindo fio esmaltado, fio BVR e fio de cobre nu.<\/p>\n<p class=\"xsj_paragraph xsj_paragraph_level_0\" data-source-line=\"28\" data-source-line-display=\"true\"><strong class=\"markdown_strong_asterisk\">5. Esses racks de desbobinadores de fio est\u00e3o dispon\u00edveis em diferentes configura\u00e7\u00f5es?<\/strong><br \/>\nSim, os 630 racks de tens\u00e3o de p\u00f3 magn\u00e9tico de estilo japon\u00eas est\u00e3o dispon\u00edveis em configura\u00e7\u00f5es de cabe\u00e7ote \u00fanico e cabe\u00e7ote duplo, permitindo que voc\u00ea escolha a op\u00e7\u00e3o que melhor atende \u00e0s suas necessidades de aplica\u00e7\u00e3o.<\/p>","protected":false},"excerpt":{"rendered":"<h2 id=\"features_1\" class=\"xsj_heading_hash xsj_heading xsj_heading_h2\" data-source-line=\"2\" data-source-line-display=\"true\"><span class=\"xsj_heading_content\">Caracter\u00edsticas<\/span><\/h2>\n<ol class=\"markdown_ol\" data-source-line=\"4\">\n<li data-source-line=\"4\">Freio de p\u00f3 magn\u00e9tico.<\/li>\n<li data-source-line=\"5\">Mantenha a Arma de Tens\u00e3o.<\/li>\n<li data-source-line=\"6\">Capacidade de carga.<\/li>\n<li data-source-line=\"7\">Compatibilidade de v\u00e1rios tipos de fios.<\/li>\n<li data-source-line=\"8\">Configura\u00e7\u00e3o de cabe\u00e7ote \u00fanico ou cabe\u00e7ote duplo.<\/li>\n<\/ol>","protected":false},"featured_media":26278,"template":"","meta":{"site-sidebar-layout":"default","site-content-layout":"default","ast-global-header-display":"","ast-banner-title-visibility":"","ast-main-header-display":"","ast-hfb-above-header-display":"","ast-hfb-below-header-display":"","ast-hfb-mobile-header-display":"","site-post-title":"","ast-breadcrumbs-content":"","ast-featured-img":"","footer-sml-layout":"","theme-transparent-header-meta":"default","adv-header-id-meta":"","stick-header-meta":"","header-above-stick-meta":"","header-main-stick-meta":"","header-below-stick-meta":""},"product_brand":[],"product_cat":[48,131],"product_tag":[],"class_list":{"0":"post-26275","1":"product","2":"type-product","3":"status-publish","4":"has-post-thumbnail","6":"product_cat-wire-payoff-machine","7":"product_cat-tension-pay-off-rack","8":"desktop-align-left","9":"tablet-align-left","10":"mobile-align-left","12":"first","13":"instock","14":"shipping-taxable","15":"product-type-simple"},"yoast_head":"<!-- This site is optimized with the Yoast SEO Premium plugin v20.12 (Yoast SEO v26.0) - https:\/\/yoast.com\/wordpress\/plugins\/seo\/ -->\n<title>630 Japanese-Style Magnetic Powder Tension Wire Pay-Off Rack - QiPang<\/title>\n<meta name=\"description\" content=\"Looking for a durable and versatile wire-feeding solution? Check out our Japanese-Style Wire Pay-Off. Our 630 Magnetic Powder Tension Wire Pay-Off Racks can accommodate wire reels of up to 630mm. Order now for seamless wire feeding!\" \/>\n<meta name=\"robots\" content=\"index, follow, max-snippet:-1, max-image-preview:large, max-video-preview:-1\" \/>\n<link rel=\"canonical\" href=\"https:\/\/rollingringdrives.com\/pt\/produtos\/630-estilo-japones-estilo-japones-magnetico-po-fio-de-tensao-pay-off-rack\/\" \/>\n<meta property=\"og:locale\" content=\"pt_PT\" \/>\n<meta property=\"og:type\" content=\"article\" \/>\n<meta property=\"og:title\" content=\"630 Japanese-Style Magnetic Powder Tension Wire Pay-Off Rack\" \/>\n<meta property=\"og:description\" content=\"Looking for a durable and versatile wire-feeding solution? Check out our Japanese-Style Wire Pay-Off. Our 630 Magnetic Powder Tension Wire Pay-Off Racks can accommodate wire reels of up to 630mm. Order now for seamless wire feeding!\" \/>\n<meta property=\"og:url\" content=\"https:\/\/rollingringdrives.com\/pt\/produtos\/630-estilo-japones-estilo-japones-magnetico-po-fio-de-tensao-pay-off-rack\/\" \/>\n<meta property=\"og:site_name\" content=\"QiPang\" \/>\n<meta property=\"article:modified_time\" content=\"2025-07-07T07:41:51+00:00\" \/>\n<meta property=\"og:image\" content=\"https:\/\/rollingringdrives.com\/wp-content\/uploads\/2023\/05\/1-20.jpg\" \/>\n\t<meta property=\"og:image:width\" content=\"600\" \/>\n\t<meta property=\"og:image:height\" content=\"600\" \/>\n\t<meta property=\"og:image:type\" content=\"image\/jpeg\" \/>\n<meta name=\"twitter:card\" content=\"summary_large_image\" \/>\n<meta name=\"twitter:label1\" content=\"Est. reading time\" \/>\n\t<meta name=\"twitter:data1\" content=\"2 minutos\" \/>\n<script type=\"application\/ld+json\" class=\"yoast-schema-graph\">{\"@context\":\"https:\/\/schema.org\",\"@graph\":[{\"@type\":\"WebPage\",\"@id\":\"https:\/\/rollingringdrives.com\/product\/630-japanese-style-magnetic-powder-tension-wire-pay-off-rack\/\",\"url\":\"https:\/\/rollingringdrives.com\/product\/630-japanese-style-magnetic-powder-tension-wire-pay-off-rack\/\",\"name\":\"630 Japanese-Style Magnetic Powder Tension Wire Pay-Off Rack - QiPang\",\"isPartOf\":{\"@id\":\"https:\/\/rollingringdrives.com\/#website\"},\"primaryImageOfPage\":{\"@id\":\"https:\/\/rollingringdrives.com\/product\/630-japanese-style-magnetic-powder-tension-wire-pay-off-rack\/#primaryimage\"},\"image\":{\"@id\":\"https:\/\/rollingringdrives.com\/product\/630-japanese-style-magnetic-powder-tension-wire-pay-off-rack\/#primaryimage\"},\"thumbnailUrl\":\"https:\/\/rollingringdrives.com\/wp-content\/uploads\/2023\/05\/1-20.jpg\",\"datePublished\":\"2023-05-23T06:20:36+00:00\",\"dateModified\":\"2025-07-07T07:41:51+00:00\",\"description\":\"Looking for a durable and versatile wire-feeding solution? Check out our Japanese-Style Wire Pay-Off. Our 630 Magnetic Powder Tension Wire Pay-Off Racks can accommodate wire reels of up to 630mm. Order now for seamless wire feeding!\",\"breadcrumb\":{\"@id\":\"https:\/\/rollingringdrives.com\/product\/630-japanese-style-magnetic-powder-tension-wire-pay-off-rack\/#breadcrumb\"},\"inLanguage\":\"pt-PT\",\"potentialAction\":[{\"@type\":\"ReadAction\",\"target\":[\"https:\/\/rollingringdrives.com\/product\/630-japanese-style-magnetic-powder-tension-wire-pay-off-rack\/\"]}]},{\"@type\":\"ImageObject\",\"inLanguage\":\"pt-PT\",\"@id\":\"https:\/\/rollingringdrives.com\/product\/630-japanese-style-magnetic-powder-tension-wire-pay-off-rack\/#primaryimage\",\"url\":\"https:\/\/rollingringdrives.com\/wp-content\/uploads\/2023\/05\/1-20.jpg\",\"contentUrl\":\"https:\/\/rollingringdrives.com\/wp-content\/uploads\/2023\/05\/1-20.jpg\",\"width\":600,\"height\":600,\"caption\":\"630 Japanese-Style Magnetic Powder Tension Wire Pay-Off Rack\"},{\"@type\":\"BreadcrumbList\",\"@id\":\"https:\/\/rollingringdrives.com\/product\/630-japanese-style-magnetic-powder-tension-wire-pay-off-rack\/#breadcrumb\",\"itemListElement\":[{\"@type\":\"ListItem\",\"position\":1,\"name\":\"Home\",\"item\":\"https:\/\/rollingringdrives.com\/\"},{\"@type\":\"ListItem\",\"position\":2,\"name\":\"Machines\",\"item\":\"https:\/\/rollingringdrives.com\/machines\/\"},{\"@type\":\"ListItem\",\"position\":3,\"name\":\"630 Japanese-Style Magnetic Powder Tension Wire Pay-Off Rack\"}]},{\"@type\":\"WebSite\",\"@id\":\"https:\/\/rollingringdrives.com\/#website\",\"url\":\"https:\/\/rollingringdrives.com\/\",\"name\":\"QiPang\",\"description\":\"QiPang Blog\",\"publisher\":{\"@id\":\"https:\/\/rollingringdrives.com\/#organization\"},\"potentialAction\":[{\"@type\":\"SearchAction\",\"target\":{\"@type\":\"EntryPoint\",\"urlTemplate\":\"https:\/\/rollingringdrives.com\/?s={search_term_string}\"},\"query-input\":{\"@type\":\"PropertyValueSpecification\",\"valueRequired\":true,\"valueName\":\"search_term_string\"}}],\"inLanguage\":\"pt-PT\"},{\"@type\":\"Organization\",\"@id\":\"https:\/\/rollingringdrives.com\/#organization\",\"name\":\"QiPang\",\"url\":\"https:\/\/rollingringdrives.com\/\",\"logo\":{\"@type\":\"ImageObject\",\"inLanguage\":\"pt-PT\",\"@id\":\"https:\/\/rollingringdrives.com\/#\/schema\/logo\/image\/\",\"url\":\"https:\/\/rollingringdrives.com\/wp-content\/uploads\/2023\/05\/cropped-\u672a\u547d\u540d\u7684\u8bbe\u8ba1.png\",\"contentUrl\":\"https:\/\/rollingringdrives.com\/wp-content\/uploads\/2023\/05\/cropped-\u672a\u547d\u540d\u7684\u8bbe\u8ba1.png\",\"width\":300,\"height\":191,\"caption\":\"QiPang\"},\"image\":{\"@id\":\"https:\/\/rollingringdrives.com\/#\/schema\/logo\/image\/\"}}]}<\/script>\n<!-- \/ Yoast SEO Premium plugin. -->","yoast_head_json":{"title":"630 Rack de Tens\u00e3o de P\u00f3 Magn\u00e9tico Estilo Japon\u00eas - QiPang","description":"Procurando uma solu\u00e7\u00e3o de alimenta\u00e7\u00e3o de arame dur\u00e1vel e vers\u00e1til? Confira nosso pagamento de fio de estilo japon\u00eas. Nossos 630 racks magn\u00e9ticos de tens\u00e3o de fio de tens\u00e3o de p\u00f3 podem acomodar bobinas de fio de at\u00e9 630 mm. Encomende agora para alimenta\u00e7\u00e3o de arame sem costura!","robots":{"index":"index","follow":"follow","max-snippet":"max-snippet:-1","max-image-preview":"max-image-preview:large","max-video-preview":"max-video-preview:-1"},"canonical":"https:\/\/rollingringdrives.com\/pt\/produtos\/630-estilo-japones-estilo-japones-magnetico-po-fio-de-tensao-pay-off-rack\/","og_locale":"pt_PT","og_type":"article","og_title":"630 Japanese-Style Magnetic Powder Tension Wire Pay-Off Rack","og_description":"Looking for a durable and versatile wire-feeding solution? Check out our Japanese-Style Wire Pay-Off. Our 630 Magnetic Powder Tension Wire Pay-Off Racks can accommodate wire reels of up to 630mm. Order now for seamless wire feeding!","og_url":"https:\/\/rollingringdrives.com\/pt\/produtos\/630-estilo-japones-estilo-japones-magnetico-po-fio-de-tensao-pay-off-rack\/","og_site_name":"QiPang","article_modified_time":"2025-07-07T07:41:51+00:00","og_image":[{"width":600,"height":600,"url":"https:\/\/rollingringdrives.com\/wp-content\/uploads\/2023\/05\/1-20.jpg","type":"image\/jpeg"}],"twitter_card":"summary_large_image","twitter_misc":{"Est. reading time":"2 minutos"},"schema":{"@context":"https:\/\/schema.org","@graph":[{"@type":"WebPage","@id":"https:\/\/rollingringdrives.com\/product\/630-japanese-style-magnetic-powder-tension-wire-pay-off-rack\/","url":"https:\/\/rollingringdrives.com\/product\/630-japanese-style-magnetic-powder-tension-wire-pay-off-rack\/","name":"630 Rack de Tens\u00e3o de P\u00f3 Magn\u00e9tico Estilo Japon\u00eas - QiPang","isPartOf":{"@id":"https:\/\/rollingringdrives.com\/#website"},"primaryImageOfPage":{"@id":"https:\/\/rollingringdrives.com\/product\/630-japanese-style-magnetic-powder-tension-wire-pay-off-rack\/#primaryimage"},"image":{"@id":"https:\/\/rollingringdrives.com\/product\/630-japanese-style-magnetic-powder-tension-wire-pay-off-rack\/#primaryimage"},"thumbnailUrl":"https:\/\/rollingringdrives.com\/wp-content\/uploads\/2023\/05\/1-20.jpg","datePublished":"2023-05-23T06:20:36+00:00","dateModified":"2025-07-07T07:41:51+00:00","description":"Procurando uma solu\u00e7\u00e3o de alimenta\u00e7\u00e3o de arame dur\u00e1vel e vers\u00e1til? Confira nosso pagamento de fio de estilo japon\u00eas. Nossos 630 racks magn\u00e9ticos de tens\u00e3o de fio de tens\u00e3o de p\u00f3 podem acomodar bobinas de fio de at\u00e9 630 mm. Encomende agora para alimenta\u00e7\u00e3o de arame sem costura!","breadcrumb":{"@id":"https:\/\/rollingringdrives.com\/product\/630-japanese-style-magnetic-powder-tension-wire-pay-off-rack\/#breadcrumb"},"inLanguage":"pt-PT","potentialAction":[{"@type":"ReadAction","target":["https:\/\/rollingringdrives.com\/product\/630-japanese-style-magnetic-powder-tension-wire-pay-off-rack\/"]}]},{"@type":"ImageObject","inLanguage":"pt-PT","@id":"https:\/\/rollingringdrives.com\/product\/630-japanese-style-magnetic-powder-tension-wire-pay-off-rack\/#primaryimage","url":"https:\/\/rollingringdrives.com\/wp-content\/uploads\/2023\/05\/1-20.jpg","contentUrl":"https:\/\/rollingringdrives.com\/wp-content\/uploads\/2023\/05\/1-20.jpg","width":600,"height":600,"caption":"630 Japanese-Style Magnetic Powder Tension Wire Pay-Off Rack"},{"@type":"BreadcrumbList","@id":"https:\/\/rollingringdrives.com\/product\/630-japanese-style-magnetic-powder-tension-wire-pay-off-rack\/#breadcrumb","itemListElement":[{"@type":"ListItem","position":1,"name":"Home","item":"https:\/\/rollingringdrives.com\/"},{"@type":"ListItem","position":2,"name":"Machines","item":"https:\/\/rollingringdrives.com\/machines\/"},{"@type":"ListItem","position":3,"name":"630 Japanese-Style Magnetic Powder Tension Wire Pay-Off Rack"}]},{"@type":"WebSite","@id":"https:\/\/rollingringdrives.com\/#website","url":"https:\/\/rollingringdrives.com\/","name":"QiPangName","description":"Blog QiPang","publisher":{"@id":"https:\/\/rollingringdrives.com\/#organization"},"potentialAction":[{"@type":"SearchAction","target":{"@type":"EntryPoint","urlTemplate":"https:\/\/rollingringdrives.com\/?s={search_term_string}"},"query-input":{"@type":"PropertyValueSpecification","valueRequired":true,"valueName":"search_term_string"}}],"inLanguage":"pt-PT"},{"@type":"Organization","@id":"https:\/\/rollingringdrives.com\/#organization","name":"QiPangName","url":"https:\/\/rollingringdrives.com\/","logo":{"@type":"ImageObject","inLanguage":"pt-PT","@id":"https:\/\/rollingringdrives.com\/#\/schema\/logo\/image\/","url":"https:\/\/rollingringdrives.com\/wp-content\/uploads\/2023\/05\/cropped-\u672a\u547d\u540d\u7684\u8bbe\u8ba1.png","contentUrl":"https:\/\/rollingringdrives.com\/wp-content\/uploads\/2023\/05\/cropped-\u672a\u547d\u540d\u7684\u8bbe\u8ba1.png","width":300,"height":191,"caption":"QiPang"},"image":{"@id":"https:\/\/rollingringdrives.com\/#\/schema\/logo\/image\/"}}]}},"_links":{"self":[{"href":"https:\/\/rollingringdrives.com\/pt\/wp-json\/wp\/v2\/product\/26275","targetHints":{"allow":["GET"]}}],"collection":[{"href":"https:\/\/rollingringdrives.com\/pt\/wp-json\/wp\/v2\/product"}],"about":[{"href":"https:\/\/rollingringdrives.com\/pt\/wp-json\/wp\/v2\/types\/product"}],"version-history":[{"count":0,"href":"https:\/\/rollingringdrives.com\/pt\/wp-json\/wp\/v2\/product\/26275\/revisions"}],"wp:featuredmedia":[{"embeddable":true,"href":"https:\/\/rollingringdrives.com\/pt\/wp-json\/wp\/v2\/media\/26278"}],"wp:attachment":[{"href":"https:\/\/rollingringdrives.com\/pt\/wp-json\/wp\/v2\/media?parent=26275"}],"wp:term":[{"taxonomy":"product_brand","embeddable":true,"href":"https:\/\/rollingringdrives.com\/pt\/wp-json\/wp\/v2\/product_brand?post=26275"},{"taxonomy":"product_cat","embeddable":true,"href":"https:\/\/rollingringdrives.com\/pt\/wp-json\/wp\/v2\/product_cat?post=26275"},{"taxonomy":"product_tag","embeddable":true,"href":"https:\/\/rollingringdrives.com\/pt\/wp-json\/wp\/v2\/product_tag?post=26275"}],"curies":[{"name":"wp","href":"https:\/\/api.w.org\/{rel}","templated":true}]}}