{"id":26284,"date":"2023-05-23T06:29:01","date_gmt":"2023-05-23T06:29:01","guid":{"rendered":"https:\/\/rollingringdrives.com\/?post_type=product&#038;p=26284"},"modified":"2025-07-07T07:41:32","modified_gmt":"2025-07-07T07:41:32","slug":"630-japanese-style-tension-belt-brake-wire-pay-off-stand","status":"publish","type":"product","link":"https:\/\/rollingringdrives.com\/pt\/produtos\/630-estilo-japones-correia-de-freio-correia-de-freio-descarga-suporte\/","title":{"rendered":"Suporte de cabo de freio de correia tensora estilo japon\u00eas 630"},"content":{"rendered":"<p class=\"xsj_paragraph xsj_paragraph_level_0\" data-source-line=\"0\" data-source-line-display=\"true\">O\u00a0<strong class=\"markdown_strong_asterisk\">Suporte de cabo de freio de correia tensora estilo japon\u00eas 630<\/strong> \u00e9 uma ferramenta essencial para quem trabalha com fios regularmente. Com uma capacidade de carga de 200kg e um tamanho de 750* 450* 1200, este suporte de desbobinador de fio foi projetado para segurar bobinas de fio com um comprimento apropriado de 400-630mm. Este suporte de arame tem v\u00e1rios recursos, incluindo uma correia de freio, uma pistola de tens\u00e3o para manter a tens\u00e3o, controle eletrost\u00e1tico e um freio autom\u00e1tico de correia\/engrenagem quebrada.<\/p>\n<p data-source-line=\"0\" data-source-line-display=\"true\"><div id=\"footable_parent_26286\"\n         class=\"footable_parent ninja_table_wrapper loading_ninja_table wp_table_data_press_parent semantic_ui\">\n                <table data-ninja_table_instance=\"ninja_table_instance_0\" data-footable_id=\"26286\" data-filter-delay=\"1000\" aria-label=\"7\u65b0\u5efa XL2dSX \u5de5\u4f5c\u8868 (2).csv\"            id=\"footable_26286\"\n           data-unique_identifier=\"ninja_table_unique_id_1978234681_26286\"\n           class=\"foo-table ninja_footable foo_table_26286 ninja_table_unique_id_1978234681_26286 ui table  nt_type_legacy_table selectable striped vertical_centered  footable-paging-right ninja_table_search_disabled ninja_table_pro\">\n                <colgroup>\n                            <col class=\"ninja_column_0\">\n                            <col class=\"ninja_column_1\">\n                    <\/colgroup>\n        <thead>\n<tr class=\"footable-header\">\n                                        <th scope=\"col\"  class=\"ninja_column_0 ninja_clmn_nm_technicalparameter\">Par\u00e2metro t\u00e9cnico<\/th><th scope=\"col\"  class=\"ninja_column_1 ninja_clmn_nm_value\">Valor<\/th><\/tr>\n<\/thead>\n<tbody>\n\n        <tr data-row_id=\"313\" class=\"ninja_table_row_0 nt_row_id_313\">\n            <td>Carretel de Fio Aplic\u00e1vel<\/td><td>400-630mm<\/td>        <\/tr>\n            <tr data-row_id=\"314\" class=\"ninja_table_row_1 nt_row_id_314\">\n            <td>Abertura padr\u00e3o<\/td><td>38\/40mm (personaliz\u00e1vel)<\/td>        <\/tr>\n            <tr data-row_id=\"315\" class=\"ninja_table_row_2 nt_row_id_315\">\n            <td>Freio<\/td><td>freio de correia<\/td>        <\/tr>\n            <tr data-row_id=\"316\" class=\"ninja_table_row_3 nt_row_id_316\">\n            <td>Pistola de Tens\u00e3o<\/td><td>Manter a Tens\u00e3o<\/td>        <\/tr>\n            <tr data-row_id=\"317\" class=\"ninja_table_row_4 nt_row_id_317\">\n            <td>Capacidade de carga<\/td><td>200kg<\/td>        <\/tr>\n            <tr data-row_id=\"318\" class=\"ninja_table_row_5 nt_row_id_318\">\n            <td>Tamanho<\/td><td>7504501200<\/td>        <\/tr>\n            <tr data-row_id=\"319\" class=\"ninja_table_row_6 nt_row_id_319\">\n            <td>Faixa de di\u00e2metro do fio<\/td><td>0,3-2,8 mm<\/td>        <\/tr>\n            <tr data-row_id=\"320\" class=\"ninja_table_row_7 nt_row_id_320\">\n            <td>Tipo de fio tran\u00e7ado<\/td><td>Fio esmaltado, fio BVR, fio de cobre nu<\/td>        <\/tr>\n            <tr data-row_id=\"321\" class=\"ninja_table_row_8 nt_row_id_321\">\n            <td>N\u00famero de cabe\u00e7as<\/td><td>Cabe\u00e7a \u00fanica, cabe\u00e7a dupla<\/td>        <\/tr>\n            <tr data-row_id=\"322\" class=\"ninja_table_row_9 nt_row_id_322\">\n            <td>Ao controle<\/td><td>Controle eletrost\u00e1tico, correia quebrada\/freio autom\u00e1tico da engrenagem<\/td>        <\/tr>\n    <\/tbody><!--ninja_tobody_rendering_done-->\n    <\/table>\n    \n    \n    \n<\/div>\n<\/p>\n<div class=\"xiaoshujiang_element xsj_anchor\"><a class=\"blank_anchor_name\" name=\"applications_1\"><\/a><a id=\"applications_1\" class=\"blank_anchor_id\"><\/a><a class=\"blank_anchor_name\" name=\"applications\"><\/a><a id=\"applications\" class=\"blank_anchor_id\"><\/a><\/div>\n<h2 id=\"applications_1\" class=\"xsj_heading_hash xsj_heading xsj_heading_h2\" data-source-line=\"2\" data-source-line-display=\"true\"><span class=\"xsj_heading_content\">Formul\u00e1rios:<\/span><\/h2>\n<p class=\"xsj_paragraph xsj_paragraph_level_0\" data-source-line=\"4\" data-source-line-display=\"true\">O suporte de fio de freio de correia de tens\u00e3o de estilo japon\u00eas 630 \u00e9 ideal para quem trabalha frequentemente com fios e precisa de uma maneira confi\u00e1vel de segurar bobinas de fio. \u00c9 adequado para uso em v\u00e1rios setores, como el\u00e9trico, automotivo e constru\u00e7\u00e3o. Ele pode acomodar diferentes tipos de fios, incluindo fio esmaltado, fio BVR e fio de cobre nu, tornando-o altamente vers\u00e1til.<\/p>\n<div class=\"xiaoshujiang_element xsj_anchor\"><a class=\"blank_anchor_name\" name=\"faqs_2\"><\/a><a id=\"faqs_2\" class=\"blank_anchor_id\"><\/a><a class=\"blank_anchor_name\" name=\"faqs\"><\/a><a id=\"faqs\" class=\"blank_anchor_id\"><\/a><\/div>\n<h2 id=\"faqs_2\" class=\"xsj_heading_hash xsj_heading xsj_heading_h2\" data-source-line=\"6\" data-source-line-display=\"true\"><span class=\"xsj_heading_content\">Perguntas frequentes:<\/span><\/h2>\n<div class=\"xiaoshujiang_element xsj_anchor\"><a class=\"blank_anchor_name\" name=\"q120what20is20the20load20capacity20of20this20wire20pay-off20stand_3\"><\/a><a id=\"q120what20is20the20load20capacity20of20this20wire20pay-off20stand_3\" class=\"blank_anchor_id\"><\/a><a class=\"blank_anchor_name\" name=\"q1-what-is-the-load-capacity-of-this-wire-pay-off-stand\"><\/a><a id=\"q1-what-is-the-load-capacity-of-this-wire-pay-off-stand\" class=\"blank_anchor_id\"><\/a><\/div>\n<h4 id=\"q120what20is20the20load20capacity20of20this20wire20pay-off20stand_3\" class=\"xsj_heading_hash xsj_heading xsj_heading_h4\" data-source-line=\"8\" data-source-line-display=\"true\"><span class=\"xsj_heading_content\">Q1. Qual \u00e9 a capacidade de carga deste desemba\u00e7ador de fios?<\/span><\/h4>\n<p class=\"xsj_paragraph xsj_paragraph_level_0\" data-source-line=\"10\" data-source-line-display=\"true\">R: O suporte de compensa\u00e7\u00e3o de fio de freio de correia de tens\u00e3o estilo japon\u00eas 630 pode suportar uma carga m\u00e1xima de 200 kg.<\/p>\n<div class=\"xiaoshujiang_element xsj_anchor\"><a class=\"blank_anchor_name\" name=\"q220what20is20the20wire20diameter20range20this20wire20pay-off20stand20accommodates_4\"><\/a><a id=\"q220what20is20the20wire20diameter20range20this20wire20pay-off20stand20accommodates_4\" class=\"blank_anchor_id\"><\/a><a class=\"blank_anchor_name\" name=\"q2-what-is-the-wire-diameter-range-this-wire-pay-off-stand-accommodates\"><\/a><a id=\"q2-what-is-the-wire-diameter-range-this-wire-pay-off-stand-accommodates\" class=\"blank_anchor_id\"><\/a><\/div>\n<h4 id=\"q220what20is20the20wire20diameter20range20this20wire20pay-off20stand20accommodates_4\" class=\"xsj_heading_hash xsj_heading xsj_heading_h4\" data-source-line=\"12\" data-source-line-display=\"true\"><span class=\"xsj_heading_content\">Q2. Qual \u00e9 a faixa de di\u00e2metro do fio que este suporte de desbobinador de fio acomoda?<\/span><\/h4>\n<p class=\"xsj_paragraph xsj_paragraph_level_0\" data-source-line=\"14\" data-source-line-display=\"true\">R: Este suporte de desbobinador de fio \u00e9 projetado para segurar fios com uma faixa de di\u00e2metro de 0,3-2,8 mm.<\/p>\n<div class=\"xiaoshujiang_element xsj_anchor\"><a class=\"blank_anchor_name\" name=\"q320what20types20of20wires20can20this20wire20pay-off20stand20hold_5\"><\/a><a id=\"q320what20types20of20wires20can20this20wire20pay-off20stand20hold_5\" class=\"blank_anchor_id\"><\/a><a class=\"blank_anchor_name\" name=\"q3-what-types-of-wires-can-this-wire-pay-off-stand-hold\"><\/a><a id=\"q3-what-types-of-wires-can-this-wire-pay-off-stand-hold\" class=\"blank_anchor_id\"><\/a><\/div>\n<h4 id=\"q320what20types20of20wires20can20this20wire20pay-off20stand20hold_5\" class=\"xsj_heading_hash xsj_heading xsj_heading_h4\" data-source-line=\"16\" data-source-line-display=\"true\"><span class=\"xsj_heading_content\">Q3. Que tipos de fios este suporte de desbobinador pode suportar?<\/span><\/h4>\n<p class=\"xsj_paragraph xsj_paragraph_level_0\" data-source-line=\"18\" data-source-line-display=\"true\">R: Este suporte de desbobinador de fios pode conter diferentes tipos de fios, incluindo fio esmaltado, fio BVR e fio de cobre nu.<\/p>\n<div class=\"xiaoshujiang_element xsj_anchor\"><a class=\"blank_anchor_name\" name=\"q420can20this20wire20pay-off20stand20accommodate20wire20reels20of20different20sizes_6\"><\/a><a id=\"q420can20this20wire20pay-off20stand20accommodate20wire20reels20of20different20sizes_6\" class=\"blank_anchor_id\"><\/a><a class=\"blank_anchor_name\" name=\"q4-can-this-wire-pay-off-stand-accommodate-wire-reels-of-different-sizes\"><\/a><a id=\"q4-can-this-wire-pay-off-stand-accommodate-wire-reels-of-different-sizes\" class=\"blank_anchor_id\"><\/a><\/div>\n<h4 id=\"q420can20this20wire20pay-off20stand20accommodate20wire20reels20of20different20sizes_6\" class=\"xsj_heading_hash xsj_heading xsj_heading_h4\" data-source-line=\"20\" data-source-line-display=\"true\"><span class=\"xsj_heading_content\">Q4. Este desbobinador de fio pode acomodar bobinas de fio de diferentes tamanhos?<\/span><\/h4>\n<p class=\"xsj_paragraph xsj_paragraph_level_0\" data-source-line=\"22\" data-source-line-display=\"true\">R: Este suporte de desbobinador de fio \u00e9 projetado para segurar bobinas de fio com um tamanho apropriado de 400-630mm. No entanto, a abertura padr\u00e3o \u00e9 de 38\/40 mm, que pode ser personalizada de acordo com suas necessidades espec\u00edficas.<\/p>\n<div class=\"xiaoshujiang_element xsj_anchor\"><a class=\"blank_anchor_name\" name=\"q520what20control20options20does20this20wire20pay-off20stand20have_7\"><\/a><a id=\"q520what20control20options20does20this20wire20pay-off20stand20have_7\" class=\"blank_anchor_id\"><\/a><a class=\"blank_anchor_name\" name=\"q5-what-control-options-does-this-wire-pay-off-stand-have\"><\/a><a id=\"q5-what-control-options-does-this-wire-pay-off-stand-have\" class=\"blank_anchor_id\"><\/a><\/div>\n<h4 id=\"q520what20control20options20does20this20wire20pay-off20stand20have_7\" class=\"xsj_heading_hash xsj_heading xsj_heading_h4\" data-source-line=\"24\" data-source-line-display=\"true\"><span class=\"xsj_heading_content\">Q5. Quais op\u00e7\u00f5es de controle esse desbobinador de fio deve ter?<\/span><\/h4>\n<p class=\"xsj_paragraph xsj_paragraph_level_0\" data-source-line=\"26\" data-source-line-display=\"true\">R: Este suporte de desembolsador de fio possui controle eletrost\u00e1tico e um freio autom\u00e1tico de correia\/engrenagem quebrada para maior controle e seguran\u00e7a.<\/p>","protected":false},"excerpt":{"rendered":"<h2 id=\"features_1\" class=\"xsj_heading_hash xsj_heading xsj_heading_h2\" data-source-line=\"2\" data-source-line-display=\"true\"><span class=\"xsj_heading_content\">Caracter\u00edsticas:<\/span><\/h2>\n<ol class=\"markdown_ol\" data-source-line=\"4\">\n<li data-source-line=\"4\">Carretel de fio aplic\u00e1vel: 400-630mm<\/li>\n<li data-source-line=\"5\">Abertura padr\u00e3o: 38\/40mm (pode ser personalizada)<\/li>\n<li data-source-line=\"6\">Freio: freio de correia<\/li>\n<li data-source-line=\"7\">Pistola de Tens\u00e3o: Mantenha a Tens\u00e3o<\/li>\n<li data-source-line=\"8\">Capacidade de carga: 200kg<\/li>\n<li data-source-line=\"9\">Tamanho: 750<em class=\"markdown_em_asterisk\">450<\/em>1200<\/li>\n<li data-source-line=\"10\">Faixa de di\u00e2metro do fio: 0,3-2,8 mm<\/li>\n<li data-source-line=\"11\">Tipo de fio tran\u00e7ado: fio esmaltado, fio BVR, fio de cobre nu<\/li>\n<li data-source-line=\"12\">N\u00famero de cabe\u00e7as: cabe\u00e7a \u00fanica, cabe\u00e7a dupla<\/li>\n<li data-source-line=\"13\">Controle: controle eletrost\u00e1tico, correia quebrada\/freio autom\u00e1tico da engrenagem<\/li>\n<\/ol>","protected":false},"featured_media":26292,"template":"","meta":{"site-sidebar-layout":"default","site-content-layout":"default","ast-global-header-display":"","ast-banner-title-visibility":"","ast-main-header-display":"","ast-hfb-above-header-display":"","ast-hfb-below-header-display":"","ast-hfb-mobile-header-display":"","site-post-title":"","ast-breadcrumbs-content":"","ast-featured-img":"","footer-sml-layout":"","theme-transparent-header-meta":"default","adv-header-id-meta":"","stick-header-meta":"","header-above-stick-meta":"","header-main-stick-meta":"","header-below-stick-meta":""},"product_brand":[],"product_cat":[48,131],"product_tag":[],"class_list":{"0":"post-26284","1":"product","2":"type-product","3":"status-publish","4":"has-post-thumbnail","6":"product_cat-wire-payoff-machine","7":"product_cat-tension-pay-off-rack","8":"desktop-align-left","9":"tablet-align-left","10":"mobile-align-left","12":"first","13":"instock","14":"shipping-taxable","15":"product-type-simple"},"yoast_head":"<!-- This site is optimized with the Yoast SEO Premium plugin v20.12 (Yoast SEO v26.0) - https:\/\/yoast.com\/wordpress\/plugins\/seo\/ -->\n<title>630 Japanese Style Tension Belt Brake Wire Pay-Off Stand - QiPang<\/title>\n<meta name=\"description\" content=\"Looking for an essential tool for wire handling? Check out our 630 Wire Pay-Off Stand. With a load capacity of 200kg, it&#039;s perfect for reels with 400-630mm length. Order now and streamline your wire handling process!\" \/>\n<meta name=\"robots\" content=\"index, follow, max-snippet:-1, max-image-preview:large, max-video-preview:-1\" \/>\n<link rel=\"canonical\" href=\"https:\/\/rollingringdrives.com\/pt\/produtos\/630-estilo-japones-correia-de-freio-correia-de-freio-descarga-suporte\/\" \/>\n<meta property=\"og:locale\" content=\"pt_PT\" \/>\n<meta property=\"og:type\" content=\"article\" \/>\n<meta property=\"og:title\" content=\"630 Japanese Style Tension Belt Brake Wire Pay-Off Stand\" \/>\n<meta property=\"og:description\" content=\"Looking for an essential tool for wire handling? Check out our 630 Wire Pay-Off Stand. With a load capacity of 200kg, it&#039;s perfect for reels with 400-630mm length. Order now and streamline your wire handling process!\" \/>\n<meta property=\"og:url\" content=\"https:\/\/rollingringdrives.com\/pt\/produtos\/630-estilo-japones-correia-de-freio-correia-de-freio-descarga-suporte\/\" \/>\n<meta property=\"og:site_name\" content=\"QiPang\" \/>\n<meta property=\"article:modified_time\" content=\"2025-07-07T07:41:32+00:00\" \/>\n<meta property=\"og:image\" content=\"https:\/\/rollingringdrives.com\/wp-content\/uploads\/2023\/05\/6-9.jpg\" \/>\n\t<meta property=\"og:image:width\" content=\"600\" \/>\n\t<meta property=\"og:image:height\" content=\"600\" \/>\n\t<meta property=\"og:image:type\" content=\"image\/jpeg\" \/>\n<meta name=\"twitter:card\" content=\"summary_large_image\" \/>\n<meta name=\"twitter:label1\" content=\"Est. reading time\" \/>\n\t<meta name=\"twitter:data1\" content=\"2 minutos\" \/>\n<script type=\"application\/ld+json\" class=\"yoast-schema-graph\">{\"@context\":\"https:\/\/schema.org\",\"@graph\":[{\"@type\":\"WebPage\",\"@id\":\"https:\/\/rollingringdrives.com\/product\/630-japanese-style-tension-belt-brake-wire-pay-off-stand\/\",\"url\":\"https:\/\/rollingringdrives.com\/product\/630-japanese-style-tension-belt-brake-wire-pay-off-stand\/\",\"name\":\"630 Japanese Style Tension Belt Brake Wire Pay-Off Stand - QiPang\",\"isPartOf\":{\"@id\":\"https:\/\/rollingringdrives.com\/#website\"},\"primaryImageOfPage\":{\"@id\":\"https:\/\/rollingringdrives.com\/product\/630-japanese-style-tension-belt-brake-wire-pay-off-stand\/#primaryimage\"},\"image\":{\"@id\":\"https:\/\/rollingringdrives.com\/product\/630-japanese-style-tension-belt-brake-wire-pay-off-stand\/#primaryimage\"},\"thumbnailUrl\":\"https:\/\/rollingringdrives.com\/wp-content\/uploads\/2023\/05\/6-9.jpg\",\"datePublished\":\"2023-05-23T06:29:01+00:00\",\"dateModified\":\"2025-07-07T07:41:32+00:00\",\"description\":\"Looking for an essential tool for wire handling? Check out our 630 Wire Pay-Off Stand. With a load capacity of 200kg, it's perfect for reels with 400-630mm length. Order now and streamline your wire handling process!\",\"breadcrumb\":{\"@id\":\"https:\/\/rollingringdrives.com\/product\/630-japanese-style-tension-belt-brake-wire-pay-off-stand\/#breadcrumb\"},\"inLanguage\":\"pt-PT\",\"potentialAction\":[{\"@type\":\"ReadAction\",\"target\":[\"https:\/\/rollingringdrives.com\/product\/630-japanese-style-tension-belt-brake-wire-pay-off-stand\/\"]}]},{\"@type\":\"ImageObject\",\"inLanguage\":\"pt-PT\",\"@id\":\"https:\/\/rollingringdrives.com\/product\/630-japanese-style-tension-belt-brake-wire-pay-off-stand\/#primaryimage\",\"url\":\"https:\/\/rollingringdrives.com\/wp-content\/uploads\/2023\/05\/6-9.jpg\",\"contentUrl\":\"https:\/\/rollingringdrives.com\/wp-content\/uploads\/2023\/05\/6-9.jpg\",\"width\":600,\"height\":600,\"caption\":\"630 Japanese Style Tension Belt Brake Wire Pay-Off Stand\"},{\"@type\":\"BreadcrumbList\",\"@id\":\"https:\/\/rollingringdrives.com\/product\/630-japanese-style-tension-belt-brake-wire-pay-off-stand\/#breadcrumb\",\"itemListElement\":[{\"@type\":\"ListItem\",\"position\":1,\"name\":\"Home\",\"item\":\"https:\/\/rollingringdrives.com\/\"},{\"@type\":\"ListItem\",\"position\":2,\"name\":\"Machines\",\"item\":\"https:\/\/rollingringdrives.com\/machines\/\"},{\"@type\":\"ListItem\",\"position\":3,\"name\":\"630 Japanese Style Tension Belt Brake Wire Pay-Off Stand\"}]},{\"@type\":\"WebSite\",\"@id\":\"https:\/\/rollingringdrives.com\/#website\",\"url\":\"https:\/\/rollingringdrives.com\/\",\"name\":\"QiPang\",\"description\":\"QiPang Blog\",\"publisher\":{\"@id\":\"https:\/\/rollingringdrives.com\/#organization\"},\"potentialAction\":[{\"@type\":\"SearchAction\",\"target\":{\"@type\":\"EntryPoint\",\"urlTemplate\":\"https:\/\/rollingringdrives.com\/?s={search_term_string}\"},\"query-input\":{\"@type\":\"PropertyValueSpecification\",\"valueRequired\":true,\"valueName\":\"search_term_string\"}}],\"inLanguage\":\"pt-PT\"},{\"@type\":\"Organization\",\"@id\":\"https:\/\/rollingringdrives.com\/#organization\",\"name\":\"QiPang\",\"url\":\"https:\/\/rollingringdrives.com\/\",\"logo\":{\"@type\":\"ImageObject\",\"inLanguage\":\"pt-PT\",\"@id\":\"https:\/\/rollingringdrives.com\/#\/schema\/logo\/image\/\",\"url\":\"https:\/\/rollingringdrives.com\/wp-content\/uploads\/2023\/05\/cropped-\u672a\u547d\u540d\u7684\u8bbe\u8ba1.png\",\"contentUrl\":\"https:\/\/rollingringdrives.com\/wp-content\/uploads\/2023\/05\/cropped-\u672a\u547d\u540d\u7684\u8bbe\u8ba1.png\",\"width\":300,\"height\":191,\"caption\":\"QiPang\"},\"image\":{\"@id\":\"https:\/\/rollingringdrives.com\/#\/schema\/logo\/image\/\"}}]}<\/script>\n<!-- \/ Yoast SEO Premium plugin. -->","yoast_head_json":{"title":"630 Correia de Tens\u00e3o Estilo Japon\u00eas Suporte de Cabo de Freio - QiPang","description":"Procurando uma ferramenta essencial para o manuseio de fios? Confira nosso suporte de desembolso de 630 fios. Com capacidade de carga de 200kg, \u00e9 ideal para bobinas de 400-630mm de comprimento. Fa\u00e7a seu pedido agora e simplifique seu processo de manuseio de cabos!","robots":{"index":"index","follow":"follow","max-snippet":"max-snippet:-1","max-image-preview":"max-image-preview:large","max-video-preview":"max-video-preview:-1"},"canonical":"https:\/\/rollingringdrives.com\/pt\/produtos\/630-estilo-japones-correia-de-freio-correia-de-freio-descarga-suporte\/","og_locale":"pt_PT","og_type":"article","og_title":"630 Japanese Style Tension Belt Brake Wire Pay-Off Stand","og_description":"Looking for an essential tool for wire handling? Check out our 630 Wire Pay-Off Stand. With a load capacity of 200kg, it's perfect for reels with 400-630mm length. Order now and streamline your wire handling process!","og_url":"https:\/\/rollingringdrives.com\/pt\/produtos\/630-estilo-japones-correia-de-freio-correia-de-freio-descarga-suporte\/","og_site_name":"QiPang","article_modified_time":"2025-07-07T07:41:32+00:00","og_image":[{"width":600,"height":600,"url":"https:\/\/rollingringdrives.com\/wp-content\/uploads\/2023\/05\/6-9.jpg","type":"image\/jpeg"}],"twitter_card":"summary_large_image","twitter_misc":{"Est. reading time":"2 minutos"},"schema":{"@context":"https:\/\/schema.org","@graph":[{"@type":"WebPage","@id":"https:\/\/rollingringdrives.com\/product\/630-japanese-style-tension-belt-brake-wire-pay-off-stand\/","url":"https:\/\/rollingringdrives.com\/product\/630-japanese-style-tension-belt-brake-wire-pay-off-stand\/","name":"630 Correia de Tens\u00e3o Estilo Japon\u00eas Suporte de Cabo de Freio - QiPang","isPartOf":{"@id":"https:\/\/rollingringdrives.com\/#website"},"primaryImageOfPage":{"@id":"https:\/\/rollingringdrives.com\/product\/630-japanese-style-tension-belt-brake-wire-pay-off-stand\/#primaryimage"},"image":{"@id":"https:\/\/rollingringdrives.com\/product\/630-japanese-style-tension-belt-brake-wire-pay-off-stand\/#primaryimage"},"thumbnailUrl":"https:\/\/rollingringdrives.com\/wp-content\/uploads\/2023\/05\/6-9.jpg","datePublished":"2023-05-23T06:29:01+00:00","dateModified":"2025-07-07T07:41:32+00:00","description":"Procurando uma ferramenta essencial para o manuseio de fios? Confira nosso suporte de desembolso de 630 fios. Com capacidade de carga de 200kg, \u00e9 ideal para bobinas de 400-630mm de comprimento. Fa\u00e7a seu pedido agora e simplifique seu processo de manuseio de cabos!","breadcrumb":{"@id":"https:\/\/rollingringdrives.com\/product\/630-japanese-style-tension-belt-brake-wire-pay-off-stand\/#breadcrumb"},"inLanguage":"pt-PT","potentialAction":[{"@type":"ReadAction","target":["https:\/\/rollingringdrives.com\/product\/630-japanese-style-tension-belt-brake-wire-pay-off-stand\/"]}]},{"@type":"ImageObject","inLanguage":"pt-PT","@id":"https:\/\/rollingringdrives.com\/product\/630-japanese-style-tension-belt-brake-wire-pay-off-stand\/#primaryimage","url":"https:\/\/rollingringdrives.com\/wp-content\/uploads\/2023\/05\/6-9.jpg","contentUrl":"https:\/\/rollingringdrives.com\/wp-content\/uploads\/2023\/05\/6-9.jpg","width":600,"height":600,"caption":"630 Japanese Style Tension Belt Brake Wire Pay-Off Stand"},{"@type":"BreadcrumbList","@id":"https:\/\/rollingringdrives.com\/product\/630-japanese-style-tension-belt-brake-wire-pay-off-stand\/#breadcrumb","itemListElement":[{"@type":"ListItem","position":1,"name":"Home","item":"https:\/\/rollingringdrives.com\/"},{"@type":"ListItem","position":2,"name":"Machines","item":"https:\/\/rollingringdrives.com\/machines\/"},{"@type":"ListItem","position":3,"name":"630 Japanese Style Tension Belt Brake Wire Pay-Off Stand"}]},{"@type":"WebSite","@id":"https:\/\/rollingringdrives.com\/#website","url":"https:\/\/rollingringdrives.com\/","name":"QiPangName","description":"Blog QiPang","publisher":{"@id":"https:\/\/rollingringdrives.com\/#organization"},"potentialAction":[{"@type":"SearchAction","target":{"@type":"EntryPoint","urlTemplate":"https:\/\/rollingringdrives.com\/?s={search_term_string}"},"query-input":{"@type":"PropertyValueSpecification","valueRequired":true,"valueName":"search_term_string"}}],"inLanguage":"pt-PT"},{"@type":"Organization","@id":"https:\/\/rollingringdrives.com\/#organization","name":"QiPangName","url":"https:\/\/rollingringdrives.com\/","logo":{"@type":"ImageObject","inLanguage":"pt-PT","@id":"https:\/\/rollingringdrives.com\/#\/schema\/logo\/image\/","url":"https:\/\/rollingringdrives.com\/wp-content\/uploads\/2023\/05\/cropped-\u672a\u547d\u540d\u7684\u8bbe\u8ba1.png","contentUrl":"https:\/\/rollingringdrives.com\/wp-content\/uploads\/2023\/05\/cropped-\u672a\u547d\u540d\u7684\u8bbe\u8ba1.png","width":300,"height":191,"caption":"QiPang"},"image":{"@id":"https:\/\/rollingringdrives.com\/#\/schema\/logo\/image\/"}}]}},"_links":{"self":[{"href":"https:\/\/rollingringdrives.com\/pt\/wp-json\/wp\/v2\/product\/26284","targetHints":{"allow":["GET"]}}],"collection":[{"href":"https:\/\/rollingringdrives.com\/pt\/wp-json\/wp\/v2\/product"}],"about":[{"href":"https:\/\/rollingringdrives.com\/pt\/wp-json\/wp\/v2\/types\/product"}],"version-history":[{"count":0,"href":"https:\/\/rollingringdrives.com\/pt\/wp-json\/wp\/v2\/product\/26284\/revisions"}],"wp:featuredmedia":[{"embeddable":true,"href":"https:\/\/rollingringdrives.com\/pt\/wp-json\/wp\/v2\/media\/26292"}],"wp:attachment":[{"href":"https:\/\/rollingringdrives.com\/pt\/wp-json\/wp\/v2\/media?parent=26284"}],"wp:term":[{"taxonomy":"product_brand","embeddable":true,"href":"https:\/\/rollingringdrives.com\/pt\/wp-json\/wp\/v2\/product_brand?post=26284"},{"taxonomy":"product_cat","embeddable":true,"href":"https:\/\/rollingringdrives.com\/pt\/wp-json\/wp\/v2\/product_cat?post=26284"},{"taxonomy":"product_tag","embeddable":true,"href":"https:\/\/rollingringdrives.com\/pt\/wp-json\/wp\/v2\/product_tag?post=26284"}],"curies":[{"name":"wp","href":"https:\/\/api.w.org\/{rel}","templated":true}]}}