{"id":26295,"date":"2023-05-23T07:16:28","date_gmt":"2023-05-23T07:16:28","guid":{"rendered":"https:\/\/rollingringdrives.com\/?post_type=product&#038;p=26295"},"modified":"2025-07-07T07:41:12","modified_gmt":"2025-07-07T07:41:12","slug":"tension-wire-pay-off-stand-for-spooling","status":"publish","type":"product","link":"https:\/\/rollingringdrives.com\/pt\/produtos\/tensao-wire-pay-off-stand-para-spooling\/","title":{"rendered":"Suporte de compensa\u00e7\u00e3o de fio de tens\u00e3o para enrolamento"},"content":{"rendered":"<p class=\"xsj_paragraph xsj_paragraph_level_0\" data-source-line=\"0\" data-source-line-display=\"true\">Nosso\u00a0<strong class=\"markdown_strong_asterisk\">Suporte de compensa\u00e7\u00e3o de fio de tens\u00e3o para enrolamento<\/strong> \u00e9 um dispositivo confi\u00e1vel e de alta qualidade projetado para segurar e enrolar v\u00e1rios fios tran\u00e7ados, incluindo cobre nu, estanhado, esmaltado, banhado a prata e fios de liga. Ele vem com uma bobina de pagamento que pode acomodar at\u00e9 220 giros e pode ser personalizada para atender \u00e0s necessidades e requisitos espec\u00edficos dos clientes. O suporte possui um mecanismo de controle de tens\u00e3o que permite um ajuste preciso da tens\u00e3o do fio, enquanto o mecanismo de frenagem autom\u00e1tica garante um enrolamento seguro e eficiente do fio.<\/p>\n<p data-source-line=\"0\" data-source-line-display=\"true\"><div id=\"footable_parent_26297\"\n         class=\"footable_parent ninja_table_wrapper loading_ninja_table wp_table_data_press_parent semantic_ui\">\n                <table data-ninja_table_instance=\"ninja_table_instance_0\" data-footable_id=\"26297\" data-filter-delay=\"1000\" aria-label=\"8\u65b0\u5efa XL2dSX \u5de5\u4f5c\u8868 (2).csv\"            id=\"footable_26297\"\n           data-unique_identifier=\"ninja_table_unique_id_907487188_26297\"\n           class=\"foo-table ninja_footable foo_table_26297 ninja_table_unique_id_907487188_26297 ui table  nt_type_legacy_table selectable striped vertical_centered  footable-paging-right ninja_table_search_disabled ninja_table_pro\">\n                <colgroup>\n                            <col class=\"ninja_column_0\">\n                            <col class=\"ninja_column_1\">\n                    <\/colgroup>\n        <thead>\n<tr class=\"footable-header\">\n                                        <th scope=\"col\"  class=\"ninja_column_0 ninja_clmn_nm_technicalparameter\">Par\u00e2metro t\u00e9cnico<\/th><th scope=\"col\"  class=\"ninja_column_1 ninja_clmn_nm_value\">Valor<\/th><\/tr>\n<\/thead>\n<tbody>\n\n        <tr data-row_id=\"323\" class=\"ninja_table_row_0 nt_row_id_323\">\n            <td>Especifica\u00e7\u00f5es da bobina de pagamento<\/td><td>Adequado para 220 bobinas (personaliz\u00e1vel)<\/td>        <\/tr>\n            <tr data-row_id=\"324\" class=\"ninja_table_row_1 nt_row_id_324\">\n            <td>Fios Tran\u00e7ados<\/td><td>Fios de cobre nu, fios estanhados, fios esmaltados, fios prateados, fios de liga, etc.<\/td>        <\/tr>\n            <tr data-row_id=\"325\" class=\"ninja_table_row_2 nt_row_id_325\">\n            <td>Faixa de di\u00e2metro do fio<\/td><td>Dividido em 1-2 arquivos<br>Di\u00e2metro do fio: 0,3-0,68 mm<\/td>        <\/tr>\n            <tr data-row_id=\"326\" class=\"ninja_table_row_3 nt_row_id_326\">\n            <td>Controle de Tens\u00e3o<\/td><td>Controlado ajustando o di\u00e2metro do fio el\u00e1stico<\/td>        <\/tr>\n            <tr data-row_id=\"327\" class=\"ninja_table_row_4 nt_row_id_327\">\n            <td>Frenagem<\/td><td>Frenagem autom\u00e1tica por indu\u00e7\u00e3o eletrost\u00e1tica, correia quebrada<\/td>        <\/tr>\n            <tr data-row_id=\"328\" class=\"ninja_table_row_5 nt_row_id_328\">\n            <td>Haste<\/td><td>20*480 hastes chapeadas com boa concentricidade, equipadas com rolamentos importados<\/td>        <\/tr>\n            <tr data-row_id=\"329\" class=\"ninja_table_row_6 nt_row_id_329\">\n            <td>disco de freio<\/td><td>Feito de ferro fundido 160 ap\u00f3s o acabamento<\/td>        <\/tr>\n            <tr data-row_id=\"330\" class=\"ninja_table_row_7 nt_row_id_330\">\n            <td>cabe\u00e7a de bloqueio<\/td><td>Usa 20 porcas para conveni\u00eancia e simplicidade<\/td>        <\/tr>\n            <tr data-row_id=\"331\" class=\"ninja_table_row_8 nt_row_id_331\">\n            <td>Quadro<\/td><td>Soldado por a\u00e7o quadrado 60 + 2,5, superf\u00edcie polida e ionizada<\/td>        <\/tr>\n            <tr data-row_id=\"332\" class=\"ninja_table_row_9 nt_row_id_332\">\n            <td>Pistola de Tens\u00e3o<\/td><td>Nova pistola de tens\u00e3o de mola \u00fanica ampliada 3,5 com roda guia 1007-B06U e rolamentos importados<\/td>        <\/tr>\n            <tr data-row_id=\"333\" class=\"ninja_table_row_10 nt_row_id_333\">\n            <td>Assento do Rolamento<\/td><td>P54*120 tubo sem costura usado para usinagem de precis\u00e3o, com rolamentos de marca nacional (renben), superf\u00edcie galvanizada<\/td>        <\/tr>\n            <tr data-row_id=\"334\" class=\"ninja_table_row_11 nt_row_id_334\">\n            <td>Freio<\/td><td>Usa conector (conjunto de duas pe\u00e7as) e cinto antiderrapante<\/td>        <\/tr>\n            <tr data-row_id=\"335\" class=\"ninja_table_row_12 nt_row_id_335\">\n            <td>Suporte<\/td><td>Bloqueado pela conex\u00e3o direita do parafuso de ranhura correspondente da placa plana<\/td>        <\/tr>\n            <tr data-row_id=\"336\" class=\"ninja_table_row_13 nt_row_id_336\">\n            <td>Cor<\/td><td>Azul<\/td>        <\/tr>\n    <\/tbody><!--ninja_tobody_rendering_done-->\n    <\/table>\n    \n    \n    \n<\/div>\n<\/p>\n<div class=\"xiaoshujiang_element xsj_anchor\"><a class=\"blank_anchor_name\" name=\"applications_1\"><\/a><a id=\"applications_1\" class=\"blank_anchor_id\"><\/a><a class=\"blank_anchor_name\" name=\"applications\"><\/a><a id=\"applications\" class=\"blank_anchor_id\"><\/a><\/div>\n<h2 id=\"applications_1\" class=\"xsj_heading_hash xsj_heading xsj_heading_h2\" data-source-line=\"2\" data-source-line-display=\"true\"><span class=\"xsj_heading_content\">Formul\u00e1rios:<\/span><\/h2>\n<p class=\"xsj_paragraph xsj_paragraph_level_0\" data-source-line=\"4\" data-source-line-display=\"true\">Nosso suporte de fio de tens\u00e3o para enrolamento \u00e9 amplamente utilizado em v\u00e1rias ind\u00fastrias que requerem enrolamento de fio, como a ind\u00fastria eletr\u00f4nica, ind\u00fastria automotiva, ind\u00fastria de telecomunica\u00e7\u00f5es e muito mais. \u00c9 ideal para enrolar fios de cobre nu, estanhados, esmaltados, prateados e ligas.<\/p>\n<div class=\"xiaoshujiang_element xsj_anchor\"><a class=\"blank_anchor_name\" name=\"faqs_2\"><\/a><a id=\"faqs_2\" class=\"blank_anchor_id\"><\/a><a class=\"blank_anchor_name\" name=\"faqs\"><\/a><a id=\"faqs\" class=\"blank_anchor_id\"><\/a><\/div>\n<h2 id=\"faqs_2\" class=\"xsj_heading_hash xsj_heading xsj_heading_h2\" data-source-line=\"6\" data-source-line-display=\"true\"><span class=\"xsj_heading_content\">Perguntas frequentes:<\/span><\/h2>\n<div class=\"xiaoshujiang_element xsj_anchor\"><a class=\"blank_anchor_name\" name=\"120what20is20the20maximum20wire20diameter20that20can20be20used20with20the20tension20pay20off20stand_3\"><\/a><a id=\"120what20is20the20maximum20wire20diameter20that20can20be20used20with20the20tension20pay20off20stand_3\" class=\"blank_anchor_id\"><\/a><a class=\"blank_anchor_name\" name=\"1-what-is-the-maximum-wire-diameter-that-can-be-used-with-the-tension-pay-off-stand\"><\/a><a id=\"1-what-is-the-maximum-wire-diameter-that-can-be-used-with-the-tension-pay-off-stand\" class=\"blank_anchor_id\"><\/a><\/div>\n<h4 id=\"120what20is20the20maximum20wire20diameter20that20can20be20used20with20the20tension20pay20off20stand_3\" class=\"xsj_heading_hash xsj_heading xsj_heading_h4\" data-source-line=\"8\" data-source-line-display=\"true\"><span class=\"xsj_heading_content\">1. Qual o di\u00e2metro m\u00e1ximo do fio que o payoff de tens\u00e3o pode suportar?<\/span><\/h4>\n<p class=\"xsj_paragraph xsj_paragraph_level_0\" data-source-line=\"10\" data-source-line-display=\"true\">Resposta: O suporte pode lidar com di\u00e2metros de fio variando de 0,3 a 0,68 mm, divididos em 1-2 arquivos.<\/p>\n<div class=\"xiaoshujiang_element xsj_anchor\"><a class=\"blank_anchor_name\" name=\"220how20is20the20wire20tension20controlled_4\"><\/a><a id=\"220how20is20the20wire20tension20controlled_4\" class=\"blank_anchor_id\"><\/a><a class=\"blank_anchor_name\" name=\"2-how-is-the-wire-tension-controlled\"><\/a><a id=\"2-how-is-the-wire-tension-controlled\" class=\"blank_anchor_id\"><\/a><\/div>\n<h4 id=\"220how20is20the20wire20tension20controlled_4\" class=\"xsj_heading_hash xsj_heading xsj_heading_h4\" data-source-line=\"12\" data-source-line-display=\"true\"><span class=\"xsj_heading_content\">2. Como \u00e9 controlada a tens\u00e3o do fio?<\/span><\/h4>\n<p class=\"xsj_paragraph xsj_paragraph_level_0\" data-source-line=\"14\" data-source-line-display=\"true\">Resposta: A tens\u00e3o do fio \u00e9 controlada ajustando o di\u00e2metro do fio el\u00e1stico.<\/p>\n<div class=\"xiaoshujiang_element xsj_anchor\"><a class=\"blank_anchor_name\" name=\"320what20is20the20automatic20braking20mechanism_5\"><\/a><a id=\"320what20is20the20automatic20braking20mechanism_5\" class=\"blank_anchor_id\"><\/a><a class=\"blank_anchor_name\" name=\"3-what-is-the-automatic-braking-mechanism\"><\/a><a id=\"3-what-is-the-automatic-braking-mechanism\" class=\"blank_anchor_id\"><\/a><\/div>\n<h4 id=\"320what20is20the20automatic20braking20mechanism_5\" class=\"xsj_heading_hash xsj_heading xsj_heading_h4\" data-source-line=\"16\" data-source-line-display=\"true\"><span class=\"xsj_heading_content\">3. Qual \u00e9 o mecanismo de frenagem autom\u00e1tica?<\/span><\/h4>\n<p class=\"xsj_paragraph xsj_paragraph_level_0\" data-source-line=\"18\" data-source-line-display=\"true\">Resposta: O mecanismo de frenagem autom\u00e1tica usa indu\u00e7\u00e3o eletrost\u00e1tica e uma correia quebrada para um enrolamento seguro e eficiente do fio.<\/p>\n<div class=\"xiaoshujiang_element xsj_anchor\"><a class=\"blank_anchor_name\" name=\"420are20there20any20specific20color20options20available_6\"><\/a><a id=\"420are20there20any20specific20color20options20available_6\" class=\"blank_anchor_id\"><\/a><a class=\"blank_anchor_name\" name=\"4-are-there-any-specific-color-options-available\"><\/a><a id=\"4-are-there-any-specific-color-options-available\" class=\"blank_anchor_id\"><\/a><\/div>\n<h4 id=\"420are20there20any20specific20color20options20available_6\" class=\"xsj_heading_hash xsj_heading xsj_heading_h4\" data-source-line=\"20\" data-source-line-display=\"true\"><span class=\"xsj_heading_content\">4. Existem op\u00e7\u00f5es de cores espec\u00edficas dispon\u00edveis?<\/span><\/h4>\n<p class=\"xsj_paragraph xsj_paragraph_level_0\" data-source-line=\"22\" data-source-line-display=\"true\">Resposta: Nosso suporte de compensa\u00e7\u00e3o de fio de tens\u00e3o para enrolamento vem em azul como padr\u00e3o, mas tamb\u00e9m podemos fornecer op\u00e7\u00f5es de personaliza\u00e7\u00e3o mediante solicita\u00e7\u00e3o.<\/p>\n<div class=\"xiaoshujiang_element xsj_anchor\"><a class=\"blank_anchor_name\" name=\"520what20bearing20seat20is20used20in20the20stand_7\"><\/a><a id=\"520what20bearing20seat20is20used20in20the20stand_7\" class=\"blank_anchor_id\"><\/a><a class=\"blank_anchor_name\" name=\"5-what-bearing-seat-is-used-in-the-stand\"><\/a><a id=\"5-what-bearing-seat-is-used-in-the-stand\" class=\"blank_anchor_id\"><\/a><\/div>\n<h4 id=\"520what20bearing20seat20is20used20in20the20stand_7\" class=\"xsj_heading_hash xsj_heading xsj_heading_h4\" data-source-line=\"24\" data-source-line-display=\"true\"><span class=\"xsj_heading_content\">5. Qual assento do rolamento \u00e9 usado no suporte?<\/span><\/h4>\n<p class=\"xsj_paragraph xsj_paragraph_level_0\" data-source-line=\"26\" data-source-line-display=\"true\">Resposta: Utilizamos tubo sem costura P54* 120, usinagem precisa e rolamentos de marca nacional (Reuben) para o assento do rolamento, revestidos com superf\u00edcie met\u00e1lica.<\/p>","protected":false},"excerpt":{"rendered":"<h2 id=\"features_1\" class=\"xsj_heading_hash xsj_heading xsj_heading_h2\" data-source-line=\"2\" data-source-line-display=\"true\"><span class=\"xsj_heading_content\">Caracter\u00edsticas:<\/span><\/h2>\n<ol class=\"markdown_ol\" data-source-line=\"4\">\n<li data-source-line=\"4\">Pode conter e enrolar at\u00e9 220 bobinas de fio tran\u00e7ado.<\/li>\n<li data-source-line=\"5\">Pode ser personalizado de acordo com as necessidades e exig\u00eancias dos clientes.<\/li>\n<li data-source-line=\"6\">O mecanismo de controle de tens\u00e3o permite um ajuste preciso da tens\u00e3o do fio.<\/li>\n<li data-source-line=\"7\">O mecanismo de frenagem autom\u00e1tica garante um enrolamento seguro e eficiente do fio.<\/li>\n<li data-source-line=\"8\">Feito de materiais de alta qualidade para durabilidade e longevidade.<\/li>\n<\/ol>","protected":false},"featured_media":26298,"template":"","meta":{"site-sidebar-layout":"default","site-content-layout":"default","ast-global-header-display":"","ast-banner-title-visibility":"","ast-main-header-display":"","ast-hfb-above-header-display":"","ast-hfb-below-header-display":"","ast-hfb-mobile-header-display":"","site-post-title":"","ast-breadcrumbs-content":"","ast-featured-img":"","footer-sml-layout":"","theme-transparent-header-meta":"default","adv-header-id-meta":"","stick-header-meta":"","header-above-stick-meta":"","header-main-stick-meta":"","header-below-stick-meta":""},"product_brand":[],"product_cat":[48,131],"product_tag":[],"class_list":{"0":"post-26295","1":"product","2":"type-product","3":"status-publish","4":"has-post-thumbnail","6":"product_cat-wire-payoff-machine","7":"product_cat-tension-pay-off-rack","8":"desktop-align-left","9":"tablet-align-left","10":"mobile-align-left","12":"first","13":"instock","14":"shipping-taxable","15":"product-type-simple"},"yoast_head":"<!-- This site is optimized with the Yoast SEO Premium plugin v20.12 (Yoast SEO v26.0) - https:\/\/yoast.com\/wordpress\/plugins\/seo\/ -->\n<title>Tension Wire Pay Off Stand For Spooling - QiPang<\/title>\n<meta name=\"description\" content=\"Looking for a high-quality wire spooling solution? Check out our Wire Pay Off Stand For Spooling! Designed to hold and spool various stranded wires.\" \/>\n<meta name=\"robots\" content=\"index, follow, max-snippet:-1, max-image-preview:large, max-video-preview:-1\" \/>\n<link rel=\"canonical\" href=\"https:\/\/rollingringdrives.com\/pt\/produtos\/tensao-wire-pay-off-stand-para-spooling\/\" \/>\n<meta property=\"og:locale\" content=\"pt_PT\" \/>\n<meta property=\"og:type\" content=\"article\" \/>\n<meta property=\"og:title\" content=\"Tension Wire Pay Off Stand For Spooling\" \/>\n<meta property=\"og:description\" content=\"Looking for a high-quality wire spooling solution? Check out our Wire Pay Off Stand For Spooling! Designed to hold and spool various stranded wires.\" \/>\n<meta property=\"og:url\" content=\"https:\/\/rollingringdrives.com\/pt\/produtos\/tensao-wire-pay-off-stand-para-spooling\/\" \/>\n<meta property=\"og:site_name\" content=\"QiPang\" \/>\n<meta property=\"article:modified_time\" content=\"2025-07-07T07:41:12+00:00\" \/>\n<meta property=\"og:image\" content=\"https:\/\/rollingringdrives.com\/wp-content\/uploads\/2023\/05\/1-22.jpg\" \/>\n\t<meta property=\"og:image:width\" content=\"600\" \/>\n\t<meta property=\"og:image:height\" content=\"600\" \/>\n\t<meta property=\"og:image:type\" content=\"image\/jpeg\" \/>\n<meta name=\"twitter:card\" content=\"summary_large_image\" \/>\n<meta name=\"twitter:label1\" content=\"Est. reading time\" \/>\n\t<meta name=\"twitter:data1\" content=\"2 minutos\" \/>\n<script type=\"application\/ld+json\" class=\"yoast-schema-graph\">{\"@context\":\"https:\/\/schema.org\",\"@graph\":[{\"@type\":\"WebPage\",\"@id\":\"https:\/\/rollingringdrives.com\/product\/tension-wire-pay-off-stand-for-spooling\/\",\"url\":\"https:\/\/rollingringdrives.com\/product\/tension-wire-pay-off-stand-for-spooling\/\",\"name\":\"Tension Wire Pay Off Stand For Spooling - QiPang\",\"isPartOf\":{\"@id\":\"https:\/\/rollingringdrives.com\/#website\"},\"primaryImageOfPage\":{\"@id\":\"https:\/\/rollingringdrives.com\/product\/tension-wire-pay-off-stand-for-spooling\/#primaryimage\"},\"image\":{\"@id\":\"https:\/\/rollingringdrives.com\/product\/tension-wire-pay-off-stand-for-spooling\/#primaryimage\"},\"thumbnailUrl\":\"https:\/\/rollingringdrives.com\/wp-content\/uploads\/2023\/05\/1-22.jpg\",\"datePublished\":\"2023-05-23T07:16:28+00:00\",\"dateModified\":\"2025-07-07T07:41:12+00:00\",\"description\":\"Looking for a high-quality wire spooling solution? Check out our Wire Pay Off Stand For Spooling! Designed to hold and spool various stranded wires.\",\"breadcrumb\":{\"@id\":\"https:\/\/rollingringdrives.com\/product\/tension-wire-pay-off-stand-for-spooling\/#breadcrumb\"},\"inLanguage\":\"pt-PT\",\"potentialAction\":[{\"@type\":\"ReadAction\",\"target\":[\"https:\/\/rollingringdrives.com\/product\/tension-wire-pay-off-stand-for-spooling\/\"]}]},{\"@type\":\"ImageObject\",\"inLanguage\":\"pt-PT\",\"@id\":\"https:\/\/rollingringdrives.com\/product\/tension-wire-pay-off-stand-for-spooling\/#primaryimage\",\"url\":\"https:\/\/rollingringdrives.com\/wp-content\/uploads\/2023\/05\/1-22.jpg\",\"contentUrl\":\"https:\/\/rollingringdrives.com\/wp-content\/uploads\/2023\/05\/1-22.jpg\",\"width\":600,\"height\":600,\"caption\":\"Tension Wire Pay Off Stand For Spooling\"},{\"@type\":\"BreadcrumbList\",\"@id\":\"https:\/\/rollingringdrives.com\/product\/tension-wire-pay-off-stand-for-spooling\/#breadcrumb\",\"itemListElement\":[{\"@type\":\"ListItem\",\"position\":1,\"name\":\"Home\",\"item\":\"https:\/\/rollingringdrives.com\/\"},{\"@type\":\"ListItem\",\"position\":2,\"name\":\"Machines\",\"item\":\"https:\/\/rollingringdrives.com\/machines\/\"},{\"@type\":\"ListItem\",\"position\":3,\"name\":\"Tension Wire Pay Off Stand For Spooling\"}]},{\"@type\":\"WebSite\",\"@id\":\"https:\/\/rollingringdrives.com\/#website\",\"url\":\"https:\/\/rollingringdrives.com\/\",\"name\":\"QiPang\",\"description\":\"QiPang Blog\",\"publisher\":{\"@id\":\"https:\/\/rollingringdrives.com\/#organization\"},\"potentialAction\":[{\"@type\":\"SearchAction\",\"target\":{\"@type\":\"EntryPoint\",\"urlTemplate\":\"https:\/\/rollingringdrives.com\/?s={search_term_string}\"},\"query-input\":{\"@type\":\"PropertyValueSpecification\",\"valueRequired\":true,\"valueName\":\"search_term_string\"}}],\"inLanguage\":\"pt-PT\"},{\"@type\":\"Organization\",\"@id\":\"https:\/\/rollingringdrives.com\/#organization\",\"name\":\"QiPang\",\"url\":\"https:\/\/rollingringdrives.com\/\",\"logo\":{\"@type\":\"ImageObject\",\"inLanguage\":\"pt-PT\",\"@id\":\"https:\/\/rollingringdrives.com\/#\/schema\/logo\/image\/\",\"url\":\"https:\/\/rollingringdrives.com\/wp-content\/uploads\/2023\/05\/cropped-\u672a\u547d\u540d\u7684\u8bbe\u8ba1.png\",\"contentUrl\":\"https:\/\/rollingringdrives.com\/wp-content\/uploads\/2023\/05\/cropped-\u672a\u547d\u540d\u7684\u8bbe\u8ba1.png\",\"width\":300,\"height\":191,\"caption\":\"QiPang\"},\"image\":{\"@id\":\"https:\/\/rollingringdrives.com\/#\/schema\/logo\/image\/\"}}]}<\/script>\n<!-- \/ Yoast SEO Premium plugin. -->","yoast_head_json":{"title":"Suporte de compensa\u00e7\u00e3o de fio de tens\u00e3o para enrolamento - QiPang","description":"Procurando uma solu\u00e7\u00e3o de enrolamento de fio de alta qualidade? Confira nosso suporte de pagamento de fio para enrolamento! Projetado para segurar e enrolar v\u00e1rios fios tran\u00e7ados.","robots":{"index":"index","follow":"follow","max-snippet":"max-snippet:-1","max-image-preview":"max-image-preview:large","max-video-preview":"max-video-preview:-1"},"canonical":"https:\/\/rollingringdrives.com\/pt\/produtos\/tensao-wire-pay-off-stand-para-spooling\/","og_locale":"pt_PT","og_type":"article","og_title":"Tension Wire Pay Off Stand For Spooling","og_description":"Looking for a high-quality wire spooling solution? Check out our Wire Pay Off Stand For Spooling! Designed to hold and spool various stranded wires.","og_url":"https:\/\/rollingringdrives.com\/pt\/produtos\/tensao-wire-pay-off-stand-para-spooling\/","og_site_name":"QiPang","article_modified_time":"2025-07-07T07:41:12+00:00","og_image":[{"width":600,"height":600,"url":"https:\/\/rollingringdrives.com\/wp-content\/uploads\/2023\/05\/1-22.jpg","type":"image\/jpeg"}],"twitter_card":"summary_large_image","twitter_misc":{"Est. reading time":"2 minutos"},"schema":{"@context":"https:\/\/schema.org","@graph":[{"@type":"WebPage","@id":"https:\/\/rollingringdrives.com\/product\/tension-wire-pay-off-stand-for-spooling\/","url":"https:\/\/rollingringdrives.com\/product\/tension-wire-pay-off-stand-for-spooling\/","name":"Suporte de compensa\u00e7\u00e3o de fio de tens\u00e3o para enrolamento - QiPang","isPartOf":{"@id":"https:\/\/rollingringdrives.com\/#website"},"primaryImageOfPage":{"@id":"https:\/\/rollingringdrives.com\/product\/tension-wire-pay-off-stand-for-spooling\/#primaryimage"},"image":{"@id":"https:\/\/rollingringdrives.com\/product\/tension-wire-pay-off-stand-for-spooling\/#primaryimage"},"thumbnailUrl":"https:\/\/rollingringdrives.com\/wp-content\/uploads\/2023\/05\/1-22.jpg","datePublished":"2023-05-23T07:16:28+00:00","dateModified":"2025-07-07T07:41:12+00:00","description":"Procurando uma solu\u00e7\u00e3o de enrolamento de fio de alta qualidade? Confira nosso suporte de pagamento de fio para enrolamento! Projetado para segurar e enrolar v\u00e1rios fios tran\u00e7ados.","breadcrumb":{"@id":"https:\/\/rollingringdrives.com\/product\/tension-wire-pay-off-stand-for-spooling\/#breadcrumb"},"inLanguage":"pt-PT","potentialAction":[{"@type":"ReadAction","target":["https:\/\/rollingringdrives.com\/product\/tension-wire-pay-off-stand-for-spooling\/"]}]},{"@type":"ImageObject","inLanguage":"pt-PT","@id":"https:\/\/rollingringdrives.com\/product\/tension-wire-pay-off-stand-for-spooling\/#primaryimage","url":"https:\/\/rollingringdrives.com\/wp-content\/uploads\/2023\/05\/1-22.jpg","contentUrl":"https:\/\/rollingringdrives.com\/wp-content\/uploads\/2023\/05\/1-22.jpg","width":600,"height":600,"caption":"Tension Wire Pay Off Stand For Spooling"},{"@type":"BreadcrumbList","@id":"https:\/\/rollingringdrives.com\/product\/tension-wire-pay-off-stand-for-spooling\/#breadcrumb","itemListElement":[{"@type":"ListItem","position":1,"name":"Home","item":"https:\/\/rollingringdrives.com\/"},{"@type":"ListItem","position":2,"name":"Machines","item":"https:\/\/rollingringdrives.com\/machines\/"},{"@type":"ListItem","position":3,"name":"Tension Wire Pay Off Stand For Spooling"}]},{"@type":"WebSite","@id":"https:\/\/rollingringdrives.com\/#website","url":"https:\/\/rollingringdrives.com\/","name":"QiPangName","description":"Blog QiPang","publisher":{"@id":"https:\/\/rollingringdrives.com\/#organization"},"potentialAction":[{"@type":"SearchAction","target":{"@type":"EntryPoint","urlTemplate":"https:\/\/rollingringdrives.com\/?s={search_term_string}"},"query-input":{"@type":"PropertyValueSpecification","valueRequired":true,"valueName":"search_term_string"}}],"inLanguage":"pt-PT"},{"@type":"Organization","@id":"https:\/\/rollingringdrives.com\/#organization","name":"QiPangName","url":"https:\/\/rollingringdrives.com\/","logo":{"@type":"ImageObject","inLanguage":"pt-PT","@id":"https:\/\/rollingringdrives.com\/#\/schema\/logo\/image\/","url":"https:\/\/rollingringdrives.com\/wp-content\/uploads\/2023\/05\/cropped-\u672a\u547d\u540d\u7684\u8bbe\u8ba1.png","contentUrl":"https:\/\/rollingringdrives.com\/wp-content\/uploads\/2023\/05\/cropped-\u672a\u547d\u540d\u7684\u8bbe\u8ba1.png","width":300,"height":191,"caption":"QiPang"},"image":{"@id":"https:\/\/rollingringdrives.com\/#\/schema\/logo\/image\/"}}]}},"_links":{"self":[{"href":"https:\/\/rollingringdrives.com\/pt\/wp-json\/wp\/v2\/product\/26295","targetHints":{"allow":["GET"]}}],"collection":[{"href":"https:\/\/rollingringdrives.com\/pt\/wp-json\/wp\/v2\/product"}],"about":[{"href":"https:\/\/rollingringdrives.com\/pt\/wp-json\/wp\/v2\/types\/product"}],"version-history":[{"count":0,"href":"https:\/\/rollingringdrives.com\/pt\/wp-json\/wp\/v2\/product\/26295\/revisions"}],"wp:featuredmedia":[{"embeddable":true,"href":"https:\/\/rollingringdrives.com\/pt\/wp-json\/wp\/v2\/media\/26298"}],"wp:attachment":[{"href":"https:\/\/rollingringdrives.com\/pt\/wp-json\/wp\/v2\/media?parent=26295"}],"wp:term":[{"taxonomy":"product_brand","embeddable":true,"href":"https:\/\/rollingringdrives.com\/pt\/wp-json\/wp\/v2\/product_brand?post=26295"},{"taxonomy":"product_cat","embeddable":true,"href":"https:\/\/rollingringdrives.com\/pt\/wp-json\/wp\/v2\/product_cat?post=26295"},{"taxonomy":"product_tag","embeddable":true,"href":"https:\/\/rollingringdrives.com\/pt\/wp-json\/wp\/v2\/product_tag?post=26295"}],"curies":[{"name":"wp","href":"https:\/\/api.w.org\/{rel}","templated":true}]}}