{"id":26309,"date":"2023-05-24T01:11:47","date_gmt":"2023-05-24T01:11:47","guid":{"rendered":"https:\/\/rollingringdrives.com\/?post_type=product&#038;p=26309"},"modified":"2025-07-07T07:40:52","modified_gmt":"2025-07-07T07:40:52","slug":"630mm-shaftless-magnetic-powder-wire-payoff-stand","status":"publish","type":"product","link":"https:\/\/rollingringdrives.com\/pt\/produtos\/630mm-shaftless-magnetic-pow-wire-payoff-stand\/","title":{"rendered":"\u03a6630mm Suporte magn\u00e9tico sem eixo para compensa\u00e7\u00e3o de fio de p\u00f3"},"content":{"rendered":"<p class=\"xsj_paragraph xsj_paragraph_level_0\" data-source-line=\"0\" data-source-line-display=\"true\">O\u00a0<strong class=\"markdown_strong_asterisk\">P\u00f3 magn\u00e9tico sem eixo de \u03a6630mm, suporte de compensa\u00e7\u00e3o de fio,<\/strong> \u00e9 um equipamento topo de linha projetado para atender as demandas da fabrica\u00e7\u00e3o de fios e cabos. Este dispositivo utiliza tecnologia de controle de p\u00f3 magn\u00e9tico, permitindo um controle de tens\u00e3o preciso e est\u00e1vel durante o pagamento. Tem uma capacidade m\u00e1xima de carga de 500 kg e seu modo de mandril \u00e9 um cilindro de fixa\u00e7\u00e3o manual para uma fixa\u00e7\u00e3o segura. Al\u00e9m disso, possui um design do tipo cantilever sem eixo que permite carregar e descarregar o fio de maneira f\u00e1cil e r\u00e1pida.<\/p>\n<p data-source-line=\"0\" data-source-line-display=\"true\"><div id=\"footable_parent_26311\"\n         class=\"footable_parent ninja_table_wrapper loading_ninja_table wp_table_data_press_parent semantic_ui\">\n                <table data-ninja_table_instance=\"ninja_table_instance_0\" data-footable_id=\"26311\" data-filter-delay=\"1000\" aria-label=\"9\u65b0\u5efa XL2dSX \u5de5\u4f5c\u8868 (2).csv\"            id=\"footable_26311\"\n           data-unique_identifier=\"ninja_table_unique_id_1009423634_26311\"\n           class=\"foo-table ninja_footable foo_table_26311 ninja_table_unique_id_1009423634_26311 ui table  nt_type_legacy_table selectable striped vertical_centered  footable-paging-right ninja_table_search_disabled ninja_table_pro\">\n                <colgroup>\n                            <col class=\"ninja_column_0\">\n                            <col class=\"ninja_column_1\">\n                    <\/colgroup>\n        <thead>\n<tr class=\"footable-header\">\n                                        <th scope=\"col\"  class=\"ninja_column_0 ninja_clmn_nm_parameter\">Par\u00e2metro<\/th><th scope=\"col\"  class=\"ninja_column_1 ninja_clmn_nm_value\">Valor<\/th><\/tr>\n<\/thead>\n<tbody>\n\n        <tr data-row_id=\"337\" class=\"ninja_table_row_0 nt_row_id_337\">\n            <td>Di\u00e2metro do carretel de desembolso aplic\u00e1vel<\/td><td>400-630mm<\/td>        <\/tr>\n            <tr data-row_id=\"338\" class=\"ninja_table_row_1 nt_row_id_338\">\n            <td>controle de tens\u00e3o<\/td><td>Controle de p\u00f3 magn\u00e9tico (5kg de p\u00f3 magn\u00e9tico)<\/td>        <\/tr>\n            <tr data-row_id=\"339\" class=\"ninja_table_row_2 nt_row_id_339\">\n            <td>M\u00e9todo da placa de eleva\u00e7\u00e3o<\/td><td>Eleva\u00e7\u00e3o do motor<\/td>        <\/tr>\n            <tr data-row_id=\"340\" class=\"ninja_table_row_3 nt_row_id_340\">\n            <td>modo de mandril<\/td><td>Fixa\u00e7\u00e3o manual do cilindro<\/td>        <\/tr>\n            <tr data-row_id=\"341\" class=\"ninja_table_row_4 nt_row_id_341\">\n            <td>Tipo de pagamento<\/td><td>Tipo cantilever sem eixo<\/td>        <\/tr>\n            <tr data-row_id=\"342\" class=\"ninja_table_row_5 nt_row_id_342\">\n            <td>motor de eleva\u00e7\u00e3o<\/td><td>1,5KW com redutor RV<\/td>        <\/tr>\n            <tr data-row_id=\"343\" class=\"ninja_table_row_6 nt_row_id_343\">\n            <td>M\u00e9todo de fixa\u00e7\u00e3o<\/td><td>Fixa\u00e7\u00e3o do parafuso de expans\u00e3o<\/td>        <\/tr>\n            <tr data-row_id=\"344\" class=\"ninja_table_row_7 nt_row_id_344\">\n            <td>Freio<\/td><td>freio a p\u00f3 magn\u00e9tico 10KG<\/td>        <\/tr>\n            <tr data-row_id=\"345\" class=\"ninja_table_row_8 nt_row_id_345\">\n            <td>Capacidade m\u00e1xima de carga<\/td><td>500kg<\/td>        <\/tr>\n    <\/tbody><!--ninja_tobody_rendering_done-->\n    <\/table>\n    \n    \n    \n<\/div>\n<\/p>\n<div class=\"xiaoshujiang_element xsj_anchor\"><a class=\"blank_anchor_name\" name=\"applications_1\"><\/a><a id=\"applications_1\" class=\"blank_anchor_id\"><\/a><a class=\"blank_anchor_name\" name=\"applications\"><\/a><a id=\"applications\" class=\"blank_anchor_id\"><\/a><\/div>\n<h2 id=\"applications_1\" class=\"xsj_heading_hash xsj_heading xsj_heading_h2\" data-source-line=\"2\" data-source-line-display=\"true\"><span class=\"xsj_heading_content\">Formul\u00e1rios:<\/span><\/h2>\n<p class=\"xsj_paragraph xsj_paragraph_level_0\" data-source-line=\"4\" data-source-line-display=\"true\">O p\u00f3 magn\u00e9tico sem eixo \u03a6630, suporte de compensa\u00e7\u00e3o de fio, \u00e9 vers\u00e1til para fabrica\u00e7\u00e3o e processamento de fios e cabos. \u00c9 perfeito para uma ampla gama de aplica\u00e7\u00f5es, incluindo:<\/p>\n<ol class=\"markdown_ol\" data-source-line=\"6\">\n<li data-source-line=\"6\">Extrus\u00e3o de cabos.<\/li>\n<li data-source-line=\"7\">Desenho do fio.<\/li>\n<li data-source-line=\"8\">Tor\u00e7\u00e3o e tor\u00e7\u00e3o de fios.<\/li>\n<li data-source-line=\"9\">Montagem de cabos.<\/li>\n<li data-source-line=\"10\">Fabrica\u00e7\u00e3o de componentes eletr\u00f4nicos.<\/li>\n<li data-source-line=\"11\">Produ\u00e7\u00e3o de cablagens automotivas.<\/li>\n<li data-source-line=\"12\">Transmiss\u00e3o e distribui\u00e7\u00e3o de energia el\u00e9trica.<\/li>\n<\/ol>\n<div class=\"xiaoshujiang_element xsj_anchor\"><a class=\"blank_anchor_name\" name=\"faqs_2\"><\/a><a id=\"faqs_2\" class=\"blank_anchor_id\"><\/a><a class=\"blank_anchor_name\" name=\"faqs\"><\/a><a id=\"faqs\" class=\"blank_anchor_id\"><\/a><\/div>\n<h2 id=\"faqs_2\" class=\"xsj_heading_hash xsj_heading xsj_heading_h2\" data-source-line=\"14\" data-source-line-display=\"true\"><span class=\"xsj_heading_content\">Perguntas frequentes:<\/span><\/h2>\n<div class=\"xiaoshujiang_element xsj_anchor\"><a class=\"blank_anchor_name\" name=\"120what20is20magnetic20powder20control20and20how20does20it20work_3\"><\/a><a id=\"120what20is20magnetic20powder20control20and20how20does20it20work_3\" class=\"blank_anchor_id\"><\/a><a class=\"blank_anchor_name\" name=\"1-what-is-magnetic-powder-control-and-how-does-it-work\"><\/a><a id=\"1-what-is-magnetic-powder-control-and-how-does-it-work\" class=\"blank_anchor_id\"><\/a><\/div>\n<h4 id=\"120what20is20magnetic20powder20control20and20how20does20it20work_3\" class=\"xsj_heading_hash xsj_heading xsj_heading_h4\" data-source-line=\"16\" data-source-line-display=\"true\"><span class=\"xsj_heading_content\">1. O que \u00e9 controle de p\u00f3 magn\u00e9tico e como ele funciona?<\/span><\/h4>\n<p class=\"xsj_paragraph xsj_paragraph_level_0\" data-source-line=\"18\" data-source-line-display=\"true\">R: O controle de p\u00f3 magn\u00e9tico \u00e9 uma tecnologia que utiliza p\u00f3 magn\u00e9tico para aplicar tens\u00e3o ao fio durante o processo de compensa\u00e7\u00e3o. Ele funciona ajustando o campo magn\u00e9tico para controlar o atrito entre as part\u00edculas de p\u00f3 magn\u00e9tico, regulando assim a press\u00e3o no fio.<\/p>\n<div class=\"xiaoshujiang_element xsj_anchor\"><a class=\"blank_anchor_name\" name=\"220what20is20the20maximum20load20capacity20of20the20cea663020shaftless20magnetic20powder20wire20payoff20stand_4\"><\/a><a id=\"220what20is20the20maximum20load20capacity20of20the20cea663020shaftless20magnetic20powder20wire20payoff20stand_4\" class=\"blank_anchor_id\"><\/a><a class=\"blank_anchor_name\" name=\"2-what-is-the-maximum-load-capacity-of-the-\u03c6630-shaftless-magnetic-powder-wire-payoff-stand\"><\/a><a id=\"2-what-is-the-maximum-load-capacity-of-the-\u03c6630-shaftless-magnetic-powder-wire-payoff-stand\" class=\"blank_anchor_id\"><\/a><\/div>\n<h4 id=\"220what20is20the20maximum20load20capacity20of20the20cea663020shaftless20magnetic20powder20wire20payoff20stand_4\" class=\"xsj_heading_hash xsj_heading xsj_heading_h4\" data-source-line=\"20\" data-source-line-display=\"true\"><span class=\"xsj_heading_content\">2. Qual \u00e9 a capacidade m\u00e1xima de carga do suporte de fio magn\u00e9tico sem eixo \u03a6630?<\/span><\/h4>\n<p class=\"xsj_paragraph xsj_paragraph_level_0\" data-source-line=\"22\" data-source-line-display=\"true\">R: A capacidade m\u00e1xima de carga \u00e9 de 500 kg.<\/p>\n<div class=\"xiaoshujiang_element xsj_anchor\"><a class=\"blank_anchor_name\" name=\"320what20is20the20chuck20mode20of20the20cea663020shaftless20magnetic20powder20wire20payoff20stand_5\"><\/a><a id=\"320what20is20the20chuck20mode20of20the20cea663020shaftless20magnetic20powder20wire20payoff20stand_5\" class=\"blank_anchor_id\"><\/a><a class=\"blank_anchor_name\" name=\"3-what-is-the-chuck-mode-of-the-\u03c6630-shaftless-magnetic-powder-wire-payoff-stand\"><\/a><a id=\"3-what-is-the-chuck-mode-of-the-\u03c6630-shaftless-magnetic-powder-wire-payoff-stand\" class=\"blank_anchor_id\"><\/a><\/div>\n<h4 id=\"320what20is20the20chuck20mode20of20the20cea663020shaftless20magnetic20powder20wire20payoff20stand_5\" class=\"xsj_heading_hash xsj_heading xsj_heading_h4\" data-source-line=\"24\" data-source-line-display=\"true\"><span class=\"xsj_heading_content\">3. Qual \u00e9 o modo de mandril do suporte de compensa\u00e7\u00e3o de fio de p\u00f3 magn\u00e9tico sem eixo \u03a6630?<\/span><\/h4>\n<p class=\"xsj_paragraph xsj_paragraph_level_0\" data-source-line=\"26\" data-source-line-display=\"true\">R: O modo de mandril \u00e9 um cilindro de fixa\u00e7\u00e3o manual para uma fixa\u00e7\u00e3o segura.<\/p>\n<div class=\"xiaoshujiang_element xsj_anchor\"><a class=\"blank_anchor_name\" name=\"420what20is20the20lifting20plate20method20of20the20cea663020shaftless20magnetic20powder20wire20payoff20stand_6\"><\/a><a id=\"420what20is20the20lifting20plate20method20of20the20cea663020shaftless20magnetic20powder20wire20payoff20stand_6\" class=\"blank_anchor_id\"><\/a><a class=\"blank_anchor_name\" name=\"4-what-is-the-lifting-plate-method-of-the-\u03c6630-shaftless-magnetic-powder-wire-payoff-stand\"><\/a><a id=\"4-what-is-the-lifting-plate-method-of-the-\u03c6630-shaftless-magnetic-powder-wire-payoff-stand\" class=\"blank_anchor_id\"><\/a><\/div>\n<h4 id=\"420what20is20the20lifting20plate20method20of20the20cea663020shaftless20magnetic20powder20wire20payoff20stand_6\" class=\"xsj_heading_hash xsj_heading xsj_heading_h4\" data-source-line=\"28\" data-source-line-display=\"true\"><span class=\"xsj_heading_content\">4. Qual \u00e9 o m\u00e9todo da placa de eleva\u00e7\u00e3o do suporte de compensa\u00e7\u00e3o de fio magn\u00e9tico sem eixo \u03a6630?<\/span><\/h4>\n<p class=\"xsj_paragraph xsj_paragraph_level_0\" data-source-line=\"30\" data-source-line-display=\"true\">R: O m\u00e9todo da placa de eleva\u00e7\u00e3o \u00e9 um mecanismo de eleva\u00e7\u00e3o do motor que permite altura e inclina\u00e7\u00e3o ajust\u00e1veis.<\/p>\n<div class=\"xiaoshujiang_element xsj_anchor\"><a class=\"blank_anchor_name\" name=\"520what20is20the20brake20system20of20the20cea663020shaftless20magnetic20powder20wire20payoff20stand_7\"><\/a><a id=\"520what20is20the20brake20system20of20the20cea663020shaftless20magnetic20powder20wire20payoff20stand_7\" class=\"blank_anchor_id\"><\/a><a class=\"blank_anchor_name\" name=\"5-what-is-the-brake-system-of-the-\u03c6630-shaftless-magnetic-powder-wire-payoff-stand\"><\/a><a id=\"5-what-is-the-brake-system-of-the-\u03c6630-shaftless-magnetic-powder-wire-payoff-stand\" class=\"blank_anchor_id\"><\/a><\/div>\n<h4 id=\"520what20is20the20brake20system20of20the20cea663020shaftless20magnetic20powder20wire20payoff20stand_7\" class=\"xsj_heading_hash xsj_heading xsj_heading_h4\" data-source-line=\"32\" data-source-line-display=\"true\"><span class=\"xsj_heading_content\">5. Qual \u00e9 o sistema de freio do Suporte de Fio de P\u00f3 Magn\u00e9tico sem Eixo \u03a6630?<\/span><\/h4>\n<p class=\"xsj_paragraph xsj_paragraph_level_0\" data-source-line=\"34\" data-source-line-display=\"true\">R: O sistema de freio de p\u00f3 magn\u00e9tico de 10 kg garante uma frenagem de fio est\u00e1vel e precisa durante o pagamento.<\/p>","protected":false},"excerpt":{"rendered":"<h2 id=\"features_1\" class=\"xsj_heading_hash xsj_heading xsj_heading_h2\" data-source-line=\"2\" data-source-line-display=\"true\"><span class=\"xsj_heading_content\">Caracter\u00edsticas:<\/span><\/h2>\n<ol class=\"markdown_ol\" data-source-line=\"4\">\n<li data-source-line=\"4\">Tecnologia de controle de p\u00f3 magn\u00e9tico para controle de tens\u00e3o preciso e est\u00e1vel.<\/li>\n<li data-source-line=\"5\">Capacidade m\u00e1xima de carga de 500 kg.<\/li>\n<li data-source-line=\"6\">Cilindro de aperto manual para uma fixa\u00e7\u00e3o segura.<\/li>\n<li data-source-line=\"7\">Projeto do tipo cantilever sem eixo para carregamento e descarregamento de fio f\u00e1cil e r\u00e1pido.<\/li>\n<li data-source-line=\"8\">M\u00e9todo da placa de eleva\u00e7\u00e3o do motor.<\/li>\n<li data-source-line=\"9\">Fixa\u00e7\u00e3o do parafuso de expans\u00e3o para estabilidade e durabilidade.<\/li>\n<li data-source-line=\"10\">Freio de p\u00f3 magn\u00e9tico de 10kg para sistema de frenagem.<\/li>\n<li data-source-line=\"11\">Altura de eleva\u00e7\u00e3o e inclina\u00e7\u00e3o ajust\u00e1veis.<\/li>\n<\/ol>","protected":false},"featured_media":26313,"template":"","meta":{"site-sidebar-layout":"default","site-content-layout":"default","ast-global-header-display":"","ast-banner-title-visibility":"","ast-main-header-display":"","ast-hfb-above-header-display":"","ast-hfb-below-header-display":"","ast-hfb-mobile-header-display":"","site-post-title":"","ast-breadcrumbs-content":"","ast-featured-img":"","footer-sml-layout":"","theme-transparent-header-meta":"default","adv-header-id-meta":"","stick-header-meta":"","header-above-stick-meta":"","header-main-stick-meta":"","header-below-stick-meta":""},"product_brand":[],"product_cat":[48,132],"product_tag":[],"class_list":{"0":"post-26309","1":"product","2":"type-product","3":"status-publish","4":"has-post-thumbnail","6":"product_cat-wire-payoff-machine","7":"product_cat-shaftless-passive-pay-off-machine","8":"desktop-align-left","9":"tablet-align-left","10":"mobile-align-left","12":"first","13":"instock","14":"shipping-taxable","15":"product-type-simple"},"yoast_head":"<!-- This site is optimized with the Yoast SEO Premium plugin v20.12 (Yoast SEO v26.0) - https:\/\/yoast.com\/wordpress\/plugins\/seo\/ -->\n<title>\u03a6630mm Shaftless Magnetic Powder Wire Payoff Stand - QiPang<\/title>\n<meta name=\"description\" content=\"Achieve precise wire payoff control with the \u03a6630mm Shaftless Magnetic Powder Wire Payoff Stand. Boost your cable manufacturing processes today!\" \/>\n<meta name=\"robots\" content=\"index, follow, max-snippet:-1, max-image-preview:large, max-video-preview:-1\" \/>\n<link rel=\"canonical\" href=\"https:\/\/rollingringdrives.com\/pt\/produtos\/630mm-shaftless-magnetic-pow-wire-payoff-stand\/\" \/>\n<meta property=\"og:locale\" content=\"pt_PT\" \/>\n<meta property=\"og:type\" content=\"article\" \/>\n<meta property=\"og:title\" content=\"\u03a6630mm Shaftless Magnetic Powder Wire Payoff Stand\" \/>\n<meta property=\"og:description\" content=\"Achieve precise wire payoff control with the \u03a6630mm Shaftless Magnetic Powder Wire Payoff Stand. Boost your cable manufacturing processes today!\" \/>\n<meta property=\"og:url\" content=\"https:\/\/rollingringdrives.com\/pt\/produtos\/630mm-shaftless-magnetic-pow-wire-payoff-stand\/\" \/>\n<meta property=\"og:site_name\" content=\"QiPang\" \/>\n<meta property=\"article:modified_time\" content=\"2025-07-07T07:40:52+00:00\" \/>\n<meta property=\"og:image\" content=\"https:\/\/rollingringdrives.com\/wp-content\/uploads\/2023\/05\/2-26.jpg\" \/>\n\t<meta property=\"og:image:width\" content=\"600\" \/>\n\t<meta property=\"og:image:height\" content=\"600\" \/>\n\t<meta property=\"og:image:type\" content=\"image\/jpeg\" \/>\n<meta name=\"twitter:card\" content=\"summary_large_image\" \/>\n<meta name=\"twitter:label1\" content=\"Est. reading time\" \/>\n\t<meta name=\"twitter:data1\" content=\"2 minutos\" \/>\n<script type=\"application\/ld+json\" class=\"yoast-schema-graph\">{\"@context\":\"https:\/\/schema.org\",\"@graph\":[{\"@type\":\"WebPage\",\"@id\":\"https:\/\/rollingringdrives.com\/product\/630mm-shaftless-magnetic-powder-wire-payoff-stand\/\",\"url\":\"https:\/\/rollingringdrives.com\/product\/630mm-shaftless-magnetic-powder-wire-payoff-stand\/\",\"name\":\"\u03a6630mm Shaftless Magnetic Powder Wire Payoff Stand - QiPang\",\"isPartOf\":{\"@id\":\"https:\/\/rollingringdrives.com\/#website\"},\"primaryImageOfPage\":{\"@id\":\"https:\/\/rollingringdrives.com\/product\/630mm-shaftless-magnetic-powder-wire-payoff-stand\/#primaryimage\"},\"image\":{\"@id\":\"https:\/\/rollingringdrives.com\/product\/630mm-shaftless-magnetic-powder-wire-payoff-stand\/#primaryimage\"},\"thumbnailUrl\":\"https:\/\/rollingringdrives.com\/wp-content\/uploads\/2023\/05\/2-26.jpg\",\"datePublished\":\"2023-05-24T01:11:47+00:00\",\"dateModified\":\"2025-07-07T07:40:52+00:00\",\"description\":\"Achieve precise wire payoff control with the \u03a6630mm Shaftless Magnetic Powder Wire Payoff Stand. Boost your cable manufacturing processes today!\",\"breadcrumb\":{\"@id\":\"https:\/\/rollingringdrives.com\/product\/630mm-shaftless-magnetic-powder-wire-payoff-stand\/#breadcrumb\"},\"inLanguage\":\"pt-PT\",\"potentialAction\":[{\"@type\":\"ReadAction\",\"target\":[\"https:\/\/rollingringdrives.com\/product\/630mm-shaftless-magnetic-powder-wire-payoff-stand\/\"]}]},{\"@type\":\"ImageObject\",\"inLanguage\":\"pt-PT\",\"@id\":\"https:\/\/rollingringdrives.com\/product\/630mm-shaftless-magnetic-powder-wire-payoff-stand\/#primaryimage\",\"url\":\"https:\/\/rollingringdrives.com\/wp-content\/uploads\/2023\/05\/2-26.jpg\",\"contentUrl\":\"https:\/\/rollingringdrives.com\/wp-content\/uploads\/2023\/05\/2-26.jpg\",\"width\":600,\"height\":600,\"caption\":\"\u03a6630 Shaftless Magnetic Powder Wire Payoff Stand\"},{\"@type\":\"BreadcrumbList\",\"@id\":\"https:\/\/rollingringdrives.com\/product\/630mm-shaftless-magnetic-powder-wire-payoff-stand\/#breadcrumb\",\"itemListElement\":[{\"@type\":\"ListItem\",\"position\":1,\"name\":\"Home\",\"item\":\"https:\/\/rollingringdrives.com\/\"},{\"@type\":\"ListItem\",\"position\":2,\"name\":\"Machines\",\"item\":\"https:\/\/rollingringdrives.com\/machines\/\"},{\"@type\":\"ListItem\",\"position\":3,\"name\":\"\u03a6630mm Shaftless Magnetic Powder Wire Payoff Stand\"}]},{\"@type\":\"WebSite\",\"@id\":\"https:\/\/rollingringdrives.com\/#website\",\"url\":\"https:\/\/rollingringdrives.com\/\",\"name\":\"QiPang\",\"description\":\"QiPang Blog\",\"publisher\":{\"@id\":\"https:\/\/rollingringdrives.com\/#organization\"},\"potentialAction\":[{\"@type\":\"SearchAction\",\"target\":{\"@type\":\"EntryPoint\",\"urlTemplate\":\"https:\/\/rollingringdrives.com\/?s={search_term_string}\"},\"query-input\":{\"@type\":\"PropertyValueSpecification\",\"valueRequired\":true,\"valueName\":\"search_term_string\"}}],\"inLanguage\":\"pt-PT\"},{\"@type\":\"Organization\",\"@id\":\"https:\/\/rollingringdrives.com\/#organization\",\"name\":\"QiPang\",\"url\":\"https:\/\/rollingringdrives.com\/\",\"logo\":{\"@type\":\"ImageObject\",\"inLanguage\":\"pt-PT\",\"@id\":\"https:\/\/rollingringdrives.com\/#\/schema\/logo\/image\/\",\"url\":\"https:\/\/rollingringdrives.com\/wp-content\/uploads\/2023\/05\/cropped-\u672a\u547d\u540d\u7684\u8bbe\u8ba1.png\",\"contentUrl\":\"https:\/\/rollingringdrives.com\/wp-content\/uploads\/2023\/05\/cropped-\u672a\u547d\u540d\u7684\u8bbe\u8ba1.png\",\"width\":300,\"height\":191,\"caption\":\"QiPang\"},\"image\":{\"@id\":\"https:\/\/rollingringdrives.com\/#\/schema\/logo\/image\/\"}}]}<\/script>\n<!-- \/ Yoast SEO Premium plugin. -->","yoast_head_json":{"title":"\u03a6630mm Suporte magn\u00e9tico sem eixo para fio de p\u00f3 - QiPang","description":"Obtenha um controle preciso do retorno do fio com o Suporte de Fio Magn\u00e9tico Sem Eixo de \u03a6630mm. Impulsione seus processos de fabrica\u00e7\u00e3o de cabos hoje!","robots":{"index":"index","follow":"follow","max-snippet":"max-snippet:-1","max-image-preview":"max-image-preview:large","max-video-preview":"max-video-preview:-1"},"canonical":"https:\/\/rollingringdrives.com\/pt\/produtos\/630mm-shaftless-magnetic-pow-wire-payoff-stand\/","og_locale":"pt_PT","og_type":"article","og_title":"\u03a6630mm Shaftless Magnetic Powder Wire Payoff Stand","og_description":"Achieve precise wire payoff control with the \u03a6630mm Shaftless Magnetic Powder Wire Payoff Stand. Boost your cable manufacturing processes today!","og_url":"https:\/\/rollingringdrives.com\/pt\/produtos\/630mm-shaftless-magnetic-pow-wire-payoff-stand\/","og_site_name":"QiPang","article_modified_time":"2025-07-07T07:40:52+00:00","og_image":[{"width":600,"height":600,"url":"https:\/\/rollingringdrives.com\/wp-content\/uploads\/2023\/05\/2-26.jpg","type":"image\/jpeg"}],"twitter_card":"summary_large_image","twitter_misc":{"Est. reading time":"2 minutos"},"schema":{"@context":"https:\/\/schema.org","@graph":[{"@type":"WebPage","@id":"https:\/\/rollingringdrives.com\/product\/630mm-shaftless-magnetic-powder-wire-payoff-stand\/","url":"https:\/\/rollingringdrives.com\/product\/630mm-shaftless-magnetic-powder-wire-payoff-stand\/","name":"\u03a6630mm Suporte magn\u00e9tico sem eixo para fio de p\u00f3 - QiPang","isPartOf":{"@id":"https:\/\/rollingringdrives.com\/#website"},"primaryImageOfPage":{"@id":"https:\/\/rollingringdrives.com\/product\/630mm-shaftless-magnetic-powder-wire-payoff-stand\/#primaryimage"},"image":{"@id":"https:\/\/rollingringdrives.com\/product\/630mm-shaftless-magnetic-powder-wire-payoff-stand\/#primaryimage"},"thumbnailUrl":"https:\/\/rollingringdrives.com\/wp-content\/uploads\/2023\/05\/2-26.jpg","datePublished":"2023-05-24T01:11:47+00:00","dateModified":"2025-07-07T07:40:52+00:00","description":"Obtenha um controle preciso do retorno do fio com o Suporte de Fio Magn\u00e9tico Sem Eixo de \u03a6630mm. Impulsione seus processos de fabrica\u00e7\u00e3o de cabos hoje!","breadcrumb":{"@id":"https:\/\/rollingringdrives.com\/product\/630mm-shaftless-magnetic-powder-wire-payoff-stand\/#breadcrumb"},"inLanguage":"pt-PT","potentialAction":[{"@type":"ReadAction","target":["https:\/\/rollingringdrives.com\/product\/630mm-shaftless-magnetic-powder-wire-payoff-stand\/"]}]},{"@type":"ImageObject","inLanguage":"pt-PT","@id":"https:\/\/rollingringdrives.com\/product\/630mm-shaftless-magnetic-powder-wire-payoff-stand\/#primaryimage","url":"https:\/\/rollingringdrives.com\/wp-content\/uploads\/2023\/05\/2-26.jpg","contentUrl":"https:\/\/rollingringdrives.com\/wp-content\/uploads\/2023\/05\/2-26.jpg","width":600,"height":600,"caption":"\u03a6630 Shaftless Magnetic Powder Wire Payoff Stand"},{"@type":"BreadcrumbList","@id":"https:\/\/rollingringdrives.com\/product\/630mm-shaftless-magnetic-powder-wire-payoff-stand\/#breadcrumb","itemListElement":[{"@type":"ListItem","position":1,"name":"Home","item":"https:\/\/rollingringdrives.com\/"},{"@type":"ListItem","position":2,"name":"Machines","item":"https:\/\/rollingringdrives.com\/machines\/"},{"@type":"ListItem","position":3,"name":"\u03a6630mm Shaftless Magnetic Powder Wire Payoff Stand"}]},{"@type":"WebSite","@id":"https:\/\/rollingringdrives.com\/#website","url":"https:\/\/rollingringdrives.com\/","name":"QiPangName","description":"Blog QiPang","publisher":{"@id":"https:\/\/rollingringdrives.com\/#organization"},"potentialAction":[{"@type":"SearchAction","target":{"@type":"EntryPoint","urlTemplate":"https:\/\/rollingringdrives.com\/?s={search_term_string}"},"query-input":{"@type":"PropertyValueSpecification","valueRequired":true,"valueName":"search_term_string"}}],"inLanguage":"pt-PT"},{"@type":"Organization","@id":"https:\/\/rollingringdrives.com\/#organization","name":"QiPangName","url":"https:\/\/rollingringdrives.com\/","logo":{"@type":"ImageObject","inLanguage":"pt-PT","@id":"https:\/\/rollingringdrives.com\/#\/schema\/logo\/image\/","url":"https:\/\/rollingringdrives.com\/wp-content\/uploads\/2023\/05\/cropped-\u672a\u547d\u540d\u7684\u8bbe\u8ba1.png","contentUrl":"https:\/\/rollingringdrives.com\/wp-content\/uploads\/2023\/05\/cropped-\u672a\u547d\u540d\u7684\u8bbe\u8ba1.png","width":300,"height":191,"caption":"QiPang"},"image":{"@id":"https:\/\/rollingringdrives.com\/#\/schema\/logo\/image\/"}}]}},"_links":{"self":[{"href":"https:\/\/rollingringdrives.com\/pt\/wp-json\/wp\/v2\/product\/26309","targetHints":{"allow":["GET"]}}],"collection":[{"href":"https:\/\/rollingringdrives.com\/pt\/wp-json\/wp\/v2\/product"}],"about":[{"href":"https:\/\/rollingringdrives.com\/pt\/wp-json\/wp\/v2\/types\/product"}],"version-history":[{"count":0,"href":"https:\/\/rollingringdrives.com\/pt\/wp-json\/wp\/v2\/product\/26309\/revisions"}],"wp:featuredmedia":[{"embeddable":true,"href":"https:\/\/rollingringdrives.com\/pt\/wp-json\/wp\/v2\/media\/26313"}],"wp:attachment":[{"href":"https:\/\/rollingringdrives.com\/pt\/wp-json\/wp\/v2\/media?parent=26309"}],"wp:term":[{"taxonomy":"product_brand","embeddable":true,"href":"https:\/\/rollingringdrives.com\/pt\/wp-json\/wp\/v2\/product_brand?post=26309"},{"taxonomy":"product_cat","embeddable":true,"href":"https:\/\/rollingringdrives.com\/pt\/wp-json\/wp\/v2\/product_cat?post=26309"},{"taxonomy":"product_tag","embeddable":true,"href":"https:\/\/rollingringdrives.com\/pt\/wp-json\/wp\/v2\/product_tag?post=26309"}],"curies":[{"name":"wp","href":"https:\/\/api.w.org\/{rel}","templated":true}]}}