{"id":26358,"date":"2023-05-24T02:56:45","date_gmt":"2023-05-24T02:56:45","guid":{"rendered":"https:\/\/rollingringdrives.com\/?post_type=product&#038;p=26358"},"modified":"2025-07-07T07:39:25","modified_gmt":"2025-07-07T07:39:25","slug":"qp1250-2000-end-shaft-type-payoff-machine","status":"publish","type":"product","link":"https:\/\/rollingringdrives.com\/pt\/produtos\/qp1250-2000-end-shaft-type-payoff-machine\/","title":{"rendered":"QP1250-2000 M\u00e1quina de desembolso tipo eixo final"},"content":{"rendered":"<p class=\"xsj_paragraph xsj_paragraph_level_0\" data-source-line=\"0\" data-source-line-display=\"true\">O\u00a0<strong class=\"markdown_strong_asterisk\">QP1250-2000 M\u00e1quina de desembolso tipo eixo final<\/strong> \u00e9 um rack de pagamento de tens\u00e3o passiva projetado para lidar com bobinas PN1250-PN2000 de forma eficaz. Esta m\u00e1quina vem com um motor de eleva\u00e7\u00e3o e um motor de descarga de clipe que funciona com um motor CA de 1,5kw e 1,1kw, respectivamente, ajudando a manter uma tens\u00e3o consistente e ajust\u00e1vel. Com uma capacidade de carga de 8T, o QP1250-2000 oferece uma solu\u00e7\u00e3o perfeita para o manuseio de bobinas pesadas de cabos, fios e outros materiais.<\/p>\n<p data-source-line=\"0\" data-source-line-display=\"true\"><div id=\"footable_parent_26360\"\n         class=\"footable_parent ninja_table_wrapper loading_ninja_table wp_table_data_press_parent semantic_ui\">\n                <table data-ninja_table_instance=\"ninja_table_instance_0\" data-footable_id=\"26360\" data-filter-delay=\"1000\" aria-label=\"5\u65b0\u5efa2 XL2dSX \u5de5\u4f5c\u8868 (2).csv\"            id=\"footable_26360\"\n           data-unique_identifier=\"ninja_table_unique_id_1495496185_26360\"\n           class=\"foo-table ninja_footable foo_table_26360 ninja_table_unique_id_1495496185_26360 ui table  nt_type_legacy_table selectable striped vertical_centered  footable-paging-right ninja_table_search_disabled ninja_table_pro\">\n                <colgroup>\n                            <col class=\"ninja_column_0\">\n                            <col class=\"ninja_column_1\">\n                    <\/colgroup>\n        <thead>\n<tr class=\"footable-header\">\n                                        <th scope=\"col\"  class=\"ninja_column_0 ninja_clmn_nm_parameter\">Par\u00e2metro<\/th><th scope=\"col\"  class=\"ninja_column_1 ninja_clmn_nm_value\">Valor<\/th><\/tr>\n<\/thead>\n<tbody>\n\n        <tr data-row_id=\"392\" class=\"ninja_table_row_0 nt_row_id_392\">\n            <td>Formul\u00e1rio de rack de pagamento<\/td><td>tens\u00e3o passiva<\/td>        <\/tr>\n            <tr data-row_id=\"393\" class=\"ninja_table_row_1 nt_row_id_393\">\n            <td>bobinas aplic\u00e1veis<\/td><td>PN1250\u2014PN2000 (GB4004-84, DIN46391, 46395)<\/td>        <\/tr>\n            <tr data-row_id=\"394\" class=\"ninja_table_row_2 nt_row_id_394\">\n            <td>Faixa de di\u00e2metro da bobina<\/td><td>\u03a61250\uff5e\u03a62000mm<\/td>        <\/tr>\n            <tr data-row_id=\"395\" class=\"ninja_table_row_3 nt_row_id_395\">\n            <td>Largura do carretel aplic\u00e1vel<\/td><td>750\uff5e1500mm<\/td>        <\/tr>\n            <tr data-row_id=\"396\" class=\"ninja_table_row_4 nt_row_id_396\">\n            <td>Di\u00e2metro do cabo aplic\u00e1vel<\/td><td>\u03a63--\u03a680mm (M\u00e1x.)<\/td>        <\/tr>\n            <tr data-row_id=\"397\" class=\"ninja_table_row_5 nt_row_id_397\">\n            <td>motor de eleva\u00e7\u00e3o<\/td><td>Motor CA de 1,5kw + redutor cicl\u00f3ide (2 conjuntos)<\/td>        <\/tr>\n            <tr data-row_id=\"398\" class=\"ninja_table_row_6 nt_row_id_398\">\n            <td>Motor de descarga de clipe<\/td><td>Motor CA de 1,1kw + redutor cata-vento cicloidal (2 conjuntos)<\/td>        <\/tr>\n            <tr data-row_id=\"399\" class=\"ninja_table_row_7 nt_row_id_399\">\n            <td>tens\u00e3o de pagamento<\/td><td>Tens\u00e3o da pin\u00e7a de fric\u00e7\u00e3o mec\u00e2nica ou freio a p\u00f3 magn\u00e9tico para controlar a tens\u00e3o; a tens\u00e3o \u00e9 ajust\u00e1vel.<\/td>        <\/tr>\n            <tr data-row_id=\"400\" class=\"ninja_table_row_8 nt_row_id_400\">\n            <td>Capacidade de carga<\/td><td>8T (m\u00e1x.)<\/td>        <\/tr>\n    <\/tbody><!--ninja_tobody_rendering_done-->\n    <\/table>\n    \n    \n    \n<\/div>\n<\/p>\n<div class=\"xiaoshujiang_element xsj_anchor\"><a class=\"blank_anchor_name\" name=\"applications_1\"><\/a><a id=\"applications_1\" class=\"blank_anchor_id\"><\/a><a class=\"blank_anchor_name\" name=\"applications\"><\/a><a id=\"applications\" class=\"blank_anchor_id\"><\/a><\/div>\n<h2 id=\"applications_1\" class=\"xsj_heading_hash xsj_heading xsj_heading_h2\" data-source-line=\"2\" data-source-line-display=\"true\"><span class=\"xsj_heading_content\">Formul\u00e1rios:<\/span><\/h2>\n<p class=\"xsj_paragraph xsj_paragraph_level_0\" data-source-line=\"4\" data-source-line-display=\"true\">A m\u00e1quina de payoff tipo eixo final QP1250-2000 \u00e9 ideal para v\u00e1rias aplica\u00e7\u00f5es, incluindo fabrica\u00e7\u00e3o de fios e cabos, transmiss\u00e3o de energia, telecomunica\u00e7\u00f5es e constru\u00e7\u00e3o. Ele \u00e9 projetado para acomodar bobinas com di\u00e2metros variando de 1250mm a 2000mm e pode manusear bobinas com larguras entre 750mm a 1500mm. Isso o torna vers\u00e1til para todas as suas necessidades de manuseio de cabos e fios.<\/p>\n<div class=\"xiaoshujiang_element xsj_anchor\"><a class=\"blank_anchor_name\" name=\"faqs_2\"><\/a><a id=\"faqs_2\" class=\"blank_anchor_id\"><\/a><a class=\"blank_anchor_name\" name=\"faqs\"><\/a><a id=\"faqs\" class=\"blank_anchor_id\"><\/a><\/div>\n<h2 id=\"faqs_2\" class=\"xsj_heading_hash xsj_heading xsj_heading_h2\" data-source-line=\"6\" data-source-line-display=\"true\"><span class=\"xsj_heading_content\">Perguntas frequentes:<\/span><\/h2>\n<div class=\"xiaoshujiang_element xsj_anchor\"><a class=\"blank_anchor_name\" name=\"120what20is20the20maximum20load20capacity20of20qp1250-200020end20shaft20type20payoff20machine_3\"><\/a><a id=\"120what20is20the20maximum20load20capacity20of20qp1250-200020end20shaft20type20payoff20machine_3\" class=\"blank_anchor_id\"><\/a><a class=\"blank_anchor_name\" name=\"1-what-is-the-maximum-load-capacity-of-qp1250-2000-end-shaft-type-payoff-machine\"><\/a><a id=\"1-what-is-the-maximum-load-capacity-of-qp1250-2000-end-shaft-type-payoff-machine\" class=\"blank_anchor_id\"><\/a><\/div>\n<h4 id=\"120what20is20the20maximum20load20capacity20of20qp1250-200020end20shaft20type20payoff20machine_3\" class=\"xsj_heading_hash xsj_heading xsj_heading_h4\" data-source-line=\"8\" data-source-line-display=\"true\"><span class=\"xsj_heading_content\">1. Qual \u00e9 a capacidade m\u00e1xima de carga da Payoff Machine QP1250-2000?<\/span><\/h4>\n<p class=\"xsj_paragraph xsj_paragraph_level_0\" data-source-line=\"10\" data-source-line-display=\"true\">A m\u00e1quina de payoff tipo eixo final QP1250-2000 tem uma capacidade m\u00e1xima de carga de 8T.<\/p>\n<div class=\"xiaoshujiang_element xsj_anchor\"><a class=\"blank_anchor_name\" name=\"220what20is20the20applicable20reel20diameter20range20for20this20machine_4\"><\/a><a id=\"220what20is20the20applicable20reel20diameter20range20for20this20machine_4\" class=\"blank_anchor_id\"><\/a><a class=\"blank_anchor_name\" name=\"2-what-is-the-applicable-reel-diameter-range-for-this-machine\"><\/a><a id=\"2-what-is-the-applicable-reel-diameter-range-for-this-machine\" class=\"blank_anchor_id\"><\/a><\/div>\n<h4 id=\"220what20is20the20applicable20reel20diameter20range20for20this20machine_4\" class=\"xsj_heading_hash xsj_heading xsj_heading_h4\" data-source-line=\"12\" data-source-line-display=\"true\"><span class=\"xsj_heading_content\">2. Qual \u00e9 a faixa de di\u00e2metro da bobina aplic\u00e1vel para esta m\u00e1quina?<\/span><\/h4>\n<p class=\"xsj_paragraph xsj_paragraph_level_0\" data-source-line=\"14\" data-source-line-display=\"true\">Esta m\u00e1quina pode lidar com di\u00e2metros de bobina variando de 1250mm a 2000mm.<\/p>\n<div class=\"xiaoshujiang_element xsj_anchor\"><a class=\"blank_anchor_name\" name=\"320what20is20the20applicable20cable20diameter20range20for20this20machine_5\"><\/a><a id=\"320what20is20the20applicable20cable20diameter20range20for20this20machine_5\" class=\"blank_anchor_id\"><\/a><a class=\"blank_anchor_name\" name=\"3-what-is-the-applicable-cable-diameter-range-for-this-machine\"><\/a><a id=\"3-what-is-the-applicable-cable-diameter-range-for-this-machine\" class=\"blank_anchor_id\"><\/a><\/div>\n<h4 id=\"320what20is20the20applicable20cable20diameter20range20for20this20machine_5\" class=\"xsj_heading_hash xsj_heading xsj_heading_h4\" data-source-line=\"16\" data-source-line-display=\"true\"><span class=\"xsj_heading_content\">3. Qual \u00e9 a faixa de di\u00e2metro de cabo aplic\u00e1vel para esta m\u00e1quina?<\/span><\/h4>\n<p class=\"xsj_paragraph xsj_paragraph_level_0\" data-source-line=\"18\" data-source-line-display=\"true\">A m\u00e1quina QP1250-2000 pode manusear cabos com di\u00e2metros variando de 3mm a 80mm.<\/p>\n<div class=\"xiaoshujiang_element xsj_anchor\"><a class=\"blank_anchor_name\" name=\"420what20type20of20tension20control20is20available20for20qp1250-200020end20shaft20type20payoff20machine_6\"><\/a><a id=\"420what20type20of20tension20control20is20available20for20qp1250-200020end20shaft20type20payoff20machine_6\" class=\"blank_anchor_id\"><\/a><a class=\"blank_anchor_name\" name=\"4-what-type-of-tension-control-is-available-for-qp1250-2000-end-shaft-type-payoff-machine\"><\/a><a id=\"4-what-type-of-tension-control-is-available-for-qp1250-2000-end-shaft-type-payoff-machine\" class=\"blank_anchor_id\"><\/a><\/div>\n<h4 id=\"420what20type20of20tension20control20is20available20for20qp1250-200020end20shaft20type20payoff20machine_6\" class=\"xsj_heading_hash xsj_heading xsj_heading_h4\" data-source-line=\"20\" data-source-line-display=\"true\"><span class=\"xsj_heading_content\">4. Que tipo de controle de tens\u00e3o est\u00e1 dispon\u00edvel para a Payoff Machine QP1250-2000?<\/span><\/h4>\n<p class=\"xsj_paragraph xsj_paragraph_level_0\" data-source-line=\"22\" data-source-line-display=\"true\">Esta m\u00e1quina oferece duas op\u00e7\u00f5es para controle de tens\u00e3o, incluindo tens\u00e3o de pin\u00e7a de fric\u00e7\u00e3o mec\u00e2nica e freio de p\u00f3 magn\u00e9tico para garantir press\u00e3o est\u00e1vel e ajust\u00e1vel em seus cabos.<\/p>\n<div class=\"xiaoshujiang_element xsj_anchor\"><a class=\"blank_anchor_name\" name=\"520is20the20qp1250-200020end20shaft20type20payoff20machine20suitable20for20different20reel20specifications_7\"><\/a><a id=\"520is20the20qp1250-200020end20shaft20type20payoff20machine20suitable20for20different20reel20specifications_7\" class=\"blank_anchor_id\"><\/a><a class=\"blank_anchor_name\" name=\"5-is-the-qp1250-2000-end-shaft-type-payoff-machine-suitable-for-different-reel-specifications\"><\/a><a id=\"5-is-the-qp1250-2000-end-shaft-type-payoff-machine-suitable-for-different-reel-specifications\" class=\"blank_anchor_id\"><\/a><\/div>\n<h4 id=\"520is20the20qp1250-200020end20shaft20type20payoff20machine20suitable20for20different20reel20specifications_7\" class=\"xsj_heading_hash xsj_heading xsj_heading_h4\" data-source-line=\"24\" data-source-line-display=\"true\"><span class=\"xsj_heading_content\">5. A Payoff Machine QP1250-2000 \u00e9 adequada para diferentes especifica\u00e7\u00f5es de bobina?<\/span><\/h4>\n<p class=\"xsj_paragraph xsj_paragraph_level_0\" data-source-line=\"26\" data-source-line-display=\"true\">Sim, esta m\u00e1quina vem com um dispositivo de prote\u00e7\u00e3o dupla, permitindo o uso de diferentes especifica\u00e7\u00f5es de mangas superiores para acomodar v\u00e1rios tamanhos de bobina.<\/p>","protected":false},"excerpt":{"rendered":"<h2 id=\"features_1\" class=\"xsj_heading_hash xsj_heading xsj_heading_h2\" data-source-line=\"2\" data-source-line-display=\"true\"><span class=\"xsj_heading_content\">Caracter\u00edsticas:<\/span><\/h2>\n<ol class=\"markdown_ol\" data-source-line=\"4\">\n<li data-source-line=\"4\">A m\u00e1quina de desembolsar tipo eixo final QP1250-2000 possui uma estrutura robusta, uma m\u00e1quina de velocidade e um dispositivo de prote\u00e7\u00e3o dupla para m\u00e1xima seguran\u00e7a e efici\u00eancia.<\/li>\n<li data-source-line=\"5\">Sua estrutura de eixo final \u00e9 feita dobrando e soldando o quadro, tornando-o dur\u00e1vel e confi\u00e1vel.<\/li>\n<li data-source-line=\"6\">A m\u00e1quina de velocidade aciona a porca do parafuso para permitir que cada assento superior suba ou des\u00e7a individualmente ou simultaneamente, fornecendo solu\u00e7\u00f5es flex\u00edveis para diferentes tamanhos de bobina.<\/li>\n<li data-source-line=\"7\">Esta m\u00e1quina integra aparelhos mec\u00e2nicos e el\u00e9tricos para m\u00e1xima seguran\u00e7a no uso.<\/li>\n<\/ol>","protected":false},"featured_media":26361,"template":"","meta":{"site-sidebar-layout":"default","site-content-layout":"default","ast-global-header-display":"","ast-banner-title-visibility":"","ast-main-header-display":"","ast-hfb-above-header-display":"","ast-hfb-below-header-display":"","ast-hfb-mobile-header-display":"","site-post-title":"","ast-breadcrumbs-content":"","ast-featured-img":"","footer-sml-layout":"","theme-transparent-header-meta":"default","adv-header-id-meta":"","stick-header-meta":"","header-above-stick-meta":"","header-main-stick-meta":"","header-below-stick-meta":""},"product_brand":[],"product_cat":[48,134],"product_tag":[],"class_list":{"0":"post-26358","1":"product","2":"type-product","3":"status-publish","4":"has-post-thumbnail","6":"product_cat-wire-payoff-machine","7":"product_cat-end-shaft-unwinder-machine","8":"desktop-align-left","9":"tablet-align-left","10":"mobile-align-left","12":"first","13":"instock","14":"shipping-taxable","15":"product-type-simple"},"yoast_head":"<!-- This site is optimized with the Yoast SEO Premium plugin v20.12 (Yoast SEO v26.0) - https:\/\/yoast.com\/wordpress\/plugins\/seo\/ -->\n<title>QP1250-2000 End Shaft Type Payoff Machine - QiPang<\/title>\n<meta name=\"description\" content=\"Efficiently handle heavy-duty reels of cables and wires with the QP1250-2000 End Shaft Payoff Machine. Upgrade your wire handling today!\" \/>\n<meta name=\"robots\" content=\"index, follow, max-snippet:-1, max-image-preview:large, max-video-preview:-1\" \/>\n<link rel=\"canonical\" href=\"https:\/\/rollingringdrives.com\/pt\/produtos\/qp1250-2000-end-shaft-type-payoff-machine\/\" \/>\n<meta property=\"og:locale\" content=\"pt_PT\" \/>\n<meta property=\"og:type\" content=\"article\" \/>\n<meta property=\"og:title\" content=\"QP1250-2000 End Shaft Type Payoff Machine\" \/>\n<meta property=\"og:description\" content=\"Efficiently handle heavy-duty reels of cables and wires with the QP1250-2000 End Shaft Payoff Machine. Upgrade your wire handling today!\" \/>\n<meta property=\"og:url\" content=\"https:\/\/rollingringdrives.com\/pt\/produtos\/qp1250-2000-end-shaft-type-payoff-machine\/\" \/>\n<meta property=\"og:site_name\" content=\"QiPang\" \/>\n<meta property=\"article:modified_time\" content=\"2025-07-07T07:39:25+00:00\" \/>\n<meta property=\"og:image\" content=\"https:\/\/rollingringdrives.com\/wp-content\/uploads\/2023\/05\/2-31.jpg\" \/>\n\t<meta property=\"og:image:width\" content=\"600\" \/>\n\t<meta property=\"og:image:height\" content=\"600\" \/>\n\t<meta property=\"og:image:type\" content=\"image\/jpeg\" \/>\n<meta name=\"twitter:card\" content=\"summary_large_image\" \/>\n<meta name=\"twitter:label1\" content=\"Est. reading time\" \/>\n\t<meta name=\"twitter:data1\" content=\"2 minutos\" \/>\n<script type=\"application\/ld+json\" class=\"yoast-schema-graph\">{\"@context\":\"https:\/\/schema.org\",\"@graph\":[{\"@type\":\"WebPage\",\"@id\":\"https:\/\/rollingringdrives.com\/product\/qp1250-2000-end-shaft-type-payoff-machine\/\",\"url\":\"https:\/\/rollingringdrives.com\/product\/qp1250-2000-end-shaft-type-payoff-machine\/\",\"name\":\"QP1250-2000 End Shaft Type Payoff Machine - QiPang\",\"isPartOf\":{\"@id\":\"https:\/\/rollingringdrives.com\/#website\"},\"primaryImageOfPage\":{\"@id\":\"https:\/\/rollingringdrives.com\/product\/qp1250-2000-end-shaft-type-payoff-machine\/#primaryimage\"},\"image\":{\"@id\":\"https:\/\/rollingringdrives.com\/product\/qp1250-2000-end-shaft-type-payoff-machine\/#primaryimage\"},\"thumbnailUrl\":\"https:\/\/rollingringdrives.com\/wp-content\/uploads\/2023\/05\/2-31.jpg\",\"datePublished\":\"2023-05-24T02:56:45+00:00\",\"dateModified\":\"2025-07-07T07:39:25+00:00\",\"description\":\"Efficiently handle heavy-duty reels of cables and wires with the QP1250-2000 End Shaft Payoff Machine. Upgrade your wire handling today!\",\"breadcrumb\":{\"@id\":\"https:\/\/rollingringdrives.com\/product\/qp1250-2000-end-shaft-type-payoff-machine\/#breadcrumb\"},\"inLanguage\":\"pt-PT\",\"potentialAction\":[{\"@type\":\"ReadAction\",\"target\":[\"https:\/\/rollingringdrives.com\/product\/qp1250-2000-end-shaft-type-payoff-machine\/\"]}]},{\"@type\":\"ImageObject\",\"inLanguage\":\"pt-PT\",\"@id\":\"https:\/\/rollingringdrives.com\/product\/qp1250-2000-end-shaft-type-payoff-machine\/#primaryimage\",\"url\":\"https:\/\/rollingringdrives.com\/wp-content\/uploads\/2023\/05\/2-31.jpg\",\"contentUrl\":\"https:\/\/rollingringdrives.com\/wp-content\/uploads\/2023\/05\/2-31.jpg\",\"width\":600,\"height\":600,\"caption\":\"QP1250-2000 End Shaft Type Payoff Machine\"},{\"@type\":\"BreadcrumbList\",\"@id\":\"https:\/\/rollingringdrives.com\/product\/qp1250-2000-end-shaft-type-payoff-machine\/#breadcrumb\",\"itemListElement\":[{\"@type\":\"ListItem\",\"position\":1,\"name\":\"Home\",\"item\":\"https:\/\/rollingringdrives.com\/\"},{\"@type\":\"ListItem\",\"position\":2,\"name\":\"Machines\",\"item\":\"https:\/\/rollingringdrives.com\/machines\/\"},{\"@type\":\"ListItem\",\"position\":3,\"name\":\"QP1250-2000 End Shaft Type Payoff Machine\"}]},{\"@type\":\"WebSite\",\"@id\":\"https:\/\/rollingringdrives.com\/#website\",\"url\":\"https:\/\/rollingringdrives.com\/\",\"name\":\"QiPang\",\"description\":\"QiPang Blog\",\"publisher\":{\"@id\":\"https:\/\/rollingringdrives.com\/#organization\"},\"potentialAction\":[{\"@type\":\"SearchAction\",\"target\":{\"@type\":\"EntryPoint\",\"urlTemplate\":\"https:\/\/rollingringdrives.com\/?s={search_term_string}\"},\"query-input\":{\"@type\":\"PropertyValueSpecification\",\"valueRequired\":true,\"valueName\":\"search_term_string\"}}],\"inLanguage\":\"pt-PT\"},{\"@type\":\"Organization\",\"@id\":\"https:\/\/rollingringdrives.com\/#organization\",\"name\":\"QiPang\",\"url\":\"https:\/\/rollingringdrives.com\/\",\"logo\":{\"@type\":\"ImageObject\",\"inLanguage\":\"pt-PT\",\"@id\":\"https:\/\/rollingringdrives.com\/#\/schema\/logo\/image\/\",\"url\":\"https:\/\/rollingringdrives.com\/wp-content\/uploads\/2023\/05\/cropped-\u672a\u547d\u540d\u7684\u8bbe\u8ba1.png\",\"contentUrl\":\"https:\/\/rollingringdrives.com\/wp-content\/uploads\/2023\/05\/cropped-\u672a\u547d\u540d\u7684\u8bbe\u8ba1.png\",\"width\":300,\"height\":191,\"caption\":\"QiPang\"},\"image\":{\"@id\":\"https:\/\/rollingringdrives.com\/#\/schema\/logo\/image\/\"}}]}<\/script>\n<!-- \/ Yoast SEO Premium plugin. -->","yoast_head_json":{"title":"QP1250-2000 M\u00e1quina de desembolso tipo eixo final - QiPang","description":"Manuseie bobinas de cabos e fios de servi\u00e7o pesado com efici\u00eancia com a m\u00e1quina de distribui\u00e7\u00e3o de eixo final QP1250-2000. Atualize seu manuseio de fio hoje!","robots":{"index":"index","follow":"follow","max-snippet":"max-snippet:-1","max-image-preview":"max-image-preview:large","max-video-preview":"max-video-preview:-1"},"canonical":"https:\/\/rollingringdrives.com\/pt\/produtos\/qp1250-2000-end-shaft-type-payoff-machine\/","og_locale":"pt_PT","og_type":"article","og_title":"QP1250-2000 End Shaft Type Payoff Machine","og_description":"Efficiently handle heavy-duty reels of cables and wires with the QP1250-2000 End Shaft Payoff Machine. Upgrade your wire handling today!","og_url":"https:\/\/rollingringdrives.com\/pt\/produtos\/qp1250-2000-end-shaft-type-payoff-machine\/","og_site_name":"QiPang","article_modified_time":"2025-07-07T07:39:25+00:00","og_image":[{"width":600,"height":600,"url":"https:\/\/rollingringdrives.com\/wp-content\/uploads\/2023\/05\/2-31.jpg","type":"image\/jpeg"}],"twitter_card":"summary_large_image","twitter_misc":{"Est. reading time":"2 minutos"},"schema":{"@context":"https:\/\/schema.org","@graph":[{"@type":"WebPage","@id":"https:\/\/rollingringdrives.com\/product\/qp1250-2000-end-shaft-type-payoff-machine\/","url":"https:\/\/rollingringdrives.com\/product\/qp1250-2000-end-shaft-type-payoff-machine\/","name":"QP1250-2000 M\u00e1quina de desembolso tipo eixo final - QiPang","isPartOf":{"@id":"https:\/\/rollingringdrives.com\/#website"},"primaryImageOfPage":{"@id":"https:\/\/rollingringdrives.com\/product\/qp1250-2000-end-shaft-type-payoff-machine\/#primaryimage"},"image":{"@id":"https:\/\/rollingringdrives.com\/product\/qp1250-2000-end-shaft-type-payoff-machine\/#primaryimage"},"thumbnailUrl":"https:\/\/rollingringdrives.com\/wp-content\/uploads\/2023\/05\/2-31.jpg","datePublished":"2023-05-24T02:56:45+00:00","dateModified":"2025-07-07T07:39:25+00:00","description":"Manuseie bobinas de cabos e fios de servi\u00e7o pesado com efici\u00eancia com a m\u00e1quina de distribui\u00e7\u00e3o de eixo final QP1250-2000. Atualize seu manuseio de fio hoje!","breadcrumb":{"@id":"https:\/\/rollingringdrives.com\/product\/qp1250-2000-end-shaft-type-payoff-machine\/#breadcrumb"},"inLanguage":"pt-PT","potentialAction":[{"@type":"ReadAction","target":["https:\/\/rollingringdrives.com\/product\/qp1250-2000-end-shaft-type-payoff-machine\/"]}]},{"@type":"ImageObject","inLanguage":"pt-PT","@id":"https:\/\/rollingringdrives.com\/product\/qp1250-2000-end-shaft-type-payoff-machine\/#primaryimage","url":"https:\/\/rollingringdrives.com\/wp-content\/uploads\/2023\/05\/2-31.jpg","contentUrl":"https:\/\/rollingringdrives.com\/wp-content\/uploads\/2023\/05\/2-31.jpg","width":600,"height":600,"caption":"QP1250-2000 End Shaft Type Payoff Machine"},{"@type":"BreadcrumbList","@id":"https:\/\/rollingringdrives.com\/product\/qp1250-2000-end-shaft-type-payoff-machine\/#breadcrumb","itemListElement":[{"@type":"ListItem","position":1,"name":"Home","item":"https:\/\/rollingringdrives.com\/"},{"@type":"ListItem","position":2,"name":"Machines","item":"https:\/\/rollingringdrives.com\/machines\/"},{"@type":"ListItem","position":3,"name":"QP1250-2000 End Shaft Type Payoff Machine"}]},{"@type":"WebSite","@id":"https:\/\/rollingringdrives.com\/#website","url":"https:\/\/rollingringdrives.com\/","name":"QiPangName","description":"Blog QiPang","publisher":{"@id":"https:\/\/rollingringdrives.com\/#organization"},"potentialAction":[{"@type":"SearchAction","target":{"@type":"EntryPoint","urlTemplate":"https:\/\/rollingringdrives.com\/?s={search_term_string}"},"query-input":{"@type":"PropertyValueSpecification","valueRequired":true,"valueName":"search_term_string"}}],"inLanguage":"pt-PT"},{"@type":"Organization","@id":"https:\/\/rollingringdrives.com\/#organization","name":"QiPangName","url":"https:\/\/rollingringdrives.com\/","logo":{"@type":"ImageObject","inLanguage":"pt-PT","@id":"https:\/\/rollingringdrives.com\/#\/schema\/logo\/image\/","url":"https:\/\/rollingringdrives.com\/wp-content\/uploads\/2023\/05\/cropped-\u672a\u547d\u540d\u7684\u8bbe\u8ba1.png","contentUrl":"https:\/\/rollingringdrives.com\/wp-content\/uploads\/2023\/05\/cropped-\u672a\u547d\u540d\u7684\u8bbe\u8ba1.png","width":300,"height":191,"caption":"QiPang"},"image":{"@id":"https:\/\/rollingringdrives.com\/#\/schema\/logo\/image\/"}}]}},"_links":{"self":[{"href":"https:\/\/rollingringdrives.com\/pt\/wp-json\/wp\/v2\/product\/26358","targetHints":{"allow":["GET"]}}],"collection":[{"href":"https:\/\/rollingringdrives.com\/pt\/wp-json\/wp\/v2\/product"}],"about":[{"href":"https:\/\/rollingringdrives.com\/pt\/wp-json\/wp\/v2\/types\/product"}],"version-history":[{"count":0,"href":"https:\/\/rollingringdrives.com\/pt\/wp-json\/wp\/v2\/product\/26358\/revisions"}],"wp:featuredmedia":[{"embeddable":true,"href":"https:\/\/rollingringdrives.com\/pt\/wp-json\/wp\/v2\/media\/26361"}],"wp:attachment":[{"href":"https:\/\/rollingringdrives.com\/pt\/wp-json\/wp\/v2\/media?parent=26358"}],"wp:term":[{"taxonomy":"product_brand","embeddable":true,"href":"https:\/\/rollingringdrives.com\/pt\/wp-json\/wp\/v2\/product_brand?post=26358"},{"taxonomy":"product_cat","embeddable":true,"href":"https:\/\/rollingringdrives.com\/pt\/wp-json\/wp\/v2\/product_cat?post=26358"},{"taxonomy":"product_tag","embeddable":true,"href":"https:\/\/rollingringdrives.com\/pt\/wp-json\/wp\/v2\/product_tag?post=26358"}],"curies":[{"name":"wp","href":"https:\/\/api.w.org\/{rel}","templated":true}]}}