{"id":26366,"date":"2023-05-24T03:10:06","date_gmt":"2023-05-24T03:10:06","guid":{"rendered":"https:\/\/rollingringdrives.com\/?post_type=product&#038;p=26366"},"modified":"2025-07-07T07:39:02","modified_gmt":"2025-07-07T07:39:02","slug":"qp1250-2500-end-shaft-type-payoff-machine","status":"publish","type":"product","link":"https:\/\/rollingringdrives.com\/pt\/produtos\/qp1250-2500-end-shaft-type-payoff-machine\/","title":{"rendered":"QP1250-2500 M\u00e1quina de desembolso tipo eixo final"},"content":{"rendered":"<p class=\"xsj_paragraph xsj_paragraph_level_0\" data-source-line=\"0\" data-source-line-display=\"true\">O\u00a0<strong class=\"markdown_strong_asterisk\">QP1250-2500 M\u00e1quina de desembolso tipo eixo final<\/strong> \u00e9 um rack de tens\u00e3o passiva projetado para acomodar bobinas com uma faixa de di\u00e2metro entre \u03a61250 e \u03a62500mm e um di\u00e2metro de cabo de \u03a63 a \u03a6100mm. Com uma capacidade de carga de at\u00e9 12T, esta m\u00e1quina de payoff usa uma tens\u00e3o de pin\u00e7a de fric\u00e7\u00e3o mec\u00e2nica ou um freio de p\u00f3 magn\u00e9tico para controlar a press\u00e3o, garantindo um passo de di\u00e2metro de fio limpo e bonito. A m\u00e1quina possui uma estrutura de eixo final e dispositivos de prote\u00e7\u00e3o dupla para aparelhos mec\u00e2nicos e el\u00e9tricos.<\/p>\n<p data-source-line=\"0\" data-source-line-display=\"true\"><div id=\"footable_parent_26371\"\n         class=\"footable_parent ninja_table_wrapper loading_ninja_table wp_table_data_press_parent semantic_ui\">\n                <table data-ninja_table_instance=\"ninja_table_instance_0\" data-footable_id=\"26371\" data-filter-delay=\"1000\" aria-label=\"6\u65b0\u5efa2 XL2dSX \u5de5\u4f5c\u8868 (2).csv\"            id=\"footable_26371\"\n           data-unique_identifier=\"ninja_table_unique_id_648520854_26371\"\n           class=\"foo-table ninja_footable foo_table_26371 ninja_table_unique_id_648520854_26371 ui table  nt_type_legacy_table selectable striped vertical_centered  footable-paging-right ninja_table_search_disabled ninja_table_pro\">\n                <colgroup>\n                            <col class=\"ninja_column_0\">\n                            <col class=\"ninja_column_1\">\n                    <\/colgroup>\n        <thead>\n<tr class=\"footable-header\">\n                                        <th scope=\"col\"  class=\"ninja_column_0 ninja_clmn_nm_parameter\">Par\u00e2metro<\/th><th scope=\"col\"  class=\"ninja_column_1 ninja_clmn_nm_value\">Valor<\/th><\/tr>\n<\/thead>\n<tbody>\n\n        <tr data-row_id=\"401\" class=\"ninja_table_row_0 nt_row_id_401\">\n            <td>Formul\u00e1rio de rack de pagamento<\/td><td>tens\u00e3o passiva<\/td>        <\/tr>\n            <tr data-row_id=\"402\" class=\"ninja_table_row_1 nt_row_id_402\">\n            <td>bobinas aplic\u00e1veis<\/td><td>PN1250\u2014PN2500 (GB4004-84, DIN46391, 46395)<\/td>        <\/tr>\n            <tr data-row_id=\"403\" class=\"ninja_table_row_2 nt_row_id_403\">\n            <td>Faixa de di\u00e2metro da bobina<\/td><td>\u03a61250\uff5e\u03a62500mm<\/td>        <\/tr>\n            <tr data-row_id=\"404\" class=\"ninja_table_row_3 nt_row_id_404\">\n            <td>Largura do carretel aplic\u00e1vel<\/td><td>950\uff5e1900mm<\/td>        <\/tr>\n            <tr data-row_id=\"405\" class=\"ninja_table_row_4 nt_row_id_405\">\n            <td>Di\u00e2metro do cabo aplic\u00e1vel<\/td><td>\u03a63--\u03a6100mm (M\u00e1x.)<\/td>        <\/tr>\n            <tr data-row_id=\"406\" class=\"ninja_table_row_5 nt_row_id_406\">\n            <td>motor de eleva\u00e7\u00e3o<\/td><td>Motor CA de 1,5kw + redutor cicl\u00f3ide (2 conjuntos)<\/td>        <\/tr>\n            <tr data-row_id=\"407\" class=\"ninja_table_row_6 nt_row_id_407\">\n            <td>Motor de descarga de clipe<\/td><td>Motor CA de 1,1kw + redutor cata-vento cicloidal (2 conjuntos)<\/td>        <\/tr>\n            <tr data-row_id=\"408\" class=\"ninja_table_row_7 nt_row_id_408\">\n            <td>tens\u00e3o de pagamento<\/td><td>Tens\u00e3o da pin\u00e7a de fric\u00e7\u00e3o mec\u00e2nica ou freio a p\u00f3 magn\u00e9tico para controlar a tens\u00e3o; a tens\u00e3o \u00e9 ajust\u00e1vel.<\/td>        <\/tr>\n            <tr data-row_id=\"409\" class=\"ninja_table_row_8 nt_row_id_409\">\n            <td>Capacidade de carga<\/td><td>12 T (m\u00e1x.)<\/td>        <\/tr>\n    <\/tbody><!--ninja_tobody_rendering_done-->\n    <\/table>\n    \n    \n    \n<\/div>\n<\/p>\n<div class=\"xiaoshujiang_element xsj_anchor\"><a class=\"blank_anchor_name\" name=\"applications_1\"><\/a><a id=\"applications_1\" class=\"blank_anchor_id\"><\/a><a class=\"blank_anchor_name\" name=\"applications\"><\/a><a id=\"applications\" class=\"blank_anchor_id\"><\/a><\/div>\n<h2 id=\"applications_1\" class=\"xsj_heading_hash xsj_heading xsj_heading_h2\" data-source-line=\"2\" data-source-line-display=\"true\"><span class=\"xsj_heading_content\">Formul\u00e1rios:<\/span><\/h2>\n<p class=\"xsj_paragraph xsj_paragraph_level_0\" data-source-line=\"3\" data-source-line-display=\"true\">A m\u00e1quina de desembolsar QP1250-2500 \u00e9 ideal para linhas de produ\u00e7\u00e3o de fios e cabos, fornecendo controle de tens\u00e3o de desbobinamento r\u00e1pido e preciso. Adequado para uso em v\u00e1rios setores, incluindo telecomunica\u00e7\u00f5es, automotivo, aeroespacial, constru\u00e7\u00e3o e muito mais.<\/p>\n<div class=\"xiaoshujiang_element xsj_anchor\"><\/div>\n<h2 id=\"frequently20asked20questions_2\" class=\"xsj_heading_hash xsj_heading xsj_heading_h2\" data-source-line=\"5\" data-source-line-display=\"true\"><span class=\"xsj_heading_content\">QP1250-2500 Perguntas frequentes sobre a m\u00e1quina de compensa\u00e7\u00e3o do tipo eixo final:<\/span><\/h2>\n<div class=\"xiaoshujiang_element xsj_anchor\"><a class=\"blank_anchor_name\" name=\"120what20is20the20maximum20load20capacity20of20the20qp1250-250020end20shaft20type20payoff20machine_3\"><\/a><a id=\"120what20is20the20maximum20load20capacity20of20the20qp1250-250020end20shaft20type20payoff20machine_3\" class=\"blank_anchor_id\"><\/a><a class=\"blank_anchor_name\" name=\"1-what-is-the-maximum-load-capacity-of-the-qp1250-2500-end-shaft-type-payoff-machine\"><\/a><a id=\"1-what-is-the-maximum-load-capacity-of-the-qp1250-2500-end-shaft-type-payoff-machine\" class=\"blank_anchor_id\"><\/a><\/div>\n<h4 id=\"120what20is20the20maximum20load20capacity20of20the20qp1250-250020end20shaft20type20payoff20machine_3\" class=\"xsj_heading_hash xsj_heading xsj_heading_h4\" data-source-line=\"7\" data-source-line-display=\"true\"><span class=\"xsj_heading_content\">1. Qual \u00e9 a capacidade m\u00e1xima de carga da Payoff Machine QP1250-2500?<\/span><\/h4>\n<p class=\"xsj_paragraph xsj_paragraph_level_0\" data-source-line=\"9\" data-source-line-display=\"true\">R: A m\u00e1quina tem capacidade m\u00e1xima de carga de at\u00e9 12T.<\/p>\n<div class=\"xiaoshujiang_element xsj_anchor\"><a class=\"blank_anchor_name\" name=\"220what20reel20diameter20range20can20the20machine20accommodate_4\"><\/a><a id=\"220what20reel20diameter20range20can20the20machine20accommodate_4\" class=\"blank_anchor_id\"><\/a><a class=\"blank_anchor_name\" name=\"2-what-reel-diameter-range-can-the-machine-accommodate\"><\/a><a id=\"2-what-reel-diameter-range-can-the-machine-accommodate\" class=\"blank_anchor_id\"><\/a><\/div>\n<h4 id=\"220what20reel20diameter20range20can20the20machine20accommodate_4\" class=\"xsj_heading_hash xsj_heading xsj_heading_h4\" data-source-line=\"11\" data-source-line-display=\"true\"><span class=\"xsj_heading_content\">2. Que faixa de di\u00e2metro de bobina a m\u00e1quina pode acomodar?<\/span><\/h4>\n<p class=\"xsj_paragraph xsj_paragraph_level_0\" data-source-line=\"13\" data-source-line-display=\"true\">R: A m\u00e1quina pode manusear bobinas com uma faixa de di\u00e2metro entre \u03a61250 e \u03a62500mm.<\/p>\n<div class=\"xiaoshujiang_element xsj_anchor\"><a class=\"blank_anchor_name\" name=\"320what20cable20diameter20range20is20compatible20with20the20machine_5\"><\/a><a id=\"320what20cable20diameter20range20is20compatible20with20the20machine_5\" class=\"blank_anchor_id\"><\/a><a class=\"blank_anchor_name\" name=\"3-what-cable-diameter-range-is-compatible-with-the-machine\"><\/a><a id=\"3-what-cable-diameter-range-is-compatible-with-the-machine\" class=\"blank_anchor_id\"><\/a><\/div>\n<h4 id=\"320what20cable20diameter20range20is20compatible20with20the20machine_5\" class=\"xsj_heading_hash xsj_heading xsj_heading_h4\" data-source-line=\"15\" data-source-line-display=\"true\"><span class=\"xsj_heading_content\">3. Qual faixa de di\u00e2metro de cabo \u00e9 compat\u00edvel com a m\u00e1quina?<\/span><\/h4>\n<p class=\"xsj_paragraph xsj_paragraph_level_0\" data-source-line=\"17\" data-source-line-display=\"true\">R: A m\u00e1quina \u00e9 compat\u00edvel com cabos com uma faixa de di\u00e2metro de \u03a63 a \u03a6100mm.<\/p>\n<div class=\"xiaoshujiang_element xsj_anchor\"><a class=\"blank_anchor_name\" name=\"420how20does20the20machine20control20tension_6\"><\/a><a id=\"420how20does20the20machine20control20tension_6\" class=\"blank_anchor_id\"><\/a><a class=\"blank_anchor_name\" name=\"4-how-does-the-machine-control-tension\"><\/a><a id=\"4-how-does-the-machine-control-tension\" class=\"blank_anchor_id\"><\/a><\/div>\n<h4 id=\"420how20does20the20machine20control20tension_6\" class=\"xsj_heading_hash xsj_heading xsj_heading_h4\" data-source-line=\"19\" data-source-line-display=\"true\"><span class=\"xsj_heading_content\">4. Como a m\u00e1quina controla a tens\u00e3o?<\/span><\/h4>\n<p class=\"xsj_paragraph xsj_paragraph_level_0\" data-source-line=\"21\" data-source-line-display=\"true\">R: A m\u00e1quina usa uma tens\u00e3o de calibre de fric\u00e7\u00e3o mec\u00e2nica ou freio de p\u00f3 magn\u00e9tico para controlar a press\u00e3o, garantindo um passo de di\u00e2metro de fio limpo e bonito.<\/p>\n<div class=\"xiaoshujiang_element xsj_anchor\"><a class=\"blank_anchor_name\" name=\"520can20the20machine20be20used20in20different20industries_7\"><\/a><a id=\"520can20the20machine20be20used20in20different20industries_7\" class=\"blank_anchor_id\"><\/a><a class=\"blank_anchor_name\" name=\"5-can-the-machine-be-used-in-different-industries\"><\/a><a id=\"5-can-the-machine-be-used-in-different-industries\" class=\"blank_anchor_id\"><\/a><\/div>\n<h4 id=\"520can20the20machine20be20used20in20different20industries_7\" class=\"xsj_heading_hash xsj_heading xsj_heading_h4\" data-source-line=\"23\" data-source-line-display=\"true\"><span class=\"xsj_heading_content\">5. A m\u00e1quina pode ser usada em diferentes ind\u00fastrias?<\/span><\/h4>\n<p class=\"xsj_paragraph xsj_paragraph_level_0\" data-source-line=\"25\" data-source-line-display=\"true\">R: Sim, a m\u00e1quina de compensa\u00e7\u00e3o de eixo final QP1250-2500 atende a v\u00e1rios setores, incluindo telecomunica\u00e7\u00f5es, automotivo, aeroespacial e constru\u00e7\u00e3o.<\/p>","protected":false},"excerpt":{"rendered":"<h2 id=\"features_1\" class=\"xsj_heading_hash xsj_heading xsj_heading_h2\" data-source-line=\"2\" data-source-line-display=\"true\"><span class=\"xsj_heading_content\">Caracter\u00edsticas:<\/span><\/h2>\n<ol class=\"markdown_ol\" data-source-line=\"4\">\n<li data-source-line=\"4\">QP1250-2500 End Shaft Type Payoff Machine \u00e9 criado com dobra e soldagem.<\/li>\n<li data-source-line=\"5\">Os motores prendem os dois topos da bobina tensora para acionar a porca do parafuso, seguindo a velocidade de levantamento.<\/li>\n<li data-source-line=\"6\">Siemens S7-200PLC unifica o gabinete de controle com conex\u00f5es de canal e sinal.<\/li>\n<li data-source-line=\"7\">A m\u00e1quina de velocidade aciona porcas de parafuso para subir\/descer independentemente ou simultaneamente para efici\u00eancia e flexibilidade.<\/li>\n<\/ol>","protected":false},"featured_media":26368,"template":"","meta":{"site-sidebar-layout":"default","site-content-layout":"default","ast-global-header-display":"","ast-banner-title-visibility":"","ast-main-header-display":"","ast-hfb-above-header-display":"","ast-hfb-below-header-display":"","ast-hfb-mobile-header-display":"","site-post-title":"","ast-breadcrumbs-content":"","ast-featured-img":"","footer-sml-layout":"","theme-transparent-header-meta":"default","adv-header-id-meta":"","stick-header-meta":"","header-above-stick-meta":"","header-main-stick-meta":"","header-below-stick-meta":""},"product_brand":[],"product_cat":[48,134],"product_tag":[],"class_list":{"0":"post-26366","1":"product","2":"type-product","3":"status-publish","4":"has-post-thumbnail","6":"product_cat-wire-payoff-machine","7":"product_cat-end-shaft-unwinder-machine","8":"desktop-align-left","9":"tablet-align-left","10":"mobile-align-left","12":"first","13":"instock","14":"shipping-taxable","15":"product-type-simple"},"yoast_head":"<!-- This site is optimized with the Yoast SEO Premium plugin v20.12 (Yoast SEO v26.0) - https:\/\/yoast.com\/wordpress\/plugins\/seo\/ -->\n<title>QP1250-2500 End Shaft Type Payoff Machine - QiPang<\/title>\n<meta name=\"description\" content=\"Upgrade your wire handling experience with the QP1250-2500 End Shaft Type Payoff Machine. Get a neat and beautiful wire diameter pitch today!\" \/>\n<meta name=\"robots\" content=\"index, follow, max-snippet:-1, max-image-preview:large, max-video-preview:-1\" \/>\n<link rel=\"canonical\" href=\"https:\/\/rollingringdrives.com\/pt\/produtos\/qp1250-2500-end-shaft-type-payoff-machine\/\" \/>\n<meta property=\"og:locale\" content=\"pt_PT\" \/>\n<meta property=\"og:type\" content=\"article\" \/>\n<meta property=\"og:title\" content=\"QP1250-2500 End Shaft Type Payoff Machine\" \/>\n<meta property=\"og:description\" content=\"Upgrade your wire handling experience with the QP1250-2500 End Shaft Type Payoff Machine. Get a neat and beautiful wire diameter pitch today!\" \/>\n<meta property=\"og:url\" content=\"https:\/\/rollingringdrives.com\/pt\/produtos\/qp1250-2500-end-shaft-type-payoff-machine\/\" \/>\n<meta property=\"og:site_name\" content=\"QiPang\" \/>\n<meta property=\"article:modified_time\" content=\"2025-07-07T07:39:02+00:00\" \/>\n<meta property=\"og:image\" content=\"https:\/\/rollingringdrives.com\/wp-content\/uploads\/2023\/05\/2-32.jpg\" \/>\n\t<meta property=\"og:image:width\" content=\"600\" \/>\n\t<meta property=\"og:image:height\" content=\"600\" \/>\n\t<meta property=\"og:image:type\" content=\"image\/jpeg\" \/>\n<meta name=\"twitter:card\" content=\"summary_large_image\" \/>\n<meta name=\"twitter:label1\" content=\"Est. reading time\" \/>\n\t<meta name=\"twitter:data1\" content=\"2 minutos\" \/>\n<script type=\"application\/ld+json\" class=\"yoast-schema-graph\">{\"@context\":\"https:\/\/schema.org\",\"@graph\":[{\"@type\":\"WebPage\",\"@id\":\"https:\/\/rollingringdrives.com\/product\/qp1250-2500-end-shaft-type-payoff-machine\/\",\"url\":\"https:\/\/rollingringdrives.com\/product\/qp1250-2500-end-shaft-type-payoff-machine\/\",\"name\":\"QP1250-2500 End Shaft Type Payoff Machine - QiPang\",\"isPartOf\":{\"@id\":\"https:\/\/rollingringdrives.com\/#website\"},\"primaryImageOfPage\":{\"@id\":\"https:\/\/rollingringdrives.com\/product\/qp1250-2500-end-shaft-type-payoff-machine\/#primaryimage\"},\"image\":{\"@id\":\"https:\/\/rollingringdrives.com\/product\/qp1250-2500-end-shaft-type-payoff-machine\/#primaryimage\"},\"thumbnailUrl\":\"https:\/\/rollingringdrives.com\/wp-content\/uploads\/2023\/05\/2-32.jpg\",\"datePublished\":\"2023-05-24T03:10:06+00:00\",\"dateModified\":\"2025-07-07T07:39:02+00:00\",\"description\":\"Upgrade your wire handling experience with the QP1250-2500 End Shaft Type Payoff Machine. Get a neat and beautiful wire diameter pitch today!\",\"breadcrumb\":{\"@id\":\"https:\/\/rollingringdrives.com\/product\/qp1250-2500-end-shaft-type-payoff-machine\/#breadcrumb\"},\"inLanguage\":\"pt-PT\",\"potentialAction\":[{\"@type\":\"ReadAction\",\"target\":[\"https:\/\/rollingringdrives.com\/product\/qp1250-2500-end-shaft-type-payoff-machine\/\"]}]},{\"@type\":\"ImageObject\",\"inLanguage\":\"pt-PT\",\"@id\":\"https:\/\/rollingringdrives.com\/product\/qp1250-2500-end-shaft-type-payoff-machine\/#primaryimage\",\"url\":\"https:\/\/rollingringdrives.com\/wp-content\/uploads\/2023\/05\/2-32.jpg\",\"contentUrl\":\"https:\/\/rollingringdrives.com\/wp-content\/uploads\/2023\/05\/2-32.jpg\",\"width\":600,\"height\":600,\"caption\":\"QP1250-2500 End Shaft Type Payoff Machine\"},{\"@type\":\"BreadcrumbList\",\"@id\":\"https:\/\/rollingringdrives.com\/product\/qp1250-2500-end-shaft-type-payoff-machine\/#breadcrumb\",\"itemListElement\":[{\"@type\":\"ListItem\",\"position\":1,\"name\":\"Home\",\"item\":\"https:\/\/rollingringdrives.com\/\"},{\"@type\":\"ListItem\",\"position\":2,\"name\":\"Machines\",\"item\":\"https:\/\/rollingringdrives.com\/machines\/\"},{\"@type\":\"ListItem\",\"position\":3,\"name\":\"QP1250-2500 End Shaft Type Payoff Machine\"}]},{\"@type\":\"WebSite\",\"@id\":\"https:\/\/rollingringdrives.com\/#website\",\"url\":\"https:\/\/rollingringdrives.com\/\",\"name\":\"QiPang\",\"description\":\"QiPang Blog\",\"publisher\":{\"@id\":\"https:\/\/rollingringdrives.com\/#organization\"},\"potentialAction\":[{\"@type\":\"SearchAction\",\"target\":{\"@type\":\"EntryPoint\",\"urlTemplate\":\"https:\/\/rollingringdrives.com\/?s={search_term_string}\"},\"query-input\":{\"@type\":\"PropertyValueSpecification\",\"valueRequired\":true,\"valueName\":\"search_term_string\"}}],\"inLanguage\":\"pt-PT\"},{\"@type\":\"Organization\",\"@id\":\"https:\/\/rollingringdrives.com\/#organization\",\"name\":\"QiPang\",\"url\":\"https:\/\/rollingringdrives.com\/\",\"logo\":{\"@type\":\"ImageObject\",\"inLanguage\":\"pt-PT\",\"@id\":\"https:\/\/rollingringdrives.com\/#\/schema\/logo\/image\/\",\"url\":\"https:\/\/rollingringdrives.com\/wp-content\/uploads\/2023\/05\/cropped-\u672a\u547d\u540d\u7684\u8bbe\u8ba1.png\",\"contentUrl\":\"https:\/\/rollingringdrives.com\/wp-content\/uploads\/2023\/05\/cropped-\u672a\u547d\u540d\u7684\u8bbe\u8ba1.png\",\"width\":300,\"height\":191,\"caption\":\"QiPang\"},\"image\":{\"@id\":\"https:\/\/rollingringdrives.com\/#\/schema\/logo\/image\/\"}}]}<\/script>\n<!-- \/ Yoast SEO Premium plugin. -->","yoast_head_json":{"title":"QP1250-2500 M\u00e1quina de desembolso tipo eixo final - QiPang","description":"Atualize sua experi\u00eancia de manuseio de cabos com a m\u00e1quina de desembolsar tipo eixo final QP1250-2500. Obtenha um passo de di\u00e2metro de fio limpo e bonito hoje!","robots":{"index":"index","follow":"follow","max-snippet":"max-snippet:-1","max-image-preview":"max-image-preview:large","max-video-preview":"max-video-preview:-1"},"canonical":"https:\/\/rollingringdrives.com\/pt\/produtos\/qp1250-2500-end-shaft-type-payoff-machine\/","og_locale":"pt_PT","og_type":"article","og_title":"QP1250-2500 End Shaft Type Payoff Machine","og_description":"Upgrade your wire handling experience with the QP1250-2500 End Shaft Type Payoff Machine. Get a neat and beautiful wire diameter pitch today!","og_url":"https:\/\/rollingringdrives.com\/pt\/produtos\/qp1250-2500-end-shaft-type-payoff-machine\/","og_site_name":"QiPang","article_modified_time":"2025-07-07T07:39:02+00:00","og_image":[{"width":600,"height":600,"url":"https:\/\/rollingringdrives.com\/wp-content\/uploads\/2023\/05\/2-32.jpg","type":"image\/jpeg"}],"twitter_card":"summary_large_image","twitter_misc":{"Est. reading time":"2 minutos"},"schema":{"@context":"https:\/\/schema.org","@graph":[{"@type":"WebPage","@id":"https:\/\/rollingringdrives.com\/product\/qp1250-2500-end-shaft-type-payoff-machine\/","url":"https:\/\/rollingringdrives.com\/product\/qp1250-2500-end-shaft-type-payoff-machine\/","name":"QP1250-2500 M\u00e1quina de desembolso tipo eixo final - QiPang","isPartOf":{"@id":"https:\/\/rollingringdrives.com\/#website"},"primaryImageOfPage":{"@id":"https:\/\/rollingringdrives.com\/product\/qp1250-2500-end-shaft-type-payoff-machine\/#primaryimage"},"image":{"@id":"https:\/\/rollingringdrives.com\/product\/qp1250-2500-end-shaft-type-payoff-machine\/#primaryimage"},"thumbnailUrl":"https:\/\/rollingringdrives.com\/wp-content\/uploads\/2023\/05\/2-32.jpg","datePublished":"2023-05-24T03:10:06+00:00","dateModified":"2025-07-07T07:39:02+00:00","description":"Atualize sua experi\u00eancia de manuseio de cabos com a m\u00e1quina de desembolsar tipo eixo final QP1250-2500. Obtenha um passo de di\u00e2metro de fio limpo e bonito hoje!","breadcrumb":{"@id":"https:\/\/rollingringdrives.com\/product\/qp1250-2500-end-shaft-type-payoff-machine\/#breadcrumb"},"inLanguage":"pt-PT","potentialAction":[{"@type":"ReadAction","target":["https:\/\/rollingringdrives.com\/product\/qp1250-2500-end-shaft-type-payoff-machine\/"]}]},{"@type":"ImageObject","inLanguage":"pt-PT","@id":"https:\/\/rollingringdrives.com\/product\/qp1250-2500-end-shaft-type-payoff-machine\/#primaryimage","url":"https:\/\/rollingringdrives.com\/wp-content\/uploads\/2023\/05\/2-32.jpg","contentUrl":"https:\/\/rollingringdrives.com\/wp-content\/uploads\/2023\/05\/2-32.jpg","width":600,"height":600,"caption":"QP1250-2500 End Shaft Type Payoff Machine"},{"@type":"BreadcrumbList","@id":"https:\/\/rollingringdrives.com\/product\/qp1250-2500-end-shaft-type-payoff-machine\/#breadcrumb","itemListElement":[{"@type":"ListItem","position":1,"name":"Home","item":"https:\/\/rollingringdrives.com\/"},{"@type":"ListItem","position":2,"name":"Machines","item":"https:\/\/rollingringdrives.com\/machines\/"},{"@type":"ListItem","position":3,"name":"QP1250-2500 End Shaft Type Payoff Machine"}]},{"@type":"WebSite","@id":"https:\/\/rollingringdrives.com\/#website","url":"https:\/\/rollingringdrives.com\/","name":"QiPangName","description":"Blog QiPang","publisher":{"@id":"https:\/\/rollingringdrives.com\/#organization"},"potentialAction":[{"@type":"SearchAction","target":{"@type":"EntryPoint","urlTemplate":"https:\/\/rollingringdrives.com\/?s={search_term_string}"},"query-input":{"@type":"PropertyValueSpecification","valueRequired":true,"valueName":"search_term_string"}}],"inLanguage":"pt-PT"},{"@type":"Organization","@id":"https:\/\/rollingringdrives.com\/#organization","name":"QiPangName","url":"https:\/\/rollingringdrives.com\/","logo":{"@type":"ImageObject","inLanguage":"pt-PT","@id":"https:\/\/rollingringdrives.com\/#\/schema\/logo\/image\/","url":"https:\/\/rollingringdrives.com\/wp-content\/uploads\/2023\/05\/cropped-\u672a\u547d\u540d\u7684\u8bbe\u8ba1.png","contentUrl":"https:\/\/rollingringdrives.com\/wp-content\/uploads\/2023\/05\/cropped-\u672a\u547d\u540d\u7684\u8bbe\u8ba1.png","width":300,"height":191,"caption":"QiPang"},"image":{"@id":"https:\/\/rollingringdrives.com\/#\/schema\/logo\/image\/"}}]}},"_links":{"self":[{"href":"https:\/\/rollingringdrives.com\/pt\/wp-json\/wp\/v2\/product\/26366","targetHints":{"allow":["GET"]}}],"collection":[{"href":"https:\/\/rollingringdrives.com\/pt\/wp-json\/wp\/v2\/product"}],"about":[{"href":"https:\/\/rollingringdrives.com\/pt\/wp-json\/wp\/v2\/types\/product"}],"version-history":[{"count":0,"href":"https:\/\/rollingringdrives.com\/pt\/wp-json\/wp\/v2\/product\/26366\/revisions"}],"wp:featuredmedia":[{"embeddable":true,"href":"https:\/\/rollingringdrives.com\/pt\/wp-json\/wp\/v2\/media\/26368"}],"wp:attachment":[{"href":"https:\/\/rollingringdrives.com\/pt\/wp-json\/wp\/v2\/media?parent=26366"}],"wp:term":[{"taxonomy":"product_brand","embeddable":true,"href":"https:\/\/rollingringdrives.com\/pt\/wp-json\/wp\/v2\/product_brand?post=26366"},{"taxonomy":"product_cat","embeddable":true,"href":"https:\/\/rollingringdrives.com\/pt\/wp-json\/wp\/v2\/product_cat?post=26366"},{"taxonomy":"product_tag","embeddable":true,"href":"https:\/\/rollingringdrives.com\/pt\/wp-json\/wp\/v2\/product_tag?post=26366"}],"curies":[{"name":"wp","href":"https:\/\/api.w.org\/{rel}","templated":true}]}}