{"id":26381,"date":"2023-05-24T06:20:49","date_gmt":"2023-05-24T06:20:49","guid":{"rendered":"https:\/\/rollingringdrives.com\/?post_type=product&#038;p=26381"},"modified":"2025-07-07T06:18:34","modified_gmt":"2025-07-07T06:18:34","slug":"400-vertical-winding-machine","status":"publish","type":"product","link":"https:\/\/rollingringdrives.com\/pt\/produtos\/400-rebobinadeira-vertical\/","title":{"rendered":"400 M\u00e1quina de Bobinagem Vertical"},"content":{"rendered":"<p class=\"xsj_paragraph xsj_paragraph_level_0\" data-source-line=\"0\" data-source-line-display=\"true\">O\u00a0<strong class=\"markdown_strong_asterisk\">400 M\u00e1quina de Bobinagem Vertical<\/strong> \u00e9 projetado para enrolar facilmente v\u00e1rias bobinas de orif\u00edcio interno. A m\u00e1quina \u00e9 constru\u00edda com a\u00e7o quadrado, tornando-a dur\u00e1vel e duradoura. O gabinete de distribui\u00e7\u00e3o de energia est\u00e1 inclu\u00eddo, que consiste em uma fonte de alimenta\u00e7\u00e3o e um conversor de frequ\u00eancia. A personaliza\u00e7\u00e3o de outras taxas \u00e9 poss\u00edvel com uma velocidade ajust\u00e1vel de aproximadamente 120 N voltas por minuto. A m\u00e1quina possui quatro olhais de expans\u00e3o fixos na parte inferior e um dispositivo antiderrapante na parte superior que suporta at\u00e9 30 kg. Os acionamentos de anel de rolamento de precis\u00e3o garantem a precis\u00e3o do processo de enrolamento, tornando-o o complemento perfeito para qualquer linha de produ\u00e7\u00e3o.<\/p>\n<p data-source-line=\"0\" data-source-line-display=\"true\"><div id=\"footable_parent_26383\"\n         class=\"footable_parent ninja_table_wrapper loading_ninja_table wp_table_data_press_parent semantic_ui\">\n                <table data-ninja_table_instance=\"ninja_table_instance_0\" data-footable_id=\"26383\" data-filter-delay=\"1000\" aria-label=\"7\u65b0\u5efa2 XL2dSX \u5de5\u4f5c\u8868 (2).csv\"            id=\"footable_26383\"\n           data-unique_identifier=\"ninja_table_unique_id_72989469_26383\"\n           class=\"foo-table ninja_footable foo_table_26383 ninja_table_unique_id_72989469_26383 ui table  nt_type_legacy_table selectable striped vertical_centered  footable-paging-right ninja_table_search_disabled ninja_table_pro\">\n                <colgroup>\n                            <col class=\"ninja_column_0\">\n                            <col class=\"ninja_column_1\">\n                    <\/colgroup>\n        <thead>\n<tr class=\"footable-header\">\n                                        <th scope=\"col\"  class=\"ninja_column_0 ninja_clmn_nm_parameter\">Par\u00e2metro<\/th><th scope=\"col\"  class=\"ninja_column_1 ninja_clmn_nm_value\">Valor<\/th><\/tr>\n<\/thead>\n<tbody>\n\n        <tr data-row_id=\"410\" class=\"ninja_table_row_0 nt_row_id_410\">\n            <td>Configura\u00e7\u00e3o padr\u00e3o<\/td><td><\/td>        <\/tr>\n            <tr data-row_id=\"411\" class=\"ninja_table_row_1 nt_row_id_411\">\n            <td>A\u00e7o quadrado<\/td><td>Vital<\/td>        <\/tr>\n            <tr data-row_id=\"412\" class=\"ninja_table_row_2 nt_row_id_412\">\n            <td>Pontas c\u00f4nicas<\/td><td>1 par (compat\u00edvel com v\u00e1rias bobinas de orif\u00edcio interno)<\/td>        <\/tr>\n            <tr data-row_id=\"413\" class=\"ninja_table_row_3 nt_row_id_413\">\n            <td>Gabinete de distribui\u00e7\u00e3o de energia<\/td><td>Inclui fonte de alimenta\u00e7\u00e3o e conversor de frequ\u00eancia<\/td>        <\/tr>\n            <tr data-row_id=\"414\" class=\"ninja_table_row_4 nt_row_id_414\">\n            <td>Velocidade ajust\u00e1vel<\/td><td>Aproximadamente 120N voltas por minuto (outras velocidades podem ser personalizadas)<\/td>        <\/tr>\n            <tr data-row_id=\"415\" class=\"ninja_table_row_5 nt_row_id_415\">\n            <td>Olhos de parafuso de expans\u00e3o fixos<\/td><td>4 no fundo<\/td>        <\/tr>\n            <tr data-row_id=\"416\" class=\"ninja_table_row_6 nt_row_id_416\">\n            <td>dispositivo antiderrapante<\/td><td>Sim (com 30 kg)<\/td>        <\/tr>\n            <tr data-row_id=\"417\" class=\"ninja_table_row_7 nt_row_id_417\">\n            <td>Acionamentos de anel rolante de precis\u00e3o<\/td><td>Sim<\/td>        <\/tr>\n            <tr data-row_id=\"418\" class=\"ninja_table_row_8 nt_row_id_418\">\n            <td>Poder<\/td><td>220V (energia personalizada dispon\u00edvel)<\/td>        <\/tr>\n            <tr data-row_id=\"419\" class=\"ninja_table_row_9 nt_row_id_419\">\n            <td>Configura\u00e7\u00e3o selecion\u00e1vel<\/td><td><\/td>        <\/tr>\n            <tr data-row_id=\"420\" class=\"ninja_table_row_10 nt_row_id_420\">\n            <td>Contador de medidores<\/td><td>Op\u00e7\u00e3o: Defina o n\u00famero de medidores para parar e alarme<\/td>        <\/tr>\n            <tr data-row_id=\"421\" class=\"ninja_table_row_11 nt_row_id_421\">\n            <td>Dispositivo magn\u00e9tico de tens\u00e3o de p\u00f3<\/td><td>Op\u00e7\u00e3o: Para combinar com a linha de produ\u00e7\u00e3o para velocidade constante e evitar a tens\u00e3o do fio<\/td>        <\/tr>\n    <\/tbody><!--ninja_tobody_rendering_done-->\n    <\/table>\n    \n    \n    \n<\/div>\n<\/p>\n<div class=\"xiaoshujiang_element xsj_anchor\"><a class=\"blank_anchor_name\" name=\"applications_1\"><\/a><a id=\"applications_1\" class=\"blank_anchor_id\"><\/a><a class=\"blank_anchor_name\" name=\"applications\"><\/a><a id=\"applications\" class=\"blank_anchor_id\"><\/a><\/div>\n<h2 id=\"applications_1\" class=\"xsj_heading_hash xsj_heading xsj_heading_h2\" data-source-line=\"2\" data-source-line-display=\"true\"><span class=\"xsj_heading_content\">Formul\u00e1rios:<\/span><\/h2>\n<p class=\"xsj_paragraph xsj_paragraph_level_0\" data-source-line=\"4\" data-source-line-display=\"true\">A Bobinadeira Vertical 400 pode ser utilizada em diversas ind\u00fastrias, como el\u00e9trica, t\u00eaxtil e automotiva. \u00c9 ideal para bobinar diferentes bobinas com orif\u00edcio interno, tornando-a o complemento perfeito para qualquer linha de produ\u00e7\u00e3o.<\/p>\n<div class=\"xiaoshujiang_element xsj_anchor\"><a class=\"blank_anchor_name\" name=\"faqs_2\"><\/a><a id=\"faqs_2\" class=\"blank_anchor_id\"><\/a><a class=\"blank_anchor_name\" name=\"faqs\"><\/a><a id=\"faqs\" class=\"blank_anchor_id\"><\/a><\/div>\n<h2 id=\"faqs_2\" class=\"xsj_heading_hash xsj_heading xsj_heading_h2\" data-source-line=\"6\" data-source-line-display=\"true\"><span class=\"xsj_heading_content\">Perguntas frequentes:<\/span><\/h2>\n<div class=\"xiaoshujiang_element xsj_anchor\"><a class=\"blank_anchor_name\" name=\"120what20is20the20weight20capacity20of20the20anti-slip20device20at20the20top20of20the20machine_3\"><\/a><a id=\"120what20is20the20weight20capacity20of20the20anti-slip20device20at20the20top20of20the20machine_3\" class=\"blank_anchor_id\"><\/a><a class=\"blank_anchor_name\" name=\"1-what-is-the-weight-capacity-of-the-anti-slip-device-at-the-top-of-the-machine\"><\/a><a id=\"1-what-is-the-weight-capacity-of-the-anti-slip-device-at-the-top-of-the-machine\" class=\"blank_anchor_id\"><\/a><\/div>\n<h4 id=\"120what20is20the20weight20capacity20of20the20anti-slip20device20at20the20top20of20the20machine_3\" class=\"xsj_heading_hash xsj_heading xsj_heading_h4\" data-source-line=\"8\" data-source-line-display=\"true\"><span class=\"xsj_heading_content\">1. Qual \u00e9 a capacidade de peso do dispositivo antiderrapante na parte superior da m\u00e1quina?<\/span><\/h4>\n<p class=\"xsj_paragraph xsj_paragraph_level_0\" data-source-line=\"10\" data-source-line-display=\"true\">O dispositivo antiderrapante pode suportar at\u00e9 30 kg.<\/p>\n<div class=\"xiaoshujiang_element xsj_anchor\"><a class=\"blank_anchor_name\" name=\"220what20is20the20adjustable20speed20of20the20machine_4\"><\/a><a id=\"220what20is20the20adjustable20speed20of20the20machine_4\" class=\"blank_anchor_id\"><\/a><a class=\"blank_anchor_name\" name=\"2-what-is-the-adjustable-speed-of-the-machine\"><\/a><a id=\"2-what-is-the-adjustable-speed-of-the-machine\" class=\"blank_anchor_id\"><\/a><\/div>\n<h4 id=\"220what20is20the20adjustable20speed20of20the20machine_4\" class=\"xsj_heading_hash xsj_heading xsj_heading_h4\" data-source-line=\"12\" data-source-line-display=\"true\"><span class=\"xsj_heading_content\">2. Qual \u00e9 a velocidade ajust\u00e1vel da m\u00e1quina?<\/span><\/h4>\n<p class=\"xsj_paragraph xsj_paragraph_level_0\" data-source-line=\"14\" data-source-line-display=\"true\">A velocidade ajust\u00e1vel \u00e9 de aproximadamente 120 N voltas por minuto; outras taxas podem ser personalizadas.<\/p>\n<div class=\"xiaoshujiang_element xsj_anchor\"><a class=\"blank_anchor_name\" name=\"320what20kind20of20industries20can20use20this20machine_5\"><\/a><a id=\"320what20kind20of20industries20can20use20this20machine_5\" class=\"blank_anchor_id\"><\/a><a class=\"blank_anchor_name\" name=\"3-what-kind-of-industries-can-use-this-machine\"><\/a><a id=\"3-what-kind-of-industries-can-use-this-machine\" class=\"blank_anchor_id\"><\/a><\/div>\n<h4 id=\"320what20kind20of20industries20can20use20this20machine_5\" class=\"xsj_heading_hash xsj_heading xsj_heading_h4\" data-source-line=\"16\" data-source-line-display=\"true\"><span class=\"xsj_heading_content\">3. Que tipo de ind\u00fastrias podem usar esta m\u00e1quina?<\/span><\/h4>\n<p class=\"xsj_paragraph xsj_paragraph_level_0\" data-source-line=\"18\" data-source-line-display=\"true\">A Bobinadeira Vertical 400 pode ser usada em v\u00e1rias ind\u00fastrias el\u00e9trica, t\u00eaxtil e automotiva.<\/p>\n<div class=\"xiaoshujiang_element xsj_anchor\"><a class=\"blank_anchor_name\" name=\"420does20the20machine20come20with20a20power20distribution20cabinet_6\"><\/a><a id=\"420does20the20machine20come20with20a20power20distribution20cabinet_6\" class=\"blank_anchor_id\"><\/a><a class=\"blank_anchor_name\" name=\"4-does-the-machine-come-with-a-power-distribution-cabinet\"><\/a><a id=\"4-does-the-machine-come-with-a-power-distribution-cabinet\" class=\"blank_anchor_id\"><\/a><\/div>\n<h4 id=\"420does20the20machine20come20with20a20power20distribution20cabinet_6\" class=\"xsj_heading_hash xsj_heading xsj_heading_h4\" data-source-line=\"20\" data-source-line-display=\"true\"><span class=\"xsj_heading_content\">4. A m\u00e1quina vem com um gabinete de distribui\u00e7\u00e3o de energia?<\/span><\/h4>\n<p class=\"xsj_paragraph xsj_paragraph_level_0\" data-source-line=\"22\" data-source-line-display=\"true\">Sim, a m\u00e1quina possui um gabinete de distribui\u00e7\u00e3o de energia com fonte de alimenta\u00e7\u00e3o e conversor de frequ\u00eancia.<\/p>\n<div class=\"xiaoshujiang_element xsj_anchor\"><a class=\"blank_anchor_name\" name=\"520are20there20any20additional20features20i20can20add20to20the20machine_7\"><\/a><a id=\"520are20there20any20additional20features20i20can20add20to20the20machine_7\" class=\"blank_anchor_id\"><\/a><a class=\"blank_anchor_name\" name=\"5-are-there-any-additional-features-i-can-add-to-the-machine\"><\/a><a id=\"5-are-there-any-additional-features-i-can-add-to-the-machine\" class=\"blank_anchor_id\"><\/a><\/div>\n<h4 id=\"520are20there20any20additional20features20i20can20add20to20the20machine_7\" class=\"xsj_heading_hash xsj_heading xsj_heading_h4\" data-source-line=\"24\" data-source-line-display=\"true\"><span class=\"xsj_heading_content\">5. H\u00e1 algum recurso adicional que eu possa adicionar \u00e0 m\u00e1quina?<\/span><\/h4>\n<p class=\"xsj_paragraph xsj_paragraph_level_0\" data-source-line=\"26\" data-source-line-display=\"true\">Sim, voc\u00ea pode adicionar um contador de medidores para definir o n\u00famero de medidores para parar e alarme e um dispositivo de tens\u00e3o de p\u00f3 magn\u00e9tico para combinar com a linha de produ\u00e7\u00e3o, garantindo velocidade constante e evitando a tens\u00e3o do fio.<\/p>","protected":false},"excerpt":{"rendered":"<h2 id=\"features_1\" class=\"xsj_heading_hash xsj_heading xsj_heading_h2\" data-source-line=\"2\" data-source-line-display=\"true\"><span class=\"xsj_heading_content\">Caracter\u00edsticas:<\/span><\/h2>\n<ol class=\"markdown_ol\" data-source-line=\"4\">\n<li data-source-line=\"4\">Constru\u00e7\u00e3o dur\u00e1vel com a\u00e7o quadrado.<\/li>\n<li data-source-line=\"5\">Velocidade ajust\u00e1vel com op\u00e7\u00f5es de personaliza\u00e7\u00e3o.<\/li>\n<li data-source-line=\"6\">Quatro olhais de parafuso de expans\u00e3o fixos na parte inferior.<\/li>\n<li data-source-line=\"7\">Dispositivo antiderrapante na parte superior que suporta at\u00e9 30 kg.<\/li>\n<li data-source-line=\"8\">Acionamentos de anel de rolamento de precis\u00e3o para enrolamento preciso.<\/li>\n<\/ol>","protected":false},"featured_media":31854,"template":"","meta":{"site-sidebar-layout":"default","site-content-layout":"default","ast-global-header-display":"","ast-banner-title-visibility":"","ast-main-header-display":"","ast-hfb-above-header-display":"","ast-hfb-below-header-display":"","ast-hfb-mobile-header-display":"","site-post-title":"","ast-breadcrumbs-content":"","ast-featured-img":"","footer-sml-layout":"","theme-transparent-header-meta":"default","adv-header-id-meta":"","stick-header-meta":"","header-above-stick-meta":"","header-main-stick-meta":"","header-below-stick-meta":""},"product_brand":[],"product_cat":[51,150],"product_tag":[],"class_list":{"0":"post-26381","1":"product","2":"type-product","3":"status-publish","4":"has-post-thumbnail","6":"product_cat-wire-take-up-machine","7":"product_cat-shaft-type-wire-take-up-machine","8":"desktop-align-left","9":"tablet-align-left","10":"mobile-align-left","12":"first","13":"instock","14":"shipping-taxable","15":"product-type-simple"},"yoast_head":"<!-- This site is optimized with the Yoast SEO Premium plugin v20.12 (Yoast SEO v26.0) - https:\/\/yoast.com\/wordpress\/plugins\/seo\/ -->\n<title>400 Vertical Winding Machine - QiPang<\/title>\n<meta name=\"description\" content=\"Get a durable and long-lasting 400 Vertical Winding Machine for all your winding needs. Order now and enjoy adjustable speed up to 120N turns\/min!\" \/>\n<meta name=\"robots\" content=\"index, follow, max-snippet:-1, max-image-preview:large, max-video-preview:-1\" \/>\n<link rel=\"canonical\" href=\"https:\/\/rollingringdrives.com\/pt\/produtos\/400-rebobinadeira-vertical\/\" \/>\n<meta property=\"og:locale\" content=\"pt_PT\" \/>\n<meta property=\"og:type\" content=\"article\" \/>\n<meta property=\"og:title\" content=\"400 Vertical Winding Machine\" \/>\n<meta property=\"og:description\" content=\"Get a durable and long-lasting 400 Vertical Winding Machine for all your winding needs. Order now and enjoy adjustable speed up to 120N turns\/min!\" \/>\n<meta property=\"og:url\" content=\"https:\/\/rollingringdrives.com\/pt\/produtos\/400-rebobinadeira-vertical\/\" \/>\n<meta property=\"og:site_name\" content=\"QiPang\" \/>\n<meta property=\"article:modified_time\" content=\"2025-07-07T06:18:34+00:00\" \/>\n<meta property=\"og:image\" content=\"https:\/\/rollingringdrives.com\/wp-content\/uploads\/2023\/05\/\u4e3b\u56fe8-4.jpg\" \/>\n\t<meta property=\"og:image:width\" content=\"1000\" \/>\n\t<meta property=\"og:image:height\" content=\"1000\" \/>\n\t<meta property=\"og:image:type\" content=\"image\/jpeg\" \/>\n<meta name=\"twitter:card\" content=\"summary_large_image\" \/>\n<meta name=\"twitter:label1\" content=\"Est. reading time\" \/>\n\t<meta name=\"twitter:data1\" content=\"2 minutos\" \/>\n<script type=\"application\/ld+json\" class=\"yoast-schema-graph\">{\"@context\":\"https:\/\/schema.org\",\"@graph\":[{\"@type\":\"WebPage\",\"@id\":\"https:\/\/rollingringdrives.com\/product\/400-vertical-winding-machine\/\",\"url\":\"https:\/\/rollingringdrives.com\/product\/400-vertical-winding-machine\/\",\"name\":\"400 Vertical Winding Machine - QiPang\",\"isPartOf\":{\"@id\":\"https:\/\/rollingringdrives.com\/#website\"},\"primaryImageOfPage\":{\"@id\":\"https:\/\/rollingringdrives.com\/product\/400-vertical-winding-machine\/#primaryimage\"},\"image\":{\"@id\":\"https:\/\/rollingringdrives.com\/product\/400-vertical-winding-machine\/#primaryimage\"},\"thumbnailUrl\":\"https:\/\/rollingringdrives.com\/wp-content\/uploads\/2023\/05\/\u4e3b\u56fe8-4.jpg\",\"datePublished\":\"2023-05-24T06:20:49+00:00\",\"dateModified\":\"2025-07-07T06:18:34+00:00\",\"description\":\"Get a durable and long-lasting 400 Vertical Winding Machine for all your winding needs. Order now and enjoy adjustable speed up to 120N turns\/min!\",\"breadcrumb\":{\"@id\":\"https:\/\/rollingringdrives.com\/product\/400-vertical-winding-machine\/#breadcrumb\"},\"inLanguage\":\"pt-PT\",\"potentialAction\":[{\"@type\":\"ReadAction\",\"target\":[\"https:\/\/rollingringdrives.com\/product\/400-vertical-winding-machine\/\"]}]},{\"@type\":\"ImageObject\",\"inLanguage\":\"pt-PT\",\"@id\":\"https:\/\/rollingringdrives.com\/product\/400-vertical-winding-machine\/#primaryimage\",\"url\":\"https:\/\/rollingringdrives.com\/wp-content\/uploads\/2023\/05\/\u4e3b\u56fe8-4.jpg\",\"contentUrl\":\"https:\/\/rollingringdrives.com\/wp-content\/uploads\/2023\/05\/\u4e3b\u56fe8-4.jpg\",\"width\":1000,\"height\":1000,\"caption\":\"Take-up machine\"},{\"@type\":\"BreadcrumbList\",\"@id\":\"https:\/\/rollingringdrives.com\/product\/400-vertical-winding-machine\/#breadcrumb\",\"itemListElement\":[{\"@type\":\"ListItem\",\"position\":1,\"name\":\"Home\",\"item\":\"https:\/\/rollingringdrives.com\/\"},{\"@type\":\"ListItem\",\"position\":2,\"name\":\"Machines\",\"item\":\"https:\/\/rollingringdrives.com\/machines\/\"},{\"@type\":\"ListItem\",\"position\":3,\"name\":\"400 Vertical Winding Machine\"}]},{\"@type\":\"WebSite\",\"@id\":\"https:\/\/rollingringdrives.com\/#website\",\"url\":\"https:\/\/rollingringdrives.com\/\",\"name\":\"QiPang\",\"description\":\"QiPang Blog\",\"publisher\":{\"@id\":\"https:\/\/rollingringdrives.com\/#organization\"},\"potentialAction\":[{\"@type\":\"SearchAction\",\"target\":{\"@type\":\"EntryPoint\",\"urlTemplate\":\"https:\/\/rollingringdrives.com\/?s={search_term_string}\"},\"query-input\":{\"@type\":\"PropertyValueSpecification\",\"valueRequired\":true,\"valueName\":\"search_term_string\"}}],\"inLanguage\":\"pt-PT\"},{\"@type\":\"Organization\",\"@id\":\"https:\/\/rollingringdrives.com\/#organization\",\"name\":\"QiPang\",\"url\":\"https:\/\/rollingringdrives.com\/\",\"logo\":{\"@type\":\"ImageObject\",\"inLanguage\":\"pt-PT\",\"@id\":\"https:\/\/rollingringdrives.com\/#\/schema\/logo\/image\/\",\"url\":\"https:\/\/rollingringdrives.com\/wp-content\/uploads\/2023\/05\/cropped-\u672a\u547d\u540d\u7684\u8bbe\u8ba1.png\",\"contentUrl\":\"https:\/\/rollingringdrives.com\/wp-content\/uploads\/2023\/05\/cropped-\u672a\u547d\u540d\u7684\u8bbe\u8ba1.png\",\"width\":300,\"height\":191,\"caption\":\"QiPang\"},\"image\":{\"@id\":\"https:\/\/rollingringdrives.com\/#\/schema\/logo\/image\/\"}}]}<\/script>\n<!-- \/ Yoast SEO Premium plugin. -->","yoast_head_json":{"title":"400 Bobinadeira Vertical - QiPang","description":"Obtenha uma m\u00e1quina de bobinagem vertical 400 dur\u00e1vel e duradoura para todas as suas necessidades de bobinagem. Pe\u00e7a agora e aproveite a velocidade ajust\u00e1vel de at\u00e9 120 N voltas\/min!","robots":{"index":"index","follow":"follow","max-snippet":"max-snippet:-1","max-image-preview":"max-image-preview:large","max-video-preview":"max-video-preview:-1"},"canonical":"https:\/\/rollingringdrives.com\/pt\/produtos\/400-rebobinadeira-vertical\/","og_locale":"pt_PT","og_type":"article","og_title":"400 Vertical Winding Machine","og_description":"Get a durable and long-lasting 400 Vertical Winding Machine for all your winding needs. Order now and enjoy adjustable speed up to 120N turns\/min!","og_url":"https:\/\/rollingringdrives.com\/pt\/produtos\/400-rebobinadeira-vertical\/","og_site_name":"QiPang","article_modified_time":"2025-07-07T06:18:34+00:00","og_image":[{"width":1000,"height":1000,"url":"https:\/\/rollingringdrives.com\/wp-content\/uploads\/2023\/05\/\u4e3b\u56fe8-4.jpg","type":"image\/jpeg"}],"twitter_card":"summary_large_image","twitter_misc":{"Est. reading time":"2 minutos"},"schema":{"@context":"https:\/\/schema.org","@graph":[{"@type":"WebPage","@id":"https:\/\/rollingringdrives.com\/product\/400-vertical-winding-machine\/","url":"https:\/\/rollingringdrives.com\/product\/400-vertical-winding-machine\/","name":"400 Bobinadeira Vertical - QiPang","isPartOf":{"@id":"https:\/\/rollingringdrives.com\/#website"},"primaryImageOfPage":{"@id":"https:\/\/rollingringdrives.com\/product\/400-vertical-winding-machine\/#primaryimage"},"image":{"@id":"https:\/\/rollingringdrives.com\/product\/400-vertical-winding-machine\/#primaryimage"},"thumbnailUrl":"https:\/\/rollingringdrives.com\/wp-content\/uploads\/2023\/05\/\u4e3b\u56fe8-4.jpg","datePublished":"2023-05-24T06:20:49+00:00","dateModified":"2025-07-07T06:18:34+00:00","description":"Obtenha uma m\u00e1quina de bobinagem vertical 400 dur\u00e1vel e duradoura para todas as suas necessidades de bobinagem. Pe\u00e7a agora e aproveite a velocidade ajust\u00e1vel de at\u00e9 120 N voltas\/min!","breadcrumb":{"@id":"https:\/\/rollingringdrives.com\/product\/400-vertical-winding-machine\/#breadcrumb"},"inLanguage":"pt-PT","potentialAction":[{"@type":"ReadAction","target":["https:\/\/rollingringdrives.com\/product\/400-vertical-winding-machine\/"]}]},{"@type":"ImageObject","inLanguage":"pt-PT","@id":"https:\/\/rollingringdrives.com\/product\/400-vertical-winding-machine\/#primaryimage","url":"https:\/\/rollingringdrives.com\/wp-content\/uploads\/2023\/05\/\u4e3b\u56fe8-4.jpg","contentUrl":"https:\/\/rollingringdrives.com\/wp-content\/uploads\/2023\/05\/\u4e3b\u56fe8-4.jpg","width":1000,"height":1000,"caption":"Take-up machine"},{"@type":"BreadcrumbList","@id":"https:\/\/rollingringdrives.com\/product\/400-vertical-winding-machine\/#breadcrumb","itemListElement":[{"@type":"ListItem","position":1,"name":"Home","item":"https:\/\/rollingringdrives.com\/"},{"@type":"ListItem","position":2,"name":"Machines","item":"https:\/\/rollingringdrives.com\/machines\/"},{"@type":"ListItem","position":3,"name":"400 Vertical Winding Machine"}]},{"@type":"WebSite","@id":"https:\/\/rollingringdrives.com\/#website","url":"https:\/\/rollingringdrives.com\/","name":"QiPangName","description":"Blog QiPang","publisher":{"@id":"https:\/\/rollingringdrives.com\/#organization"},"potentialAction":[{"@type":"SearchAction","target":{"@type":"EntryPoint","urlTemplate":"https:\/\/rollingringdrives.com\/?s={search_term_string}"},"query-input":{"@type":"PropertyValueSpecification","valueRequired":true,"valueName":"search_term_string"}}],"inLanguage":"pt-PT"},{"@type":"Organization","@id":"https:\/\/rollingringdrives.com\/#organization","name":"QiPangName","url":"https:\/\/rollingringdrives.com\/","logo":{"@type":"ImageObject","inLanguage":"pt-PT","@id":"https:\/\/rollingringdrives.com\/#\/schema\/logo\/image\/","url":"https:\/\/rollingringdrives.com\/wp-content\/uploads\/2023\/05\/cropped-\u672a\u547d\u540d\u7684\u8bbe\u8ba1.png","contentUrl":"https:\/\/rollingringdrives.com\/wp-content\/uploads\/2023\/05\/cropped-\u672a\u547d\u540d\u7684\u8bbe\u8ba1.png","width":300,"height":191,"caption":"QiPang"},"image":{"@id":"https:\/\/rollingringdrives.com\/#\/schema\/logo\/image\/"}}]}},"_links":{"self":[{"href":"https:\/\/rollingringdrives.com\/pt\/wp-json\/wp\/v2\/product\/26381","targetHints":{"allow":["GET"]}}],"collection":[{"href":"https:\/\/rollingringdrives.com\/pt\/wp-json\/wp\/v2\/product"}],"about":[{"href":"https:\/\/rollingringdrives.com\/pt\/wp-json\/wp\/v2\/types\/product"}],"version-history":[{"count":0,"href":"https:\/\/rollingringdrives.com\/pt\/wp-json\/wp\/v2\/product\/26381\/revisions"}],"wp:featuredmedia":[{"embeddable":true,"href":"https:\/\/rollingringdrives.com\/pt\/wp-json\/wp\/v2\/media\/31854"}],"wp:attachment":[{"href":"https:\/\/rollingringdrives.com\/pt\/wp-json\/wp\/v2\/media?parent=26381"}],"wp:term":[{"taxonomy":"product_brand","embeddable":true,"href":"https:\/\/rollingringdrives.com\/pt\/wp-json\/wp\/v2\/product_brand?post=26381"},{"taxonomy":"product_cat","embeddable":true,"href":"https:\/\/rollingringdrives.com\/pt\/wp-json\/wp\/v2\/product_cat?post=26381"},{"taxonomy":"product_tag","embeddable":true,"href":"https:\/\/rollingringdrives.com\/pt\/wp-json\/wp\/v2\/product_tag?post=26381"}],"curies":[{"name":"wp","href":"https:\/\/api.w.org\/{rel}","templated":true}]}}