{"id":26388,"date":"2023-05-24T06:39:10","date_gmt":"2023-05-24T06:39:10","guid":{"rendered":"https:\/\/rollingringdrives.com\/?post_type=product&#038;p=26388"},"modified":"2024-10-28T09:10:52","modified_gmt":"2024-10-28T09:10:52","slug":"500-horizontal-winding-machine","status":"publish","type":"product","link":"https:\/\/rollingringdrives.com\/pt\/produtos\/500-maquina-de-enrolamento-horizontal\/","title":{"rendered":"500 M\u00e1quina de Enrolar Horizontal"},"content":{"rendered":"<p class=\"xsj_paragraph xsj_paragraph_level_0\" data-source-line=\"0\" data-source-line-display=\"true\">O\u00a0<strong class=\"markdown_strong_asterisk\">500 M\u00e1quina de Enrolar Horizontal<\/strong> \u00e9 um equipamento vers\u00e1til projetado para enrolar bobinas menores que 500 mm. Ele vem com uma estrutura de base quadrada de a\u00e7o que suporta a largura interna vital de 330 mm. A m\u00e1quina possui um motor de 370 Watts e um dispositivo de fixa\u00e7\u00e3o manual com 1 par de topos. A fonte de alimenta\u00e7\u00e3o e o conversor de frequ\u00eancia est\u00e3o alojados no gabinete de distribui\u00e7\u00e3o de energia, facilitando o controle da velocidade da m\u00e1quina, que \u00e9 ajust\u00e1vel entre 10-1400 rpm. Os quatro olhais de parafuso de expans\u00e3o fixos na parte inferior mant\u00eam a m\u00e1quina est\u00e1vel e o dispositivo antiderrapante na parte superior garante que o processo de enrolamento seja suave e seguro.<\/p>\n<p data-source-line=\"0\" data-source-line-display=\"true\"><div id=\"footable_parent_26390\"\n         class=\"footable_parent ninja_table_wrapper loading_ninja_table wp_table_data_press_parent semantic_ui\">\n                <table data-ninja_table_instance=\"ninja_table_instance_0\" data-footable_id=\"26390\" data-filter-delay=\"1000\" aria-label=\"8\u65b0\u5efa2 XL2dSX \u5de5\u4f5c\u8868 (2).csv\"            id=\"footable_26390\"\n           data-unique_identifier=\"ninja_table_unique_id_1166300083_26390\"\n           class=\"foo-table ninja_footable foo_table_26390 ninja_table_unique_id_1166300083_26390 ui table  nt_type_legacy_table selectable striped vertical_centered  footable-paging-right ninja_table_search_disabled ninja_table_pro\">\n                <colgroup>\n                            <col class=\"ninja_column_0\">\n                            <col class=\"ninja_column_1\">\n                    <\/colgroup>\n        <thead>\n<tr class=\"footable-header\">\n                                        <th scope=\"col\"  class=\"ninja_column_0 ninja_clmn_nm_parameter\">Par\u00e2metro<\/th><th scope=\"col\"  class=\"ninja_column_1 ninja_clmn_nm_value\">Valor<\/th><\/tr>\n<\/thead>\n<tbody>\n\n        <tr data-row_id=\"422\" class=\"ninja_table_row_0 nt_row_id_422\">\n            <td>Configura\u00e7\u00e3o padr\u00e3o<\/td><td><\/td>        <\/tr>\n            <tr data-row_id=\"423\" class=\"ninja_table_row_1 nt_row_id_423\">\n            <td>Estrutura de base<\/td><td>A\u00e7o quadrado, vital para bobinas menores que 500 mm, largura interna de 330 mm<\/td>        <\/tr>\n            <tr data-row_id=\"424\" class=\"ninja_table_row_2 nt_row_id_424\">\n            <td>Motor<\/td><td>Um motor, 370 Watts<\/td>        <\/tr>\n            <tr data-row_id=\"425\" class=\"ninja_table_row_3 nt_row_id_425\">\n            <td>dispositivo de aperto manual<\/td><td>1 par de tops<\/td>        <\/tr>\n            <tr data-row_id=\"426\" class=\"ninja_table_row_4 nt_row_id_426\">\n            <td>Gabinete de distribui\u00e7\u00e3o de energia<\/td><td>Inclui fonte de alimenta\u00e7\u00e3o e conversor de frequ\u00eancia<\/td>        <\/tr>\n            <tr data-row_id=\"427\" class=\"ninja_table_row_5 nt_row_id_427\">\n            <td>Velocidade ajust\u00e1vel<\/td><td>10-1400 rpm<\/td>        <\/tr>\n            <tr data-row_id=\"428\" class=\"ninja_table_row_6 nt_row_id_428\">\n            <td>Olhos de parafuso de expans\u00e3o fixos<\/td><td>4 pe\u00e7as na parte inferior<\/td>        <\/tr>\n            <tr data-row_id=\"429\" class=\"ninja_table_row_7 nt_row_id_429\">\n            <td>dispositivo antiderrapante<\/td><td>Sim<\/td>        <\/tr>\n            <tr data-row_id=\"430\" class=\"ninja_table_row_8 nt_row_id_430\">\n            <td>Acionamentos de anel rolante de precis\u00e3o<\/td><td>Sim<\/td>        <\/tr>\n            <tr data-row_id=\"431\" class=\"ninja_table_row_9 nt_row_id_431\">\n            <td>Poder<\/td><td>220V (outros dispon\u00edveis)<\/td>        <\/tr>\n            <tr data-row_id=\"432\" class=\"ninja_table_row_10 nt_row_id_432\">\n            <td>Configura\u00e7\u00e3o selecion\u00e1vel<\/td><td><\/td>        <\/tr>\n            <tr data-row_id=\"433\" class=\"ninja_table_row_11 nt_row_id_433\">\n            <td>Metro<\/td><td>Op\u00e7\u00e3o: Defina o n\u00famero de medidores para parar e alarme<\/td>        <\/tr>\n            <tr data-row_id=\"434\" class=\"ninja_table_row_12 nt_row_id_434\">\n            <td>Redutor<\/td><td>Op\u00e7\u00e3o: Recomendado para instala\u00e7\u00e3o abaixo de 800 rpm<\/td>        <\/tr>\n            <tr data-row_id=\"435\" class=\"ninja_table_row_13 nt_row_id_435\">\n            <td>Capa protetora<\/td><td>Op\u00e7\u00e3o: Oferece seguran\u00e7a adicional<\/td>        <\/tr>\n            <tr data-row_id=\"436\" class=\"ninja_table_row_14 nt_row_id_436\">\n            <td>Dispositivo magn\u00e9tico de tens\u00e3o de p\u00f3<\/td><td>Op\u00e7\u00e3o: Para combinar com a linha de produ\u00e7\u00e3o para velocidade constante e evitar a tens\u00e3o do fio<\/td>        <\/tr>\n    <\/tbody><!--ninja_tobody_rendering_done-->\n    <\/table>\n    \n    \n    \n<\/div>\n<\/p>\n<div class=\"xiaoshujiang_element xsj_anchor\"><a class=\"blank_anchor_name\" name=\"applications_1\"><\/a><a id=\"applications_1\" class=\"blank_anchor_id\"><\/a><a class=\"blank_anchor_name\" name=\"applications\"><\/a><a id=\"applications\" class=\"blank_anchor_id\"><\/a><\/div>\n<h2 id=\"applications_1\" class=\"xsj_heading_hash xsj_heading xsj_heading_h2\" data-source-line=\"2\" data-source-line-display=\"true\"><span class=\"xsj_heading_content\">Formul\u00e1rios:<\/span><\/h2>\n<p class=\"xsj_paragraph xsj_paragraph_level_0\" data-source-line=\"4\" data-source-line-display=\"true\">A bobinadeira horizontal 500 \u00e9 ideal para enrolar bobinas menores que 500 mm. \u00c9 ben\u00e9fico em v\u00e1rios setores, como eletr\u00f4nicos, el\u00e9tricos e automotivos, onde o enrolamento de bobinas menores \u00e9 necess\u00e1rio. Esta m\u00e1quina tamb\u00e9m pode ser usada na ind\u00fastria de pl\u00e1stico e borracha para enrolar filmes e folhas.<\/p>\n<div class=\"xiaoshujiang_element xsj_anchor\"><a class=\"blank_anchor_name\" name=\"faqs_2\"><\/a><a id=\"faqs_2\" class=\"blank_anchor_id\"><\/a><a class=\"blank_anchor_name\" name=\"faqs\"><\/a><a id=\"faqs\" class=\"blank_anchor_id\"><\/a><\/div>\n<h2 id=\"faqs_2\" class=\"xsj_heading_hash xsj_heading xsj_heading_h2\" data-source-line=\"6\" data-source-line-display=\"true\"><span class=\"xsj_heading_content\">Perguntas frequentes:<\/span><\/h2>\n<div class=\"xiaoshujiang_element xsj_anchor\"><a class=\"blank_anchor_name\" name=\"120what20is20the20maximum20size20of20the20bobbin20that20this20machine20can20wind_3\"><\/a><a id=\"120what20is20the20maximum20size20of20the20bobbin20that20this20machine20can20wind_3\" class=\"blank_anchor_id\"><\/a><a class=\"blank_anchor_name\" name=\"1-what-is-the-maximum-size-of-the-bobbin-that-this-machine-can-wind\"><\/a><a id=\"1-what-is-the-maximum-size-of-the-bobbin-that-this-machine-can-wind\" class=\"blank_anchor_id\"><\/a><\/div>\n<h4 id=\"120what20is20the20maximum20size20of20the20bobbin20that20this20machine20can20wind_3\" class=\"xsj_heading_hash xsj_heading xsj_heading_h4\" data-source-line=\"8\" data-source-line-display=\"true\"><span class=\"xsj_heading_content\">1. Qual \u00e9 o tamanho m\u00e1ximo da bobina que esta m\u00e1quina pode enrolar?<\/span><\/h4>\n<p class=\"xsj_paragraph xsj_paragraph_level_0\" data-source-line=\"10\" data-source-line-display=\"true\">Resposta: A m\u00e1quina foi projetada para enrolar bobinas menores que 500 mm.<\/p>\n<div class=\"xiaoshujiang_element xsj_anchor\"><a class=\"blank_anchor_name\" name=\"220can20i20adjust20the20speed20of20the20machine_4\"><\/a><a id=\"220can20i20adjust20the20speed20of20the20machine_4\" class=\"blank_anchor_id\"><\/a><a class=\"blank_anchor_name\" name=\"2-can-i-adjust-the-speed-of-the-machine\"><\/a><a id=\"2-can-i-adjust-the-speed-of-the-machine\" class=\"blank_anchor_id\"><\/a><\/div>\n<h4 id=\"220can20i20adjust20the20speed20of20the20machine_4\" class=\"xsj_heading_hash xsj_heading xsj_heading_h4\" data-source-line=\"12\" data-source-line-display=\"true\"><span class=\"xsj_heading_content\">2. Posso ajustar a velocidade da m\u00e1quina?<\/span><\/h4>\n<p class=\"xsj_paragraph xsj_paragraph_level_0\" data-source-line=\"14\" data-source-line-display=\"true\">Resposta: Sim, a velocidade da m\u00e1quina \u00e9 ajust\u00e1vel entre 10-1400 rpm.<\/p>\n<div class=\"xiaoshujiang_element xsj_anchor\"><a class=\"blank_anchor_name\" name=\"320is20it20easy20to20control20the20speed20of20the20machine_5\"><\/a><a id=\"320is20it20easy20to20control20the20speed20of20the20machine_5\" class=\"blank_anchor_id\"><\/a><a class=\"blank_anchor_name\" name=\"3-is-it-easy-to-control-the-speed-of-the-machine\"><\/a><a id=\"3-is-it-easy-to-control-the-speed-of-the-machine\" class=\"blank_anchor_id\"><\/a><\/div>\n<h4 id=\"320is20it20easy20to20control20the20speed20of20the20machine_5\" class=\"xsj_heading_hash xsj_heading xsj_heading_h4\" data-source-line=\"16\" data-source-line-display=\"true\"><span class=\"xsj_heading_content\">3. \u00c9 f\u00e1cil controlar a velocidade da m\u00e1quina?<\/span><\/h4>\n<p class=\"xsj_paragraph xsj_paragraph_level_0\" data-source-line=\"18\" data-source-line-display=\"true\">Resposta: Sim, o gabinete de distribui\u00e7\u00e3o de energia que abriga a fonte de alimenta\u00e7\u00e3o e o conversor de frequ\u00eancia facilita o controle da velocidade da m\u00e1quina.<\/p>\n<div class=\"xiaoshujiang_element xsj_anchor\"><a class=\"blank_anchor_name\" name=\"420is20the20machine20stable20while20in20use_6\"><\/a><a id=\"420is20the20machine20stable20while20in20use_6\" class=\"blank_anchor_id\"><\/a><a class=\"blank_anchor_name\" name=\"4-is-the-machine-stable-while-in-use\"><\/a><a id=\"4-is-the-machine-stable-while-in-use\" class=\"blank_anchor_id\"><\/a><\/div>\n<h4 id=\"420is20the20machine20stable20while20in20use_6\" class=\"xsj_heading_hash xsj_heading xsj_heading_h4\" data-source-line=\"20\" data-source-line-display=\"true\"><span class=\"xsj_heading_content\">4. A m\u00e1quina est\u00e1 est\u00e1vel durante o uso?<\/span><\/h4>\n<p class=\"xsj_paragraph xsj_paragraph_level_0\" data-source-line=\"22\" data-source-line-display=\"true\">Resposta: Os quatro olhais fixos do parafuso de expans\u00e3o da parte inferior mant\u00eam a m\u00e1quina est\u00e1vel.<\/p>\n<div class=\"xiaoshujiang_element xsj_anchor\"><a class=\"blank_anchor_name\" name=\"520how20safe20is20the20machine20to20use_7\"><\/a><a id=\"520how20safe20is20the20machine20to20use_7\" class=\"blank_anchor_id\"><\/a><a class=\"blank_anchor_name\" name=\"5-how-safe-is-the-machine-to-use\"><\/a><a id=\"5-how-safe-is-the-machine-to-use\" class=\"blank_anchor_id\"><\/a><\/div>\n<h4 id=\"520how20safe20is20the20machine20to20use_7\" class=\"xsj_heading_hash xsj_heading xsj_heading_h4\" data-source-line=\"24\" data-source-line-display=\"true\"><span class=\"xsj_heading_content\">5. Qu\u00e3o seguro \u00e9 o uso da m\u00e1quina?<\/span><\/h4>\n<p class=\"xsj_paragraph xsj_paragraph_level_0\" data-source-line=\"26\" data-source-line-display=\"true\">Resposta: O dispositivo antiderrapante na parte superior garante um processo de enrolamento suave e seguro. Al\u00e9m disso, para maior seguran\u00e7a, uma capa protetora pode ser instalada.<\/p>","protected":false},"excerpt":{"rendered":"<h2 id=\"features_1\" class=\"xsj_heading_hash xsj_heading xsj_heading_h2\" data-source-line=\"2\" data-source-line-display=\"true\"><span class=\"xsj_heading_content\">Caracter\u00edsticas:<\/span><\/h2>\n<ol class=\"markdown_ol\" data-source-line=\"3\">\n<li data-source-line=\"3\">Estrutura de base de a\u00e7o quadrada que suporta a largura interna vital de 330 mm.<\/li>\n<li data-source-line=\"4\">Um motor de 370 Watts para um enrolamento eficiente.<\/li>\n<li data-source-line=\"5\">Dispositivo de fixa\u00e7\u00e3o manual que possui 1 par de topos.<\/li>\n<li data-source-line=\"6\">Gabinete de distribui\u00e7\u00e3o de energia que abriga a fonte de alimenta\u00e7\u00e3o e o conversor de frequ\u00eancia para facilitar o controle de velocidade.<\/li>\n<li data-source-line=\"7\">Velocidade ajust\u00e1vel entre 10-1400 rpm.<\/li>\n<li data-source-line=\"8\">Quatro olhais de parafuso de expans\u00e3o fixos mant\u00eam a m\u00e1quina est\u00e1vel durante o uso.<\/li>\n<li data-source-line=\"9\">O dispositivo antiderrapante na parte superior garante um enrolamento suave e seguro.<\/li>\n<\/ol>","protected":false},"featured_media":31856,"template":"","meta":{"site-sidebar-layout":"default","site-content-layout":"default","ast-global-header-display":"","ast-banner-title-visibility":"","ast-main-header-display":"","ast-hfb-above-header-display":"","ast-hfb-below-header-display":"","ast-hfb-mobile-header-display":"","site-post-title":"","ast-breadcrumbs-content":"","ast-featured-img":"","footer-sml-layout":"","theme-transparent-header-meta":"default","adv-header-id-meta":"","stick-header-meta":"","header-above-stick-meta":"","header-main-stick-meta":"","header-below-stick-meta":""},"product_brand":[],"product_cat":[51],"product_tag":[],"class_list":{"0":"post-26388","1":"product","2":"type-product","3":"status-publish","4":"has-post-thumbnail","6":"product_cat-wire-take-up-machine","7":"desktop-align-left","8":"tablet-align-left","9":"mobile-align-left","11":"first","12":"instock","13":"shipping-taxable","14":"product-type-simple"},"yoast_head":"<!-- This site is optimized with the Yoast SEO Premium plugin v20.12 (Yoast SEO v26.0) - https:\/\/yoast.com\/wordpress\/plugins\/seo\/ -->\n<title>500 Horizontal Winding Machine - QiPang<\/title>\n<meta name=\"description\" content=\"Easily wind smaller bobbins with the versatile 500 Horizontal Winding Machine. Get your square steel base frame for support today!\" \/>\n<meta name=\"robots\" content=\"index, follow, max-snippet:-1, max-image-preview:large, max-video-preview:-1\" \/>\n<link rel=\"canonical\" href=\"https:\/\/rollingringdrives.com\/pt\/produtos\/500-maquina-de-enrolamento-horizontal\/\" \/>\n<meta property=\"og:locale\" content=\"pt_PT\" \/>\n<meta property=\"og:type\" content=\"article\" \/>\n<meta property=\"og:title\" content=\"500 Horizontal Winding Machine\" \/>\n<meta property=\"og:description\" content=\"Easily wind smaller bobbins with the versatile 500 Horizontal Winding Machine. Get your square steel base frame for support today!\" \/>\n<meta property=\"og:url\" content=\"https:\/\/rollingringdrives.com\/pt\/produtos\/500-maquina-de-enrolamento-horizontal\/\" \/>\n<meta property=\"og:site_name\" content=\"QiPang\" \/>\n<meta property=\"article:modified_time\" content=\"2024-10-28T09:10:52+00:00\" \/>\n<meta property=\"og:image\" content=\"https:\/\/rollingringdrives.com\/wp-content\/uploads\/2023\/05\/\u4e3b\u56fe1-62.jpg\" \/>\n\t<meta property=\"og:image:width\" content=\"600\" \/>\n\t<meta property=\"og:image:height\" content=\"600\" \/>\n\t<meta property=\"og:image:type\" content=\"image\/jpeg\" \/>\n<meta name=\"twitter:card\" content=\"summary_large_image\" \/>\n<meta name=\"twitter:label1\" content=\"Est. reading time\" \/>\n\t<meta name=\"twitter:data1\" content=\"2 minutos\" \/>\n<script type=\"application\/ld+json\" class=\"yoast-schema-graph\">{\"@context\":\"https:\/\/schema.org\",\"@graph\":[{\"@type\":\"WebPage\",\"@id\":\"https:\/\/rollingringdrives.com\/product\/500-horizontal-winding-machine\/\",\"url\":\"https:\/\/rollingringdrives.com\/product\/500-horizontal-winding-machine\/\",\"name\":\"500 Horizontal Winding Machine - QiPang\",\"isPartOf\":{\"@id\":\"https:\/\/rollingringdrives.com\/#website\"},\"primaryImageOfPage\":{\"@id\":\"https:\/\/rollingringdrives.com\/product\/500-horizontal-winding-machine\/#primaryimage\"},\"image\":{\"@id\":\"https:\/\/rollingringdrives.com\/product\/500-horizontal-winding-machine\/#primaryimage\"},\"thumbnailUrl\":\"https:\/\/rollingringdrives.com\/wp-content\/uploads\/2023\/05\/\u4e3b\u56fe1-62.jpg\",\"datePublished\":\"2023-05-24T06:39:10+00:00\",\"dateModified\":\"2024-10-28T09:10:52+00:00\",\"description\":\"Easily wind smaller bobbins with the versatile 500 Horizontal Winding Machine. Get your square steel base frame for support today!\",\"breadcrumb\":{\"@id\":\"https:\/\/rollingringdrives.com\/product\/500-horizontal-winding-machine\/#breadcrumb\"},\"inLanguage\":\"pt-PT\",\"potentialAction\":[{\"@type\":\"ReadAction\",\"target\":[\"https:\/\/rollingringdrives.com\/product\/500-horizontal-winding-machine\/\"]}]},{\"@type\":\"ImageObject\",\"inLanguage\":\"pt-PT\",\"@id\":\"https:\/\/rollingringdrives.com\/product\/500-horizontal-winding-machine\/#primaryimage\",\"url\":\"https:\/\/rollingringdrives.com\/wp-content\/uploads\/2023\/05\/\u4e3b\u56fe1-62.jpg\",\"contentUrl\":\"https:\/\/rollingringdrives.com\/wp-content\/uploads\/2023\/05\/\u4e3b\u56fe1-62.jpg\",\"width\":600,\"height\":600,\"caption\":\"Take-up machine\"},{\"@type\":\"BreadcrumbList\",\"@id\":\"https:\/\/rollingringdrives.com\/product\/500-horizontal-winding-machine\/#breadcrumb\",\"itemListElement\":[{\"@type\":\"ListItem\",\"position\":1,\"name\":\"Home\",\"item\":\"https:\/\/rollingringdrives.com\/\"},{\"@type\":\"ListItem\",\"position\":2,\"name\":\"Machines\",\"item\":\"https:\/\/rollingringdrives.com\/machines\/\"},{\"@type\":\"ListItem\",\"position\":3,\"name\":\"500 Horizontal Winding Machine\"}]},{\"@type\":\"WebSite\",\"@id\":\"https:\/\/rollingringdrives.com\/#website\",\"url\":\"https:\/\/rollingringdrives.com\/\",\"name\":\"QiPang\",\"description\":\"QiPang Blog\",\"publisher\":{\"@id\":\"https:\/\/rollingringdrives.com\/#organization\"},\"potentialAction\":[{\"@type\":\"SearchAction\",\"target\":{\"@type\":\"EntryPoint\",\"urlTemplate\":\"https:\/\/rollingringdrives.com\/?s={search_term_string}\"},\"query-input\":{\"@type\":\"PropertyValueSpecification\",\"valueRequired\":true,\"valueName\":\"search_term_string\"}}],\"inLanguage\":\"pt-PT\"},{\"@type\":\"Organization\",\"@id\":\"https:\/\/rollingringdrives.com\/#organization\",\"name\":\"QiPang\",\"url\":\"https:\/\/rollingringdrives.com\/\",\"logo\":{\"@type\":\"ImageObject\",\"inLanguage\":\"pt-PT\",\"@id\":\"https:\/\/rollingringdrives.com\/#\/schema\/logo\/image\/\",\"url\":\"https:\/\/rollingringdrives.com\/wp-content\/uploads\/2023\/05\/cropped-\u672a\u547d\u540d\u7684\u8bbe\u8ba1.png\",\"contentUrl\":\"https:\/\/rollingringdrives.com\/wp-content\/uploads\/2023\/05\/cropped-\u672a\u547d\u540d\u7684\u8bbe\u8ba1.png\",\"width\":300,\"height\":191,\"caption\":\"QiPang\"},\"image\":{\"@id\":\"https:\/\/rollingringdrives.com\/#\/schema\/logo\/image\/\"}}]}<\/script>\n<!-- \/ Yoast SEO Premium plugin. -->","yoast_head_json":{"title":"500 M\u00e1quina de Enrolar Horizontal - QiPang","description":"Enrole facilmente bobinas menores com a vers\u00e1til M\u00e1quina de Enrolar Horizontal 500. Obtenha sua estrutura de base de a\u00e7o quadrada para suporte hoje!","robots":{"index":"index","follow":"follow","max-snippet":"max-snippet:-1","max-image-preview":"max-image-preview:large","max-video-preview":"max-video-preview:-1"},"canonical":"https:\/\/rollingringdrives.com\/pt\/produtos\/500-maquina-de-enrolamento-horizontal\/","og_locale":"pt_PT","og_type":"article","og_title":"500 Horizontal Winding Machine","og_description":"Easily wind smaller bobbins with the versatile 500 Horizontal Winding Machine. Get your square steel base frame for support today!","og_url":"https:\/\/rollingringdrives.com\/pt\/produtos\/500-maquina-de-enrolamento-horizontal\/","og_site_name":"QiPang","article_modified_time":"2024-10-28T09:10:52+00:00","og_image":[{"width":600,"height":600,"url":"https:\/\/rollingringdrives.com\/wp-content\/uploads\/2023\/05\/\u4e3b\u56fe1-62.jpg","type":"image\/jpeg"}],"twitter_card":"summary_large_image","twitter_misc":{"Est. reading time":"2 minutos"},"schema":{"@context":"https:\/\/schema.org","@graph":[{"@type":"WebPage","@id":"https:\/\/rollingringdrives.com\/product\/500-horizontal-winding-machine\/","url":"https:\/\/rollingringdrives.com\/product\/500-horizontal-winding-machine\/","name":"500 M\u00e1quina de Enrolar Horizontal - QiPang","isPartOf":{"@id":"https:\/\/rollingringdrives.com\/#website"},"primaryImageOfPage":{"@id":"https:\/\/rollingringdrives.com\/product\/500-horizontal-winding-machine\/#primaryimage"},"image":{"@id":"https:\/\/rollingringdrives.com\/product\/500-horizontal-winding-machine\/#primaryimage"},"thumbnailUrl":"https:\/\/rollingringdrives.com\/wp-content\/uploads\/2023\/05\/\u4e3b\u56fe1-62.jpg","datePublished":"2023-05-24T06:39:10+00:00","dateModified":"2024-10-28T09:10:52+00:00","description":"Enrole facilmente bobinas menores com a vers\u00e1til M\u00e1quina de Enrolar Horizontal 500. Obtenha sua estrutura de base de a\u00e7o quadrada para suporte hoje!","breadcrumb":{"@id":"https:\/\/rollingringdrives.com\/product\/500-horizontal-winding-machine\/#breadcrumb"},"inLanguage":"pt-PT","potentialAction":[{"@type":"ReadAction","target":["https:\/\/rollingringdrives.com\/product\/500-horizontal-winding-machine\/"]}]},{"@type":"ImageObject","inLanguage":"pt-PT","@id":"https:\/\/rollingringdrives.com\/product\/500-horizontal-winding-machine\/#primaryimage","url":"https:\/\/rollingringdrives.com\/wp-content\/uploads\/2023\/05\/\u4e3b\u56fe1-62.jpg","contentUrl":"https:\/\/rollingringdrives.com\/wp-content\/uploads\/2023\/05\/\u4e3b\u56fe1-62.jpg","width":600,"height":600,"caption":"Take-up machine"},{"@type":"BreadcrumbList","@id":"https:\/\/rollingringdrives.com\/product\/500-horizontal-winding-machine\/#breadcrumb","itemListElement":[{"@type":"ListItem","position":1,"name":"Home","item":"https:\/\/rollingringdrives.com\/"},{"@type":"ListItem","position":2,"name":"Machines","item":"https:\/\/rollingringdrives.com\/machines\/"},{"@type":"ListItem","position":3,"name":"500 Horizontal Winding Machine"}]},{"@type":"WebSite","@id":"https:\/\/rollingringdrives.com\/#website","url":"https:\/\/rollingringdrives.com\/","name":"QiPangName","description":"Blog QiPang","publisher":{"@id":"https:\/\/rollingringdrives.com\/#organization"},"potentialAction":[{"@type":"SearchAction","target":{"@type":"EntryPoint","urlTemplate":"https:\/\/rollingringdrives.com\/?s={search_term_string}"},"query-input":{"@type":"PropertyValueSpecification","valueRequired":true,"valueName":"search_term_string"}}],"inLanguage":"pt-PT"},{"@type":"Organization","@id":"https:\/\/rollingringdrives.com\/#organization","name":"QiPangName","url":"https:\/\/rollingringdrives.com\/","logo":{"@type":"ImageObject","inLanguage":"pt-PT","@id":"https:\/\/rollingringdrives.com\/#\/schema\/logo\/image\/","url":"https:\/\/rollingringdrives.com\/wp-content\/uploads\/2023\/05\/cropped-\u672a\u547d\u540d\u7684\u8bbe\u8ba1.png","contentUrl":"https:\/\/rollingringdrives.com\/wp-content\/uploads\/2023\/05\/cropped-\u672a\u547d\u540d\u7684\u8bbe\u8ba1.png","width":300,"height":191,"caption":"QiPang"},"image":{"@id":"https:\/\/rollingringdrives.com\/#\/schema\/logo\/image\/"}}]}},"_links":{"self":[{"href":"https:\/\/rollingringdrives.com\/pt\/wp-json\/wp\/v2\/product\/26388","targetHints":{"allow":["GET"]}}],"collection":[{"href":"https:\/\/rollingringdrives.com\/pt\/wp-json\/wp\/v2\/product"}],"about":[{"href":"https:\/\/rollingringdrives.com\/pt\/wp-json\/wp\/v2\/types\/product"}],"version-history":[{"count":0,"href":"https:\/\/rollingringdrives.com\/pt\/wp-json\/wp\/v2\/product\/26388\/revisions"}],"wp:featuredmedia":[{"embeddable":true,"href":"https:\/\/rollingringdrives.com\/pt\/wp-json\/wp\/v2\/media\/31856"}],"wp:attachment":[{"href":"https:\/\/rollingringdrives.com\/pt\/wp-json\/wp\/v2\/media?parent=26388"}],"wp:term":[{"taxonomy":"product_brand","embeddable":true,"href":"https:\/\/rollingringdrives.com\/pt\/wp-json\/wp\/v2\/product_brand?post=26388"},{"taxonomy":"product_cat","embeddable":true,"href":"https:\/\/rollingringdrives.com\/pt\/wp-json\/wp\/v2\/product_cat?post=26388"},{"taxonomy":"product_tag","embeddable":true,"href":"https:\/\/rollingringdrives.com\/pt\/wp-json\/wp\/v2\/product_tag?post=26388"}],"curies":[{"name":"wp","href":"https:\/\/api.w.org\/{rel}","templated":true}]}}