{"id":26424,"date":"2023-05-24T08:35:49","date_gmt":"2023-05-24T08:35:49","guid":{"rendered":"https:\/\/rollingringdrives.com\/?post_type=product&#038;p=26424"},"modified":"2026-01-17T01:52:38","modified_gmt":"2026-01-17T01:52:38","slug":"500-horizontal-winding-machine-for-coil-diameter-pn200-pn500","status":"publish","type":"product","link":"https:\/\/rollingringdrives.com\/pt\/produtos\/500-maquina-de-enrolamento-horizontal-para-bobina-diametro-pn200-pn500\/","title":{"rendered":"Qp500 M\u00e1quina de enrolamento de fio horizontal com unidade transversal"},"content":{"rendered":"<p class=\"xsj_paragraph xsj_paragraph_level_0\" data-source-line=\"0\" data-source-line-display=\"true\">O <strong>500 M\u00e1quina de enrolamento de fio<\/strong>\u00a0\u00e9 projetado especificamente para enrolar bobinas com uma faixa de di\u00e2metro de <strong>PN200-PN500<\/strong>. Com uma faixa de largura de bobina de 100-375 mm e abertura de bobina de \u03a680 mm, esta m\u00e1quina oferece precis\u00e3o e enrolamento eficiente. Apresentando uma op\u00e7\u00e3o de fixa\u00e7\u00e3o manual\/cilindro para o modo de eixo superior, garante uma fixa\u00e7\u00e3o f\u00e1cil e segura da bobina durante o enrolamento. O arranjo de cabos desta m\u00e1quina \u00e9 feito de uma haste polida de precis\u00e3o que oferece espa\u00e7amento e largura de linha ajust\u00e1veis. O dispositivo tamb\u00e9m vem com um motor Nanjing Huatiao com um motor de 2,2 KW-6 de pot\u00eancia que fornece uma experi\u00eancia de enrolamento est\u00e1vel e eficiente.<\/p>\n<p data-source-line=\"0\" data-source-line-display=\"true\"><div id=\"footable_parent_26426\"\n         class=\"footable_parent ninja_table_wrapper loading_ninja_table wp_table_data_press_parent semantic_ui\">\n                <table data-ninja_table_instance=\"ninja_table_instance_0\" data-footable_id=\"26426\" data-filter-delay=\"1000\" aria-label=\"4\u65b0\u5efa3 XL2dSX \u5de5\u4f5c\u8868 (2).csv\"            id=\"footable_26426\"\n           data-unique_identifier=\"ninja_table_unique_id_728263628_26426\"\n           class=\"foo-table ninja_footable foo_table_26426 ninja_table_unique_id_728263628_26426 ui table  nt_type_legacy_table selectable striped vertical_centered  footable-paging-right ninja_table_search_disabled ninja_table_pro\">\n                <colgroup>\n                            <col class=\"ninja_column_0\">\n                            <col class=\"ninja_column_1\">\n                    <\/colgroup>\n        <thead>\n<tr class=\"footable-header\">\n                                        <th scope=\"col\"  class=\"ninja_column_0 ninja_clmn_nm_parameter\">Par\u00e2metro<\/th><th scope=\"col\"  class=\"ninja_column_1 ninja_clmn_nm_value\">Valor<\/th><\/tr>\n<\/thead>\n<tbody>\n\n        <tr data-row_id=\"474\" class=\"ninja_table_row_0 nt_row_id_474\">\n            <td>Di\u00e2metro da bobina aplic\u00e1vel<\/td><td>PN200-PN500<\/td>        <\/tr>\n            <tr data-row_id=\"475\" class=\"ninja_table_row_1 nt_row_id_475\">\n            <td>Largura da bobina<\/td><td>100-375mm<\/td>        <\/tr>\n            <tr data-row_id=\"476\" class=\"ninja_table_row_2 nt_row_id_476\">\n            <td>Abertura da bobina<\/td><td>\u03a680mm<\/td>        <\/tr>\n            <tr data-row_id=\"477\" class=\"ninja_table_row_3 nt_row_id_477\">\n            <td>Velocidade de linha aplic\u00e1vel<\/td><td>200-500 R\/min<\/td>        <\/tr>\n            <tr data-row_id=\"478\" class=\"ninja_table_row_4 nt_row_id_478\">\n            <td>Modo de eixo superior<\/td><td>Fixa\u00e7\u00e3o manual\/fixa\u00e7\u00e3o do cilindro (selecion\u00e1vel)<\/td>        <\/tr>\n            <tr data-row_id=\"479\" class=\"ninja_table_row_5 nt_row_id_479\">\n            <td>Elevador de bobina de fio<\/td><td>Elevador el\u00e9trico de haste de parafuso de 0,75KW (sem configura\u00e7\u00e3o padr\u00e3o)<\/td>        <\/tr>\n            <tr data-row_id=\"480\" class=\"ninja_table_row_6 nt_row_id_480\">\n            <td>Arranjo de cabos<\/td><td>Arranjo de cabo de haste polida de precis\u00e3o \u03a620, espa\u00e7amento e largura de linha ajust\u00e1veis<\/td>        <\/tr>\n            <tr data-row_id=\"481\" class=\"ninja_table_row_7 nt_row_id_481\">\n            <td>Pot\u00eancia do motor<\/td><td>Motor 2.2KW-6 + conversor de frequ\u00eancia<\/td>        <\/tr>\n            <tr data-row_id=\"482\" class=\"ninja_table_row_8 nt_row_id_482\">\n            <td>Motor<\/td><td>Nanjing Huatiao<\/td>        <\/tr>\n            <tr data-row_id=\"483\" class=\"ninja_table_row_9 nt_row_id_483\">\n            <td>Tipo de aceita\u00e7\u00e3o<\/td><td>Tipo de chassi (para estabilidade)<\/td>        <\/tr>\n    <\/tbody><!--ninja_tobody_rendering_done-->\n    <\/table>\n    \n    \n    \n<\/div>\n<\/p>\n<div class=\"xiaoshujiang_element xsj_anchor\"><a class=\"blank_anchor_name\" name=\"applications_1\"><\/a><a id=\"applications_1\" class=\"blank_anchor_id\"><\/a><a class=\"blank_anchor_name\" name=\"applications\"><\/a><a id=\"applications\" class=\"blank_anchor_id\"><\/a><\/div>\n<h2 id=\"applications_1\" class=\"xsj_heading_hash xsj_heading xsj_heading_h2\" data-source-line=\"2\" data-source-line-display=\"true\"><span class=\"xsj_heading_content\">Formul\u00e1rios:<\/span><\/h2>\n<p class=\"xsj_paragraph xsj_paragraph_level_0\" data-source-line=\"4\" data-source-line-display=\"true\">A m\u00e1quina de enrolamento horizontal 500 para di\u00e2metro de bobina PN200-PN500 tem uma variedade de aplica\u00e7\u00f5es em diferentes ind\u00fastrias. \u00c9 comumente usado para produzir transformadores, motores e bobinas similares dentro da faixa de di\u00e2metro. Como resultado de seu recurso de arranjo de cabos personaliz\u00e1vel, ele pode obter enrolamento preciso, tornando-o adequado para aplica\u00e7\u00f5es de ponta.<\/p>\n<div class=\"xiaoshujiang_element xsj_anchor\"><a class=\"blank_anchor_name\" name=\"faqs_2\"><\/a><a id=\"faqs_2\" class=\"blank_anchor_id\"><\/a><a class=\"blank_anchor_name\" name=\"faqs\"><\/a><a id=\"faqs\" class=\"blank_anchor_id\"><\/a><\/div>\n<h2 id=\"faqs_2\" class=\"xsj_heading_hash xsj_heading xsj_heading_h2\" data-source-line=\"6\" data-source-line-display=\"true\"><span class=\"xsj_heading_content\">Perguntas frequentes:<\/span><\/h2>\n<div class=\"xiaoshujiang_element xsj_anchor\"><a class=\"blank_anchor_name\" name=\"q20what20is20the20maximum20coil20diameter20that20can20be20wound20on20this20machine_3\"><\/a><a id=\"q20what20is20the20maximum20coil20diameter20that20can20be20wound20on20this20machine_3\" class=\"blank_anchor_id\"><\/a><a class=\"blank_anchor_name\" name=\"q-what-is-the-maximum-coil-diameter-that-can-be-wound-on-this-machine\"><\/a><a id=\"q-what-is-the-maximum-coil-diameter-that-can-be-wound-on-this-machine\" class=\"blank_anchor_id\"><\/a><\/div>\n<h4 id=\"q20what20is20the20maximum20coil20diameter20that20can20be20wound20on20this20machine_3\" class=\"xsj_heading_hash xsj_heading xsj_heading_h4\" data-source-line=\"8\" data-source-line-display=\"true\"><span class=\"xsj_heading_content\">P: Qual \u00e9 o di\u00e2metro m\u00e1ximo da bobina encontrado nesta m\u00e1quina?<\/span><\/h4>\n<p class=\"xsj_paragraph xsj_paragraph_level_0\" data-source-line=\"10\" data-source-line-display=\"true\">R: A bobinadeira horizontal 500 pode acomodar di\u00e2metros de bobina que variam de PN200 a PN500.<\/p>\n<div class=\"xiaoshujiang_element xsj_anchor\"><a class=\"blank_anchor_name\" name=\"q20how20fast20is20the20machinee28099s20line20speed_4\"><\/a><a id=\"q20how20fast20is20the20machinee28099s20line20speed_4\" class=\"blank_anchor_id\"><\/a><a class=\"blank_anchor_name\" name=\"q-how-fast-is-the-machines-line-speed\"><\/a><a id=\"q-how-fast-is-the-machines-line-speed\" class=\"blank_anchor_id\"><\/a><\/div>\n<h4 id=\"q20how20fast20is20the20machinee28099s20line20speed_4\" class=\"xsj_heading_hash xsj_heading xsj_heading_h4\" data-source-line=\"12\" data-source-line-display=\"true\"><span class=\"xsj_heading_content\">P: Qual \u00e9 a velocidade da linha da m\u00e1quina?<\/span><\/h4>\n<p class=\"xsj_paragraph xsj_paragraph_level_0\" data-source-line=\"14\" data-source-line-display=\"true\">R: A velocidade da linha da m\u00e1quina varia de 200-500 R\/min, tornando-a altamente eficiente.<\/p>\n<div class=\"xiaoshujiang_element xsj_anchor\"><a class=\"blank_anchor_name\" name=\"q20does20the20machine20come20with20a20motor_5\"><\/a><a id=\"q20does20the20machine20come20with20a20motor_5\" class=\"blank_anchor_id\"><\/a><a class=\"blank_anchor_name\" name=\"q-does-the-machine-come-with-a-motor\"><\/a><a id=\"q-does-the-machine-come-with-a-motor\" class=\"blank_anchor_id\"><\/a><\/div>\n<h4 id=\"q20does20the20machine20come20with20a20motor_5\" class=\"xsj_heading_hash xsj_heading xsj_heading_h4\" data-source-line=\"16\" data-source-line-display=\"true\"><span class=\"xsj_heading_content\">Q: A m\u00e1quina vem com um motor?<\/span><\/h4>\n<p class=\"xsj_paragraph xsj_paragraph_level_0\" data-source-line=\"18\" data-source-line-display=\"true\">R: Sim, a m\u00e1quina de enrolamento horizontal 500 tem um motor Nanjing Huatiao com um motor de 2,2 KW-6 de pot\u00eancia.<\/p>\n<div class=\"xiaoshujiang_element xsj_anchor\"><a class=\"blank_anchor_name\" name=\"q20what20is20the20cable20arrangement20made20of_6\"><\/a><a id=\"q20what20is20the20cable20arrangement20made20of_6\" class=\"blank_anchor_id\"><\/a><a class=\"blank_anchor_name\" name=\"q-what-is-the-cable-arrangement-made-of\"><\/a><a id=\"q-what-is-the-cable-arrangement-made-of\" class=\"blank_anchor_id\"><\/a><\/div>\n<h4 id=\"q20what20is20the20cable20arrangement20made20of_6\" class=\"xsj_heading_hash xsj_heading xsj_heading_h4\" data-source-line=\"20\" data-source-line-display=\"true\"><span class=\"xsj_heading_content\">P: De que \u00e9 feito o arranjo de cabos?<\/span><\/h4>\n<p class=\"xsj_paragraph xsj_paragraph_level_0\" data-source-line=\"22\" data-source-line-display=\"true\">R: O arranjo de cabos \u00e9 feito de uma haste polida de precis\u00e3o que oferece espa\u00e7amento e largura de linha ajust\u00e1veis.<\/p>\n<div class=\"xiaoshujiang_element xsj_anchor\"><a class=\"blank_anchor_name\" name=\"q20can20the20top20shaft20mode20be20changed_7\"><\/a><a id=\"q20can20the20top20shaft20mode20be20changed_7\" class=\"blank_anchor_id\"><\/a><a class=\"blank_anchor_name\" name=\"q-can-the-top-shaft-mode-be-changed\"><\/a><a id=\"q-can-the-top-shaft-mode-be-changed\" class=\"blank_anchor_id\"><\/a><\/div>\n<h4 id=\"q20can20the20top20shaft20mode20be20changed_7\" class=\"xsj_heading_hash xsj_heading xsj_heading_h4\" data-source-line=\"24\" data-source-line-display=\"true\"><span class=\"xsj_heading_content\">P: O modo do eixo superior pode ser alterado?<\/span><\/h4>\n<p class=\"xsj_paragraph xsj_paragraph_level_0\" data-source-line=\"26\" data-source-line-display=\"true\">R: Sim, o modo de eixo superior possui uma op\u00e7\u00e3o de fixa\u00e7\u00e3o manual\/cilindro que pode ser selecionada de acordo com suas prefer\u00eancias.<\/p>","protected":false},"excerpt":{"rendered":"<h2 id=\"features_1\" class=\"xsj_heading_hash xsj_heading xsj_heading_h2\" data-source-line=\"2\" data-source-line-display=\"true\"><span class=\"xsj_heading_content\">Caracter\u00edsticas:<\/span><\/h2>\n<ol class=\"markdown_ol\" data-source-line=\"4\">\n<li data-source-line=\"4\">A m\u00e1quina \u00e9 adequada para enrolar bobinas na faixa de di\u00e2metro PN200-PN500, tornando-a vers\u00e1til.<\/li>\n<li data-source-line=\"5\">A disposi\u00e7\u00e3o flex\u00edvel dos cabos permite controlar o espa\u00e7amento e a largura das fileiras para personalizar os resultados do enrolamento de acordo com suas prefer\u00eancias.<\/li>\n<li data-source-line=\"6\">Voc\u00ea pode ter maior seguran\u00e7a e estabilidade com um modo de eixo completo com recursos de fixa\u00e7\u00e3o manual\/cilindro.<\/li>\n<li data-source-line=\"7\">A bobinadeira horizontal 500 tem uma velocidade de linha r\u00e1pida de 200-500 R\/min, tornando-a eficiente e economizando tempo.<\/li>\n<li data-source-line=\"8\">O design robusto do chassi com eleva\u00e7\u00e3o el\u00e9trica da haste de parafuso garante que a m\u00e1quina permane\u00e7a est\u00e1vel durante todo o processo de bobinagem.<\/li>\n<\/ol>","protected":false},"featured_media":32861,"template":"","meta":{"site-sidebar-layout":"default","site-content-layout":"default","ast-global-header-display":"","ast-banner-title-visibility":"","ast-main-header-display":"","ast-hfb-above-header-display":"","ast-hfb-below-header-display":"","ast-hfb-mobile-header-display":"","site-post-title":"","ast-breadcrumbs-content":"","ast-featured-img":"","footer-sml-layout":"","theme-transparent-header-meta":"default","adv-header-id-meta":"","stick-header-meta":"","header-above-stick-meta":"","header-main-stick-meta":"","header-below-stick-meta":""},"product_brand":[],"product_cat":[51,151],"product_tag":[],"class_list":{"0":"post-26424","1":"product","2":"type-product","3":"status-publish","4":"has-post-thumbnail","6":"product_cat-wire-take-up-machine","7":"product_cat-shaftless-cable-take-up-machine","8":"desktop-align-left","9":"tablet-align-left","10":"mobile-align-left","12":"first","13":"instock","14":"shipping-taxable","15":"product-type-simple"},"yoast_head":"<!-- This site is optimized with the Yoast SEO Premium plugin v20.12 (Yoast SEO v26.0) - https:\/\/yoast.com\/wordpress\/plugins\/seo\/ -->\n<title>Qp500 Horizontal Wire Spooling Machine With Traverse Unit - QiPang<\/title>\n<meta name=\"description\" content=\"Experience precision and efficient winding with the 500 Horizontal Winding Machine. Order now for safe coil clamping and adjustable cable arrangement!\" \/>\n<meta name=\"robots\" content=\"index, follow, max-snippet:-1, max-image-preview:large, max-video-preview:-1\" \/>\n<link rel=\"canonical\" href=\"https:\/\/rollingringdrives.com\/pt\/produtos\/500-maquina-de-enrolamento-horizontal-para-bobina-diametro-pn200-pn500\/\" \/>\n<meta property=\"og:locale\" content=\"pt_PT\" \/>\n<meta property=\"og:type\" content=\"article\" \/>\n<meta property=\"og:title\" content=\"Qp500 Horizontal Wire Spooling Machine With Traverse Unit\" \/>\n<meta property=\"og:description\" content=\"Experience precision and efficient winding with the 500 Horizontal Winding Machine. Order now for safe coil clamping and adjustable cable arrangement!\" \/>\n<meta property=\"og:url\" content=\"https:\/\/rollingringdrives.com\/pt\/produtos\/500-maquina-de-enrolamento-horizontal-para-bobina-diametro-pn200-pn500\/\" \/>\n<meta property=\"og:site_name\" content=\"QiPang\" \/>\n<meta property=\"article:modified_time\" content=\"2026-01-17T01:52:38+00:00\" \/>\n<meta name=\"twitter:card\" content=\"summary_large_image\" \/>\n<meta name=\"twitter:label1\" content=\"Est. reading time\" \/>\n\t<meta name=\"twitter:data1\" content=\"2 minutos\" \/>\n<script type=\"application\/ld+json\" class=\"yoast-schema-graph\">{\"@context\":\"https:\/\/schema.org\",\"@graph\":[{\"@type\":\"WebPage\",\"@id\":\"https:\/\/rollingringdrives.com\/product\/500-horizontal-winding-machine-for-coil-diameter-pn200-pn500\/\",\"url\":\"https:\/\/rollingringdrives.com\/product\/500-horizontal-winding-machine-for-coil-diameter-pn200-pn500\/\",\"name\":\"Qp500 Horizontal Wire Spooling Machine With Traverse Unit - QiPang\",\"isPartOf\":{\"@id\":\"https:\/\/rollingringdrives.com\/#website\"},\"primaryImageOfPage\":{\"@id\":\"https:\/\/rollingringdrives.com\/product\/500-horizontal-winding-machine-for-coil-diameter-pn200-pn500\/#primaryimage\"},\"image\":{\"@id\":\"https:\/\/rollingringdrives.com\/product\/500-horizontal-winding-machine-for-coil-diameter-pn200-pn500\/#primaryimage\"},\"thumbnailUrl\":\"https:\/\/rollingringdrives.com\/wp-content\/uploads\/2023\/05\/1.avif\",\"datePublished\":\"2023-05-24T08:35:49+00:00\",\"dateModified\":\"2026-01-17T01:52:38+00:00\",\"description\":\"Experience precision and efficient winding with the 500 Horizontal Winding Machine. Order now for safe coil clamping and adjustable cable arrangement!\",\"breadcrumb\":{\"@id\":\"https:\/\/rollingringdrives.com\/product\/500-horizontal-winding-machine-for-coil-diameter-pn200-pn500\/#breadcrumb\"},\"inLanguage\":\"pt-PT\",\"potentialAction\":[{\"@type\":\"ReadAction\",\"target\":[\"https:\/\/rollingringdrives.com\/product\/500-horizontal-winding-machine-for-coil-diameter-pn200-pn500\/\"]}]},{\"@type\":\"ImageObject\",\"inLanguage\":\"pt-PT\",\"@id\":\"https:\/\/rollingringdrives.com\/product\/500-horizontal-winding-machine-for-coil-diameter-pn200-pn500\/#primaryimage\",\"url\":\"https:\/\/rollingringdrives.com\/wp-content\/uploads\/2023\/05\/1.avif\",\"contentUrl\":\"https:\/\/rollingringdrives.com\/wp-content\/uploads\/2023\/05\/1.avif\",\"width\":1000,\"height\":1000,\"caption\":\"wire spooling machine\"},{\"@type\":\"BreadcrumbList\",\"@id\":\"https:\/\/rollingringdrives.com\/product\/500-horizontal-winding-machine-for-coil-diameter-pn200-pn500\/#breadcrumb\",\"itemListElement\":[{\"@type\":\"ListItem\",\"position\":1,\"name\":\"Home\",\"item\":\"https:\/\/rollingringdrives.com\/\"},{\"@type\":\"ListItem\",\"position\":2,\"name\":\"Machines\",\"item\":\"https:\/\/rollingringdrives.com\/machines\/\"},{\"@type\":\"ListItem\",\"position\":3,\"name\":\"Qp500 Horizontal Wire Spooling Machine With Traverse Unit\"}]},{\"@type\":\"WebSite\",\"@id\":\"https:\/\/rollingringdrives.com\/#website\",\"url\":\"https:\/\/rollingringdrives.com\/\",\"name\":\"QiPang\",\"description\":\"QiPang Blog\",\"publisher\":{\"@id\":\"https:\/\/rollingringdrives.com\/#organization\"},\"potentialAction\":[{\"@type\":\"SearchAction\",\"target\":{\"@type\":\"EntryPoint\",\"urlTemplate\":\"https:\/\/rollingringdrives.com\/?s={search_term_string}\"},\"query-input\":{\"@type\":\"PropertyValueSpecification\",\"valueRequired\":true,\"valueName\":\"search_term_string\"}}],\"inLanguage\":\"pt-PT\"},{\"@type\":\"Organization\",\"@id\":\"https:\/\/rollingringdrives.com\/#organization\",\"name\":\"QiPang\",\"url\":\"https:\/\/rollingringdrives.com\/\",\"logo\":{\"@type\":\"ImageObject\",\"inLanguage\":\"pt-PT\",\"@id\":\"https:\/\/rollingringdrives.com\/#\/schema\/logo\/image\/\",\"url\":\"https:\/\/rollingringdrives.com\/wp-content\/uploads\/2023\/05\/cropped-\u672a\u547d\u540d\u7684\u8bbe\u8ba1.png\",\"contentUrl\":\"https:\/\/rollingringdrives.com\/wp-content\/uploads\/2023\/05\/cropped-\u672a\u547d\u540d\u7684\u8bbe\u8ba1.png\",\"width\":300,\"height\":191,\"caption\":\"QiPang\"},\"image\":{\"@id\":\"https:\/\/rollingringdrives.com\/#\/schema\/logo\/image\/\"}}]}<\/script>\n<!-- \/ Yoast SEO Premium plugin. -->","yoast_head_json":{"title":"Qp500 M\u00e1quina de enrolamento de fio horizontal com unidade transversal - QiPang","description":"Experimente uma bobinagem precisa e eficiente com a Bobinadeira Horizontal 500. Encomende agora para fixa\u00e7\u00e3o segura da bobina e arranjo de cabo ajust\u00e1vel!","robots":{"index":"index","follow":"follow","max-snippet":"max-snippet:-1","max-image-preview":"max-image-preview:large","max-video-preview":"max-video-preview:-1"},"canonical":"https:\/\/rollingringdrives.com\/pt\/produtos\/500-maquina-de-enrolamento-horizontal-para-bobina-diametro-pn200-pn500\/","og_locale":"pt_PT","og_type":"article","og_title":"Qp500 Horizontal Wire Spooling Machine With Traverse Unit","og_description":"Experience precision and efficient winding with the 500 Horizontal Winding Machine. Order now for safe coil clamping and adjustable cable arrangement!","og_url":"https:\/\/rollingringdrives.com\/pt\/produtos\/500-maquina-de-enrolamento-horizontal-para-bobina-diametro-pn200-pn500\/","og_site_name":"QiPang","article_modified_time":"2026-01-17T01:52:38+00:00","twitter_card":"summary_large_image","twitter_misc":{"Est. reading time":"2 minutos"},"schema":{"@context":"https:\/\/schema.org","@graph":[{"@type":"WebPage","@id":"https:\/\/rollingringdrives.com\/product\/500-horizontal-winding-machine-for-coil-diameter-pn200-pn500\/","url":"https:\/\/rollingringdrives.com\/product\/500-horizontal-winding-machine-for-coil-diameter-pn200-pn500\/","name":"Qp500 M\u00e1quina de enrolamento de fio horizontal com unidade transversal - QiPang","isPartOf":{"@id":"https:\/\/rollingringdrives.com\/#website"},"primaryImageOfPage":{"@id":"https:\/\/rollingringdrives.com\/product\/500-horizontal-winding-machine-for-coil-diameter-pn200-pn500\/#primaryimage"},"image":{"@id":"https:\/\/rollingringdrives.com\/product\/500-horizontal-winding-machine-for-coil-diameter-pn200-pn500\/#primaryimage"},"thumbnailUrl":"https:\/\/rollingringdrives.com\/wp-content\/uploads\/2023\/05\/1.avif","datePublished":"2023-05-24T08:35:49+00:00","dateModified":"2026-01-17T01:52:38+00:00","description":"Experimente uma bobinagem precisa e eficiente com a Bobinadeira Horizontal 500. Encomende agora para fixa\u00e7\u00e3o segura da bobina e arranjo de cabo ajust\u00e1vel!","breadcrumb":{"@id":"https:\/\/rollingringdrives.com\/product\/500-horizontal-winding-machine-for-coil-diameter-pn200-pn500\/#breadcrumb"},"inLanguage":"pt-PT","potentialAction":[{"@type":"ReadAction","target":["https:\/\/rollingringdrives.com\/product\/500-horizontal-winding-machine-for-coil-diameter-pn200-pn500\/"]}]},{"@type":"ImageObject","inLanguage":"pt-PT","@id":"https:\/\/rollingringdrives.com\/product\/500-horizontal-winding-machine-for-coil-diameter-pn200-pn500\/#primaryimage","url":"https:\/\/rollingringdrives.com\/wp-content\/uploads\/2023\/05\/1.avif","contentUrl":"https:\/\/rollingringdrives.com\/wp-content\/uploads\/2023\/05\/1.avif","width":1000,"height":1000,"caption":"wire spooling machine"},{"@type":"BreadcrumbList","@id":"https:\/\/rollingringdrives.com\/product\/500-horizontal-winding-machine-for-coil-diameter-pn200-pn500\/#breadcrumb","itemListElement":[{"@type":"ListItem","position":1,"name":"Home","item":"https:\/\/rollingringdrives.com\/"},{"@type":"ListItem","position":2,"name":"Machines","item":"https:\/\/rollingringdrives.com\/machines\/"},{"@type":"ListItem","position":3,"name":"Qp500 Horizontal Wire Spooling Machine With Traverse Unit"}]},{"@type":"WebSite","@id":"https:\/\/rollingringdrives.com\/#website","url":"https:\/\/rollingringdrives.com\/","name":"QiPangName","description":"Blog QiPang","publisher":{"@id":"https:\/\/rollingringdrives.com\/#organization"},"potentialAction":[{"@type":"SearchAction","target":{"@type":"EntryPoint","urlTemplate":"https:\/\/rollingringdrives.com\/?s={search_term_string}"},"query-input":{"@type":"PropertyValueSpecification","valueRequired":true,"valueName":"search_term_string"}}],"inLanguage":"pt-PT"},{"@type":"Organization","@id":"https:\/\/rollingringdrives.com\/#organization","name":"QiPangName","url":"https:\/\/rollingringdrives.com\/","logo":{"@type":"ImageObject","inLanguage":"pt-PT","@id":"https:\/\/rollingringdrives.com\/#\/schema\/logo\/image\/","url":"https:\/\/rollingringdrives.com\/wp-content\/uploads\/2023\/05\/cropped-\u672a\u547d\u540d\u7684\u8bbe\u8ba1.png","contentUrl":"https:\/\/rollingringdrives.com\/wp-content\/uploads\/2023\/05\/cropped-\u672a\u547d\u540d\u7684\u8bbe\u8ba1.png","width":300,"height":191,"caption":"QiPang"},"image":{"@id":"https:\/\/rollingringdrives.com\/#\/schema\/logo\/image\/"}}]}},"_links":{"self":[{"href":"https:\/\/rollingringdrives.com\/pt\/wp-json\/wp\/v2\/product\/26424","targetHints":{"allow":["GET"]}}],"collection":[{"href":"https:\/\/rollingringdrives.com\/pt\/wp-json\/wp\/v2\/product"}],"about":[{"href":"https:\/\/rollingringdrives.com\/pt\/wp-json\/wp\/v2\/types\/product"}],"version-history":[{"count":0,"href":"https:\/\/rollingringdrives.com\/pt\/wp-json\/wp\/v2\/product\/26424\/revisions"}],"wp:featuredmedia":[{"embeddable":true,"href":"https:\/\/rollingringdrives.com\/pt\/wp-json\/wp\/v2\/media\/32861"}],"wp:attachment":[{"href":"https:\/\/rollingringdrives.com\/pt\/wp-json\/wp\/v2\/media?parent=26424"}],"wp:term":[{"taxonomy":"product_brand","embeddable":true,"href":"https:\/\/rollingringdrives.com\/pt\/wp-json\/wp\/v2\/product_brand?post=26424"},{"taxonomy":"product_cat","embeddable":true,"href":"https:\/\/rollingringdrives.com\/pt\/wp-json\/wp\/v2\/product_cat?post=26424"},{"taxonomy":"product_tag","embeddable":true,"href":"https:\/\/rollingringdrives.com\/pt\/wp-json\/wp\/v2\/product_tag?post=26424"}],"curies":[{"name":"wp","href":"https:\/\/api.w.org\/{rel}","templated":true}]}}