{"id":26613,"date":"2023-05-27T04:55:27","date_gmt":"2023-05-27T04:55:27","guid":{"rendered":"https:\/\/rollingringdrives.com\/?post_type=product&#038;p=26613"},"modified":"2023-07-04T00:35:57","modified_gmt":"2023-07-04T00:35:57","slug":"crawler-wire-and-cable-meter-counter","status":"publish","type":"product","link":"https:\/\/rollingringdrives.com\/pt\/produtos\/contador-de-medidor-de-fio-e-cabo-rastreador\/","title":{"rendered":"Contador de fio e cabo de esteira rolante"},"content":{"rendered":"<p class=\"xsj_paragraph xsj_paragraph_level_0\" data-source-line=\"0\" data-source-line-display=\"true\">O\u00a0<strong class=\"markdown_strong_asterisk\">Contador de fio e cabo de esteira rolante<\/strong> \u00e9 um dispositivo vers\u00e1til de contagem de medidores que usa um m\u00e9todo de acionamento por esteira\/lagarta para medi\u00e7\u00f5es precisas. Possui um mecanismo de compress\u00e3o, uma manivela e um medidor de exibi\u00e7\u00e3o eletr\u00f4nico para leituras precisas que podem facilmente tensionar. Al\u00e9m disso, possui uma altura central ajust\u00e1vel na faixa de 300-1050 mm, com ajustes de rolo dianteiro e traseiro para um posicionamento suave do fio. Este dispositivo de contagem de medidores vem com uma roda medidora confi\u00e1vel e par\u00e2metros de roda s\u00edncrona para medi\u00e7\u00e3o precisa de fios e cabos.<\/p>\n<p data-source-line=\"0\" data-source-line-display=\"true\"><div id=\"footable_parent_26615\"\n         class=\"footable_parent ninja_table_wrapper loading_ninja_table wp_table_data_press_parent semantic_ui\">\n                <table data-ninja_table_instance=\"ninja_table_instance_0\" data-footable_id=\"26615\" data-filter-delay=\"1000\" aria-label=\"4\u65b0cx\u5efa XLSX \u5de5\u4f5c\u8868 (2).csv\"            id=\"footable_26615\"\n           data-unique_identifier=\"ninja_table_unique_id_430067522_26615\"\n           class=\"foo-table ninja_footable foo_table_26615 ninja_table_unique_id_430067522_26615 ui table  nt_type_legacy_table selectable striped vertical_centered  footable-paging-right ninja_table_search_disabled ninja_table_pro\">\n                <colgroup>\n                            <col class=\"ninja_column_0\">\n                            <col class=\"ninja_column_1\">\n                    <\/colgroup>\n        <thead>\n<tr class=\"footable-header\">\n                                        <th scope=\"col\"  class=\"ninja_column_0 ninja_clmn_nm_parameters\">Par\u00e2metros<\/th><th scope=\"col\"  class=\"ninja_column_1 ninja_clmn_nm_values\">valores<\/th><\/tr>\n<\/thead>\n<tbody>\n\n        <tr data-row_id=\"583\" class=\"ninja_table_row_0 nt_row_id_583\">\n            <td>Tipo de contagem do medidor<\/td><td>Contador de medidor de esteira<\/td>        <\/tr>\n            <tr data-row_id=\"584\" class=\"ninja_table_row_1 nt_row_id_584\">\n            <td>M\u00e9todo de contagem do medidor<\/td><td>Acionamento por esteira\/lagarta<\/td>        <\/tr>\n            <tr data-row_id=\"585\" class=\"ninja_table_row_2 nt_row_id_585\">\n            <td>Par\u00e2metros da roda m\u00e9trica<\/td><td>sem<\/td>        <\/tr>\n            <tr data-row_id=\"586\" class=\"ninja_table_row_3 nt_row_id_586\">\n            <td>Par\u00e2metros da roda s\u00edncrona<\/td><td>5M5030<\/td>        <\/tr>\n            <tr data-row_id=\"587\" class=\"ninja_table_row_4 nt_row_id_587\">\n            <td>Par\u00e2metros da roda s\u00edncrona<\/td><td>HTD480- 5M<\/td>        <\/tr>\n            <tr data-row_id=\"588\" class=\"ninja_table_row_5 nt_row_id_588\">\n            <td>Alcance do medidor<\/td><td>1-30 mm 0,1-50 mm<\/td>        <\/tr>\n            <tr data-row_id=\"589\" class=\"ninja_table_row_6 nt_row_id_589\">\n            <td>escopo de toler\u00e2ncia<\/td><td>1 \u2030<\/td>        <\/tr>\n            <tr data-row_id=\"590\" class=\"ninja_table_row_7 nt_row_id_590\">\n            <td>velocidade de medi\u00e7\u00e3o<\/td><td>200m\/min<\/td>        <\/tr>\n            <tr data-row_id=\"591\" class=\"ninja_table_row_8 nt_row_id_591\">\n            <td>M\u00e9todo de compress\u00e3o<\/td><td>manivela tensionada<\/td>        <\/tr>\n            <tr data-row_id=\"592\" class=\"ninja_table_row_9 nt_row_id_592\">\n            <td>M\u00e9todo de exibi\u00e7\u00e3o<\/td><td>medidor de exibi\u00e7\u00e3o eletr\u00f4nica<\/td>        <\/tr>\n            <tr data-row_id=\"593\" class=\"ninja_table_row_10 nt_row_id_593\">\n            <td>Altura central<\/td><td>Ajust\u00e1vel dentro da faixa de 300-1050mm<\/td>        <\/tr>\n            <tr data-row_id=\"594\" class=\"ninja_table_row_11 nt_row_id_594\">\n            <td>M\u00e9todo de medi\u00e7\u00e3o<\/td><td>Codificador ou indu\u00e7\u00e3o pode ser usado<\/td>        <\/tr>\n            <tr data-row_id=\"595\" class=\"ninja_table_row_12 nt_row_id_595\">\n            <td>dire\u00e7\u00e3o de entrada<\/td><td>Guia de ajuste do rolo dianteiro e traseiro para dentro e para fora<\/td>        <\/tr>\n            <tr data-row_id=\"596\" class=\"ninja_table_row_13 nt_row_id_596\">\n            <td>R\u00e9gua de apar\u00eancia geral<\/td><td>580*330*320mm<\/td>        <\/tr>\n    <\/tbody><!--ninja_tobody_rendering_done-->\n    <\/table>\n    \n    \n    \n<\/div>\n<\/p>\n<div class=\"xiaoshujiang_element xsj_anchor\"><a class=\"blank_anchor_name\" name=\"applications_1\"><\/a><a id=\"applications_1\" class=\"blank_anchor_id\"><\/a><a class=\"blank_anchor_name\" name=\"applications\"><\/a><a id=\"applications\" class=\"blank_anchor_id\"><\/a><\/div>\n<h2 id=\"applications_1\" class=\"xsj_heading_hash xsj_heading xsj_heading_h2\" data-source-line=\"2\" data-source-line-display=\"true\"><span class=\"xsj_heading_content\">Formul\u00e1rios:<\/span><\/h2>\n<p class=\"xsj_paragraph xsj_paragraph_level_0\" data-source-line=\"4\" data-source-line-display=\"true\">O contador de medidor de fio e cabo de esteira atende a v\u00e1rios setores, incluindo el\u00e9trico, automotivo, telecomunica\u00e7\u00f5es e muito mais. \u00c9 amplamente utilizado para medir o comprimento de fios e cabos durante a fabrica\u00e7\u00e3o, garantindo medi\u00e7\u00f5es consistentes e precisas para a qualidade ideal do produto.<\/p>\n<div class=\"xiaoshujiang_element xsj_anchor\"><a class=\"blank_anchor_name\" name=\"measuring20principle_2\"><\/a><a id=\"measuring20principle_2\" class=\"blank_anchor_id\"><\/a><a class=\"blank_anchor_name\" name=\"measuring-principle\"><\/a><a id=\"measuring-principle\" class=\"blank_anchor_id\"><\/a><\/div>\n<h2 id=\"measuring20principle_2\" class=\"xsj_heading_hash xsj_heading xsj_heading_h2\" data-source-line=\"6\" data-source-line-display=\"true\"><span class=\"xsj_heading_content\">Princ\u00edpio de medi\u00e7\u00e3o:<\/span><\/h2>\n<p class=\"xsj_paragraph xsj_paragraph_level_0\" data-source-line=\"8\" data-source-line-display=\"true\">O contador de medidor de fio e cabo de esteira usa um m\u00e9todo de acionamento de esteira\/lagarta para medir o comprimento do fio e do cabo. O mecanismo de compress\u00e3o garante que o fio seja tensionado corretamente e o medidor de exibi\u00e7\u00e3o eletr\u00f4nico fornece leituras claras e precisas. Al\u00e9m disso, a altura central ajust\u00e1vel e o ajuste dos rolos dianteiro e traseiro garantem que o fio seja posicionado corretamente para medi\u00e7\u00f5es exatas.<\/p>\n<div class=\"xiaoshujiang_element xsj_anchor\"><a class=\"blank_anchor_name\" name=\"faqs_3\"><\/a><a id=\"faqs_3\" class=\"blank_anchor_id\"><\/a><a class=\"blank_anchor_name\" name=\"faqs\"><\/a><a id=\"faqs\" class=\"blank_anchor_id\"><\/a><\/div>","protected":false},"excerpt":{"rendered":"<h2 id=\"features_1\" class=\"xsj_heading_hash xsj_heading xsj_heading_h2\" data-source-line=\"2\" data-source-line-display=\"true\"><span class=\"xsj_heading_content\">Caracter\u00edsticas:<\/span><\/h2>\n<ol class=\"markdown_ol\" data-source-line=\"4\">\n<li data-source-line=\"4\">O contador de medidores de fios e cabos de esteira foi projetado para medir uma ampla gama de di\u00e2metros de fios e cabos, variando de 1 a 30 mm a 0,1 a 50 mm.<\/li>\n<li data-source-line=\"5\">Possui um escopo de alta toler\u00e2ncia de 1\u2030, garantindo resultados de medi\u00e7\u00e3o precisos.<\/li>\n<li data-source-line=\"6\">O dispositivo apresenta uma constru\u00e7\u00e3o robusta e dur\u00e1vel, tornando-o adequado para uso a longo prazo.<\/li>\n<li data-source-line=\"7\">Possui dois m\u00e9todos de medi\u00e7\u00e3o, encoder ou indu\u00e7\u00e3o, que podem ser usados de acordo com suas necessidades espec\u00edficas.<\/li>\n<li data-source-line=\"8\">A altura central ajust\u00e1vel e o ajuste dos rolos dianteiro e traseiro proporcionam um posicionamento f\u00e1cil e suave do fio e do cabo.<\/li>\n<\/ol>","protected":false},"featured_media":26687,"template":"","meta":{"site-sidebar-layout":"default","site-content-layout":"default","ast-global-header-display":"","ast-banner-title-visibility":"","ast-main-header-display":"","ast-hfb-above-header-display":"","ast-hfb-below-header-display":"","ast-hfb-mobile-header-display":"","site-post-title":"","ast-breadcrumbs-content":"","ast-featured-img":"","footer-sml-layout":"","theme-transparent-header-meta":"default","adv-header-id-meta":"","stick-header-meta":"","header-above-stick-meta":"","header-main-stick-meta":"","header-below-stick-meta":""},"product_brand":[],"product_cat":[59],"product_tag":[],"class_list":{"0":"post-26613","1":"product","2":"type-product","3":"status-publish","4":"has-post-thumbnail","6":"product_cat-length-measuring-instrument","7":"desktop-align-left","8":"tablet-align-left","9":"mobile-align-left","11":"first","12":"instock","13":"shipping-taxable","14":"product-type-simple"},"yoast_head":"<!-- This site is optimized with the Yoast SEO Premium plugin v20.12 (Yoast SEO v26.0) - https:\/\/yoast.com\/wordpress\/plugins\/seo\/ -->\n<title>Crawler Wire And Cable Meter Counter - QiPang<\/title>\n<meta name=\"description\" content=\"Get accurate measurements every time with Crawler Wire Meter Counter - reliable, versatile, and easy-to-use. Upgrade your wire production today!\" \/>\n<meta name=\"robots\" content=\"index, follow, max-snippet:-1, max-image-preview:large, max-video-preview:-1\" \/>\n<link rel=\"canonical\" href=\"https:\/\/rollingringdrives.com\/pt\/produtos\/contador-de-medidor-de-fio-e-cabo-rastreador\/\" \/>\n<meta property=\"og:locale\" content=\"pt_PT\" \/>\n<meta property=\"og:type\" content=\"article\" \/>\n<meta property=\"og:title\" content=\"Crawler Wire And Cable Meter Counter\" \/>\n<meta property=\"og:description\" content=\"Get accurate measurements every time with Crawler Wire Meter Counter - reliable, versatile, and easy-to-use. Upgrade your wire production today!\" \/>\n<meta property=\"og:url\" content=\"https:\/\/rollingringdrives.com\/pt\/produtos\/contador-de-medidor-de-fio-e-cabo-rastreador\/\" \/>\n<meta property=\"og:site_name\" content=\"QiPang\" \/>\n<meta property=\"article:modified_time\" content=\"2023-07-04T00:35:57+00:00\" \/>\n<meta property=\"og:image\" content=\"https:\/\/rollingringdrives.com\/wp-content\/uploads\/2023\/05\/1-47.jpg\" \/>\n\t<meta property=\"og:image:width\" content=\"600\" \/>\n\t<meta property=\"og:image:height\" content=\"600\" \/>\n\t<meta property=\"og:image:type\" content=\"image\/jpeg\" \/>\n<meta name=\"twitter:card\" content=\"summary_large_image\" \/>\n<meta name=\"twitter:label1\" content=\"Est. reading time\" \/>\n\t<meta name=\"twitter:data1\" content=\"1 minuto\" \/>\n<script type=\"application\/ld+json\" class=\"yoast-schema-graph\">{\"@context\":\"https:\/\/schema.org\",\"@graph\":[{\"@type\":\"WebPage\",\"@id\":\"https:\/\/rollingringdrives.com\/product\/crawler-wire-and-cable-meter-counter\/\",\"url\":\"https:\/\/rollingringdrives.com\/product\/crawler-wire-and-cable-meter-counter\/\",\"name\":\"Crawler Wire And Cable Meter Counter - QiPang\",\"isPartOf\":{\"@id\":\"https:\/\/rollingringdrives.com\/#website\"},\"primaryImageOfPage\":{\"@id\":\"https:\/\/rollingringdrives.com\/product\/crawler-wire-and-cable-meter-counter\/#primaryimage\"},\"image\":{\"@id\":\"https:\/\/rollingringdrives.com\/product\/crawler-wire-and-cable-meter-counter\/#primaryimage\"},\"thumbnailUrl\":\"https:\/\/rollingringdrives.com\/wp-content\/uploads\/2023\/05\/1-47.jpg\",\"datePublished\":\"2023-05-27T04:55:27+00:00\",\"dateModified\":\"2023-07-04T00:35:57+00:00\",\"description\":\"Get accurate measurements every time with Crawler Wire Meter Counter - reliable, versatile, and easy-to-use. Upgrade your wire production today!\",\"breadcrumb\":{\"@id\":\"https:\/\/rollingringdrives.com\/product\/crawler-wire-and-cable-meter-counter\/#breadcrumb\"},\"inLanguage\":\"pt-PT\",\"potentialAction\":[{\"@type\":\"ReadAction\",\"target\":[\"https:\/\/rollingringdrives.com\/product\/crawler-wire-and-cable-meter-counter\/\"]}]},{\"@type\":\"ImageObject\",\"inLanguage\":\"pt-PT\",\"@id\":\"https:\/\/rollingringdrives.com\/product\/crawler-wire-and-cable-meter-counter\/#primaryimage\",\"url\":\"https:\/\/rollingringdrives.com\/wp-content\/uploads\/2023\/05\/1-47.jpg\",\"contentUrl\":\"https:\/\/rollingringdrives.com\/wp-content\/uploads\/2023\/05\/1-47.jpg\",\"width\":600,\"height\":600,\"caption\":\"Crawler Wire And Cable Meter Counter\"},{\"@type\":\"BreadcrumbList\",\"@id\":\"https:\/\/rollingringdrives.com\/product\/crawler-wire-and-cable-meter-counter\/#breadcrumb\",\"itemListElement\":[{\"@type\":\"ListItem\",\"position\":1,\"name\":\"Home\",\"item\":\"https:\/\/rollingringdrives.com\/\"},{\"@type\":\"ListItem\",\"position\":2,\"name\":\"Machines\",\"item\":\"https:\/\/rollingringdrives.com\/machines\/\"},{\"@type\":\"ListItem\",\"position\":3,\"name\":\"Crawler Wire And Cable Meter Counter\"}]},{\"@type\":\"WebSite\",\"@id\":\"https:\/\/rollingringdrives.com\/#website\",\"url\":\"https:\/\/rollingringdrives.com\/\",\"name\":\"QiPang\",\"description\":\"QiPang Blog\",\"publisher\":{\"@id\":\"https:\/\/rollingringdrives.com\/#organization\"},\"potentialAction\":[{\"@type\":\"SearchAction\",\"target\":{\"@type\":\"EntryPoint\",\"urlTemplate\":\"https:\/\/rollingringdrives.com\/?s={search_term_string}\"},\"query-input\":{\"@type\":\"PropertyValueSpecification\",\"valueRequired\":true,\"valueName\":\"search_term_string\"}}],\"inLanguage\":\"pt-PT\"},{\"@type\":\"Organization\",\"@id\":\"https:\/\/rollingringdrives.com\/#organization\",\"name\":\"QiPang\",\"url\":\"https:\/\/rollingringdrives.com\/\",\"logo\":{\"@type\":\"ImageObject\",\"inLanguage\":\"pt-PT\",\"@id\":\"https:\/\/rollingringdrives.com\/#\/schema\/logo\/image\/\",\"url\":\"https:\/\/rollingringdrives.com\/wp-content\/uploads\/2023\/05\/cropped-\u672a\u547d\u540d\u7684\u8bbe\u8ba1.png\",\"contentUrl\":\"https:\/\/rollingringdrives.com\/wp-content\/uploads\/2023\/05\/cropped-\u672a\u547d\u540d\u7684\u8bbe\u8ba1.png\",\"width\":300,\"height\":191,\"caption\":\"QiPang\"},\"image\":{\"@id\":\"https:\/\/rollingringdrives.com\/#\/schema\/logo\/image\/\"}}]}<\/script>\n<!-- \/ Yoast SEO Premium plugin. -->","yoast_head_json":{"title":"Contador de medidor de fio e cabo de esteira - QiPang","description":"Obtenha medi\u00e7\u00f5es precisas sempre com o contador de medidores de fio de esteira - confi\u00e1vel, vers\u00e1til e f\u00e1cil de usar. Atualize sua produ\u00e7\u00e3o de arame hoje!","robots":{"index":"index","follow":"follow","max-snippet":"max-snippet:-1","max-image-preview":"max-image-preview:large","max-video-preview":"max-video-preview:-1"},"canonical":"https:\/\/rollingringdrives.com\/pt\/produtos\/contador-de-medidor-de-fio-e-cabo-rastreador\/","og_locale":"pt_PT","og_type":"article","og_title":"Crawler Wire And Cable Meter Counter","og_description":"Get accurate measurements every time with Crawler Wire Meter Counter - reliable, versatile, and easy-to-use. Upgrade your wire production today!","og_url":"https:\/\/rollingringdrives.com\/pt\/produtos\/contador-de-medidor-de-fio-e-cabo-rastreador\/","og_site_name":"QiPang","article_modified_time":"2023-07-04T00:35:57+00:00","og_image":[{"width":600,"height":600,"url":"https:\/\/rollingringdrives.com\/wp-content\/uploads\/2023\/05\/1-47.jpg","type":"image\/jpeg"}],"twitter_card":"summary_large_image","twitter_misc":{"Est. reading time":"1 minuto"},"schema":{"@context":"https:\/\/schema.org","@graph":[{"@type":"WebPage","@id":"https:\/\/rollingringdrives.com\/product\/crawler-wire-and-cable-meter-counter\/","url":"https:\/\/rollingringdrives.com\/product\/crawler-wire-and-cable-meter-counter\/","name":"Contador de medidor de fio e cabo de esteira - QiPang","isPartOf":{"@id":"https:\/\/rollingringdrives.com\/#website"},"primaryImageOfPage":{"@id":"https:\/\/rollingringdrives.com\/product\/crawler-wire-and-cable-meter-counter\/#primaryimage"},"image":{"@id":"https:\/\/rollingringdrives.com\/product\/crawler-wire-and-cable-meter-counter\/#primaryimage"},"thumbnailUrl":"https:\/\/rollingringdrives.com\/wp-content\/uploads\/2023\/05\/1-47.jpg","datePublished":"2023-05-27T04:55:27+00:00","dateModified":"2023-07-04T00:35:57+00:00","description":"Obtenha medi\u00e7\u00f5es precisas sempre com o contador de medidores de fio de esteira - confi\u00e1vel, vers\u00e1til e f\u00e1cil de usar. Atualize sua produ\u00e7\u00e3o de arame hoje!","breadcrumb":{"@id":"https:\/\/rollingringdrives.com\/product\/crawler-wire-and-cable-meter-counter\/#breadcrumb"},"inLanguage":"pt-PT","potentialAction":[{"@type":"ReadAction","target":["https:\/\/rollingringdrives.com\/product\/crawler-wire-and-cable-meter-counter\/"]}]},{"@type":"ImageObject","inLanguage":"pt-PT","@id":"https:\/\/rollingringdrives.com\/product\/crawler-wire-and-cable-meter-counter\/#primaryimage","url":"https:\/\/rollingringdrives.com\/wp-content\/uploads\/2023\/05\/1-47.jpg","contentUrl":"https:\/\/rollingringdrives.com\/wp-content\/uploads\/2023\/05\/1-47.jpg","width":600,"height":600,"caption":"Crawler Wire And Cable Meter Counter"},{"@type":"BreadcrumbList","@id":"https:\/\/rollingringdrives.com\/product\/crawler-wire-and-cable-meter-counter\/#breadcrumb","itemListElement":[{"@type":"ListItem","position":1,"name":"Home","item":"https:\/\/rollingringdrives.com\/"},{"@type":"ListItem","position":2,"name":"Machines","item":"https:\/\/rollingringdrives.com\/machines\/"},{"@type":"ListItem","position":3,"name":"Crawler Wire And Cable Meter Counter"}]},{"@type":"WebSite","@id":"https:\/\/rollingringdrives.com\/#website","url":"https:\/\/rollingringdrives.com\/","name":"QiPangName","description":"Blog QiPang","publisher":{"@id":"https:\/\/rollingringdrives.com\/#organization"},"potentialAction":[{"@type":"SearchAction","target":{"@type":"EntryPoint","urlTemplate":"https:\/\/rollingringdrives.com\/?s={search_term_string}"},"query-input":{"@type":"PropertyValueSpecification","valueRequired":true,"valueName":"search_term_string"}}],"inLanguage":"pt-PT"},{"@type":"Organization","@id":"https:\/\/rollingringdrives.com\/#organization","name":"QiPangName","url":"https:\/\/rollingringdrives.com\/","logo":{"@type":"ImageObject","inLanguage":"pt-PT","@id":"https:\/\/rollingringdrives.com\/#\/schema\/logo\/image\/","url":"https:\/\/rollingringdrives.com\/wp-content\/uploads\/2023\/05\/cropped-\u672a\u547d\u540d\u7684\u8bbe\u8ba1.png","contentUrl":"https:\/\/rollingringdrives.com\/wp-content\/uploads\/2023\/05\/cropped-\u672a\u547d\u540d\u7684\u8bbe\u8ba1.png","width":300,"height":191,"caption":"QiPang"},"image":{"@id":"https:\/\/rollingringdrives.com\/#\/schema\/logo\/image\/"}}]}},"_links":{"self":[{"href":"https:\/\/rollingringdrives.com\/pt\/wp-json\/wp\/v2\/product\/26613","targetHints":{"allow":["GET"]}}],"collection":[{"href":"https:\/\/rollingringdrives.com\/pt\/wp-json\/wp\/v2\/product"}],"about":[{"href":"https:\/\/rollingringdrives.com\/pt\/wp-json\/wp\/v2\/types\/product"}],"version-history":[{"count":0,"href":"https:\/\/rollingringdrives.com\/pt\/wp-json\/wp\/v2\/product\/26613\/revisions"}],"wp:featuredmedia":[{"embeddable":true,"href":"https:\/\/rollingringdrives.com\/pt\/wp-json\/wp\/v2\/media\/26687"}],"wp:attachment":[{"href":"https:\/\/rollingringdrives.com\/pt\/wp-json\/wp\/v2\/media?parent=26613"}],"wp:term":[{"taxonomy":"product_brand","embeddable":true,"href":"https:\/\/rollingringdrives.com\/pt\/wp-json\/wp\/v2\/product_brand?post=26613"},{"taxonomy":"product_cat","embeddable":true,"href":"https:\/\/rollingringdrives.com\/pt\/wp-json\/wp\/v2\/product_cat?post=26613"},{"taxonomy":"product_tag","embeddable":true,"href":"https:\/\/rollingringdrives.com\/pt\/wp-json\/wp\/v2\/product_tag?post=26613"}],"curies":[{"name":"wp","href":"https:\/\/api.w.org\/{rel}","templated":true}]}}