{"id":26655,"date":"2023-05-27T07:20:55","date_gmt":"2023-05-27T07:20:55","guid":{"rendered":"https:\/\/rollingringdrives.com\/?post_type=product&#038;p=26655"},"modified":"2024-05-13T09:17:57","modified_gmt":"2024-05-13T09:17:57","slug":"25kv-power-frequency-cable-spark-test-machine","status":"publish","type":"product","link":"https:\/\/rollingringdrives.com\/pt\/produtos\/25kv-power-frequency-cable-spark-test-machine\/","title":{"rendered":"M\u00e1quina de fa\u00edsca de frequ\u00eancia de energia 25KV"},"content":{"rendered":"<p class=\"xsj_paragraph xsj_paragraph_level_0\" data-source-line=\"0\" data-source-line-display=\"true\">A m\u00e1quina de fa\u00edsca de frequ\u00eancia de energia de 25kv \u00e9 um dispositivo especializado projetado para detectar a qualidade de fios e cabos. Com a capacidade de testar fios de diversos di\u00e2metros e comprimentos, esta m\u00e1quina garante que o produto atenda aos padr\u00f5es exigidos especificados em diversas normas nacionais e internacionais. Sua tens\u00e3o de detec\u00e7\u00e3o varia de at\u00e9 15KV, permitindo detectar os menores defeitos ou falhas nos fios dos cabos.<\/p>\n<p data-source-line=\"0\" data-source-line-display=\"true\"><div id=\"footable_parent_26657\"\n         class=\"footable_parent ninja_table_wrapper loading_ninja_table wp_table_data_press_parent semantic_ui\">\n                <table data-ninja_table_instance=\"ninja_table_instance_0\" data-footable_id=\"26657\" data-filter-delay=\"1000\" aria-label=\"6\u65b0cx\u5efa XLSX \u5de5\u4f5c\u8868 (2).csv( Duplicate )\"            id=\"footable_26657\"\n           data-unique_identifier=\"ninja_table_unique_id_1914598411_26657\"\n           class=\"foo-table ninja_footable foo_table_26657 ninja_table_unique_id_1914598411_26657 ui table  nt_type_legacy_table selectable striped vertical_centered  footable-paging-right ninja_table_search_disabled ninja_table_pro\">\n                <colgroup>\n                            <col class=\"ninja_column_0\">\n                            <col class=\"ninja_column_1\">\n                    <\/colgroup>\n        <thead>\n<tr class=\"footable-header\">\n                                        <th scope=\"col\"  class=\"ninja_column_0 ninja_clmn_nm_parameters\">Par\u00e2metros<\/th><th scope=\"col\"  class=\"ninja_column_1 ninja_clmn_nm_values\">valores<\/th><\/tr>\n<\/thead>\n<tbody>\n\n        <tr data-row_id=\"618\" class=\"ninja_table_row_0 nt_row_id_618\">\n            <td>Tens\u00e3o de detec\u00e7\u00e3o<\/td><td>0-25KV<\/td>        <\/tr>\n            <tr data-row_id=\"619\" class=\"ninja_table_row_1 nt_row_id_619\">\n            <td>Altura do centro do solo da linha<\/td><td>850-1050MM (+ 15% ajust\u00e1vel)<\/td>        <\/tr>\n            <tr data-row_id=\"620\" class=\"ninja_table_row_2 nt_row_id_620\">\n            <td>Tamanho do eletrodo<\/td><td>tambor \u03c630*120mm<\/td>        <\/tr>\n            <tr data-row_id=\"621\" class=\"ninja_table_row_3 nt_row_id_621\">\n            <td>Velocidade m\u00e1xima da linha de assunto<\/td><td>GB5=30-40m\/min<\/td>        <\/tr>\n            <tr data-row_id=\"622\" class=\"ninja_table_row_4 nt_row_id_622\">\n            <td>Largura m\u00e1xima do pedido verificado<\/td><td>\u03c6120<\/td>        <\/tr>\n            <tr data-row_id=\"623\" class=\"ninja_table_row_5 nt_row_id_623\">\n            <td>Cabe\u00e7a do eletrodo de teste de alta tens\u00e3o<\/td><td>escova de cobre, escova de carv\u00e3o, tambor<\/td>        <\/tr>\n            <tr data-row_id=\"624\" class=\"ninja_table_row_6 nt_row_id_624\">\n            <td>Peso<\/td><td>190KG<\/td>        <\/tr>\n            <tr data-row_id=\"625\" class=\"ninja_table_row_7 nt_row_id_625\">\n            <td>Tamanho<\/td><td>1040*590*1300MM<\/td>        <\/tr>\n    <\/tbody><!--ninja_tobody_rendering_done-->\n    <\/table>\n    \n    \n    \n<\/div>\n<\/p>\n<div class=\"xiaoshujiang_element xsj_anchor\"><a class=\"blank_anchor_name\" name=\"applications_1\"><\/a><a id=\"applications_1\" class=\"blank_anchor_id\"><\/a><a class=\"blank_anchor_name\" name=\"applications\"><\/a><a id=\"applications\" class=\"blank_anchor_id\"><\/a><\/div>\n<h2 id=\"applications_1\" class=\"xsj_heading_hash xsj_heading xsj_heading_h2\" data-source-line=\"2\" data-source-line-display=\"true\"><span class=\"xsj_heading_content\">Formul\u00e1rios:<\/span><\/h2>\n<p class=\"xsj_paragraph xsj_paragraph_level_0\" data-source-line=\"4\" data-source-line-display=\"true\">A m\u00e1quina de teste de fa\u00edsca de cabo de frequ\u00eancia de energia \u00e9 comumente usada em engenharia el\u00e9trica, empresas de fabrica\u00e7\u00e3o de cabos e fios e empresas de fornecimento de energia. Ajuda a detectar falhas nos cabos, que podem comprometer sua confiabilidade e desempenho. Com esta m\u00e1quina, os fabricantes podem garantir que seus produtos atendam aos padr\u00f5es relevantes e sejam seguros de usar.<\/p>\n<div class=\"xiaoshujiang_element xsj_anchor\"><a class=\"blank_anchor_name\" name=\"measuring20principle_2\"><\/a><a id=\"measuring20principle_2\" class=\"blank_anchor_id\"><\/a><a class=\"blank_anchor_name\" name=\"measuring-principle\"><\/a><a id=\"measuring-principle\" class=\"blank_anchor_id\"><\/a><\/div>\n<h2 id=\"measuring20principle_2\" class=\"xsj_heading_hash xsj_heading xsj_heading_h2\" data-source-line=\"6\" data-source-line-display=\"true\"><span class=\"xsj_heading_content\">Princ\u00edpio de medi\u00e7\u00e3o:<\/span><\/h2>\n<p class=\"xsj_paragraph xsj_paragraph_level_0\" data-source-line=\"8\" data-source-line-display=\"true\">O princ\u00edpio de medi\u00e7\u00e3o da m\u00e1quina de teste de centelha de cabo de frequ\u00eancia de energia \u00e9 baseado em princ\u00edpios de teste de alta tens\u00e3o. A m\u00e1quina gera uma corrente de alta tens\u00e3o que passa pelo cabo ou fio que est\u00e1 sendo testado. Quaisquer defeitos ou falhas no cabo provocam uma fa\u00edsca, detectada pelo dispositivo e indicada como avaria.<\/p>\n<h3 id=\"implementation20of20relevant20standards_1\" class=\"xsj_heading_hash xsj_heading xsj_heading_h3\" data-source-line=\"0\" data-source-line-display=\"true\"><span class=\"xsj_heading_content\">Implementa\u00e7\u00e3o de padr\u00f5es relevantes:<\/span><\/h3>\n<p class=\"xsj_paragraph xsj_paragraph_level_0\" data-source-line=\"2\" data-source-line-display=\"true\">GB\/3048 9-94 JB\/T4278 10-19JJF1659-1999, VD0281, EN50356 e BS5099.<br \/>\nCCC e outras normas nacionais aplic\u00e1veis. A sensibilidade de detec\u00e7\u00e3o \u00e9 \u2264 600UA.<\/p>\n<p class=\"xsj_paragraph xsj_paragraph_level_0\" data-source-line=\"5\" data-source-line-display=\"true\">Est\u00e1 de acordo com as normas estrangeiras relevantes, como UL1581-1990, VDE, etc.<\/p>\n<div class=\"xiaoshujiang_element xsj_anchor\"><a class=\"blank_anchor_name\" name=\"faqs_3\"><\/a><a id=\"faqs_3\" class=\"blank_anchor_id\"><\/a><a class=\"blank_anchor_name\" name=\"faqs\"><\/a><a id=\"faqs\" class=\"blank_anchor_id\"><\/a><\/div>\n<h2 id=\"faqs_3\" class=\"xsj_heading_hash xsj_heading xsj_heading_h2\" data-source-line=\"10\" data-source-line-display=\"true\"><span class=\"xsj_heading_content\">Perguntas frequentes:<\/span><\/h2>\n<div class=\"xiaoshujiang_element xsj_anchor\"><a class=\"blank_anchor_name\" name=\"120what20is20the20voltage20range20of20the20power20frequency20cable20spark20test20machine_4\"><\/a><a id=\"120what20is20the20voltage20range20of20the20power20frequency20cable20spark20test20machine_4\" class=\"blank_anchor_id\"><\/a><a class=\"blank_anchor_name\" name=\"1-what-is-the-voltage-range-of-the-power-frequency-cable-spark-test-machine\"><\/a><a id=\"1-what-is-the-voltage-range-of-the-power-frequency-cable-spark-test-machine\" class=\"blank_anchor_id\"><\/a><\/div>\n<h4 id=\"120what20is20the20voltage20range20of20the20power20frequency20cable20spark20test20machine_4\" class=\"xsj_heading_hash xsj_heading xsj_heading_h4\" data-source-line=\"12\" data-source-line-display=\"true\"><span class=\"xsj_heading_content\">1. Qual \u00e9 a faixa de tens\u00e3o da m\u00e1quina de teste de centelha de cabo de frequ\u00eancia de energia?<\/span><\/h4>\n<p class=\"xsj_paragraph xsj_paragraph_level_0\" data-source-line=\"14\" data-source-line-display=\"true\">A tens\u00e3o de detec\u00e7\u00e3o da m\u00e1quina varia at\u00e9 15KV.<\/p>\n<div class=\"xiaoshujiang_element xsj_anchor\"><a class=\"blank_anchor_name\" name=\"220what20are20the20applications20of20the20machine_5\"><\/a><a id=\"220what20are20the20applications20of20the20machine_5\" class=\"blank_anchor_id\"><\/a><a class=\"blank_anchor_name\" name=\"2-what-are-the-applications-of-the-machine\"><\/a><a id=\"2-what-are-the-applications-of-the-machine\" class=\"blank_anchor_id\"><\/a><\/div>\n<h4 id=\"220what20are20the20applications20of20the20machine_5\" class=\"xsj_heading_hash xsj_heading xsj_heading_h4\" data-source-line=\"16\" data-source-line-display=\"true\"><span class=\"xsj_heading_content\">2. Quais s\u00e3o as aplica\u00e7\u00f5es da m\u00e1quina?<\/span><\/h4>\n<p class=\"xsj_paragraph xsj_paragraph_level_0\" data-source-line=\"18\" data-source-line-display=\"true\">A m\u00e1quina \u00e9 comumente usada em engenharia el\u00e9trica, fabrica\u00e7\u00e3o de cabos e fios e empresas de fornecimento de energia.<\/p>\n<div class=\"xiaoshujiang_element xsj_anchor\"><a class=\"blank_anchor_name\" name=\"320how20does20the20machine20detect20faults20in20the20cables_6\"><\/a><a id=\"320how20does20the20machine20detect20faults20in20the20cables_6\" class=\"blank_anchor_id\"><\/a><a class=\"blank_anchor_name\" name=\"3-how-does-the-machine-detect-faults-in-the-cables\"><\/a><a id=\"3-how-does-the-machine-detect-faults-in-the-cables\" class=\"blank_anchor_id\"><\/a><\/div>\n<h4 id=\"320how20does20the20machine20detect20faults20in20the20cables_6\" class=\"xsj_heading_hash xsj_heading xsj_heading_h4\" data-source-line=\"20\" data-source-line-display=\"true\"><span class=\"xsj_heading_content\">3. Como a m\u00e1quina detecta falhas nos cabos?<\/span><\/h4>\n<p class=\"xsj_paragraph xsj_paragraph_level_0\" data-source-line=\"22\" data-source-line-display=\"true\">A m\u00e1quina gera uma corrente de alta tens\u00e3o e qualquer falha no cabo causa uma fa\u00edsca, que \u00e9 detectada pelo dispositivo e sinalizada como uma falha.<\/p>\n<div class=\"xiaoshujiang_element xsj_anchor\"><a class=\"blank_anchor_name\" name=\"420does20the20machine20shut20down20automatically20in20case20of20a20breakdown_7\"><\/a><a id=\"420does20the20machine20shut20down20automatically20in20case20of20a20breakdown_7\" class=\"blank_anchor_id\"><\/a><a class=\"blank_anchor_name\" name=\"4-does-the-machine-shut-down-automatically-in-case-of-a-breakdown\"><\/a><a id=\"4-does-the-machine-shut-down-automatically-in-case-of-a-breakdown\" class=\"blank_anchor_id\"><\/a><\/div>\n<h4 id=\"420does20the20machine20shut20down20automatically20in20case20of20a20breakdown_7\" class=\"xsj_heading_hash xsj_heading xsj_heading_h4\" data-source-line=\"24\" data-source-line-display=\"true\"><span class=\"xsj_heading_content\">4. A m\u00e1quina desliga automaticamente em caso de avaria?<\/span><\/h4>\n<p class=\"xsj_paragraph xsj_paragraph_level_0\" data-source-line=\"26\" data-source-line-display=\"true\">Sim, a m\u00e1quina foi projetada para desligar automaticamente para evitar mais danos em caso de avaria.<\/p>\n<div class=\"xiaoshujiang_element xsj_anchor\"><a class=\"blank_anchor_name\" name=\"520can20the20machine20test20wires20of20different20diameters_8\"><\/a><a id=\"520can20the20machine20test20wires20of20different20diameters_8\" class=\"blank_anchor_id\"><\/a><a class=\"blank_anchor_name\" name=\"5-can-the-machine-test-wires-of-different-diameters\"><\/a><a id=\"5-can-the-machine-test-wires-of-different-diameters\" class=\"blank_anchor_id\"><\/a><\/div>\n<h4 id=\"520can20the20machine20test20wires20of20different20diameters_8\" class=\"xsj_heading_hash xsj_heading xsj_heading_h4\" data-source-line=\"28\" data-source-line-display=\"true\"><span class=\"xsj_heading_content\">5. A m\u00e1quina pode testar fios de diferentes di\u00e2metros?<\/span><\/h4>\n<p class=\"xsj_paragraph xsj_paragraph_level_0\" data-source-line=\"30\" data-source-line-display=\"true\">Sim, a m\u00e1quina \u00e9 flex\u00edvel e pode testar diferentes tipos de cabos e fios de diferentes di\u00e2metros.<\/p>","protected":false},"excerpt":{"rendered":"<h2 id=\"features_1\" class=\"xsj_heading_hash xsj_heading xsj_heading_h2\" data-source-line=\"2\" data-source-line-display=\"true\"><span class=\"xsj_heading_content\">Caracter\u00edsticas:<\/span><\/h2>\n<ol class=\"markdown_ol\" data-source-line=\"4\">\n<li data-source-line=\"4\">A m\u00e1quina de teste de fa\u00edsca de cabo de frequ\u00eancia de energia tem uma altura de centro de aterramento de linha ajust\u00e1vel de 850-1050MM.<\/li>\n<li data-source-line=\"5\">Tamanho do eletrodo de tambor o30 * 120mm e velocidade m\u00e1xima de 30-40m\/min para a linha de assunto.<\/li>\n<li data-source-line=\"6\">Largura m\u00e1xima de 0120, com cabe\u00e7ote de eletrodo de teste de alta tens\u00e3o composto por escova de cobre, escova de carv\u00e3o e tambor.<\/li>\n<li data-source-line=\"7\">Flex\u00edvel \u2013 pode testar diferentes tipos de cabos e fios de diferentes di\u00e2metros.<\/li>\n<li data-source-line=\"7\">\u00a0M\u00e1quina de teste de fa\u00edsca de cabo de frequ\u00eancia de energia 25KV<\/li>\n<\/ol>","protected":false},"featured_media":26638,"template":"","meta":{"site-sidebar-layout":"default","site-content-layout":"default","ast-global-header-display":"","ast-banner-title-visibility":"","ast-main-header-display":"","ast-hfb-above-header-display":"","ast-hfb-below-header-display":"","ast-hfb-mobile-header-display":"","site-post-title":"","ast-breadcrumbs-content":"","ast-featured-img":"","footer-sml-layout":"","theme-transparent-header-meta":"default","adv-header-id-meta":"","stick-header-meta":"","header-above-stick-meta":"","header-main-stick-meta":"","header-below-stick-meta":""},"product_brand":[],"product_cat":[65,57],"product_tag":[],"class_list":{"0":"post-26655","1":"product","2":"type-product","3":"status-publish","4":"has-post-thumbnail","6":"product_cat-wire-and-cable-testing-equipment","7":"product_cat-cable-spark-test","8":"desktop-align-left","9":"tablet-align-left","10":"mobile-align-left","12":"first","13":"instock","14":"shipping-taxable","15":"product-type-simple"},"yoast_head":"<!-- This site is optimized with the Yoast SEO Premium plugin v20.12 (Yoast SEO v26.0) - https:\/\/yoast.com\/wordpress\/plugins\/seo\/ -->\n<title>25KV Power\u00a0Frequency\u00a0Spark\u00a0Machine - QiPang<\/title>\n<meta name=\"description\" content=\"Ensure top-quality production with Power Frequency Cable Spark Test - specialized, reliable, and accurate. Upgrade your cable quality control today!\" \/>\n<meta name=\"robots\" content=\"index, follow, max-snippet:-1, max-image-preview:large, max-video-preview:-1\" \/>\n<link rel=\"canonical\" href=\"https:\/\/rollingringdrives.com\/pt\/produtos\/25kv-power-frequency-cable-spark-test-machine\/\" \/>\n<meta property=\"og:locale\" content=\"pt_PT\" \/>\n<meta property=\"og:type\" content=\"article\" \/>\n<meta property=\"og:title\" content=\"25KV Power\u00a0Frequency\u00a0Spark\u00a0Machine\" \/>\n<meta property=\"og:description\" content=\"Ensure top-quality production with Power Frequency Cable Spark Test - specialized, reliable, and accurate. Upgrade your cable quality control today!\" \/>\n<meta property=\"og:url\" content=\"https:\/\/rollingringdrives.com\/pt\/produtos\/25kv-power-frequency-cable-spark-test-machine\/\" \/>\n<meta property=\"og:site_name\" content=\"QiPang\" \/>\n<meta property=\"article:modified_time\" content=\"2024-05-13T09:17:57+00:00\" \/>\n<meta property=\"og:image\" content=\"https:\/\/rollingringdrives.com\/wp-content\/uploads\/2023\/05\/2-45.jpg\" \/>\n\t<meta property=\"og:image:width\" content=\"600\" \/>\n\t<meta property=\"og:image:height\" content=\"600\" \/>\n\t<meta property=\"og:image:type\" content=\"image\/jpeg\" \/>\n<meta name=\"twitter:card\" content=\"summary_large_image\" \/>\n<meta name=\"twitter:label1\" content=\"Est. reading time\" \/>\n\t<meta name=\"twitter:data1\" content=\"2 minutos\" \/>\n<script type=\"application\/ld+json\" class=\"yoast-schema-graph\">{\"@context\":\"https:\/\/schema.org\",\"@graph\":[{\"@type\":\"WebPage\",\"@id\":\"https:\/\/rollingringdrives.com\/product\/25kv-power-frequency-cable-spark-test-machine\/\",\"url\":\"https:\/\/rollingringdrives.com\/product\/25kv-power-frequency-cable-spark-test-machine\/\",\"name\":\"25KV Power\u00a0Frequency\u00a0Spark\u00a0Machine - QiPang\",\"isPartOf\":{\"@id\":\"https:\/\/rollingringdrives.com\/#website\"},\"primaryImageOfPage\":{\"@id\":\"https:\/\/rollingringdrives.com\/product\/25kv-power-frequency-cable-spark-test-machine\/#primaryimage\"},\"image\":{\"@id\":\"https:\/\/rollingringdrives.com\/product\/25kv-power-frequency-cable-spark-test-machine\/#primaryimage\"},\"thumbnailUrl\":\"https:\/\/rollingringdrives.com\/wp-content\/uploads\/2023\/05\/2-45.jpg\",\"datePublished\":\"2023-05-27T07:20:55+00:00\",\"dateModified\":\"2024-05-13T09:17:57+00:00\",\"description\":\"Ensure top-quality production with Power Frequency Cable Spark Test - specialized, reliable, and accurate. Upgrade your cable quality control today!\",\"breadcrumb\":{\"@id\":\"https:\/\/rollingringdrives.com\/product\/25kv-power-frequency-cable-spark-test-machine\/#breadcrumb\"},\"inLanguage\":\"pt-PT\",\"potentialAction\":[{\"@type\":\"ReadAction\",\"target\":[\"https:\/\/rollingringdrives.com\/product\/25kv-power-frequency-cable-spark-test-machine\/\"]}]},{\"@type\":\"ImageObject\",\"inLanguage\":\"pt-PT\",\"@id\":\"https:\/\/rollingringdrives.com\/product\/25kv-power-frequency-cable-spark-test-machine\/#primaryimage\",\"url\":\"https:\/\/rollingringdrives.com\/wp-content\/uploads\/2023\/05\/2-45.jpg\",\"contentUrl\":\"https:\/\/rollingringdrives.com\/wp-content\/uploads\/2023\/05\/2-45.jpg\",\"width\":600,\"height\":600,\"caption\":\"Power Frequency Cable Spark Test Machine\"},{\"@type\":\"BreadcrumbList\",\"@id\":\"https:\/\/rollingringdrives.com\/product\/25kv-power-frequency-cable-spark-test-machine\/#breadcrumb\",\"itemListElement\":[{\"@type\":\"ListItem\",\"position\":1,\"name\":\"Home\",\"item\":\"https:\/\/rollingringdrives.com\/\"},{\"@type\":\"ListItem\",\"position\":2,\"name\":\"Machines\",\"item\":\"https:\/\/rollingringdrives.com\/machines\/\"},{\"@type\":\"ListItem\",\"position\":3,\"name\":\"25KV Power\u00a0Frequency\u00a0Spark\u00a0Machine\"}]},{\"@type\":\"WebSite\",\"@id\":\"https:\/\/rollingringdrives.com\/#website\",\"url\":\"https:\/\/rollingringdrives.com\/\",\"name\":\"QiPang\",\"description\":\"QiPang Blog\",\"publisher\":{\"@id\":\"https:\/\/rollingringdrives.com\/#organization\"},\"potentialAction\":[{\"@type\":\"SearchAction\",\"target\":{\"@type\":\"EntryPoint\",\"urlTemplate\":\"https:\/\/rollingringdrives.com\/?s={search_term_string}\"},\"query-input\":{\"@type\":\"PropertyValueSpecification\",\"valueRequired\":true,\"valueName\":\"search_term_string\"}}],\"inLanguage\":\"pt-PT\"},{\"@type\":\"Organization\",\"@id\":\"https:\/\/rollingringdrives.com\/#organization\",\"name\":\"QiPang\",\"url\":\"https:\/\/rollingringdrives.com\/\",\"logo\":{\"@type\":\"ImageObject\",\"inLanguage\":\"pt-PT\",\"@id\":\"https:\/\/rollingringdrives.com\/#\/schema\/logo\/image\/\",\"url\":\"https:\/\/rollingringdrives.com\/wp-content\/uploads\/2023\/05\/cropped-\u672a\u547d\u540d\u7684\u8bbe\u8ba1.png\",\"contentUrl\":\"https:\/\/rollingringdrives.com\/wp-content\/uploads\/2023\/05\/cropped-\u672a\u547d\u540d\u7684\u8bbe\u8ba1.png\",\"width\":300,\"height\":191,\"caption\":\"QiPang\"},\"image\":{\"@id\":\"https:\/\/rollingringdrives.com\/#\/schema\/logo\/image\/\"}}]}<\/script>\n<!-- \/ Yoast SEO Premium plugin. -->","yoast_head_json":{"title":"M\u00e1quina de fa\u00edsca de frequ\u00eancia de energia 25KV - QiPang","description":"Garanta uma produ\u00e7\u00e3o de alta qualidade com o Power Frequency Cable Spark Test - especializado, confi\u00e1vel e preciso. Atualize seu controle de qualidade de cabo hoje!","robots":{"index":"index","follow":"follow","max-snippet":"max-snippet:-1","max-image-preview":"max-image-preview:large","max-video-preview":"max-video-preview:-1"},"canonical":"https:\/\/rollingringdrives.com\/pt\/produtos\/25kv-power-frequency-cable-spark-test-machine\/","og_locale":"pt_PT","og_type":"article","og_title":"25KV Power\u00a0Frequency\u00a0Spark\u00a0Machine","og_description":"Ensure top-quality production with Power Frequency Cable Spark Test - specialized, reliable, and accurate. Upgrade your cable quality control today!","og_url":"https:\/\/rollingringdrives.com\/pt\/produtos\/25kv-power-frequency-cable-spark-test-machine\/","og_site_name":"QiPang","article_modified_time":"2024-05-13T09:17:57+00:00","og_image":[{"width":600,"height":600,"url":"https:\/\/rollingringdrives.com\/wp-content\/uploads\/2023\/05\/2-45.jpg","type":"image\/jpeg"}],"twitter_card":"summary_large_image","twitter_misc":{"Est. reading time":"2 minutos"},"schema":{"@context":"https:\/\/schema.org","@graph":[{"@type":"WebPage","@id":"https:\/\/rollingringdrives.com\/product\/25kv-power-frequency-cable-spark-test-machine\/","url":"https:\/\/rollingringdrives.com\/product\/25kv-power-frequency-cable-spark-test-machine\/","name":"M\u00e1quina de fa\u00edsca de frequ\u00eancia de energia 25KV - QiPang","isPartOf":{"@id":"https:\/\/rollingringdrives.com\/#website"},"primaryImageOfPage":{"@id":"https:\/\/rollingringdrives.com\/product\/25kv-power-frequency-cable-spark-test-machine\/#primaryimage"},"image":{"@id":"https:\/\/rollingringdrives.com\/product\/25kv-power-frequency-cable-spark-test-machine\/#primaryimage"},"thumbnailUrl":"https:\/\/rollingringdrives.com\/wp-content\/uploads\/2023\/05\/2-45.jpg","datePublished":"2023-05-27T07:20:55+00:00","dateModified":"2024-05-13T09:17:57+00:00","description":"Garanta uma produ\u00e7\u00e3o de alta qualidade com o Power Frequency Cable Spark Test - especializado, confi\u00e1vel e preciso. Atualize seu controle de qualidade de cabo hoje!","breadcrumb":{"@id":"https:\/\/rollingringdrives.com\/product\/25kv-power-frequency-cable-spark-test-machine\/#breadcrumb"},"inLanguage":"pt-PT","potentialAction":[{"@type":"ReadAction","target":["https:\/\/rollingringdrives.com\/product\/25kv-power-frequency-cable-spark-test-machine\/"]}]},{"@type":"ImageObject","inLanguage":"pt-PT","@id":"https:\/\/rollingringdrives.com\/product\/25kv-power-frequency-cable-spark-test-machine\/#primaryimage","url":"https:\/\/rollingringdrives.com\/wp-content\/uploads\/2023\/05\/2-45.jpg","contentUrl":"https:\/\/rollingringdrives.com\/wp-content\/uploads\/2023\/05\/2-45.jpg","width":600,"height":600,"caption":"Power Frequency Cable Spark Test Machine"},{"@type":"BreadcrumbList","@id":"https:\/\/rollingringdrives.com\/product\/25kv-power-frequency-cable-spark-test-machine\/#breadcrumb","itemListElement":[{"@type":"ListItem","position":1,"name":"Home","item":"https:\/\/rollingringdrives.com\/"},{"@type":"ListItem","position":2,"name":"Machines","item":"https:\/\/rollingringdrives.com\/machines\/"},{"@type":"ListItem","position":3,"name":"25KV Power\u00a0Frequency\u00a0Spark\u00a0Machine"}]},{"@type":"WebSite","@id":"https:\/\/rollingringdrives.com\/#website","url":"https:\/\/rollingringdrives.com\/","name":"QiPangName","description":"Blog QiPang","publisher":{"@id":"https:\/\/rollingringdrives.com\/#organization"},"potentialAction":[{"@type":"SearchAction","target":{"@type":"EntryPoint","urlTemplate":"https:\/\/rollingringdrives.com\/?s={search_term_string}"},"query-input":{"@type":"PropertyValueSpecification","valueRequired":true,"valueName":"search_term_string"}}],"inLanguage":"pt-PT"},{"@type":"Organization","@id":"https:\/\/rollingringdrives.com\/#organization","name":"QiPangName","url":"https:\/\/rollingringdrives.com\/","logo":{"@type":"ImageObject","inLanguage":"pt-PT","@id":"https:\/\/rollingringdrives.com\/#\/schema\/logo\/image\/","url":"https:\/\/rollingringdrives.com\/wp-content\/uploads\/2023\/05\/cropped-\u672a\u547d\u540d\u7684\u8bbe\u8ba1.png","contentUrl":"https:\/\/rollingringdrives.com\/wp-content\/uploads\/2023\/05\/cropped-\u672a\u547d\u540d\u7684\u8bbe\u8ba1.png","width":300,"height":191,"caption":"QiPang"},"image":{"@id":"https:\/\/rollingringdrives.com\/#\/schema\/logo\/image\/"}}]}},"_links":{"self":[{"href":"https:\/\/rollingringdrives.com\/pt\/wp-json\/wp\/v2\/product\/26655","targetHints":{"allow":["GET"]}}],"collection":[{"href":"https:\/\/rollingringdrives.com\/pt\/wp-json\/wp\/v2\/product"}],"about":[{"href":"https:\/\/rollingringdrives.com\/pt\/wp-json\/wp\/v2\/types\/product"}],"version-history":[{"count":0,"href":"https:\/\/rollingringdrives.com\/pt\/wp-json\/wp\/v2\/product\/26655\/revisions"}],"wp:featuredmedia":[{"embeddable":true,"href":"https:\/\/rollingringdrives.com\/pt\/wp-json\/wp\/v2\/media\/26638"}],"wp:attachment":[{"href":"https:\/\/rollingringdrives.com\/pt\/wp-json\/wp\/v2\/media?parent=26655"}],"wp:term":[{"taxonomy":"product_brand","embeddable":true,"href":"https:\/\/rollingringdrives.com\/pt\/wp-json\/wp\/v2\/product_brand?post=26655"},{"taxonomy":"product_cat","embeddable":true,"href":"https:\/\/rollingringdrives.com\/pt\/wp-json\/wp\/v2\/product_cat?post=26655"},{"taxonomy":"product_tag","embeddable":true,"href":"https:\/\/rollingringdrives.com\/pt\/wp-json\/wp\/v2\/product_tag?post=26655"}],"curies":[{"name":"wp","href":"https:\/\/api.w.org\/{rel}","templated":true}]}}