{"id":26789,"date":"2023-05-28T08:00:09","date_gmt":"2023-05-28T08:00:09","guid":{"rendered":"https:\/\/rollingringdrives.com\/?post_type=product&#038;p=26789"},"modified":"2023-05-28T08:00:11","modified_gmt":"2023-05-28T08:00:11","slug":"plastic-storage-wire-accumulator-wheel-model-100","status":"publish","type":"product","link":"https:\/\/rollingringdrives.com\/pt\/produtos\/acumulador-de-fio-de-arrumacao-de-plastico-modelo-100\/","title":{"rendered":"Roda acumuladora de fio de armazenamento de pl\u00e1stico modelo 100"},"content":{"rendered":"<p class=\"xsj_paragraph xsj_paragraph_level_0\" data-source-line=\"0\" data-source-line-display=\"true\">A Roda Acumuladora de Cabos \u00e9 um acess\u00f3rio indispens\u00e1vel utilizado em equipamentos de fabrica\u00e7\u00e3o de fios e cabos que facilita o aprisionamento e armazenamento de fios. Este produto est\u00e1 dispon\u00edvel em diferentes materiais, incluindo pl\u00e1stico e metal. O <strong>roda acumuladora de fio de armazenamento de pl\u00e1stico modelo 100<\/strong> \u00e9 um produto altamente dur\u00e1vel e resistente ao desgaste, ideal para linhas de produ\u00e7\u00e3o de extrus\u00e3o, m\u00e1quinas de armazenamento de arame e acumuladores de arame.<\/p>\n<p data-source-line=\"0\" data-source-line-display=\"true\"><\/p>\n<div class=\"xiaoshujiang_element xsj_anchor\"><a class=\"blank_anchor_name\" name=\"applications_1\"><\/a><a id=\"applications_1\" class=\"blank_anchor_id\"><\/a><a class=\"blank_anchor_name\" name=\"applications\"><\/a><a id=\"applications\" class=\"blank_anchor_id\"><\/a><\/div>\n<h2 id=\"applications_1\" class=\"xsj_heading_hash xsj_heading xsj_heading_h2\" data-source-line=\"2\" data-source-line-display=\"true\"><span class=\"xsj_heading_content\">Formul\u00e1rios:<\/span><\/h2>\n<p class=\"xsj_paragraph xsj_paragraph_level_0\" data-source-line=\"4\" data-source-line-display=\"true\">A roda acumuladora de fio de armazenamento de pl\u00e1stico modelo 100 pode ser usada em v\u00e1rios equipamentos de fabrica\u00e7\u00e3o de fios e cabos. As aplica\u00e7\u00f5es mais comuns incluem:<\/p>\n<ol class=\"markdown_ol\" data-source-line=\"6\">\n<li data-source-line=\"6\">\n<p class=\"xsj_paragraph xsj_paragraph_level_2\">Linhas de Produ\u00e7\u00e3o de Extrus\u00e3o: \u00c9 o acess\u00f3rio mais indicado para facilitar o manuseio e armazenamento de arames em linhas de produ\u00e7\u00e3o de extrus\u00e3o.<\/p>\n<\/li>\n<li data-source-line=\"8\">\n<p class=\"xsj_paragraph xsj_paragraph_level_2\">M\u00e1quinas de armazenamento de fio: Este produto pode ser usado em m\u00e1quinas de armazenamento de fio e acumuladores de fio para aumentar sua efici\u00eancia.<\/p>\n<\/li>\n<li data-source-line=\"10\">\n<p class=\"xsj_paragraph xsj_paragraph_level_2\">Equipamento para Fabrica\u00e7\u00e3o de Fios e Cabos: A Roda do Acumulador de Cabos \u00e9 um acess\u00f3rio essencial em equipamentos para fabrica\u00e7\u00e3o de fios e cabos.<\/p>\n<\/li>\n<\/ol>\n<div class=\"xiaoshujiang_element xsj_anchor\"><a class=\"blank_anchor_name\" name=\"characteristics_2\"><\/a><a id=\"characteristics_2\" class=\"blank_anchor_id\"><\/a><a class=\"blank_anchor_name\" name=\"characteristics\"><\/a><a id=\"characteristics\" class=\"blank_anchor_id\"><\/a><\/div>\n<h2 id=\"characteristics_2\" class=\"xsj_heading_hash xsj_heading xsj_heading_h2\" data-source-line=\"12\" data-source-line-display=\"true\"><span class=\"xsj_heading_content\">Caracter\u00edsticas:<\/span><\/h2>\n<p class=\"xsj_paragraph xsj_paragraph_level_0\" data-source-line=\"14\" data-source-line-display=\"true\">A roda acumuladora de fios de armazenamento de pl\u00e1stico modelo 100 possui caracter\u00edsticas espec\u00edficas que a tornam um excelente acess\u00f3rio para equipamentos de fabrica\u00e7\u00e3o de fios e cabos. Essas caracter\u00edsticas incluem:<\/p>\n<ol class=\"markdown_ol\" data-source-line=\"16\">\n<li data-source-line=\"16\">\n<p class=\"xsj_paragraph xsj_paragraph_level_2\">Baixo custo: A roda guia de pl\u00e1stico \u00e9 econ\u00f4mica, permitindo que os propriet\u00e1rios de equipamentos economizem em seus custos de investimento.<\/p>\n<\/li>\n<li data-source-line=\"18\">\n<p class=\"xsj_paragraph xsj_paragraph_level_2\">Resistente ao desgaste: A sele\u00e7\u00e3o de materiais pl\u00e1sticos de alta qualidade torna a roda resistente ao desgaste.<\/p>\n<\/li>\n<li data-source-line=\"20\">\n<p class=\"xsj_paragraph xsj_paragraph_level_2\">Leveza: O baixo peso do produto facilita a movimenta\u00e7\u00e3o e o transporte.<\/p>\n<\/li>\n<li data-source-line=\"22\">\n<p class=\"xsj_paragraph xsj_paragraph_level_2\">Alta flexibilidade: A roda do acumulador de cabos possui alta flexibilidade, permitindo suportar os altos requisitos de torque.<\/p>\n<\/li>\n<li data-source-line=\"24\">\n<p class=\"xsj_paragraph xsj_paragraph_level_2\">Dur\u00e1vel: A roda oferece uma vida \u00fatil prolongada devido \u00e0 sua resist\u00eancia e durabilidade excepcionais.<\/p>\n<\/li>\n<\/ol>\n<div class=\"xiaoshujiang_element xsj_anchor\"><a class=\"blank_anchor_name\" name=\"faqs_3\"><\/a><a id=\"faqs_3\" class=\"blank_anchor_id\"><\/a><a class=\"blank_anchor_name\" name=\"faqs\"><\/a><a id=\"faqs\" class=\"blank_anchor_id\"><\/a><\/div>\n<h2 id=\"faqs_3\" class=\"xsj_heading_hash xsj_heading xsj_heading_h2\" data-source-line=\"26\" data-source-line-display=\"true\"><span class=\"xsj_heading_content\">Perguntas frequentes:<\/span><\/h2>\n<div class=\"xiaoshujiang_element xsj_anchor\"><a class=\"blank_anchor_name\" name=\"120what20is20the20purpose20of20a20cable20accumulator20wheel_4\"><\/a><a id=\"120what20is20the20purpose20of20a20cable20accumulator20wheel_4\" class=\"blank_anchor_id\"><\/a><a class=\"blank_anchor_name\" name=\"1-what-is-the-purpose-of-a-cable-accumulator-wheel\"><\/a><a id=\"1-what-is-the-purpose-of-a-cable-accumulator-wheel\" class=\"blank_anchor_id\"><\/a><\/div>\n<h4 id=\"120what20is20the20purpose20of20a20cable20accumulator20wheel_4\" class=\"xsj_heading_hash xsj_heading xsj_heading_h4\" data-source-line=\"28\" data-source-line-display=\"true\"><span class=\"xsj_heading_content\">1) Para que serve uma Roda Acumuladora de Cabo?<\/span><\/h4>\n<p class=\"xsj_paragraph xsj_paragraph_level_0\" data-source-line=\"30\" data-source-line-display=\"true\">Resposta: A Roda Acumuladora de Cabos \u00e9 um acess\u00f3rio fundamental utilizado em equipamentos de fabrica\u00e7\u00e3o de fios e cabos que facilita o aprisionamento e armazenamento de fios.<\/p>\n<div class=\"xiaoshujiang_element xsj_anchor\"><a class=\"blank_anchor_name\" name=\"220what20materials20are20used20to20manufacture20storage20wire20wheels_5\"><\/a><a id=\"220what20materials20are20used20to20manufacture20storage20wire20wheels_5\" class=\"blank_anchor_id\"><\/a><a class=\"blank_anchor_name\" name=\"2-what-materials-are-used-to-manufacture-storage-wire-wheels\"><\/a><a id=\"2-what-materials-are-used-to-manufacture-storage-wire-wheels\" class=\"blank_anchor_id\"><\/a><\/div>\n<h4 id=\"220what20materials20are20used20to20manufacture20storage20wire20wheels_5\" class=\"xsj_heading_hash xsj_heading xsj_heading_h4\" data-source-line=\"32\" data-source-line-display=\"true\"><span class=\"xsj_heading_content\">2) Quais materiais s\u00e3o usados para fabricar rodas de arame de armazenamento?<\/span><\/h4>\n<p class=\"xsj_paragraph xsj_paragraph_level_0\" data-source-line=\"34\" data-source-line-display=\"true\">Resposta: As rodas de arame de armazenamento s\u00e3o feitas principalmente de materiais pl\u00e1sticos e met\u00e1licos.<\/p>\n<div class=\"xiaoshujiang_element xsj_anchor\"><a class=\"blank_anchor_name\" name=\"320what20are20the20unique20features20of20the20plastic20storage20wire20accumulator20wheel20model20100_6\"><\/a><a id=\"320what20are20the20unique20features20of20the20plastic20storage20wire20accumulator20wheel20model20100_6\" class=\"blank_anchor_id\"><\/a><a class=\"blank_anchor_name\" name=\"3-what-are-the-unique-features-of-the-plastic-storage-wire-accumulator-wheel-model-100\"><\/a><a id=\"3-what-are-the-unique-features-of-the-plastic-storage-wire-accumulator-wheel-model-100\" class=\"blank_anchor_id\"><\/a><\/div>\n<h4 id=\"320what20are20the20unique20features20of20the20plastic20storage20wire20accumulator20wheel20model20100_6\" class=\"xsj_heading_hash xsj_heading xsj_heading_h4\" data-source-line=\"36\" data-source-line-display=\"true\"><span class=\"xsj_heading_content\">3) Quais s\u00e3o as caracter\u00edsticas exclusivas da roda acumuladora de fio de armazenamento de pl\u00e1stico modelo 100?<\/span><\/h4>\n<p class=\"xsj_paragraph xsj_paragraph_level_0\" data-source-line=\"38\" data-source-line-display=\"true\">Resposta: As caracter\u00edsticas exclusivas do produto incluem material pl\u00e1stico de alta qualidade, leveza, durabilidade excepcional e apar\u00eancia esteticamente agrad\u00e1vel.<\/p>\n<div class=\"xiaoshujiang_element xsj_anchor\"><a class=\"blank_anchor_name\" name=\"420can20the20plastic20guiding20wheel20withstand20high-speed20equipment_7\"><\/a><a id=\"420can20the20plastic20guiding20wheel20withstand20high-speed20equipment_7\" class=\"blank_anchor_id\"><\/a><a class=\"blank_anchor_name\" name=\"4-can-the-plastic-guiding-wheel-withstand-high-speed-equipment\"><\/a><a id=\"4-can-the-plastic-guiding-wheel-withstand-high-speed-equipment\" class=\"blank_anchor_id\"><\/a><\/div>\n<h4 id=\"420can20the20plastic20guiding20wheel20withstand20high-speed20equipment_7\" class=\"xsj_heading_hash xsj_heading xsj_heading_h4\" data-source-line=\"40\" data-source-line-display=\"true\"><span class=\"xsj_heading_content\">4) A roda-guia de pl\u00e1stico suporta equipamentos de alta velocidade?<\/span><\/h4>\n<p class=\"xsj_paragraph xsj_paragraph_level_0\" data-source-line=\"42\" data-source-line-display=\"true\">Resposta: Sim, a roda acumuladora de fio de armazenamento de pl\u00e1stico modelo 100 \u00e9 projetada para suportar altas velocidades.<\/p>\n<div class=\"xiaoshujiang_element xsj_anchor\"><a class=\"blank_anchor_name\" name=\"520how20can20i20customize20the20bearing20specifications20for20the20plastic20storage20wire20accumulator20wheel20model20100_8\"><\/a><a id=\"520how20can20i20customize20the20bearing20specifications20for20the20plastic20storage20wire20accumulator20wheel20model20100_8\" class=\"blank_anchor_id\"><\/a><a class=\"blank_anchor_name\" name=\"5-how-can-i-customize-the-bearing-specifications-for-the-plastic-storage-wire-accumulator-wheel-model-100\"><\/a><a id=\"5-how-can-i-customize-the-bearing-specifications-for-the-plastic-storage-wire-accumulator-wheel-model-100\" class=\"blank_anchor_id\"><\/a><\/div>\n<h4 id=\"520how20can20i20customize20the20bearing20specifications20for20the20plastic20storage20wire20accumulator20wheel20model20100_8\" class=\"xsj_heading_hash xsj_heading xsj_heading_h4\" data-source-line=\"44\" data-source-line-display=\"true\"><span class=\"xsj_heading_content\">5) Como posso personalizar as especifica\u00e7\u00f5es do rolamento para a roda do acumulador de fio de armazenamento de pl\u00e1stico modelo 100?<\/span><\/h4>\n<p class=\"xsj_paragraph xsj_paragraph_level_0\" data-source-line=\"46\" data-source-line-display=\"true\">Resposta: Entre em contato com nossa equipe de atendimento ao cliente para personalizar as especifica\u00e7\u00f5es do rolamento de acordo com suas necessidades espec\u00edficas.<\/p>","protected":false},"excerpt":{"rendered":"<h2 id=\"features_1\" class=\"xsj_heading_hash xsj_heading xsj_heading_h2\" data-source-line=\"2\" data-source-line-display=\"true\"><span class=\"xsj_heading_content\">Caracter\u00edsticas:<\/span><\/h2>\n<p class=\"xsj_paragraph xsj_paragraph_level_0\" data-source-line=\"4\" data-source-line-display=\"true\">A roda acumuladora de fio de armazenamento de pl\u00e1stico modelo 100 possui muitos recursos que o tornam um acess\u00f3rio ideal para equipamentos de fabrica\u00e7\u00e3o de fios e cabos. Esses recursos incluem:<\/p>\n<ol class=\"markdown_ol\" data-source-line=\"6\">\n<li data-source-line=\"6\">Material pl\u00e1stico de alta qualidade: O material pl\u00e1stico usado para a roda cont\u00e9m propriedades exclusivas de resist\u00eancia ao desgaste.<\/li>\n<li data-source-line=\"7\">Design leve: esta roda \u00e9 leve e flex\u00edvel, facilitando o transporte.<\/li>\n<li data-source-line=\"8\">Durabilidade Excepcional: A roda guia de pl\u00e1stico proporciona uma longa vida \u00fatil resistente \u00e0 deforma\u00e7\u00e3o.<\/li>\n<li data-source-line=\"9\">Esteticamente agrad\u00e1vel: a roda do acumulador de cabos tem uma apar\u00eancia bonita e seu design n\u00e3o danifica cabos ou fios.<\/li>\n<li data-source-line=\"10\">Personalize outras especifica\u00e7\u00f5es de roda ou rolamento: Este produto pode ser personalizado para atender \u00e0s necessidades exclusivas de equipamentos espec\u00edficos, modificando as especifica\u00e7\u00f5es do rolamento.<\/li>\n<\/ol>","protected":false},"featured_media":26791,"template":"","meta":{"site-sidebar-layout":"default","site-content-layout":"default","ast-global-header-display":"","ast-banner-title-visibility":"","ast-main-header-display":"","ast-hfb-above-header-display":"","ast-hfb-below-header-display":"","ast-hfb-mobile-header-display":"","site-post-title":"","ast-breadcrumbs-content":"","ast-featured-img":"","footer-sml-layout":"","theme-transparent-header-meta":"default","adv-header-id-meta":"","stick-header-meta":"","header-above-stick-meta":"","header-main-stick-meta":"","header-below-stick-meta":""},"product_brand":[],"product_cat":[61],"product_tag":[],"class_list":{"0":"post-26789","1":"product","2":"type-product","3":"status-publish","4":"has-post-thumbnail","6":"product_cat-cable-accumulator-pulley","7":"desktop-align-left","8":"tablet-align-left","9":"mobile-align-left","11":"first","12":"instock","13":"shipping-taxable","14":"product-type-simple"},"yoast_head":"<!-- This site is optimized with the Yoast SEO Premium plugin v20.12 (Yoast SEO v26.0) - https:\/\/yoast.com\/wordpress\/plugins\/seo\/ -->\n<title>Plastic Storage Wire Accumulator Wheel Model 100 - QiPang<\/title>\n<meta name=\"robots\" content=\"index, follow, max-snippet:-1, max-image-preview:large, max-video-preview:-1\" \/>\n<link rel=\"canonical\" href=\"https:\/\/rollingringdrives.com\/pt\/produtos\/acumulador-de-fio-de-arrumacao-de-plastico-modelo-100\/\" \/>\n<meta property=\"og:locale\" content=\"pt_PT\" \/>\n<meta property=\"og:type\" content=\"article\" \/>\n<meta property=\"og:title\" content=\"Plastic Storage Wire Accumulator Wheel Model 100\" \/>\n<meta property=\"og:description\" content=\"Features: The plastic storage wire accumulator wheel model 100 has many features that make it an optimal accessory for wire and cable manufacturing equipment. These features include:    High-Quality Plastic Material: The plastic material used for the wheel contains unique wear-resistant properties.  Light-weighted design: This wheel is lightweight and flexible, making it easy to carry.  Exceptional Durability: The plastic guiding wheel provides a long-lasting service life resistant to deformation.  Aesthetically Pleasing: The cable accumulator wheel has a beautiful appearance, and its design does not damage cables or wires.  Customize other wheel or bearing specifications: This product can be customized to meet the unique needs of specific equipment by modifying the bearing specifications.\" \/>\n<meta property=\"og:url\" content=\"https:\/\/rollingringdrives.com\/pt\/produtos\/acumulador-de-fio-de-arrumacao-de-plastico-modelo-100\/\" \/>\n<meta property=\"og:site_name\" content=\"QiPang\" \/>\n<meta property=\"article:modified_time\" content=\"2023-05-28T08:00:11+00:00\" \/>\n<meta property=\"og:image\" content=\"https:\/\/rollingringdrives.com\/wp-content\/uploads\/2023\/05\/\u4e3b\u56fe-1-12.jpg\" \/>\n\t<meta property=\"og:image:width\" content=\"600\" \/>\n\t<meta property=\"og:image:height\" content=\"600\" \/>\n\t<meta property=\"og:image:type\" content=\"image\/jpeg\" \/>\n<meta name=\"twitter:card\" content=\"summary_large_image\" \/>\n<meta name=\"twitter:label1\" content=\"Est. reading time\" \/>\n\t<meta name=\"twitter:data1\" content=\"2 minutos\" \/>\n<script type=\"application\/ld+json\" class=\"yoast-schema-graph\">{\"@context\":\"https:\/\/schema.org\",\"@graph\":[{\"@type\":\"WebPage\",\"@id\":\"https:\/\/rollingringdrives.com\/product\/plastic-storage-wire-accumulator-wheel-model-100\/\",\"url\":\"https:\/\/rollingringdrives.com\/product\/plastic-storage-wire-accumulator-wheel-model-100\/\",\"name\":\"Plastic Storage Wire Accumulator Wheel Model 100 - QiPang\",\"isPartOf\":{\"@id\":\"https:\/\/rollingringdrives.com\/#website\"},\"primaryImageOfPage\":{\"@id\":\"https:\/\/rollingringdrives.com\/product\/plastic-storage-wire-accumulator-wheel-model-100\/#primaryimage\"},\"image\":{\"@id\":\"https:\/\/rollingringdrives.com\/product\/plastic-storage-wire-accumulator-wheel-model-100\/#primaryimage\"},\"thumbnailUrl\":\"https:\/\/rollingringdrives.com\/wp-content\/uploads\/2023\/05\/\u4e3b\u56fe-1-12.jpg\",\"datePublished\":\"2023-05-28T08:00:09+00:00\",\"dateModified\":\"2023-05-28T08:00:11+00:00\",\"breadcrumb\":{\"@id\":\"https:\/\/rollingringdrives.com\/product\/plastic-storage-wire-accumulator-wheel-model-100\/#breadcrumb\"},\"inLanguage\":\"pt-PT\",\"potentialAction\":[{\"@type\":\"ReadAction\",\"target\":[\"https:\/\/rollingringdrives.com\/product\/plastic-storage-wire-accumulator-wheel-model-100\/\"]}]},{\"@type\":\"ImageObject\",\"inLanguage\":\"pt-PT\",\"@id\":\"https:\/\/rollingringdrives.com\/product\/plastic-storage-wire-accumulator-wheel-model-100\/#primaryimage\",\"url\":\"https:\/\/rollingringdrives.com\/wp-content\/uploads\/2023\/05\/\u4e3b\u56fe-1-12.jpg\",\"contentUrl\":\"https:\/\/rollingringdrives.com\/wp-content\/uploads\/2023\/05\/\u4e3b\u56fe-1-12.jpg\",\"width\":600,\"height\":600,\"caption\":\"Plastic Storage Wire Accumulator Wheel Model 100\"},{\"@type\":\"BreadcrumbList\",\"@id\":\"https:\/\/rollingringdrives.com\/product\/plastic-storage-wire-accumulator-wheel-model-100\/#breadcrumb\",\"itemListElement\":[{\"@type\":\"ListItem\",\"position\":1,\"name\":\"Home\",\"item\":\"https:\/\/rollingringdrives.com\/\"},{\"@type\":\"ListItem\",\"position\":2,\"name\":\"Machines\",\"item\":\"https:\/\/rollingringdrives.com\/machines\/\"},{\"@type\":\"ListItem\",\"position\":3,\"name\":\"Plastic Storage Wire Accumulator Wheel Model 100\"}]},{\"@type\":\"WebSite\",\"@id\":\"https:\/\/rollingringdrives.com\/#website\",\"url\":\"https:\/\/rollingringdrives.com\/\",\"name\":\"QiPang\",\"description\":\"QiPang Blog\",\"publisher\":{\"@id\":\"https:\/\/rollingringdrives.com\/#organization\"},\"potentialAction\":[{\"@type\":\"SearchAction\",\"target\":{\"@type\":\"EntryPoint\",\"urlTemplate\":\"https:\/\/rollingringdrives.com\/?s={search_term_string}\"},\"query-input\":{\"@type\":\"PropertyValueSpecification\",\"valueRequired\":true,\"valueName\":\"search_term_string\"}}],\"inLanguage\":\"pt-PT\"},{\"@type\":\"Organization\",\"@id\":\"https:\/\/rollingringdrives.com\/#organization\",\"name\":\"QiPang\",\"url\":\"https:\/\/rollingringdrives.com\/\",\"logo\":{\"@type\":\"ImageObject\",\"inLanguage\":\"pt-PT\",\"@id\":\"https:\/\/rollingringdrives.com\/#\/schema\/logo\/image\/\",\"url\":\"https:\/\/rollingringdrives.com\/wp-content\/uploads\/2023\/05\/cropped-\u672a\u547d\u540d\u7684\u8bbe\u8ba1.png\",\"contentUrl\":\"https:\/\/rollingringdrives.com\/wp-content\/uploads\/2023\/05\/cropped-\u672a\u547d\u540d\u7684\u8bbe\u8ba1.png\",\"width\":300,\"height\":191,\"caption\":\"QiPang\"},\"image\":{\"@id\":\"https:\/\/rollingringdrives.com\/#\/schema\/logo\/image\/\"}}]}<\/script>\n<!-- \/ Yoast SEO Premium plugin. -->","yoast_head_json":{"title":"Roda acumuladora de fio de armazenamento de pl\u00e1stico modelo 100 - QiPang","robots":{"index":"index","follow":"follow","max-snippet":"max-snippet:-1","max-image-preview":"max-image-preview:large","max-video-preview":"max-video-preview:-1"},"canonical":"https:\/\/rollingringdrives.com\/pt\/produtos\/acumulador-de-fio-de-arrumacao-de-plastico-modelo-100\/","og_locale":"pt_PT","og_type":"article","og_title":"Plastic Storage Wire Accumulator Wheel Model 100","og_description":"Features: The plastic storage wire accumulator wheel model 100 has many features that make it an optimal accessory for wire and cable manufacturing equipment. These features include:    High-Quality Plastic Material: The plastic material used for the wheel contains unique wear-resistant properties.  Light-weighted design: This wheel is lightweight and flexible, making it easy to carry.  Exceptional Durability: The plastic guiding wheel provides a long-lasting service life resistant to deformation.  Aesthetically Pleasing: The cable accumulator wheel has a beautiful appearance, and its design does not damage cables or wires.  Customize other wheel or bearing specifications: This product can be customized to meet the unique needs of specific equipment by modifying the bearing specifications.","og_url":"https:\/\/rollingringdrives.com\/pt\/produtos\/acumulador-de-fio-de-arrumacao-de-plastico-modelo-100\/","og_site_name":"QiPang","article_modified_time":"2023-05-28T08:00:11+00:00","og_image":[{"width":600,"height":600,"url":"https:\/\/rollingringdrives.com\/wp-content\/uploads\/2023\/05\/\u4e3b\u56fe-1-12.jpg","type":"image\/jpeg"}],"twitter_card":"summary_large_image","twitter_misc":{"Est. reading time":"2 minutos"},"schema":{"@context":"https:\/\/schema.org","@graph":[{"@type":"WebPage","@id":"https:\/\/rollingringdrives.com\/product\/plastic-storage-wire-accumulator-wheel-model-100\/","url":"https:\/\/rollingringdrives.com\/product\/plastic-storage-wire-accumulator-wheel-model-100\/","name":"Roda acumuladora de fio de armazenamento de pl\u00e1stico modelo 100 - QiPang","isPartOf":{"@id":"https:\/\/rollingringdrives.com\/#website"},"primaryImageOfPage":{"@id":"https:\/\/rollingringdrives.com\/product\/plastic-storage-wire-accumulator-wheel-model-100\/#primaryimage"},"image":{"@id":"https:\/\/rollingringdrives.com\/product\/plastic-storage-wire-accumulator-wheel-model-100\/#primaryimage"},"thumbnailUrl":"https:\/\/rollingringdrives.com\/wp-content\/uploads\/2023\/05\/\u4e3b\u56fe-1-12.jpg","datePublished":"2023-05-28T08:00:09+00:00","dateModified":"2023-05-28T08:00:11+00:00","breadcrumb":{"@id":"https:\/\/rollingringdrives.com\/product\/plastic-storage-wire-accumulator-wheel-model-100\/#breadcrumb"},"inLanguage":"pt-PT","potentialAction":[{"@type":"ReadAction","target":["https:\/\/rollingringdrives.com\/product\/plastic-storage-wire-accumulator-wheel-model-100\/"]}]},{"@type":"ImageObject","inLanguage":"pt-PT","@id":"https:\/\/rollingringdrives.com\/product\/plastic-storage-wire-accumulator-wheel-model-100\/#primaryimage","url":"https:\/\/rollingringdrives.com\/wp-content\/uploads\/2023\/05\/\u4e3b\u56fe-1-12.jpg","contentUrl":"https:\/\/rollingringdrives.com\/wp-content\/uploads\/2023\/05\/\u4e3b\u56fe-1-12.jpg","width":600,"height":600,"caption":"Plastic Storage Wire Accumulator Wheel Model 100"},{"@type":"BreadcrumbList","@id":"https:\/\/rollingringdrives.com\/product\/plastic-storage-wire-accumulator-wheel-model-100\/#breadcrumb","itemListElement":[{"@type":"ListItem","position":1,"name":"Home","item":"https:\/\/rollingringdrives.com\/"},{"@type":"ListItem","position":2,"name":"Machines","item":"https:\/\/rollingringdrives.com\/machines\/"},{"@type":"ListItem","position":3,"name":"Plastic Storage Wire Accumulator Wheel Model 100"}]},{"@type":"WebSite","@id":"https:\/\/rollingringdrives.com\/#website","url":"https:\/\/rollingringdrives.com\/","name":"QiPangName","description":"Blog QiPang","publisher":{"@id":"https:\/\/rollingringdrives.com\/#organization"},"potentialAction":[{"@type":"SearchAction","target":{"@type":"EntryPoint","urlTemplate":"https:\/\/rollingringdrives.com\/?s={search_term_string}"},"query-input":{"@type":"PropertyValueSpecification","valueRequired":true,"valueName":"search_term_string"}}],"inLanguage":"pt-PT"},{"@type":"Organization","@id":"https:\/\/rollingringdrives.com\/#organization","name":"QiPangName","url":"https:\/\/rollingringdrives.com\/","logo":{"@type":"ImageObject","inLanguage":"pt-PT","@id":"https:\/\/rollingringdrives.com\/#\/schema\/logo\/image\/","url":"https:\/\/rollingringdrives.com\/wp-content\/uploads\/2023\/05\/cropped-\u672a\u547d\u540d\u7684\u8bbe\u8ba1.png","contentUrl":"https:\/\/rollingringdrives.com\/wp-content\/uploads\/2023\/05\/cropped-\u672a\u547d\u540d\u7684\u8bbe\u8ba1.png","width":300,"height":191,"caption":"QiPang"},"image":{"@id":"https:\/\/rollingringdrives.com\/#\/schema\/logo\/image\/"}}]}},"_links":{"self":[{"href":"https:\/\/rollingringdrives.com\/pt\/wp-json\/wp\/v2\/product\/26789","targetHints":{"allow":["GET"]}}],"collection":[{"href":"https:\/\/rollingringdrives.com\/pt\/wp-json\/wp\/v2\/product"}],"about":[{"href":"https:\/\/rollingringdrives.com\/pt\/wp-json\/wp\/v2\/types\/product"}],"version-history":[{"count":0,"href":"https:\/\/rollingringdrives.com\/pt\/wp-json\/wp\/v2\/product\/26789\/revisions"}],"wp:featuredmedia":[{"embeddable":true,"href":"https:\/\/rollingringdrives.com\/pt\/wp-json\/wp\/v2\/media\/26791"}],"wp:attachment":[{"href":"https:\/\/rollingringdrives.com\/pt\/wp-json\/wp\/v2\/media?parent=26789"}],"wp:term":[{"taxonomy":"product_brand","embeddable":true,"href":"https:\/\/rollingringdrives.com\/pt\/wp-json\/wp\/v2\/product_brand?post=26789"},{"taxonomy":"product_cat","embeddable":true,"href":"https:\/\/rollingringdrives.com\/pt\/wp-json\/wp\/v2\/product_cat?post=26789"},{"taxonomy":"product_tag","embeddable":true,"href":"https:\/\/rollingringdrives.com\/pt\/wp-json\/wp\/v2\/product_tag?post=26789"}],"curies":[{"name":"wp","href":"https:\/\/api.w.org\/{rel}","templated":true}]}}